{"id":6640,"date":"2025-04-29T06:29:12","date_gmt":"2025-04-29T06:29:12","guid":{"rendered":"https:\/\/vapingnet.de\/?post_type=product&#038;p=6640"},"modified":"2026-04-15T09:13:23","modified_gmt":"2026-04-15T09:13:23","slug":"mango-ice-in-waspe-12000-puffs-fruchtig-kuehl-und-zollfrei-direkt-zu-ihnen-nach-hause","status":"publish","type":"product","link":"https:\/\/vapingnet.de\/pl\/vape\/mango-ice-in-waspe-12000-puffs-fruchtig-kuehl-und-zollfrei-direkt-zu-ihnen-nach-hause\/","title":{"rendered":"Mango Ice w WASPE 12000 Puffs Owocowe, Orze\u017awiaj\u0105ce i Bez C\u0142a Bezpo\u015brednio do Twojego domu"},"content":{"rendered":"<h2 data-start=\"0\" data-end=\"62\" data-immersive-translate-walked=\"b612e52e-aa8f-42dd-bb25-a56b1124fc9e\">WASPE 12000 Puffs \u2013 Wydajny jednorazowy e-papieros<\/h2>\n<p class=\"\" data-start=\"64\" data-end=\"399\" data-immersive-translate-walked=\"b612e52e-aa8f-42dd-bb25-a56b1124fc9e\" data-immersive-translate-paragraph=\"1\">WASPE 12000 Puffs to idealny wyb\u00f3r dla palaczy, kt\u00f3rzy szukaj\u0105 zar\u00f3wno wysokiej wydajno\u015bci, jak i unikalnych dozna\u0144 smakowych. Dzi\u0119ki imponuj\u0105cej trwa\u0142o\u015bci, smakowi Mango Ice i praktycznym funkcjom, ten jednorazowy e-papieros oferuje wszystko, czego potrzebujesz, aby poprawi\u0107 swoje do\u015bwiadczenia vapingowe.<\/p>\n<h4 data-start=\"401\" data-end=\"446\" data-immersive-translate-walked=\"b612e52e-aa8f-42dd-bb25-a56b1124fc9e\">Doskona\u0142a r\u00f3\u017cnorodno\u015b\u0107 smak\u00f3w \u2013 Mango Ice<\/h4>\n<p class=\"\" data-start=\"448\" data-end=\"760\" data-immersive-translate-walked=\"b612e52e-aa8f-42dd-bb25-a56b1124fc9e\" data-immersive-translate-paragraph=\"1\">Po\u0142\u0105czenie smaku Mango Ice zapewnia orze\u017awiaj\u0105ce i tropikalne doznania vapingowe. S\u0142odki smak mango uzupe\u0142nia ch\u0142odna nuta lodowa, kt\u00f3ra zapewnia przyjemne uczucie \u015bwie\u017co\u015bci. Ta mieszanka sprawia, \u017ce ka\u017cde vapowanie jest wyj\u0105tkowym prze\u017cyciem, kt\u00f3rego nie mo\u017cna przegapi\u0107.<\/p>\n<h4 data-start=\"762\" data-end=\"808\" data-immersive-translate-walked=\"b612e52e-aa8f-42dd-bb25-a56b1124fc9e\">Trwa\u0142y i niezawodny \u2013 12000 puf\u00f3w<\/h4>\n<p class=\"\" data-start=\"810\" data-end=\"1177\" data-immersive-translate-walked=\"b612e52e-aa8f-42dd-bb25-a56b1124fc9e\" data-immersive-translate-paragraph=\"1\">Dzi\u0119ki WASPE 12000 Puffs nie musisz si\u0119 martwi\u0107 o cz\u0119ste nape\u0142nianie lub \u0142adowanie. Urz\u0105dzenie zawiera 20 ml e-liquidu i oferuje 12000 puf\u00f3w. Dzi\u0119ki akumulatorowi 650mAh i funkcji \u0142adowania Type-C, urz\u0105dzenie \u0142aduje si\u0119 szybko i gwarantuje d\u0142ugie u\u017cytkowanie. To idealny towarzysz na d\u0142ugie sesje vapingowe bez przerw.<\/p>\n<h4 data-start=\"1179\" data-end=\"1224\" data-immersive-translate-walked=\"b612e52e-aa8f-42dd-bb25-a56b1124fc9e\">Prosta obs\u0142uga \u2013 aktywacja pufem<\/h4>\n<p class=\"\" data-start=\"1226\" data-end=\"1489\" data-immersive-translate-walked=\"b612e52e-aa8f-42dd-bb25-a56b1124fc9e\" data-immersive-translate-paragraph=\"1\">Dzi\u0119ki aktywacji pufem vapowanie z WASPE 12000 Puffs jest niezwykle proste. Wystarczy poci\u0105gn\u0105\u0107 z ustnika, aby aktywowa\u0107 urz\u0105dzenie \u2013 brak przycisk\u00f3w, brak skomplikowanych ustawie\u0144. To sprawia, \u017ce vapowanie jest szczeg\u00f3lnie \u0142atwe i szybkie.<\/p>\n<h4 data-start=\"1491\" data-end=\"1532\" data-immersive-translate-walked=\"b612e52e-aa8f-42dd-bb25-a56b1124fc9e\">Pod\u015bwietlenie RGB \u2013 stylowy wygl\u0105d<\/h4>\n<p class=\"\" data-start=\"1534\" data-end=\"1833\" data-immersive-translate-walked=\"b612e52e-aa8f-42dd-bb25-a56b1124fc9e\" data-immersive-translate-paragraph=\"1\">WASPE 12000 Puffs jest nie tylko wydajny, ale tak\u017ce estetyczny. Wbudowane pod\u015bwietlenie RGB zapewnia efektown\u0105 wizualn\u0105 akcentacj\u0119 przy ka\u017cdym pufie. Kolorowe \u015bwiat\u0142a nadaj\u0105 urz\u0105dzeniu nowoczesny i stylowy wygl\u0105d, wyr\u00f3\u017cniaj\u0105c je spo\u015br\u00f3d innych e-papieros\u00f3w.<\/p>\n<h3>Wa\u017cne dane techniczne<\/h3>\n<ul data-start=\"1872\" data-end=\"2151\" data-immersive-translate-walked=\"b612e52e-aa8f-42dd-bb25-a56b1124fc9e\">\n<li class=\"\" data-start=\"1872\" data-end=\"1912\" data-immersive-translate-walked=\"b612e52e-aa8f-42dd-bb25-a56b1124fc9e\">\n<p class=\"\" data-start=\"1874\" data-end=\"1912\" data-immersive-translate-walked=\"b612e52e-aa8f-42dd-bb25-a56b1124fc9e\" data-immersive-translate-paragraph=\"1\">Opcje nikotyny: 0% \/ 2% \/ 3% \/ 5%<\/p>\n<\/li>\n<li class=\"\" data-start=\"1913\" data-end=\"1944\" data-immersive-translate-walked=\"b612e52e-aa8f-42dd-bb25-a56b1124fc9e\">\n<p class=\"\" data-start=\"1915\" data-end=\"1944\" data-immersive-translate-walked=\"b612e52e-aa8f-42dd-bb25-a56b1124fc9e\" data-immersive-translate-paragraph=\"1\">Pojemno\u015b\u0107 e-liquidu: 20 ml<\/p>\n<\/li>\n<li class=\"\" data-start=\"1945\" data-end=\"1962\" data-immersive-translate-walked=\"b612e52e-aa8f-42dd-bb25-a56b1124fc9e\">\n<p class=\"\" data-start=\"1947\" data-end=\"1962\" data-immersive-translate-walked=\"b612e52e-aa8f-42dd-bb25-a56b1124fc9e\" data-immersive-translate-paragraph=\"1\">Pufy: 12000<\/p>\n<\/li>\n<li class=\"\" data-start=\"1963\" data-end=\"1981\" data-immersive-translate-walked=\"b612e52e-aa8f-42dd-bb25-a56b1124fc9e\">\n<p class=\"\" data-start=\"1965\" data-end=\"1981\" data-immersive-translate-walked=\"b612e52e-aa8f-42dd-bb25-a56b1124fc9e\" data-immersive-translate-paragraph=\"1\">Akumulator: 650mAh<\/p>\n<\/li>\n<li class=\"\" data-start=\"1982\" data-end=\"2009\" data-immersive-translate-walked=\"b612e52e-aa8f-42dd-bb25-a56b1124fc9e\">\n<p class=\"\" data-start=\"1984\" data-end=\"2009\" data-immersive-translate-walked=\"b612e52e-aa8f-42dd-bb25-a56b1124fc9e\" data-immersive-translate-paragraph=\"1\">Port \u0142adowania: Type-C<\/p>\n<\/li>\n<li class=\"\" data-start=\"2010\" data-end=\"2045\" data-immersive-translate-walked=\"b612e52e-aa8f-42dd-bb25-a56b1124fc9e\">\n<p class=\"\" data-start=\"2012\" data-end=\"2045\" data-immersive-translate-walked=\"b612e52e-aa8f-42dd-bb25-a56b1124fc9e\" data-immersive-translate-paragraph=\"1\">Op\u00f3r: 0,8 Ohm Mesh Coil<\/p>\n<\/li>\n<li class=\"\" data-start=\"2046\" data-end=\"2088\" data-immersive-translate-walked=\"b612e52e-aa8f-42dd-bb25-a56b1124fc9e\">\n<p class=\"\" data-start=\"2048\" data-end=\"2088\" data-immersive-translate-walked=\"b612e52e-aa8f-42dd-bb25-a56b1124fc9e\" data-immersive-translate-paragraph=\"1\">Op\u00f3r grza\u0142ki: Mesh Core 1.0\u03a9<\/p>\n<\/li>\n<li class=\"\" data-start=\"2089\" data-end=\"2124\" data-immersive-translate-walked=\"b612e52e-aa8f-42dd-bb25-a56b1124fc9e\">\n<p class=\"\" data-start=\"2091\" data-end=\"2124\" data-immersive-translate-walked=\"b612e52e-aa8f-42dd-bb25-a56b1124fc9e\" data-immersive-translate-paragraph=\"1\">Waga produktu: 82g za sztuk\u0119<\/p>\n<\/li>\n<li class=\"\" data-start=\"2125\" data-end=\"2151\" data-immersive-translate-walked=\"b612e52e-aa8f-42dd-bb25-a56b1124fc9e\">\n<p class=\"\" data-start=\"2127\" data-end=\"2151\" data-immersive-translate-walked=\"b612e52e-aa8f-42dd-bb25-a56b1124fc9e\" data-immersive-translate-paragraph=\"1\">Smak: Mango Ice<\/p>\n<\/li>\n<\/ul>\n<h4 data-start=\"2153\" data-end=\"2186\" data-immersive-translate-walked=\"b612e52e-aa8f-42dd-bb25-a56b1124fc9e\">Zalety przy vapingnet.de<\/h4>\n<p class=\"\" data-start=\"2188\" data-end=\"2540\" data-immersive-translate-walked=\"b612e52e-aa8f-42dd-bb25-a56b1124fc9e\" data-immersive-translate-paragraph=\"1\">Zakup WASPE 12000 Puffs na vapingnet.de oferuje wiele korzy\u015bci. Nale\u017cy do nich bezc\u0142owa dostawa, co oznacza, \u017ce nie ponosisz dodatkowych op\u0142at za wysy\u0142k\u0119 mi\u0119dzynarodow\u0105. Czas dostawy wynosi tylko 7-15 dni roboczych, dzi\u0119ki czemu mo\u017cesz szybko i bezproblemowo cieszy\u0107 si\u0119 swoj\u0105 now\u0105 e-papieros\u0105.<\/p>\n<p class=\"\" data-start=\"2542\" data-end=\"2804\" data-immersive-translate-walked=\"b612e52e-aa8f-42dd-bb25-a56b1124fc9e\" data-immersive-translate-paragraph=\"1\">Do\u015bwiadcz z WASPE 12000 Puffs nowego wymiaru vapingu \u2013 delektuj si\u0119 \u015bwie\u017cym smakiem Mango Ice, d\u0142ug\u0105 \u017cywotno\u015bci\u0105 i prost\u0105 obs\u0142ug\u0105, wszystko w nowoczesnym designie. Zam\u00f3w ju\u017c dzi\u015b na vapingnet.de!<\/p>","protected":false},"excerpt":{"rendered":"<p>WASPE 12000 Puffs \u2013 Die leistungsstarke Einweg-E-Zigarette Die WASPE 12000 Puffs ist die ideale Wahl f\u00fcr Dampfer, die sowohl eine hohe Leistung als auch ein&#8230;<\/p>","protected":false},"featured_media":6606,"template":"","meta":[],"etheme_brands":[],"product_brand":[98],"product_cat":[88,49,61],"product_tag":[],"class_list":{"0":"post-6640","1":"product","2":"type-product","3":"status-publish","4":"has-post-thumbnail","6":"product_brand-waspe-vape","7":"product_cat-12k-vape","8":"product_cat-einweg-e-zigarette","9":"product_cat-f","11":"first","12":"instock","13":"shipping-taxable","14":"purchasable","15":"product-type-variable"},"yoast_head":"<!-- This site is optimized with the Yoast SEO plugin v26.5 - https:\/\/yoast.com\/wordpress\/plugins\/seo\/ -->\n<title>Mango Ice In WASPE 12000 Puffs Fruchtig K\u00fchl Und Zollfrei Direkt Zu Ihnen Nach Hause | Vapingnet.de<\/title>\n<meta name=\"description\" content=\"Entdecke Mango Ice In WASPE 12000 Puffs Fruchtig K\u00fchl Und Zollfrei Direkt Zu Ihnen Nach Hause bei vapingnet.de, \u25ba Gro\u00dfe Auswahl an Geschmacksrichtungen &amp; super g\u00fcnstig!\" \/>\n<meta name=\"robots\" content=\"index, follow, max-snippet:-1, max-image-preview:large, max-video-preview:-1\" \/>\n<link rel=\"canonical\" href=\"https:\/\/vapingnet.de\/pl\/vape\/mango-ice-in-waspe-12000-puffs-fruchtig-kuehl-und-zollfrei-direkt-zu-ihnen-nach-hause\/\" \/>\n<meta property=\"og:locale\" content=\"pl_PL\" \/>\n<meta property=\"og:type\" content=\"article\" \/>\n<meta property=\"og:title\" content=\"Mango Ice In WASPE 12000 Puffs Fruchtig K\u00fchl Und Zollfrei Direkt Zu Ihnen Nach Hause | Vapingnet.de\" \/>\n<meta property=\"og:description\" content=\"Entdecke Mango Ice In WASPE 12000 Puffs Fruchtig K\u00fchl Und Zollfrei Direkt Zu Ihnen Nach Hause bei vapingnet.de, \u25ba Gro\u00dfe Auswahl an Geschmacksrichtungen &amp; super g\u00fcnstig!\" \/>\n<meta property=\"og:url\" content=\"https:\/\/vapingnet.de\/pl\/vape\/mango-ice-in-waspe-12000-puffs-fruchtig-kuehl-und-zollfrei-direkt-zu-ihnen-nach-hause\/\" \/>\n<meta property=\"og:site_name\" content=\"Vapingnet.de\" \/>\n<meta property=\"article:publisher\" content=\"https:\/\/www.facebook.com\/vapingnetde\/\" \/>\n<meta property=\"article:modified_time\" content=\"2026-04-15T09:13:23+00:00\" \/>\n<meta property=\"og:image\" content=\"https:\/\/vapingnet.de\/wp-content\/uploads\/2025\/04\/Mango-Ice.webp\" \/>\n\t<meta property=\"og:image:width\" content=\"1000\" \/>\n\t<meta property=\"og:image:height\" content=\"1000\" \/>\n\t<meta property=\"og:image:type\" content=\"image\/webp\" \/>\n<meta name=\"twitter:card\" content=\"summary_large_image\" \/>\n<meta name=\"twitter:label1\" content=\"Est. reading time\" \/>\n\t<meta name=\"twitter:data1\" content=\"3 minutes\" \/>\n<script type=\"application\/ld+json\" class=\"yoast-schema-graph\">{\"@context\":\"https:\/\/schema.org\",\"@graph\":[{\"@type\":\"WebPage\",\"@id\":\"https:\/\/vapingnet.de\/vape\/mango-ice-in-waspe-12000-puffs-fruchtig-kuehl-und-zollfrei-direkt-zu-ihnen-nach-hause\/\",\"url\":\"https:\/\/vapingnet.de\/vape\/mango-ice-in-waspe-12000-puffs-fruchtig-kuehl-und-zollfrei-direkt-zu-ihnen-nach-hause\/\",\"name\":\"Mango Ice In WASPE 12000 Puffs Fruchtig K\u00fchl Und Zollfrei Direkt Zu Ihnen Nach Hause | Vapingnet.de\",\"isPartOf\":{\"@id\":\"https:\/\/vapingnet.de\/#website\"},\"primaryImageOfPage\":{\"@id\":\"https:\/\/vapingnet.de\/vape\/mango-ice-in-waspe-12000-puffs-fruchtig-kuehl-und-zollfrei-direkt-zu-ihnen-nach-hause\/#primaryimage\"},\"image\":{\"@id\":\"https:\/\/vapingnet.de\/vape\/mango-ice-in-waspe-12000-puffs-fruchtig-kuehl-und-zollfrei-direkt-zu-ihnen-nach-hause\/#primaryimage\"},\"thumbnailUrl\":\"https:\/\/vapingnet.de\/wp-content\/uploads\/2025\/04\/Mango-Ice.webp\",\"datePublished\":\"2025-04-29T06:29:12+00:00\",\"dateModified\":\"2026-04-15T09:13:23+00:00\",\"description\":\"Entdecke Mango Ice In WASPE 12000 Puffs Fruchtig K\u00fchl Und Zollfrei Direkt Zu Ihnen Nach Hause bei vapingnet.de, \u25ba Gro\u00dfe Auswahl an Geschmacksrichtungen & super g\u00fcnstig!\",\"breadcrumb\":{\"@id\":\"https:\/\/vapingnet.de\/vape\/mango-ice-in-waspe-12000-puffs-fruchtig-kuehl-und-zollfrei-direkt-zu-ihnen-nach-hause\/#breadcrumb\"},\"inLanguage\":\"pl-PL\",\"potentialAction\":[{\"@type\":\"ReadAction\",\"target\":[\"https:\/\/vapingnet.de\/vape\/mango-ice-in-waspe-12000-puffs-fruchtig-kuehl-und-zollfrei-direkt-zu-ihnen-nach-hause\/\"]}]},{\"@type\":\"ImageObject\",\"inLanguage\":\"pl-PL\",\"@id\":\"https:\/\/vapingnet.de\/vape\/mango-ice-in-waspe-12000-puffs-fruchtig-kuehl-und-zollfrei-direkt-zu-ihnen-nach-hause\/#primaryimage\",\"url\":\"https:\/\/vapingnet.de\/wp-content\/uploads\/2025\/04\/Mango-Ice.webp\",\"contentUrl\":\"https:\/\/vapingnet.de\/wp-content\/uploads\/2025\/04\/Mango-Ice.webp\",\"width\":1000,\"height\":1000},{\"@type\":\"BreadcrumbList\",\"@id\":\"https:\/\/vapingnet.de\/vape\/mango-ice-in-waspe-12000-puffs-fruchtig-kuehl-und-zollfrei-direkt-zu-ihnen-nach-hause\/#breadcrumb\",\"itemListElement\":[{\"@type\":\"ListItem\",\"position\":1,\"name\":\"Home\",\"item\":\"https:\/\/vapingnet.de\/\"},{\"@type\":\"ListItem\",\"position\":2,\"name\":\"Shop\",\"item\":\"https:\/\/vapingnet.de\/vape\/\"},{\"@type\":\"ListItem\",\"position\":3,\"name\":\"Mango Ice In WASPE 12000 Puffs Fruchtig K\u00fchl Und Zollfrei Direkt Zu Ihnen Nach Hause\"}]},{\"@type\":\"WebSite\",\"@id\":\"https:\/\/vapingnet.de\/#website\",\"url\":\"https:\/\/vapingnet.de\/\",\"name\":\"Vapingnet.de\",\"description\":\"\",\"publisher\":{\"@id\":\"https:\/\/vapingnet.de\/#organization\"},\"potentialAction\":[{\"@type\":\"SearchAction\",\"target\":{\"@type\":\"EntryPoint\",\"urlTemplate\":\"https:\/\/vapingnet.de\/?s={search_term_string}\"},\"query-input\":{\"@type\":\"PropertyValueSpecification\",\"valueRequired\":true,\"valueName\":\"search_term_string\"}}],\"inLanguage\":\"pl-PL\"},{\"@type\":\"Organization\",\"@id\":\"https:\/\/vapingnet.de\/#organization\",\"name\":\"Vapingnet.de\",\"url\":\"https:\/\/vapingnet.de\/\",\"logo\":{\"@type\":\"ImageObject\",\"inLanguage\":\"pl-PL\",\"@id\":\"https:\/\/vapingnet.de\/#\/schema\/logo\/image\/\",\"url\":\"https:\/\/vapingnet.de\/wp-content\/uploads\/2025\/03\/cropped-vapingnet.de_.jpg\",\"contentUrl\":\"https:\/\/vapingnet.de\/wp-content\/uploads\/2025\/03\/cropped-vapingnet.de_.jpg\",\"width\":512,\"height\":512,\"caption\":\"Vapingnet.de\"},\"image\":{\"@id\":\"https:\/\/vapingnet.de\/#\/schema\/logo\/image\/\"},\"sameAs\":[\"https:\/\/www.facebook.com\/vapingnetde\/\"]}]}<\/script>\n<!-- \/ Yoast SEO plugin. -->","yoast_head_json":{"title":"Mango Ice In WASPE 12000 Puffs Fruchtig K\u00fchl Und Zollfrei Direkt Zu Ihnen Nach Hause | Vapingnet.de","description":"Entdecke Mango Ice In WASPE 12000 Puffs Fruchtig K\u00fchl Und Zollfrei Direkt Zu Ihnen Nach Hause bei vapingnet.de, \u25ba Gro\u00dfe Auswahl an Geschmacksrichtungen & super g\u00fcnstig!","robots":{"index":"index","follow":"follow","max-snippet":"max-snippet:-1","max-image-preview":"max-image-preview:large","max-video-preview":"max-video-preview:-1"},"canonical":"https:\/\/vapingnet.de\/pl\/vape\/mango-ice-in-waspe-12000-puffs-fruchtig-kuehl-und-zollfrei-direkt-zu-ihnen-nach-hause\/","og_locale":"pl_PL","og_type":"article","og_title":"Mango Ice In WASPE 12000 Puffs Fruchtig K\u00fchl Und Zollfrei Direkt Zu Ihnen Nach Hause | Vapingnet.de","og_description":"Entdecke Mango Ice In WASPE 12000 Puffs Fruchtig K\u00fchl Und Zollfrei Direkt Zu Ihnen Nach Hause bei vapingnet.de, \u25ba Gro\u00dfe Auswahl an Geschmacksrichtungen & super g\u00fcnstig!","og_url":"https:\/\/vapingnet.de\/pl\/vape\/mango-ice-in-waspe-12000-puffs-fruchtig-kuehl-und-zollfrei-direkt-zu-ihnen-nach-hause\/","og_site_name":"Vapingnet.de","article_publisher":"https:\/\/www.facebook.com\/vapingnetde\/","article_modified_time":"2026-04-15T09:13:23+00:00","og_image":[{"width":1000,"height":1000,"url":"https:\/\/vapingnet.de\/wp-content\/uploads\/2025\/04\/Mango-Ice.webp","type":"image\/webp"}],"twitter_card":"summary_large_image","twitter_misc":{"Est. reading time":"3 minutes"},"schema":{"@context":"https:\/\/schema.org","@graph":[{"@type":"WebPage","@id":"https:\/\/vapingnet.de\/vape\/mango-ice-in-waspe-12000-puffs-fruchtig-kuehl-und-zollfrei-direkt-zu-ihnen-nach-hause\/","url":"https:\/\/vapingnet.de\/vape\/mango-ice-in-waspe-12000-puffs-fruchtig-kuehl-und-zollfrei-direkt-zu-ihnen-nach-hause\/","name":"Mango Ice In WASPE 12000 Puffs Fruchtig K\u00fchl Und Zollfrei Direkt Zu Ihnen Nach Hause | Vapingnet.de","isPartOf":{"@id":"https:\/\/vapingnet.de\/#website"},"primaryImageOfPage":{"@id":"https:\/\/vapingnet.de\/vape\/mango-ice-in-waspe-12000-puffs-fruchtig-kuehl-und-zollfrei-direkt-zu-ihnen-nach-hause\/#primaryimage"},"image":{"@id":"https:\/\/vapingnet.de\/vape\/mango-ice-in-waspe-12000-puffs-fruchtig-kuehl-und-zollfrei-direkt-zu-ihnen-nach-hause\/#primaryimage"},"thumbnailUrl":"https:\/\/vapingnet.de\/wp-content\/uploads\/2025\/04\/Mango-Ice.webp","datePublished":"2025-04-29T06:29:12+00:00","dateModified":"2026-04-15T09:13:23+00:00","description":"Entdecke Mango Ice In WASPE 12000 Puffs Fruchtig K\u00fchl Und Zollfrei Direkt Zu Ihnen Nach Hause bei vapingnet.de, \u25ba Gro\u00dfe Auswahl an Geschmacksrichtungen & super g\u00fcnstig!","breadcrumb":{"@id":"https:\/\/vapingnet.de\/vape\/mango-ice-in-waspe-12000-puffs-fruchtig-kuehl-und-zollfrei-direkt-zu-ihnen-nach-hause\/#breadcrumb"},"inLanguage":"pl-PL","potentialAction":[{"@type":"ReadAction","target":["https:\/\/vapingnet.de\/vape\/mango-ice-in-waspe-12000-puffs-fruchtig-kuehl-und-zollfrei-direkt-zu-ihnen-nach-hause\/"]}]},{"@type":"ImageObject","inLanguage":"pl-PL","@id":"https:\/\/vapingnet.de\/vape\/mango-ice-in-waspe-12000-puffs-fruchtig-kuehl-und-zollfrei-direkt-zu-ihnen-nach-hause\/#primaryimage","url":"https:\/\/vapingnet.de\/wp-content\/uploads\/2025\/04\/Mango-Ice.webp","contentUrl":"https:\/\/vapingnet.de\/wp-content\/uploads\/2025\/04\/Mango-Ice.webp","width":1000,"height":1000},{"@type":"BreadcrumbList","@id":"https:\/\/vapingnet.de\/vape\/mango-ice-in-waspe-12000-puffs-fruchtig-kuehl-und-zollfrei-direkt-zu-ihnen-nach-hause\/#breadcrumb","itemListElement":[{"@type":"ListItem","position":1,"name":"Home","item":"https:\/\/vapingnet.de\/"},{"@type":"ListItem","position":2,"name":"Shop","item":"https:\/\/vapingnet.de\/vape\/"},{"@type":"ListItem","position":3,"name":"Mango Ice In WASPE 12000 Puffs Fruchtig K\u00fchl Und Zollfrei Direkt Zu Ihnen Nach Hause"}]},{"@type":"WebSite","@id":"https:\/\/vapingnet.de\/#website","url":"https:\/\/vapingnet.de\/","name":"Vapingnet.de","description":"","publisher":{"@id":"https:\/\/vapingnet.de\/#organization"},"potentialAction":[{"@type":"SearchAction","target":{"@type":"EntryPoint","urlTemplate":"https:\/\/vapingnet.de\/?s={search_term_string}"},"query-input":{"@type":"PropertyValueSpecification","valueRequired":true,"valueName":"search_term_string"}}],"inLanguage":"pl-PL"},{"@type":"Organization","@id":"https:\/\/vapingnet.de\/#organization","name":"Vapingnet.de","url":"https:\/\/vapingnet.de\/","logo":{"@type":"ImageObject","inLanguage":"pl-PL","@id":"https:\/\/vapingnet.de\/#\/schema\/logo\/image\/","url":"https:\/\/vapingnet.de\/wp-content\/uploads\/2025\/03\/cropped-vapingnet.de_.jpg","contentUrl":"https:\/\/vapingnet.de\/wp-content\/uploads\/2025\/03\/cropped-vapingnet.de_.jpg","width":512,"height":512,"caption":"Vapingnet.de"},"image":{"@id":"https:\/\/vapingnet.de\/#\/schema\/logo\/image\/"},"sameAs":["https:\/\/www.facebook.com\/vapingnetde\/"]}]}},"tiered_pricing_type":"fixed","tiered_pricing_fixed_rules":[],"tiered_pricing_product_settings":{"layout":"default","base_unit_name":{"singular":null,"plural":null},"default_variation":null},"tiered_pricing_minimum_quantity":null,"tiered_pricing_roles_data":[],"tiered_pricing_percentage_rules":[],"_links":{"self":[{"href":"https:\/\/vapingnet.de\/pl\/wp-json\/wp\/v2\/product\/6640","targetHints":{"allow":["GET"]}}],"collection":[{"href":"https:\/\/vapingnet.de\/pl\/wp-json\/wp\/v2\/product"}],"about":[{"href":"https:\/\/vapingnet.de\/pl\/wp-json\/wp\/v2\/types\/product"}],"version-history":[{"count":1,"href":"https:\/\/vapingnet.de\/pl\/wp-json\/wp\/v2\/product\/6640\/revisions"}],"predecessor-version":[{"id":6648,"href":"https:\/\/vapingnet.de\/pl\/wp-json\/wp\/v2\/product\/6640\/revisions\/6648"}],"wp:featuredmedia":[{"embeddable":true,"href":"https:\/\/vapingnet.de\/pl\/wp-json\/wp\/v2\/media\/6606"}],"wp:attachment":[{"href":"https:\/\/vapingnet.de\/pl\/wp-json\/wp\/v2\/media?parent=6640"}],"wp:term":[{"taxonomy":"brand","embeddable":true,"href":"https:\/\/vapingnet.de\/pl\/wp-json\/wp\/v2\/etheme_brands?post=6640"},{"taxonomy":"product_brand","embeddable":true,"href":"https:\/\/vapingnet.de\/pl\/wp-json\/wp\/v2\/product_brand?post=6640"},{"taxonomy":"product_cat","embeddable":true,"href":"https:\/\/vapingnet.de\/pl\/wp-json\/wp\/v2\/product_cat?post=6640"},{"taxonomy":"product_tag","embeddable":true,"href":"https:\/\/vapingnet.de\/pl\/wp-json\/wp\/v2\/product_tag?post=6640"}],"curies":[{"name":"wp","href":"https:\/\/api.w.org\/{rel}","templated":true}]}}