{"id":6641,"date":"2025-04-29T06:29:14","date_gmt":"2025-04-29T06:29:14","guid":{"rendered":"https:\/\/vapingnet.de\/?post_type=product&#038;p=6641"},"modified":"2026-04-15T09:12:53","modified_gmt":"2026-04-15T09:12:53","slug":"waspe-12000-puffs-blueberry-raspberry-der-perfekte-frischekick-der-ueberall-gefragt-wird","status":"publish","type":"product","link":"https:\/\/vapingnet.de\/pl\/vape\/waspe-12000-puffs-blueberry-raspberry-der-perfekte-frischekick-der-ueberall-gefragt-wird\/","title":{"rendered":"WASPE 12000 Puffs Blueberry Raspberry Idealny orze\u017awiaj\u0105cy zastrzyk Popularny wsz\u0119dzie"},"content":{"rendered":"<h2 class=\"\" data-start=\"28\" data-end=\"100\">WASPE 12000 Puffs \u2013 Jednorazowa e-papieros dla wymagaj\u0105cych palaczy<\/h2>\n<p class=\"\" data-start=\"102\" data-end=\"403\">WASPE 12000 Puffs to jednorazowy e-papieros, kt\u00f3ry wyr\u00f3\u017cnia si\u0119 wysok\u0105 wydajno\u015bci\u0105, \u0142atwo\u015bci\u0105 obs\u0142ugi i unikalnym smakiem. Je\u015bli szukasz niezawodnego i mocnego do\u015bwiadczenia vapingowego, ten model jest w\u0142a\u015bnie dla Ciebie.<\/p>\n<h3 class=\"\" data-start=\"405\" data-end=\"448\">Cechy produktu i specyfikacje<\/h3>\n<ul data-start=\"450\" data-end=\"858\">\n<li class=\"\" data-start=\"450\" data-end=\"487\">\n<p class=\"\" data-start=\"452\" data-end=\"487\">Opcje nikotynowe: 0%, 2%, 3%, 5%<\/p>\n<\/li>\n<li class=\"\" data-start=\"488\" data-end=\"519\">\n<p class=\"\" data-start=\"490\" data-end=\"519\">Pojemno\u015b\u0107 e-liquidu: 20 ml<\/p>\n<\/li>\n<li class=\"\" data-start=\"520\" data-end=\"551\">\n<p class=\"\" data-start=\"522\" data-end=\"551\">Maksymalna liczba zaci\u0105gni\u0119\u0107: 12000 zaci\u0105gni\u0119\u0107<\/p>\n<\/li>\n<li class=\"\" data-start=\"552\" data-end=\"597\">\n<p class=\"\" data-start=\"554\" data-end=\"597\">Akumulator: 650mAh dla d\u0142ugotrwa\u0142ego u\u017cytkowania<\/p>\n<\/li>\n<li class=\"\" data-start=\"598\" data-end=\"648\">\n<p class=\"\" data-start=\"600\" data-end=\"648\">Gniazdo \u0142adowania: Type-C do szybkiego \u0142adowania<\/p>\n<\/li>\n<li class=\"\" data-start=\"649\" data-end=\"713\">\n<p class=\"\" data-start=\"651\" data-end=\"713\">Grza\u0142ka: Mesh Coil 0.8 Ohm dla doskona\u0142ej produkcji pary<\/p>\n<\/li>\n<li class=\"\" data-start=\"714\" data-end=\"762\">\n<p class=\"\" data-start=\"716\" data-end=\"762\">Op\u00f3r drutu grzewczego: Mesh Core 1.0\u03a9<\/p>\n<\/li>\n<li class=\"\" data-start=\"763\" data-end=\"799\">\n<p class=\"\" data-start=\"765\" data-end=\"799\">Waga produktu: 82 g na sztuk\u0119<\/p>\n<\/li>\n<li class=\"\" data-start=\"800\" data-end=\"858\">\n<p class=\"\" data-start=\"802\" data-end=\"858\">Cechy szczeg\u00f3lne: pod\u015bwietlenie RGB i aktywacja puffami<\/p>\n<\/li>\n<\/ul>\n<h4 data-start=\"860\" data-end=\"908\">Do\u015bwiadczenie smakowe \u2013 Blueberry Raspberry<\/h4>\n<p class=\"\" data-start=\"910\" data-end=\"1183\">Smak Blueberry Raspberry \u0142\u0105czy s\u0142odk\u0105 bor\u00f3wk\u0119 z \u015bwie\u017c\u0105, lekko kwa\u015bn\u0105 malin\u0105, zapewniaj\u0105c orze\u017awiaj\u0105ce doznania vapingowe. Ka\u017cde zaci\u0105gni\u0119cie to eksplozja aromat\u00f3w, kt\u00f3ra zadowoli zar\u00f3wno nowicjuszy, jak i do\u015bwiadczonych palaczy.<\/p>\n<h3>Zalety WASPE 12000 Puffs<\/h3>\n<p class=\"\" data-start=\"1225\" data-end=\"1332\">WASPE 12000 Puffs oferuje szereg zalet, kt\u00f3re wyr\u00f3\u017cniaj\u0105 j\u0105 spo\u015br\u00f3d innych jednorazowych e-papieros\u00f3w:<\/p>\n<ul data-start=\"1334\" data-end=\"1964\">\n<li class=\"\" data-start=\"1334\" data-end=\"1515\">\n<p class=\"\" data-start=\"1336\" data-end=\"1515\">D\u0142uga \u017cywotno\u015b\u0107: dzi\u0119ki 12000 zaci\u0105gni\u0119ciom i pojemno\u015bci e-liquid 20 ml, mo\u017cesz cieszy\u0107 si\u0119 urz\u0105dzeniem przez d\u0142ugi czas bez konieczno\u015bci cz\u0119stej wymiany.<\/p>\n<\/li>\n<li class=\"\" data-start=\"1516\" data-end=\"1670\">\n<p class=\"\" data-start=\"1518\" data-end=\"1670\">\u0141atwa obs\u0142uga: aktywacja puffami wymaga tylko zaci\u0105gni\u0119cia si\u0119 ustnikiem, nie trzeba naciska\u0107 \u017cadnych przycisk\u00f3w.<\/p>\n<\/li>\n<li class=\"\" data-start=\"1671\" data-end=\"1812\">\n<p class=\"\" data-start=\"1673\" data-end=\"1812\">Nowoczesny design: system pod\u015bwietlenia RGB zapewnia wizualn\u0105 przyjemno\u015b\u0107 i wyr\u00f3\u017cnia si\u0119 na tle tradycyjnych e-papieros\u00f3w.<\/p>\n<\/li>\n<li class=\"\" data-start=\"1813\" data-end=\"1964\">\n<p class=\"\" data-start=\"1815\" data-end=\"1964\">Szybkie \u0142adowanie: gniazdo Type-C umo\u017cliwia szybkie na\u0142adowanie, dzi\u0119ki czemu urz\u0105dzenie jest gotowe do u\u017cycia w kr\u00f3tkim czasie.<\/p>\n<\/li>\n<\/ul>\n<h4 data-start=\"1966\" data-end=\"2005\">Dlaczego wybra\u0107 WASPE 12000 Puffs?<\/h4>\n<p class=\"\" data-start=\"2007\" data-end=\"2303\">WASPE 12000 Puffs oferuje nie tylko wysok\u0105 wydajno\u015b\u0107 i przyjazne funkcje, ale jest tak\u017ce wolna od c\u0142a i posiada szybk\u0105 wysy\u0142k\u0119 w ci\u0105gu 7-15 dni roboczych. Z tym produktem do\u015bwiadczysz wyj\u0105tkowych dozna\u0144 vapingowych, kt\u00f3re b\u0119d\u0105 Ci\u0119 cieszy\u0107 przez d\u0142ugi czas.<\/p>\n<p class=\"\" data-start=\"2342\" data-end=\"2565\">Je\u015bli chcesz kupi\u0107 WASPE 12000 Puffs, odwied\u017a po prostu vapingnet.de. Skorzystaj z szybkiej dostawy i prostego procesu zam\u00f3wienia, kt\u00f3re zapewni\u0105 Ci bezproblemowe zakupy.<\/p>","protected":false},"excerpt":{"rendered":"<p>WASPE 12000 Puffs \u2013 Jednorazowy e-papieros dla wymagaj\u0105cych palaczy. WASPE 12000 Puffs to jednorazowy e-papieros, kt\u00f3ry wyr\u00f3\u017cnia si\u0119 wysok\u0105 wydajno\u015bci\u0105, przyjazn\u0105 obs\u0142ug\u0105 i unikalnymi...<\/p>","protected":false},"featured_media":6601,"template":"","meta":[],"etheme_brands":[],"product_brand":[98],"product_cat":[88,49,61],"product_tag":[],"class_list":{"0":"post-6641","1":"product","2":"type-product","3":"status-publish","4":"has-post-thumbnail","6":"product_brand-waspe-vape","7":"product_cat-12k-vape","8":"product_cat-einweg-e-zigarette","9":"product_cat-f","11":"first","12":"instock","13":"shipping-taxable","14":"purchasable","15":"product-type-variable"},"yoast_head":"<!-- This site is optimized with the Yoast SEO plugin v26.5 - https:\/\/yoast.com\/wordpress\/plugins\/seo\/ -->\n<title>WASPE 12000 Puffs Blueberry Raspberry Der Perfekte Frischekick Der \u00dcberall Gefragt Wird | Vapingnet.de<\/title>\n<meta name=\"description\" content=\"Entdecke WASPE 12000 Puffs Blueberry Raspberry Der Perfekte Frischekick Der \u00dcberall Gefragt Wird bei vapingnet.de, \u25ba Gro\u00dfe Auswahl an Geschmacksrichtungen &amp; super g\u00fcnstig!\" \/>\n<meta name=\"robots\" content=\"index, follow, max-snippet:-1, max-image-preview:large, max-video-preview:-1\" \/>\n<link rel=\"canonical\" href=\"https:\/\/vapingnet.de\/pl\/vape\/waspe-12000-puffs-blueberry-raspberry-der-perfekte-frischekick-der-ueberall-gefragt-wird\/\" \/>\n<meta property=\"og:locale\" content=\"pl_PL\" \/>\n<meta property=\"og:type\" content=\"article\" \/>\n<meta property=\"og:title\" content=\"WASPE 12000 Puffs Blueberry Raspberry Der Perfekte Frischekick Der \u00dcberall Gefragt Wird | Vapingnet.de\" \/>\n<meta property=\"og:description\" content=\"Entdecke WASPE 12000 Puffs Blueberry Raspberry Der Perfekte Frischekick Der \u00dcberall Gefragt Wird bei vapingnet.de, \u25ba Gro\u00dfe Auswahl an Geschmacksrichtungen &amp; super g\u00fcnstig!\" \/>\n<meta property=\"og:url\" content=\"https:\/\/vapingnet.de\/pl\/vape\/waspe-12000-puffs-blueberry-raspberry-der-perfekte-frischekick-der-ueberall-gefragt-wird\/\" \/>\n<meta property=\"og:site_name\" content=\"Vapingnet.de\" \/>\n<meta property=\"article:publisher\" content=\"https:\/\/www.facebook.com\/vapingnetde\/\" \/>\n<meta property=\"article:modified_time\" content=\"2026-04-15T09:12:53+00:00\" \/>\n<meta property=\"og:image\" content=\"https:\/\/vapingnet.de\/wp-content\/uploads\/2025\/04\/Blueberry-Raspberry-1.webp\" \/>\n\t<meta property=\"og:image:width\" content=\"1000\" \/>\n\t<meta property=\"og:image:height\" content=\"1000\" \/>\n\t<meta property=\"og:image:type\" content=\"image\/webp\" \/>\n<meta name=\"twitter:card\" content=\"summary_large_image\" \/>\n<meta name=\"twitter:label1\" content=\"Est. reading time\" \/>\n\t<meta name=\"twitter:data1\" content=\"2 minutes\" \/>\n<script type=\"application\/ld+json\" class=\"yoast-schema-graph\">{\"@context\":\"https:\/\/schema.org\",\"@graph\":[{\"@type\":\"WebPage\",\"@id\":\"https:\/\/vapingnet.de\/vape\/waspe-12000-puffs-blueberry-raspberry-der-perfekte-frischekick-der-ueberall-gefragt-wird\/\",\"url\":\"https:\/\/vapingnet.de\/vape\/waspe-12000-puffs-blueberry-raspberry-der-perfekte-frischekick-der-ueberall-gefragt-wird\/\",\"name\":\"WASPE 12000 Puffs Blueberry Raspberry Der Perfekte Frischekick Der \u00dcberall Gefragt Wird | Vapingnet.de\",\"isPartOf\":{\"@id\":\"https:\/\/vapingnet.de\/#website\"},\"primaryImageOfPage\":{\"@id\":\"https:\/\/vapingnet.de\/vape\/waspe-12000-puffs-blueberry-raspberry-der-perfekte-frischekick-der-ueberall-gefragt-wird\/#primaryimage\"},\"image\":{\"@id\":\"https:\/\/vapingnet.de\/vape\/waspe-12000-puffs-blueberry-raspberry-der-perfekte-frischekick-der-ueberall-gefragt-wird\/#primaryimage\"},\"thumbnailUrl\":\"https:\/\/vapingnet.de\/wp-content\/uploads\/2025\/04\/Blueberry-Raspberry-1.webp\",\"datePublished\":\"2025-04-29T06:29:14+00:00\",\"dateModified\":\"2026-04-15T09:12:53+00:00\",\"description\":\"Entdecke WASPE 12000 Puffs Blueberry Raspberry Der Perfekte Frischekick Der \u00dcberall Gefragt Wird bei vapingnet.de, \u25ba Gro\u00dfe Auswahl an Geschmacksrichtungen & super g\u00fcnstig!\",\"breadcrumb\":{\"@id\":\"https:\/\/vapingnet.de\/vape\/waspe-12000-puffs-blueberry-raspberry-der-perfekte-frischekick-der-ueberall-gefragt-wird\/#breadcrumb\"},\"inLanguage\":\"pl-PL\",\"potentialAction\":[{\"@type\":\"ReadAction\",\"target\":[\"https:\/\/vapingnet.de\/vape\/waspe-12000-puffs-blueberry-raspberry-der-perfekte-frischekick-der-ueberall-gefragt-wird\/\"]}]},{\"@type\":\"ImageObject\",\"inLanguage\":\"pl-PL\",\"@id\":\"https:\/\/vapingnet.de\/vape\/waspe-12000-puffs-blueberry-raspberry-der-perfekte-frischekick-der-ueberall-gefragt-wird\/#primaryimage\",\"url\":\"https:\/\/vapingnet.de\/wp-content\/uploads\/2025\/04\/Blueberry-Raspberry-1.webp\",\"contentUrl\":\"https:\/\/vapingnet.de\/wp-content\/uploads\/2025\/04\/Blueberry-Raspberry-1.webp\",\"width\":1000,\"height\":1000},{\"@type\":\"BreadcrumbList\",\"@id\":\"https:\/\/vapingnet.de\/vape\/waspe-12000-puffs-blueberry-raspberry-der-perfekte-frischekick-der-ueberall-gefragt-wird\/#breadcrumb\",\"itemListElement\":[{\"@type\":\"ListItem\",\"position\":1,\"name\":\"Home\",\"item\":\"https:\/\/vapingnet.de\/\"},{\"@type\":\"ListItem\",\"position\":2,\"name\":\"Shop\",\"item\":\"https:\/\/vapingnet.de\/vape\/\"},{\"@type\":\"ListItem\",\"position\":3,\"name\":\"WASPE 12000 Puffs Blueberry Raspberry Der Perfekte Frischekick Der \u00dcberall Gefragt Wird\"}]},{\"@type\":\"WebSite\",\"@id\":\"https:\/\/vapingnet.de\/#website\",\"url\":\"https:\/\/vapingnet.de\/\",\"name\":\"Vapingnet.de\",\"description\":\"\",\"publisher\":{\"@id\":\"https:\/\/vapingnet.de\/#organization\"},\"potentialAction\":[{\"@type\":\"SearchAction\",\"target\":{\"@type\":\"EntryPoint\",\"urlTemplate\":\"https:\/\/vapingnet.de\/?s={search_term_string}\"},\"query-input\":{\"@type\":\"PropertyValueSpecification\",\"valueRequired\":true,\"valueName\":\"search_term_string\"}}],\"inLanguage\":\"pl-PL\"},{\"@type\":\"Organization\",\"@id\":\"https:\/\/vapingnet.de\/#organization\",\"name\":\"Vapingnet.de\",\"url\":\"https:\/\/vapingnet.de\/\",\"logo\":{\"@type\":\"ImageObject\",\"inLanguage\":\"pl-PL\",\"@id\":\"https:\/\/vapingnet.de\/#\/schema\/logo\/image\/\",\"url\":\"https:\/\/vapingnet.de\/wp-content\/uploads\/2025\/03\/cropped-vapingnet.de_.jpg\",\"contentUrl\":\"https:\/\/vapingnet.de\/wp-content\/uploads\/2025\/03\/cropped-vapingnet.de_.jpg\",\"width\":512,\"height\":512,\"caption\":\"Vapingnet.de\"},\"image\":{\"@id\":\"https:\/\/vapingnet.de\/#\/schema\/logo\/image\/\"},\"sameAs\":[\"https:\/\/www.facebook.com\/vapingnetde\/\"]}]}<\/script>\n<!-- \/ Yoast SEO plugin. -->","yoast_head_json":{"title":"WASPE 12000 Puffs Blueberry Raspberry Der Perfekte Frischekick Der \u00dcberall Gefragt Wird | Vapingnet.de","description":"Entdecke WASPE 12000 Puffs Blueberry Raspberry Der Perfekte Frischekick Der \u00dcberall Gefragt Wird bei vapingnet.de, \u25ba Gro\u00dfe Auswahl an Geschmacksrichtungen & super g\u00fcnstig!","robots":{"index":"index","follow":"follow","max-snippet":"max-snippet:-1","max-image-preview":"max-image-preview:large","max-video-preview":"max-video-preview:-1"},"canonical":"https:\/\/vapingnet.de\/pl\/vape\/waspe-12000-puffs-blueberry-raspberry-der-perfekte-frischekick-der-ueberall-gefragt-wird\/","og_locale":"pl_PL","og_type":"article","og_title":"WASPE 12000 Puffs Blueberry Raspberry Der Perfekte Frischekick Der \u00dcberall Gefragt Wird | Vapingnet.de","og_description":"Entdecke WASPE 12000 Puffs Blueberry Raspberry Der Perfekte Frischekick Der \u00dcberall Gefragt Wird bei vapingnet.de, \u25ba Gro\u00dfe Auswahl an Geschmacksrichtungen & super g\u00fcnstig!","og_url":"https:\/\/vapingnet.de\/pl\/vape\/waspe-12000-puffs-blueberry-raspberry-der-perfekte-frischekick-der-ueberall-gefragt-wird\/","og_site_name":"Vapingnet.de","article_publisher":"https:\/\/www.facebook.com\/vapingnetde\/","article_modified_time":"2026-04-15T09:12:53+00:00","og_image":[{"width":1000,"height":1000,"url":"https:\/\/vapingnet.de\/wp-content\/uploads\/2025\/04\/Blueberry-Raspberry-1.webp","type":"image\/webp"}],"twitter_card":"summary_large_image","twitter_misc":{"Est. reading time":"2 minutes"},"schema":{"@context":"https:\/\/schema.org","@graph":[{"@type":"WebPage","@id":"https:\/\/vapingnet.de\/vape\/waspe-12000-puffs-blueberry-raspberry-der-perfekte-frischekick-der-ueberall-gefragt-wird\/","url":"https:\/\/vapingnet.de\/vape\/waspe-12000-puffs-blueberry-raspberry-der-perfekte-frischekick-der-ueberall-gefragt-wird\/","name":"WASPE 12000 Puffs Blueberry Raspberry Der Perfekte Frischekick Der \u00dcberall Gefragt Wird | Vapingnet.de","isPartOf":{"@id":"https:\/\/vapingnet.de\/#website"},"primaryImageOfPage":{"@id":"https:\/\/vapingnet.de\/vape\/waspe-12000-puffs-blueberry-raspberry-der-perfekte-frischekick-der-ueberall-gefragt-wird\/#primaryimage"},"image":{"@id":"https:\/\/vapingnet.de\/vape\/waspe-12000-puffs-blueberry-raspberry-der-perfekte-frischekick-der-ueberall-gefragt-wird\/#primaryimage"},"thumbnailUrl":"https:\/\/vapingnet.de\/wp-content\/uploads\/2025\/04\/Blueberry-Raspberry-1.webp","datePublished":"2025-04-29T06:29:14+00:00","dateModified":"2026-04-15T09:12:53+00:00","description":"Entdecke WASPE 12000 Puffs Blueberry Raspberry Der Perfekte Frischekick Der \u00dcberall Gefragt Wird bei vapingnet.de, \u25ba Gro\u00dfe Auswahl an Geschmacksrichtungen & super g\u00fcnstig!","breadcrumb":{"@id":"https:\/\/vapingnet.de\/vape\/waspe-12000-puffs-blueberry-raspberry-der-perfekte-frischekick-der-ueberall-gefragt-wird\/#breadcrumb"},"inLanguage":"pl-PL","potentialAction":[{"@type":"ReadAction","target":["https:\/\/vapingnet.de\/vape\/waspe-12000-puffs-blueberry-raspberry-der-perfekte-frischekick-der-ueberall-gefragt-wird\/"]}]},{"@type":"ImageObject","inLanguage":"pl-PL","@id":"https:\/\/vapingnet.de\/vape\/waspe-12000-puffs-blueberry-raspberry-der-perfekte-frischekick-der-ueberall-gefragt-wird\/#primaryimage","url":"https:\/\/vapingnet.de\/wp-content\/uploads\/2025\/04\/Blueberry-Raspberry-1.webp","contentUrl":"https:\/\/vapingnet.de\/wp-content\/uploads\/2025\/04\/Blueberry-Raspberry-1.webp","width":1000,"height":1000},{"@type":"BreadcrumbList","@id":"https:\/\/vapingnet.de\/vape\/waspe-12000-puffs-blueberry-raspberry-der-perfekte-frischekick-der-ueberall-gefragt-wird\/#breadcrumb","itemListElement":[{"@type":"ListItem","position":1,"name":"Home","item":"https:\/\/vapingnet.de\/"},{"@type":"ListItem","position":2,"name":"Shop","item":"https:\/\/vapingnet.de\/vape\/"},{"@type":"ListItem","position":3,"name":"WASPE 12000 Puffs Blueberry Raspberry Der Perfekte Frischekick Der \u00dcberall Gefragt Wird"}]},{"@type":"WebSite","@id":"https:\/\/vapingnet.de\/#website","url":"https:\/\/vapingnet.de\/","name":"Vapingnet.de","description":"","publisher":{"@id":"https:\/\/vapingnet.de\/#organization"},"potentialAction":[{"@type":"SearchAction","target":{"@type":"EntryPoint","urlTemplate":"https:\/\/vapingnet.de\/?s={search_term_string}"},"query-input":{"@type":"PropertyValueSpecification","valueRequired":true,"valueName":"search_term_string"}}],"inLanguage":"pl-PL"},{"@type":"Organization","@id":"https:\/\/vapingnet.de\/#organization","name":"Vapingnet.de","url":"https:\/\/vapingnet.de\/","logo":{"@type":"ImageObject","inLanguage":"pl-PL","@id":"https:\/\/vapingnet.de\/#\/schema\/logo\/image\/","url":"https:\/\/vapingnet.de\/wp-content\/uploads\/2025\/03\/cropped-vapingnet.de_.jpg","contentUrl":"https:\/\/vapingnet.de\/wp-content\/uploads\/2025\/03\/cropped-vapingnet.de_.jpg","width":512,"height":512,"caption":"Vapingnet.de"},"image":{"@id":"https:\/\/vapingnet.de\/#\/schema\/logo\/image\/"},"sameAs":["https:\/\/www.facebook.com\/vapingnetde\/"]}]}},"tiered_pricing_type":"fixed","tiered_pricing_fixed_rules":[],"tiered_pricing_product_settings":{"layout":"default","base_unit_name":{"singular":null,"plural":null},"default_variation":null},"tiered_pricing_minimum_quantity":null,"tiered_pricing_roles_data":[],"tiered_pricing_percentage_rules":[],"_links":{"self":[{"href":"https:\/\/vapingnet.de\/pl\/wp-json\/wp\/v2\/product\/6641","targetHints":{"allow":["GET"]}}],"collection":[{"href":"https:\/\/vapingnet.de\/pl\/wp-json\/wp\/v2\/product"}],"about":[{"href":"https:\/\/vapingnet.de\/pl\/wp-json\/wp\/v2\/types\/product"}],"version-history":[{"count":1,"href":"https:\/\/vapingnet.de\/pl\/wp-json\/wp\/v2\/product\/6641\/revisions"}],"predecessor-version":[{"id":6649,"href":"https:\/\/vapingnet.de\/pl\/wp-json\/wp\/v2\/product\/6641\/revisions\/6649"}],"wp:featuredmedia":[{"embeddable":true,"href":"https:\/\/vapingnet.de\/pl\/wp-json\/wp\/v2\/media\/6601"}],"wp:attachment":[{"href":"https:\/\/vapingnet.de\/pl\/wp-json\/wp\/v2\/media?parent=6641"}],"wp:term":[{"taxonomy":"brand","embeddable":true,"href":"https:\/\/vapingnet.de\/pl\/wp-json\/wp\/v2\/etheme_brands?post=6641"},{"taxonomy":"product_brand","embeddable":true,"href":"https:\/\/vapingnet.de\/pl\/wp-json\/wp\/v2\/product_brand?post=6641"},{"taxonomy":"product_cat","embeddable":true,"href":"https:\/\/vapingnet.de\/pl\/wp-json\/wp\/v2\/product_cat?post=6641"},{"taxonomy":"product_tag","embeddable":true,"href":"https:\/\/vapingnet.de\/pl\/wp-json\/wp\/v2\/product_tag?post=6641"}],"curies":[{"name":"wp","href":"https:\/\/api.w.org\/{rel}","templated":true}]}}