{"id":6642,"date":"2025-04-29T06:29:16","date_gmt":"2025-04-29T06:29:16","guid":{"rendered":"https:\/\/vapingnet.de\/?post_type=product&#038;p=6642"},"modified":"2025-06-19T03:45:12","modified_gmt":"2025-06-19T03:45:12","slug":"waspe-12000-puffs-mit-mixed-berries-frisch-fruchtig-und-weltweit-ein-hit","status":"publish","type":"product","link":"https:\/\/vapingnet.de\/pl\/vape\/waspe-12000-puffs-mit-mixed-berries-frisch-fruchtig-und-weltweit-ein-hit\/","title":{"rendered":"WASPE 12000 Puffs z mieszanymi jagodami, \u015bwie\u017ce, owocowe i \u015bwiatowy hit"},"content":{"rendered":"<h2 data-start=\"0\" data-end=\"77\" data-immersive-translate-walked=\"6afa0363-366e-485d-a365-bbb83175a2d0\">WASPE 12000 Puffs \u2013 Ostateczny jednorazowy vape dla d\u0142ugotrwa\u0142ej przyjemno\u015bci<\/h2>\n<p class=\"\" data-start=\"79\" data-end=\"416\" data-immersive-translate-walked=\"6afa0363-366e-485d-a365-bbb83175a2d0\" data-immersive-translate-paragraph=\"1\">WASPE 12000 Puffs to rewolucyjny jednorazowy e-papieros, kt\u00f3ry spe\u0142nia wszystkie wymagania nowoczesnych palaczy. Dzi\u0119ki po\u0142\u0105czeniu wysokiej wydajno\u015bci, d\u0142ugiej trwa\u0142o\u015bci i stylowego designu wyr\u00f3\u017cnia si\u0119 spo\u015br\u00f3d innych modeli. Dowiedz si\u0119, dlaczego WASPE 12000 Puffs to idealny wyb\u00f3r dla wymagaj\u0105cych u\u017cytkownik\u00f3w.<\/p>\n<h3>Co czyni WASPE 12000 Puffs tak wyj\u0105tkowym?<\/h3>\n<h4 class=\"\" data-start=\"469\" data-end=\"505\">Trwa\u0142o\u015b\u0107 i wydajno\u015b\u0107<\/h4>\n<p class=\"\" data-start=\"506\" data-end=\"767\" data-immersive-translate-walked=\"6afa0363-366e-485d-a365-bbb83175a2d0\" data-immersive-translate-paragraph=\"1\">Z 12000 poci\u0105gni\u0119ciami i 20 ml e-liquid, ten jednorazowy e-papieros oferuje wi\u0119cej ni\u017c wystarczaj\u0105c\u0105 pojemno\u015b\u0107, aby towarzyszy\u0107 Ci przez d\u0142ugi czas. Idealny dla intensywnych palaczy, gwarantuje sta\u0142\u0105 wysok\u0105 produkcj\u0119 pary, a\u017c do wyczerpania urz\u0105dzenia.<\/p>\n<h4 class=\"\" data-start=\"769\" data-end=\"805\">Wszechstronne opcje nikotynowe<\/h4>\n<p class=\"\" data-start=\"806\" data-end=\"1049\" data-immersive-translate-walked=\"6afa0363-366e-485d-a365-bbb83175a2d0\" data-immersive-translate-paragraph=\"1\">WASPE 12000 Puffs jest dost\u0119pny w kilku mocach nikotyny: 0%, 2%, 3% i 5%. Ta r\u00f3\u017cnorodno\u015b\u0107 pozwala znale\u017a\u0107 idealn\u0105 zawarto\u015b\u0107 nikotyny dla Twoich potrzeb, niezale\u017cnie od tego, czy jeste\u015b nowicjuszem, czy do\u015bwiadczonym palaczem.<\/p>\n<h3 class=\"\" data-start=\"1051\" data-end=\"1101\" data-immersive-translate-walked=\"6afa0363-366e-485d-a365-bbb83175a2d0\" data-immersive-translate-paragraph=\"1\">Przyjazny dla u\u017cytkownika design i funkcjonalno\u015b\u0107<\/h3>\n<h4 class=\"\" data-start=\"1103\" data-end=\"1151\" data-immersive-translate-walked=\"6afa0363-366e-485d-a365-bbb83175a2d0\">Pod\u015bwietlenie RGB dla nowoczesnego wygl\u0105du<\/h4>\n<p class=\"\" data-start=\"1152\" data-end=\"1376\" data-immersive-translate-walked=\"6afa0363-366e-485d-a365-bbb83175a2d0\" data-immersive-translate-paragraph=\"1\">System pod\u015bwietlenia RGB sprawia, \u017ce Tw\u00f3j e-papieros nie tylko dzia\u0142a, ale tak\u017ce przyci\u0105ga wzrok. Nadaje WASPE 12000 Puffs futurystyczny charakter, wyr\u00f3\u017cniaj\u0105c go spo\u015br\u00f3d innych urz\u0105dze\u0144.<\/p>\n<h4 class=\"\" data-start=\"1378\" data-end=\"1429\" data-immersive-translate-walked=\"6afa0363-366e-485d-a365-bbb83175a2d0\">Najprostsza obs\u0142uga z aktywacj\u0105 pufami<\/h4>\n<p class=\"\" data-start=\"1430\" data-end=\"1627\" data-immersive-translate-walked=\"6afa0363-366e-485d-a365-bbb83175a2d0\" data-immersive-translate-paragraph=\"1\">Aktywacja pufami sprawia, \u017ce palenie jest niezwykle \u0142atwe \u2013 wystarczy zaci\u0105gn\u0105\u0107 si\u0119, a urz\u0105dzenie automatycznie si\u0119 w\u0142\u0105czy. Nie ma potrzeby u\u017cywania przycisk\u00f3w czy prze\u0142\u0105cznik\u00f3w, co jeszcze bardziej upraszcza obs\u0142ug\u0119.<\/p>\n<h3>Zalety WASPE 12000 Puffs<\/h3>\n<ul data-start=\"1984\" data-end=\"2548\">\n<li class=\"\" data-start=\"1984\" data-end=\"2122\">\n<p class=\"\" data-start=\"1986\" data-end=\"2122\" data-immersive-translate-walked=\"6afa0363-366e-485d-a365-bbb83175a2d0\" data-immersive-translate-paragraph=\"1\">Ekstremalna trwa\u0142o\u015b\u0107: z 12000 poci\u0105gni\u0119ciami i du\u017c\u0105 pojemno\u015bci\u0105 e-liquid, ciesz si\u0119 d\u0142ugimi chwilami z chmur\u0105 bez konieczno\u015bci cz\u0119stego uzupe\u0142niania.<\/p>\n<\/li>\n<li class=\"\" data-start=\"2123\" data-end=\"2238\">\n<p class=\"\" data-start=\"2125\" data-end=\"2238\" data-immersive-translate-walked=\"6afa0363-366e-485d-a365-bbb83175a2d0\" data-immersive-translate-paragraph=\"1\">Wygodna obs\u0142uga: aktywacja pufami zapewnia szybkie i proste korzystanie z urz\u0105dzenia w ka\u017cdej chwili.<\/p>\n<\/li>\n<li class=\"\" data-start=\"2239\" data-end=\"2363\">\n<p class=\"\" data-start=\"2241\" data-end=\"2363\" data-immersive-translate-walked=\"6afa0363-366e-485d-a365-bbb83175a2d0\" data-immersive-translate-paragraph=\"1\">Wysokiej jako\u015bci design: pod\u015bwietlenie RGB i nowoczesny wygl\u0105d sprawiaj\u0105, \u017ce palenie to do\u015bwiadczenie dla wszystkich zmys\u0142\u00f3w.<\/p>\n<\/li>\n<li class=\"\" data-start=\"2364\" data-end=\"2471\">\n<p class=\"\" data-start=\"2366\" data-end=\"2471\" data-immersive-translate-walked=\"6afa0363-366e-485d-a365-bbb83175a2d0\" data-immersive-translate-paragraph=\"1\">Wszechstronne opcje nikotynowe: wybierz spo\u015br\u00f3d r\u00f3\u017cnych poziom\u00f3w nikotyny ten odpowiedni dla siebie.<\/p>\n<\/li>\n<li class=\"\" data-start=\"2472\" data-end=\"2548\">\n<p class=\"\" data-start=\"2474\" data-end=\"2548\" data-immersive-translate-walked=\"6afa0363-366e-485d-a365-bbb83175a2d0\" data-immersive-translate-paragraph=\"1\">Szybkie \u0142adowanie: dzi\u0119ki Type-C \u0142adowanie jest \u0142atwe i szybkie.<\/p>\n<\/li>\n<\/ul>\n<h3>Smak WASPE 12000 Puffs<\/h3>\n<p class=\"\" data-start=\"2591\" data-end=\"2848\" data-immersive-translate-walked=\"6afa0363-366e-485d-a365-bbb83175a2d0\">Z smakiem mieszanych jag\u00f3d do\u015bwiadczysz owocowej mieszanki s\u0142odkich i kwa\u015bnych jag\u00f3d, kt\u00f3re uczyni\u0105 Twoje palenie jeszcze intensywniejszym. Ta kompozycja smakowa jest nie tylko orze\u017awiaj\u0105ca, ale tak\u017ce idealna na codzienny relaks.<\/p>\n<h4>Dostawa i wysy\u0142ka<\/h4>\n<ul data-start=\"2877\" data-end=\"2943\" data-immersive-translate-walked=\"6afa0363-366e-485d-a365-bbb83175a2d0\">\n<li class=\"\" data-start=\"2877\" data-end=\"2909\">\n<p class=\"\" data-start=\"2879\" data-end=\"2909\">Czas wysy\u0142ki: 7-15 dni roboczych<\/p>\n<\/li>\n<li class=\"\" data-start=\"2910\" data-end=\"2943\">\n<p class=\"\" data-start=\"2912\" data-end=\"2943\">Zaleta: Brak op\u0142at celnych<\/p>\n<\/li>\n<\/ul>\n<p class=\"\" data-start=\"2945\" data-end=\"3199\" data-immersive-translate-walked=\"6afa0363-366e-485d-a365-bbb83175a2d0\">Mo\u017cesz zam\u00f3wi\u0107 WASPE 12000 Puffs bezpo\u015brednio na stronie vapingnet.de. Wysy\u0142ka jest szybka i bezproblemowa, a dzi\u0119ki bezc\u0142owej dostawie mo\u017cesz cieszy\u0107 si\u0119 bezstresowymi zakupami.<\/p>\n<p class=\"\" data-start=\"3212\" data-end=\"3634\">WASPE 12000 Puffs to doskona\u0142y wyb\u00f3r dla palaczy, kt\u00f3rzy szukaj\u0105 wydajnego, trwa\u0142ego i \u0142atwego w obs\u0142udze jednorazowego vaporizera. Z wyborem poziom\u00f3w nikotyny, d\u0142ug\u0105 \u017cywotno\u015bci\u0105 i nowoczesnym designem, to urz\u0105dzenie jest idealnym wyborem dla ka\u017cdego palacza. Odwied\u017a vapingnet.de i zam\u00f3w ju\u017c dzi\u015b swoje WASPE 12000 Puffs!<\/p>","protected":false},"excerpt":{"rendered":"<p>WASPE 12000 Puffs \u2013 Ostateczny jednorazowy vape na d\u0142ugotrwa\u0142\u0105 przyjemno\u015b\u0107. WASPE 12000 Puffs to rewolucyjny jednorazowy e-papieros, spe\u0142niaj\u0105cy wszystkie wymagania nowoczesnych palaczy. Z...<\/p>","protected":false},"featured_media":6607,"template":"","meta":[],"etheme_brands":[],"product_brand":[98],"product_cat":[88,49,61],"product_tag":[],"class_list":{"0":"post-6642","1":"product","2":"type-product","3":"status-publish","4":"has-post-thumbnail","6":"product_brand-waspe-vape","7":"product_cat-12k-vape","8":"product_cat-einweg-e-zigarette","9":"product_cat-f","11":"first","12":"instock","13":"shipping-taxable","14":"purchasable","15":"product-type-simple"},"yoast_head":"<!-- This site is optimized with the Yoast SEO plugin v26.5 - https:\/\/yoast.com\/wordpress\/plugins\/seo\/ -->\n<title>WASPE 12000 Puffs Mit Mixed Berries Frisch Fruchtig, Und Weltweit Ein Hit | Vapingnet.de<\/title>\n<meta name=\"description\" content=\"Entdecke WASPE 12000 Puffs Mit Mixed Berries Frisch Fruchtig, Und Weltweit Ein Hit bei vapingnet.de, \u25ba Gro\u00dfe Auswahl an Geschmacksrichtungen &amp; super g\u00fcnstig!\" \/>\n<meta name=\"robots\" content=\"index, follow, max-snippet:-1, max-image-preview:large, max-video-preview:-1\" \/>\n<link rel=\"canonical\" href=\"https:\/\/vapingnet.de\/pl\/vape\/waspe-12000-puffs-mit-mixed-berries-frisch-fruchtig-und-weltweit-ein-hit\/\" \/>\n<meta property=\"og:locale\" content=\"pl_PL\" \/>\n<meta property=\"og:type\" content=\"article\" \/>\n<meta property=\"og:title\" content=\"WASPE 12000 Puffs Mit Mixed Berries Frisch Fruchtig, Und Weltweit Ein Hit | Vapingnet.de\" \/>\n<meta property=\"og:description\" content=\"Entdecke WASPE 12000 Puffs Mit Mixed Berries Frisch Fruchtig, Und Weltweit Ein Hit bei vapingnet.de, \u25ba Gro\u00dfe Auswahl an Geschmacksrichtungen &amp; super g\u00fcnstig!\" \/>\n<meta property=\"og:url\" content=\"https:\/\/vapingnet.de\/pl\/vape\/waspe-12000-puffs-mit-mixed-berries-frisch-fruchtig-und-weltweit-ein-hit\/\" \/>\n<meta property=\"og:site_name\" content=\"Vapingnet.de\" \/>\n<meta property=\"article:publisher\" content=\"https:\/\/www.facebook.com\/vapingnetde\/\" \/>\n<meta property=\"article:modified_time\" content=\"2025-06-19T03:45:12+00:00\" \/>\n<meta property=\"og:image\" content=\"https:\/\/vapingnet.de\/wp-content\/uploads\/2025\/04\/Mixed-Berries-1.webp\" \/>\n\t<meta property=\"og:image:width\" content=\"1000\" \/>\n\t<meta property=\"og:image:height\" content=\"1000\" \/>\n\t<meta property=\"og:image:type\" content=\"image\/webp\" \/>\n<meta name=\"twitter:card\" content=\"summary_large_image\" \/>\n<meta name=\"twitter:label1\" content=\"Est. reading time\" \/>\n\t<meta name=\"twitter:data1\" content=\"3 minutes\" \/>\n<script type=\"application\/ld+json\" class=\"yoast-schema-graph\">{\"@context\":\"https:\/\/schema.org\",\"@graph\":[{\"@type\":\"WebPage\",\"@id\":\"https:\/\/vapingnet.de\/vape\/waspe-12000-puffs-mit-mixed-berries-frisch-fruchtig-und-weltweit-ein-hit\/\",\"url\":\"https:\/\/vapingnet.de\/vape\/waspe-12000-puffs-mit-mixed-berries-frisch-fruchtig-und-weltweit-ein-hit\/\",\"name\":\"WASPE 12000 Puffs Mit Mixed Berries Frisch Fruchtig, Und Weltweit Ein Hit | Vapingnet.de\",\"isPartOf\":{\"@id\":\"https:\/\/vapingnet.de\/#website\"},\"primaryImageOfPage\":{\"@id\":\"https:\/\/vapingnet.de\/vape\/waspe-12000-puffs-mit-mixed-berries-frisch-fruchtig-und-weltweit-ein-hit\/#primaryimage\"},\"image\":{\"@id\":\"https:\/\/vapingnet.de\/vape\/waspe-12000-puffs-mit-mixed-berries-frisch-fruchtig-und-weltweit-ein-hit\/#primaryimage\"},\"thumbnailUrl\":\"https:\/\/vapingnet.de\/wp-content\/uploads\/2025\/04\/Mixed-Berries-1.webp\",\"datePublished\":\"2025-04-29T06:29:16+00:00\",\"dateModified\":\"2025-06-19T03:45:12+00:00\",\"description\":\"Entdecke WASPE 12000 Puffs Mit Mixed Berries Frisch Fruchtig, Und Weltweit Ein Hit bei vapingnet.de, \u25ba Gro\u00dfe Auswahl an Geschmacksrichtungen & super g\u00fcnstig!\",\"breadcrumb\":{\"@id\":\"https:\/\/vapingnet.de\/vape\/waspe-12000-puffs-mit-mixed-berries-frisch-fruchtig-und-weltweit-ein-hit\/#breadcrumb\"},\"inLanguage\":\"pl-PL\",\"potentialAction\":[{\"@type\":\"ReadAction\",\"target\":[\"https:\/\/vapingnet.de\/vape\/waspe-12000-puffs-mit-mixed-berries-frisch-fruchtig-und-weltweit-ein-hit\/\"]}]},{\"@type\":\"ImageObject\",\"inLanguage\":\"pl-PL\",\"@id\":\"https:\/\/vapingnet.de\/vape\/waspe-12000-puffs-mit-mixed-berries-frisch-fruchtig-und-weltweit-ein-hit\/#primaryimage\",\"url\":\"https:\/\/vapingnet.de\/wp-content\/uploads\/2025\/04\/Mixed-Berries-1.webp\",\"contentUrl\":\"https:\/\/vapingnet.de\/wp-content\/uploads\/2025\/04\/Mixed-Berries-1.webp\",\"width\":1000,\"height\":1000},{\"@type\":\"BreadcrumbList\",\"@id\":\"https:\/\/vapingnet.de\/vape\/waspe-12000-puffs-mit-mixed-berries-frisch-fruchtig-und-weltweit-ein-hit\/#breadcrumb\",\"itemListElement\":[{\"@type\":\"ListItem\",\"position\":1,\"name\":\"Home\",\"item\":\"https:\/\/vapingnet.de\/\"},{\"@type\":\"ListItem\",\"position\":2,\"name\":\"Shop\",\"item\":\"https:\/\/vapingnet.de\/vape\/\"},{\"@type\":\"ListItem\",\"position\":3,\"name\":\"WASPE 12000 Puffs Mit Mixed Berries Frisch Fruchtig, Und Weltweit Ein Hit\"}]},{\"@type\":\"WebSite\",\"@id\":\"https:\/\/vapingnet.de\/#website\",\"url\":\"https:\/\/vapingnet.de\/\",\"name\":\"Vapingnet.de\",\"description\":\"\",\"publisher\":{\"@id\":\"https:\/\/vapingnet.de\/#organization\"},\"potentialAction\":[{\"@type\":\"SearchAction\",\"target\":{\"@type\":\"EntryPoint\",\"urlTemplate\":\"https:\/\/vapingnet.de\/?s={search_term_string}\"},\"query-input\":{\"@type\":\"PropertyValueSpecification\",\"valueRequired\":true,\"valueName\":\"search_term_string\"}}],\"inLanguage\":\"pl-PL\"},{\"@type\":\"Organization\",\"@id\":\"https:\/\/vapingnet.de\/#organization\",\"name\":\"Vapingnet.de\",\"url\":\"https:\/\/vapingnet.de\/\",\"logo\":{\"@type\":\"ImageObject\",\"inLanguage\":\"pl-PL\",\"@id\":\"https:\/\/vapingnet.de\/#\/schema\/logo\/image\/\",\"url\":\"https:\/\/vapingnet.de\/wp-content\/uploads\/2025\/03\/cropped-vapingnet.de_.jpg\",\"contentUrl\":\"https:\/\/vapingnet.de\/wp-content\/uploads\/2025\/03\/cropped-vapingnet.de_.jpg\",\"width\":512,\"height\":512,\"caption\":\"Vapingnet.de\"},\"image\":{\"@id\":\"https:\/\/vapingnet.de\/#\/schema\/logo\/image\/\"},\"sameAs\":[\"https:\/\/www.facebook.com\/vapingnetde\/\"]}]}<\/script>\n<!-- \/ Yoast SEO plugin. -->","yoast_head_json":{"title":"WASPE 12000 Puffs Mit Mixed Berries Frisch Fruchtig, Und Weltweit Ein Hit | Vapingnet.de","description":"Entdecke WASPE 12000 Puffs Mit Mixed Berries Frisch Fruchtig, Und Weltweit Ein Hit bei vapingnet.de, \u25ba Gro\u00dfe Auswahl an Geschmacksrichtungen & super g\u00fcnstig!","robots":{"index":"index","follow":"follow","max-snippet":"max-snippet:-1","max-image-preview":"max-image-preview:large","max-video-preview":"max-video-preview:-1"},"canonical":"https:\/\/vapingnet.de\/pl\/vape\/waspe-12000-puffs-mit-mixed-berries-frisch-fruchtig-und-weltweit-ein-hit\/","og_locale":"pl_PL","og_type":"article","og_title":"WASPE 12000 Puffs Mit Mixed Berries Frisch Fruchtig, Und Weltweit Ein Hit | Vapingnet.de","og_description":"Entdecke WASPE 12000 Puffs Mit Mixed Berries Frisch Fruchtig, Und Weltweit Ein Hit bei vapingnet.de, \u25ba Gro\u00dfe Auswahl an Geschmacksrichtungen & super g\u00fcnstig!","og_url":"https:\/\/vapingnet.de\/pl\/vape\/waspe-12000-puffs-mit-mixed-berries-frisch-fruchtig-und-weltweit-ein-hit\/","og_site_name":"Vapingnet.de","article_publisher":"https:\/\/www.facebook.com\/vapingnetde\/","article_modified_time":"2025-06-19T03:45:12+00:00","og_image":[{"width":1000,"height":1000,"url":"https:\/\/vapingnet.de\/wp-content\/uploads\/2025\/04\/Mixed-Berries-1.webp","type":"image\/webp"}],"twitter_card":"summary_large_image","twitter_misc":{"Est. reading time":"3 minutes"},"schema":{"@context":"https:\/\/schema.org","@graph":[{"@type":"WebPage","@id":"https:\/\/vapingnet.de\/vape\/waspe-12000-puffs-mit-mixed-berries-frisch-fruchtig-und-weltweit-ein-hit\/","url":"https:\/\/vapingnet.de\/vape\/waspe-12000-puffs-mit-mixed-berries-frisch-fruchtig-und-weltweit-ein-hit\/","name":"WASPE 12000 Puffs Mit Mixed Berries Frisch Fruchtig, Und Weltweit Ein Hit | Vapingnet.de","isPartOf":{"@id":"https:\/\/vapingnet.de\/#website"},"primaryImageOfPage":{"@id":"https:\/\/vapingnet.de\/vape\/waspe-12000-puffs-mit-mixed-berries-frisch-fruchtig-und-weltweit-ein-hit\/#primaryimage"},"image":{"@id":"https:\/\/vapingnet.de\/vape\/waspe-12000-puffs-mit-mixed-berries-frisch-fruchtig-und-weltweit-ein-hit\/#primaryimage"},"thumbnailUrl":"https:\/\/vapingnet.de\/wp-content\/uploads\/2025\/04\/Mixed-Berries-1.webp","datePublished":"2025-04-29T06:29:16+00:00","dateModified":"2025-06-19T03:45:12+00:00","description":"Entdecke WASPE 12000 Puffs Mit Mixed Berries Frisch Fruchtig, Und Weltweit Ein Hit bei vapingnet.de, \u25ba Gro\u00dfe Auswahl an Geschmacksrichtungen & super g\u00fcnstig!","breadcrumb":{"@id":"https:\/\/vapingnet.de\/vape\/waspe-12000-puffs-mit-mixed-berries-frisch-fruchtig-und-weltweit-ein-hit\/#breadcrumb"},"inLanguage":"pl-PL","potentialAction":[{"@type":"ReadAction","target":["https:\/\/vapingnet.de\/vape\/waspe-12000-puffs-mit-mixed-berries-frisch-fruchtig-und-weltweit-ein-hit\/"]}]},{"@type":"ImageObject","inLanguage":"pl-PL","@id":"https:\/\/vapingnet.de\/vape\/waspe-12000-puffs-mit-mixed-berries-frisch-fruchtig-und-weltweit-ein-hit\/#primaryimage","url":"https:\/\/vapingnet.de\/wp-content\/uploads\/2025\/04\/Mixed-Berries-1.webp","contentUrl":"https:\/\/vapingnet.de\/wp-content\/uploads\/2025\/04\/Mixed-Berries-1.webp","width":1000,"height":1000},{"@type":"BreadcrumbList","@id":"https:\/\/vapingnet.de\/vape\/waspe-12000-puffs-mit-mixed-berries-frisch-fruchtig-und-weltweit-ein-hit\/#breadcrumb","itemListElement":[{"@type":"ListItem","position":1,"name":"Home","item":"https:\/\/vapingnet.de\/"},{"@type":"ListItem","position":2,"name":"Shop","item":"https:\/\/vapingnet.de\/vape\/"},{"@type":"ListItem","position":3,"name":"WASPE 12000 Puffs Mit Mixed Berries Frisch Fruchtig, Und Weltweit Ein Hit"}]},{"@type":"WebSite","@id":"https:\/\/vapingnet.de\/#website","url":"https:\/\/vapingnet.de\/","name":"Vapingnet.de","description":"","publisher":{"@id":"https:\/\/vapingnet.de\/#organization"},"potentialAction":[{"@type":"SearchAction","target":{"@type":"EntryPoint","urlTemplate":"https:\/\/vapingnet.de\/?s={search_term_string}"},"query-input":{"@type":"PropertyValueSpecification","valueRequired":true,"valueName":"search_term_string"}}],"inLanguage":"pl-PL"},{"@type":"Organization","@id":"https:\/\/vapingnet.de\/#organization","name":"Vapingnet.de","url":"https:\/\/vapingnet.de\/","logo":{"@type":"ImageObject","inLanguage":"pl-PL","@id":"https:\/\/vapingnet.de\/#\/schema\/logo\/image\/","url":"https:\/\/vapingnet.de\/wp-content\/uploads\/2025\/03\/cropped-vapingnet.de_.jpg","contentUrl":"https:\/\/vapingnet.de\/wp-content\/uploads\/2025\/03\/cropped-vapingnet.de_.jpg","width":512,"height":512,"caption":"Vapingnet.de"},"image":{"@id":"https:\/\/vapingnet.de\/#\/schema\/logo\/image\/"},"sameAs":["https:\/\/www.facebook.com\/vapingnetde\/"]}]}},"tiered_pricing_type":"fixed","tiered_pricing_fixed_rules":{"10":"7.50","60":"6.75","110":"6.00","200":"5.25"},"tiered_pricing_product_settings":{"layout":"default","base_unit_name":{"singular":null,"plural":null},"default_variation":null},"tiered_pricing_minimum_quantity":null,"tiered_pricing_roles_data":[],"tiered_pricing_percentage_rules":[],"_links":{"self":[{"href":"https:\/\/vapingnet.de\/pl\/wp-json\/wp\/v2\/product\/6642","targetHints":{"allow":["GET"]}}],"collection":[{"href":"https:\/\/vapingnet.de\/pl\/wp-json\/wp\/v2\/product"}],"about":[{"href":"https:\/\/vapingnet.de\/pl\/wp-json\/wp\/v2\/types\/product"}],"version-history":[{"count":1,"href":"https:\/\/vapingnet.de\/pl\/wp-json\/wp\/v2\/product\/6642\/revisions"}],"predecessor-version":[{"id":6650,"href":"https:\/\/vapingnet.de\/pl\/wp-json\/wp\/v2\/product\/6642\/revisions\/6650"}],"wp:featuredmedia":[{"embeddable":true,"href":"https:\/\/vapingnet.de\/pl\/wp-json\/wp\/v2\/media\/6607"}],"wp:attachment":[{"href":"https:\/\/vapingnet.de\/pl\/wp-json\/wp\/v2\/media?parent=6642"}],"wp:term":[{"taxonomy":"brand","embeddable":true,"href":"https:\/\/vapingnet.de\/pl\/wp-json\/wp\/v2\/etheme_brands?post=6642"},{"taxonomy":"product_brand","embeddable":true,"href":"https:\/\/vapingnet.de\/pl\/wp-json\/wp\/v2\/product_brand?post=6642"},{"taxonomy":"product_cat","embeddable":true,"href":"https:\/\/vapingnet.de\/pl\/wp-json\/wp\/v2\/product_cat?post=6642"},{"taxonomy":"product_tag","embeddable":true,"href":"https:\/\/vapingnet.de\/pl\/wp-json\/wp\/v2\/product_tag?post=6642"}],"curies":[{"name":"wp","href":"https:\/\/api.w.org\/{rel}","templated":true}]}}