{"id":6643,"date":"2025-04-29T06:29:17","date_gmt":"2025-04-29T06:29:17","guid":{"rendered":"https:\/\/vapingnet.de\/?post_type=product&#038;p=6643"},"modified":"2026-04-15T09:11:50","modified_gmt":"2026-04-15T09:11:50","slug":"waspe-12000-puffs-strawberry-kimi-der-frische-kick-der-ihre-vaping-erfahrung-veraendert","status":"publish","type":"product","link":"https:\/\/vapingnet.de\/pl\/vape\/waspe-12000-puffs-strawberry-kimi-der-frische-kick-der-ihre-vaping-erfahrung-veraendert\/","title":{"rendered":"WASPE 12000 Puffs Strawberry Kimi \u2013 Orze\u017awiaj\u0105cy kopniak, kt\u00f3ry zmienia Twoje do\u015bwiadczenie vapingowe"},"content":{"rendered":"<h2 data-start=\"0\" data-end=\"77\" data-immersive-translate-walked=\"11e8ed76-212f-417f-a5c3-4b85fc4595e4\">WASPE 12000 Puffs: Rewolucja w dziedzinie jednorazowych e-papieros\u00f3w<\/h2>\n<p class=\"\" data-start=\"79\" data-end=\"496\" data-immersive-translate-walked=\"11e8ed76-212f-417f-a5c3-4b85fc4595e4\" data-immersive-translate-paragraph=\"1\">WASPE 12000 Puffs jest jednym z najbardziej zaawansowanych jednorazowych e-papieros\u00f3w na rynku. Dzi\u0119ki najnowocze\u015bniejszej technologii, du\u017cej pojemno\u015bci i przyjaznemu dla u\u017cytkownika designowi oferuje wyj\u0105tkowe do\u015bwiadczenie vapowania dla wszystkich poszukuj\u0105cych niezawodnego i wygodnego urz\u0105dzenia. Ten e-papieros jest nie tylko odpowiedni dla pocz\u0105tkuj\u0105cych, ale tak\u017ce dla do\u015bwiadczonych vapowicz\u00f3w, kt\u00f3rzy ceni\u0105 jako\u015b\u0107 i wydajno\u015b\u0107.<\/p>\n<h3 class=\"\" data-start=\"498\" data-end=\"542\" data-immersive-translate-walked=\"11e8ed76-212f-417f-a5c3-4b85fc4595e4\">Przegl\u0105d WASPE 12000 Puffs<\/h3>\n<p class=\"\" data-start=\"544\" data-end=\"807\" data-immersive-translate-walked=\"11e8ed76-212f-417f-a5c3-4b85fc4595e4\" data-immersive-translate-paragraph=\"1\">WASPE 12000 Puffs \u0142\u0105czy imponuj\u0105c\u0105 liczb\u0119 zaci\u0105gni\u0119\u0107, prostot\u0119 obs\u0142ugi i stylowy design. Jest to jednorazowy e-papieros wyposa\u017cony w 20 ml pojemnik na e-liquid i oferuj\u0105cy szereg innowacyjnych funkcji.<\/p>\n<ul data-start=\"809\" data-end=\"1399\" data-immersive-translate-walked=\"11e8ed76-212f-417f-a5c3-4b85fc4595e4\">\n<li class=\"\" data-start=\"809\" data-end=\"935\" data-immersive-translate-walked=\"11e8ed76-212f-417f-a5c3-4b85fc4595e4\">\n<p class=\"\" data-start=\"811\" data-end=\"935\" data-immersive-translate-walked=\"11e8ed76-212f-417f-a5c3-4b85fc4595e4\" data-immersive-translate-paragraph=\"1\">12000 zaci\u0105gni\u0119\u0107: Dzi\u0119ki ogromnej pojemno\u015bci 12000 zaci\u0105gni\u0119\u0107, ten e-papieros zapewnia wyj\u0105tkowo d\u0142ug\u0105 \u017cywotno\u015b\u0107.<\/p>\n<\/li>\n<li class=\"\" data-start=\"936\" data-end=\"1038\" data-immersive-translate-walked=\"11e8ed76-212f-417f-a5c3-4b85fc4595e4\">\n<p class=\"\" data-start=\"938\" data-end=\"1038\" data-immersive-translate-walked=\"11e8ed76-212f-417f-a5c3-4b85fc4595e4\" data-immersive-translate-paragraph=\"1\">Port \u0142adowania: Akumulator 650 mAh mo\u017cna szybko i efektywnie na\u0142adowa\u0107 dzi\u0119ki portowi Type-C.<\/p>\n<\/li>\n<li class=\"\" data-start=\"1039\" data-end=\"1161\" data-immersive-translate-walked=\"11e8ed76-212f-417f-a5c3-4b85fc4595e4\">\n<p class=\"\" data-start=\"1041\" data-end=\"1161\" data-immersive-translate-walked=\"11e8ed76-212f-417f-a5c3-4b85fc4595e4\" data-immersive-translate-paragraph=\"1\">Technologia Mesh-Coil: 0,8 Ohm Mesh-Coil zapewnia r\u00f3wnomiern\u0105 produkcj\u0119 pary i wyra\u017any smak.<\/p>\n<\/li>\n<li class=\"\" data-start=\"1162\" data-end=\"1270\" data-immersive-translate-walked=\"11e8ed76-212f-417f-a5c3-4b85fc4595e4\">\n<p class=\"\" data-start=\"1164\" data-end=\"1270\" data-immersive-translate-walked=\"11e8ed76-212f-417f-a5c3-4b85fc4595e4\" data-immersive-translate-paragraph=\"1\">Pod\u015bwietlenie RGB: Wbudowane pod\u015bwietlenie RGB nadaje urz\u0105dzeniu nowoczesny, wizualny akcent.<\/p>\n<\/li>\n<li class=\"\" data-start=\"1271\" data-end=\"1399\" data-immersive-translate-walked=\"11e8ed76-212f-417f-a5c3-4b85fc4595e4\">\n<p class=\"\" data-start=\"1273\" data-end=\"1399\" data-immersive-translate-walked=\"11e8ed76-212f-417f-a5c3-4b85fc4595e4\" data-immersive-translate-paragraph=\"1\">Aktywacja Puff: Dzi\u0119ki aktywacji Puff urz\u0105dzenie uruchamia si\u0119 automatycznie po zaci\u0105gni\u0119ciu \u2013 nie potrzeba przycisk\u00f3w.<\/p>\n<\/li>\n<\/ul>\n<h4>Wydajno\u015b\u0107 i technologia<\/h4>\n<p class=\"\" data-start=\"1435\" data-end=\"1467\" data-immersive-translate-walked=\"11e8ed76-212f-417f-a5c3-4b85fc4595e4\">E-liquid i produkcja pary<\/p>\n<p class=\"\" data-start=\"1469\" data-end=\"1885\" data-immersive-translate-walked=\"11e8ed76-212f-417f-a5c3-4b85fc4595e4\" data-immersive-translate-paragraph=\"1\">WASPE 12000 Puffs jest dostarczany z 20 ml wysokiej jako\u015bci e-liquidu, kt\u00f3ry zapewnia wystarczaj\u0105c\u0105 pojemno\u015b\u0107, aby osi\u0105gn\u0105\u0107 imponuj\u0105ce 12000 zaci\u0105gni\u0119\u0107. Urz\u0105dzenie zosta\u0142o zaprojektowane tak, aby umo\u017cliwi\u0107 r\u00f3wnomierne vapowanie, a szczeg\u00f3lnie wyr\u00f3\u017cnia si\u0119 technologi\u0105 Mesh-Coil. Przy oporze 0,8 Ohm coil zapewnia idealn\u0105 produkcj\u0119 pary i intensywny smak, kt\u00f3ry podnosi jako\u015b\u0107 do\u015bwiadczenia vapowania.<\/p>\n<p class=\"\" data-start=\"1887\" data-end=\"1919\" data-immersive-translate-walked=\"11e8ed76-212f-417f-a5c3-4b85fc4595e4\">Akumulator i szybko\u015b\u0107 \u0142adowania<\/p>\n<p class=\"\" data-start=\"1921\" data-end=\"2171\" data-immersive-translate-walked=\"11e8ed76-212f-417f-a5c3-4b85fc4595e4\" data-immersive-translate-paragraph=\"1\">Dzi\u0119ki akumulatorowi 650 mAh WASPE 12000 Puffs zapewnia wystarczaj\u0105c\u0105 energi\u0119 do d\u0142ugotrwa\u0142ego u\u017cytkowania. Akumulator mo\u017cna szybko na\u0142adowa\u0107 za pomoc\u0105 nowoczesnego portu Type-C, co jest szczeg\u00f3lnie wygodne podczas podr\u00f3\u017cy lub gdy brakuje czasu na \u0142adowanie.<\/p>\n<h4>Design i obs\u0142uga<\/h4>\n<p class=\"\" data-start=\"2204\" data-end=\"2233\" data-immersive-translate-walked=\"11e8ed76-212f-417f-a5c3-4b85fc4595e4\">Stylowe pod\u015bwietlenie RGB<\/p>\n<p class=\"\" data-start=\"2235\" data-end=\"2504\" data-immersive-translate-walked=\"11e8ed76-212f-417f-a5c3-4b85fc4595e4\" data-immersive-translate-paragraph=\"1\">Design WASPE 12000 Puffs wyr\u00f3\u017cnia si\u0119 dzi\u0119ki pod\u015bwietleniu RGB. To zmieniaj\u0105ce kolor LED pod\u015bwietlenie nie tylko stanowi wizualny akcent, ale tak\u017ce zapewnia unikalne do\u015bwiadczenie vapowania, szczeg\u00f3lnie w ciemniejszych warunkach.<\/p>\n<p class=\"\" data-start=\"2506\" data-end=\"2549\" data-immersive-translate-walked=\"11e8ed76-212f-417f-a5c3-4b85fc4595e4\">Prosta obs\u0142uga dzi\u0119ki aktywacji Puff<\/p>\n<p class=\"\" data-start=\"2551\" data-end=\"2910\" data-immersive-translate-walked=\"11e8ed76-212f-417f-a5c3-4b85fc4595e4\" data-immersive-translate-paragraph=\"1\">Kolejn\u0105 praktyczn\u0105 cech\u0105 WASPE 12000 Puffs jest aktywacja Puff. Oznacza to, \u017ce urz\u0105dzenie uruchamia si\u0119 automatycznie po zaci\u0105gni\u0119ciu. Nie wymaga przycisk\u00f3w ani skomplikowanych ustawie\u0144, co czyni obs\u0142ug\u0119 niezwykle prost\u0105 \u2013 idealne dla pocz\u0105tkuj\u0105cych i dla tych, kt\u00f3rzy szukaj\u0105 nieskomplikowanego do\u015bwiadczenia vapowania.<\/p>\n<h4>Do\u015bwiadczenie smakowe<\/h4>\n<p class=\"\" data-start=\"2940\" data-end=\"3287\" data-immersive-translate-walked=\"11e8ed76-212f-417f-a5c3-4b85fc4595e4\" data-immersive-translate-paragraph=\"1\">WASPE 12000 Puffs oferuje szeroki wyb\u00f3r smak\u00f3w, z kt\u00f3rych szczeg\u00f3lnie wyr\u00f3\u017cnia si\u0119 wariant \u201eStrawberry Kimi\u201d. \u015awie\u017cy i s\u0142odki smak truskawki jest podkre\u015blony przez wysok\u0105 jako\u015b\u0107 e-liquidu, co zapewnia intensywne i d\u0142ugotrwa\u0142e doznania smakowe, kt\u00f3re przypadn\u0105 do gustu zar\u00f3wno pocz\u0105tkuj\u0105cym, jak i do\u015bwiadczonym vaporystom.<\/p>\n<h4>Wysy\u0142ka i korzy\u015bci podatkowe<\/h4>\n<p class=\"\" data-start=\"3331\" data-end=\"3618\" data-immersive-translate-walked=\"11e8ed76-212f-417f-a5c3-4b85fc4595e4\" data-immersive-translate-paragraph=\"1\">Wyj\u0105tkow\u0105 cech\u0105 WASPE 12000 Puffs jest zakup bez podatku poprzez platform\u0119 vapingnet.de. Umo\u017cliwia to kupuj\u0105cym nabycie produktu w korzystniejszej cenie. Wysy\u0142ka realizowana jest w ci\u0105gu 7 do 15 dni roboczych, co zapewnia szybk\u0105 dostaw\u0119.<\/p>\n<p class=\"\" data-start=\"3635\" data-end=\"4268\" data-immersive-translate-walked=\"11e8ed76-212f-417f-a5c3-4b85fc4595e4\" data-immersive-translate-paragraph=\"1\">WASPE 12000 Puffs oferuje niezwyk\u0142e po\u0142\u0105czenie d\u0142ugiej \u017cywotno\u015bci, \u0142atwo\u015bci obs\u0142ugi i atrakcyjnego designu. Przy wysokiej liczbie zaci\u0105gni\u0119\u0107 12000, pod\u015bwietleniu RGB, prostym aktywowaniu zaci\u0105gni\u0119cia oraz doskona\u0142ej jako\u015bci e-liquidu, ten model jest doskona\u0142ym wyborem dla vaporyst\u00f3w na ka\u017cdym poziomie zaawansowania. Mo\u017cliwo\u015b\u0107 zakupu e-papierosa bez podatku dodatkowo czyni ten produkt atrakcyjnym. Osoby poszukuj\u0105ce wydajnego, stylowego i prostego w obs\u0142udze do\u015bwiadczenia vaporowego na pewno nie b\u0119d\u0105 zawiedzione modelem WASPE 12000 Puffs.<\/p>","protected":false},"excerpt":{"rendered":"<p>WASPE 12000 Puffs: Rewolucja w dziedzinie jednorazowych e-papieros\u00f3w. WASPE 12000 Puffs to jedna z najbardziej zaawansowanych jednorazowych e-papieros\u00f3w na rynku. Z nowoczesn\u0105 technologi\u0105,...<\/p>","protected":false},"featured_media":6608,"template":"","meta":[],"etheme_brands":[],"product_brand":[98],"product_cat":[88,49,61],"product_tag":[],"class_list":{"0":"post-6643","1":"product","2":"type-product","3":"status-publish","4":"has-post-thumbnail","6":"product_brand-waspe-vape","7":"product_cat-12k-vape","8":"product_cat-einweg-e-zigarette","9":"product_cat-f","11":"first","12":"instock","13":"shipping-taxable","14":"purchasable","15":"product-type-variable"},"yoast_head":"<!-- This site is optimized with the Yoast SEO plugin v26.5 - https:\/\/yoast.com\/wordpress\/plugins\/seo\/ -->\n<title>WASPE 12000 Puffs Strawberry Kimi Der Frische Kick Der Ihre Vaping-Erfahrung Ver\u00e4ndert | Vapingnet.de<\/title>\n<meta name=\"description\" content=\"Entdecke WASPE 12000 Puffs Strawberry Kimi Der Frische Kick Der Ihre Vaping-Erfahrung Ver\u00e4ndert bei vapingnet.de, \u25ba Gro\u00dfe Auswahl an Geschmacksrichtungen &amp; super g\u00fcnstig!\" \/>\n<meta name=\"robots\" content=\"index, follow, max-snippet:-1, max-image-preview:large, max-video-preview:-1\" \/>\n<link rel=\"canonical\" href=\"https:\/\/vapingnet.de\/pl\/vape\/waspe-12000-puffs-strawberry-kimi-der-frische-kick-der-ihre-vaping-erfahrung-veraendert\/\" \/>\n<meta property=\"og:locale\" content=\"pl_PL\" \/>\n<meta property=\"og:type\" content=\"article\" \/>\n<meta property=\"og:title\" content=\"WASPE 12000 Puffs Strawberry Kimi Der Frische Kick Der Ihre Vaping-Erfahrung Ver\u00e4ndert | Vapingnet.de\" \/>\n<meta property=\"og:description\" content=\"Entdecke WASPE 12000 Puffs Strawberry Kimi Der Frische Kick Der Ihre Vaping-Erfahrung Ver\u00e4ndert bei vapingnet.de, \u25ba Gro\u00dfe Auswahl an Geschmacksrichtungen &amp; super g\u00fcnstig!\" \/>\n<meta property=\"og:url\" content=\"https:\/\/vapingnet.de\/pl\/vape\/waspe-12000-puffs-strawberry-kimi-der-frische-kick-der-ihre-vaping-erfahrung-veraendert\/\" \/>\n<meta property=\"og:site_name\" content=\"Vapingnet.de\" \/>\n<meta property=\"article:publisher\" content=\"https:\/\/www.facebook.com\/vapingnetde\/\" \/>\n<meta property=\"article:modified_time\" content=\"2026-04-15T09:11:50+00:00\" \/>\n<meta property=\"og:image\" content=\"https:\/\/vapingnet.de\/wp-content\/uploads\/2025\/04\/Strawberry-Kiwi-2.webp\" \/>\n\t<meta property=\"og:image:width\" content=\"1000\" \/>\n\t<meta property=\"og:image:height\" content=\"1000\" \/>\n\t<meta property=\"og:image:type\" content=\"image\/webp\" \/>\n<meta name=\"twitter:card\" content=\"summary_large_image\" \/>\n<meta name=\"twitter:label1\" content=\"Est. reading time\" \/>\n\t<meta name=\"twitter:data1\" content=\"4 minutes\" \/>\n<script type=\"application\/ld+json\" class=\"yoast-schema-graph\">{\"@context\":\"https:\/\/schema.org\",\"@graph\":[{\"@type\":\"WebPage\",\"@id\":\"https:\/\/vapingnet.de\/vape\/waspe-12000-puffs-strawberry-kimi-der-frische-kick-der-ihre-vaping-erfahrung-veraendert\/\",\"url\":\"https:\/\/vapingnet.de\/vape\/waspe-12000-puffs-strawberry-kimi-der-frische-kick-der-ihre-vaping-erfahrung-veraendert\/\",\"name\":\"WASPE 12000 Puffs Strawberry Kimi Der Frische Kick Der Ihre Vaping-Erfahrung Ver\u00e4ndert | Vapingnet.de\",\"isPartOf\":{\"@id\":\"https:\/\/vapingnet.de\/#website\"},\"primaryImageOfPage\":{\"@id\":\"https:\/\/vapingnet.de\/vape\/waspe-12000-puffs-strawberry-kimi-der-frische-kick-der-ihre-vaping-erfahrung-veraendert\/#primaryimage\"},\"image\":{\"@id\":\"https:\/\/vapingnet.de\/vape\/waspe-12000-puffs-strawberry-kimi-der-frische-kick-der-ihre-vaping-erfahrung-veraendert\/#primaryimage\"},\"thumbnailUrl\":\"https:\/\/vapingnet.de\/wp-content\/uploads\/2025\/04\/Strawberry-Kiwi-2.webp\",\"datePublished\":\"2025-04-29T06:29:17+00:00\",\"dateModified\":\"2026-04-15T09:11:50+00:00\",\"description\":\"Entdecke WASPE 12000 Puffs Strawberry Kimi Der Frische Kick Der Ihre Vaping-Erfahrung Ver\u00e4ndert bei vapingnet.de, \u25ba Gro\u00dfe Auswahl an Geschmacksrichtungen & super g\u00fcnstig!\",\"breadcrumb\":{\"@id\":\"https:\/\/vapingnet.de\/vape\/waspe-12000-puffs-strawberry-kimi-der-frische-kick-der-ihre-vaping-erfahrung-veraendert\/#breadcrumb\"},\"inLanguage\":\"pl-PL\",\"potentialAction\":[{\"@type\":\"ReadAction\",\"target\":[\"https:\/\/vapingnet.de\/vape\/waspe-12000-puffs-strawberry-kimi-der-frische-kick-der-ihre-vaping-erfahrung-veraendert\/\"]}]},{\"@type\":\"ImageObject\",\"inLanguage\":\"pl-PL\",\"@id\":\"https:\/\/vapingnet.de\/vape\/waspe-12000-puffs-strawberry-kimi-der-frische-kick-der-ihre-vaping-erfahrung-veraendert\/#primaryimage\",\"url\":\"https:\/\/vapingnet.de\/wp-content\/uploads\/2025\/04\/Strawberry-Kiwi-2.webp\",\"contentUrl\":\"https:\/\/vapingnet.de\/wp-content\/uploads\/2025\/04\/Strawberry-Kiwi-2.webp\",\"width\":1000,\"height\":1000},{\"@type\":\"BreadcrumbList\",\"@id\":\"https:\/\/vapingnet.de\/vape\/waspe-12000-puffs-strawberry-kimi-der-frische-kick-der-ihre-vaping-erfahrung-veraendert\/#breadcrumb\",\"itemListElement\":[{\"@type\":\"ListItem\",\"position\":1,\"name\":\"Home\",\"item\":\"https:\/\/vapingnet.de\/\"},{\"@type\":\"ListItem\",\"position\":2,\"name\":\"Shop\",\"item\":\"https:\/\/vapingnet.de\/vape\/\"},{\"@type\":\"ListItem\",\"position\":3,\"name\":\"WASPE 12000 Puffs Strawberry Kimi Der Frische Kick Der Ihre Vaping-Erfahrung Ver\u00e4ndert\"}]},{\"@type\":\"WebSite\",\"@id\":\"https:\/\/vapingnet.de\/#website\",\"url\":\"https:\/\/vapingnet.de\/\",\"name\":\"Vapingnet.de\",\"description\":\"\",\"publisher\":{\"@id\":\"https:\/\/vapingnet.de\/#organization\"},\"potentialAction\":[{\"@type\":\"SearchAction\",\"target\":{\"@type\":\"EntryPoint\",\"urlTemplate\":\"https:\/\/vapingnet.de\/?s={search_term_string}\"},\"query-input\":{\"@type\":\"PropertyValueSpecification\",\"valueRequired\":true,\"valueName\":\"search_term_string\"}}],\"inLanguage\":\"pl-PL\"},{\"@type\":\"Organization\",\"@id\":\"https:\/\/vapingnet.de\/#organization\",\"name\":\"Vapingnet.de\",\"url\":\"https:\/\/vapingnet.de\/\",\"logo\":{\"@type\":\"ImageObject\",\"inLanguage\":\"pl-PL\",\"@id\":\"https:\/\/vapingnet.de\/#\/schema\/logo\/image\/\",\"url\":\"https:\/\/vapingnet.de\/wp-content\/uploads\/2025\/03\/cropped-vapingnet.de_.jpg\",\"contentUrl\":\"https:\/\/vapingnet.de\/wp-content\/uploads\/2025\/03\/cropped-vapingnet.de_.jpg\",\"width\":512,\"height\":512,\"caption\":\"Vapingnet.de\"},\"image\":{\"@id\":\"https:\/\/vapingnet.de\/#\/schema\/logo\/image\/\"},\"sameAs\":[\"https:\/\/www.facebook.com\/vapingnetde\/\"]}]}<\/script>\n<!-- \/ Yoast SEO plugin. -->","yoast_head_json":{"title":"WASPE 12000 Puffs Strawberry Kimi Der Frische Kick Der Ihre Vaping-Erfahrung Ver\u00e4ndert | Vapingnet.de","description":"Entdecke WASPE 12000 Puffs Strawberry Kimi Der Frische Kick Der Ihre Vaping-Erfahrung Ver\u00e4ndert bei vapingnet.de, \u25ba Gro\u00dfe Auswahl an Geschmacksrichtungen & super g\u00fcnstig!","robots":{"index":"index","follow":"follow","max-snippet":"max-snippet:-1","max-image-preview":"max-image-preview:large","max-video-preview":"max-video-preview:-1"},"canonical":"https:\/\/vapingnet.de\/pl\/vape\/waspe-12000-puffs-strawberry-kimi-der-frische-kick-der-ihre-vaping-erfahrung-veraendert\/","og_locale":"pl_PL","og_type":"article","og_title":"WASPE 12000 Puffs Strawberry Kimi Der Frische Kick Der Ihre Vaping-Erfahrung Ver\u00e4ndert | Vapingnet.de","og_description":"Entdecke WASPE 12000 Puffs Strawberry Kimi Der Frische Kick Der Ihre Vaping-Erfahrung Ver\u00e4ndert bei vapingnet.de, \u25ba Gro\u00dfe Auswahl an Geschmacksrichtungen & super g\u00fcnstig!","og_url":"https:\/\/vapingnet.de\/pl\/vape\/waspe-12000-puffs-strawberry-kimi-der-frische-kick-der-ihre-vaping-erfahrung-veraendert\/","og_site_name":"Vapingnet.de","article_publisher":"https:\/\/www.facebook.com\/vapingnetde\/","article_modified_time":"2026-04-15T09:11:50+00:00","og_image":[{"width":1000,"height":1000,"url":"https:\/\/vapingnet.de\/wp-content\/uploads\/2025\/04\/Strawberry-Kiwi-2.webp","type":"image\/webp"}],"twitter_card":"summary_large_image","twitter_misc":{"Est. reading time":"4 minutes"},"schema":{"@context":"https:\/\/schema.org","@graph":[{"@type":"WebPage","@id":"https:\/\/vapingnet.de\/vape\/waspe-12000-puffs-strawberry-kimi-der-frische-kick-der-ihre-vaping-erfahrung-veraendert\/","url":"https:\/\/vapingnet.de\/vape\/waspe-12000-puffs-strawberry-kimi-der-frische-kick-der-ihre-vaping-erfahrung-veraendert\/","name":"WASPE 12000 Puffs Strawberry Kimi Der Frische Kick Der Ihre Vaping-Erfahrung Ver\u00e4ndert | Vapingnet.de","isPartOf":{"@id":"https:\/\/vapingnet.de\/#website"},"primaryImageOfPage":{"@id":"https:\/\/vapingnet.de\/vape\/waspe-12000-puffs-strawberry-kimi-der-frische-kick-der-ihre-vaping-erfahrung-veraendert\/#primaryimage"},"image":{"@id":"https:\/\/vapingnet.de\/vape\/waspe-12000-puffs-strawberry-kimi-der-frische-kick-der-ihre-vaping-erfahrung-veraendert\/#primaryimage"},"thumbnailUrl":"https:\/\/vapingnet.de\/wp-content\/uploads\/2025\/04\/Strawberry-Kiwi-2.webp","datePublished":"2025-04-29T06:29:17+00:00","dateModified":"2026-04-15T09:11:50+00:00","description":"Entdecke WASPE 12000 Puffs Strawberry Kimi Der Frische Kick Der Ihre Vaping-Erfahrung Ver\u00e4ndert bei vapingnet.de, \u25ba Gro\u00dfe Auswahl an Geschmacksrichtungen & super g\u00fcnstig!","breadcrumb":{"@id":"https:\/\/vapingnet.de\/vape\/waspe-12000-puffs-strawberry-kimi-der-frische-kick-der-ihre-vaping-erfahrung-veraendert\/#breadcrumb"},"inLanguage":"pl-PL","potentialAction":[{"@type":"ReadAction","target":["https:\/\/vapingnet.de\/vape\/waspe-12000-puffs-strawberry-kimi-der-frische-kick-der-ihre-vaping-erfahrung-veraendert\/"]}]},{"@type":"ImageObject","inLanguage":"pl-PL","@id":"https:\/\/vapingnet.de\/vape\/waspe-12000-puffs-strawberry-kimi-der-frische-kick-der-ihre-vaping-erfahrung-veraendert\/#primaryimage","url":"https:\/\/vapingnet.de\/wp-content\/uploads\/2025\/04\/Strawberry-Kiwi-2.webp","contentUrl":"https:\/\/vapingnet.de\/wp-content\/uploads\/2025\/04\/Strawberry-Kiwi-2.webp","width":1000,"height":1000},{"@type":"BreadcrumbList","@id":"https:\/\/vapingnet.de\/vape\/waspe-12000-puffs-strawberry-kimi-der-frische-kick-der-ihre-vaping-erfahrung-veraendert\/#breadcrumb","itemListElement":[{"@type":"ListItem","position":1,"name":"Home","item":"https:\/\/vapingnet.de\/"},{"@type":"ListItem","position":2,"name":"Shop","item":"https:\/\/vapingnet.de\/vape\/"},{"@type":"ListItem","position":3,"name":"WASPE 12000 Puffs Strawberry Kimi Der Frische Kick Der Ihre Vaping-Erfahrung Ver\u00e4ndert"}]},{"@type":"WebSite","@id":"https:\/\/vapingnet.de\/#website","url":"https:\/\/vapingnet.de\/","name":"Vapingnet.de","description":"","publisher":{"@id":"https:\/\/vapingnet.de\/#organization"},"potentialAction":[{"@type":"SearchAction","target":{"@type":"EntryPoint","urlTemplate":"https:\/\/vapingnet.de\/?s={search_term_string}"},"query-input":{"@type":"PropertyValueSpecification","valueRequired":true,"valueName":"search_term_string"}}],"inLanguage":"pl-PL"},{"@type":"Organization","@id":"https:\/\/vapingnet.de\/#organization","name":"Vapingnet.de","url":"https:\/\/vapingnet.de\/","logo":{"@type":"ImageObject","inLanguage":"pl-PL","@id":"https:\/\/vapingnet.de\/#\/schema\/logo\/image\/","url":"https:\/\/vapingnet.de\/wp-content\/uploads\/2025\/03\/cropped-vapingnet.de_.jpg","contentUrl":"https:\/\/vapingnet.de\/wp-content\/uploads\/2025\/03\/cropped-vapingnet.de_.jpg","width":512,"height":512,"caption":"Vapingnet.de"},"image":{"@id":"https:\/\/vapingnet.de\/#\/schema\/logo\/image\/"},"sameAs":["https:\/\/www.facebook.com\/vapingnetde\/"]}]}},"tiered_pricing_type":"fixed","tiered_pricing_fixed_rules":[],"tiered_pricing_product_settings":{"layout":"default","base_unit_name":{"singular":null,"plural":null},"default_variation":null},"tiered_pricing_minimum_quantity":null,"tiered_pricing_roles_data":[],"tiered_pricing_percentage_rules":[],"_links":{"self":[{"href":"https:\/\/vapingnet.de\/pl\/wp-json\/wp\/v2\/product\/6643","targetHints":{"allow":["GET"]}}],"collection":[{"href":"https:\/\/vapingnet.de\/pl\/wp-json\/wp\/v2\/product"}],"about":[{"href":"https:\/\/vapingnet.de\/pl\/wp-json\/wp\/v2\/types\/product"}],"version-history":[{"count":1,"href":"https:\/\/vapingnet.de\/pl\/wp-json\/wp\/v2\/product\/6643\/revisions"}],"predecessor-version":[{"id":6651,"href":"https:\/\/vapingnet.de\/pl\/wp-json\/wp\/v2\/product\/6643\/revisions\/6651"}],"wp:featuredmedia":[{"embeddable":true,"href":"https:\/\/vapingnet.de\/pl\/wp-json\/wp\/v2\/media\/6608"}],"wp:attachment":[{"href":"https:\/\/vapingnet.de\/pl\/wp-json\/wp\/v2\/media?parent=6643"}],"wp:term":[{"taxonomy":"brand","embeddable":true,"href":"https:\/\/vapingnet.de\/pl\/wp-json\/wp\/v2\/etheme_brands?post=6643"},{"taxonomy":"product_brand","embeddable":true,"href":"https:\/\/vapingnet.de\/pl\/wp-json\/wp\/v2\/product_brand?post=6643"},{"taxonomy":"product_cat","embeddable":true,"href":"https:\/\/vapingnet.de\/pl\/wp-json\/wp\/v2\/product_cat?post=6643"},{"taxonomy":"product_tag","embeddable":true,"href":"https:\/\/vapingnet.de\/pl\/wp-json\/wp\/v2\/product_tag?post=6643"}],"curies":[{"name":"wp","href":"https:\/\/api.w.org\/{rel}","templated":true}]}}