{"id":6652,"date":"2025-04-29T07:32:07","date_gmt":"2025-04-29T07:32:07","guid":{"rendered":"https:\/\/vapingnet.de\/?post_type=product&#038;p=6652"},"modified":"2026-04-15T09:09:03","modified_gmt":"2026-04-15T09:09:03","slug":"watermelon-mango-peach-waspe-12000-puffs-fuer-den-besten-vape-genuss-weltweit","status":"publish","type":"product","link":"https:\/\/vapingnet.de\/pl\/vape\/watermelon-mango-peach-waspe-12000-puffs-fuer-den-besten-vape-genuss-weltweit\/","title":{"rendered":"Arbuz Mango Brzoskwinia WASPE 12000 Puffs dla najlepszej przyjemno\u015bci vapowania na \u015bwiecie"},"content":{"rendered":"<div style=\"width: 1170px;\" class=\"wp-video\"><!--[if lt IE 9]><script>document.createElement('video');<\/script><![endif]-->\n<video class=\"wp-video-shortcode\" id=\"video-6652-1\" width=\"1170\" height=\"658\" preload=\"metadata\" controls=\"controls\"><source type=\"video\/mp4\" src=\"https:\/\/vapingnet.de\/wp-content\/uploads\/2025\/04\/12000Puffs_DigitalBox.mp4?_=1\" \/><a href=\"https:\/\/vapingnet.de\/wp-content\/uploads\/2025\/04\/12000Puffs_DigitalBox.mp4\">https:\/\/vapingnet.de\/wp-content\/uploads\/2025\/04\/12000Puffs_DigitalBox.mp4<\/a><\/video><\/div>\n<h2 data-start=\"0\" data-end=\"62\" data-immersive-translate-walked=\"c4d3469c-7724-4f99-ba05-2ec1b7fe557c\">WASPE 12000 Puffs Digital Box: Idealny wyb\u00f3r dla mi\u0142o\u015bnik\u00f3w vapingu<\/h2>\n<p class=\"\" data-start=\"64\" data-end=\"438\" data-immersive-translate-walked=\"c4d3469c-7724-4f99-ba05-2ec1b7fe557c\" data-immersive-translate-paragraph=\"1\">WASPE 12000 Puffs Digital Box reprezentuje now\u0105 generacj\u0119 jednorazowych e-papieros\u00f3w. Dzi\u0119ki zaawansowanej technologii i atrakcyjnemu designowi ten model jest skierowany do vaporyst\u00f3w, kt\u00f3rzy szukaj\u0105 d\u0142ugotrwa\u0142ego u\u017cytkowania i przyjaznego do\u015bwiadczenia. W poni\u017cszym artykule om\u00f3wimy najwa\u017cniejsze cechy i zalety WASPE 12000 Puffs Digital Box.<\/p>\n<p class=\"\" data-start=\"465\" data-end=\"903\" data-immersive-translate-walked=\"c4d3469c-7724-4f99-ba05-2ec1b7fe557c\" data-immersive-translate-paragraph=\"1\">WASPE 12000 Puffs Digital Box wyr\u00f3\u017cnia si\u0119 u\u017cyciem wysokiej jako\u015bci materia\u0142\u00f3w. Po\u0142\u0105czenie stopu aluminium i PCGT zapewnia nie tylko d\u0142ug\u0105 trwa\u0142o\u015b\u0107, ale tak\u017ce przyjemne odczucia dotykowe. Design jest smuk\u0142y i nowoczesny, co czyni urz\u0105dzenie szczeg\u00f3lnie estetycznym i jednocze\u015bnie u\u0142atwia obs\u0142ug\u0119. Kompaktowy rozmiar sprawia, \u017ce jest idealne do codziennego u\u017cytku, zar\u00f3wno w domu, jak i w podr\u00f3\u017cy.<\/p>\n<h3 class=\"\" data-start=\"905\" data-end=\"927\" data-immersive-translate-walked=\"c4d3469c-7724-4f99-ba05-2ec1b7fe557c\" data-immersive-translate-paragraph=\"1\">Dane techniczne<\/h3>\n<ul data-start=\"929\" data-end=\"2029\" data-immersive-translate-walked=\"c4d3469c-7724-4f99-ba05-2ec1b7fe557c\">\n<li class=\"\" data-start=\"929\" data-end=\"1178\" data-immersive-translate-walked=\"c4d3469c-7724-4f99-ba05-2ec1b7fe557c\">\n<p class=\"\" data-start=\"931\" data-end=\"1178\" data-immersive-translate-walked=\"c4d3469c-7724-4f99-ba05-2ec1b7fe557c\" data-immersive-translate-paragraph=\"1\">Pojemno\u015b\u0107 e-liquid: Z 20 ml WASPE 12000 Puffs Digital Box oferuje jedn\u0105 z najwi\u0119kszych pojemno\u015bci w\u015br\u00f3d jednorazowych e-papieros\u00f3w. Oznacza to, \u017ce u\u017cytkownik nie musi si\u0119 martwi\u0107 o uzupe\u0142nianie przez d\u0142ugi czas.<\/p>\n<\/li>\n<li class=\"\" data-start=\"1182\" data-end=\"1441\" data-immersive-translate-walked=\"c4d3469c-7724-4f99-ba05-2ec1b7fe557c\">\n<p class=\"\" data-start=\"1184\" data-end=\"1441\" data-immersive-translate-walked=\"c4d3469c-7724-4f99-ba05-2ec1b7fe557c\" data-immersive-translate-paragraph=\"1\">Pojemno\u015b\u0107 baterii: Wbudowana bateria o pojemno\u015bci 650 mAh zapewnia sta\u0142\u0105 wydajno\u015b\u0107 przez ca\u0142y okres u\u017cytkowania produktu i umo\u017cliwia korzystanie z do 12000 poci\u0105gni\u0119\u0107. To gwarantuje, \u017ce moc pozostaje stabilna i niezawodna.<\/p>\n<\/li>\n<li class=\"\" data-start=\"1443\" data-end=\"1661\" data-immersive-translate-walked=\"c4d3469c-7724-4f99-ba05-2ec1b7fe557c\">\n<p class=\"\" data-start=\"1445\" data-end=\"1661\" data-immersive-translate-walked=\"c4d3469c-7724-4f99-ba05-2ec1b7fe557c\" data-immersive-translate-paragraph=\"1\">Zakres mocy: WASPE 12000 Puffs Digital Box oferuje elastyczne regulacje mocy w zakresie od 7 do 12 volt\u00f3w. Dzi\u0119ki temu vaporysta mo\u017ce dostosowa\u0107 intensywno\u015b\u0107 dymu do swoich preferencji.<\/p>\n<\/li>\n<li class=\"\" data-start=\"1663\" data-end=\"1844\" data-immersive-translate-walked=\"c4d3469c-7724-4f99-ba05-2ec1b7fe557c\">\n<p class=\"\" data-start=\"1665\" data-end=\"1844\" data-immersive-translate-walked=\"c4d3469c-7724-4f99-ba05-2ec1b7fe557c\" data-immersive-translate-paragraph=\"1\">Op\u00f3r spirali: Z oporem 1,0 \u03a9, box zapewnia zr\u00f3wnowa\u017cony i przyjemny dym, odpowiedni zar\u00f3wno dla pocz\u0105tkuj\u0105cych, jak i do\u015bwiadczonych vaporyst\u00f3w.<\/p>\n<\/li>\n<li class=\"\" data-start=\"1846\" data-end=\"2029\" data-immersive-translate-walked=\"c4d3469c-7724-4f99-ba05-2ec1b7fe557c\">\n<p class=\"\" data-start=\"1848\" data-end=\"2029\" data-immersive-translate-walked=\"c4d3469c-7724-4f99-ba05-2ec1b7fe557c\" data-immersive-translate-paragraph=\"1\">Port \u0142adowania: Dzi\u0119ki nowoczesnemu portowi Type-C, szybko\u015b\u0107 \u0142adowania jest szybsza ni\u017c w starszych standardach USB. Oznacza to mniej czasu oczekiwania i \u0142atwiejsz\u0105 obs\u0142ug\u0119.<\/p>\n<\/li>\n<\/ul>\n<h4 data-start=\"2031\" data-end=\"2053\" data-immersive-translate-walked=\"c4d3469c-7724-4f99-ba05-2ec1b7fe557c\" data-immersive-translate-paragraph=\"1\">Do\u015bwiadczenie smakowe<\/h4>\n<p class=\"\" data-start=\"2055\" data-end=\"2387\" data-immersive-translate-walked=\"c4d3469c-7724-4f99-ba05-2ec1b7fe557c\" data-immersive-translate-paragraph=\"1\">WASPE 12000 Puffs Digital Box oferuje unikalny smak arbuz, mango i brzoskwinia \u2013 orze\u017awiaj\u0105c\u0105 i owocow\u0105 mieszank\u0119, kt\u00f3ra sprawia przyjemno\u015b\u0107 ka\u017cdemu vaporystowi. Ta kombinacja tropikalnych owoc\u00f3w zapewnia intensywne doznania smakowe i jest idealna do codziennego u\u017cytku.<\/p>\n<h4 data-start=\"2389\" data-end=\"2413\" data-immersive-translate-walked=\"c4d3469c-7724-4f99-ba05-2ec1b7fe557c\" data-immersive-translate-paragraph=\"1\">St\u0119\u017cenie nikotyny<\/h4>\n<p class=\"\" data-start=\"2415\" data-end=\"2700\" data-immersive-translate-walked=\"c4d3469c-7724-4f99-ba05-2ec1b7fe557c\" data-immersive-translate-paragraph=\"1\">Dzi\u0119ki dost\u0119pno\u015bci koncentracji nikotyny 2% i 5%, WASPE 12000 Puffs Digital Box oferuje szeroki wyb\u00f3r opcji. Pocz\u0105tkuj\u0105cy mog\u0105 wybra\u0107 wersj\u0119 2%, podczas gdy do\u015bwiadczeni vaporystowie mog\u0105 cieszy\u0107 si\u0119 nikotyn\u0105 o koncentracji 5%.<\/p>\n<h4 data-start=\"2702\" data-end=\"2722\" data-immersive-translate-walked=\"c4d3469c-7724-4f99-ba05-2ec1b7fe557c\" data-immersive-translate-paragraph=\"1\">Dodatkowe zalety<\/h4>\n<ul data-start=\"2724\" data-end=\"3185\" data-immersive-translate-walked=\"c4d3469c-7724-4f99-ba05-2ec1b7fe557c\">\n<li class=\"\" data-start=\"2724\" data-end=\"2876\" data-immersive-translate-walked=\"c4d3469c-7724-4f99-ba05-2ec1b7fe557c\">\n<p class=\"\" data-start=\"2726\" data-end=\"2876\" data-immersive-translate-walked=\"c4d3469c-7724-4f99-ba05-2ec1b7fe557c\" data-immersive-translate-paragraph=\"1\">\u0141atwa obs\u0142uga: WASPE 12000 Puffs Digital Box nie wymaga specjalistycznej wiedzy ani przygotowa\u0144. Wystarczy wyj\u0105\u0107 z opakowania i vapowa\u0107.<\/p>\n<\/li>\n<li class=\"\" data-start=\"2877\" data-end=\"3034\" data-immersive-translate-walked=\"c4d3469c-7724-4f99-ba05-2ec1b7fe557c\">\n<p class=\"\" data-start=\"2879\" data-end=\"3034\" data-immersive-translate-walked=\"c4d3469c-7724-4f99-ba05-2ec1b7fe557c\" data-immersive-translate-paragraph=\"1\">Brak op\u0142at celnych: Szczeg\u00f3ln\u0105 zalet\u0105 jest to, \u017ce przy zakupie nie ponosi si\u0119 dodatkowych op\u0142at celnych, co czyni produkt korzystn\u0105 opcj\u0105 cenow\u0105.<\/p>\n<\/li>\n<li class=\"\" data-start=\"3035\" data-end=\"3185\" data-immersive-translate-walked=\"c4d3469c-7724-4f99-ba05-2ec1b7fe557c\">\n<p class=\"\" data-start=\"3037\" data-end=\"3185\" data-immersive-translate-walked=\"c4d3469c-7724-4f99-ba05-2ec1b7fe557c\" data-immersive-translate-paragraph=\"1\">Szybka dostawa: Wysy\u0142ka zwykle realizowana jest w ci\u0105gu 7 do 15 dni roboczych, dzi\u0119ki czemu produkt szybko trafia do r\u0105k klienta.<\/p>\n<\/li>\n<\/ul>\n<p class=\"\" data-start=\"3198\" data-end=\"3606\" data-immersive-translate-walked=\"c4d3469c-7724-4f99-ba05-2ec1b7fe557c\" data-immersive-translate-paragraph=\"1\">WASPE 12000 Puffs Digital Box to jedna z najlepszych opcji dla vaporyst\u00f3w poszukuj\u0105cych trwa\u0142ego i niezawodnego e-papierosa. Z du\u017c\u0105 pojemno\u015bci\u0105 e-liquid, mocnym akumulatorem i wy\u015bmienitym doznaniem smakowym, ten model spe\u0142nia wszystkie wymagania nowoczesnego jednorazowego e-papierosa. Odwied\u017a vapingnet.de, aby dowiedzie\u0107 si\u0119 wi\u0119cej i z\u0142o\u017cy\u0107 zam\u00f3wienie.<\/p>","protected":false},"excerpt":{"rendered":"<p>WASPE 12000 Puffs Digital Box: Idealny wyb\u00f3r dla palaczy. WASPE 12000 Puffs Digital Box reprezentuje now\u0105 generacj\u0119 jednorazowych e-papieros\u00f3w. Z zaawansowan\u0105...<\/p>","protected":false},"featured_media":6662,"template":"","meta":[],"etheme_brands":[],"product_brand":[98],"product_cat":[88,49,61],"product_tag":[],"class_list":{"0":"post-6652","1":"product","2":"type-product","3":"status-publish","4":"has-post-thumbnail","6":"product_brand-waspe-vape","7":"product_cat-12k-vape","8":"product_cat-einweg-e-zigarette","9":"product_cat-f","11":"first","12":"instock","13":"shipping-taxable","14":"purchasable","15":"product-type-variable"},"yoast_head":"<!-- This site is optimized with the Yoast SEO plugin v26.5 - https:\/\/yoast.com\/wordpress\/plugins\/seo\/ -->\n<title>Watermelon Mango Peach WASPE 12000 Puffs F\u00fcr Den Besten Vape-Genuss Weltweit | Vapingnet.de<\/title>\n<meta name=\"description\" content=\"Entdecke Watermelon Mango Peach WASPE 12000 Puffs F\u00fcr Den Besten Vape-Genuss Weltweit bei vapingnet.de, \u25ba Gro\u00dfe Auswahl an Geschmacksrichtungen &amp; super g\u00fcnstig!\" \/>\n<meta name=\"robots\" content=\"index, follow, max-snippet:-1, max-image-preview:large, max-video-preview:-1\" \/>\n<link rel=\"canonical\" href=\"https:\/\/vapingnet.de\/pl\/vape\/watermelon-mango-peach-waspe-12000-puffs-fuer-den-besten-vape-genuss-weltweit\/\" \/>\n<meta property=\"og:locale\" content=\"pl_PL\" \/>\n<meta property=\"og:type\" content=\"article\" \/>\n<meta property=\"og:title\" content=\"Watermelon Mango Peach WASPE 12000 Puffs F\u00fcr Den Besten Vape-Genuss Weltweit | Vapingnet.de\" \/>\n<meta property=\"og:description\" content=\"Entdecke Watermelon Mango Peach WASPE 12000 Puffs F\u00fcr Den Besten Vape-Genuss Weltweit bei vapingnet.de, \u25ba Gro\u00dfe Auswahl an Geschmacksrichtungen &amp; super g\u00fcnstig!\" \/>\n<meta property=\"og:url\" content=\"https:\/\/vapingnet.de\/pl\/vape\/watermelon-mango-peach-waspe-12000-puffs-fuer-den-besten-vape-genuss-weltweit\/\" \/>\n<meta property=\"og:site_name\" content=\"Vapingnet.de\" \/>\n<meta property=\"article:publisher\" content=\"https:\/\/www.facebook.com\/vapingnetde\/\" \/>\n<meta property=\"article:modified_time\" content=\"2026-04-15T09:09:03+00:00\" \/>\n<meta property=\"og:image\" content=\"https:\/\/vapingnet.de\/wp-content\/uploads\/2025\/04\/Watermelon-Mango-Peach.webp\" \/>\n\t<meta property=\"og:image:width\" content=\"1000\" \/>\n\t<meta property=\"og:image:height\" content=\"1000\" \/>\n\t<meta property=\"og:image:type\" content=\"image\/webp\" \/>\n<meta name=\"twitter:card\" content=\"summary_large_image\" \/>\n<meta name=\"twitter:label1\" content=\"Est. reading time\" \/>\n\t<meta name=\"twitter:data1\" content=\"3 minutes\" \/>\n<script type=\"application\/ld+json\" class=\"yoast-schema-graph\">{\"@context\":\"https:\/\/schema.org\",\"@graph\":[{\"@type\":\"WebPage\",\"@id\":\"https:\/\/vapingnet.de\/vape\/watermelon-mango-peach-waspe-12000-puffs-fuer-den-besten-vape-genuss-weltweit\/\",\"url\":\"https:\/\/vapingnet.de\/vape\/watermelon-mango-peach-waspe-12000-puffs-fuer-den-besten-vape-genuss-weltweit\/\",\"name\":\"Watermelon Mango Peach WASPE 12000 Puffs F\u00fcr Den Besten Vape-Genuss Weltweit | Vapingnet.de\",\"isPartOf\":{\"@id\":\"https:\/\/vapingnet.de\/#website\"},\"primaryImageOfPage\":{\"@id\":\"https:\/\/vapingnet.de\/vape\/watermelon-mango-peach-waspe-12000-puffs-fuer-den-besten-vape-genuss-weltweit\/#primaryimage\"},\"image\":{\"@id\":\"https:\/\/vapingnet.de\/vape\/watermelon-mango-peach-waspe-12000-puffs-fuer-den-besten-vape-genuss-weltweit\/#primaryimage\"},\"thumbnailUrl\":\"https:\/\/vapingnet.de\/wp-content\/uploads\/2025\/04\/Watermelon-Mango-Peach.webp\",\"datePublished\":\"2025-04-29T07:32:07+00:00\",\"dateModified\":\"2026-04-15T09:09:03+00:00\",\"description\":\"Entdecke Watermelon Mango Peach WASPE 12000 Puffs F\u00fcr Den Besten Vape-Genuss Weltweit bei vapingnet.de, \u25ba Gro\u00dfe Auswahl an Geschmacksrichtungen & super g\u00fcnstig!\",\"breadcrumb\":{\"@id\":\"https:\/\/vapingnet.de\/vape\/watermelon-mango-peach-waspe-12000-puffs-fuer-den-besten-vape-genuss-weltweit\/#breadcrumb\"},\"inLanguage\":\"pl-PL\",\"potentialAction\":[{\"@type\":\"ReadAction\",\"target\":[\"https:\/\/vapingnet.de\/vape\/watermelon-mango-peach-waspe-12000-puffs-fuer-den-besten-vape-genuss-weltweit\/\"]}]},{\"@type\":\"ImageObject\",\"inLanguage\":\"pl-PL\",\"@id\":\"https:\/\/vapingnet.de\/vape\/watermelon-mango-peach-waspe-12000-puffs-fuer-den-besten-vape-genuss-weltweit\/#primaryimage\",\"url\":\"https:\/\/vapingnet.de\/wp-content\/uploads\/2025\/04\/Watermelon-Mango-Peach.webp\",\"contentUrl\":\"https:\/\/vapingnet.de\/wp-content\/uploads\/2025\/04\/Watermelon-Mango-Peach.webp\",\"width\":1000,\"height\":1000},{\"@type\":\"BreadcrumbList\",\"@id\":\"https:\/\/vapingnet.de\/vape\/watermelon-mango-peach-waspe-12000-puffs-fuer-den-besten-vape-genuss-weltweit\/#breadcrumb\",\"itemListElement\":[{\"@type\":\"ListItem\",\"position\":1,\"name\":\"Home\",\"item\":\"https:\/\/vapingnet.de\/\"},{\"@type\":\"ListItem\",\"position\":2,\"name\":\"Shop\",\"item\":\"https:\/\/vapingnet.de\/vape\/\"},{\"@type\":\"ListItem\",\"position\":3,\"name\":\"Watermelon Mango Peach WASPE 12000 Puffs F\u00fcr Den Besten Vape-Genuss Weltweit\"}]},{\"@type\":\"WebSite\",\"@id\":\"https:\/\/vapingnet.de\/#website\",\"url\":\"https:\/\/vapingnet.de\/\",\"name\":\"Vapingnet.de\",\"description\":\"\",\"publisher\":{\"@id\":\"https:\/\/vapingnet.de\/#organization\"},\"potentialAction\":[{\"@type\":\"SearchAction\",\"target\":{\"@type\":\"EntryPoint\",\"urlTemplate\":\"https:\/\/vapingnet.de\/?s={search_term_string}\"},\"query-input\":{\"@type\":\"PropertyValueSpecification\",\"valueRequired\":true,\"valueName\":\"search_term_string\"}}],\"inLanguage\":\"pl-PL\"},{\"@type\":\"Organization\",\"@id\":\"https:\/\/vapingnet.de\/#organization\",\"name\":\"Vapingnet.de\",\"url\":\"https:\/\/vapingnet.de\/\",\"logo\":{\"@type\":\"ImageObject\",\"inLanguage\":\"pl-PL\",\"@id\":\"https:\/\/vapingnet.de\/#\/schema\/logo\/image\/\",\"url\":\"https:\/\/vapingnet.de\/wp-content\/uploads\/2025\/03\/cropped-vapingnet.de_.jpg\",\"contentUrl\":\"https:\/\/vapingnet.de\/wp-content\/uploads\/2025\/03\/cropped-vapingnet.de_.jpg\",\"width\":512,\"height\":512,\"caption\":\"Vapingnet.de\"},\"image\":{\"@id\":\"https:\/\/vapingnet.de\/#\/schema\/logo\/image\/\"},\"sameAs\":[\"https:\/\/www.facebook.com\/vapingnetde\/\"]}]}<\/script>\n<!-- \/ Yoast SEO plugin. -->","yoast_head_json":{"title":"Watermelon Mango Peach WASPE 12000 Puffs F\u00fcr Den Besten Vape-Genuss Weltweit | Vapingnet.de","description":"Entdecke Watermelon Mango Peach WASPE 12000 Puffs F\u00fcr Den Besten Vape-Genuss Weltweit bei vapingnet.de, \u25ba Gro\u00dfe Auswahl an Geschmacksrichtungen & super g\u00fcnstig!","robots":{"index":"index","follow":"follow","max-snippet":"max-snippet:-1","max-image-preview":"max-image-preview:large","max-video-preview":"max-video-preview:-1"},"canonical":"https:\/\/vapingnet.de\/pl\/vape\/watermelon-mango-peach-waspe-12000-puffs-fuer-den-besten-vape-genuss-weltweit\/","og_locale":"pl_PL","og_type":"article","og_title":"Watermelon Mango Peach WASPE 12000 Puffs F\u00fcr Den Besten Vape-Genuss Weltweit | Vapingnet.de","og_description":"Entdecke Watermelon Mango Peach WASPE 12000 Puffs F\u00fcr Den Besten Vape-Genuss Weltweit bei vapingnet.de, \u25ba Gro\u00dfe Auswahl an Geschmacksrichtungen & super g\u00fcnstig!","og_url":"https:\/\/vapingnet.de\/pl\/vape\/watermelon-mango-peach-waspe-12000-puffs-fuer-den-besten-vape-genuss-weltweit\/","og_site_name":"Vapingnet.de","article_publisher":"https:\/\/www.facebook.com\/vapingnetde\/","article_modified_time":"2026-04-15T09:09:03+00:00","og_image":[{"width":1000,"height":1000,"url":"https:\/\/vapingnet.de\/wp-content\/uploads\/2025\/04\/Watermelon-Mango-Peach.webp","type":"image\/webp"}],"twitter_card":"summary_large_image","twitter_misc":{"Est. reading time":"3 minutes"},"schema":{"@context":"https:\/\/schema.org","@graph":[{"@type":"WebPage","@id":"https:\/\/vapingnet.de\/vape\/watermelon-mango-peach-waspe-12000-puffs-fuer-den-besten-vape-genuss-weltweit\/","url":"https:\/\/vapingnet.de\/vape\/watermelon-mango-peach-waspe-12000-puffs-fuer-den-besten-vape-genuss-weltweit\/","name":"Watermelon Mango Peach WASPE 12000 Puffs F\u00fcr Den Besten Vape-Genuss Weltweit | Vapingnet.de","isPartOf":{"@id":"https:\/\/vapingnet.de\/#website"},"primaryImageOfPage":{"@id":"https:\/\/vapingnet.de\/vape\/watermelon-mango-peach-waspe-12000-puffs-fuer-den-besten-vape-genuss-weltweit\/#primaryimage"},"image":{"@id":"https:\/\/vapingnet.de\/vape\/watermelon-mango-peach-waspe-12000-puffs-fuer-den-besten-vape-genuss-weltweit\/#primaryimage"},"thumbnailUrl":"https:\/\/vapingnet.de\/wp-content\/uploads\/2025\/04\/Watermelon-Mango-Peach.webp","datePublished":"2025-04-29T07:32:07+00:00","dateModified":"2026-04-15T09:09:03+00:00","description":"Entdecke Watermelon Mango Peach WASPE 12000 Puffs F\u00fcr Den Besten Vape-Genuss Weltweit bei vapingnet.de, \u25ba Gro\u00dfe Auswahl an Geschmacksrichtungen & super g\u00fcnstig!","breadcrumb":{"@id":"https:\/\/vapingnet.de\/vape\/watermelon-mango-peach-waspe-12000-puffs-fuer-den-besten-vape-genuss-weltweit\/#breadcrumb"},"inLanguage":"pl-PL","potentialAction":[{"@type":"ReadAction","target":["https:\/\/vapingnet.de\/vape\/watermelon-mango-peach-waspe-12000-puffs-fuer-den-besten-vape-genuss-weltweit\/"]}]},{"@type":"ImageObject","inLanguage":"pl-PL","@id":"https:\/\/vapingnet.de\/vape\/watermelon-mango-peach-waspe-12000-puffs-fuer-den-besten-vape-genuss-weltweit\/#primaryimage","url":"https:\/\/vapingnet.de\/wp-content\/uploads\/2025\/04\/Watermelon-Mango-Peach.webp","contentUrl":"https:\/\/vapingnet.de\/wp-content\/uploads\/2025\/04\/Watermelon-Mango-Peach.webp","width":1000,"height":1000},{"@type":"BreadcrumbList","@id":"https:\/\/vapingnet.de\/vape\/watermelon-mango-peach-waspe-12000-puffs-fuer-den-besten-vape-genuss-weltweit\/#breadcrumb","itemListElement":[{"@type":"ListItem","position":1,"name":"Home","item":"https:\/\/vapingnet.de\/"},{"@type":"ListItem","position":2,"name":"Shop","item":"https:\/\/vapingnet.de\/vape\/"},{"@type":"ListItem","position":3,"name":"Watermelon Mango Peach WASPE 12000 Puffs F\u00fcr Den Besten Vape-Genuss Weltweit"}]},{"@type":"WebSite","@id":"https:\/\/vapingnet.de\/#website","url":"https:\/\/vapingnet.de\/","name":"Vapingnet.de","description":"","publisher":{"@id":"https:\/\/vapingnet.de\/#organization"},"potentialAction":[{"@type":"SearchAction","target":{"@type":"EntryPoint","urlTemplate":"https:\/\/vapingnet.de\/?s={search_term_string}"},"query-input":{"@type":"PropertyValueSpecification","valueRequired":true,"valueName":"search_term_string"}}],"inLanguage":"pl-PL"},{"@type":"Organization","@id":"https:\/\/vapingnet.de\/#organization","name":"Vapingnet.de","url":"https:\/\/vapingnet.de\/","logo":{"@type":"ImageObject","inLanguage":"pl-PL","@id":"https:\/\/vapingnet.de\/#\/schema\/logo\/image\/","url":"https:\/\/vapingnet.de\/wp-content\/uploads\/2025\/03\/cropped-vapingnet.de_.jpg","contentUrl":"https:\/\/vapingnet.de\/wp-content\/uploads\/2025\/03\/cropped-vapingnet.de_.jpg","width":512,"height":512,"caption":"Vapingnet.de"},"image":{"@id":"https:\/\/vapingnet.de\/#\/schema\/logo\/image\/"},"sameAs":["https:\/\/www.facebook.com\/vapingnetde\/"]}]}},"tiered_pricing_type":"fixed","tiered_pricing_fixed_rules":[],"tiered_pricing_product_settings":{"layout":"default","base_unit_name":{"singular":null,"plural":null},"default_variation":null},"tiered_pricing_minimum_quantity":null,"tiered_pricing_roles_data":[],"tiered_pricing_percentage_rules":[],"_links":{"self":[{"href":"https:\/\/vapingnet.de\/pl\/wp-json\/wp\/v2\/product\/6652","targetHints":{"allow":["GET"]}}],"collection":[{"href":"https:\/\/vapingnet.de\/pl\/wp-json\/wp\/v2\/product"}],"about":[{"href":"https:\/\/vapingnet.de\/pl\/wp-json\/wp\/v2\/types\/product"}],"version-history":[{"count":4,"href":"https:\/\/vapingnet.de\/pl\/wp-json\/wp\/v2\/product\/6652\/revisions"}],"predecessor-version":[{"id":6900,"href":"https:\/\/vapingnet.de\/pl\/wp-json\/wp\/v2\/product\/6652\/revisions\/6900"}],"wp:featuredmedia":[{"embeddable":true,"href":"https:\/\/vapingnet.de\/pl\/wp-json\/wp\/v2\/media\/6662"}],"wp:attachment":[{"href":"https:\/\/vapingnet.de\/pl\/wp-json\/wp\/v2\/media?parent=6652"}],"wp:term":[{"taxonomy":"brand","embeddable":true,"href":"https:\/\/vapingnet.de\/pl\/wp-json\/wp\/v2\/etheme_brands?post=6652"},{"taxonomy":"product_brand","embeddable":true,"href":"https:\/\/vapingnet.de\/pl\/wp-json\/wp\/v2\/product_brand?post=6652"},{"taxonomy":"product_cat","embeddable":true,"href":"https:\/\/vapingnet.de\/pl\/wp-json\/wp\/v2\/product_cat?post=6652"},{"taxonomy":"product_tag","embeddable":true,"href":"https:\/\/vapingnet.de\/pl\/wp-json\/wp\/v2\/product_tag?post=6652"}],"curies":[{"name":"wp","href":"https:\/\/api.w.org\/{rel}","templated":true}]}}