{"id":6666,"date":"2025-04-29T07:51:31","date_gmt":"2025-04-29T07:51:31","guid":{"rendered":"https:\/\/vapingnet.de\/?post_type=product&#038;p=6666"},"modified":"2026-04-15T09:08:33","modified_gmt":"2026-04-15T09:08:33","slug":"waspe-12000-puffs-digital-box-dein-strawberry-watermelon-genuss-ohne-steuern-top-qualitaet-zum-grosshandelspreis","status":"publish","type":"product","link":"https:\/\/vapingnet.de\/pl\/vape\/waspe-12000-puffs-digital-box-dein-strawberry-watermelon-genuss-ohne-steuern-top-qualitaet-zum-grosshandelspreis\/","title":{"rendered":"WASPE 12000 Puffs Digital Box Tw\u00f3j smak truskawki z arbuzem bez podatk\u00f3w najwy\u017csza jako\u015b\u0107 w hurcie"},"content":{"rendered":"<h2 data-start=\"0\" data-end=\"79\" data-immersive-translate-walked=\"6f3191cd-237b-4ae5-a2ce-1450077e515d\">WASPE 12000 Puffs Digital Box: Innowacyjny wyb\u00f3r w dziedzinie jednorazowych e-papieros\u00f3w<\/h2>\n<p class=\"\" data-start=\"81\" data-end=\"366\" data-immersive-translate-walked=\"6f3191cd-237b-4ae5-a2ce-1450077e515d\" data-immersive-translate-paragraph=\"1\">WASPE 12000 Puffs Digital Box to wybitny przyk\u0142ad nowoczesnych jednorazowych e-papieros\u00f3w. Dzi\u0119ki wielu zaawansowanym funkcjom i eleganckiemu designowi stanowi interesuj\u0105c\u0105 opcj\u0119 dla waper\u00f3w poszukuj\u0105cych trwa\u0142ego i przyjaznego dla u\u017cytkownika rozwi\u0105zania.<\/p>\n<h4 data-start=\"368\" data-end=\"396\">Materia\u0142y i konstrukcja<\/h4>\n<p class=\"\" data-start=\"398\" data-end=\"787\" data-immersive-translate-walked=\"6f3191cd-237b-4ae5-a2ce-1450077e515d\" data-immersive-translate-paragraph=\"1\">Po\u0142\u0105czenie stopu aluminium i PCGT (poliw\u0119glan G-Tag) zapewnia, \u017ce WASPE 12000 Puffs Digital Box jest zar\u00f3wno wytrzyma\u0142y, jak i lekki. Materia\u0142y te oferuj\u0105 doskona\u0142\u0105 odporno\u015b\u0107 na czynniki zewn\u0119trzne i sprawiaj\u0105, \u017ce urz\u0105dzenie jest trwa\u0142e i odporne na zarysowania i uderzenia. Elegancki design zapewnia r\u00f3wnie\u017c wygodn\u0105 obs\u0142ug\u0119.<\/p>\n<h3>Specyfikacje techniczne<\/h3>\n<ul data-start=\"821\" data-end=\"1740\">\n<li class=\"\" data-start=\"821\" data-end=\"1057\">\n<p class=\"\" data-start=\"823\" data-end=\"1057\" data-immersive-translate-walked=\"6f3191cd-237b-4ae5-a2ce-1450077e515d\" data-immersive-translate-paragraph=\"1\">Pojemno\u015b\u0107 e-liquidu: Dzi\u0119ki 20 ml e-liquidu WASPE 12000 Puffs Digital Box oferuje znaczn\u0105 pojemno\u015b\u0107. Wystarcza to na oko\u0142o 12000 zaci\u0105gni\u0119\u0107, co umo\u017cliwia d\u0142ugotrwa\u0142e u\u017cytkowanie bez konieczno\u015bci cz\u0119stego uzupe\u0142niania.<\/p>\n<\/li>\n<li class=\"\" data-start=\"1059\" data-end=\"1313\">\n<p class=\"\" data-start=\"1061\" data-end=\"1313\" data-immersive-translate-walked=\"6f3191cd-237b-4ae5-a2ce-1450077e515d\" data-immersive-translate-paragraph=\"1\">Pojemno\u015b\u0107 baterii: Box jest wyposa\u017cony w bateri\u0119 o pojemno\u015bci 650 mAh, kt\u00f3ra zapewnia wystarczaj\u0105c\u0105 ilo\u015b\u0107 energii na ca\u0142y okres u\u017cytkowania produktu. Wydajno\u015b\u0107 baterii zapewnia niezawodne dzia\u0142anie boxa, a\u017c do wyczerpania zaci\u0105gni\u0119\u0107.<\/p>\n<\/li>\n<li class=\"\" data-start=\"1315\" data-end=\"1550\">\n<p class=\"\" data-start=\"1317\" data-end=\"1550\" data-immersive-translate-walked=\"6f3191cd-237b-4ae5-a2ce-1450077e515d\" data-immersive-translate-paragraph=\"1\">Zakres mocy: WASPE 12000 Puffs Digital Box oferuje zakres mocy od 7 do 12 V. Umo\u017cliwia to u\u017cytkownikom dostosowanie mocy pary do w\u0142asnych upodoba\u0144 i dopasowanie intensywno\u015bci pary do swoich preferencji.<\/p>\n<\/li>\n<li class=\"\" data-start=\"1552\" data-end=\"1740\">\n<p class=\"\" data-start=\"1554\" data-end=\"1740\" data-immersive-translate-walked=\"6f3191cd-237b-4ae5-a2ce-1450077e515d\" data-immersive-translate-paragraph=\"1\">Oporno\u015b\u0107 grza\u0142ki: Przy oporno\u015bci 1,0 \u03a9 urz\u0105dzenie zapewnia sta\u0142\u0105, r\u00f3wnomiern\u0105 par\u0119. Ta oporno\u015b\u0107 jest idealna do zapewnienia przyjemnego wapowania.<\/p>\n<\/li>\n<\/ul>\n<h4 data-start=\"1742\" data-end=\"1764\">Do\u015bwiadczenie smakowe<\/h4>\n<p class=\"\" data-start=\"1766\" data-end=\"2136\" data-immersive-translate-walked=\"6f3191cd-237b-4ae5-a2ce-1450077e515d\" data-immersive-translate-paragraph=\"1\">Model jest dost\u0119pny w smaku, kt\u00f3ry jest szczeg\u00f3lnie interesuj\u0105cy dla mi\u0142o\u015bnik\u00f3w owocowych aromat\u00f3w: truskawka i arbuz. To po\u0142\u0105czenie zapewnia \u015bwie\u017cy, s\u0142odki smak, kt\u00f3ry sprawia, \u017ce wapowanie staje si\u0119 przyjemnym do\u015bwiadczeniem. Mieszanka s\u0142odkich truskawek i orze\u017awiaj\u0105cego arbuza tworzy zr\u00f3wnowa\u017con\u0105 i o\u017cywiaj\u0105c\u0105 kompozycj\u0119 smakow\u0105.<\/p>\n<h4 data-start=\"2138\" data-end=\"2162\" data-immersive-translate-walked=\"6f3191cd-237b-4ae5-a2ce-1450077e515d\" data-immersive-translate-paragraph=\"1\">St\u0119\u017cenie nikotyny<\/h4>\n<p class=\"\" data-start=\"2164\" data-end=\"2517\" data-immersive-translate-walked=\"6f3191cd-237b-4ae5-a2ce-1450077e515d\" data-immersive-translate-paragraph=\"1\">WASPE 12000 Puffs Digital Box jest dost\u0119pny w dw\u00f3ch st\u0119\u017ceniach nikotyny: 2% i 5%. Te opcje daj\u0105 u\u017cytkownikom mo\u017cliwo\u015b\u0107 wyboru odpowiedniego dla nich poziomu nikotyny. Pocz\u0105tkuj\u0105cy mog\u0105 zdecydowa\u0107 si\u0119 na \u0142agodniejszy wariant 2%, podczas gdy do\u015bwiadczeni waperzy preferuj\u0105 opcj\u0119 5%, aby regulowa\u0107 spo\u017cycie nikotyny zgodnie z w\u0142asnymi preferencjami.<\/p>\n<h3>Zalety WASPE 12000 Puffs Digital Box<\/h3>\n<ul data-start=\"2567\" data-end=\"3149\">\n<li class=\"\" data-start=\"2567\" data-end=\"2801\">\n<p class=\"\" data-start=\"2569\" data-end=\"2801\" data-immersive-translate-walked=\"6f3191cd-237b-4ae5-a2ce-1450077e515d\" data-immersive-translate-paragraph=\"1\">Brak c\u0142a importowego: Du\u017c\u0105 zalet\u0105 WASPE 12000 Puffs Digital Box jest brak dodatkowych podatk\u00f3w importowych lub ce\u0142 przy zakupie. To sprawia, \u017ce urz\u0105dzenie jest szczeg\u00f3lnie op\u0142acalne dla kupuj\u0105cych z r\u00f3\u017cnych region\u00f3w.<\/p>\n<\/li>\n<li class=\"\" data-start=\"2803\" data-end=\"2962\">\n<p class=\"\" data-start=\"2805\" data-end=\"2962\" data-immersive-translate-walked=\"6f3191cd-237b-4ae5-a2ce-1450077e515d\" data-immersive-translate-paragraph=\"1\">Szybka dostawa: Czas wysy\u0142ki wynosi zazwyczaj tylko od 7 do 15 dni roboczych. Dzi\u0119ki temu kupuj\u0105cy otrzymuj\u0105 swoje zam\u00f3wienie szybko i bez d\u0142ugiego oczekiwania.<\/p>\n<\/li>\n<li class=\"\" data-start=\"2964\" data-end=\"3149\">\n<p class=\"\" data-start=\"2966\" data-end=\"3149\" data-immersive-translate-walked=\"6f3191cd-237b-4ae5-a2ce-1450077e515d\" data-immersive-translate-paragraph=\"1\">Wygodna obs\u0142uga: WASPE 12000 Puffs Digital Box nie wymaga dodatkowej konserwacji ani przygotowania. Po rozpakowaniu u\u017cytkownik mo\u017ce od razu rozpocz\u0105\u0107 wapowanie.<\/p>\n<\/li>\n<\/ul>\n<h4 data-start=\"3151\" data-end=\"3188\" data-immersive-translate-walked=\"6f3191cd-237b-4ae5-a2ce-1450077e515d\" data-immersive-translate-paragraph=\"1\">Port \u0142adowania i komfort u\u017cytkowania<\/h4>\n<p class=\"\" data-start=\"3190\" data-end=\"3409\" data-immersive-translate-walked=\"6f3191cd-237b-4ae5-a2ce-1450077e515d\" data-immersive-translate-paragraph=\"1\">Box jest wyposa\u017cony w nowoczesny port \u0142adowania Type-C, kt\u00f3ry umo\u017cliwia szybkie i wydajne \u0142adowanie. U\u017cytkownicy mog\u0105 szybko na\u0142adowa\u0107 urz\u0105dzenie, dzi\u0119ki czemu jest ono w kr\u00f3tkim czasie ponownie gotowe do u\u017cycia.<\/p>","protected":false},"excerpt":{"rendered":"<p>WASPE 12000 Puffs Digital Box: Innowacyjny wyb\u00f3r w zakresie jednorazowych vape'\u00f3w. WASPE 12000 Puffs Digital Box to doskona\u0142y przyk\u0142ad nowoczesnych jednorazowych e-papieros\u00f3w. Z...<\/p>","protected":false},"featured_media":6660,"template":"","meta":[],"etheme_brands":[],"product_brand":[98],"product_cat":[88,49,61],"product_tag":[],"class_list":{"0":"post-6666","1":"product","2":"type-product","3":"status-publish","4":"has-post-thumbnail","6":"product_brand-waspe-vape","7":"product_cat-12k-vape","8":"product_cat-einweg-e-zigarette","9":"product_cat-f","11":"first","12":"instock","13":"shipping-taxable","14":"purchasable","15":"product-type-variable"},"yoast_head":"<!-- This site is optimized with the Yoast SEO plugin v26.5 - https:\/\/yoast.com\/wordpress\/plugins\/seo\/ -->\n<title>WASPE 12000 Puffs Digital Box Dein Strawberry Watermelon Genuss Ohne Steuern Top Qualit\u00e4t zum Gro\u00dfhandelspreis | Vapingnet.de<\/title>\n<meta name=\"description\" content=\"Entdecke WASPE 12000 Puffs Digital Box Dein Strawberry Watermelon Genuss Ohne Steuern Top Qualit\u00e4t zum Gro\u00dfhandelspreis bei vapingnet.de, \u25ba Gro\u00dfe Auswahl an Geschmacksrichtungen &amp; super g\u00fcnstig!\" \/>\n<meta name=\"robots\" content=\"index, follow, max-snippet:-1, max-image-preview:large, max-video-preview:-1\" \/>\n<link rel=\"canonical\" href=\"https:\/\/vapingnet.de\/pl\/vape\/waspe-12000-puffs-digital-box-dein-strawberry-watermelon-genuss-ohne-steuern-top-qualitaet-zum-grosshandelspreis\/\" \/>\n<meta property=\"og:locale\" content=\"pl_PL\" \/>\n<meta property=\"og:type\" content=\"article\" \/>\n<meta property=\"og:title\" content=\"WASPE 12000 Puffs Digital Box Dein Strawberry Watermelon Genuss Ohne Steuern Top Qualit\u00e4t zum Gro\u00dfhandelspreis | Vapingnet.de\" \/>\n<meta property=\"og:description\" content=\"Entdecke WASPE 12000 Puffs Digital Box Dein Strawberry Watermelon Genuss Ohne Steuern Top Qualit\u00e4t zum Gro\u00dfhandelspreis bei vapingnet.de, \u25ba Gro\u00dfe Auswahl an Geschmacksrichtungen &amp; super g\u00fcnstig!\" \/>\n<meta property=\"og:url\" content=\"https:\/\/vapingnet.de\/pl\/vape\/waspe-12000-puffs-digital-box-dein-strawberry-watermelon-genuss-ohne-steuern-top-qualitaet-zum-grosshandelspreis\/\" \/>\n<meta property=\"og:site_name\" content=\"Vapingnet.de\" \/>\n<meta property=\"article:publisher\" content=\"https:\/\/www.facebook.com\/vapingnetde\/\" \/>\n<meta property=\"article:modified_time\" content=\"2026-04-15T09:08:33+00:00\" \/>\n<meta property=\"og:image\" content=\"https:\/\/vapingnet.de\/wp-content\/uploads\/2025\/04\/Strawberry-Watermelon-6.webp\" \/>\n\t<meta property=\"og:image:width\" content=\"1000\" \/>\n\t<meta property=\"og:image:height\" content=\"1000\" \/>\n\t<meta property=\"og:image:type\" content=\"image\/webp\" \/>\n<meta name=\"twitter:card\" content=\"summary_large_image\" \/>\n<meta name=\"twitter:label1\" content=\"Est. reading time\" \/>\n\t<meta name=\"twitter:data1\" content=\"3 minutes\" \/>\n<script type=\"application\/ld+json\" class=\"yoast-schema-graph\">{\"@context\":\"https:\/\/schema.org\",\"@graph\":[{\"@type\":\"WebPage\",\"@id\":\"https:\/\/vapingnet.de\/vape\/waspe-12000-puffs-digital-box-dein-strawberry-watermelon-genuss-ohne-steuern-top-qualitaet-zum-grosshandelspreis\/\",\"url\":\"https:\/\/vapingnet.de\/vape\/waspe-12000-puffs-digital-box-dein-strawberry-watermelon-genuss-ohne-steuern-top-qualitaet-zum-grosshandelspreis\/\",\"name\":\"WASPE 12000 Puffs Digital Box Dein Strawberry Watermelon Genuss Ohne Steuern Top Qualit\u00e4t zum Gro\u00dfhandelspreis | Vapingnet.de\",\"isPartOf\":{\"@id\":\"https:\/\/vapingnet.de\/#website\"},\"primaryImageOfPage\":{\"@id\":\"https:\/\/vapingnet.de\/vape\/waspe-12000-puffs-digital-box-dein-strawberry-watermelon-genuss-ohne-steuern-top-qualitaet-zum-grosshandelspreis\/#primaryimage\"},\"image\":{\"@id\":\"https:\/\/vapingnet.de\/vape\/waspe-12000-puffs-digital-box-dein-strawberry-watermelon-genuss-ohne-steuern-top-qualitaet-zum-grosshandelspreis\/#primaryimage\"},\"thumbnailUrl\":\"https:\/\/vapingnet.de\/wp-content\/uploads\/2025\/04\/Strawberry-Watermelon-6.webp\",\"datePublished\":\"2025-04-29T07:51:31+00:00\",\"dateModified\":\"2026-04-15T09:08:33+00:00\",\"description\":\"Entdecke WASPE 12000 Puffs Digital Box Dein Strawberry Watermelon Genuss Ohne Steuern Top Qualit\u00e4t zum Gro\u00dfhandelspreis bei vapingnet.de, \u25ba Gro\u00dfe Auswahl an Geschmacksrichtungen & super g\u00fcnstig!\",\"breadcrumb\":{\"@id\":\"https:\/\/vapingnet.de\/vape\/waspe-12000-puffs-digital-box-dein-strawberry-watermelon-genuss-ohne-steuern-top-qualitaet-zum-grosshandelspreis\/#breadcrumb\"},\"inLanguage\":\"pl-PL\",\"potentialAction\":[{\"@type\":\"ReadAction\",\"target\":[\"https:\/\/vapingnet.de\/vape\/waspe-12000-puffs-digital-box-dein-strawberry-watermelon-genuss-ohne-steuern-top-qualitaet-zum-grosshandelspreis\/\"]}]},{\"@type\":\"ImageObject\",\"inLanguage\":\"pl-PL\",\"@id\":\"https:\/\/vapingnet.de\/vape\/waspe-12000-puffs-digital-box-dein-strawberry-watermelon-genuss-ohne-steuern-top-qualitaet-zum-grosshandelspreis\/#primaryimage\",\"url\":\"https:\/\/vapingnet.de\/wp-content\/uploads\/2025\/04\/Strawberry-Watermelon-6.webp\",\"contentUrl\":\"https:\/\/vapingnet.de\/wp-content\/uploads\/2025\/04\/Strawberry-Watermelon-6.webp\",\"width\":1000,\"height\":1000},{\"@type\":\"BreadcrumbList\",\"@id\":\"https:\/\/vapingnet.de\/vape\/waspe-12000-puffs-digital-box-dein-strawberry-watermelon-genuss-ohne-steuern-top-qualitaet-zum-grosshandelspreis\/#breadcrumb\",\"itemListElement\":[{\"@type\":\"ListItem\",\"position\":1,\"name\":\"Home\",\"item\":\"https:\/\/vapingnet.de\/\"},{\"@type\":\"ListItem\",\"position\":2,\"name\":\"Shop\",\"item\":\"https:\/\/vapingnet.de\/vape\/\"},{\"@type\":\"ListItem\",\"position\":3,\"name\":\"WASPE 12000 Puffs Digital Box Dein Strawberry Watermelon Genuss Ohne Steuern Top Qualit\u00e4t zum Gro\u00dfhandelspreis\"}]},{\"@type\":\"WebSite\",\"@id\":\"https:\/\/vapingnet.de\/#website\",\"url\":\"https:\/\/vapingnet.de\/\",\"name\":\"Vapingnet.de\",\"description\":\"\",\"publisher\":{\"@id\":\"https:\/\/vapingnet.de\/#organization\"},\"potentialAction\":[{\"@type\":\"SearchAction\",\"target\":{\"@type\":\"EntryPoint\",\"urlTemplate\":\"https:\/\/vapingnet.de\/?s={search_term_string}\"},\"query-input\":{\"@type\":\"PropertyValueSpecification\",\"valueRequired\":true,\"valueName\":\"search_term_string\"}}],\"inLanguage\":\"pl-PL\"},{\"@type\":\"Organization\",\"@id\":\"https:\/\/vapingnet.de\/#organization\",\"name\":\"Vapingnet.de\",\"url\":\"https:\/\/vapingnet.de\/\",\"logo\":{\"@type\":\"ImageObject\",\"inLanguage\":\"pl-PL\",\"@id\":\"https:\/\/vapingnet.de\/#\/schema\/logo\/image\/\",\"url\":\"https:\/\/vapingnet.de\/wp-content\/uploads\/2025\/03\/cropped-vapingnet.de_.jpg\",\"contentUrl\":\"https:\/\/vapingnet.de\/wp-content\/uploads\/2025\/03\/cropped-vapingnet.de_.jpg\",\"width\":512,\"height\":512,\"caption\":\"Vapingnet.de\"},\"image\":{\"@id\":\"https:\/\/vapingnet.de\/#\/schema\/logo\/image\/\"},\"sameAs\":[\"https:\/\/www.facebook.com\/vapingnetde\/\"]}]}<\/script>\n<!-- \/ Yoast SEO plugin. -->","yoast_head_json":{"title":"WASPE 12000 Puffs Digital Box Dein Strawberry Watermelon Genuss Ohne Steuern Top Qualit\u00e4t zum Gro\u00dfhandelspreis | Vapingnet.de","description":"Entdecke WASPE 12000 Puffs Digital Box Dein Strawberry Watermelon Genuss Ohne Steuern Top Qualit\u00e4t zum Gro\u00dfhandelspreis bei vapingnet.de, \u25ba Gro\u00dfe Auswahl an Geschmacksrichtungen & super g\u00fcnstig!","robots":{"index":"index","follow":"follow","max-snippet":"max-snippet:-1","max-image-preview":"max-image-preview:large","max-video-preview":"max-video-preview:-1"},"canonical":"https:\/\/vapingnet.de\/pl\/vape\/waspe-12000-puffs-digital-box-dein-strawberry-watermelon-genuss-ohne-steuern-top-qualitaet-zum-grosshandelspreis\/","og_locale":"pl_PL","og_type":"article","og_title":"WASPE 12000 Puffs Digital Box Dein Strawberry Watermelon Genuss Ohne Steuern Top Qualit\u00e4t zum Gro\u00dfhandelspreis | Vapingnet.de","og_description":"Entdecke WASPE 12000 Puffs Digital Box Dein Strawberry Watermelon Genuss Ohne Steuern Top Qualit\u00e4t zum Gro\u00dfhandelspreis bei vapingnet.de, \u25ba Gro\u00dfe Auswahl an Geschmacksrichtungen & super g\u00fcnstig!","og_url":"https:\/\/vapingnet.de\/pl\/vape\/waspe-12000-puffs-digital-box-dein-strawberry-watermelon-genuss-ohne-steuern-top-qualitaet-zum-grosshandelspreis\/","og_site_name":"Vapingnet.de","article_publisher":"https:\/\/www.facebook.com\/vapingnetde\/","article_modified_time":"2026-04-15T09:08:33+00:00","og_image":[{"width":1000,"height":1000,"url":"https:\/\/vapingnet.de\/wp-content\/uploads\/2025\/04\/Strawberry-Watermelon-6.webp","type":"image\/webp"}],"twitter_card":"summary_large_image","twitter_misc":{"Est. reading time":"3 minutes"},"schema":{"@context":"https:\/\/schema.org","@graph":[{"@type":"WebPage","@id":"https:\/\/vapingnet.de\/vape\/waspe-12000-puffs-digital-box-dein-strawberry-watermelon-genuss-ohne-steuern-top-qualitaet-zum-grosshandelspreis\/","url":"https:\/\/vapingnet.de\/vape\/waspe-12000-puffs-digital-box-dein-strawberry-watermelon-genuss-ohne-steuern-top-qualitaet-zum-grosshandelspreis\/","name":"WASPE 12000 Puffs Digital Box Dein Strawberry Watermelon Genuss Ohne Steuern Top Qualit\u00e4t zum Gro\u00dfhandelspreis | Vapingnet.de","isPartOf":{"@id":"https:\/\/vapingnet.de\/#website"},"primaryImageOfPage":{"@id":"https:\/\/vapingnet.de\/vape\/waspe-12000-puffs-digital-box-dein-strawberry-watermelon-genuss-ohne-steuern-top-qualitaet-zum-grosshandelspreis\/#primaryimage"},"image":{"@id":"https:\/\/vapingnet.de\/vape\/waspe-12000-puffs-digital-box-dein-strawberry-watermelon-genuss-ohne-steuern-top-qualitaet-zum-grosshandelspreis\/#primaryimage"},"thumbnailUrl":"https:\/\/vapingnet.de\/wp-content\/uploads\/2025\/04\/Strawberry-Watermelon-6.webp","datePublished":"2025-04-29T07:51:31+00:00","dateModified":"2026-04-15T09:08:33+00:00","description":"Entdecke WASPE 12000 Puffs Digital Box Dein Strawberry Watermelon Genuss Ohne Steuern Top Qualit\u00e4t zum Gro\u00dfhandelspreis bei vapingnet.de, \u25ba Gro\u00dfe Auswahl an Geschmacksrichtungen & super g\u00fcnstig!","breadcrumb":{"@id":"https:\/\/vapingnet.de\/vape\/waspe-12000-puffs-digital-box-dein-strawberry-watermelon-genuss-ohne-steuern-top-qualitaet-zum-grosshandelspreis\/#breadcrumb"},"inLanguage":"pl-PL","potentialAction":[{"@type":"ReadAction","target":["https:\/\/vapingnet.de\/vape\/waspe-12000-puffs-digital-box-dein-strawberry-watermelon-genuss-ohne-steuern-top-qualitaet-zum-grosshandelspreis\/"]}]},{"@type":"ImageObject","inLanguage":"pl-PL","@id":"https:\/\/vapingnet.de\/vape\/waspe-12000-puffs-digital-box-dein-strawberry-watermelon-genuss-ohne-steuern-top-qualitaet-zum-grosshandelspreis\/#primaryimage","url":"https:\/\/vapingnet.de\/wp-content\/uploads\/2025\/04\/Strawberry-Watermelon-6.webp","contentUrl":"https:\/\/vapingnet.de\/wp-content\/uploads\/2025\/04\/Strawberry-Watermelon-6.webp","width":1000,"height":1000},{"@type":"BreadcrumbList","@id":"https:\/\/vapingnet.de\/vape\/waspe-12000-puffs-digital-box-dein-strawberry-watermelon-genuss-ohne-steuern-top-qualitaet-zum-grosshandelspreis\/#breadcrumb","itemListElement":[{"@type":"ListItem","position":1,"name":"Home","item":"https:\/\/vapingnet.de\/"},{"@type":"ListItem","position":2,"name":"Shop","item":"https:\/\/vapingnet.de\/vape\/"},{"@type":"ListItem","position":3,"name":"WASPE 12000 Puffs Digital Box Dein Strawberry Watermelon Genuss Ohne Steuern Top Qualit\u00e4t zum Gro\u00dfhandelspreis"}]},{"@type":"WebSite","@id":"https:\/\/vapingnet.de\/#website","url":"https:\/\/vapingnet.de\/","name":"Vapingnet.de","description":"","publisher":{"@id":"https:\/\/vapingnet.de\/#organization"},"potentialAction":[{"@type":"SearchAction","target":{"@type":"EntryPoint","urlTemplate":"https:\/\/vapingnet.de\/?s={search_term_string}"},"query-input":{"@type":"PropertyValueSpecification","valueRequired":true,"valueName":"search_term_string"}}],"inLanguage":"pl-PL"},{"@type":"Organization","@id":"https:\/\/vapingnet.de\/#organization","name":"Vapingnet.de","url":"https:\/\/vapingnet.de\/","logo":{"@type":"ImageObject","inLanguage":"pl-PL","@id":"https:\/\/vapingnet.de\/#\/schema\/logo\/image\/","url":"https:\/\/vapingnet.de\/wp-content\/uploads\/2025\/03\/cropped-vapingnet.de_.jpg","contentUrl":"https:\/\/vapingnet.de\/wp-content\/uploads\/2025\/03\/cropped-vapingnet.de_.jpg","width":512,"height":512,"caption":"Vapingnet.de"},"image":{"@id":"https:\/\/vapingnet.de\/#\/schema\/logo\/image\/"},"sameAs":["https:\/\/www.facebook.com\/vapingnetde\/"]}]}},"tiered_pricing_type":"fixed","tiered_pricing_fixed_rules":[],"tiered_pricing_product_settings":{"layout":"default","base_unit_name":{"singular":null,"plural":null},"default_variation":null},"tiered_pricing_minimum_quantity":null,"tiered_pricing_roles_data":[],"tiered_pricing_percentage_rules":[],"_links":{"self":[{"href":"https:\/\/vapingnet.de\/pl\/wp-json\/wp\/v2\/product\/6666","targetHints":{"allow":["GET"]}}],"collection":[{"href":"https:\/\/vapingnet.de\/pl\/wp-json\/wp\/v2\/product"}],"about":[{"href":"https:\/\/vapingnet.de\/pl\/wp-json\/wp\/v2\/types\/product"}],"version-history":[{"count":1,"href":"https:\/\/vapingnet.de\/pl\/wp-json\/wp\/v2\/product\/6666\/revisions"}],"predecessor-version":[{"id":6672,"href":"https:\/\/vapingnet.de\/pl\/wp-json\/wp\/v2\/product\/6666\/revisions\/6672"}],"wp:featuredmedia":[{"embeddable":true,"href":"https:\/\/vapingnet.de\/pl\/wp-json\/wp\/v2\/media\/6660"}],"wp:attachment":[{"href":"https:\/\/vapingnet.de\/pl\/wp-json\/wp\/v2\/media?parent=6666"}],"wp:term":[{"taxonomy":"brand","embeddable":true,"href":"https:\/\/vapingnet.de\/pl\/wp-json\/wp\/v2\/etheme_brands?post=6666"},{"taxonomy":"product_brand","embeddable":true,"href":"https:\/\/vapingnet.de\/pl\/wp-json\/wp\/v2\/product_brand?post=6666"},{"taxonomy":"product_cat","embeddable":true,"href":"https:\/\/vapingnet.de\/pl\/wp-json\/wp\/v2\/product_cat?post=6666"},{"taxonomy":"product_tag","embeddable":true,"href":"https:\/\/vapingnet.de\/pl\/wp-json\/wp\/v2\/product_tag?post=6666"}],"curies":[{"name":"wp","href":"https:\/\/api.w.org\/{rel}","templated":true}]}}