{"id":6669,"date":"2025-04-29T07:51:43","date_gmt":"2025-04-29T07:51:43","guid":{"rendered":"https:\/\/vapingnet.de\/?post_type=product&#038;p=6669"},"modified":"2026-04-15T09:06:58","modified_gmt":"2026-04-15T09:06:58","slug":"kauf-jetzt-spare-mehr-waspe-12000-puffs-blueberry-raspberry-top-preis-und-steuerfrei","status":"publish","type":"product","link":"https:\/\/vapingnet.de\/pl\/vape\/kauf-jetzt-spare-mehr-waspe-12000-puffs-blueberry-raspberry-top-preis-und-steuerfrei\/","title":{"rendered":"Kup Teraz Oszcz\u0119dzaj Wi\u0119cej! WASPE 12000 Puffs Blueberry Raspberry Najlepsza cena i bez podatku"},"content":{"rendered":"<h2 data-start=\"0\" data-end=\"84\" data-immersive-translate-walked=\"0f648666-d180-475f-91eb-fe5184033b65\">WASPE 12000 Puffs Digital Box: Jednorazowa elektroniczna papieros dla d\u0142ugotrwa\u0142ej przyjemno\u015bci<\/h2>\n<p class=\"\" data-start=\"86\" data-end=\"570\" data-immersive-translate-walked=\"0f648666-d180-475f-91eb-fe5184033b65\" data-immersive-translate-paragraph=\"1\">WASPE 12000 Puffs Digital Box to idealny wyb\u00f3r dla palaczy, kt\u00f3rzy szukaj\u0105 trwa\u0142ego, wydajnego i \u0142atwego w obs\u0142udze e-papierosa. Z szerokim zakresem funkcji i imponuj\u0105c\u0105 liczb\u0105 zaci\u0105gni\u0119\u0107, jest to produkt najwy\u017cszej klasy dla wszystkich, kt\u00f3rzy pragn\u0105 d\u0142ugiego i przyjemnego do\u015bwiadczenia palenia. W tym artykule przedstawiamy najwa\u017cniejsze cechy tego produktu i wyja\u015bniamy, dlaczego jest to doskona\u0142y wyb\u00f3r.<\/p>\n<p class=\"\" data-start=\"634\" data-end=\"1114\" data-immersive-translate-walked=\"0f648666-d180-475f-91eb-fe5184033b65\" data-immersive-translate-paragraph=\"1\">WASPE 12000 Puffs Digital Box to zaawansowany model jednorazowego e-papierosa, stworzony specjalnie dla palaczy ceni\u0105cych zar\u00f3wno wydajno\u015b\u0107, jak i wygod\u0119. Z do 12000 zaci\u0105gni\u0119ciami, du\u017c\u0105 pojemno\u015bci\u0105 e-liquid i r\u00f3\u017cnymi mocami nikotyny, to urz\u0105dzenie zapewnia doskona\u0142e do\u015bwiadczenie palenia. Box \u0142\u0105czy innowacyjn\u0105 technologi\u0119 i przyjazny dla u\u017cytkownika design, umo\u017cliwiaj\u0105c komfortowe, d\u0142ugotrwa\u0142e i smaczne korzystanie.<\/p>\n<p data-start=\"634\" data-end=\"1114\" data-immersive-translate-walked=\"0f648666-d180-475f-91eb-fe5184033b65\" data-immersive-translate-paragraph=\"1\"><img fetchpriority=\"high\" decoding=\"async\" class=\"alignnone size-full wp-image-6893\" src=\"https:\/\/vapingnet.de\/wp-content\/uploads\/2025\/04\/\u7279\u5f81\u56fe.jpg\" alt=\"\" width=\"800\" height=\"800\" srcset=\"https:\/\/vapingnet.de\/wp-content\/uploads\/2025\/04\/\u7279\u5f81\u56fe.jpg 800w, https:\/\/vapingnet.de\/wp-content\/uploads\/2025\/04\/\u7279\u5f81\u56fe-300x300.jpg 300w, https:\/\/vapingnet.de\/wp-content\/uploads\/2025\/04\/\u7279\u5f81\u56fe-150x150.jpg 150w, https:\/\/vapingnet.de\/wp-content\/uploads\/2025\/04\/\u7279\u5f81\u56fe-768x768.jpg 768w, https:\/\/vapingnet.de\/wp-content\/uploads\/2025\/04\/\u7279\u5f81\u56fe-600x600.jpg 600w, https:\/\/vapingnet.de\/wp-content\/uploads\/2025\/04\/\u7279\u5f81\u56fe-100x100.jpg 100w, https:\/\/vapingnet.de\/wp-content\/uploads\/2025\/04\/\u7279\u5f81\u56fe-1x1.jpg 1w, https:\/\/vapingnet.de\/wp-content\/uploads\/2025\/04\/\u7279\u5f81\u56fe-10x10.jpg 10w\" sizes=\"(max-width: 800px) 100vw, 800px\" \/><\/p>\n<h3 class=\"\" data-start=\"1121\" data-end=\"1180\" data-immersive-translate-walked=\"0f648666-d180-475f-91eb-fe5184033b65\">Wa\u017cne cechy WASPE 12000 Puffs Digital Box<\/h3>\n<p class=\"\" data-start=\"1182\" data-end=\"1546\" data-immersive-translate-walked=\"0f648666-d180-475f-91eb-fe5184033b65\" data-immersive-translate-paragraph=\"1\">1. Du\u017ca liczba zaci\u0105gni\u0119\u0107 \u2013 12000 Puffs<br data-start=\"1218\" data-end=\"1221\" data-immersive-translate-walked=\"0f648666-d180-475f-91eb-fe5184033b65\" \/>Z imponuj\u0105c\u0105 liczb\u0105 zaci\u0105gni\u0119\u0107 do 12000, WASPE 12000 Puffs Digital Box jest jednym z najtrwalszych jednorazowych e-papieros\u00f3w na rynku. Ta wysoka liczba zaci\u0105gni\u0119\u0107 oznacza, \u017ce palacze mog\u0105 cieszy\u0107 si\u0119 nim przez d\u0142ugi czas bez konieczno\u015bci wymiany czy uzupe\u0142niania.<\/p>\n<p class=\"\" data-start=\"1548\" data-end=\"1878\" data-immersive-translate-walked=\"0f648666-d180-475f-91eb-fe5184033b65\" data-immersive-translate-paragraph=\"1\">2. Du\u017ca pojemno\u015b\u0107 e-liquid \u2013 20 ml<br data-start=\"1587\" data-end=\"1590\" data-immersive-translate-walked=\"0f648666-d180-475f-91eb-fe5184033b65\" \/>Pojemno\u015b\u0107 20 ml e-liquid zapewnia d\u0142u\u017csz\u0105 \u017cywotno\u015b\u0107 urz\u0105dzenia i jednocze\u015bnie oferuje sp\u00f3jne doznania smakowe. Szczeg\u00f3lnie dla os\u00f3b pal\u0105cych du\u017co lub podr\u00f3\u017cuj\u0105cych, ta hojna pojemno\u015b\u0107 jest du\u017cym atutem, eliminuj\u0105c konieczno\u015b\u0107 uzupe\u0142niania.<\/p>\n<p class=\"\" data-start=\"1880\" data-end=\"2239\" data-immersive-translate-walked=\"0f648666-d180-475f-91eb-fe5184033b65\" data-immersive-translate-paragraph=\"1\">3. Czas pracy na baterii \u2013 akumulator 650mAh<br data-start=\"1913\" data-end=\"1916\" data-immersive-translate-walked=\"0f648666-d180-475f-91eb-fe5184033b65\" \/>Akumulator 650mAh zapewnia niezawodn\u0105 wydajno\u015b\u0107 przez ca\u0142y okres u\u017cytkowania urz\u0105dzenia. Oznacza to, \u017ce do\u015bwiadczenie palenia pozostaje stabilne nawet przy d\u0142u\u017cszym u\u017cytkowaniu, bez konieczno\u015bci cz\u0119stego \u0142adowania. W razie potrzeby, szybkie i efektywne \u0142adowanie mo\u017cna przeprowadzi\u0107 za pomoc\u0105 portu Type-C.<\/p>\n<p class=\"\" data-start=\"2241\" data-end=\"2610\" data-immersive-translate-walked=\"0f648666-d180-475f-91eb-fe5184033b65\" data-immersive-translate-paragraph=\"1\">4. Opcje nikotyny \u2013 2% i 5%<br data-start=\"2275\" data-end=\"2278\" data-immersive-translate-walked=\"0f648666-d180-475f-91eb-fe5184033b65\" \/>WASPE 12000 Puffs Digital Box oferuje dwie mocne nikotyny: 2% i 5%. Umo\u017cliwia to u\u017cytkownikom dostosowanie do\u015bwiadczenia palenia do w\u0142asnych preferencji. Opcja 2% jest odpowiednia dla tych, kt\u00f3rzy wol\u0105 \u0142agodniejsze doznania, podczas gdy opcja 5% zaspokaja potrzeby tych, kt\u00f3rzy szukaj\u0105 mocniejszego uderzenia nikotynowego.<\/p>\n<p class=\"\" data-start=\"2612\" data-end=\"2974\" data-immersive-translate-walked=\"0f648666-d180-475f-91eb-fe5184033b65\" data-immersive-translate-paragraph=\"1\">5. Smak \u2013 Blueberry Raspberry<br data-start=\"2650\" data-end=\"2653\" data-immersive-translate-walked=\"0f648666-d180-475f-91eb-fe5184033b65\" \/>WASPE 12000 Puffs Digital Box jest wyposa\u017cony w owocowy smak \u201eBlueberry Raspberry\u201d, b\u0119d\u0105cy harmonijn\u0105 mieszank\u0105 s\u0142odkich bor\u00f3wek i \u015bwie\u017cych malin. Ta orze\u017awiaj\u0105ca kombinacja zapewnia przyjemne i smaczne do\u015bwiadczenie palenia, kt\u00f3re przypadnie do gustu zar\u00f3wno pocz\u0105tkuj\u0105cym, jak i do\u015bwiadczonym palaczom.<\/p>\n<h4 data-start=\"2981\" data-end=\"3016\" data-immersive-translate-walked=\"0f648666-d180-475f-91eb-fe5184033b65\">Design i jako\u015b\u0107 materia\u0142\u00f3w<\/h4>\n<p class=\"\" data-start=\"3018\" data-end=\"3378\" data-immersive-translate-walked=\"0f648666-d180-475f-91eb-fe5184033b65\" data-immersive-translate-paragraph=\"1\">Solidny i lekki<br data-start=\"3039\" data-end=\"3042\" data-immersive-translate-walked=\"0f648666-d180-475f-91eb-fe5184033b65\" \/>WASPE 12000 Puffs Digital Box wyr\u00f3\u017cnia si\u0119 minimalistycznym, nowoczesnym designem. Wykonany z po\u0142\u0105czenia stopu aluminium i PCGT, jest zar\u00f3wno wytrzyma\u0142y, jak i lekki. Z wag\u0105 zaledwie 96 g, mo\u017cna go \u0142atwo nosi\u0107 w kieszeni, co czyni go idealnym towarzyszem w podr\u00f3\u017cy.<\/p>\n<p class=\"\" data-start=\"3380\" data-end=\"3671\" data-immersive-translate-walked=\"0f648666-d180-475f-91eb-fe5184033b65\" data-immersive-translate-paragraph=\"1\">Design jednorazowy \u2013 prosty i wygodny<br data-start=\"3417\" data-end=\"3420\" data-immersive-translate-walked=\"0f648666-d180-475f-91eb-fe5184033b65\" \/>Design jednorazowy WASPE 12000 Puffs Digital Box czyni go szczeg\u00f3lnie przyjaznym dla u\u017cytkownika. Brak konieczno\u015bci uzupe\u0142niania, brak konserwacji \u2013 wystarczy wyj\u0105\u0107 z opakowania i korzysta\u0107. To rozwi\u0105zanie jest idealne dla palaczy poszukuj\u0105cych prostego i praktycznego rozwi\u0105zania.<\/p>\n<h4 data-start=\"0\" data-end=\"41\" data-immersive-translate-walked=\"43b784c2-2dc6-4ae2-8e63-ca982fa802e4\">Opcje zam\u00f3wie\u0144 i szczeg\u00f3\u0142y dostawy<\/h4>\n<p class=\"\" data-start=\"43\" data-end=\"461\" data-immersive-translate-walked=\"43b784c2-2dc6-4ae2-8e63-ca982fa802e4\" data-immersive-translate-paragraph=\"1\">Digitalna skrzynka WASPE 12000 Puffs oferuje nie tylko wyj\u0105tkowe do\u015bwiadczenie vapowania, ale tak\u017ce wygodn\u0105 mo\u017cliwo\u015b\u0107 zamawiania i dostawy. Jest dost\u0119pna na vapingnet.de, gdzie mo\u017cesz zam\u00f3wi\u0107 urz\u0105dzenie w najkr\u00f3tszym czasie. Dostawa jest bezc\u0142owa i zazwyczaj trwa od 7 do 15 dni roboczych, dzi\u0119ki czemu wkr\u00f3tce b\u0119dziesz m\u00f3g\u0142 cieszy\u0107 si\u0119 tym wysokiej jako\u015bci jednorazowym urz\u0105dzeniem.<\/p>\n<p class=\"\" data-start=\"5179\" data-end=\"5490\" data-immersive-translate-walked=\"0f648666-d180-475f-91eb-fe5184033b65\" data-immersive-translate-paragraph=\"1\">","protected":false},"excerpt":{"rendered":"<p>WASPE 12000 Puffs Digital Box: Die Einweg-E-Zigarette f\u00fcr langanhaltenden Genuss Die WASPE 12000 Puffs Digital Box ist die perfekte Wahl f\u00fcr Dampfer, die auf der&#8230;<\/p>","protected":false},"featured_media":6654,"template":"","meta":[],"etheme_brands":[],"product_brand":[98],"product_cat":[88,49,61],"product_tag":[],"class_list":{"0":"post-6669","1":"product","2":"type-product","3":"status-publish","4":"has-post-thumbnail","6":"product_brand-waspe-vape","7":"product_cat-12k-vape","8":"product_cat-einweg-e-zigarette","9":"product_cat-f","11":"first","12":"instock","13":"shipping-taxable","14":"purchasable","15":"product-type-variable"},"yoast_head":"<!-- This site is optimized with the Yoast SEO plugin v26.5 - https:\/\/yoast.com\/wordpress\/plugins\/seo\/ -->\n<title>Kauf Jetzt Spare Mehr! WASPE 12000 Puffs Blueberry Raspberry Top Preis und Steuerfrei | Vapingnet.de<\/title>\n<meta name=\"description\" content=\"Entdecke Kauf Jetzt Spare Mehr! WASPE 12000 Puffs Blueberry Raspberry Top Preis und Steuerfrei bei vapingnet.de, \u25ba Gro\u00dfe Auswahl an Geschmacksrichtungen &amp; super g\u00fcnstig!\" \/>\n<meta name=\"robots\" content=\"index, follow, max-snippet:-1, max-image-preview:large, max-video-preview:-1\" \/>\n<link rel=\"canonical\" href=\"https:\/\/vapingnet.de\/pl\/vape\/kauf-jetzt-spare-mehr-waspe-12000-puffs-blueberry-raspberry-top-preis-und-steuerfrei\/\" \/>\n<meta property=\"og:locale\" content=\"pl_PL\" \/>\n<meta property=\"og:type\" content=\"article\" \/>\n<meta property=\"og:title\" content=\"Kauf Jetzt Spare Mehr! WASPE 12000 Puffs Blueberry Raspberry Top Preis und Steuerfrei | Vapingnet.de\" \/>\n<meta property=\"og:description\" content=\"Entdecke Kauf Jetzt Spare Mehr! WASPE 12000 Puffs Blueberry Raspberry Top Preis und Steuerfrei bei vapingnet.de, \u25ba Gro\u00dfe Auswahl an Geschmacksrichtungen &amp; super g\u00fcnstig!\" \/>\n<meta property=\"og:url\" content=\"https:\/\/vapingnet.de\/pl\/vape\/kauf-jetzt-spare-mehr-waspe-12000-puffs-blueberry-raspberry-top-preis-und-steuerfrei\/\" \/>\n<meta property=\"og:site_name\" content=\"Vapingnet.de\" \/>\n<meta property=\"article:publisher\" content=\"https:\/\/www.facebook.com\/vapingnetde\/\" \/>\n<meta property=\"article:modified_time\" content=\"2026-04-15T09:06:58+00:00\" \/>\n<meta property=\"og:image\" content=\"https:\/\/vapingnet.de\/wp-content\/uploads\/2025\/04\/Blueberry-Raspberry-2.webp\" \/>\n\t<meta property=\"og:image:width\" content=\"1000\" \/>\n\t<meta property=\"og:image:height\" content=\"1000\" \/>\n\t<meta property=\"og:image:type\" content=\"image\/webp\" \/>\n<meta name=\"twitter:card\" content=\"summary_large_image\" \/>\n<meta name=\"twitter:label1\" content=\"Est. reading time\" \/>\n\t<meta name=\"twitter:data1\" content=\"4 minutes\" \/>\n<script type=\"application\/ld+json\" class=\"yoast-schema-graph\">{\"@context\":\"https:\/\/schema.org\",\"@graph\":[{\"@type\":\"WebPage\",\"@id\":\"https:\/\/vapingnet.de\/vape\/kauf-jetzt-spare-mehr-waspe-12000-puffs-blueberry-raspberry-top-preis-und-steuerfrei\/\",\"url\":\"https:\/\/vapingnet.de\/vape\/kauf-jetzt-spare-mehr-waspe-12000-puffs-blueberry-raspberry-top-preis-und-steuerfrei\/\",\"name\":\"Kauf Jetzt Spare Mehr! WASPE 12000 Puffs Blueberry Raspberry Top Preis und Steuerfrei | Vapingnet.de\",\"isPartOf\":{\"@id\":\"https:\/\/vapingnet.de\/#website\"},\"primaryImageOfPage\":{\"@id\":\"https:\/\/vapingnet.de\/vape\/kauf-jetzt-spare-mehr-waspe-12000-puffs-blueberry-raspberry-top-preis-und-steuerfrei\/#primaryimage\"},\"image\":{\"@id\":\"https:\/\/vapingnet.de\/vape\/kauf-jetzt-spare-mehr-waspe-12000-puffs-blueberry-raspberry-top-preis-und-steuerfrei\/#primaryimage\"},\"thumbnailUrl\":\"https:\/\/vapingnet.de\/wp-content\/uploads\/2025\/04\/Blueberry-Raspberry-2.webp\",\"datePublished\":\"2025-04-29T07:51:43+00:00\",\"dateModified\":\"2026-04-15T09:06:58+00:00\",\"description\":\"Entdecke Kauf Jetzt Spare Mehr! WASPE 12000 Puffs Blueberry Raspberry Top Preis und Steuerfrei bei vapingnet.de, \u25ba Gro\u00dfe Auswahl an Geschmacksrichtungen & super g\u00fcnstig!\",\"breadcrumb\":{\"@id\":\"https:\/\/vapingnet.de\/vape\/kauf-jetzt-spare-mehr-waspe-12000-puffs-blueberry-raspberry-top-preis-und-steuerfrei\/#breadcrumb\"},\"inLanguage\":\"pl-PL\",\"potentialAction\":[{\"@type\":\"ReadAction\",\"target\":[\"https:\/\/vapingnet.de\/vape\/kauf-jetzt-spare-mehr-waspe-12000-puffs-blueberry-raspberry-top-preis-und-steuerfrei\/\"]}]},{\"@type\":\"ImageObject\",\"inLanguage\":\"pl-PL\",\"@id\":\"https:\/\/vapingnet.de\/vape\/kauf-jetzt-spare-mehr-waspe-12000-puffs-blueberry-raspberry-top-preis-und-steuerfrei\/#primaryimage\",\"url\":\"https:\/\/vapingnet.de\/wp-content\/uploads\/2025\/04\/Blueberry-Raspberry-2.webp\",\"contentUrl\":\"https:\/\/vapingnet.de\/wp-content\/uploads\/2025\/04\/Blueberry-Raspberry-2.webp\",\"width\":1000,\"height\":1000},{\"@type\":\"BreadcrumbList\",\"@id\":\"https:\/\/vapingnet.de\/vape\/kauf-jetzt-spare-mehr-waspe-12000-puffs-blueberry-raspberry-top-preis-und-steuerfrei\/#breadcrumb\",\"itemListElement\":[{\"@type\":\"ListItem\",\"position\":1,\"name\":\"Home\",\"item\":\"https:\/\/vapingnet.de\/\"},{\"@type\":\"ListItem\",\"position\":2,\"name\":\"Shop\",\"item\":\"https:\/\/vapingnet.de\/vape\/\"},{\"@type\":\"ListItem\",\"position\":3,\"name\":\"Kauf Jetzt Spare Mehr! WASPE 12000 Puffs Blueberry Raspberry Top Preis und Steuerfrei\"}]},{\"@type\":\"WebSite\",\"@id\":\"https:\/\/vapingnet.de\/#website\",\"url\":\"https:\/\/vapingnet.de\/\",\"name\":\"Vapingnet.de\",\"description\":\"\",\"publisher\":{\"@id\":\"https:\/\/vapingnet.de\/#organization\"},\"potentialAction\":[{\"@type\":\"SearchAction\",\"target\":{\"@type\":\"EntryPoint\",\"urlTemplate\":\"https:\/\/vapingnet.de\/?s={search_term_string}\"},\"query-input\":{\"@type\":\"PropertyValueSpecification\",\"valueRequired\":true,\"valueName\":\"search_term_string\"}}],\"inLanguage\":\"pl-PL\"},{\"@type\":\"Organization\",\"@id\":\"https:\/\/vapingnet.de\/#organization\",\"name\":\"Vapingnet.de\",\"url\":\"https:\/\/vapingnet.de\/\",\"logo\":{\"@type\":\"ImageObject\",\"inLanguage\":\"pl-PL\",\"@id\":\"https:\/\/vapingnet.de\/#\/schema\/logo\/image\/\",\"url\":\"https:\/\/vapingnet.de\/wp-content\/uploads\/2025\/03\/cropped-vapingnet.de_.jpg\",\"contentUrl\":\"https:\/\/vapingnet.de\/wp-content\/uploads\/2025\/03\/cropped-vapingnet.de_.jpg\",\"width\":512,\"height\":512,\"caption\":\"Vapingnet.de\"},\"image\":{\"@id\":\"https:\/\/vapingnet.de\/#\/schema\/logo\/image\/\"},\"sameAs\":[\"https:\/\/www.facebook.com\/vapingnetde\/\"]}]}<\/script>\n<!-- \/ Yoast SEO plugin. -->","yoast_head_json":{"title":"Kauf Jetzt Spare Mehr! WASPE 12000 Puffs Blueberry Raspberry Top Preis und Steuerfrei | Vapingnet.de","description":"Entdecke Kauf Jetzt Spare Mehr! WASPE 12000 Puffs Blueberry Raspberry Top Preis und Steuerfrei bei vapingnet.de, \u25ba Gro\u00dfe Auswahl an Geschmacksrichtungen & super g\u00fcnstig!","robots":{"index":"index","follow":"follow","max-snippet":"max-snippet:-1","max-image-preview":"max-image-preview:large","max-video-preview":"max-video-preview:-1"},"canonical":"https:\/\/vapingnet.de\/pl\/vape\/kauf-jetzt-spare-mehr-waspe-12000-puffs-blueberry-raspberry-top-preis-und-steuerfrei\/","og_locale":"pl_PL","og_type":"article","og_title":"Kauf Jetzt Spare Mehr! WASPE 12000 Puffs Blueberry Raspberry Top Preis und Steuerfrei | Vapingnet.de","og_description":"Entdecke Kauf Jetzt Spare Mehr! WASPE 12000 Puffs Blueberry Raspberry Top Preis und Steuerfrei bei vapingnet.de, \u25ba Gro\u00dfe Auswahl an Geschmacksrichtungen & super g\u00fcnstig!","og_url":"https:\/\/vapingnet.de\/pl\/vape\/kauf-jetzt-spare-mehr-waspe-12000-puffs-blueberry-raspberry-top-preis-und-steuerfrei\/","og_site_name":"Vapingnet.de","article_publisher":"https:\/\/www.facebook.com\/vapingnetde\/","article_modified_time":"2026-04-15T09:06:58+00:00","og_image":[{"width":1000,"height":1000,"url":"https:\/\/vapingnet.de\/wp-content\/uploads\/2025\/04\/Blueberry-Raspberry-2.webp","type":"image\/webp"}],"twitter_card":"summary_large_image","twitter_misc":{"Est. reading time":"4 minutes"},"schema":{"@context":"https:\/\/schema.org","@graph":[{"@type":"WebPage","@id":"https:\/\/vapingnet.de\/vape\/kauf-jetzt-spare-mehr-waspe-12000-puffs-blueberry-raspberry-top-preis-und-steuerfrei\/","url":"https:\/\/vapingnet.de\/vape\/kauf-jetzt-spare-mehr-waspe-12000-puffs-blueberry-raspberry-top-preis-und-steuerfrei\/","name":"Kauf Jetzt Spare Mehr! WASPE 12000 Puffs Blueberry Raspberry Top Preis und Steuerfrei | Vapingnet.de","isPartOf":{"@id":"https:\/\/vapingnet.de\/#website"},"primaryImageOfPage":{"@id":"https:\/\/vapingnet.de\/vape\/kauf-jetzt-spare-mehr-waspe-12000-puffs-blueberry-raspberry-top-preis-und-steuerfrei\/#primaryimage"},"image":{"@id":"https:\/\/vapingnet.de\/vape\/kauf-jetzt-spare-mehr-waspe-12000-puffs-blueberry-raspberry-top-preis-und-steuerfrei\/#primaryimage"},"thumbnailUrl":"https:\/\/vapingnet.de\/wp-content\/uploads\/2025\/04\/Blueberry-Raspberry-2.webp","datePublished":"2025-04-29T07:51:43+00:00","dateModified":"2026-04-15T09:06:58+00:00","description":"Entdecke Kauf Jetzt Spare Mehr! WASPE 12000 Puffs Blueberry Raspberry Top Preis und Steuerfrei bei vapingnet.de, \u25ba Gro\u00dfe Auswahl an Geschmacksrichtungen & super g\u00fcnstig!","breadcrumb":{"@id":"https:\/\/vapingnet.de\/vape\/kauf-jetzt-spare-mehr-waspe-12000-puffs-blueberry-raspberry-top-preis-und-steuerfrei\/#breadcrumb"},"inLanguage":"pl-PL","potentialAction":[{"@type":"ReadAction","target":["https:\/\/vapingnet.de\/vape\/kauf-jetzt-spare-mehr-waspe-12000-puffs-blueberry-raspberry-top-preis-und-steuerfrei\/"]}]},{"@type":"ImageObject","inLanguage":"pl-PL","@id":"https:\/\/vapingnet.de\/vape\/kauf-jetzt-spare-mehr-waspe-12000-puffs-blueberry-raspberry-top-preis-und-steuerfrei\/#primaryimage","url":"https:\/\/vapingnet.de\/wp-content\/uploads\/2025\/04\/Blueberry-Raspberry-2.webp","contentUrl":"https:\/\/vapingnet.de\/wp-content\/uploads\/2025\/04\/Blueberry-Raspberry-2.webp","width":1000,"height":1000},{"@type":"BreadcrumbList","@id":"https:\/\/vapingnet.de\/vape\/kauf-jetzt-spare-mehr-waspe-12000-puffs-blueberry-raspberry-top-preis-und-steuerfrei\/#breadcrumb","itemListElement":[{"@type":"ListItem","position":1,"name":"Home","item":"https:\/\/vapingnet.de\/"},{"@type":"ListItem","position":2,"name":"Shop","item":"https:\/\/vapingnet.de\/vape\/"},{"@type":"ListItem","position":3,"name":"Kauf Jetzt Spare Mehr! WASPE 12000 Puffs Blueberry Raspberry Top Preis und Steuerfrei"}]},{"@type":"WebSite","@id":"https:\/\/vapingnet.de\/#website","url":"https:\/\/vapingnet.de\/","name":"Vapingnet.de","description":"","publisher":{"@id":"https:\/\/vapingnet.de\/#organization"},"potentialAction":[{"@type":"SearchAction","target":{"@type":"EntryPoint","urlTemplate":"https:\/\/vapingnet.de\/?s={search_term_string}"},"query-input":{"@type":"PropertyValueSpecification","valueRequired":true,"valueName":"search_term_string"}}],"inLanguage":"pl-PL"},{"@type":"Organization","@id":"https:\/\/vapingnet.de\/#organization","name":"Vapingnet.de","url":"https:\/\/vapingnet.de\/","logo":{"@type":"ImageObject","inLanguage":"pl-PL","@id":"https:\/\/vapingnet.de\/#\/schema\/logo\/image\/","url":"https:\/\/vapingnet.de\/wp-content\/uploads\/2025\/03\/cropped-vapingnet.de_.jpg","contentUrl":"https:\/\/vapingnet.de\/wp-content\/uploads\/2025\/03\/cropped-vapingnet.de_.jpg","width":512,"height":512,"caption":"Vapingnet.de"},"image":{"@id":"https:\/\/vapingnet.de\/#\/schema\/logo\/image\/"},"sameAs":["https:\/\/www.facebook.com\/vapingnetde\/"]}]}},"tiered_pricing_type":"fixed","tiered_pricing_fixed_rules":[],"tiered_pricing_product_settings":{"layout":"default","base_unit_name":{"singular":null,"plural":null},"default_variation":null},"tiered_pricing_minimum_quantity":null,"tiered_pricing_roles_data":[],"tiered_pricing_percentage_rules":[],"_links":{"self":[{"href":"https:\/\/vapingnet.de\/pl\/wp-json\/wp\/v2\/product\/6669","targetHints":{"allow":["GET"]}}],"collection":[{"href":"https:\/\/vapingnet.de\/pl\/wp-json\/wp\/v2\/product"}],"about":[{"href":"https:\/\/vapingnet.de\/pl\/wp-json\/wp\/v2\/types\/product"}],"version-history":[{"count":4,"href":"https:\/\/vapingnet.de\/pl\/wp-json\/wp\/v2\/product\/6669\/revisions"}],"predecessor-version":[{"id":6897,"href":"https:\/\/vapingnet.de\/pl\/wp-json\/wp\/v2\/product\/6669\/revisions\/6897"}],"wp:featuredmedia":[{"embeddable":true,"href":"https:\/\/vapingnet.de\/pl\/wp-json\/wp\/v2\/media\/6654"}],"wp:attachment":[{"href":"https:\/\/vapingnet.de\/pl\/wp-json\/wp\/v2\/media?parent=6669"}],"wp:term":[{"taxonomy":"brand","embeddable":true,"href":"https:\/\/vapingnet.de\/pl\/wp-json\/wp\/v2\/etheme_brands?post=6669"},{"taxonomy":"product_brand","embeddable":true,"href":"https:\/\/vapingnet.de\/pl\/wp-json\/wp\/v2\/product_brand?post=6669"},{"taxonomy":"product_cat","embeddable":true,"href":"https:\/\/vapingnet.de\/pl\/wp-json\/wp\/v2\/product_cat?post=6669"},{"taxonomy":"product_tag","embeddable":true,"href":"https:\/\/vapingnet.de\/pl\/wp-json\/wp\/v2\/product_tag?post=6669"}],"curies":[{"name":"wp","href":"https:\/\/api.w.org\/{rel}","templated":true}]}}