{"id":6677,"date":"2025-04-29T08:56:29","date_gmt":"2025-04-29T08:56:29","guid":{"rendered":"https:\/\/vapingnet.de\/?post_type=product&#038;p=6677"},"modified":"2026-04-15T09:06:29","modified_gmt":"2026-04-15T09:06:29","slug":"hol-dir-den-geschmack-von-mixed-berries-waspe-12000-puffs-digital-box-bestpreis","status":"publish","type":"product","link":"https:\/\/vapingnet.de\/pl\/vape\/hol-dir-den-geschmack-von-mixed-berries-waspe-12000-puffs-digital-box-bestpreis\/","title":{"rendered":"Zdob\u0105d\u017a smak Mieszanych Jag\u00f3d WASPE 12000 Puffs Digital Box Najlepsza cena"},"content":{"rendered":"<h2 data-start=\"0\" data-end=\"105\">WASPE 12000 Puffs Digital Box: Jednorazowy e-papieros z d\u0142ug\u0105 \u017cywotno\u015bci\u0105 i intensywnym smakiem<\/h2>\n<p class=\"\" data-start=\"107\" data-end=\"519\">WASPE 12000 Puffs Digital Box to zaawansowany model jednorazowego e-papierosa, wyposa\u017cony w du\u017c\u0105 liczb\u0119 zaci\u0105gni\u0119\u0107 i imponuj\u0105c\u0105 pojemno\u015b\u0107 e-liquid. Dla palaczy, kt\u00f3rzy pragn\u0105 d\u0142ugotrwa\u0142ego u\u017cytkowania i intensywnego doznania smakowego, to urz\u0105dzenie jest idealnym wyborem. \u0141\u0105czy wysokiej jako\u015bci materia\u0142y, przyjazn\u0105 obs\u0142ug\u0119 i wydajn\u0105 technologi\u0119.<\/p>\n<h3>Podstawowe cechy WASPE 12000 Puffs Digital Box<\/h3>\n<p class=\"\" data-start=\"585\" data-end=\"737\">WASPE 12000 Puffs Digital Box oferuje szereg funkcji, kt\u00f3re czyni\u0105 j\u0105 jedn\u0105 z najlepszych opcji w zakresie jednorazowych e-papieros\u00f3w.<\/p>\n<p class=\"\" data-start=\"739\" data-end=\"1089\">Trwa\u0142o\u015b\u0107 i wysoka wydajno\u015b\u0107:<br data-start=\"775\" data-end=\"778\" \/>Dzi\u0119ki imponuj\u0105cej liczbie 12000 zaci\u0105gni\u0119\u0107, WASPE 12000 Puffs Digital Box zapewnia ekstremalnie d\u0142ugi czas u\u017cytkowania. Jest to szczeg\u00f3lnie korzystne dla palaczy, kt\u00f3rzy szukaj\u0105 urz\u0105dzenia towarzysz\u0105cego im przez d\u0142u\u017cszy czas, bez konieczno\u015bci cz\u0119stej wymiany lub uzupe\u0142niania.<\/p>\n<p class=\"\" data-start=\"1091\" data-end=\"1402\">Du\u017ca pojemno\u015b\u0107 e-liquid:<br data-start=\"1120\" data-end=\"1123\" \/>Box oferuje pojemno\u015b\u0107 e-liquid 20 ml, co pozwala u\u017cytkownikom na d\u0142ugotrwa\u0142e korzystanie bez konieczno\u015bci cz\u0119stego uzupe\u0142niania. Ta hojna pojemno\u015b\u0107 jest idealna dla intensywnych palaczy i zapewnia, \u017ce urz\u0105dzenie pozostaje gotowe do u\u017cycia przez d\u0142ugi czas.<\/p>\n<p class=\"\" data-start=\"1404\" data-end=\"1760\">Nastawy nikotynowe do indywidualnej regulacji:<br data-start=\"1450\" data-end=\"1453\" \/>WASPE 12000 Puffs Digital Box dost\u0119pny jest w dw\u00f3ch poziomach nikotyny \u2013 2% i 5%. Dzi\u0119ki temu palacze mog\u0105 wybra\u0107 preferowany poziom nikotyny, w zale\u017cno\u015bci od tego, czy wol\u0105 \u0142agodne, czy bardziej intensywne doznania. Ta elastyczno\u015b\u0107 sprawia, \u017ce urz\u0105dzenie jest odpowiednie dla r\u00f3\u017cnych grup u\u017cytkownik\u00f3w.<\/p>\n<p class=\"\" data-start=\"1762\" data-end=\"2057\">Wydajna bateria:<br data-start=\"1788\" data-end=\"1791\" \/>Z bateri\u0105 o pojemno\u015bci 650mAh, urz\u0105dzenie zapewnia sta\u0142\u0105 i niezawodn\u0105 wydajno\u015b\u0107 przez ca\u0142y czas u\u017cytkowania. Bateria wspiera palacza podczas wszystkich 12000 zaci\u0105gni\u0119\u0107 i mo\u017ce by\u0107 efektywnie \u0142adowana przez port Type-C, gdy si\u0119 roz\u0142aduje.<\/p>\n<p class=\"\" data-start=\"2059\" data-end=\"2454\">Komfortowy i wytrzyma\u0142y design:<br data-start=\"2096\" data-end=\"2099\" \/>WASPE 12000 Puffs Digital Box wykonany jest z po\u0142\u0105czenia stopu aluminium i PCGT, co czyni go zar\u00f3wno wytrzyma\u0142ym, jak i lekkim. Wa\u017cy zaledwie 96 g, co czyni go wygodnym w obs\u0142udze i \u0142atwym do u\u017cywania w podr\u00f3\u017cy. Urz\u0105dzenie oferuje przyjazne rozwi\u0105zanie jednorazowe, kt\u00f3re nie wymaga konserwacji i jest proste w obs\u0142udze.<\/p>\n<h4 data-start=\"2456\" data-end=\"2497\">Do\u015bwiadczenie smakowe: Mixed Berries<\/h4>\n<p class=\"\" data-start=\"2499\" data-end=\"2836\">WASPE 12000 Puffs Digital Box wyposa\u017cony jest w smak \u201eMixed Berries\u201d \u2013 owocow\u0105 mieszank\u0119 r\u00f3\u017cnych jag\u00f3d, zapewniaj\u0105c\u0105 orze\u017awiaj\u0105ce i intensywne doznania podczas palenia. Wywa\u017cony i s\u0142odki smak sprawia, \u017ce palenie jest przyjemnym do\u015bwiadczeniem, atrakcyjnym zar\u00f3wno dla pocz\u0105tkuj\u0105cych, jak i do\u015bwiadczonych palaczy.<\/p>\n<h4 data-start=\"2838\" data-end=\"2885\">Szybkie \u0142adowanie i \u0142atwa obs\u0142uga<\/h4>\n<p class=\"\" data-start=\"2887\" data-end=\"3270\">Urz\u0105dzenie posiada port \u0142adowania Type-C, zapewniaj\u0105cy szybkie i wygodne \u0142adowanie. Gdy bateria si\u0119 wyczerpie, mo\u017cna j\u0105 na\u0142adowa\u0107 w kr\u00f3tkim czasie. Konstrukcja jednorazowa oznacza r\u00f3wnie\u017c brak konieczno\u015bci konserwacji czy uzupe\u0142niania. Wystarczy wyj\u0105\u0107 z opakowania, zaci\u0105gn\u0105\u0107 si\u0119 e-papierosem i cieszy\u0107 si\u0119 nim \u2013 urz\u0105dzenie jest gotowe do u\u017cycia od razu.<\/p>\n<h3>Zalety WASPE 12000 Puffs Digital Box<\/h3>\n<ul data-start=\"3324\" data-end=\"3966\">\n<li class=\"\" data-start=\"3324\" data-end=\"3460\">\n<p class=\"\" data-start=\"3326\" data-end=\"3460\">D\u0142uga \u017cywotno\u015b\u0107: Z 12000 zaci\u0105gni\u0119ciami, box zapewnia wyj\u0105tkow\u0105 trwa\u0142o\u015b\u0107 w por\u00f3wnaniu z innymi jednorazowymi e-papierosami.<\/p>\n<\/li>\n<li class=\"\" data-start=\"3461\" data-end=\"3573\">\n<p class=\"\" data-start=\"3463\" data-end=\"3573\">Du\u017ca pojemno\u015b\u0107 e-liquid: 20 ml p\u0142ynu zapewnia d\u0142ugotrwa\u0142e u\u017cytkowanie bez konieczno\u015bci cz\u0119stego uzupe\u0142niania.<\/p>\n<\/li>\n<li class=\"\" data-start=\"3574\" data-end=\"3685\">\n<p class=\"\" data-start=\"3576\" data-end=\"3685\">Dostosowywane poziomy nikotyny: wybierz spo\u015br\u00f3d 2% i 5% nikotyny, aby uzyska\u0107 spersonalizowane do\u015bwiadczenie vapowania.<\/p>\n<\/li>\n<li class=\"\" data-start=\"3686\" data-end=\"3810\">\n<p class=\"\" data-start=\"3688\" data-end=\"3810\">Wygodna obs\u0142uga: solidna konstrukcja z stopu aluminium i PCGT zapewnia przyjemne wra\u017cenia u\u017cytkownika.<\/p>\n<\/li>\n<li class=\"\" data-start=\"3811\" data-end=\"3899\">\n<p class=\"\" data-start=\"3813\" data-end=\"3899\">Szybkie \u0142adowanie: port \u0142adowania Type-C dla szybkiego i efektywnego uzupe\u0142niania energii.<\/p>\n<\/li>\n<li class=\"\" data-start=\"3900\" data-end=\"3966\">\n<p class=\"\" data-start=\"3902\" data-end=\"3966\">Bez c\u0142a: brak dodatkowych op\u0142at celnych przy dostawie.<\/p>\n<\/li>\n<\/ul>\n<h4 data-start=\"3968\" data-end=\"4003\">Opcje zam\u00f3wie\u0144 i dostaw<\/h4>\n<p class=\"\" data-start=\"4005\" data-end=\"4271\">Digitalowa skrzynka WASPE 12000 Puffs jest dost\u0119pna na stronie internetowej vapingnet.de. Mo\u017cesz zam\u00f3wi\u0107 urz\u0105dzenie szybko i \u0142atwo online. Dostawa trwa od 7 do 15 dni roboczych i jest bezc\u0142owa, co oznacza brak ukrytych op\u0142at.<\/p>\n<p data-start=\"4005\" data-end=\"4271\">Digitalowa skrzynka WASPE 12000 Puffs oferuje vapowcom wyj\u0105tkowe po\u0142\u0105czenie d\u0142ugiego czasu u\u017cytkowania, doskona\u0142ego smaku i \u0142atwej obs\u0142ugi. Jest idealna dla tych, kt\u00f3rzy szukaj\u0105 niezawodnego i wydajnego jednorazowego e-papierosa, zapewniaj\u0105cego najwy\u017csz\u0105 jako\u015b\u0107 vapowania zar\u00f3wno na co dzie\u0144, jak i podczas podr\u00f3\u017cy.<\/p>","protected":false},"excerpt":{"rendered":"<p>WASPE 12000 Puffs Digital Box: Jednorazowy e-papieros z d\u0142ug\u0105 \u017cywotno\u015bci\u0105 i intensywnym smakiem. WASPE 12000 Puffs Digital Box to zaawansowany model jednorazowego e-papierosa, kt\u00f3ry wyr\u00f3\u017cnia si\u0119...<\/p>","protected":false},"featured_media":6656,"template":"","meta":[],"etheme_brands":[],"product_brand":[98],"product_cat":[88,49,61],"product_tag":[],"class_list":{"0":"post-6677","1":"product","2":"type-product","3":"status-publish","4":"has-post-thumbnail","6":"product_brand-waspe-vape","7":"product_cat-12k-vape","8":"product_cat-einweg-e-zigarette","9":"product_cat-f","11":"first","12":"instock","13":"shipping-taxable","14":"purchasable","15":"product-type-variable"},"yoast_head":"<!-- This site is optimized with the Yoast SEO plugin v26.5 - https:\/\/yoast.com\/wordpress\/plugins\/seo\/ -->\n<title>Hol Dir Den Geschmack Von Mixed Berries WASPE 12000 Puffs Digital Box Bestpreis | Vapingnet.de<\/title>\n<meta name=\"description\" content=\"Entdecke Hol Dir Den Geschmack Von Mixed Berries WASPE 12000 Puffs Digital Box Bestpreis bei vapingnet.de, \u25ba Gro\u00dfe Auswahl an Geschmacksrichtungen &amp; super g\u00fcnstig!\" \/>\n<meta name=\"robots\" content=\"index, follow, max-snippet:-1, max-image-preview:large, max-video-preview:-1\" \/>\n<link rel=\"canonical\" href=\"https:\/\/vapingnet.de\/pl\/vape\/hol-dir-den-geschmack-von-mixed-berries-waspe-12000-puffs-digital-box-bestpreis\/\" \/>\n<meta property=\"og:locale\" content=\"pl_PL\" \/>\n<meta property=\"og:type\" content=\"article\" \/>\n<meta property=\"og:title\" content=\"Hol Dir Den Geschmack Von Mixed Berries WASPE 12000 Puffs Digital Box Bestpreis | Vapingnet.de\" \/>\n<meta property=\"og:description\" content=\"Entdecke Hol Dir Den Geschmack Von Mixed Berries WASPE 12000 Puffs Digital Box Bestpreis bei vapingnet.de, \u25ba Gro\u00dfe Auswahl an Geschmacksrichtungen &amp; super g\u00fcnstig!\" \/>\n<meta property=\"og:url\" content=\"https:\/\/vapingnet.de\/pl\/vape\/hol-dir-den-geschmack-von-mixed-berries-waspe-12000-puffs-digital-box-bestpreis\/\" \/>\n<meta property=\"og:site_name\" content=\"Vapingnet.de\" \/>\n<meta property=\"article:publisher\" content=\"https:\/\/www.facebook.com\/vapingnetde\/\" \/>\n<meta property=\"article:modified_time\" content=\"2026-04-15T09:06:29+00:00\" \/>\n<meta property=\"og:image\" content=\"https:\/\/vapingnet.de\/wp-content\/uploads\/2025\/04\/Mixed-Berries-2.webp\" \/>\n\t<meta property=\"og:image:width\" content=\"1000\" \/>\n\t<meta property=\"og:image:height\" content=\"1000\" \/>\n\t<meta property=\"og:image:type\" content=\"image\/webp\" \/>\n<meta name=\"twitter:card\" content=\"summary_large_image\" \/>\n<meta name=\"twitter:label1\" content=\"Est. reading time\" \/>\n\t<meta name=\"twitter:data1\" content=\"4 minutes\" \/>\n<script type=\"application\/ld+json\" class=\"yoast-schema-graph\">{\"@context\":\"https:\/\/schema.org\",\"@graph\":[{\"@type\":\"WebPage\",\"@id\":\"https:\/\/vapingnet.de\/vape\/hol-dir-den-geschmack-von-mixed-berries-waspe-12000-puffs-digital-box-bestpreis\/\",\"url\":\"https:\/\/vapingnet.de\/vape\/hol-dir-den-geschmack-von-mixed-berries-waspe-12000-puffs-digital-box-bestpreis\/\",\"name\":\"Hol Dir Den Geschmack Von Mixed Berries WASPE 12000 Puffs Digital Box Bestpreis | Vapingnet.de\",\"isPartOf\":{\"@id\":\"https:\/\/vapingnet.de\/#website\"},\"primaryImageOfPage\":{\"@id\":\"https:\/\/vapingnet.de\/vape\/hol-dir-den-geschmack-von-mixed-berries-waspe-12000-puffs-digital-box-bestpreis\/#primaryimage\"},\"image\":{\"@id\":\"https:\/\/vapingnet.de\/vape\/hol-dir-den-geschmack-von-mixed-berries-waspe-12000-puffs-digital-box-bestpreis\/#primaryimage\"},\"thumbnailUrl\":\"https:\/\/vapingnet.de\/wp-content\/uploads\/2025\/04\/Mixed-Berries-2.webp\",\"datePublished\":\"2025-04-29T08:56:29+00:00\",\"dateModified\":\"2026-04-15T09:06:29+00:00\",\"description\":\"Entdecke Hol Dir Den Geschmack Von Mixed Berries WASPE 12000 Puffs Digital Box Bestpreis bei vapingnet.de, \u25ba Gro\u00dfe Auswahl an Geschmacksrichtungen & super g\u00fcnstig!\",\"breadcrumb\":{\"@id\":\"https:\/\/vapingnet.de\/vape\/hol-dir-den-geschmack-von-mixed-berries-waspe-12000-puffs-digital-box-bestpreis\/#breadcrumb\"},\"inLanguage\":\"pl-PL\",\"potentialAction\":[{\"@type\":\"ReadAction\",\"target\":[\"https:\/\/vapingnet.de\/vape\/hol-dir-den-geschmack-von-mixed-berries-waspe-12000-puffs-digital-box-bestpreis\/\"]}]},{\"@type\":\"ImageObject\",\"inLanguage\":\"pl-PL\",\"@id\":\"https:\/\/vapingnet.de\/vape\/hol-dir-den-geschmack-von-mixed-berries-waspe-12000-puffs-digital-box-bestpreis\/#primaryimage\",\"url\":\"https:\/\/vapingnet.de\/wp-content\/uploads\/2025\/04\/Mixed-Berries-2.webp\",\"contentUrl\":\"https:\/\/vapingnet.de\/wp-content\/uploads\/2025\/04\/Mixed-Berries-2.webp\",\"width\":1000,\"height\":1000},{\"@type\":\"BreadcrumbList\",\"@id\":\"https:\/\/vapingnet.de\/vape\/hol-dir-den-geschmack-von-mixed-berries-waspe-12000-puffs-digital-box-bestpreis\/#breadcrumb\",\"itemListElement\":[{\"@type\":\"ListItem\",\"position\":1,\"name\":\"Home\",\"item\":\"https:\/\/vapingnet.de\/\"},{\"@type\":\"ListItem\",\"position\":2,\"name\":\"Shop\",\"item\":\"https:\/\/vapingnet.de\/vape\/\"},{\"@type\":\"ListItem\",\"position\":3,\"name\":\"Hol Dir Den Geschmack Von Mixed Berries WASPE 12000 Puffs Digital Box Bestpreis\"}]},{\"@type\":\"WebSite\",\"@id\":\"https:\/\/vapingnet.de\/#website\",\"url\":\"https:\/\/vapingnet.de\/\",\"name\":\"Vapingnet.de\",\"description\":\"\",\"publisher\":{\"@id\":\"https:\/\/vapingnet.de\/#organization\"},\"potentialAction\":[{\"@type\":\"SearchAction\",\"target\":{\"@type\":\"EntryPoint\",\"urlTemplate\":\"https:\/\/vapingnet.de\/?s={search_term_string}\"},\"query-input\":{\"@type\":\"PropertyValueSpecification\",\"valueRequired\":true,\"valueName\":\"search_term_string\"}}],\"inLanguage\":\"pl-PL\"},{\"@type\":\"Organization\",\"@id\":\"https:\/\/vapingnet.de\/#organization\",\"name\":\"Vapingnet.de\",\"url\":\"https:\/\/vapingnet.de\/\",\"logo\":{\"@type\":\"ImageObject\",\"inLanguage\":\"pl-PL\",\"@id\":\"https:\/\/vapingnet.de\/#\/schema\/logo\/image\/\",\"url\":\"https:\/\/vapingnet.de\/wp-content\/uploads\/2025\/03\/cropped-vapingnet.de_.jpg\",\"contentUrl\":\"https:\/\/vapingnet.de\/wp-content\/uploads\/2025\/03\/cropped-vapingnet.de_.jpg\",\"width\":512,\"height\":512,\"caption\":\"Vapingnet.de\"},\"image\":{\"@id\":\"https:\/\/vapingnet.de\/#\/schema\/logo\/image\/\"},\"sameAs\":[\"https:\/\/www.facebook.com\/vapingnetde\/\"]}]}<\/script>\n<!-- \/ Yoast SEO plugin. -->","yoast_head_json":{"title":"Hol Dir Den Geschmack Von Mixed Berries WASPE 12000 Puffs Digital Box Bestpreis | Vapingnet.de","description":"Entdecke Hol Dir Den Geschmack Von Mixed Berries WASPE 12000 Puffs Digital Box Bestpreis bei vapingnet.de, \u25ba Gro\u00dfe Auswahl an Geschmacksrichtungen & super g\u00fcnstig!","robots":{"index":"index","follow":"follow","max-snippet":"max-snippet:-1","max-image-preview":"max-image-preview:large","max-video-preview":"max-video-preview:-1"},"canonical":"https:\/\/vapingnet.de\/pl\/vape\/hol-dir-den-geschmack-von-mixed-berries-waspe-12000-puffs-digital-box-bestpreis\/","og_locale":"pl_PL","og_type":"article","og_title":"Hol Dir Den Geschmack Von Mixed Berries WASPE 12000 Puffs Digital Box Bestpreis | Vapingnet.de","og_description":"Entdecke Hol Dir Den Geschmack Von Mixed Berries WASPE 12000 Puffs Digital Box Bestpreis bei vapingnet.de, \u25ba Gro\u00dfe Auswahl an Geschmacksrichtungen & super g\u00fcnstig!","og_url":"https:\/\/vapingnet.de\/pl\/vape\/hol-dir-den-geschmack-von-mixed-berries-waspe-12000-puffs-digital-box-bestpreis\/","og_site_name":"Vapingnet.de","article_publisher":"https:\/\/www.facebook.com\/vapingnetde\/","article_modified_time":"2026-04-15T09:06:29+00:00","og_image":[{"width":1000,"height":1000,"url":"https:\/\/vapingnet.de\/wp-content\/uploads\/2025\/04\/Mixed-Berries-2.webp","type":"image\/webp"}],"twitter_card":"summary_large_image","twitter_misc":{"Est. reading time":"4 minutes"},"schema":{"@context":"https:\/\/schema.org","@graph":[{"@type":"WebPage","@id":"https:\/\/vapingnet.de\/vape\/hol-dir-den-geschmack-von-mixed-berries-waspe-12000-puffs-digital-box-bestpreis\/","url":"https:\/\/vapingnet.de\/vape\/hol-dir-den-geschmack-von-mixed-berries-waspe-12000-puffs-digital-box-bestpreis\/","name":"Hol Dir Den Geschmack Von Mixed Berries WASPE 12000 Puffs Digital Box Bestpreis | Vapingnet.de","isPartOf":{"@id":"https:\/\/vapingnet.de\/#website"},"primaryImageOfPage":{"@id":"https:\/\/vapingnet.de\/vape\/hol-dir-den-geschmack-von-mixed-berries-waspe-12000-puffs-digital-box-bestpreis\/#primaryimage"},"image":{"@id":"https:\/\/vapingnet.de\/vape\/hol-dir-den-geschmack-von-mixed-berries-waspe-12000-puffs-digital-box-bestpreis\/#primaryimage"},"thumbnailUrl":"https:\/\/vapingnet.de\/wp-content\/uploads\/2025\/04\/Mixed-Berries-2.webp","datePublished":"2025-04-29T08:56:29+00:00","dateModified":"2026-04-15T09:06:29+00:00","description":"Entdecke Hol Dir Den Geschmack Von Mixed Berries WASPE 12000 Puffs Digital Box Bestpreis bei vapingnet.de, \u25ba Gro\u00dfe Auswahl an Geschmacksrichtungen & super g\u00fcnstig!","breadcrumb":{"@id":"https:\/\/vapingnet.de\/vape\/hol-dir-den-geschmack-von-mixed-berries-waspe-12000-puffs-digital-box-bestpreis\/#breadcrumb"},"inLanguage":"pl-PL","potentialAction":[{"@type":"ReadAction","target":["https:\/\/vapingnet.de\/vape\/hol-dir-den-geschmack-von-mixed-berries-waspe-12000-puffs-digital-box-bestpreis\/"]}]},{"@type":"ImageObject","inLanguage":"pl-PL","@id":"https:\/\/vapingnet.de\/vape\/hol-dir-den-geschmack-von-mixed-berries-waspe-12000-puffs-digital-box-bestpreis\/#primaryimage","url":"https:\/\/vapingnet.de\/wp-content\/uploads\/2025\/04\/Mixed-Berries-2.webp","contentUrl":"https:\/\/vapingnet.de\/wp-content\/uploads\/2025\/04\/Mixed-Berries-2.webp","width":1000,"height":1000},{"@type":"BreadcrumbList","@id":"https:\/\/vapingnet.de\/vape\/hol-dir-den-geschmack-von-mixed-berries-waspe-12000-puffs-digital-box-bestpreis\/#breadcrumb","itemListElement":[{"@type":"ListItem","position":1,"name":"Home","item":"https:\/\/vapingnet.de\/"},{"@type":"ListItem","position":2,"name":"Shop","item":"https:\/\/vapingnet.de\/vape\/"},{"@type":"ListItem","position":3,"name":"Hol Dir Den Geschmack Von Mixed Berries WASPE 12000 Puffs Digital Box Bestpreis"}]},{"@type":"WebSite","@id":"https:\/\/vapingnet.de\/#website","url":"https:\/\/vapingnet.de\/","name":"Vapingnet.de","description":"","publisher":{"@id":"https:\/\/vapingnet.de\/#organization"},"potentialAction":[{"@type":"SearchAction","target":{"@type":"EntryPoint","urlTemplate":"https:\/\/vapingnet.de\/?s={search_term_string}"},"query-input":{"@type":"PropertyValueSpecification","valueRequired":true,"valueName":"search_term_string"}}],"inLanguage":"pl-PL"},{"@type":"Organization","@id":"https:\/\/vapingnet.de\/#organization","name":"Vapingnet.de","url":"https:\/\/vapingnet.de\/","logo":{"@type":"ImageObject","inLanguage":"pl-PL","@id":"https:\/\/vapingnet.de\/#\/schema\/logo\/image\/","url":"https:\/\/vapingnet.de\/wp-content\/uploads\/2025\/03\/cropped-vapingnet.de_.jpg","contentUrl":"https:\/\/vapingnet.de\/wp-content\/uploads\/2025\/03\/cropped-vapingnet.de_.jpg","width":512,"height":512,"caption":"Vapingnet.de"},"image":{"@id":"https:\/\/vapingnet.de\/#\/schema\/logo\/image\/"},"sameAs":["https:\/\/www.facebook.com\/vapingnetde\/"]}]}},"tiered_pricing_type":"fixed","tiered_pricing_fixed_rules":[],"tiered_pricing_product_settings":{"layout":"default","base_unit_name":{"singular":null,"plural":null},"default_variation":null},"tiered_pricing_minimum_quantity":null,"tiered_pricing_roles_data":[],"tiered_pricing_percentage_rules":[],"_links":{"self":[{"href":"https:\/\/vapingnet.de\/pl\/wp-json\/wp\/v2\/product\/6677","targetHints":{"allow":["GET"]}}],"collection":[{"href":"https:\/\/vapingnet.de\/pl\/wp-json\/wp\/v2\/product"}],"about":[{"href":"https:\/\/vapingnet.de\/pl\/wp-json\/wp\/v2\/types\/product"}],"version-history":[{"count":1,"href":"https:\/\/vapingnet.de\/pl\/wp-json\/wp\/v2\/product\/6677\/revisions"}],"predecessor-version":[{"id":6678,"href":"https:\/\/vapingnet.de\/pl\/wp-json\/wp\/v2\/product\/6677\/revisions\/6678"}],"wp:featuredmedia":[{"embeddable":true,"href":"https:\/\/vapingnet.de\/pl\/wp-json\/wp\/v2\/media\/6656"}],"wp:attachment":[{"href":"https:\/\/vapingnet.de\/pl\/wp-json\/wp\/v2\/media?parent=6677"}],"wp:term":[{"taxonomy":"brand","embeddable":true,"href":"https:\/\/vapingnet.de\/pl\/wp-json\/wp\/v2\/etheme_brands?post=6677"},{"taxonomy":"product_brand","embeddable":true,"href":"https:\/\/vapingnet.de\/pl\/wp-json\/wp\/v2\/product_brand?post=6677"},{"taxonomy":"product_cat","embeddable":true,"href":"https:\/\/vapingnet.de\/pl\/wp-json\/wp\/v2\/product_cat?post=6677"},{"taxonomy":"product_tag","embeddable":true,"href":"https:\/\/vapingnet.de\/pl\/wp-json\/wp\/v2\/product_tag?post=6677"}],"curies":[{"name":"wp","href":"https:\/\/api.w.org\/{rel}","templated":true}]}}