{"id":6679,"date":"2025-04-29T09:01:19","date_gmt":"2025-04-29T09:01:19","guid":{"rendered":"https:\/\/vapingnet.de\/?post_type=product&#038;p=6679"},"modified":"2026-04-15T09:06:02","modified_gmt":"2026-04-15T09:06:02","slug":"erlebe-den-himmel-auf-erden-waspe-12000-puffs-digital-box-strawberry-raspberry-cherry","status":"publish","type":"product","link":"https:\/\/vapingnet.de\/pl\/vape\/erlebe-den-himmel-auf-erden-waspe-12000-puffs-digital-box-strawberry-raspberry-cherry\/","title":{"rendered":"Do\u015bwiadcz Nieba na Ziemi WASPE 12000 Puffs Digital Box Truskawka Malina Wi\u015bnia"},"content":{"rendered":"<h2 data-start=\"0\" data-end=\"89\">WASPE 12000 Puffs Digital Box: Wydajny i trwa\u0142y jednorazowy e-papieros<\/h2>\n<p class=\"\" data-start=\"91\" data-end=\"465\">WASPE 12000 Puffs Digital Box to zaawansowany jednorazowy e-papieros, kt\u00f3ry oferuje wyj\u0105tkow\u0105 wydajno\u015b\u0107 i intensywne doznania podczas vapowania. Z imponuj\u0105c\u0105 liczb\u0105 zaci\u0105gni\u0119\u0107 i du\u017c\u0105 pojemno\u015bci\u0105 e-liquid, ten model jest zaprojektowany dla vapingu poszukuj\u0105cych trwa\u0142ego, wygodnego i r\u00f3\u017cnorodnego smakowo do\u015bwiadczenia vapowania.<\/p>\n<h3>G\u0142\u00f3wne cechy WASPE 12000 Puffs Digital Box<\/h3>\n<p class=\"\" data-start=\"524\" data-end=\"707\">WASPE 12000 Puffs Digital Box oferuje szereg funkcji, kt\u00f3re czyni\u0105 go idealnym urz\u0105dzeniem dla cz\u0119stych u\u017cytkownik\u00f3w i do\u015bwiadczonych vapingu. Oto najwa\u017cniejsze cechy:<\/p>\n<ul data-start=\"709\" data-end=\"2285\">\n<li class=\"\" data-start=\"709\" data-end=\"980\">\n<p class=\"\" data-start=\"711\" data-end=\"980\">12000 zaci\u0105gni\u0119\u0107: Z pojemno\u015bci\u0105 do 12000 zaci\u0105gni\u0119\u0107, WASPE 12000 Puffs Digital Box zapewnia d\u0142ugotrwa\u0142e i niezawodne do\u015bwiadczenie vapowania. Jest to szczeg\u00f3lnie korzystne dla u\u017cytkownik\u00f3w poszukuj\u0105cych trwa\u0142ego produktu, kt\u00f3ry nie wymaga cz\u0119stego uzupe\u0142niania.<\/p>\n<\/li>\n<li class=\"\" data-start=\"984\" data-end=\"1273\">\n<p class=\"\" data-start=\"986\" data-end=\"1273\">Pojemno\u015b\u0107 e-liquid 20 ml: Du\u017ca pojemno\u015b\u0107 e-liquid 20 ml gwarantuje d\u0142ugotrwa\u0142e u\u017cytkowanie bez konieczno\u015bci uzupe\u0142niania. Ta pojemno\u015b\u0107 jest szczeg\u00f3lnie przydatna dla vapingu w podr\u00f3\u017cy lub dla urz\u0105dzenia do codziennego u\u017cytku.<\/p>\n<\/li>\n<li class=\"\" data-start=\"1277\" data-end=\"1535\">\n<p class=\"\" data-start=\"1279\" data-end=\"1535\">Opcje nikotyny: WASPE 12000 Puffs Digital Box oferuje dwie mocno\u015bci nikotyny \u2013 2% i 5%. Umo\u017cliwia to u\u017cytkownikom dostosowanie zawarto\u015bci nikotyny do w\u0142asnych preferencji, dla \u0142agodniejszego lub mocniejszego efektu nikotynowego.<\/p>\n<\/li>\n<li class=\"\" data-start=\"1539\" data-end=\"1802\">\n<p class=\"\" data-start=\"1541\" data-end=\"1802\">Wydajna bateria: Z bateri\u0105 o pojemno\u015bci 650mAh, urz\u0105dzenie zapewnia stabiln\u0105 wydajno\u015b\u0107 przez ca\u0142y okres u\u017cytkowania produktu. Zasilanie bateri\u0105 umo\u017cliwia sta\u0142e do\u015bwiadczenie vapowania bez szybkiego roz\u0142adowania si\u0119 baterii podczas u\u017cytkowania.<\/p>\n<\/li>\n<li class=\"\" data-start=\"1804\" data-end=\"2036\">\n<p class=\"\" data-start=\"1806\" data-end=\"2036\">Port \u0142adowania: Urz\u0105dzenie wyposa\u017cone jest w port \u0142adowania Type-C, kt\u00f3ry zapewnia szybkie i efektywne \u0142adowanie. Dzi\u0119ki temu urz\u0105dzenie jest szybko gotowe do u\u017cycia po roz\u0142adowaniu baterii.<\/p>\n<\/li>\n<li class=\"\" data-start=\"2038\" data-end=\"2285\">\n<p class=\"\" data-start=\"2040\" data-end=\"2285\">Materia\u0142: WASPE 12000 Puffs Digital Box wykonany jest z wytrzyma\u0142ej kombinacji stopu aluminium i PCGT, co zapewnia trwa\u0142o\u015b\u0107 i nisk\u0105 wag\u0119. Z wag\u0105 zaledwie 96 g, urz\u0105dzenie jest lekkie i \u0142atwe w obs\u0142udze.<\/p>\n<\/li>\n<\/ul>\n<h4 data-start=\"2287\" data-end=\"2317\"><img fetchpriority=\"high\" decoding=\"async\" class=\"size-full wp-image-6893 aligncenter\" src=\"https:\/\/vapingnet.de\/wp-content\/uploads\/2025\/04\/\u7279\u5f81\u56fe.jpg\" alt=\"\" width=\"800\" height=\"800\" srcset=\"https:\/\/vapingnet.de\/wp-content\/uploads\/2025\/04\/\u7279\u5f81\u56fe.jpg 800w, https:\/\/vapingnet.de\/wp-content\/uploads\/2025\/04\/\u7279\u5f81\u56fe-300x300.jpg 300w, https:\/\/vapingnet.de\/wp-content\/uploads\/2025\/04\/\u7279\u5f81\u56fe-150x150.jpg 150w, https:\/\/vapingnet.de\/wp-content\/uploads\/2025\/04\/\u7279\u5f81\u56fe-768x768.jpg 768w, https:\/\/vapingnet.de\/wp-content\/uploads\/2025\/04\/\u7279\u5f81\u56fe-600x600.jpg 600w, https:\/\/vapingnet.de\/wp-content\/uploads\/2025\/04\/\u7279\u5f81\u56fe-100x100.jpg 100w, https:\/\/vapingnet.de\/wp-content\/uploads\/2025\/04\/\u7279\u5f81\u56fe-1x1.jpg 1w, https:\/\/vapingnet.de\/wp-content\/uploads\/2025\/04\/\u7279\u5f81\u56fe-10x10.jpg 10w\" sizes=\"(max-width: 800px) 100vw, 800px\" \/><\/h4>\n<h4 data-start=\"2287\" data-end=\"2317\">Smak i r\u00f3\u017cnorodno\u015b\u0107<\/h4>\n<p class=\"\" data-start=\"2319\" data-end=\"2720\">WASPE 12000 Puffs Digital Box wyposa\u017cony jest w unikalny smak \u2013 mieszank\u0119 truskawki, maliny i wi\u015bni. Ten owocowy miks zapewnia orze\u017awiaj\u0105ce i przyjemne doznania vapowania. Smak jest intensywny, ale nie przyt\u0142aczaj\u0105cy, co czyni vapowanie przyjemnym do\u015bwiadczeniem zar\u00f3wno dla nowicjuszy, jak i do\u015bwiadczonych vapingu.<\/p>\n<h4 data-start=\"2722\" data-end=\"2751\">Design i obs\u0142uga<\/h4>\n<p class=\"\" data-start=\"2753\" data-end=\"3245\">Design WASPE 12000 Puffs Digital Box jest nie tylko funkcjonalny, ale tak\u017ce estetyczny. Urz\u0105dzenie jest lekkie, kompaktowe i wygodne w trzymaniu. Materia\u0142 z stopu aluminium i PCGT zapewnia nie tylko atrakcyjny wygl\u0105d, ale tak\u017ce solidn\u0105 i trwa\u0142\u0105 konstrukcj\u0119. Box jest prosty w obs\u0142udze \u2013 dzi\u0119ki jednorazowemu designowi nie wymaga uzupe\u0142niania czy konserwacji. U\u017cytkownicy mog\u0105 wyci\u0105gn\u0105\u0107 urz\u0105dzenie z opakowania i od razu zacz\u0105\u0107 vapowa\u0107.<\/p>\n<h4 data-start=\"3247\" data-end=\"3294\">Szybkie \u0142adowanie i \u0142atwa obs\u0142uga<\/h4>\n<p class=\"\" data-start=\"3296\" data-end=\"3701\">Dzi\u0119ki portowi \u0142adowania Type-C, bateria WASPE 12000 Puffs Digital Box mo\u017ce by\u0107 szybko na\u0142adowana. Czas \u0142adowania jest minimalny, co pozwala na szybkie ponowne u\u017cycie urz\u0105dzenia, gdy bateria si\u0119 wyczerpie. Jednorazowy e-papieros jest szczeg\u00f3lnie przyjazny dla u\u017cytkownika, poniewa\u017c nie wymaga konserwacji ani skomplikowanych krok\u00f3w. Wystarczy pod\u0142\u0105czy\u0107 i vapowa\u0107 \u2013 urz\u0105dzenie jest gotowe do u\u017cycia od razu.<\/p>\n<h3>Zalety WASPE 12000 Puffs Digital Box<\/h3>\n<ul data-start=\"3755\" data-end=\"4527\">\n<li class=\"\" data-start=\"3755\" data-end=\"3894\">\n<p class=\"\" data-start=\"3757\" data-end=\"3894\">D\u0142uga \u017cywotno\u015b\u0107: Z do 12000 zaci\u0105gni\u0119ciami, ten model oferuje jedn\u0105 z najd\u0142u\u017cszych \u017cywotno\u015bci w\u015br\u00f3d jednorazowych e-papieros\u00f3w.<\/p>\n<\/li>\n<li class=\"\" data-start=\"3898\" data-end=\"4015\">\n<p class=\"\" data-start=\"3900\" data-end=\"4015\">Du\u017ca pojemno\u015b\u0107 e-liquid: 20 ml e-liquid zapewnia d\u0142ugotrwa\u0142e u\u017cytkowanie i rzadsze uzupe\u0142nianie.<\/p>\n<\/li>\n<li class=\"\" data-start=\"4019\" data-end=\"4145\">\n<p class=\"\" data-start=\"4021\" data-end=\"4145\">Elastyczno\u015b\u0107 w zakresie mocy nikotyny: Dwie mocno\u015bci nikotyny (2% i 5%) umo\u017cliwiaj\u0105 dostosowanie do\u015bwiadczenia vapowania.<\/p>\n<\/li>\n<li class=\"\" data-start=\"4149\" data-end=\"4272\">\n<p class=\"\" data-start=\"4151\" data-end=\"4272\">Solidna konstrukcja: Urz\u0105dzenie wykonane z stopu aluminium i PCGT jest zar\u00f3wno trwa\u0142e, jak i lekkie.<\/p>\n<\/li>\n<li class=\"\" data-start=\"4276\" data-end=\"4417\">\n<p class=\"\" data-start=\"4278\" data-end=\"4417\">Orze\u017awiaj\u0105cy smak: Owocowy miks truskawki, maliny i wi\u015bni zapewnia przyjemne i od\u015bwie\u017caj\u0105ce doznania vapowania.<\/p>\n<\/li>\n<li class=\"\" data-start=\"4419\" data-end=\"4527\">\n<p class=\"\" data-start=\"4421\" data-end=\"4527\">Szybkie \u0142adowanie: Port Type-C umo\u017cliwia szybkie i efektywne \u0142adowanie urz\u0105dzenia.<\/p>\n<\/li>\n<\/ul>\n<h4 data-start=\"4529\" data-end=\"4561\">Zam\u00f3wienie i dostawa<\/h4>\n<p class=\"\" data-start=\"4563\" data-end=\"4875\">Digitalna skrzynka WASPE 12000 Puffs dost\u0119pna na stronie vapingnet.de. Przy zam\u00f3wieniu na tej stronie klienci korzystaj\u0105 z bezc\u0142owej dostawy. Czas wysy\u0142ki zazwyczaj wynosi od 7 do 15 dni roboczych, wi\u0119c urz\u0105dzenie szybko i bez ukrytych op\u0142at dotrze do Ciebie.<\/p>","protected":false},"excerpt":{"rendered":"<p>WASPE 12000 Puffs Digital Box: Wydajny i trwa\u0142y jednorazowy e-papieros. WASPE 12000 Puffs Digital Box to zaawansowany jednorazowy e-papieros, kt\u00f3ry oferuje wyj\u0105tkow\u0105 wydajno\u015b\u0107 i...<\/p>","protected":false},"featured_media":6659,"template":"","meta":[],"etheme_brands":[],"product_brand":[98],"product_cat":[88,49,61],"product_tag":[],"class_list":{"0":"post-6679","1":"product","2":"type-product","3":"status-publish","4":"has-post-thumbnail","6":"product_brand-waspe-vape","7":"product_cat-12k-vape","8":"product_cat-einweg-e-zigarette","9":"product_cat-f","11":"first","12":"instock","13":"shipping-taxable","14":"purchasable","15":"product-type-variable"},"yoast_head":"<!-- This site is optimized with the Yoast SEO plugin v26.5 - https:\/\/yoast.com\/wordpress\/plugins\/seo\/ -->\n<title>Erlebe Den Himmel Auf Erden WASPE 12000 Puffs Digital Box Strawberry Raspberry Cherry | Vapingnet.de<\/title>\n<meta name=\"description\" content=\"Entdecke Erlebe Den Himmel Auf Erden WASPE 12000 Puffs Digital Box Strawberry Raspberry Cherry bei vapingnet.de, \u25ba Gro\u00dfe Auswahl an Geschmacksrichtungen &amp; super g\u00fcnstig!\" \/>\n<meta name=\"robots\" content=\"index, follow, max-snippet:-1, max-image-preview:large, max-video-preview:-1\" \/>\n<link rel=\"canonical\" href=\"https:\/\/vapingnet.de\/pl\/vape\/erlebe-den-himmel-auf-erden-waspe-12000-puffs-digital-box-strawberry-raspberry-cherry\/\" \/>\n<meta property=\"og:locale\" content=\"pl_PL\" \/>\n<meta property=\"og:type\" content=\"article\" \/>\n<meta property=\"og:title\" content=\"Erlebe Den Himmel Auf Erden WASPE 12000 Puffs Digital Box Strawberry Raspberry Cherry | Vapingnet.de\" \/>\n<meta property=\"og:description\" content=\"Entdecke Erlebe Den Himmel Auf Erden WASPE 12000 Puffs Digital Box Strawberry Raspberry Cherry bei vapingnet.de, \u25ba Gro\u00dfe Auswahl an Geschmacksrichtungen &amp; super g\u00fcnstig!\" \/>\n<meta property=\"og:url\" content=\"https:\/\/vapingnet.de\/pl\/vape\/erlebe-den-himmel-auf-erden-waspe-12000-puffs-digital-box-strawberry-raspberry-cherry\/\" \/>\n<meta property=\"og:site_name\" content=\"Vapingnet.de\" \/>\n<meta property=\"article:publisher\" content=\"https:\/\/www.facebook.com\/vapingnetde\/\" \/>\n<meta property=\"article:modified_time\" content=\"2026-04-15T09:06:02+00:00\" \/>\n<meta property=\"og:image\" content=\"https:\/\/vapingnet.de\/wp-content\/uploads\/2025\/04\/Strawberry-Raspberry-Cherry.webp\" \/>\n\t<meta property=\"og:image:width\" content=\"1000\" \/>\n\t<meta property=\"og:image:height\" content=\"1000\" \/>\n\t<meta property=\"og:image:type\" content=\"image\/webp\" \/>\n<meta name=\"twitter:card\" content=\"summary_large_image\" \/>\n<meta name=\"twitter:label1\" content=\"Est. reading time\" \/>\n\t<meta name=\"twitter:data1\" content=\"5 minutes\" \/>\n<script type=\"application\/ld+json\" class=\"yoast-schema-graph\">{\"@context\":\"https:\/\/schema.org\",\"@graph\":[{\"@type\":\"WebPage\",\"@id\":\"https:\/\/vapingnet.de\/vape\/erlebe-den-himmel-auf-erden-waspe-12000-puffs-digital-box-strawberry-raspberry-cherry\/\",\"url\":\"https:\/\/vapingnet.de\/vape\/erlebe-den-himmel-auf-erden-waspe-12000-puffs-digital-box-strawberry-raspberry-cherry\/\",\"name\":\"Erlebe Den Himmel Auf Erden WASPE 12000 Puffs Digital Box Strawberry Raspberry Cherry | Vapingnet.de\",\"isPartOf\":{\"@id\":\"https:\/\/vapingnet.de\/#website\"},\"primaryImageOfPage\":{\"@id\":\"https:\/\/vapingnet.de\/vape\/erlebe-den-himmel-auf-erden-waspe-12000-puffs-digital-box-strawberry-raspberry-cherry\/#primaryimage\"},\"image\":{\"@id\":\"https:\/\/vapingnet.de\/vape\/erlebe-den-himmel-auf-erden-waspe-12000-puffs-digital-box-strawberry-raspberry-cherry\/#primaryimage\"},\"thumbnailUrl\":\"https:\/\/vapingnet.de\/wp-content\/uploads\/2025\/04\/Strawberry-Raspberry-Cherry.webp\",\"datePublished\":\"2025-04-29T09:01:19+00:00\",\"dateModified\":\"2026-04-15T09:06:02+00:00\",\"description\":\"Entdecke Erlebe Den Himmel Auf Erden WASPE 12000 Puffs Digital Box Strawberry Raspberry Cherry bei vapingnet.de, \u25ba Gro\u00dfe Auswahl an Geschmacksrichtungen & super g\u00fcnstig!\",\"breadcrumb\":{\"@id\":\"https:\/\/vapingnet.de\/vape\/erlebe-den-himmel-auf-erden-waspe-12000-puffs-digital-box-strawberry-raspberry-cherry\/#breadcrumb\"},\"inLanguage\":\"pl-PL\",\"potentialAction\":[{\"@type\":\"ReadAction\",\"target\":[\"https:\/\/vapingnet.de\/vape\/erlebe-den-himmel-auf-erden-waspe-12000-puffs-digital-box-strawberry-raspberry-cherry\/\"]}]},{\"@type\":\"ImageObject\",\"inLanguage\":\"pl-PL\",\"@id\":\"https:\/\/vapingnet.de\/vape\/erlebe-den-himmel-auf-erden-waspe-12000-puffs-digital-box-strawberry-raspberry-cherry\/#primaryimage\",\"url\":\"https:\/\/vapingnet.de\/wp-content\/uploads\/2025\/04\/Strawberry-Raspberry-Cherry.webp\",\"contentUrl\":\"https:\/\/vapingnet.de\/wp-content\/uploads\/2025\/04\/Strawberry-Raspberry-Cherry.webp\",\"width\":1000,\"height\":1000},{\"@type\":\"BreadcrumbList\",\"@id\":\"https:\/\/vapingnet.de\/vape\/erlebe-den-himmel-auf-erden-waspe-12000-puffs-digital-box-strawberry-raspberry-cherry\/#breadcrumb\",\"itemListElement\":[{\"@type\":\"ListItem\",\"position\":1,\"name\":\"Home\",\"item\":\"https:\/\/vapingnet.de\/\"},{\"@type\":\"ListItem\",\"position\":2,\"name\":\"Shop\",\"item\":\"https:\/\/vapingnet.de\/vape\/\"},{\"@type\":\"ListItem\",\"position\":3,\"name\":\"Erlebe Den Himmel Auf Erden WASPE 12000 Puffs Digital Box Strawberry Raspberry Cherry\"}]},{\"@type\":\"WebSite\",\"@id\":\"https:\/\/vapingnet.de\/#website\",\"url\":\"https:\/\/vapingnet.de\/\",\"name\":\"Vapingnet.de\",\"description\":\"\",\"publisher\":{\"@id\":\"https:\/\/vapingnet.de\/#organization\"},\"potentialAction\":[{\"@type\":\"SearchAction\",\"target\":{\"@type\":\"EntryPoint\",\"urlTemplate\":\"https:\/\/vapingnet.de\/?s={search_term_string}\"},\"query-input\":{\"@type\":\"PropertyValueSpecification\",\"valueRequired\":true,\"valueName\":\"search_term_string\"}}],\"inLanguage\":\"pl-PL\"},{\"@type\":\"Organization\",\"@id\":\"https:\/\/vapingnet.de\/#organization\",\"name\":\"Vapingnet.de\",\"url\":\"https:\/\/vapingnet.de\/\",\"logo\":{\"@type\":\"ImageObject\",\"inLanguage\":\"pl-PL\",\"@id\":\"https:\/\/vapingnet.de\/#\/schema\/logo\/image\/\",\"url\":\"https:\/\/vapingnet.de\/wp-content\/uploads\/2025\/03\/cropped-vapingnet.de_.jpg\",\"contentUrl\":\"https:\/\/vapingnet.de\/wp-content\/uploads\/2025\/03\/cropped-vapingnet.de_.jpg\",\"width\":512,\"height\":512,\"caption\":\"Vapingnet.de\"},\"image\":{\"@id\":\"https:\/\/vapingnet.de\/#\/schema\/logo\/image\/\"},\"sameAs\":[\"https:\/\/www.facebook.com\/vapingnetde\/\"]}]}<\/script>\n<!-- \/ Yoast SEO plugin. -->","yoast_head_json":{"title":"Erlebe Den Himmel Auf Erden WASPE 12000 Puffs Digital Box Strawberry Raspberry Cherry | Vapingnet.de","description":"Entdecke Erlebe Den Himmel Auf Erden WASPE 12000 Puffs Digital Box Strawberry Raspberry Cherry bei vapingnet.de, \u25ba Gro\u00dfe Auswahl an Geschmacksrichtungen & super g\u00fcnstig!","robots":{"index":"index","follow":"follow","max-snippet":"max-snippet:-1","max-image-preview":"max-image-preview:large","max-video-preview":"max-video-preview:-1"},"canonical":"https:\/\/vapingnet.de\/pl\/vape\/erlebe-den-himmel-auf-erden-waspe-12000-puffs-digital-box-strawberry-raspberry-cherry\/","og_locale":"pl_PL","og_type":"article","og_title":"Erlebe Den Himmel Auf Erden WASPE 12000 Puffs Digital Box Strawberry Raspberry Cherry | Vapingnet.de","og_description":"Entdecke Erlebe Den Himmel Auf Erden WASPE 12000 Puffs Digital Box Strawberry Raspberry Cherry bei vapingnet.de, \u25ba Gro\u00dfe Auswahl an Geschmacksrichtungen & super g\u00fcnstig!","og_url":"https:\/\/vapingnet.de\/pl\/vape\/erlebe-den-himmel-auf-erden-waspe-12000-puffs-digital-box-strawberry-raspberry-cherry\/","og_site_name":"Vapingnet.de","article_publisher":"https:\/\/www.facebook.com\/vapingnetde\/","article_modified_time":"2026-04-15T09:06:02+00:00","og_image":[{"width":1000,"height":1000,"url":"https:\/\/vapingnet.de\/wp-content\/uploads\/2025\/04\/Strawberry-Raspberry-Cherry.webp","type":"image\/webp"}],"twitter_card":"summary_large_image","twitter_misc":{"Est. reading time":"5 minutes"},"schema":{"@context":"https:\/\/schema.org","@graph":[{"@type":"WebPage","@id":"https:\/\/vapingnet.de\/vape\/erlebe-den-himmel-auf-erden-waspe-12000-puffs-digital-box-strawberry-raspberry-cherry\/","url":"https:\/\/vapingnet.de\/vape\/erlebe-den-himmel-auf-erden-waspe-12000-puffs-digital-box-strawberry-raspberry-cherry\/","name":"Erlebe Den Himmel Auf Erden WASPE 12000 Puffs Digital Box Strawberry Raspberry Cherry | Vapingnet.de","isPartOf":{"@id":"https:\/\/vapingnet.de\/#website"},"primaryImageOfPage":{"@id":"https:\/\/vapingnet.de\/vape\/erlebe-den-himmel-auf-erden-waspe-12000-puffs-digital-box-strawberry-raspberry-cherry\/#primaryimage"},"image":{"@id":"https:\/\/vapingnet.de\/vape\/erlebe-den-himmel-auf-erden-waspe-12000-puffs-digital-box-strawberry-raspberry-cherry\/#primaryimage"},"thumbnailUrl":"https:\/\/vapingnet.de\/wp-content\/uploads\/2025\/04\/Strawberry-Raspberry-Cherry.webp","datePublished":"2025-04-29T09:01:19+00:00","dateModified":"2026-04-15T09:06:02+00:00","description":"Entdecke Erlebe Den Himmel Auf Erden WASPE 12000 Puffs Digital Box Strawberry Raspberry Cherry bei vapingnet.de, \u25ba Gro\u00dfe Auswahl an Geschmacksrichtungen & super g\u00fcnstig!","breadcrumb":{"@id":"https:\/\/vapingnet.de\/vape\/erlebe-den-himmel-auf-erden-waspe-12000-puffs-digital-box-strawberry-raspberry-cherry\/#breadcrumb"},"inLanguage":"pl-PL","potentialAction":[{"@type":"ReadAction","target":["https:\/\/vapingnet.de\/vape\/erlebe-den-himmel-auf-erden-waspe-12000-puffs-digital-box-strawberry-raspberry-cherry\/"]}]},{"@type":"ImageObject","inLanguage":"pl-PL","@id":"https:\/\/vapingnet.de\/vape\/erlebe-den-himmel-auf-erden-waspe-12000-puffs-digital-box-strawberry-raspberry-cherry\/#primaryimage","url":"https:\/\/vapingnet.de\/wp-content\/uploads\/2025\/04\/Strawberry-Raspberry-Cherry.webp","contentUrl":"https:\/\/vapingnet.de\/wp-content\/uploads\/2025\/04\/Strawberry-Raspberry-Cherry.webp","width":1000,"height":1000},{"@type":"BreadcrumbList","@id":"https:\/\/vapingnet.de\/vape\/erlebe-den-himmel-auf-erden-waspe-12000-puffs-digital-box-strawberry-raspberry-cherry\/#breadcrumb","itemListElement":[{"@type":"ListItem","position":1,"name":"Home","item":"https:\/\/vapingnet.de\/"},{"@type":"ListItem","position":2,"name":"Shop","item":"https:\/\/vapingnet.de\/vape\/"},{"@type":"ListItem","position":3,"name":"Erlebe Den Himmel Auf Erden WASPE 12000 Puffs Digital Box Strawberry Raspberry Cherry"}]},{"@type":"WebSite","@id":"https:\/\/vapingnet.de\/#website","url":"https:\/\/vapingnet.de\/","name":"Vapingnet.de","description":"","publisher":{"@id":"https:\/\/vapingnet.de\/#organization"},"potentialAction":[{"@type":"SearchAction","target":{"@type":"EntryPoint","urlTemplate":"https:\/\/vapingnet.de\/?s={search_term_string}"},"query-input":{"@type":"PropertyValueSpecification","valueRequired":true,"valueName":"search_term_string"}}],"inLanguage":"pl-PL"},{"@type":"Organization","@id":"https:\/\/vapingnet.de\/#organization","name":"Vapingnet.de","url":"https:\/\/vapingnet.de\/","logo":{"@type":"ImageObject","inLanguage":"pl-PL","@id":"https:\/\/vapingnet.de\/#\/schema\/logo\/image\/","url":"https:\/\/vapingnet.de\/wp-content\/uploads\/2025\/03\/cropped-vapingnet.de_.jpg","contentUrl":"https:\/\/vapingnet.de\/wp-content\/uploads\/2025\/03\/cropped-vapingnet.de_.jpg","width":512,"height":512,"caption":"Vapingnet.de"},"image":{"@id":"https:\/\/vapingnet.de\/#\/schema\/logo\/image\/"},"sameAs":["https:\/\/www.facebook.com\/vapingnetde\/"]}]}},"tiered_pricing_type":"fixed","tiered_pricing_fixed_rules":[],"tiered_pricing_product_settings":{"layout":"default","base_unit_name":{"singular":null,"plural":null},"default_variation":null},"tiered_pricing_minimum_quantity":null,"tiered_pricing_roles_data":[],"tiered_pricing_percentage_rules":[],"_links":{"self":[{"href":"https:\/\/vapingnet.de\/pl\/wp-json\/wp\/v2\/product\/6679","targetHints":{"allow":["GET"]}}],"collection":[{"href":"https:\/\/vapingnet.de\/pl\/wp-json\/wp\/v2\/product"}],"about":[{"href":"https:\/\/vapingnet.de\/pl\/wp-json\/wp\/v2\/types\/product"}],"version-history":[{"count":2,"href":"https:\/\/vapingnet.de\/pl\/wp-json\/wp\/v2\/product\/6679\/revisions"}],"predecessor-version":[{"id":6894,"href":"https:\/\/vapingnet.de\/pl\/wp-json\/wp\/v2\/product\/6679\/revisions\/6894"}],"wp:featuredmedia":[{"embeddable":true,"href":"https:\/\/vapingnet.de\/pl\/wp-json\/wp\/v2\/media\/6659"}],"wp:attachment":[{"href":"https:\/\/vapingnet.de\/pl\/wp-json\/wp\/v2\/media?parent=6679"}],"wp:term":[{"taxonomy":"brand","embeddable":true,"href":"https:\/\/vapingnet.de\/pl\/wp-json\/wp\/v2\/etheme_brands?post=6679"},{"taxonomy":"product_brand","embeddable":true,"href":"https:\/\/vapingnet.de\/pl\/wp-json\/wp\/v2\/product_brand?post=6679"},{"taxonomy":"product_cat","embeddable":true,"href":"https:\/\/vapingnet.de\/pl\/wp-json\/wp\/v2\/product_cat?post=6679"},{"taxonomy":"product_tag","embeddable":true,"href":"https:\/\/vapingnet.de\/pl\/wp-json\/wp\/v2\/product_tag?post=6679"}],"curies":[{"name":"wp","href":"https:\/\/api.w.org\/{rel}","templated":true}]}}