{"id":6686,"date":"2025-04-30T01:28:11","date_gmt":"2025-04-30T01:28:11","guid":{"rendered":"https:\/\/vapingnet.de\/?post_type=product&#038;p=6686"},"modified":"2025-06-19T03:45:08","modified_gmt":"2025-06-19T03:45:08","slug":"waspe-12000-puffs-dein-blue-razz-ice-direkt-vom-hersteller-ohne-zollgebuehren","status":"publish","type":"product","link":"https:\/\/vapingnet.de\/pl\/vape\/waspe-12000-puffs-dein-blue-razz-ice-direkt-vom-hersteller-ohne-zollgebuehren\/","title":{"rendered":"WASPE 12000 Puffs Tw\u00f3j Blue Razz Ice, bezpo\u015brednio od producenta, bez op\u0142at celnych"},"content":{"rendered":"<div style=\"width: 1170px;\" class=\"wp-video\"><!--[if lt IE 9]><script>document.createElement('video');<\/script><![endif]-->\n<video class=\"wp-video-shortcode\" id=\"video-6686-1\" width=\"1170\" height=\"658\" preload=\"metadata\" controls=\"controls\"><source type=\"video\/mp4\" src=\"https:\/\/vapingnet.de\/wp-content\/uploads\/2025\/04\/12000Puffs_DigitalBox.mp4?_=1\" \/><a href=\"https:\/\/vapingnet.de\/wp-content\/uploads\/2025\/04\/12000Puffs_DigitalBox.mp4\">https:\/\/vapingnet.de\/wp-content\/uploads\/2025\/04\/12000Puffs_DigitalBox.mp4<\/a><\/video><\/div>\n<h2 data-start=\"0\" data-end=\"76\" data-immersive-translate-walked=\"a4d6e05d-60a0-4e13-8785-7fccaaefcea2\">WASPE 12000 Puffs Digital Box: Maksymalna moc i komfort dla palaczy e-papieros\u00f3w<\/h2>\n<p class=\"\" data-start=\"78\" data-end=\"546\" data-immersive-translate-walked=\"a4d6e05d-60a0-4e13-8785-7fccaaefcea2\" data-immersive-translate-paragraph=\"1\">WASPE 12000 Puffs Digital Box to zaawansowany jednorazowy e-papieros, kt\u00f3ry jest dostosowany do potrzeb intensywnych palaczy i tych, kt\u00f3rzy szukaj\u0105 wysokiej wydajno\u015bci oraz d\u0142ugiej trwa\u0142o\u015bci. Dzi\u0119ki niezwykle du\u017cej pojemno\u015bci na chmur\u0119, przyjaznej obs\u0142udze i orze\u017awiaj\u0105cemu smakowi, ten model zapewnia niezapomniane do\u015bwiadczenie palenia. Dowiedz si\u0119, dlaczego WASPE 12000 Puffs Digital Box mo\u017ce by\u0107 Twoim idealnym wyborem.<\/p>\n<h3>Dlaczego warto wybra\u0107 WASPE 12000 Puffs Digital Box<\/h3>\n<p class=\"\" data-start=\"1183\" data-end=\"1554\" data-immersive-translate-walked=\"a4d6e05d-60a0-4e13-8785-7fccaaefcea2\" data-immersive-translate-paragraph=\"1\">Trwa\u0142o\u015b\u0107 dla intensywnych palaczy:<br data-start=\"1218\" data-end=\"1221\" data-immersive-translate-walked=\"a4d6e05d-60a0-4e13-8785-7fccaaefcea2\" \/>Z 12 000 zaci\u0105gni\u0119ciami, WASPE 12000 Puffs Digital Box jest jednym z najtrwalszych jednorazowych e-papieros\u00f3w na rynku. Ta wysoka pojemno\u015b\u0107 na chmur\u0119 oznacza, \u017ce mo\u017cesz cieszy\u0107 si\u0119 d\u0142ugotrwa\u0142ym paleniem bez konieczno\u015bci regularnej wymiany urz\u0105dzenia. To prawdziwy plus dla wszystkich, kt\u00f3rzy intensywnie korzystaj\u0105 ze swoich e-papieros\u00f3w.<\/p>\n<p class=\"\" data-start=\"1556\" data-end=\"1904\" data-immersive-translate-walked=\"a4d6e05d-60a0-4e13-8785-7fccaaefcea2\" data-immersive-translate-paragraph=\"1\">Du\u017ca pojemno\u015b\u0107 e-liquid:<br data-start=\"1585\" data-end=\"1588\" data-immersive-translate-walked=\"a4d6e05d-60a0-4e13-8785-7fccaaefcea2\" \/>Dzi\u0119ki du\u017cej pojemno\u015bci 20 ml na e-liquid, ten model zapewnia wystarczaj\u0105c\u0105 ilo\u015b\u0107 p\u0142ynu na d\u0142ugi czas u\u017cytkowania. Jest to szczeg\u00f3lnie praktyczne dla palaczy, kt\u00f3rzy cz\u0119sto s\u0105 w ruchu lub nie chc\u0105 ci\u0105gle uzupe\u0142nia\u0107. Mo\u017cesz cieszy\u0107 si\u0119 boxem d\u0142u\u017cej, nie martwi\u0105c si\u0119 o nape\u0142nianie.<\/p>\n<h4 data-start=\"1911\" data-end=\"1957\" data-immersive-translate-walked=\"a4d6e05d-60a0-4e13-8785-7fccaaefcea2\">Elastyczno\u015b\u0107 w zakresie mocy nikotyny<\/h4>\n<p class=\"\" data-start=\"1959\" data-end=\"2033\" data-immersive-translate-walked=\"a4d6e05d-60a0-4e13-8785-7fccaaefcea2\" data-immersive-translate-paragraph=\"1\">WASPE 12000 Puffs Digital Box dost\u0119pny jest w dw\u00f3ch mocach nikotyny:<\/p>\n<ul data-start=\"2034\" data-end=\"2222\" data-immersive-translate-walked=\"a4d6e05d-60a0-4e13-8785-7fccaaefcea2\">\n<li class=\"\" data-start=\"2034\" data-end=\"2112\" data-immersive-translate-walked=\"a4d6e05d-60a0-4e13-8785-7fccaaefcea2\">\n<p class=\"\" data-start=\"2036\" data-end=\"2112\" data-immersive-translate-walked=\"a4d6e05d-60a0-4e13-8785-7fccaaefcea2\" data-immersive-translate-paragraph=\"1\">2% Nikotyna: dla palaczy, kt\u00f3rzy preferuj\u0105 \u0142agodniejsze przyjmowanie nikotyny.<\/p>\n<\/li>\n<li class=\"\" data-start=\"2113\" data-end=\"2222\" data-immersive-translate-walked=\"a4d6e05d-60a0-4e13-8785-7fccaaefcea2\">\n<p class=\"\" data-start=\"2115\" data-end=\"2222\" data-immersive-translate-walked=\"a4d6e05d-60a0-4e13-8785-7fccaaefcea2\" data-immersive-translate-paragraph=\"1\">5% Nikotyna: dla tych, kt\u00f3rzy chc\u0105 intensywniejszego przyjmowania nikotyny, idealne dla do\u015bwiadczonych palaczy.<\/p>\n<\/li>\n<\/ul>\n<p class=\"\" data-start=\"2224\" data-end=\"2335\" data-immersive-translate-walked=\"a4d6e05d-60a0-4e13-8785-7fccaaefcea2\" data-immersive-translate-paragraph=\"1\">Ta swoboda wyboru pozwala dostosowa\u0107 palenie do indywidualnych potrzeb i preferencji.<\/p>\n<h4 data-start=\"2342\" data-end=\"2383\" data-immersive-translate-walked=\"a4d6e05d-60a0-4e13-8785-7fccaaefcea2\">Solidna konstrukcja na co dzie\u0144<\/h4>\n<p class=\"\" data-start=\"2385\" data-end=\"2851\" data-immersive-translate-walked=\"a4d6e05d-60a0-4e13-8785-7fccaaefcea2\" data-immersive-translate-paragraph=\"1\">WASPE 12000 Puffs Digital Box wyr\u00f3\u017cnia si\u0119 solidnym designem wykonanym z stopu aluminium i PCGT. Ten materia\u0142 zapewnia wysok\u0105 odporno\u015b\u0107 na czynniki zewn\u0119trzne, dzi\u0119ki czemu box jest trwa\u0142y nawet przy regularnym u\u017cytkowaniu. Ergonomiczny kszta\u0142t sprawia, \u017ce palenie jest wygodne, a niewielka waga, wynosz\u0105ca tylko 96 g, sprawia, \u017ce box le\u017cy wygodnie w d\u0142oni i mo\u017cna go \u0142atwo przenosi\u0107.<\/p>\n<h4 data-start=\"2858\" data-end=\"2907\" data-immersive-translate-walked=\"a4d6e05d-60a0-4e13-8785-7fccaaefcea2\">Przyjazny dla u\u017cytkownika cyfrowy wy\u015bwietlacz<\/h4>\n<p class=\"\" data-start=\"2909\" data-end=\"3275\" data-immersive-translate-walked=\"a4d6e05d-60a0-4e13-8785-7fccaaefcea2\" data-immersive-translate-paragraph=\"1\">Cyfrowy wy\u015bwietlacz WASPE 12000 Puffs Digital Box umo\u017cliwia wygodne monitorowanie poziomu p\u0142ynu i liczby pozosta\u0142ych zaci\u0105gni\u0119\u0107 w dowolnym momencie. Ta funkcja pozwala precyzyjnie kontrolowa\u0107 palenie i zapewnia, \u017ce urz\u0105dzenie nie wyczerpie si\u0119 niespodziewanie. Ciesz si\u0119 paleniem zawsze z pe\u0142nym komfortem.<\/p>\n<h4 data-start=\"3282\" data-end=\"3333\" data-immersive-translate-walked=\"a4d6e05d-60a0-4e13-8785-7fccaaefcea2\">Szybka \u0142adowarka z portem Type-C<\/h4>\n<p class=\"\" data-start=\"3335\" data-end=\"3664\" data-immersive-translate-walked=\"a4d6e05d-60a0-4e13-8785-7fccaaefcea2\" data-immersive-translate-paragraph=\"1\">WASPE 12000 Puffs Digital Box wyposa\u017cony jest w port Type-C, zapewniaj\u0105cy szybkie \u0142adowanie. Przy pojemno\u015bci baterii 650 mAh nie musisz d\u0142ugo czeka\u0107, a\u017c urz\u0105dzenie b\u0119dzie gotowe do u\u017cycia. To szczeg\u00f3lnie praktyczne dla palaczy w ruchu, kt\u00f3rzy nie maj\u0105 du\u017co czasu na \u0142adowanie.<\/p>\n<h4 data-start=\"3671\" data-end=\"3737\" data-immersive-translate-walked=\"a4d6e05d-60a0-4e13-8785-7fccaaefcea2\">Smak: Blue Razz Ice dla orze\u017awiaj\u0105cego do\u015bwiadczenia<\/h4>\n<p class=\"\" data-start=\"3739\" data-end=\"4062\" data-immersive-translate-walked=\"a4d6e05d-60a0-4e13-8785-7fccaaefcea2\" data-immersive-translate-paragraph=\"1\">Smak WASPE 12000 Puffs Digital Box \u2013 \u201eBlue Razz Ice\u201d \u2013 \u0142\u0105czy s\u0142odycz niebieskiej maliny z orze\u017awiaj\u0105cym mentholowym kopem. Ten smak pozostaje intensywny nawet po wielu zaci\u0105gni\u0119ciach i zapewnia przyjemne palenie, kt\u00f3re sprawdzi si\u0119 zar\u00f3wno w ciep\u0142e dni, jak i w ch\u0142odniejsze.<\/p>\n<h4 data-start=\"4069\" data-end=\"4116\" data-immersive-translate-walked=\"a4d6e05d-60a0-4e13-8785-7fccaaefcea2\">Szybka dostawa bez op\u0142at celnych<\/h4>\n<p class=\"\" data-start=\"4118\" data-end=\"4436\" data-immersive-translate-walked=\"a4d6e05d-60a0-4e13-8785-7fccaaefcea2\" data-immersive-translate-paragraph=\"1\">Du\u017c\u0105 zalet\u0105 cyfrowej skrzynki WASPE 12000 Puffs jest bezc\u0142owa dostawa. Zam\u00f3w urz\u0105dzenie przez vapingnet.de, a mo\u017cesz je otrzyma\u0107 bezpo\u015brednio pod wskazany adres w ci\u0105gu 7\u201315 dni roboczych \u2013 bez dodatkowych op\u0142at celnych. To oszcz\u0119dza Tw\u00f3j czas i pieni\u0105dze.<\/p>\n<h3>Dlaczego wybra\u0107 cyfrow\u0105 skrzynk\u0119 WASPE 12000 Puffs?<\/h3>\n<ul data-start=\"4500\" data-end=\"5070\" data-immersive-translate-walked=\"a4d6e05d-60a0-4e13-8785-7fccaaefcea2\">\n<li class=\"\" data-start=\"4500\" data-end=\"4572\" data-immersive-translate-walked=\"a4d6e05d-60a0-4e13-8785-7fccaaefcea2\">\n<p class=\"\" data-start=\"4502\" data-end=\"4572\" data-immersive-translate-walked=\"a4d6e05d-60a0-4e13-8785-7fccaaefcea2\" data-immersive-translate-paragraph=\"1\">Trwa\u0142o\u015b\u0107: 12 000 zaci\u0105gni\u0119\u0107 dla wyj\u0105tkowo d\u0142ugiego u\u017cytkowania.<\/p>\n<\/li>\n<li class=\"\" data-start=\"4573\" data-end=\"4636\" data-immersive-translate-walked=\"a4d6e05d-60a0-4e13-8785-7fccaaefcea2\">\n<p class=\"\" data-start=\"4575\" data-end=\"4636\" data-immersive-translate-walked=\"a4d6e05d-60a0-4e13-8785-7fccaaefcea2\" data-immersive-translate-paragraph=\"1\">Kontrola nikotyny: Wybierz spo\u015br\u00f3d nikotyny 2% i 5%.<\/p>\n<\/li>\n<li class=\"\" data-start=\"4637\" data-end=\"4734\" data-immersive-translate-walked=\"a4d6e05d-60a0-4e13-8785-7fccaaefcea2\">\n<p class=\"\" data-start=\"4639\" data-end=\"4734\" data-immersive-translate-walked=\"a4d6e05d-60a0-4e13-8785-7fccaaefcea2\" data-immersive-translate-paragraph=\"1\">Solidna konstrukcja: Wykonana z stopu aluminium i PCGT dla wysokiej odporno\u015bci.<\/p>\n<\/li>\n<li class=\"\" data-start=\"4735\" data-end=\"4838\" data-immersive-translate-walked=\"a4d6e05d-60a0-4e13-8785-7fccaaefcea2\">\n<p class=\"\" data-start=\"4737\" data-end=\"4838\" data-immersive-translate-walked=\"a4d6e05d-60a0-4e13-8785-7fccaaefcea2\" data-immersive-translate-paragraph=\"1\">Przyjazny dla u\u017cytkownika: Cyfrowy wy\u015bwietlacz pokazuje poziom liquidu i pozosta\u0142e zaci\u0105gni\u0119cia.<\/p>\n<\/li>\n<li class=\"\" data-start=\"4839\" data-end=\"4909\" data-immersive-translate-walked=\"a4d6e05d-60a0-4e13-8785-7fccaaefcea2\">\n<p class=\"\" data-start=\"4841\" data-end=\"4909\" data-immersive-translate-walked=\"a4d6e05d-60a0-4e13-8785-7fccaaefcea2\" data-immersive-translate-paragraph=\"1\">Szybkie \u0142adowanie: Z\u0142\u0105cze Type-C zapewnia kr\u00f3tkie czasy \u0142adowania.<\/p>\n<\/li>\n<li class=\"\" data-start=\"4910\" data-end=\"5000\" data-immersive-translate-walked=\"a4d6e05d-60a0-4e13-8785-7fccaaefcea2\">\n<p class=\"\" data-start=\"4912\" data-end=\"5000\" data-immersive-translate-walked=\"a4d6e05d-60a0-4e13-8785-7fccaaefcea2\" data-immersive-translate-paragraph=\"1\">Orze\u017awiaj\u0105cy smak: Blue Razz Ice dla owocowego, orze\u017awiaj\u0105cego do\u015bwiadczenia vapowania.<\/p>\n<\/li>\n<li class=\"\" data-start=\"5001\" data-end=\"5070\" data-immersive-translate-walked=\"a4d6e05d-60a0-4e13-8785-7fccaaefcea2\">\n<p class=\"\" data-start=\"5003\" data-end=\"5070\" data-immersive-translate-walked=\"a4d6e05d-60a0-4e13-8785-7fccaaefcea2\" data-immersive-translate-paragraph=\"1\">Bezc\u0142owa dostawa: Szybka wysy\u0142ka bez dodatkowych koszt\u00f3w.<\/p>\n<\/li>\n<\/ul>\n<h4 data-start=\"5077\" data-end=\"5132\" data-immersive-translate-walked=\"a4d6e05d-60a0-4e13-8785-7fccaaefcea2\">Niezawodny wyb\u00f3r dla ka\u017cdego vapera<\/h4>\n<p class=\"\" data-start=\"5134\" data-end=\"5515\" data-immersive-translate-walked=\"a4d6e05d-60a0-4e13-8785-7fccaaefcea2\" data-immersive-translate-paragraph=\"1\">Cyfrowa skrzynka WASPE 12000 Puffs zachwyca du\u017c\u0105 pojemno\u015bci\u0105 na zaci\u0105gni\u0119cia, praktyczno\u015bci\u0105 i orze\u017awiaj\u0105cym smakiem. Niezale\u017cnie od tego, czy jeste\u015b pocz\u0105tkuj\u0105cym, czy do\u015bwiadczonym vaporizerem \u2013 ten model zapewnia trwa\u0142e i przyjemne do\u015bwiadczenie vapowania. Zam\u00f3w ju\u017c dzi\u015b i ciesz si\u0119 szybk\u0105, bezc\u0142ow\u0105 dostaw\u0105 prosto do Twojego domu.<\/p>","protected":false},"excerpt":{"rendered":"<p>WASPE 12000 Puffs Digital Box: Maximale Leistung und Komfort f\u00fcr Dampfer Die WASPE 12000 Puffs Digital Box ist eine fortschrittliche Einweg-E-Zigarette, die auf die Bed\u00fcrfnisse&#8230;<\/p>","protected":false},"featured_media":6653,"template":"","meta":[],"etheme_brands":[],"product_brand":[98],"product_cat":[88,49,61],"product_tag":[],"class_list":{"0":"post-6686","1":"product","2":"type-product","3":"status-publish","4":"has-post-thumbnail","6":"product_brand-waspe-vape","7":"product_cat-12k-vape","8":"product_cat-einweg-e-zigarette","9":"product_cat-f","11":"first","12":"instock","13":"shipping-taxable","14":"purchasable","15":"product-type-simple"},"yoast_head":"<!-- This site is optimized with the Yoast SEO plugin v26.5 - https:\/\/yoast.com\/wordpress\/plugins\/seo\/ -->\n<title>WASPE 12000 Puffs Dein Blue Razz Ice Direkt Vom Hersteller Ohne Zollgeb\u00fchren | Vapingnet.de<\/title>\n<meta name=\"description\" content=\"Entdecke WASPE 12000 Puffs Dein Blue Razz Ice Direkt Vom Hersteller Ohne Zollgeb\u00fchren bei vapingnet.de, \u25ba Gro\u00dfe Auswahl an Geschmacksrichtungen &amp; super g\u00fcnstig!\" \/>\n<meta name=\"robots\" content=\"index, follow, max-snippet:-1, max-image-preview:large, max-video-preview:-1\" \/>\n<link rel=\"canonical\" href=\"https:\/\/vapingnet.de\/pl\/vape\/waspe-12000-puffs-dein-blue-razz-ice-direkt-vom-hersteller-ohne-zollgebuehren\/\" \/>\n<meta property=\"og:locale\" content=\"pl_PL\" \/>\n<meta property=\"og:type\" content=\"article\" \/>\n<meta property=\"og:title\" content=\"WASPE 12000 Puffs Dein Blue Razz Ice Direkt Vom Hersteller Ohne Zollgeb\u00fchren | Vapingnet.de\" \/>\n<meta property=\"og:description\" content=\"Entdecke WASPE 12000 Puffs Dein Blue Razz Ice Direkt Vom Hersteller Ohne Zollgeb\u00fchren bei vapingnet.de, \u25ba Gro\u00dfe Auswahl an Geschmacksrichtungen &amp; super g\u00fcnstig!\" \/>\n<meta property=\"og:url\" content=\"https:\/\/vapingnet.de\/pl\/vape\/waspe-12000-puffs-dein-blue-razz-ice-direkt-vom-hersteller-ohne-zollgebuehren\/\" \/>\n<meta property=\"og:site_name\" content=\"Vapingnet.de\" \/>\n<meta property=\"article:publisher\" content=\"https:\/\/www.facebook.com\/vapingnetde\/\" \/>\n<meta property=\"article:modified_time\" content=\"2025-06-19T03:45:08+00:00\" \/>\n<meta property=\"og:image\" content=\"https:\/\/vapingnet.de\/wp-content\/uploads\/2025\/04\/Blue-Razz-Ice-3.webp\" \/>\n\t<meta property=\"og:image:width\" content=\"1000\" \/>\n\t<meta property=\"og:image:height\" content=\"1000\" \/>\n\t<meta property=\"og:image:type\" content=\"image\/webp\" \/>\n<meta name=\"twitter:card\" content=\"summary_large_image\" \/>\n<meta name=\"twitter:label1\" content=\"Est. reading time\" \/>\n\t<meta name=\"twitter:data1\" content=\"4 minutes\" \/>\n<script type=\"application\/ld+json\" class=\"yoast-schema-graph\">{\"@context\":\"https:\/\/schema.org\",\"@graph\":[{\"@type\":\"WebPage\",\"@id\":\"https:\/\/vapingnet.de\/vape\/waspe-12000-puffs-dein-blue-razz-ice-direkt-vom-hersteller-ohne-zollgebuehren\/\",\"url\":\"https:\/\/vapingnet.de\/vape\/waspe-12000-puffs-dein-blue-razz-ice-direkt-vom-hersteller-ohne-zollgebuehren\/\",\"name\":\"WASPE 12000 Puffs Dein Blue Razz Ice Direkt Vom Hersteller Ohne Zollgeb\u00fchren | Vapingnet.de\",\"isPartOf\":{\"@id\":\"https:\/\/vapingnet.de\/#website\"},\"primaryImageOfPage\":{\"@id\":\"https:\/\/vapingnet.de\/vape\/waspe-12000-puffs-dein-blue-razz-ice-direkt-vom-hersteller-ohne-zollgebuehren\/#primaryimage\"},\"image\":{\"@id\":\"https:\/\/vapingnet.de\/vape\/waspe-12000-puffs-dein-blue-razz-ice-direkt-vom-hersteller-ohne-zollgebuehren\/#primaryimage\"},\"thumbnailUrl\":\"https:\/\/vapingnet.de\/wp-content\/uploads\/2025\/04\/Blue-Razz-Ice-3.webp\",\"datePublished\":\"2025-04-30T01:28:11+00:00\",\"dateModified\":\"2025-06-19T03:45:08+00:00\",\"description\":\"Entdecke WASPE 12000 Puffs Dein Blue Razz Ice Direkt Vom Hersteller Ohne Zollgeb\u00fchren bei vapingnet.de, \u25ba Gro\u00dfe Auswahl an Geschmacksrichtungen & super g\u00fcnstig!\",\"breadcrumb\":{\"@id\":\"https:\/\/vapingnet.de\/vape\/waspe-12000-puffs-dein-blue-razz-ice-direkt-vom-hersteller-ohne-zollgebuehren\/#breadcrumb\"},\"inLanguage\":\"pl-PL\",\"potentialAction\":[{\"@type\":\"ReadAction\",\"target\":[\"https:\/\/vapingnet.de\/vape\/waspe-12000-puffs-dein-blue-razz-ice-direkt-vom-hersteller-ohne-zollgebuehren\/\"]}]},{\"@type\":\"ImageObject\",\"inLanguage\":\"pl-PL\",\"@id\":\"https:\/\/vapingnet.de\/vape\/waspe-12000-puffs-dein-blue-razz-ice-direkt-vom-hersteller-ohne-zollgebuehren\/#primaryimage\",\"url\":\"https:\/\/vapingnet.de\/wp-content\/uploads\/2025\/04\/Blue-Razz-Ice-3.webp\",\"contentUrl\":\"https:\/\/vapingnet.de\/wp-content\/uploads\/2025\/04\/Blue-Razz-Ice-3.webp\",\"width\":1000,\"height\":1000},{\"@type\":\"BreadcrumbList\",\"@id\":\"https:\/\/vapingnet.de\/vape\/waspe-12000-puffs-dein-blue-razz-ice-direkt-vom-hersteller-ohne-zollgebuehren\/#breadcrumb\",\"itemListElement\":[{\"@type\":\"ListItem\",\"position\":1,\"name\":\"Home\",\"item\":\"https:\/\/vapingnet.de\/\"},{\"@type\":\"ListItem\",\"position\":2,\"name\":\"Shop\",\"item\":\"https:\/\/vapingnet.de\/vape\/\"},{\"@type\":\"ListItem\",\"position\":3,\"name\":\"WASPE 12000 Puffs Dein Blue Razz Ice Direkt Vom Hersteller Ohne Zollgeb\u00fchren\"}]},{\"@type\":\"WebSite\",\"@id\":\"https:\/\/vapingnet.de\/#website\",\"url\":\"https:\/\/vapingnet.de\/\",\"name\":\"Vapingnet.de\",\"description\":\"\",\"publisher\":{\"@id\":\"https:\/\/vapingnet.de\/#organization\"},\"potentialAction\":[{\"@type\":\"SearchAction\",\"target\":{\"@type\":\"EntryPoint\",\"urlTemplate\":\"https:\/\/vapingnet.de\/?s={search_term_string}\"},\"query-input\":{\"@type\":\"PropertyValueSpecification\",\"valueRequired\":true,\"valueName\":\"search_term_string\"}}],\"inLanguage\":\"pl-PL\"},{\"@type\":\"Organization\",\"@id\":\"https:\/\/vapingnet.de\/#organization\",\"name\":\"Vapingnet.de\",\"url\":\"https:\/\/vapingnet.de\/\",\"logo\":{\"@type\":\"ImageObject\",\"inLanguage\":\"pl-PL\",\"@id\":\"https:\/\/vapingnet.de\/#\/schema\/logo\/image\/\",\"url\":\"https:\/\/vapingnet.de\/wp-content\/uploads\/2025\/03\/cropped-vapingnet.de_.jpg\",\"contentUrl\":\"https:\/\/vapingnet.de\/wp-content\/uploads\/2025\/03\/cropped-vapingnet.de_.jpg\",\"width\":512,\"height\":512,\"caption\":\"Vapingnet.de\"},\"image\":{\"@id\":\"https:\/\/vapingnet.de\/#\/schema\/logo\/image\/\"},\"sameAs\":[\"https:\/\/www.facebook.com\/vapingnetde\/\"]}]}<\/script>\n<!-- \/ Yoast SEO plugin. -->","yoast_head_json":{"title":"WASPE 12000 Puffs Dein Blue Razz Ice Direkt Vom Hersteller Ohne Zollgeb\u00fchren | Vapingnet.de","description":"Entdecke WASPE 12000 Puffs Dein Blue Razz Ice Direkt Vom Hersteller Ohne Zollgeb\u00fchren bei vapingnet.de, \u25ba Gro\u00dfe Auswahl an Geschmacksrichtungen & super g\u00fcnstig!","robots":{"index":"index","follow":"follow","max-snippet":"max-snippet:-1","max-image-preview":"max-image-preview:large","max-video-preview":"max-video-preview:-1"},"canonical":"https:\/\/vapingnet.de\/pl\/vape\/waspe-12000-puffs-dein-blue-razz-ice-direkt-vom-hersteller-ohne-zollgebuehren\/","og_locale":"pl_PL","og_type":"article","og_title":"WASPE 12000 Puffs Dein Blue Razz Ice Direkt Vom Hersteller Ohne Zollgeb\u00fchren | Vapingnet.de","og_description":"Entdecke WASPE 12000 Puffs Dein Blue Razz Ice Direkt Vom Hersteller Ohne Zollgeb\u00fchren bei vapingnet.de, \u25ba Gro\u00dfe Auswahl an Geschmacksrichtungen & super g\u00fcnstig!","og_url":"https:\/\/vapingnet.de\/pl\/vape\/waspe-12000-puffs-dein-blue-razz-ice-direkt-vom-hersteller-ohne-zollgebuehren\/","og_site_name":"Vapingnet.de","article_publisher":"https:\/\/www.facebook.com\/vapingnetde\/","article_modified_time":"2025-06-19T03:45:08+00:00","og_image":[{"width":1000,"height":1000,"url":"https:\/\/vapingnet.de\/wp-content\/uploads\/2025\/04\/Blue-Razz-Ice-3.webp","type":"image\/webp"}],"twitter_card":"summary_large_image","twitter_misc":{"Est. reading time":"4 minutes"},"schema":{"@context":"https:\/\/schema.org","@graph":[{"@type":"WebPage","@id":"https:\/\/vapingnet.de\/vape\/waspe-12000-puffs-dein-blue-razz-ice-direkt-vom-hersteller-ohne-zollgebuehren\/","url":"https:\/\/vapingnet.de\/vape\/waspe-12000-puffs-dein-blue-razz-ice-direkt-vom-hersteller-ohne-zollgebuehren\/","name":"WASPE 12000 Puffs Dein Blue Razz Ice Direkt Vom Hersteller Ohne Zollgeb\u00fchren | Vapingnet.de","isPartOf":{"@id":"https:\/\/vapingnet.de\/#website"},"primaryImageOfPage":{"@id":"https:\/\/vapingnet.de\/vape\/waspe-12000-puffs-dein-blue-razz-ice-direkt-vom-hersteller-ohne-zollgebuehren\/#primaryimage"},"image":{"@id":"https:\/\/vapingnet.de\/vape\/waspe-12000-puffs-dein-blue-razz-ice-direkt-vom-hersteller-ohne-zollgebuehren\/#primaryimage"},"thumbnailUrl":"https:\/\/vapingnet.de\/wp-content\/uploads\/2025\/04\/Blue-Razz-Ice-3.webp","datePublished":"2025-04-30T01:28:11+00:00","dateModified":"2025-06-19T03:45:08+00:00","description":"Entdecke WASPE 12000 Puffs Dein Blue Razz Ice Direkt Vom Hersteller Ohne Zollgeb\u00fchren bei vapingnet.de, \u25ba Gro\u00dfe Auswahl an Geschmacksrichtungen & super g\u00fcnstig!","breadcrumb":{"@id":"https:\/\/vapingnet.de\/vape\/waspe-12000-puffs-dein-blue-razz-ice-direkt-vom-hersteller-ohne-zollgebuehren\/#breadcrumb"},"inLanguage":"pl-PL","potentialAction":[{"@type":"ReadAction","target":["https:\/\/vapingnet.de\/vape\/waspe-12000-puffs-dein-blue-razz-ice-direkt-vom-hersteller-ohne-zollgebuehren\/"]}]},{"@type":"ImageObject","inLanguage":"pl-PL","@id":"https:\/\/vapingnet.de\/vape\/waspe-12000-puffs-dein-blue-razz-ice-direkt-vom-hersteller-ohne-zollgebuehren\/#primaryimage","url":"https:\/\/vapingnet.de\/wp-content\/uploads\/2025\/04\/Blue-Razz-Ice-3.webp","contentUrl":"https:\/\/vapingnet.de\/wp-content\/uploads\/2025\/04\/Blue-Razz-Ice-3.webp","width":1000,"height":1000},{"@type":"BreadcrumbList","@id":"https:\/\/vapingnet.de\/vape\/waspe-12000-puffs-dein-blue-razz-ice-direkt-vom-hersteller-ohne-zollgebuehren\/#breadcrumb","itemListElement":[{"@type":"ListItem","position":1,"name":"Home","item":"https:\/\/vapingnet.de\/"},{"@type":"ListItem","position":2,"name":"Shop","item":"https:\/\/vapingnet.de\/vape\/"},{"@type":"ListItem","position":3,"name":"WASPE 12000 Puffs Dein Blue Razz Ice Direkt Vom Hersteller Ohne Zollgeb\u00fchren"}]},{"@type":"WebSite","@id":"https:\/\/vapingnet.de\/#website","url":"https:\/\/vapingnet.de\/","name":"Vapingnet.de","description":"","publisher":{"@id":"https:\/\/vapingnet.de\/#organization"},"potentialAction":[{"@type":"SearchAction","target":{"@type":"EntryPoint","urlTemplate":"https:\/\/vapingnet.de\/?s={search_term_string}"},"query-input":{"@type":"PropertyValueSpecification","valueRequired":true,"valueName":"search_term_string"}}],"inLanguage":"pl-PL"},{"@type":"Organization","@id":"https:\/\/vapingnet.de\/#organization","name":"Vapingnet.de","url":"https:\/\/vapingnet.de\/","logo":{"@type":"ImageObject","inLanguage":"pl-PL","@id":"https:\/\/vapingnet.de\/#\/schema\/logo\/image\/","url":"https:\/\/vapingnet.de\/wp-content\/uploads\/2025\/03\/cropped-vapingnet.de_.jpg","contentUrl":"https:\/\/vapingnet.de\/wp-content\/uploads\/2025\/03\/cropped-vapingnet.de_.jpg","width":512,"height":512,"caption":"Vapingnet.de"},"image":{"@id":"https:\/\/vapingnet.de\/#\/schema\/logo\/image\/"},"sameAs":["https:\/\/www.facebook.com\/vapingnetde\/"]}]}},"tiered_pricing_type":"fixed","tiered_pricing_fixed_rules":{"10":"7.59","60":"6.83","110":"6.07","200":"5.31"},"tiered_pricing_product_settings":{"layout":"default","base_unit_name":{"singular":null,"plural":null},"default_variation":null},"tiered_pricing_minimum_quantity":null,"tiered_pricing_roles_data":[],"tiered_pricing_percentage_rules":[],"_links":{"self":[{"href":"https:\/\/vapingnet.de\/pl\/wp-json\/wp\/v2\/product\/6686","targetHints":{"allow":["GET"]}}],"collection":[{"href":"https:\/\/vapingnet.de\/pl\/wp-json\/wp\/v2\/product"}],"about":[{"href":"https:\/\/vapingnet.de\/pl\/wp-json\/wp\/v2\/types\/product"}],"version-history":[{"count":4,"href":"https:\/\/vapingnet.de\/pl\/wp-json\/wp\/v2\/product\/6686\/revisions"}],"predecessor-version":[{"id":6892,"href":"https:\/\/vapingnet.de\/pl\/wp-json\/wp\/v2\/product\/6686\/revisions\/6892"}],"wp:featuredmedia":[{"embeddable":true,"href":"https:\/\/vapingnet.de\/pl\/wp-json\/wp\/v2\/media\/6653"}],"wp:attachment":[{"href":"https:\/\/vapingnet.de\/pl\/wp-json\/wp\/v2\/media?parent=6686"}],"wp:term":[{"taxonomy":"brand","embeddable":true,"href":"https:\/\/vapingnet.de\/pl\/wp-json\/wp\/v2\/etheme_brands?post=6686"},{"taxonomy":"product_brand","embeddable":true,"href":"https:\/\/vapingnet.de\/pl\/wp-json\/wp\/v2\/product_brand?post=6686"},{"taxonomy":"product_cat","embeddable":true,"href":"https:\/\/vapingnet.de\/pl\/wp-json\/wp\/v2\/product_cat?post=6686"},{"taxonomy":"product_tag","embeddable":true,"href":"https:\/\/vapingnet.de\/pl\/wp-json\/wp\/v2\/product_tag?post=6686"}],"curies":[{"name":"wp","href":"https:\/\/api.w.org\/{rel}","templated":true}]}}