{"id":6688,"date":"2025-04-30T01:36:59","date_gmt":"2025-04-30T01:36:59","guid":{"rendered":"https:\/\/vapingnet.de\/?post_type=product&#038;p=6688"},"modified":"2026-04-15T08:46:21","modified_gmt":"2026-04-15T08:46:21","slug":"waspe-12000-puffs-red-wine-pear-juice-der-vape-den-jeder-will-direkt-zu-dir-geliefert","status":"publish","type":"product","link":"https:\/\/vapingnet.de\/pl\/vape\/waspe-12000-puffs-red-wine-pear-juice-der-vape-den-jeder-will-direkt-zu-dir-geliefert\/","title":{"rendered":"WASPE 12000 Puffs Czerwone Wino Gruszka z Sokiem, Vape, kt\u00f3rego ka\u017cdy chce, dostarczany bezpo\u015brednio do Ciebie"},"content":{"rendered":"<h2 data-start=\"0\" data-end=\"79\" data-immersive-translate-walked=\"9f69c981-e523-4ab4-8e57-eb4b32d32df8\">WASPE 12000 Puffs Digital Box: Idealny wyb\u00f3r dla wymagaj\u0105cych palaczy elektronicznych<\/h2>\n<p class=\"\" data-start=\"81\" data-end=\"434\" data-immersive-translate-walked=\"9f69c981-e523-4ab4-8e57-eb4b32d32df8\" data-immersive-translate-paragraph=\"1\">WASPE 12000 Puffs Digital Box to wyr\u00f3\u017cniaj\u0105cy si\u0119 wyb\u00f3r dla wszystkich, kt\u00f3rzy szukaj\u0105 trwa\u0142ej i wydajnej jednorazowej e-papierosa. Z imponuj\u0105c\u0105 \u017cywotno\u015bci\u0105 12000 zaci\u0105gni\u0119\u0107 i szerok\u0105 gam\u0105 funkcji, to urz\u0105dzenie zapewnia wyj\u0105tkowe do\u015bwiadczenie vapingowe zar\u00f3wno pocz\u0105tkuj\u0105cym, jak i do\u015bwiadczonym palaczom elektronicznym.<\/p>\n<p class=\"\" data-start=\"436\" data-end=\"753\" data-immersive-translate-walked=\"9f69c981-e523-4ab4-8e57-eb4b32d32df8\" data-immersive-translate-paragraph=\"1\">Design urz\u0105dzenia \u0142\u0105czy solidn\u0105 obudow\u0119 z stopu aluminium i PCGT, co zapewnia nie tylko wysok\u0105 odporno\u015b\u0107, ale tak\u017ce przyjemne i nowoczesne odczucie w dotyku. Materia\u0142 ten oferuje doskona\u0142e po\u0142\u0105czenie trwa\u0142o\u015bci i lekkiej wagi, wa\u017c\u0105c zaledwie 96 gram\u00f3w.<\/p>\n<h4 data-start=\"755\" data-end=\"790\" data-immersive-translate-walked=\"9f69c981-e523-4ab4-8e57-eb4b32d32df8\">Dane techniczne i wydajno\u015b\u0107<\/h4>\n<p class=\"\" data-start=\"792\" data-end=\"1163\" data-immersive-translate-walked=\"9f69c981-e523-4ab4-8e57-eb4b32d32df8\" data-immersive-translate-paragraph=\"1\">WASPE 12000 Puffs Digital Box posiada pojemno\u015b\u0107 e-liquidu 20 ml, co umo\u017cliwia d\u0142ugotrwa\u0142e u\u017cytkowanie bez konieczno\u015bci cz\u0119stego uzupe\u0142niania. Jest to szczeg\u00f3lnie korzystne dla os\u00f3b, kt\u00f3re chc\u0105 korzysta\u0107 z urz\u0105dzenia przez d\u0142u\u017cszy czas. Ponadto, moc nikotyny 2% lub 5% zapewnia, \u017ce palacze mog\u0105 do\u015bwiadczy\u0107 dok\u0142adnie takiej intensywno\u015bci, jakiej oczekuj\u0105.<\/p>\n<p class=\"\" data-start=\"1165\" data-end=\"1473\" data-immersive-translate-walked=\"9f69c981-e523-4ab4-8e57-eb4b32d32df8\" data-immersive-translate-paragraph=\"1\">Przy rezystancji cewki 1,0 \u03a9, urz\u0105dzenie produkuje r\u00f3wnomierny i g\u0119sty dym, co przyczynia si\u0119 do intensywnego odczuwania aromat\u00f3w. Zakres mocy od 7 do 12 wolt\u00f3w pozwala u\u017cytkownikowi na indywidualne dostosowanie do\u015bwiadczenia vapingowego, a cyfrowy regulator umo\u017cliwia precyzyjne sterowanie.<\/p>\n<h4 data-start=\"1475\" data-end=\"1514\" data-immersive-translate-walked=\"9f69c981-e523-4ab4-8e57-eb4b32d32df8\">R\u00f3\u017cnorodno\u015b\u0107 aromat\u00f3w: Czerwone wino z gruszk\u0105<\/h4>\n<p class=\"\" data-start=\"1516\" data-end=\"1813\" data-immersive-translate-walked=\"9f69c981-e523-4ab4-8e57-eb4b32d32df8\" data-immersive-translate-paragraph=\"1\">Wyb\u00f3r aromat\u00f3w to kolejna zaleta tego urz\u0105dzenia. Smak \u201eRed Wine Pear Juice\u201d \u0142\u0105czy owocow\u0105 gruszk\u0119 z subteln\u0105 nut\u0105 czerwonego wina, co prowadzi do unikalnego i przyjemnego do\u015bwiadczenia vapingowego. To egzotyczne aromat zachwyci nawet najbardziej wymagaj\u0105cych palaczy elektronicznych.<\/p>\n<h4 data-start=\"1815\" data-end=\"1843\" data-immersive-translate-walked=\"9f69c981-e523-4ab4-8e57-eb4b32d32df8\">Komfort i opcje \u0142adowania<\/h4>\n<p class=\"\" data-start=\"1845\" data-end=\"2190\" data-immersive-translate-walked=\"9f69c981-e523-4ab4-8e57-eb4b32d32df8\" data-immersive-translate-paragraph=\"1\">WASPE 12000 Puffs Digital Box wyposa\u017cone jest w nowoczesny port \u0142adowania typu C, zapewniaj\u0105cy szybkie \u0142adowanie. Urz\u0105dzenie posiada bateri\u0119 o pojemno\u015bci 650 mAh, co gwarantuje d\u0142ugi czas u\u017cytkowania. W przypadku roz\u0142adowania baterii, \u0142adowanie jest szybkie i proste dzi\u0119ki portowi typu C.<\/p>\n<h4 data-start=\"2192\" data-end=\"2236\" data-immersive-translate-walked=\"9f69c981-e523-4ab4-8e57-eb4b32d32df8\">Zalety dla wysy\u0142ki mi\u0119dzynarodowej<\/h4>\n<p class=\"\" data-start=\"2238\" data-end=\"2649\" data-immersive-translate-walked=\"9f69c981-e523-4ab4-8e57-eb4b32d32df8\">Kolejn\u0105 wyr\u00f3\u017cniaj\u0105c\u0105 si\u0119 zalet\u0105 WASPE 12000 Puffs Digital Box jest wysy\u0142ka mi\u0119dzynarodowa, realizowana w ci\u0105gu 7 do 15 dni roboczych. Dodatkowo, przy zakupie tego urz\u0105dzenia nie obowi\u0105zuje podatek importowy, co czyni je szczeg\u00f3lnie atrakcyjn\u0105 opcj\u0105 dla klient\u00f3w spoza UE. Urz\u0105dzenie jest dost\u0119pne w niemieckim sklepie internetowym vapingnet.de, co zapewnia prosty i niezawodny proces zam\u00f3wienia.<\/p>\n<p class=\"\" data-start=\"2651\" data-end=\"2871\">Og\u00f3lnie rzecz bior\u0105c, WASPE 12000 Puffs Digital Box oferuje wyj\u0105tkow\u0105 wydajno\u015b\u0107, d\u0142ugi czas u\u017cytkowania i szeroki wyb\u00f3r aromat\u00f3w \u2013 doskona\u0142y wyb\u00f3r dla ka\u017cdego palacza elektronicznego, kt\u00f3ry ceni jako\u015b\u0107 i komfort.<\/p>","protected":false},"excerpt":{"rendered":"<p>WASPE 12000 Puffs Digital Box: Die perfekte Wahl f\u00fcr anspruchsvolle Dampfer Die WASPE 12000 Puffs Digital Box ist eine herausragende Wahl f\u00fcr alle, die auf&#8230;<\/p>","protected":false},"featured_media":6657,"template":"","meta":[],"etheme_brands":[],"product_brand":[98],"product_cat":[88,49,61],"product_tag":[],"class_list":{"0":"post-6688","1":"product","2":"type-product","3":"status-publish","4":"has-post-thumbnail","6":"product_brand-waspe-vape","7":"product_cat-12k-vape","8":"product_cat-einweg-e-zigarette","9":"product_cat-f","11":"first","12":"instock","13":"shipping-taxable","14":"purchasable","15":"product-type-variable"},"yoast_head":"<!-- This site is optimized with the Yoast SEO plugin v26.5 - https:\/\/yoast.com\/wordpress\/plugins\/seo\/ -->\n<title>WASPE 12000 Puffs Red Wine Pear Juice Der Vape Den Jeder Will, Direkt Zu Dir Geliefert | Vapingnet.de<\/title>\n<meta name=\"description\" content=\"Entdecke WASPE 12000 Puffs Red Wine Pear Juice Der Vape Den Jeder Will, Direkt Zu Dir Geliefert bei vapingnet.de, \u25ba Gro\u00dfe Auswahl an Geschmacksrichtungen &amp; super g\u00fcnstig!\" \/>\n<meta name=\"robots\" content=\"index, follow, max-snippet:-1, max-image-preview:large, max-video-preview:-1\" \/>\n<link rel=\"canonical\" href=\"https:\/\/vapingnet.de\/pl\/vape\/waspe-12000-puffs-red-wine-pear-juice-der-vape-den-jeder-will-direkt-zu-dir-geliefert\/\" \/>\n<meta property=\"og:locale\" content=\"pl_PL\" \/>\n<meta property=\"og:type\" content=\"article\" \/>\n<meta property=\"og:title\" content=\"WASPE 12000 Puffs Red Wine Pear Juice Der Vape Den Jeder Will, Direkt Zu Dir Geliefert | Vapingnet.de\" \/>\n<meta property=\"og:description\" content=\"Entdecke WASPE 12000 Puffs Red Wine Pear Juice Der Vape Den Jeder Will, Direkt Zu Dir Geliefert bei vapingnet.de, \u25ba Gro\u00dfe Auswahl an Geschmacksrichtungen &amp; super g\u00fcnstig!\" \/>\n<meta property=\"og:url\" content=\"https:\/\/vapingnet.de\/pl\/vape\/waspe-12000-puffs-red-wine-pear-juice-der-vape-den-jeder-will-direkt-zu-dir-geliefert\/\" \/>\n<meta property=\"og:site_name\" content=\"Vapingnet.de\" \/>\n<meta property=\"article:publisher\" content=\"https:\/\/www.facebook.com\/vapingnetde\/\" \/>\n<meta property=\"article:modified_time\" content=\"2026-04-15T08:46:21+00:00\" \/>\n<meta property=\"og:image\" content=\"https:\/\/vapingnet.de\/wp-content\/uploads\/2025\/04\/Red-Wine-Pear-Juice.webp\" \/>\n\t<meta property=\"og:image:width\" content=\"1000\" \/>\n\t<meta property=\"og:image:height\" content=\"1000\" \/>\n\t<meta property=\"og:image:type\" content=\"image\/webp\" \/>\n<meta name=\"twitter:card\" content=\"summary_large_image\" \/>\n<meta name=\"twitter:label1\" content=\"Est. reading time\" \/>\n\t<meta name=\"twitter:data1\" content=\"3 minutes\" \/>\n<script type=\"application\/ld+json\" class=\"yoast-schema-graph\">{\"@context\":\"https:\/\/schema.org\",\"@graph\":[{\"@type\":\"WebPage\",\"@id\":\"https:\/\/vapingnet.de\/vape\/waspe-12000-puffs-red-wine-pear-juice-der-vape-den-jeder-will-direkt-zu-dir-geliefert\/\",\"url\":\"https:\/\/vapingnet.de\/vape\/waspe-12000-puffs-red-wine-pear-juice-der-vape-den-jeder-will-direkt-zu-dir-geliefert\/\",\"name\":\"WASPE 12000 Puffs Red Wine Pear Juice Der Vape Den Jeder Will, Direkt Zu Dir Geliefert | Vapingnet.de\",\"isPartOf\":{\"@id\":\"https:\/\/vapingnet.de\/#website\"},\"primaryImageOfPage\":{\"@id\":\"https:\/\/vapingnet.de\/vape\/waspe-12000-puffs-red-wine-pear-juice-der-vape-den-jeder-will-direkt-zu-dir-geliefert\/#primaryimage\"},\"image\":{\"@id\":\"https:\/\/vapingnet.de\/vape\/waspe-12000-puffs-red-wine-pear-juice-der-vape-den-jeder-will-direkt-zu-dir-geliefert\/#primaryimage\"},\"thumbnailUrl\":\"https:\/\/vapingnet.de\/wp-content\/uploads\/2025\/04\/Red-Wine-Pear-Juice.webp\",\"datePublished\":\"2025-04-30T01:36:59+00:00\",\"dateModified\":\"2026-04-15T08:46:21+00:00\",\"description\":\"Entdecke WASPE 12000 Puffs Red Wine Pear Juice Der Vape Den Jeder Will, Direkt Zu Dir Geliefert bei vapingnet.de, \u25ba Gro\u00dfe Auswahl an Geschmacksrichtungen & super g\u00fcnstig!\",\"breadcrumb\":{\"@id\":\"https:\/\/vapingnet.de\/vape\/waspe-12000-puffs-red-wine-pear-juice-der-vape-den-jeder-will-direkt-zu-dir-geliefert\/#breadcrumb\"},\"inLanguage\":\"pl-PL\",\"potentialAction\":[{\"@type\":\"ReadAction\",\"target\":[\"https:\/\/vapingnet.de\/vape\/waspe-12000-puffs-red-wine-pear-juice-der-vape-den-jeder-will-direkt-zu-dir-geliefert\/\"]}]},{\"@type\":\"ImageObject\",\"inLanguage\":\"pl-PL\",\"@id\":\"https:\/\/vapingnet.de\/vape\/waspe-12000-puffs-red-wine-pear-juice-der-vape-den-jeder-will-direkt-zu-dir-geliefert\/#primaryimage\",\"url\":\"https:\/\/vapingnet.de\/wp-content\/uploads\/2025\/04\/Red-Wine-Pear-Juice.webp\",\"contentUrl\":\"https:\/\/vapingnet.de\/wp-content\/uploads\/2025\/04\/Red-Wine-Pear-Juice.webp\",\"width\":1000,\"height\":1000},{\"@type\":\"BreadcrumbList\",\"@id\":\"https:\/\/vapingnet.de\/vape\/waspe-12000-puffs-red-wine-pear-juice-der-vape-den-jeder-will-direkt-zu-dir-geliefert\/#breadcrumb\",\"itemListElement\":[{\"@type\":\"ListItem\",\"position\":1,\"name\":\"Home\",\"item\":\"https:\/\/vapingnet.de\/\"},{\"@type\":\"ListItem\",\"position\":2,\"name\":\"Shop\",\"item\":\"https:\/\/vapingnet.de\/vape\/\"},{\"@type\":\"ListItem\",\"position\":3,\"name\":\"WASPE 12000 Puffs Red Wine Pear Juice Der Vape Den Jeder Will, Direkt Zu Dir Geliefert\"}]},{\"@type\":\"WebSite\",\"@id\":\"https:\/\/vapingnet.de\/#website\",\"url\":\"https:\/\/vapingnet.de\/\",\"name\":\"Vapingnet.de\",\"description\":\"\",\"publisher\":{\"@id\":\"https:\/\/vapingnet.de\/#organization\"},\"potentialAction\":[{\"@type\":\"SearchAction\",\"target\":{\"@type\":\"EntryPoint\",\"urlTemplate\":\"https:\/\/vapingnet.de\/?s={search_term_string}\"},\"query-input\":{\"@type\":\"PropertyValueSpecification\",\"valueRequired\":true,\"valueName\":\"search_term_string\"}}],\"inLanguage\":\"pl-PL\"},{\"@type\":\"Organization\",\"@id\":\"https:\/\/vapingnet.de\/#organization\",\"name\":\"Vapingnet.de\",\"url\":\"https:\/\/vapingnet.de\/\",\"logo\":{\"@type\":\"ImageObject\",\"inLanguage\":\"pl-PL\",\"@id\":\"https:\/\/vapingnet.de\/#\/schema\/logo\/image\/\",\"url\":\"https:\/\/vapingnet.de\/wp-content\/uploads\/2025\/03\/cropped-vapingnet.de_.jpg\",\"contentUrl\":\"https:\/\/vapingnet.de\/wp-content\/uploads\/2025\/03\/cropped-vapingnet.de_.jpg\",\"width\":512,\"height\":512,\"caption\":\"Vapingnet.de\"},\"image\":{\"@id\":\"https:\/\/vapingnet.de\/#\/schema\/logo\/image\/\"},\"sameAs\":[\"https:\/\/www.facebook.com\/vapingnetde\/\"]}]}<\/script>\n<!-- \/ Yoast SEO plugin. -->","yoast_head_json":{"title":"WASPE 12000 Puffs Red Wine Pear Juice Der Vape Den Jeder Will, Direkt Zu Dir Geliefert | Vapingnet.de","description":"Entdecke WASPE 12000 Puffs Red Wine Pear Juice Der Vape Den Jeder Will, Direkt Zu Dir Geliefert bei vapingnet.de, \u25ba Gro\u00dfe Auswahl an Geschmacksrichtungen & super g\u00fcnstig!","robots":{"index":"index","follow":"follow","max-snippet":"max-snippet:-1","max-image-preview":"max-image-preview:large","max-video-preview":"max-video-preview:-1"},"canonical":"https:\/\/vapingnet.de\/pl\/vape\/waspe-12000-puffs-red-wine-pear-juice-der-vape-den-jeder-will-direkt-zu-dir-geliefert\/","og_locale":"pl_PL","og_type":"article","og_title":"WASPE 12000 Puffs Red Wine Pear Juice Der Vape Den Jeder Will, Direkt Zu Dir Geliefert | Vapingnet.de","og_description":"Entdecke WASPE 12000 Puffs Red Wine Pear Juice Der Vape Den Jeder Will, Direkt Zu Dir Geliefert bei vapingnet.de, \u25ba Gro\u00dfe Auswahl an Geschmacksrichtungen & super g\u00fcnstig!","og_url":"https:\/\/vapingnet.de\/pl\/vape\/waspe-12000-puffs-red-wine-pear-juice-der-vape-den-jeder-will-direkt-zu-dir-geliefert\/","og_site_name":"Vapingnet.de","article_publisher":"https:\/\/www.facebook.com\/vapingnetde\/","article_modified_time":"2026-04-15T08:46:21+00:00","og_image":[{"width":1000,"height":1000,"url":"https:\/\/vapingnet.de\/wp-content\/uploads\/2025\/04\/Red-Wine-Pear-Juice.webp","type":"image\/webp"}],"twitter_card":"summary_large_image","twitter_misc":{"Est. reading time":"3 minutes"},"schema":{"@context":"https:\/\/schema.org","@graph":[{"@type":"WebPage","@id":"https:\/\/vapingnet.de\/vape\/waspe-12000-puffs-red-wine-pear-juice-der-vape-den-jeder-will-direkt-zu-dir-geliefert\/","url":"https:\/\/vapingnet.de\/vape\/waspe-12000-puffs-red-wine-pear-juice-der-vape-den-jeder-will-direkt-zu-dir-geliefert\/","name":"WASPE 12000 Puffs Red Wine Pear Juice Der Vape Den Jeder Will, Direkt Zu Dir Geliefert | Vapingnet.de","isPartOf":{"@id":"https:\/\/vapingnet.de\/#website"},"primaryImageOfPage":{"@id":"https:\/\/vapingnet.de\/vape\/waspe-12000-puffs-red-wine-pear-juice-der-vape-den-jeder-will-direkt-zu-dir-geliefert\/#primaryimage"},"image":{"@id":"https:\/\/vapingnet.de\/vape\/waspe-12000-puffs-red-wine-pear-juice-der-vape-den-jeder-will-direkt-zu-dir-geliefert\/#primaryimage"},"thumbnailUrl":"https:\/\/vapingnet.de\/wp-content\/uploads\/2025\/04\/Red-Wine-Pear-Juice.webp","datePublished":"2025-04-30T01:36:59+00:00","dateModified":"2026-04-15T08:46:21+00:00","description":"Entdecke WASPE 12000 Puffs Red Wine Pear Juice Der Vape Den Jeder Will, Direkt Zu Dir Geliefert bei vapingnet.de, \u25ba Gro\u00dfe Auswahl an Geschmacksrichtungen & super g\u00fcnstig!","breadcrumb":{"@id":"https:\/\/vapingnet.de\/vape\/waspe-12000-puffs-red-wine-pear-juice-der-vape-den-jeder-will-direkt-zu-dir-geliefert\/#breadcrumb"},"inLanguage":"pl-PL","potentialAction":[{"@type":"ReadAction","target":["https:\/\/vapingnet.de\/vape\/waspe-12000-puffs-red-wine-pear-juice-der-vape-den-jeder-will-direkt-zu-dir-geliefert\/"]}]},{"@type":"ImageObject","inLanguage":"pl-PL","@id":"https:\/\/vapingnet.de\/vape\/waspe-12000-puffs-red-wine-pear-juice-der-vape-den-jeder-will-direkt-zu-dir-geliefert\/#primaryimage","url":"https:\/\/vapingnet.de\/wp-content\/uploads\/2025\/04\/Red-Wine-Pear-Juice.webp","contentUrl":"https:\/\/vapingnet.de\/wp-content\/uploads\/2025\/04\/Red-Wine-Pear-Juice.webp","width":1000,"height":1000},{"@type":"BreadcrumbList","@id":"https:\/\/vapingnet.de\/vape\/waspe-12000-puffs-red-wine-pear-juice-der-vape-den-jeder-will-direkt-zu-dir-geliefert\/#breadcrumb","itemListElement":[{"@type":"ListItem","position":1,"name":"Home","item":"https:\/\/vapingnet.de\/"},{"@type":"ListItem","position":2,"name":"Shop","item":"https:\/\/vapingnet.de\/vape\/"},{"@type":"ListItem","position":3,"name":"WASPE 12000 Puffs Red Wine Pear Juice Der Vape Den Jeder Will, Direkt Zu Dir Geliefert"}]},{"@type":"WebSite","@id":"https:\/\/vapingnet.de\/#website","url":"https:\/\/vapingnet.de\/","name":"Vapingnet.de","description":"","publisher":{"@id":"https:\/\/vapingnet.de\/#organization"},"potentialAction":[{"@type":"SearchAction","target":{"@type":"EntryPoint","urlTemplate":"https:\/\/vapingnet.de\/?s={search_term_string}"},"query-input":{"@type":"PropertyValueSpecification","valueRequired":true,"valueName":"search_term_string"}}],"inLanguage":"pl-PL"},{"@type":"Organization","@id":"https:\/\/vapingnet.de\/#organization","name":"Vapingnet.de","url":"https:\/\/vapingnet.de\/","logo":{"@type":"ImageObject","inLanguage":"pl-PL","@id":"https:\/\/vapingnet.de\/#\/schema\/logo\/image\/","url":"https:\/\/vapingnet.de\/wp-content\/uploads\/2025\/03\/cropped-vapingnet.de_.jpg","contentUrl":"https:\/\/vapingnet.de\/wp-content\/uploads\/2025\/03\/cropped-vapingnet.de_.jpg","width":512,"height":512,"caption":"Vapingnet.de"},"image":{"@id":"https:\/\/vapingnet.de\/#\/schema\/logo\/image\/"},"sameAs":["https:\/\/www.facebook.com\/vapingnetde\/"]}]}},"tiered_pricing_type":"fixed","tiered_pricing_fixed_rules":[],"tiered_pricing_product_settings":{"layout":"default","base_unit_name":{"singular":null,"plural":null},"default_variation":null},"tiered_pricing_minimum_quantity":null,"tiered_pricing_roles_data":[],"tiered_pricing_percentage_rules":[],"_links":{"self":[{"href":"https:\/\/vapingnet.de\/pl\/wp-json\/wp\/v2\/product\/6688","targetHints":{"allow":["GET"]}}],"collection":[{"href":"https:\/\/vapingnet.de\/pl\/wp-json\/wp\/v2\/product"}],"about":[{"href":"https:\/\/vapingnet.de\/pl\/wp-json\/wp\/v2\/types\/product"}],"version-history":[{"count":1,"href":"https:\/\/vapingnet.de\/pl\/wp-json\/wp\/v2\/product\/6688\/revisions"}],"predecessor-version":[{"id":6692,"href":"https:\/\/vapingnet.de\/pl\/wp-json\/wp\/v2\/product\/6688\/revisions\/6692"}],"wp:featuredmedia":[{"embeddable":true,"href":"https:\/\/vapingnet.de\/pl\/wp-json\/wp\/v2\/media\/6657"}],"wp:attachment":[{"href":"https:\/\/vapingnet.de\/pl\/wp-json\/wp\/v2\/media?parent=6688"}],"wp:term":[{"taxonomy":"brand","embeddable":true,"href":"https:\/\/vapingnet.de\/pl\/wp-json\/wp\/v2\/etheme_brands?post=6688"},{"taxonomy":"product_brand","embeddable":true,"href":"https:\/\/vapingnet.de\/pl\/wp-json\/wp\/v2\/product_brand?post=6688"},{"taxonomy":"product_cat","embeddable":true,"href":"https:\/\/vapingnet.de\/pl\/wp-json\/wp\/v2\/product_cat?post=6688"},{"taxonomy":"product_tag","embeddable":true,"href":"https:\/\/vapingnet.de\/pl\/wp-json\/wp\/v2\/product_tag?post=6688"}],"curies":[{"name":"wp","href":"https:\/\/api.w.org\/{rel}","templated":true}]}}