{"id":6689,"date":"2025-04-30T01:37:02","date_gmt":"2025-04-30T01:37:02","guid":{"rendered":"https:\/\/vapingnet.de\/?post_type=product&#038;p=6689"},"modified":"2026-04-15T08:45:51","modified_gmt":"2026-04-15T08:45:51","slug":"strawberry-donuts-und-waspe-12000-puffs-jetzt-den-geschmack-von-weltklasse-geniessen","status":"publish","type":"product","link":"https:\/\/vapingnet.de\/pl\/vape\/strawberry-donuts-und-waspe-12000-puffs-jetzt-den-geschmack-von-weltklasse-geniessen\/","title":{"rendered":"Strawberry Donuts i WASPE 12000 Puffs Teraz smak \u015bwiatowej klasy"},"content":{"rendered":"<h2 data-start=\"80\" data-end=\"152\" data-immersive-translate-walked=\"b4ba21af-32a6-4c02-89fd-78cd709a0429\">WASPE 12000 Puffs Digital Box \u2013 Wi\u0119cej ni\u017c jednorazowa e-papieros<\/h2>\n<p class=\"\" data-start=\"154\" data-end=\"420\" data-immersive-translate-walked=\"b4ba21af-32a6-4c02-89fd-78cd709a0429\" data-immersive-translate-paragraph=\"1\">Kto wierzy, \u017ce jednorazowe e-papierosy s\u0105 zawsze proste, skromne i kr\u00f3tkotrwa\u0142e, ten jeszcze nie pozna\u0142 WASPE 12000 Puffs Digital Box. To urz\u0105dzenie wyznacza nowe standardy pod wzgl\u0119dem pojemno\u015bci, smaku i designu \u2013 i to wszystko w kompaktowym, stylowym formacie.<\/p>\n<h4 data-start=\"422\" data-end=\"744\" data-immersive-translate-walked=\"b4ba21af-32a6-4c02-89fd-78cd709a0429\" data-immersive-translate-paragraph=\"1\">Nowoczesny design \u0142\u0105czy si\u0119 z wysokowydajn\u0105 technologi\u0105<\/h4>\n<p class=\"\" data-start=\"422\" data-end=\"744\" data-immersive-translate-walked=\"b4ba21af-32a6-4c02-89fd-78cd709a0429\" data-immersive-translate-paragraph=\"1\">Wykonany z trwa\u0142ej stopu aluminium i odpornego PCGT, WASPE nie tylko zachwyca wizualnie, ale tak\u017ce dobrze le\u017cy w d\u0142oni. Po\u0142\u0105czenie lekko\u015bci (tylko 96\u202fg) i solidnego wykonania czyni go idealnym towarzyszem na co dzie\u0144.<\/p>\n<p class=\"\" data-start=\"746\" data-end=\"1055\" data-immersive-translate-walked=\"b4ba21af-32a6-4c02-89fd-78cd709a0429\" data-immersive-translate-paragraph=\"1\">Wewn\u0105trz znajduje si\u0119 mocny akumulator o pojemno\u015bci 650\u202fmAh, kt\u00f3ry mo\u017cna niezawodnie na\u0142adowa\u0107 przez port Typ-C. Co wyr\u00f3\u017cnia to urz\u0105dzenie: mimo \u017ce jest to produkt jednorazowy, wymienna bateria pozwala na pe\u0142ne wykorzystanie zawartych 20\u202fml e-liquid \u2013 a\u017c do ostatniej kropli.<\/p>\n<p data-start=\"746\" data-end=\"1055\" data-immersive-translate-walked=\"b4ba21af-32a6-4c02-89fd-78cd709a0429\" data-immersive-translate-paragraph=\"1\"><img fetchpriority=\"high\" decoding=\"async\" class=\"wp-image-6889 aligncenter\" src=\"https:\/\/vapingnet.de\/wp-content\/uploads\/2025\/04\/\u53c2\u6570\u56fe-300x300.jpg\" alt=\"\" width=\"750\" height=\"750\" srcset=\"https:\/\/vapingnet.de\/wp-content\/uploads\/2025\/04\/\u53c2\u6570\u56fe-300x300.jpg 300w, https:\/\/vapingnet.de\/wp-content\/uploads\/2025\/04\/\u53c2\u6570\u56fe-150x150.jpg 150w, https:\/\/vapingnet.de\/wp-content\/uploads\/2025\/04\/\u53c2\u6570\u56fe-768x768.jpg 768w, https:\/\/vapingnet.de\/wp-content\/uploads\/2025\/04\/\u53c2\u6570\u56fe-600x600.jpg 600w, https:\/\/vapingnet.de\/wp-content\/uploads\/2025\/04\/\u53c2\u6570\u56fe-100x100.jpg 100w, https:\/\/vapingnet.de\/wp-content\/uploads\/2025\/04\/\u53c2\u6570\u56fe-1x1.jpg 1w, https:\/\/vapingnet.de\/wp-content\/uploads\/2025\/04\/\u53c2\u6570\u56fe-10x10.jpg 10w, https:\/\/vapingnet.de\/wp-content\/uploads\/2025\/04\/\u53c2\u6570\u56fe.jpg 800w\" sizes=\"(max-width: 750px) 100vw, 750px\" \/><\/p>\n<h4 data-start=\"1057\" data-end=\"1362\" data-immersive-translate-walked=\"b4ba21af-32a6-4c02-89fd-78cd709a0429\" data-immersive-translate-paragraph=\"1\">Przekonuj\u0105cy smak: Strawberry Donuts<\/h4>\n<p class=\"\" data-start=\"1057\" data-end=\"1362\" data-immersive-translate-walked=\"b4ba21af-32a6-4c02-89fd-78cd709a0429\" data-immersive-translate-paragraph=\"1\">Hitem dla mi\u0142o\u015bnik\u00f3w s\u0142odkich aromat\u00f3w: <em data-start=\"1148\" data-end=\"1167\" data-immersive-translate-walked=\"b4ba21af-32a6-4c02-89fd-78cd709a0429\">Strawberry Donuts<\/em> to kompozycja smakowa z owocow\u0105-s\u0142odk\u0105 truskawk\u0105 i ciep\u0142ym akcentem \u015bwie\u017co upieczonych donat\u00f3w. Delikatny w gardle, ale intensywny w aromacie \u2013 ka\u017cdy zaci\u0105g smakuje jak ma\u0142a przerwa od codzienno\u015bci.<\/p>\n<h4 data-start=\"1364\" data-end=\"1622\" data-immersive-translate-walked=\"b4ba21af-32a6-4c02-89fd-78cd709a0429\" data-immersive-translate-paragraph=\"1\">Wydajno\u015b\u0107, na kt\u00f3rej mo\u017cna polega\u0107<\/h4>\n<p class=\"\" data-start=\"1364\" data-end=\"1622\" data-immersive-translate-walked=\"b4ba21af-32a6-4c02-89fd-78cd709a0429\" data-immersive-translate-paragraph=\"1\">Z oporem 1.0\u202f\u03a9 i zakresem mocy od 7 do 12\u202fV, WASPE zapewnia sta\u0142\u0105 jako\u015b\u0107 pary. Niezale\u017cnie od tego, czy to pierwszy, czy dziesi\u0119\u0107 tysi\u0119cy zaci\u0105gni\u0119\u0107 \u2013 do\u015bwiadczenie pozostaje r\u00f3wnie mocne i satysfakcjonuj\u0105ce.<\/p>\n<h4 data-start=\"1624\" data-end=\"1873\" data-immersive-translate-walked=\"b4ba21af-32a6-4c02-89fd-78cd709a0429\" data-immersive-translate-paragraph=\"1\">Dla wymagaj\u0105cych vaporyst\u00f3w<\/h4>\n<p class=\"\" data-start=\"1624\" data-end=\"1873\" data-immersive-translate-walked=\"b4ba21af-32a6-4c02-89fd-78cd709a0429\" data-immersive-translate-paragraph=\"1\">Z 12 000 zaci\u0105gni\u0119ciami, WASPE wyr\u00f3\u017cnia si\u0119 znacznie na tle tradycyjnych modeli. Jest skierowana do tych, kt\u00f3rzy preferuj\u0105 d\u0142u\u017csze u\u017cytkowanie, ale nie chc\u0105 rezygnowa\u0107 z wygody produktu jednorazowego.<\/p>\n<p class=\"\" data-start=\"1875\" data-end=\"2110\" data-immersive-translate-walked=\"b4ba21af-32a6-4c02-89fd-78cd709a0429\" data-immersive-translate-paragraph=\"1\">Idealna na podr\u00f3\u017ce i do codziennego u\u017cytku<br data-start=\"1925\" data-end=\"1928\" data-immersive-translate-walked=\"b4ba21af-32a6-4c02-89fd-78cd709a0429\" \/>Czy w biurze, podczas podr\u00f3\u017cy czy na imprezach \u2013 WASPE Digital Box jest niezawodna, dyskretna i zapewnia d\u0142ugotrwa\u0142\u0105 przyjemno\u015b\u0107 z parowania bez konieczno\u015bci uci\u0105\u017cliwego uzupe\u0142niania lub wymiany grza\u0142ek.<\/p>\n<h3 data-start=\"2112\" data-end=\"2156\" data-immersive-translate-walked=\"b4ba21af-32a6-4c02-89fd-78cd709a0429\">Dlaczego WASPE jest w\u0142a\u015bciwym wyborem:<\/h3>\n<ul data-start=\"2157\" data-end=\"2383\" data-immersive-translate-walked=\"b4ba21af-32a6-4c02-89fd-78cd709a0429\">\n<li class=\"\" data-start=\"2157\" data-end=\"2198\" data-immersive-translate-walked=\"b4ba21af-32a6-4c02-89fd-78cd709a0429\">\n<p class=\"\" data-start=\"2159\" data-end=\"2198\" data-immersive-translate-walked=\"b4ba21af-32a6-4c02-89fd-78cd709a0429\" data-immersive-translate-paragraph=\"1\">Dodatkowo du\u017ca pojemno\u015b\u0107 e-liquid (20\u202fml)<\/p>\n<\/li>\n<li class=\"\" data-start=\"2199\" data-end=\"2238\" data-immersive-translate-walked=\"b4ba21af-32a6-4c02-89fd-78cd709a0429\">\n<p class=\"\" data-start=\"2201\" data-end=\"2238\" data-immersive-translate-walked=\"b4ba21af-32a6-4c02-89fd-78cd709a0429\" data-immersive-translate-paragraph=\"1\">Wymienna jednorazowa e-papieros<\/p>\n<\/li>\n<li class=\"\" data-start=\"2239\" data-end=\"2284\" data-immersive-translate-walked=\"b4ba21af-32a6-4c02-89fd-78cd709a0429\">\n<p class=\"\" data-start=\"2241\" data-end=\"2284\" data-immersive-translate-walked=\"b4ba21af-32a6-4c02-89fd-78cd709a0429\" data-immersive-translate-paragraph=\"1\">Intensywny smak dzi\u0119ki mesh-coil o oporze 1.0\u202f\u03a9<\/p>\n<\/li>\n<li class=\"\" data-start=\"2285\" data-end=\"2314\" data-immersive-translate-walked=\"b4ba21af-32a6-4c02-89fd-78cd709a0429\">\n<p class=\"\" data-start=\"2287\" data-end=\"2314\" data-immersive-translate-walked=\"b4ba21af-32a6-4c02-89fd-78cd709a0429\" data-immersive-translate-paragraph=\"1\">Kompaktowa i lekka (96\u202fg)<\/p>\n<\/li>\n<li class=\"\" data-start=\"2315\" data-end=\"2353\" data-immersive-translate-walked=\"b4ba21af-32a6-4c02-89fd-78cd709a0429\">\n<p class=\"\" data-start=\"2317\" data-end=\"2353\" data-immersive-translate-walked=\"b4ba21af-32a6-4c02-89fd-78cd709a0429\" data-immersive-translate-paragraph=\"1\">Dost\u0119pne z 2\u202f% lub 5\u202f% nikotyn\u0105<\/p>\n<\/li>\n<li class=\"\" data-start=\"2354\" data-end=\"2383\" data-immersive-translate-walked=\"b4ba21af-32a6-4c02-89fd-78cd709a0429\">\n<p class=\"\" data-start=\"2356\" data-end=\"2383\" data-immersive-translate-walked=\"b4ba21af-32a6-4c02-89fd-78cd709a0429\" data-immersive-translate-paragraph=\"1\">Elegancki, cyfrowy design<\/p>\n<\/li>\n<\/ul>\n<p class=\"\" data-start=\"2385\" data-end=\"2553\" data-immersive-translate-walked=\"b4ba21af-32a6-4c02-89fd-78cd709a0429\" data-immersive-translate-paragraph=\"1\">Dla wszystkich, kt\u00f3rzy szukaj\u0105 maksymalnej wydajno\u015bci w stylowym urz\u0105dzeniu, WASPE 12000 Puffs Digital Box to prawdziwy must-have. Jako\u015b\u0107, kt\u00f3r\u0105 czu\u0107 \u2013 poci\u0105gni\u0119cie za poci\u0105gni\u0119ciem.<\/p>","protected":false},"excerpt":{"rendered":"<p>WASPE 12000 Puffs Digital Box \u2013 Wi\u0119cej ni\u017c tylko jednorazowy e-papieros. Kto my\u015bli, \u017ce jednorazowe e-papierosy s\u0105 zawsze proste, skromne i kr\u00f3tkotrwa\u0142e, zna WASPE 12000...<\/p>","protected":false},"featured_media":6658,"template":"","meta":[],"etheme_brands":[],"product_brand":[98],"product_cat":[88,49,61],"product_tag":[],"class_list":{"0":"post-6689","1":"product","2":"type-product","3":"status-publish","4":"has-post-thumbnail","6":"product_brand-waspe-vape","7":"product_cat-12k-vape","8":"product_cat-einweg-e-zigarette","9":"product_cat-f","11":"first","12":"instock","13":"shipping-taxable","14":"purchasable","15":"product-type-variable"},"yoast_head":"<!-- This site is optimized with the Yoast SEO plugin v26.5 - https:\/\/yoast.com\/wordpress\/plugins\/seo\/ -->\n<title>Strawberry Donuts Und WASPE 12000 Puffs Jetzt Den Geschmack Von Weltklasse Genie\u00dfen | Vapingnet.de<\/title>\n<meta name=\"description\" content=\"Entdecke Strawberry Donuts Und WASPE 12000 Puffs Jetzt Den Geschmack Von Weltklasse Genie\u00dfen bei vapingnet.de, \u25ba Gro\u00dfe Auswahl an Geschmacksrichtungen &amp; super g\u00fcnstig!\" \/>\n<meta name=\"robots\" content=\"index, follow, max-snippet:-1, max-image-preview:large, max-video-preview:-1\" \/>\n<link rel=\"canonical\" href=\"https:\/\/vapingnet.de\/pl\/vape\/strawberry-donuts-und-waspe-12000-puffs-jetzt-den-geschmack-von-weltklasse-geniessen\/\" \/>\n<meta property=\"og:locale\" content=\"pl_PL\" \/>\n<meta property=\"og:type\" content=\"article\" \/>\n<meta property=\"og:title\" content=\"Strawberry Donuts Und WASPE 12000 Puffs Jetzt Den Geschmack Von Weltklasse Genie\u00dfen | Vapingnet.de\" \/>\n<meta property=\"og:description\" content=\"Entdecke Strawberry Donuts Und WASPE 12000 Puffs Jetzt Den Geschmack Von Weltklasse Genie\u00dfen bei vapingnet.de, \u25ba Gro\u00dfe Auswahl an Geschmacksrichtungen &amp; super g\u00fcnstig!\" \/>\n<meta property=\"og:url\" content=\"https:\/\/vapingnet.de\/pl\/vape\/strawberry-donuts-und-waspe-12000-puffs-jetzt-den-geschmack-von-weltklasse-geniessen\/\" \/>\n<meta property=\"og:site_name\" content=\"Vapingnet.de\" \/>\n<meta property=\"article:publisher\" content=\"https:\/\/www.facebook.com\/vapingnetde\/\" \/>\n<meta property=\"article:modified_time\" content=\"2026-04-15T08:45:51+00:00\" \/>\n<meta property=\"og:image\" content=\"https:\/\/vapingnet.de\/wp-content\/uploads\/2025\/04\/Strawberry-Donuts.webp\" \/>\n\t<meta property=\"og:image:width\" content=\"1000\" \/>\n\t<meta property=\"og:image:height\" content=\"1000\" \/>\n\t<meta property=\"og:image:type\" content=\"image\/webp\" \/>\n<meta name=\"twitter:card\" content=\"summary_large_image\" \/>\n<meta name=\"twitter:label1\" content=\"Est. reading time\" \/>\n\t<meta name=\"twitter:data1\" content=\"3 minutes\" \/>\n<script type=\"application\/ld+json\" class=\"yoast-schema-graph\">{\"@context\":\"https:\/\/schema.org\",\"@graph\":[{\"@type\":\"WebPage\",\"@id\":\"https:\/\/vapingnet.de\/vape\/strawberry-donuts-und-waspe-12000-puffs-jetzt-den-geschmack-von-weltklasse-geniessen\/\",\"url\":\"https:\/\/vapingnet.de\/vape\/strawberry-donuts-und-waspe-12000-puffs-jetzt-den-geschmack-von-weltklasse-geniessen\/\",\"name\":\"Strawberry Donuts Und WASPE 12000 Puffs Jetzt Den Geschmack Von Weltklasse Genie\u00dfen | Vapingnet.de\",\"isPartOf\":{\"@id\":\"https:\/\/vapingnet.de\/#website\"},\"primaryImageOfPage\":{\"@id\":\"https:\/\/vapingnet.de\/vape\/strawberry-donuts-und-waspe-12000-puffs-jetzt-den-geschmack-von-weltklasse-geniessen\/#primaryimage\"},\"image\":{\"@id\":\"https:\/\/vapingnet.de\/vape\/strawberry-donuts-und-waspe-12000-puffs-jetzt-den-geschmack-von-weltklasse-geniessen\/#primaryimage\"},\"thumbnailUrl\":\"https:\/\/vapingnet.de\/wp-content\/uploads\/2025\/04\/Strawberry-Donuts.webp\",\"datePublished\":\"2025-04-30T01:37:02+00:00\",\"dateModified\":\"2026-04-15T08:45:51+00:00\",\"description\":\"Entdecke Strawberry Donuts Und WASPE 12000 Puffs Jetzt Den Geschmack Von Weltklasse Genie\u00dfen bei vapingnet.de, \u25ba Gro\u00dfe Auswahl an Geschmacksrichtungen & super g\u00fcnstig!\",\"breadcrumb\":{\"@id\":\"https:\/\/vapingnet.de\/vape\/strawberry-donuts-und-waspe-12000-puffs-jetzt-den-geschmack-von-weltklasse-geniessen\/#breadcrumb\"},\"inLanguage\":\"pl-PL\",\"potentialAction\":[{\"@type\":\"ReadAction\",\"target\":[\"https:\/\/vapingnet.de\/vape\/strawberry-donuts-und-waspe-12000-puffs-jetzt-den-geschmack-von-weltklasse-geniessen\/\"]}]},{\"@type\":\"ImageObject\",\"inLanguage\":\"pl-PL\",\"@id\":\"https:\/\/vapingnet.de\/vape\/strawberry-donuts-und-waspe-12000-puffs-jetzt-den-geschmack-von-weltklasse-geniessen\/#primaryimage\",\"url\":\"https:\/\/vapingnet.de\/wp-content\/uploads\/2025\/04\/Strawberry-Donuts.webp\",\"contentUrl\":\"https:\/\/vapingnet.de\/wp-content\/uploads\/2025\/04\/Strawberry-Donuts.webp\",\"width\":1000,\"height\":1000},{\"@type\":\"BreadcrumbList\",\"@id\":\"https:\/\/vapingnet.de\/vape\/strawberry-donuts-und-waspe-12000-puffs-jetzt-den-geschmack-von-weltklasse-geniessen\/#breadcrumb\",\"itemListElement\":[{\"@type\":\"ListItem\",\"position\":1,\"name\":\"Home\",\"item\":\"https:\/\/vapingnet.de\/\"},{\"@type\":\"ListItem\",\"position\":2,\"name\":\"Shop\",\"item\":\"https:\/\/vapingnet.de\/vape\/\"},{\"@type\":\"ListItem\",\"position\":3,\"name\":\"Strawberry Donuts Und WASPE 12000 Puffs Jetzt Den Geschmack Von Weltklasse Genie\u00dfen\"}]},{\"@type\":\"WebSite\",\"@id\":\"https:\/\/vapingnet.de\/#website\",\"url\":\"https:\/\/vapingnet.de\/\",\"name\":\"Vapingnet.de\",\"description\":\"\",\"publisher\":{\"@id\":\"https:\/\/vapingnet.de\/#organization\"},\"potentialAction\":[{\"@type\":\"SearchAction\",\"target\":{\"@type\":\"EntryPoint\",\"urlTemplate\":\"https:\/\/vapingnet.de\/?s={search_term_string}\"},\"query-input\":{\"@type\":\"PropertyValueSpecification\",\"valueRequired\":true,\"valueName\":\"search_term_string\"}}],\"inLanguage\":\"pl-PL\"},{\"@type\":\"Organization\",\"@id\":\"https:\/\/vapingnet.de\/#organization\",\"name\":\"Vapingnet.de\",\"url\":\"https:\/\/vapingnet.de\/\",\"logo\":{\"@type\":\"ImageObject\",\"inLanguage\":\"pl-PL\",\"@id\":\"https:\/\/vapingnet.de\/#\/schema\/logo\/image\/\",\"url\":\"https:\/\/vapingnet.de\/wp-content\/uploads\/2025\/03\/cropped-vapingnet.de_.jpg\",\"contentUrl\":\"https:\/\/vapingnet.de\/wp-content\/uploads\/2025\/03\/cropped-vapingnet.de_.jpg\",\"width\":512,\"height\":512,\"caption\":\"Vapingnet.de\"},\"image\":{\"@id\":\"https:\/\/vapingnet.de\/#\/schema\/logo\/image\/\"},\"sameAs\":[\"https:\/\/www.facebook.com\/vapingnetde\/\"]}]}<\/script>\n<!-- \/ Yoast SEO plugin. -->","yoast_head_json":{"title":"Strawberry Donuts Und WASPE 12000 Puffs Jetzt Den Geschmack Von Weltklasse Genie\u00dfen | Vapingnet.de","description":"Entdecke Strawberry Donuts Und WASPE 12000 Puffs Jetzt Den Geschmack Von Weltklasse Genie\u00dfen bei vapingnet.de, \u25ba Gro\u00dfe Auswahl an Geschmacksrichtungen & super g\u00fcnstig!","robots":{"index":"index","follow":"follow","max-snippet":"max-snippet:-1","max-image-preview":"max-image-preview:large","max-video-preview":"max-video-preview:-1"},"canonical":"https:\/\/vapingnet.de\/pl\/vape\/strawberry-donuts-und-waspe-12000-puffs-jetzt-den-geschmack-von-weltklasse-geniessen\/","og_locale":"pl_PL","og_type":"article","og_title":"Strawberry Donuts Und WASPE 12000 Puffs Jetzt Den Geschmack Von Weltklasse Genie\u00dfen | Vapingnet.de","og_description":"Entdecke Strawberry Donuts Und WASPE 12000 Puffs Jetzt Den Geschmack Von Weltklasse Genie\u00dfen bei vapingnet.de, \u25ba Gro\u00dfe Auswahl an Geschmacksrichtungen & super g\u00fcnstig!","og_url":"https:\/\/vapingnet.de\/pl\/vape\/strawberry-donuts-und-waspe-12000-puffs-jetzt-den-geschmack-von-weltklasse-geniessen\/","og_site_name":"Vapingnet.de","article_publisher":"https:\/\/www.facebook.com\/vapingnetde\/","article_modified_time":"2026-04-15T08:45:51+00:00","og_image":[{"width":1000,"height":1000,"url":"https:\/\/vapingnet.de\/wp-content\/uploads\/2025\/04\/Strawberry-Donuts.webp","type":"image\/webp"}],"twitter_card":"summary_large_image","twitter_misc":{"Est. reading time":"3 minutes"},"schema":{"@context":"https:\/\/schema.org","@graph":[{"@type":"WebPage","@id":"https:\/\/vapingnet.de\/vape\/strawberry-donuts-und-waspe-12000-puffs-jetzt-den-geschmack-von-weltklasse-geniessen\/","url":"https:\/\/vapingnet.de\/vape\/strawberry-donuts-und-waspe-12000-puffs-jetzt-den-geschmack-von-weltklasse-geniessen\/","name":"Strawberry Donuts Und WASPE 12000 Puffs Jetzt Den Geschmack Von Weltklasse Genie\u00dfen | Vapingnet.de","isPartOf":{"@id":"https:\/\/vapingnet.de\/#website"},"primaryImageOfPage":{"@id":"https:\/\/vapingnet.de\/vape\/strawberry-donuts-und-waspe-12000-puffs-jetzt-den-geschmack-von-weltklasse-geniessen\/#primaryimage"},"image":{"@id":"https:\/\/vapingnet.de\/vape\/strawberry-donuts-und-waspe-12000-puffs-jetzt-den-geschmack-von-weltklasse-geniessen\/#primaryimage"},"thumbnailUrl":"https:\/\/vapingnet.de\/wp-content\/uploads\/2025\/04\/Strawberry-Donuts.webp","datePublished":"2025-04-30T01:37:02+00:00","dateModified":"2026-04-15T08:45:51+00:00","description":"Entdecke Strawberry Donuts Und WASPE 12000 Puffs Jetzt Den Geschmack Von Weltklasse Genie\u00dfen bei vapingnet.de, \u25ba Gro\u00dfe Auswahl an Geschmacksrichtungen & super g\u00fcnstig!","breadcrumb":{"@id":"https:\/\/vapingnet.de\/vape\/strawberry-donuts-und-waspe-12000-puffs-jetzt-den-geschmack-von-weltklasse-geniessen\/#breadcrumb"},"inLanguage":"pl-PL","potentialAction":[{"@type":"ReadAction","target":["https:\/\/vapingnet.de\/vape\/strawberry-donuts-und-waspe-12000-puffs-jetzt-den-geschmack-von-weltklasse-geniessen\/"]}]},{"@type":"ImageObject","inLanguage":"pl-PL","@id":"https:\/\/vapingnet.de\/vape\/strawberry-donuts-und-waspe-12000-puffs-jetzt-den-geschmack-von-weltklasse-geniessen\/#primaryimage","url":"https:\/\/vapingnet.de\/wp-content\/uploads\/2025\/04\/Strawberry-Donuts.webp","contentUrl":"https:\/\/vapingnet.de\/wp-content\/uploads\/2025\/04\/Strawberry-Donuts.webp","width":1000,"height":1000},{"@type":"BreadcrumbList","@id":"https:\/\/vapingnet.de\/vape\/strawberry-donuts-und-waspe-12000-puffs-jetzt-den-geschmack-von-weltklasse-geniessen\/#breadcrumb","itemListElement":[{"@type":"ListItem","position":1,"name":"Home","item":"https:\/\/vapingnet.de\/"},{"@type":"ListItem","position":2,"name":"Shop","item":"https:\/\/vapingnet.de\/vape\/"},{"@type":"ListItem","position":3,"name":"Strawberry Donuts Und WASPE 12000 Puffs Jetzt Den Geschmack Von Weltklasse Genie\u00dfen"}]},{"@type":"WebSite","@id":"https:\/\/vapingnet.de\/#website","url":"https:\/\/vapingnet.de\/","name":"Vapingnet.de","description":"","publisher":{"@id":"https:\/\/vapingnet.de\/#organization"},"potentialAction":[{"@type":"SearchAction","target":{"@type":"EntryPoint","urlTemplate":"https:\/\/vapingnet.de\/?s={search_term_string}"},"query-input":{"@type":"PropertyValueSpecification","valueRequired":true,"valueName":"search_term_string"}}],"inLanguage":"pl-PL"},{"@type":"Organization","@id":"https:\/\/vapingnet.de\/#organization","name":"Vapingnet.de","url":"https:\/\/vapingnet.de\/","logo":{"@type":"ImageObject","inLanguage":"pl-PL","@id":"https:\/\/vapingnet.de\/#\/schema\/logo\/image\/","url":"https:\/\/vapingnet.de\/wp-content\/uploads\/2025\/03\/cropped-vapingnet.de_.jpg","contentUrl":"https:\/\/vapingnet.de\/wp-content\/uploads\/2025\/03\/cropped-vapingnet.de_.jpg","width":512,"height":512,"caption":"Vapingnet.de"},"image":{"@id":"https:\/\/vapingnet.de\/#\/schema\/logo\/image\/"},"sameAs":["https:\/\/www.facebook.com\/vapingnetde\/"]}]}},"tiered_pricing_type":"fixed","tiered_pricing_fixed_rules":[],"tiered_pricing_product_settings":{"layout":"default","base_unit_name":{"singular":null,"plural":null},"default_variation":null},"tiered_pricing_minimum_quantity":null,"tiered_pricing_roles_data":[],"tiered_pricing_percentage_rules":[],"_links":{"self":[{"href":"https:\/\/vapingnet.de\/pl\/wp-json\/wp\/v2\/product\/6689","targetHints":{"allow":["GET"]}}],"collection":[{"href":"https:\/\/vapingnet.de\/pl\/wp-json\/wp\/v2\/product"}],"about":[{"href":"https:\/\/vapingnet.de\/pl\/wp-json\/wp\/v2\/types\/product"}],"version-history":[{"count":3,"href":"https:\/\/vapingnet.de\/pl\/wp-json\/wp\/v2\/product\/6689\/revisions"}],"predecessor-version":[{"id":6890,"href":"https:\/\/vapingnet.de\/pl\/wp-json\/wp\/v2\/product\/6689\/revisions\/6890"}],"wp:featuredmedia":[{"embeddable":true,"href":"https:\/\/vapingnet.de\/pl\/wp-json\/wp\/v2\/media\/6658"}],"wp:attachment":[{"href":"https:\/\/vapingnet.de\/pl\/wp-json\/wp\/v2\/media?parent=6689"}],"wp:term":[{"taxonomy":"brand","embeddable":true,"href":"https:\/\/vapingnet.de\/pl\/wp-json\/wp\/v2\/etheme_brands?post=6689"},{"taxonomy":"product_brand","embeddable":true,"href":"https:\/\/vapingnet.de\/pl\/wp-json\/wp\/v2\/product_brand?post=6689"},{"taxonomy":"product_cat","embeddable":true,"href":"https:\/\/vapingnet.de\/pl\/wp-json\/wp\/v2\/product_cat?post=6689"},{"taxonomy":"product_tag","embeddable":true,"href":"https:\/\/vapingnet.de\/pl\/wp-json\/wp\/v2\/product_tag?post=6689"}],"curies":[{"name":"wp","href":"https:\/\/api.w.org\/{rel}","templated":true}]}}