{"id":6725,"date":"2025-05-05T02:36:01","date_gmt":"2025-05-05T02:36:01","guid":{"rendered":"https:\/\/vapingnet.de\/?post_type=product&#038;p=6725"},"modified":"2026-04-15T08:42:44","modified_gmt":"2026-04-15T08:42:44","slug":"weltweit-gefeiert-waspe-15000-puffs-strawberry-watermelon-zoelle-vermeiden-und-geniessen","status":"publish","type":"product","link":"https:\/\/vapingnet.de\/pl\/vape\/weltweit-gefeiert-waspe-15000-puffs-strawberry-watermelon-zoelle-vermeiden-und-geniessen\/","title":{"rendered":"\u015awiatowo \u015bwi\u0119towany WASPE 15000 Puffs Strawberry Watermelon Unikaj op\u0142at celnych i ciesz si\u0119"},"content":{"rendered":"<h2 data-start=\"0\" data-end=\"66\" data-immersive-translate-walked=\"394a6c86-11bd-4236-9b60-d810d6713f5c\">WASPE 15000 Puffs: Nowa generacja jednorazowych e-papieros\u00f3w<\/h2>\n<p class=\"\" data-start=\"68\" data-end=\"417\" data-immersive-translate-walked=\"394a6c86-11bd-4236-9b60-d810d6713f5c\" data-immersive-translate-paragraph=\"1\">WASPE 15000 Puffs oferuje wyj\u0105tkowe do\u015bwiadczenie vapowania i stanowi idealny wyb\u00f3r dla u\u017cytkownik\u00f3w poszukuj\u0105cych d\u0142ugiej trwa\u0142o\u015bci, intensywnych aromat\u00f3w i nowoczesnej technologii. Z imponuj\u0105c\u0105 pojemno\u015bci\u0105 na chmur\u0119 i szerokim zakresem funkcji, ten model wyznacza nowe standardy w \u015bwiecie jednorazowych e-papieros\u00f3w.<\/p>\n<h3>Przegl\u0105d szczeg\u00f3\u0142\u00f3w produktu<\/h3>\n<ul data-start=\"456\" data-end=\"823\" data-immersive-translate-walked=\"394a6c86-11bd-4236-9b60-d810d6713f5c\">\n<li class=\"\" data-start=\"456\" data-end=\"487\" data-immersive-translate-walked=\"394a6c86-11bd-4236-9b60-d810d6713f5c\">\n<p class=\"\" data-start=\"458\" data-end=\"487\" data-immersive-translate-walked=\"394a6c86-11bd-4236-9b60-d810d6713f5c\" data-immersive-translate-paragraph=\"1\">Model: WASPE 15000 Puffs<\/p>\n<\/li>\n<li class=\"\" data-start=\"488\" data-end=\"525\" data-immersive-translate-walked=\"394a6c86-11bd-4236-9b60-d810d6713f5c\">\n<p class=\"\" data-start=\"490\" data-end=\"525\" data-immersive-translate-walked=\"394a6c86-11bd-4236-9b60-d810d6713f5c\" data-immersive-translate-paragraph=\"1\">Opcje nikotynowe: 0%, 2%, 3%, 5%<\/p>\n<\/li>\n<li class=\"\" data-start=\"526\" data-end=\"559\" data-immersive-translate-walked=\"394a6c86-11bd-4236-9b60-d810d6713f5c\">\n<p class=\"\" data-start=\"528\" data-end=\"559\" data-immersive-translate-walked=\"394a6c86-11bd-4236-9b60-d810d6713f5c\" data-immersive-translate-paragraph=\"1\">Pojemno\u015b\u0107 na chmur\u0119: 15 000 zaci\u0105gni\u0119\u0107<\/p>\n<\/li>\n<li class=\"\" data-start=\"560\" data-end=\"591\" data-immersive-translate-walked=\"394a6c86-11bd-4236-9b60-d810d6713f5c\">\n<p class=\"\" data-start=\"562\" data-end=\"591\" data-immersive-translate-walked=\"394a6c86-11bd-4236-9b60-d810d6713f5c\" data-immersive-translate-paragraph=\"1\">Zbiornik na e-liquid: 22 ml<\/p>\n<\/li>\n<li class=\"\" data-start=\"592\" data-end=\"633\" data-immersive-translate-walked=\"394a6c86-11bd-4236-9b60-d810d6713f5c\">\n<p class=\"\" data-start=\"594\" data-end=\"633\" data-immersive-translate-walked=\"394a6c86-11bd-4236-9b60-d810d6713f5c\" data-immersive-translate-paragraph=\"1\">Bateria: 850 mAh (wielokrotnego \u0142adowania)<\/p>\n<\/li>\n<li class=\"\" data-start=\"634\" data-end=\"660\" data-immersive-translate-walked=\"394a6c86-11bd-4236-9b60-d810d6713f5c\">\n<p class=\"\" data-start=\"636\" data-end=\"660\" data-immersive-translate-walked=\"394a6c86-11bd-4236-9b60-d810d6713f5c\" data-immersive-translate-paragraph=\"1\">Grza\u0142ka: Mesh Coil 0,8\u03a9<\/p>\n<\/li>\n<li class=\"\" data-start=\"661\" data-end=\"688\" data-immersive-translate-walked=\"394a6c86-11bd-4236-9b60-d810d6713f5c\">\n<p class=\"\" data-start=\"663\" data-end=\"688\" data-immersive-translate-walked=\"394a6c86-11bd-4236-9b60-d810d6713f5c\" data-immersive-translate-paragraph=\"1\">Port \u0142adowania: Type-C<\/p>\n<\/li>\n<li class=\"\" data-start=\"689\" data-end=\"708\" data-immersive-translate-walked=\"394a6c86-11bd-4236-9b60-d810d6713f5c\">\n<p class=\"\" data-start=\"691\" data-end=\"708\" data-immersive-translate-walked=\"394a6c86-11bd-4236-9b60-d810d6713f5c\" data-immersive-translate-paragraph=\"1\">Waga: 90 g<\/p>\n<\/li>\n<li class=\"\" data-start=\"709\" data-end=\"771\" data-immersive-translate-walked=\"394a6c86-11bd-4236-9b60-d810d6713f5c\">\n<p class=\"\" data-start=\"711\" data-end=\"771\" data-immersive-translate-walked=\"394a6c86-11bd-4236-9b60-d810d6713f5c\" data-immersive-translate-paragraph=\"1\">Smak: Truskawka z arbuzem<\/p>\n<\/li>\n<\/ul>\n<h4 data-start=\"830\" data-end=\"862\" data-immersive-translate-walked=\"394a6c86-11bd-4236-9b60-d810d6713f5c\">D\u0142ugotrwa\u0142a wydajno\u015b\u0107<\/h4>\n<p class=\"\" data-start=\"864\" data-end=\"1252\" data-immersive-translate-walked=\"394a6c86-11bd-4236-9b60-d810d6713f5c\" data-immersive-translate-paragraph=\"1\">Z 15 000 zaci\u0105gni\u0119ciami i du\u017cym zbiornikiem na e-liquid o pojemno\u015bci 22 ml, WASPE 15000 Puffs zapewnia wyj\u0105tkow\u0105 trwa\u0142o\u015b\u0107 w por\u00f3wnaniu do wielu innych jednorazowych e-papieros\u00f3w. U\u017cytkownicy mog\u0105 cieszy\u0107 si\u0119 urz\u0105dzeniem przez d\u0142ugi czas, nie martwi\u0105c si\u0119 o uzupe\u0142nianie czy cz\u0119ste \u0142adowanie. To czyni go idealnym wyborem dla intensywnych vapowc\u00f3w, doje\u017cd\u017caj\u0105cych i podr\u00f3\u017cuj\u0105cych.<\/p>\n<h4 data-start=\"1259\" data-end=\"1325\" data-immersive-translate-walked=\"394a6c86-11bd-4236-9b60-d810d6713f5c\">Zaawansowana technologia grza\u0142ki dla intensywnego smaku<\/h4>\n<p class=\"\" data-start=\"1327\" data-end=\"1710\" data-immersive-translate-walked=\"394a6c86-11bd-4236-9b60-d810d6713f5c\" data-immersive-translate-paragraph=\"1\">Technologia Mesh Coil o oporno\u015bci 0,8\u03a9 zapewnia r\u00f3wnomierne odparowywanie e-liquidu. Dzi\u0119ki temu smak e-liquid\u00f3w jest bardziej intensywny, a produkcja pary zoptymalizowana. Mesh Coil umo\u017cliwia bardziej efektywne rozprowadzanie ciep\u0142a, co prowadzi do bogatego i pe\u0142nego smaku przy ka\u017cdym zaci\u0105gni\u0119ciu. Ciesz si\u0119 sta\u0142ym, wysokiej jako\u015bci do\u015bwiadczeniem vapowania.<\/p>\n<h4 data-start=\"1717\" data-end=\"1759\" data-immersive-translate-walked=\"394a6c86-11bd-4236-9b60-d810d6713f5c\">Wy\u015bwietlacz LCD dla maksymalnej kontroli<\/h4>\n<p class=\"\" data-start=\"1761\" data-end=\"2110\" data-immersive-translate-walked=\"394a6c86-11bd-4236-9b60-d810d6713f5c\" data-immersive-translate-paragraph=\"1\">Innowacyjny wy\u015bwietlacz LCD w WASPE 15000 Puffs zapewnia u\u017cytkownikowi bie\u017c\u0105ce informacje o stanie baterii i liczbie zaci\u0105gni\u0119\u0107. Dzi\u0119ki temu mo\u017cna na bie\u017c\u0105co monitorowa\u0107 poziom na\u0142adowania i dok\u0142adnie wiedzie\u0107, ile zaci\u0105gni\u0119\u0107 pozosta\u0142o. Funkcja ta zwi\u0119ksza wygod\u0119 u\u017cytkowania i pomaga zapewni\u0107 jeszcze bardziej komfortowe do\u015bwiadczenie vapowania.<\/p>\n<h4 data-start=\"2117\" data-end=\"2164\" data-immersive-translate-walked=\"394a6c86-11bd-4236-9b60-d810d6713f5c\">Wszechstronno\u015b\u0107 w nikotynie i smaku<\/h4>\n<p class=\"\" data-start=\"2166\" data-end=\"2586\" data-immersive-translate-walked=\"394a6c86-11bd-4236-9b60-d810d6713f5c\" data-immersive-translate-paragraph=\"1\">WASPE 15000 Puffs dost\u0119pny jest w czterech r\u00f3\u017cnych mocach nikotyny: 0%, 2%, 3% i 5%. Umo\u017cliwia to u\u017cytkownikom dostosowanie zawarto\u015bci nikotyny do w\u0142asnych preferencji. Szczeg\u00f3lnie wyr\u00f3\u017cnia si\u0119 owocowy smak \u201eStrawberry Watermelon\u201d, kt\u00f3ry oferuje orze\u017awiaj\u0105ce po\u0142\u0105czenie s\u0142odkich truskawek i soczystej arbuza \u2013 idealny dla vapowc\u00f3w preferuj\u0105cych owocowe i lekkie aromaty.<\/p>\n<h4 data-start=\"2593\" data-end=\"2651\" data-immersive-translate-walked=\"394a6c86-11bd-4236-9b60-d810d6713f5c\">Wygodny jednorazowy design i \u0142atwa obs\u0142uga<\/h4>\n<p class=\"\" data-start=\"2653\" data-end=\"3039\" data-immersive-translate-walked=\"394a6c86-11bd-4236-9b60-d810d6713f5c\" data-immersive-translate-paragraph=\"1\">Design jednorazowy WASPE 15000 Puffs oznacza brak konieczno\u015bci konserwacji czy uzupe\u0142niania. Po prostu otw\u00f3rz opakowanie i zacznij vapowa\u0107 \u2013 bez zb\u0119dnych przygotowa\u0144. Z wag\u0105 zaledwie 90 g, WASPE 15000 Puffs jest lekki i idealny na podr\u00f3\u017c. Jego przyjazny dla u\u017cytkownika i por\u0119czny design sprawia, \u017ce jest doskona\u0142ym towarzyszem na co dzie\u0144.<\/p>\n<h4 data-start=\"3046\" data-end=\"3099\" data-immersive-translate-walked=\"394a6c86-11bd-4236-9b60-d810d6713f5c\">Dostawa bez c\u0142a i dost\u0119pno\u015b\u0107 globalna<\/h4>\n<p class=\"\" data-start=\"3101\" data-end=\"3347\" data-immersive-translate-walked=\"394a6c86-11bd-4236-9b60-d810d6713f5c\" data-immersive-translate-paragraph=\"1\">Wyj\u0105tkowo atrakcyjn\u0105 zalet\u0105 jest bezc\u0142owa dostawa, kt\u00f3ra umo\u017cliwia mi\u0119dzynarodowym klientom zakup WASPE 15000 Puffs bez dodatkowych koszt\u00f3w. To sprawia, \u017ce ten produkt jest szczeg\u00f3lnie interesuj\u0105cy dla palaczy e-papieros\u00f3w spoza regionu.<\/p>\n<p class=\"\" data-start=\"3354\" data-end=\"3747\" data-immersive-translate-walked=\"394a6c86-11bd-4236-9b60-d810d6713f5c\" data-immersive-translate-paragraph=\"1\">Podsumowanie: WASPE 15000 Puffs to wydajny i przyjazny dla u\u017cytkownika jednorazowy e-papieros, kt\u00f3ry zachwyca d\u0142ugim czasem u\u017cytkowania, intensywnymi aromatami i innowacyjn\u0105 technologi\u0105. Je\u015bli szukasz niezawodnego i komfortowego do\u015bwiadczenia vapowania, ten model jest w\u0142a\u015bnie dla Ciebie. Wi\u0119cej informacji i mo\u017cliwo\u015bci zam\u00f3wienia znajdziesz na stronie vapingnet.de.<\/p>","protected":false},"excerpt":{"rendered":"<p>WASPE 15000 Puffs: Nowa generacja jednorazowych e-papieros\u00f3w. WASPE 15000 Puffs oferuje niezwyk\u0142e doznania palenia i jest idealnym wyborem dla u\u017cytkownik\u00f3w poszukuj\u0105cych wysokiej jako\u015bci...<\/p>","protected":false},"featured_media":6741,"template":"","meta":[],"etheme_brands":[],"product_brand":[98],"product_cat":[53,49,61],"product_tag":[],"class_list":{"0":"post-6725","1":"product","2":"type-product","3":"status-publish","4":"has-post-thumbnail","6":"product_brand-waspe-vape","7":"product_cat-vape-15000-zuege","8":"product_cat-einweg-e-zigarette","9":"product_cat-f","11":"first","12":"instock","13":"shipping-taxable","14":"purchasable","15":"product-type-variable"},"yoast_head":"<!-- This site is optimized with the Yoast SEO plugin v26.5 - https:\/\/yoast.com\/wordpress\/plugins\/seo\/ -->\n<title>Weltweit Gefeiert WASPE 15000 Puffs Strawberry Watermelon Z\u00f6lle Vermeiden Und Genie\u00dfen | Vapingnet.de<\/title>\n<meta name=\"description\" content=\"Entdecke Weltweit Gefeiert WASPE 15000 Puffs Strawberry Watermelon Z\u00f6lle Vermeiden Und Genie\u00dfen bei vapingnet.de, \u25ba Gro\u00dfe Auswahl an Geschmacksrichtungen &amp; super g\u00fcnstig!\" \/>\n<meta name=\"robots\" content=\"index, follow, max-snippet:-1, max-image-preview:large, max-video-preview:-1\" \/>\n<link rel=\"canonical\" href=\"https:\/\/vapingnet.de\/pl\/vape\/weltweit-gefeiert-waspe-15000-puffs-strawberry-watermelon-zoelle-vermeiden-und-geniessen\/\" \/>\n<meta property=\"og:locale\" content=\"pl_PL\" \/>\n<meta property=\"og:type\" content=\"article\" \/>\n<meta property=\"og:title\" content=\"Weltweit Gefeiert WASPE 15000 Puffs Strawberry Watermelon Z\u00f6lle Vermeiden Und Genie\u00dfen | Vapingnet.de\" \/>\n<meta property=\"og:description\" content=\"Entdecke Weltweit Gefeiert WASPE 15000 Puffs Strawberry Watermelon Z\u00f6lle Vermeiden Und Genie\u00dfen bei vapingnet.de, \u25ba Gro\u00dfe Auswahl an Geschmacksrichtungen &amp; super g\u00fcnstig!\" \/>\n<meta property=\"og:url\" content=\"https:\/\/vapingnet.de\/pl\/vape\/weltweit-gefeiert-waspe-15000-puffs-strawberry-watermelon-zoelle-vermeiden-und-geniessen\/\" \/>\n<meta property=\"og:site_name\" content=\"Vapingnet.de\" \/>\n<meta property=\"article:publisher\" content=\"https:\/\/www.facebook.com\/vapingnetde\/\" \/>\n<meta property=\"article:modified_time\" content=\"2026-04-15T08:42:44+00:00\" \/>\n<meta property=\"og:image\" content=\"https:\/\/vapingnet.de\/wp-content\/uploads\/2025\/05\/Strawberry-Watermelon.webp\" \/>\n\t<meta property=\"og:image:width\" content=\"1000\" \/>\n\t<meta property=\"og:image:height\" content=\"1000\" \/>\n\t<meta property=\"og:image:type\" content=\"image\/webp\" \/>\n<meta name=\"twitter:card\" content=\"summary_large_image\" \/>\n<meta name=\"twitter:label1\" content=\"Est. reading time\" \/>\n\t<meta name=\"twitter:data1\" content=\"3 minutes\" \/>\n<script type=\"application\/ld+json\" class=\"yoast-schema-graph\">{\"@context\":\"https:\/\/schema.org\",\"@graph\":[{\"@type\":\"WebPage\",\"@id\":\"https:\/\/vapingnet.de\/vape\/weltweit-gefeiert-waspe-15000-puffs-strawberry-watermelon-zoelle-vermeiden-und-geniessen\/\",\"url\":\"https:\/\/vapingnet.de\/vape\/weltweit-gefeiert-waspe-15000-puffs-strawberry-watermelon-zoelle-vermeiden-und-geniessen\/\",\"name\":\"Weltweit Gefeiert WASPE 15000 Puffs Strawberry Watermelon Z\u00f6lle Vermeiden Und Genie\u00dfen | Vapingnet.de\",\"isPartOf\":{\"@id\":\"https:\/\/vapingnet.de\/#website\"},\"primaryImageOfPage\":{\"@id\":\"https:\/\/vapingnet.de\/vape\/weltweit-gefeiert-waspe-15000-puffs-strawberry-watermelon-zoelle-vermeiden-und-geniessen\/#primaryimage\"},\"image\":{\"@id\":\"https:\/\/vapingnet.de\/vape\/weltweit-gefeiert-waspe-15000-puffs-strawberry-watermelon-zoelle-vermeiden-und-geniessen\/#primaryimage\"},\"thumbnailUrl\":\"https:\/\/vapingnet.de\/wp-content\/uploads\/2025\/05\/Strawberry-Watermelon.webp\",\"datePublished\":\"2025-05-05T02:36:01+00:00\",\"dateModified\":\"2026-04-15T08:42:44+00:00\",\"description\":\"Entdecke Weltweit Gefeiert WASPE 15000 Puffs Strawberry Watermelon Z\u00f6lle Vermeiden Und Genie\u00dfen bei vapingnet.de, \u25ba Gro\u00dfe Auswahl an Geschmacksrichtungen & super g\u00fcnstig!\",\"breadcrumb\":{\"@id\":\"https:\/\/vapingnet.de\/vape\/weltweit-gefeiert-waspe-15000-puffs-strawberry-watermelon-zoelle-vermeiden-und-geniessen\/#breadcrumb\"},\"inLanguage\":\"pl-PL\",\"potentialAction\":[{\"@type\":\"ReadAction\",\"target\":[\"https:\/\/vapingnet.de\/vape\/weltweit-gefeiert-waspe-15000-puffs-strawberry-watermelon-zoelle-vermeiden-und-geniessen\/\"]}]},{\"@type\":\"ImageObject\",\"inLanguage\":\"pl-PL\",\"@id\":\"https:\/\/vapingnet.de\/vape\/weltweit-gefeiert-waspe-15000-puffs-strawberry-watermelon-zoelle-vermeiden-und-geniessen\/#primaryimage\",\"url\":\"https:\/\/vapingnet.de\/wp-content\/uploads\/2025\/05\/Strawberry-Watermelon.webp\",\"contentUrl\":\"https:\/\/vapingnet.de\/wp-content\/uploads\/2025\/05\/Strawberry-Watermelon.webp\",\"width\":1000,\"height\":1000},{\"@type\":\"BreadcrumbList\",\"@id\":\"https:\/\/vapingnet.de\/vape\/weltweit-gefeiert-waspe-15000-puffs-strawberry-watermelon-zoelle-vermeiden-und-geniessen\/#breadcrumb\",\"itemListElement\":[{\"@type\":\"ListItem\",\"position\":1,\"name\":\"Home\",\"item\":\"https:\/\/vapingnet.de\/\"},{\"@type\":\"ListItem\",\"position\":2,\"name\":\"Shop\",\"item\":\"https:\/\/vapingnet.de\/vape\/\"},{\"@type\":\"ListItem\",\"position\":3,\"name\":\"Weltweit Gefeiert WASPE 15000 Puffs Strawberry Watermelon Z\u00f6lle Vermeiden Und Genie\u00dfen\"}]},{\"@type\":\"WebSite\",\"@id\":\"https:\/\/vapingnet.de\/#website\",\"url\":\"https:\/\/vapingnet.de\/\",\"name\":\"Vapingnet.de\",\"description\":\"\",\"publisher\":{\"@id\":\"https:\/\/vapingnet.de\/#organization\"},\"potentialAction\":[{\"@type\":\"SearchAction\",\"target\":{\"@type\":\"EntryPoint\",\"urlTemplate\":\"https:\/\/vapingnet.de\/?s={search_term_string}\"},\"query-input\":{\"@type\":\"PropertyValueSpecification\",\"valueRequired\":true,\"valueName\":\"search_term_string\"}}],\"inLanguage\":\"pl-PL\"},{\"@type\":\"Organization\",\"@id\":\"https:\/\/vapingnet.de\/#organization\",\"name\":\"Vapingnet.de\",\"url\":\"https:\/\/vapingnet.de\/\",\"logo\":{\"@type\":\"ImageObject\",\"inLanguage\":\"pl-PL\",\"@id\":\"https:\/\/vapingnet.de\/#\/schema\/logo\/image\/\",\"url\":\"https:\/\/vapingnet.de\/wp-content\/uploads\/2025\/03\/cropped-vapingnet.de_.jpg\",\"contentUrl\":\"https:\/\/vapingnet.de\/wp-content\/uploads\/2025\/03\/cropped-vapingnet.de_.jpg\",\"width\":512,\"height\":512,\"caption\":\"Vapingnet.de\"},\"image\":{\"@id\":\"https:\/\/vapingnet.de\/#\/schema\/logo\/image\/\"},\"sameAs\":[\"https:\/\/www.facebook.com\/vapingnetde\/\"]}]}<\/script>\n<!-- \/ Yoast SEO plugin. -->","yoast_head_json":{"title":"Weltweit Gefeiert WASPE 15000 Puffs Strawberry Watermelon Z\u00f6lle Vermeiden Und Genie\u00dfen | Vapingnet.de","description":"Entdecke Weltweit Gefeiert WASPE 15000 Puffs Strawberry Watermelon Z\u00f6lle Vermeiden Und Genie\u00dfen bei vapingnet.de, \u25ba Gro\u00dfe Auswahl an Geschmacksrichtungen & super g\u00fcnstig!","robots":{"index":"index","follow":"follow","max-snippet":"max-snippet:-1","max-image-preview":"max-image-preview:large","max-video-preview":"max-video-preview:-1"},"canonical":"https:\/\/vapingnet.de\/pl\/vape\/weltweit-gefeiert-waspe-15000-puffs-strawberry-watermelon-zoelle-vermeiden-und-geniessen\/","og_locale":"pl_PL","og_type":"article","og_title":"Weltweit Gefeiert WASPE 15000 Puffs Strawberry Watermelon Z\u00f6lle Vermeiden Und Genie\u00dfen | Vapingnet.de","og_description":"Entdecke Weltweit Gefeiert WASPE 15000 Puffs Strawberry Watermelon Z\u00f6lle Vermeiden Und Genie\u00dfen bei vapingnet.de, \u25ba Gro\u00dfe Auswahl an Geschmacksrichtungen & super g\u00fcnstig!","og_url":"https:\/\/vapingnet.de\/pl\/vape\/weltweit-gefeiert-waspe-15000-puffs-strawberry-watermelon-zoelle-vermeiden-und-geniessen\/","og_site_name":"Vapingnet.de","article_publisher":"https:\/\/www.facebook.com\/vapingnetde\/","article_modified_time":"2026-04-15T08:42:44+00:00","og_image":[{"width":1000,"height":1000,"url":"https:\/\/vapingnet.de\/wp-content\/uploads\/2025\/05\/Strawberry-Watermelon.webp","type":"image\/webp"}],"twitter_card":"summary_large_image","twitter_misc":{"Est. reading time":"3 minutes"},"schema":{"@context":"https:\/\/schema.org","@graph":[{"@type":"WebPage","@id":"https:\/\/vapingnet.de\/vape\/weltweit-gefeiert-waspe-15000-puffs-strawberry-watermelon-zoelle-vermeiden-und-geniessen\/","url":"https:\/\/vapingnet.de\/vape\/weltweit-gefeiert-waspe-15000-puffs-strawberry-watermelon-zoelle-vermeiden-und-geniessen\/","name":"Weltweit Gefeiert WASPE 15000 Puffs Strawberry Watermelon Z\u00f6lle Vermeiden Und Genie\u00dfen | Vapingnet.de","isPartOf":{"@id":"https:\/\/vapingnet.de\/#website"},"primaryImageOfPage":{"@id":"https:\/\/vapingnet.de\/vape\/weltweit-gefeiert-waspe-15000-puffs-strawberry-watermelon-zoelle-vermeiden-und-geniessen\/#primaryimage"},"image":{"@id":"https:\/\/vapingnet.de\/vape\/weltweit-gefeiert-waspe-15000-puffs-strawberry-watermelon-zoelle-vermeiden-und-geniessen\/#primaryimage"},"thumbnailUrl":"https:\/\/vapingnet.de\/wp-content\/uploads\/2025\/05\/Strawberry-Watermelon.webp","datePublished":"2025-05-05T02:36:01+00:00","dateModified":"2026-04-15T08:42:44+00:00","description":"Entdecke Weltweit Gefeiert WASPE 15000 Puffs Strawberry Watermelon Z\u00f6lle Vermeiden Und Genie\u00dfen bei vapingnet.de, \u25ba Gro\u00dfe Auswahl an Geschmacksrichtungen & super g\u00fcnstig!","breadcrumb":{"@id":"https:\/\/vapingnet.de\/vape\/weltweit-gefeiert-waspe-15000-puffs-strawberry-watermelon-zoelle-vermeiden-und-geniessen\/#breadcrumb"},"inLanguage":"pl-PL","potentialAction":[{"@type":"ReadAction","target":["https:\/\/vapingnet.de\/vape\/weltweit-gefeiert-waspe-15000-puffs-strawberry-watermelon-zoelle-vermeiden-und-geniessen\/"]}]},{"@type":"ImageObject","inLanguage":"pl-PL","@id":"https:\/\/vapingnet.de\/vape\/weltweit-gefeiert-waspe-15000-puffs-strawberry-watermelon-zoelle-vermeiden-und-geniessen\/#primaryimage","url":"https:\/\/vapingnet.de\/wp-content\/uploads\/2025\/05\/Strawberry-Watermelon.webp","contentUrl":"https:\/\/vapingnet.de\/wp-content\/uploads\/2025\/05\/Strawberry-Watermelon.webp","width":1000,"height":1000},{"@type":"BreadcrumbList","@id":"https:\/\/vapingnet.de\/vape\/weltweit-gefeiert-waspe-15000-puffs-strawberry-watermelon-zoelle-vermeiden-und-geniessen\/#breadcrumb","itemListElement":[{"@type":"ListItem","position":1,"name":"Home","item":"https:\/\/vapingnet.de\/"},{"@type":"ListItem","position":2,"name":"Shop","item":"https:\/\/vapingnet.de\/vape\/"},{"@type":"ListItem","position":3,"name":"Weltweit Gefeiert WASPE 15000 Puffs Strawberry Watermelon Z\u00f6lle Vermeiden Und Genie\u00dfen"}]},{"@type":"WebSite","@id":"https:\/\/vapingnet.de\/#website","url":"https:\/\/vapingnet.de\/","name":"Vapingnet.de","description":"","publisher":{"@id":"https:\/\/vapingnet.de\/#organization"},"potentialAction":[{"@type":"SearchAction","target":{"@type":"EntryPoint","urlTemplate":"https:\/\/vapingnet.de\/?s={search_term_string}"},"query-input":{"@type":"PropertyValueSpecification","valueRequired":true,"valueName":"search_term_string"}}],"inLanguage":"pl-PL"},{"@type":"Organization","@id":"https:\/\/vapingnet.de\/#organization","name":"Vapingnet.de","url":"https:\/\/vapingnet.de\/","logo":{"@type":"ImageObject","inLanguage":"pl-PL","@id":"https:\/\/vapingnet.de\/#\/schema\/logo\/image\/","url":"https:\/\/vapingnet.de\/wp-content\/uploads\/2025\/03\/cropped-vapingnet.de_.jpg","contentUrl":"https:\/\/vapingnet.de\/wp-content\/uploads\/2025\/03\/cropped-vapingnet.de_.jpg","width":512,"height":512,"caption":"Vapingnet.de"},"image":{"@id":"https:\/\/vapingnet.de\/#\/schema\/logo\/image\/"},"sameAs":["https:\/\/www.facebook.com\/vapingnetde\/"]}]}},"tiered_pricing_type":"fixed","tiered_pricing_fixed_rules":[],"tiered_pricing_product_settings":{"layout":"default","base_unit_name":{"singular":null,"plural":null},"default_variation":null},"tiered_pricing_minimum_quantity":null,"tiered_pricing_roles_data":[],"tiered_pricing_percentage_rules":[],"_links":{"self":[{"href":"https:\/\/vapingnet.de\/pl\/wp-json\/wp\/v2\/product\/6725","targetHints":{"allow":["GET"]}}],"collection":[{"href":"https:\/\/vapingnet.de\/pl\/wp-json\/wp\/v2\/product"}],"about":[{"href":"https:\/\/vapingnet.de\/pl\/wp-json\/wp\/v2\/types\/product"}],"version-history":[{"count":1,"href":"https:\/\/vapingnet.de\/pl\/wp-json\/wp\/v2\/product\/6725\/revisions"}],"predecessor-version":[{"id":6747,"href":"https:\/\/vapingnet.de\/pl\/wp-json\/wp\/v2\/product\/6725\/revisions\/6747"}],"wp:featuredmedia":[{"embeddable":true,"href":"https:\/\/vapingnet.de\/pl\/wp-json\/wp\/v2\/media\/6741"}],"wp:attachment":[{"href":"https:\/\/vapingnet.de\/pl\/wp-json\/wp\/v2\/media?parent=6725"}],"wp:term":[{"taxonomy":"brand","embeddable":true,"href":"https:\/\/vapingnet.de\/pl\/wp-json\/wp\/v2\/etheme_brands?post=6725"},{"taxonomy":"product_brand","embeddable":true,"href":"https:\/\/vapingnet.de\/pl\/wp-json\/wp\/v2\/product_brand?post=6725"},{"taxonomy":"product_cat","embeddable":true,"href":"https:\/\/vapingnet.de\/pl\/wp-json\/wp\/v2\/product_cat?post=6725"},{"taxonomy":"product_tag","embeddable":true,"href":"https:\/\/vapingnet.de\/pl\/wp-json\/wp\/v2\/product_tag?post=6725"}],"curies":[{"name":"wp","href":"https:\/\/api.w.org\/{rel}","templated":true}]}}