{"id":6728,"date":"2025-05-05T02:36:07","date_gmt":"2025-05-05T02:36:07","guid":{"rendered":"https:\/\/vapingnet.de\/?post_type=product&#038;p=6728"},"modified":"2026-04-15T08:18:47","modified_gmt":"2026-04-15T08:18:47","slug":"waspe-15000-puffs-strawberry-kiwi-hol-dir-den-bestseller-jetzt-zu-sparpreisen","status":"publish","type":"product","link":"https:\/\/vapingnet.de\/pl\/vape\/waspe-15000-puffs-strawberry-kiwi-hol-dir-den-bestseller-jetzt-zu-sparpreisen\/","title":{"rendered":"WASPE 15000 Puffs Strawberry Kiwi, zdob\u0105d\u017a najlepszego bestsellera w cenie promocyjnej"},"content":{"rendered":"<h2 data-start=\"0\" data-end=\"62\" data-immersive-translate-walked=\"7d506604-c5bf-4417-87dd-12aa5d39430d\">WASPE 15000 Puffs: Rewolucyjne do\u015bwiadczenie dla mi\u0142o\u015bnik\u00f3w vapingu<\/h2>\n<p class=\"\" data-start=\"64\" data-end=\"429\" data-immersive-translate-walked=\"7d506604-c5bf-4417-87dd-12aa5d39430d\" data-immersive-translate-paragraph=\"1\">\u015awiat vapingu ewoluowa\u0142, a jednorazowa e-papieros WASPE 15000 Puffs wyznacza nowe standardy dla wszystkich vaporyst\u00f3w poszukuj\u0105cych d\u0142ugiego i intensywnego do\u015bwiadczenia. Dzi\u0119ki szerokiej gamie imponuj\u0105cych funkcji i innowacyjnych technologii ten model oferuje wszystko, czego mo\u017cna oczekiwa\u0107 od e-papierosa premium.<\/p>\n<h4 data-start=\"431\" data-end=\"471\" data-immersive-translate-walked=\"7d506604-c5bf-4417-87dd-12aa5d39430d\">D\u0142uga \u017cywotno\u015b\u0107 i du\u017ca pojemno\u015b\u0107<\/h4>\n<p class=\"\" data-start=\"473\" data-end=\"889\" data-immersive-translate-walked=\"7d506604-c5bf-4417-87dd-12aa5d39430d\" data-immersive-translate-paragraph=\"1\">Wyj\u0105tkow\u0105 cech\u0105 WASPE 15000 Puffs jest imponuj\u0105ca pojemno\u015b\u0107 chmur 15 000 zaci\u0105gni\u0119\u0107. Oznacza to, \u017ce ten jednorazowy e-papieros nadaje si\u0119 na d\u0142ugie sesje vapingu i nie musisz ci\u0105gle szuka\u0107 nowego urz\u0105dzenia. Z 22 ml zbiornikiem na e-liquid mo\u017cesz cieszy\u0107 si\u0119 ulubionymi smakami przez d\u0142ugi czas, nie uzupe\u0142niaj\u0105c go cz\u0119sto.<\/p>\n<h4 data-start=\"891\" data-end=\"940\" data-immersive-translate-walked=\"7d506604-c5bf-4417-87dd-12aa5d39430d\">Wszechstronne opcje nikotyny dla ka\u017cdego vaporysty<\/h4>\n<p class=\"\" data-start=\"942\" data-end=\"1248\" data-immersive-translate-walked=\"7d506604-c5bf-4417-87dd-12aa5d39430d\" data-immersive-translate-paragraph=\"1\">Dla tych, kt\u00f3rzy preferuj\u0105 r\u00f3\u017cne st\u0119\u017cenia nikotyny, WASPE 15000 Puffs oferuje wyb\u00f3r od 0%, 2%, 3% do 5%. Pozwala to na dostosowanie intensywno\u015bci do w\u0142asnych preferencji i potrzeb \u2013 czy to \u0142agodniejsze do\u015bwiadczenie, czy mocniejsza dawka nikotyny.<\/p>\n<h4 data-start=\"1250\" data-end=\"1292\" data-immersive-translate-walked=\"7d506604-c5bf-4417-87dd-12aa5d39430d\">Wy\u015bwietlacz LCD dla informacji w czasie rzeczywistym<\/h4>\n<p class=\"\" data-start=\"1294\" data-end=\"1627\" data-immersive-translate-walked=\"7d506604-c5bf-4417-87dd-12aa5d39430d\" data-immersive-translate-paragraph=\"1\">Wbudowany wy\u015bwietlacz LCD to kolejna praktyczna funkcja WASPE 15000 Puffs. Pokazuje wa\u017cne informacje w czasie rzeczywistym, takie jak poziom na\u0142adowania baterii i ilo\u015b\u0107 pozosta\u0142ego liquidu, dzi\u0119ki czemu zawsze wiesz, na jakim etapie jeste\u015b. To zapewnia przemy\u015blane i przyjazne u\u017cytkownikowi do\u015bwiadczenie vapingu.<\/p>\n<h4 data-start=\"1629\" data-end=\"1674\" data-immersive-translate-walked=\"7d506604-c5bf-4417-87dd-12aa5d39430d\">Wytrzyma\u0142a bateria z szybkim \u0142adowaniem<\/h4>\n<p class=\"\" data-start=\"1676\" data-end=\"2046\" data-immersive-translate-walked=\"7d506604-c5bf-4417-87dd-12aa5d39430d\" data-immersive-translate-paragraph=\"1\">Jednorazowy e-papieros WASPE 15000 Puffs jest wyposa\u017cony w bateri\u0119 o pojemno\u015bci 850mAh, zaprojektowan\u0105 na d\u0142ugie u\u017cytkowanie. Bateria mo\u017ce by\u0107 \u0142atwo \u0142adowana przez praktyczny port Type-C, dzi\u0119ki czemu nigdy nie musisz si\u0119 martwi\u0107 o nag\u0142e roz\u0142adowanie. Szybko\u015b\u0107 \u0142adowania przez port Type-C zapewnia, \u017ce urz\u0105dzenie jest gotowe do u\u017cycia w kr\u00f3tkim czasie.<\/p>\n<h4 data-start=\"2048\" data-end=\"2098\" data-immersive-translate-walked=\"7d506604-c5bf-4417-87dd-12aa5d39430d\">Technologia Mesh Coil dla intensywnego smaku<\/h4>\n<p class=\"\" data-start=\"2100\" data-end=\"2369\" data-immersive-translate-walked=\"7d506604-c5bf-4417-87dd-12aa5d39430d\" data-immersive-translate-paragraph=\"1\">Dla wyj\u0105tkowo intensywnych dozna\u0144 smakowych zastosowano technologi\u0119 Mesh Coil o oporno\u015bci 0,8\u03a9, kt\u00f3ra jest u\u017cywana w WASPE 15000 Puffs. Technologia ta umo\u017cliwia lepsz\u0105 produkcj\u0119 pary i bardziej wyrazisty smak, co sprawia, \u017ce vaping jest jeszcze przyjemniejszy.<\/p>\n<h4 data-start=\"2371\" data-end=\"2397\" data-immersive-translate-walked=\"7d506604-c5bf-4417-87dd-12aa5d39430d\">Lekki i wygodny<\/h4>\n<p class=\"\" data-start=\"2399\" data-end=\"2651\" data-immersive-translate-walked=\"7d506604-c5bf-4417-87dd-12aa5d39430d\" data-immersive-translate-paragraph=\"1\">Z wag\u0105 zaledwie 90g na sztuk\u0119, WASPE 15000 Puffs jest niezwykle lekki i por\u0119czny. Niezale\u017cnie od tego, czy jeste\u015b w drodze, czy relaksujesz si\u0119 w domu \u2013 kompaktowa konstrukcja pozwala cieszy\u0107 si\u0119 vapingiem wsz\u0119dzie i o ka\u017cdej porze.<\/p>\n<h4 data-start=\"2653\" data-end=\"2697\" data-immersive-translate-walked=\"7d506604-c5bf-4417-87dd-12aa5d39430d\">Truskawka Kiwi \u2013 idealny smak<\/h4>\n<p class=\"\" data-start=\"2699\" data-end=\"3015\" data-immersive-translate-walked=\"7d506604-c5bf-4417-87dd-12aa5d39430d\" data-immersive-translate-paragraph=\"1\">Jednorazowy e-papieros WASPE 15000 Puffs jest dost\u0119pny w r\u00f3\u017cnych smakach, ale szczeg\u00f3lnie wyr\u00f3\u017cnia si\u0119 smak \u201eStrawberry Kiwi\u201d. S\u0142odki i \u015bwie\u017cy smak truskawek po\u0142\u0105czony z egzotyczn\u0105 nut\u0105 kiwi zapewnia orze\u017awiaj\u0105ce i s\u0142odkie doznania przy ka\u017cdym zaci\u0105gni\u0119ciu.<\/p>\n<h3 data-start=\"3017\" data-end=\"3051\" data-immersive-translate-walked=\"7d506604-c5bf-4417-87dd-12aa5d39430d\">Zalety WASPE 15000 Puffs<\/h3>\n<p class=\"\" data-start=\"3053\" data-end=\"3350\" data-immersive-translate-walked=\"7d506604-c5bf-4417-87dd-12aa5d39430d\" data-immersive-translate-paragraph=\"1\">Opr\u00f3cz du\u017cej pojemno\u015bci i praktycznych funkcji, WASPE 15000 Puffs ma jeszcze jedn\u0105 du\u017c\u0105 zalet\u0119: zwolnienie z op\u0142at celnych. Oznacza to, \u017ce mo\u017cna go naby\u0107 bez dodatkowych koszt\u00f3w celnych w Europie, co czyni vapowanie jeszcze bardziej dost\u0119pne.<\/p>\n<p class=\"\" data-start=\"3352\" data-end=\"3766\" data-immersive-translate-walked=\"7d506604-c5bf-4417-87dd-12aa5d39430d\" data-immersive-translate-paragraph=\"1\">WASPE 15000 Puffs to nie tylko kolejny produkt jednorazowy, ale prawdziwa innowacja w \u015bwiecie e-papieros\u00f3w. \u0141\u0105czy komfort, technologi\u0119 i przyjemno\u015b\u0107 w jednym urz\u0105dzeniu, kt\u00f3re umo\u017cliwia zar\u00f3wno pocz\u0105tkuj\u0105cym, jak i do\u015bwiadczonym vaporystom do\u015bwiadczenie idealnego vapingu. Odwied\u017a vapingnet.de, aby dowiedzie\u0107 si\u0119 wi\u0119cej o tym imponuj\u0105cym produkcie i zam\u00f3wi\u0107 go wygodnie do domu.<\/p>","protected":false},"excerpt":{"rendered":"<p>WASPE 15000 Puffs: Rewolucyjne do\u015bwiadczenie dla palaczy. \u015awiat palenia si\u0119 rozwija, a jednorazowy e-papieros WASPE 15000 Puffs wyznacza nowe standardy w dziedzinie komfortu i wydajno\u015bci...<\/p>","protected":false},"featured_media":6739,"template":"","meta":[],"etheme_brands":[],"product_brand":[98],"product_cat":[53,49,61],"product_tag":[],"class_list":{"0":"post-6728","1":"product","2":"type-product","3":"status-publish","4":"has-post-thumbnail","6":"product_brand-waspe-vape","7":"product_cat-vape-15000-zuege","8":"product_cat-einweg-e-zigarette","9":"product_cat-f","11":"first","12":"instock","13":"shipping-taxable","14":"purchasable","15":"product-type-variable"},"yoast_head":"<!-- This site is optimized with the Yoast SEO plugin v26.5 - https:\/\/yoast.com\/wordpress\/plugins\/seo\/ -->\n<title>WASPE 15000 Puffs Strawberry Kiwi Hol Dir Den Bestseller Jetzt Zu Sparpreisen | Vapingnet.de<\/title>\n<meta name=\"description\" content=\"Entdecke WASPE 15000 Puffs Strawberry Kiwi Hol Dir Den Bestseller Jetzt Zu Sparpreisen bei vapingnet.de, \u25ba Gro\u00dfe Auswahl an Geschmacksrichtungen &amp; super g\u00fcnstig!\" \/>\n<meta name=\"robots\" content=\"index, follow, max-snippet:-1, max-image-preview:large, max-video-preview:-1\" \/>\n<link rel=\"canonical\" href=\"https:\/\/vapingnet.de\/pl\/vape\/waspe-15000-puffs-strawberry-kiwi-hol-dir-den-bestseller-jetzt-zu-sparpreisen\/\" \/>\n<meta property=\"og:locale\" content=\"pl_PL\" \/>\n<meta property=\"og:type\" content=\"article\" \/>\n<meta property=\"og:title\" content=\"WASPE 15000 Puffs Strawberry Kiwi Hol Dir Den Bestseller Jetzt Zu Sparpreisen | Vapingnet.de\" \/>\n<meta property=\"og:description\" content=\"Entdecke WASPE 15000 Puffs Strawberry Kiwi Hol Dir Den Bestseller Jetzt Zu Sparpreisen bei vapingnet.de, \u25ba Gro\u00dfe Auswahl an Geschmacksrichtungen &amp; super g\u00fcnstig!\" \/>\n<meta property=\"og:url\" content=\"https:\/\/vapingnet.de\/pl\/vape\/waspe-15000-puffs-strawberry-kiwi-hol-dir-den-bestseller-jetzt-zu-sparpreisen\/\" \/>\n<meta property=\"og:site_name\" content=\"Vapingnet.de\" \/>\n<meta property=\"article:publisher\" content=\"https:\/\/www.facebook.com\/vapingnetde\/\" \/>\n<meta property=\"article:modified_time\" content=\"2026-04-15T08:18:47+00:00\" \/>\n<meta property=\"og:image\" content=\"https:\/\/vapingnet.de\/wp-content\/uploads\/2025\/05\/Strawberry-Kiwi.webp\" \/>\n\t<meta property=\"og:image:width\" content=\"1000\" \/>\n\t<meta property=\"og:image:height\" content=\"1000\" \/>\n\t<meta property=\"og:image:type\" content=\"image\/webp\" \/>\n<meta name=\"twitter:card\" content=\"summary_large_image\" \/>\n<meta name=\"twitter:label1\" content=\"Est. reading time\" \/>\n\t<meta name=\"twitter:data1\" content=\"4 minutes\" \/>\n<script type=\"application\/ld+json\" class=\"yoast-schema-graph\">{\"@context\":\"https:\/\/schema.org\",\"@graph\":[{\"@type\":\"WebPage\",\"@id\":\"https:\/\/vapingnet.de\/vape\/waspe-15000-puffs-strawberry-kiwi-hol-dir-den-bestseller-jetzt-zu-sparpreisen\/\",\"url\":\"https:\/\/vapingnet.de\/vape\/waspe-15000-puffs-strawberry-kiwi-hol-dir-den-bestseller-jetzt-zu-sparpreisen\/\",\"name\":\"WASPE 15000 Puffs Strawberry Kiwi Hol Dir Den Bestseller Jetzt Zu Sparpreisen | Vapingnet.de\",\"isPartOf\":{\"@id\":\"https:\/\/vapingnet.de\/#website\"},\"primaryImageOfPage\":{\"@id\":\"https:\/\/vapingnet.de\/vape\/waspe-15000-puffs-strawberry-kiwi-hol-dir-den-bestseller-jetzt-zu-sparpreisen\/#primaryimage\"},\"image\":{\"@id\":\"https:\/\/vapingnet.de\/vape\/waspe-15000-puffs-strawberry-kiwi-hol-dir-den-bestseller-jetzt-zu-sparpreisen\/#primaryimage\"},\"thumbnailUrl\":\"https:\/\/vapingnet.de\/wp-content\/uploads\/2025\/05\/Strawberry-Kiwi.webp\",\"datePublished\":\"2025-05-05T02:36:07+00:00\",\"dateModified\":\"2026-04-15T08:18:47+00:00\",\"description\":\"Entdecke WASPE 15000 Puffs Strawberry Kiwi Hol Dir Den Bestseller Jetzt Zu Sparpreisen bei vapingnet.de, \u25ba Gro\u00dfe Auswahl an Geschmacksrichtungen & super g\u00fcnstig!\",\"breadcrumb\":{\"@id\":\"https:\/\/vapingnet.de\/vape\/waspe-15000-puffs-strawberry-kiwi-hol-dir-den-bestseller-jetzt-zu-sparpreisen\/#breadcrumb\"},\"inLanguage\":\"pl-PL\",\"potentialAction\":[{\"@type\":\"ReadAction\",\"target\":[\"https:\/\/vapingnet.de\/vape\/waspe-15000-puffs-strawberry-kiwi-hol-dir-den-bestseller-jetzt-zu-sparpreisen\/\"]}]},{\"@type\":\"ImageObject\",\"inLanguage\":\"pl-PL\",\"@id\":\"https:\/\/vapingnet.de\/vape\/waspe-15000-puffs-strawberry-kiwi-hol-dir-den-bestseller-jetzt-zu-sparpreisen\/#primaryimage\",\"url\":\"https:\/\/vapingnet.de\/wp-content\/uploads\/2025\/05\/Strawberry-Kiwi.webp\",\"contentUrl\":\"https:\/\/vapingnet.de\/wp-content\/uploads\/2025\/05\/Strawberry-Kiwi.webp\",\"width\":1000,\"height\":1000},{\"@type\":\"BreadcrumbList\",\"@id\":\"https:\/\/vapingnet.de\/vape\/waspe-15000-puffs-strawberry-kiwi-hol-dir-den-bestseller-jetzt-zu-sparpreisen\/#breadcrumb\",\"itemListElement\":[{\"@type\":\"ListItem\",\"position\":1,\"name\":\"Home\",\"item\":\"https:\/\/vapingnet.de\/\"},{\"@type\":\"ListItem\",\"position\":2,\"name\":\"Shop\",\"item\":\"https:\/\/vapingnet.de\/vape\/\"},{\"@type\":\"ListItem\",\"position\":3,\"name\":\"WASPE 15000 Puffs Strawberry Kiwi Hol Dir Den Bestseller Jetzt Zu Sparpreisen\"}]},{\"@type\":\"WebSite\",\"@id\":\"https:\/\/vapingnet.de\/#website\",\"url\":\"https:\/\/vapingnet.de\/\",\"name\":\"Vapingnet.de\",\"description\":\"\",\"publisher\":{\"@id\":\"https:\/\/vapingnet.de\/#organization\"},\"potentialAction\":[{\"@type\":\"SearchAction\",\"target\":{\"@type\":\"EntryPoint\",\"urlTemplate\":\"https:\/\/vapingnet.de\/?s={search_term_string}\"},\"query-input\":{\"@type\":\"PropertyValueSpecification\",\"valueRequired\":true,\"valueName\":\"search_term_string\"}}],\"inLanguage\":\"pl-PL\"},{\"@type\":\"Organization\",\"@id\":\"https:\/\/vapingnet.de\/#organization\",\"name\":\"Vapingnet.de\",\"url\":\"https:\/\/vapingnet.de\/\",\"logo\":{\"@type\":\"ImageObject\",\"inLanguage\":\"pl-PL\",\"@id\":\"https:\/\/vapingnet.de\/#\/schema\/logo\/image\/\",\"url\":\"https:\/\/vapingnet.de\/wp-content\/uploads\/2025\/03\/cropped-vapingnet.de_.jpg\",\"contentUrl\":\"https:\/\/vapingnet.de\/wp-content\/uploads\/2025\/03\/cropped-vapingnet.de_.jpg\",\"width\":512,\"height\":512,\"caption\":\"Vapingnet.de\"},\"image\":{\"@id\":\"https:\/\/vapingnet.de\/#\/schema\/logo\/image\/\"},\"sameAs\":[\"https:\/\/www.facebook.com\/vapingnetde\/\"]}]}<\/script>\n<!-- \/ Yoast SEO plugin. -->","yoast_head_json":{"title":"WASPE 15000 Puffs Strawberry Kiwi Hol Dir Den Bestseller Jetzt Zu Sparpreisen | Vapingnet.de","description":"Entdecke WASPE 15000 Puffs Strawberry Kiwi Hol Dir Den Bestseller Jetzt Zu Sparpreisen bei vapingnet.de, \u25ba Gro\u00dfe Auswahl an Geschmacksrichtungen & super g\u00fcnstig!","robots":{"index":"index","follow":"follow","max-snippet":"max-snippet:-1","max-image-preview":"max-image-preview:large","max-video-preview":"max-video-preview:-1"},"canonical":"https:\/\/vapingnet.de\/pl\/vape\/waspe-15000-puffs-strawberry-kiwi-hol-dir-den-bestseller-jetzt-zu-sparpreisen\/","og_locale":"pl_PL","og_type":"article","og_title":"WASPE 15000 Puffs Strawberry Kiwi Hol Dir Den Bestseller Jetzt Zu Sparpreisen | Vapingnet.de","og_description":"Entdecke WASPE 15000 Puffs Strawberry Kiwi Hol Dir Den Bestseller Jetzt Zu Sparpreisen bei vapingnet.de, \u25ba Gro\u00dfe Auswahl an Geschmacksrichtungen & super g\u00fcnstig!","og_url":"https:\/\/vapingnet.de\/pl\/vape\/waspe-15000-puffs-strawberry-kiwi-hol-dir-den-bestseller-jetzt-zu-sparpreisen\/","og_site_name":"Vapingnet.de","article_publisher":"https:\/\/www.facebook.com\/vapingnetde\/","article_modified_time":"2026-04-15T08:18:47+00:00","og_image":[{"width":1000,"height":1000,"url":"https:\/\/vapingnet.de\/wp-content\/uploads\/2025\/05\/Strawberry-Kiwi.webp","type":"image\/webp"}],"twitter_card":"summary_large_image","twitter_misc":{"Est. reading time":"4 minutes"},"schema":{"@context":"https:\/\/schema.org","@graph":[{"@type":"WebPage","@id":"https:\/\/vapingnet.de\/vape\/waspe-15000-puffs-strawberry-kiwi-hol-dir-den-bestseller-jetzt-zu-sparpreisen\/","url":"https:\/\/vapingnet.de\/vape\/waspe-15000-puffs-strawberry-kiwi-hol-dir-den-bestseller-jetzt-zu-sparpreisen\/","name":"WASPE 15000 Puffs Strawberry Kiwi Hol Dir Den Bestseller Jetzt Zu Sparpreisen | Vapingnet.de","isPartOf":{"@id":"https:\/\/vapingnet.de\/#website"},"primaryImageOfPage":{"@id":"https:\/\/vapingnet.de\/vape\/waspe-15000-puffs-strawberry-kiwi-hol-dir-den-bestseller-jetzt-zu-sparpreisen\/#primaryimage"},"image":{"@id":"https:\/\/vapingnet.de\/vape\/waspe-15000-puffs-strawberry-kiwi-hol-dir-den-bestseller-jetzt-zu-sparpreisen\/#primaryimage"},"thumbnailUrl":"https:\/\/vapingnet.de\/wp-content\/uploads\/2025\/05\/Strawberry-Kiwi.webp","datePublished":"2025-05-05T02:36:07+00:00","dateModified":"2026-04-15T08:18:47+00:00","description":"Entdecke WASPE 15000 Puffs Strawberry Kiwi Hol Dir Den Bestseller Jetzt Zu Sparpreisen bei vapingnet.de, \u25ba Gro\u00dfe Auswahl an Geschmacksrichtungen & super g\u00fcnstig!","breadcrumb":{"@id":"https:\/\/vapingnet.de\/vape\/waspe-15000-puffs-strawberry-kiwi-hol-dir-den-bestseller-jetzt-zu-sparpreisen\/#breadcrumb"},"inLanguage":"pl-PL","potentialAction":[{"@type":"ReadAction","target":["https:\/\/vapingnet.de\/vape\/waspe-15000-puffs-strawberry-kiwi-hol-dir-den-bestseller-jetzt-zu-sparpreisen\/"]}]},{"@type":"ImageObject","inLanguage":"pl-PL","@id":"https:\/\/vapingnet.de\/vape\/waspe-15000-puffs-strawberry-kiwi-hol-dir-den-bestseller-jetzt-zu-sparpreisen\/#primaryimage","url":"https:\/\/vapingnet.de\/wp-content\/uploads\/2025\/05\/Strawberry-Kiwi.webp","contentUrl":"https:\/\/vapingnet.de\/wp-content\/uploads\/2025\/05\/Strawberry-Kiwi.webp","width":1000,"height":1000},{"@type":"BreadcrumbList","@id":"https:\/\/vapingnet.de\/vape\/waspe-15000-puffs-strawberry-kiwi-hol-dir-den-bestseller-jetzt-zu-sparpreisen\/#breadcrumb","itemListElement":[{"@type":"ListItem","position":1,"name":"Home","item":"https:\/\/vapingnet.de\/"},{"@type":"ListItem","position":2,"name":"Shop","item":"https:\/\/vapingnet.de\/vape\/"},{"@type":"ListItem","position":3,"name":"WASPE 15000 Puffs Strawberry Kiwi Hol Dir Den Bestseller Jetzt Zu Sparpreisen"}]},{"@type":"WebSite","@id":"https:\/\/vapingnet.de\/#website","url":"https:\/\/vapingnet.de\/","name":"Vapingnet.de","description":"","publisher":{"@id":"https:\/\/vapingnet.de\/#organization"},"potentialAction":[{"@type":"SearchAction","target":{"@type":"EntryPoint","urlTemplate":"https:\/\/vapingnet.de\/?s={search_term_string}"},"query-input":{"@type":"PropertyValueSpecification","valueRequired":true,"valueName":"search_term_string"}}],"inLanguage":"pl-PL"},{"@type":"Organization","@id":"https:\/\/vapingnet.de\/#organization","name":"Vapingnet.de","url":"https:\/\/vapingnet.de\/","logo":{"@type":"ImageObject","inLanguage":"pl-PL","@id":"https:\/\/vapingnet.de\/#\/schema\/logo\/image\/","url":"https:\/\/vapingnet.de\/wp-content\/uploads\/2025\/03\/cropped-vapingnet.de_.jpg","contentUrl":"https:\/\/vapingnet.de\/wp-content\/uploads\/2025\/03\/cropped-vapingnet.de_.jpg","width":512,"height":512,"caption":"Vapingnet.de"},"image":{"@id":"https:\/\/vapingnet.de\/#\/schema\/logo\/image\/"},"sameAs":["https:\/\/www.facebook.com\/vapingnetde\/"]}]}},"tiered_pricing_type":"fixed","tiered_pricing_fixed_rules":[],"tiered_pricing_product_settings":{"layout":"default","base_unit_name":{"singular":null,"plural":null},"default_variation":null},"tiered_pricing_minimum_quantity":null,"tiered_pricing_roles_data":[],"tiered_pricing_percentage_rules":[],"_links":{"self":[{"href":"https:\/\/vapingnet.de\/pl\/wp-json\/wp\/v2\/product\/6728","targetHints":{"allow":["GET"]}}],"collection":[{"href":"https:\/\/vapingnet.de\/pl\/wp-json\/wp\/v2\/product"}],"about":[{"href":"https:\/\/vapingnet.de\/pl\/wp-json\/wp\/v2\/types\/product"}],"version-history":[{"count":2,"href":"https:\/\/vapingnet.de\/pl\/wp-json\/wp\/v2\/product\/6728\/revisions"}],"predecessor-version":[{"id":6750,"href":"https:\/\/vapingnet.de\/pl\/wp-json\/wp\/v2\/product\/6728\/revisions\/6750"}],"wp:featuredmedia":[{"embeddable":true,"href":"https:\/\/vapingnet.de\/pl\/wp-json\/wp\/v2\/media\/6739"}],"wp:attachment":[{"href":"https:\/\/vapingnet.de\/pl\/wp-json\/wp\/v2\/media?parent=6728"}],"wp:term":[{"taxonomy":"brand","embeddable":true,"href":"https:\/\/vapingnet.de\/pl\/wp-json\/wp\/v2\/etheme_brands?post=6728"},{"taxonomy":"product_brand","embeddable":true,"href":"https:\/\/vapingnet.de\/pl\/wp-json\/wp\/v2\/product_brand?post=6728"},{"taxonomy":"product_cat","embeddable":true,"href":"https:\/\/vapingnet.de\/pl\/wp-json\/wp\/v2\/product_cat?post=6728"},{"taxonomy":"product_tag","embeddable":true,"href":"https:\/\/vapingnet.de\/pl\/wp-json\/wp\/v2\/product_tag?post=6728"}],"curies":[{"name":"wp","href":"https:\/\/api.w.org\/{rel}","templated":true}]}}