{"id":6729,"date":"2025-05-05T02:36:08","date_gmt":"2025-05-05T02:36:08","guid":{"rendered":"https:\/\/vapingnet.de\/?post_type=product&#038;p=6729"},"modified":"2025-06-19T03:45:05","modified_gmt":"2025-06-19T03:45:05","slug":"sichere-dir-dein-exklusives-angebot-waspe-15000-puffs-cherry-lce-jetzt-bestellen","status":"publish","type":"product","link":"https:\/\/vapingnet.de\/pl\/vape\/sichere-dir-dein-exklusives-angebot-waspe-15000-puffs-cherry-lce-jetzt-bestellen\/","title":{"rendered":"Zdob\u0105d\u017a swoj\u0105 ekskluzywn\u0105 ofert\u0119 WASPE 15000 Puffs Cherry Ice, zam\u00f3w ju\u017c teraz"},"content":{"rendered":"<h2 data-start=\"0\" data-end=\"74\" data-immersive-translate-walked=\"0c9587e3-e3f3-4bff-9ca5-b9415f1b705f\">WASPE 15000 Puffs: Rewolucja w \u015bwiecie jednorazowych e-papieros\u00f3w<\/h2>\n<p class=\"\" data-start=\"76\" data-end=\"443\" data-immersive-translate-walked=\"0c9587e3-e3f3-4bff-9ca5-b9415f1b705f\" data-immersive-translate-paragraph=\"1\">WASPE 15000 Puffs oferuje wszystko, czego oczekuj\u0105 nowocze\u015bni palacze e-papieros\u00f3w: niezwykle du\u017c\u0105 pojemno\u015b\u0107, r\u00f3\u017cnorodne st\u0119\u017cenia nikotyny, innowacyjny design i przyjazn\u0105 obs\u0142ug\u0119. Dla wszystkich, kt\u00f3rzy szukaj\u0105 praktycznego, wydajnego i intensywnego smakowo do\u015bwiadczenia, ten model jest idealnym wyborem.<\/p>\n<h3 class=\"\" data-start=\"445\" data-end=\"487\" data-immersive-translate-walked=\"0c9587e3-e3f3-4bff-9ca5-b9415f1b705f\">G\u0142\u00f3wne cechy WASPE 15000 Puffs<\/h3>\n<ul data-start=\"489\" data-end=\"1113\" data-immersive-translate-walked=\"0c9587e3-e3f3-4bff-9ca5-b9415f1b705f\">\n<li class=\"\" data-start=\"489\" data-end=\"581\" data-immersive-translate-walked=\"0c9587e3-e3f3-4bff-9ca5-b9415f1b705f\">\n<p class=\"\" data-start=\"491\" data-end=\"581\" data-immersive-translate-walked=\"0c9587e3-e3f3-4bff-9ca5-b9415f1b705f\" data-immersive-translate-paragraph=\"1\">Pojemno\u015b\u0107 na zaci\u0105gni\u0119cia: 15 000 poci\u0105gni\u0119\u0107, dla nieprzerwanego korzystania przez d\u0142u\u017cszy czas.<\/p>\n<\/li>\n<li class=\"\" data-start=\"582\" data-end=\"665\" data-immersive-translate-walked=\"0c9587e3-e3f3-4bff-9ca5-b9415f1b705f\">\n<p class=\"\" data-start=\"584\" data-end=\"665\" data-immersive-translate-walked=\"0c9587e3-e3f3-4bff-9ca5-b9415f1b705f\" data-immersive-translate-paragraph=\"1\">Pojemno\u015b\u0107 liquidu: 22 ml, zapewniaj\u0105ca d\u0142ugotrwa\u0142e vapowanie bez konieczno\u015bci cz\u0119stego uzupe\u0142niania.<\/p>\n<\/li>\n<li class=\"\" data-start=\"666\" data-end=\"760\" data-immersive-translate-walked=\"0c9587e3-e3f3-4bff-9ca5-b9415f1b705f\">\n<p class=\"\" data-start=\"668\" data-end=\"760\" data-immersive-translate-walked=\"0c9587e3-e3f3-4bff-9ca5-b9415f1b705f\" data-immersive-translate-paragraph=\"1\">Wy\u015bwietlacz LCD: Dostarcza aktualnych informacji, takich jak poziom liquidu i stan na\u0142adowania baterii.<\/p>\n<\/li>\n<li class=\"\" data-start=\"761\" data-end=\"845\" data-immersive-translate-walked=\"0c9587e3-e3f3-4bff-9ca5-b9415f1b705f\">\n<p class=\"\" data-start=\"763\" data-end=\"845\" data-immersive-translate-walked=\"0c9587e3-e3f3-4bff-9ca5-b9415f1b705f\" data-immersive-translate-paragraph=\"1\">St\u0119\u017cenia nikotyny: 0%, 2%, 3%, 5%, dla indywidualnie dostosowanego do\u015bwiadczenia vapowania.<\/p>\n<\/li>\n<li class=\"\" data-start=\"846\" data-end=\"915\" data-immersive-translate-walked=\"0c9587e3-e3f3-4bff-9ca5-b9415f1b705f\">\n<p class=\"\" data-start=\"848\" data-end=\"915\" data-immersive-translate-walked=\"0c9587e3-e3f3-4bff-9ca5-b9415f1b705f\" data-immersive-translate-paragraph=\"1\">Mesh-Coil: 0,8\u03a9 dla intensywniejszego dymu i smakowitych zaci\u0105gni\u0119\u0107.<\/p>\n<\/li>\n<li class=\"\" data-start=\"916\" data-end=\"1035\" data-immersive-translate-walked=\"0c9587e3-e3f3-4bff-9ca5-b9415f1b705f\">\n<p class=\"\" data-start=\"918\" data-end=\"1035\" data-immersive-translate-walked=\"0c9587e3-e3f3-4bff-9ca5-b9415f1b705f\" data-immersive-translate-paragraph=\"1\">Akumulator wielokrotnego \u0142adowania: 850mAh, zapewniaj\u0105cy d\u0142ugotrwa\u0142e u\u017cytkowanie i szybkie \u0142adowanie przez port Type-C.<\/p>\n<\/li>\n<li class=\"\" data-start=\"1036\" data-end=\"1113\" data-immersive-translate-walked=\"0c9587e3-e3f3-4bff-9ca5-b9415f1b705f\">\n<p class=\"\" data-start=\"1038\" data-end=\"1113\" data-immersive-translate-walked=\"0c9587e3-e3f3-4bff-9ca5-b9415f1b705f\" data-immersive-translate-paragraph=\"1\">Waga: 90g na urz\u0105dzenie, lekkie i por\u0119czne do codziennego u\u017cytku.<\/p>\n<\/li>\n<\/ul>\n<h4 data-start=\"1115\" data-end=\"1170\" data-immersive-translate-walked=\"0c9587e3-e3f3-4bff-9ca5-b9415f1b705f\">Wysoka pojemno\u015b\u0107 dla d\u0142ugotrwa\u0142ego do\u015bwiadczenia<\/h4>\n<p class=\"\" data-start=\"1172\" data-end=\"1513\" data-immersive-translate-walked=\"0c9587e3-e3f3-4bff-9ca5-b9415f1b705f\" data-immersive-translate-paragraph=\"1\">Z 15 000 zaci\u0105gni\u0119ciami, WASPE 15000 Puffs zapewnia imponuj\u0105c\u0105 trwa\u0142o\u015b\u0107 w por\u00f3wnaniu do tradycyjnych jednorazowych e-papieros\u00f3w. Du\u017ca pojemno\u015b\u0107 liquidu 22 ml sprawia, \u017ce nie musisz si\u0119 martwi\u0107 o cz\u0119ste uzupe\u0142nianie. Dla palaczy, kt\u00f3rzy pragn\u0105 d\u0142ugotrwa\u0142ego do\u015bwiadczenia, jest to nieoceniona zaleta.<\/p>\n<h4 data-start=\"1515\" data-end=\"1548\" data-immersive-translate-walked=\"0c9587e3-e3f3-4bff-9ca5-b9415f1b705f\">Dostosowywalne st\u0119\u017cenia nikotyny<\/h4>\n<p class=\"\" data-start=\"1550\" data-end=\"1802\" data-immersive-translate-walked=\"0c9587e3-e3f3-4bff-9ca5-b9415f1b705f\" data-immersive-translate-paragraph=\"1\">Niezale\u017cnie od tego, czy preferujesz \u0142agodne vapowanie, czy silniejsze wch\u0142anianie nikotyny \u2013 WASPE 15000 Puffs oferuje r\u00f3\u017cne st\u0119\u017cenia nikotyny: 0%, 2%, 3% i 5%. Ta elastyczno\u015b\u0107 zapewnia, \u017ce ka\u017cdy palacz znajdzie odpowiednie dla siebie do\u015bwiadczenie.<\/p>\n<h4 data-start=\"1804\" data-end=\"1847\" data-immersive-translate-walked=\"0c9587e3-e3f3-4bff-9ca5-b9415f1b705f\">Wy\u015bwietlacz LCD: informacje w czasie rzeczywistym<\/h4>\n<p class=\"\" data-start=\"1849\" data-end=\"2126\" data-immersive-translate-walked=\"0c9587e3-e3f3-4bff-9ca5-b9415f1b705f\" data-immersive-translate-paragraph=\"1\">Wy\u015bwietlacz LCD zapewnia, \u017ce zawsze jeste\u015b na bie\u017c\u0105co. Pokazuje nie tylko poziom liquidu, ale tak\u017ce stan na\u0142adowania baterii. Dzi\u0119ki temu mo\u017cesz korzysta\u0107 z e-papierosa efektywnie i zawsze wiedzie\u0107, kiedy na\u0142adowa\u0107 go ponownie lub do\u0142adowa\u0107 bateri\u0119.<\/p>\n<h4 data-start=\"2128\" data-end=\"2171\" data-immersive-translate-walked=\"0c9587e3-e3f3-4bff-9ca5-b9415f1b705f\">Szybkie \u0142adowanie dzi\u0119ki portowi Type-C<\/h4>\n<p class=\"\" data-start=\"2173\" data-end=\"2406\" data-immersive-translate-walked=\"0c9587e3-e3f3-4bff-9ca5-b9415f1b705f\" data-immersive-translate-paragraph=\"1\">WASPE 15000 Puffs jest wyposa\u017cony w akumulator wielokrotnego \u0142adowania 850mAh, zapewniaj\u0105cy d\u0142ugotrwa\u0142e u\u017cytkowanie. Port Type-C umo\u017cliwia szybkie \u0142adowanie, dzi\u0119ki czemu nie musisz czeka\u0107 d\u0142ugo.<\/p>\n<h4 data-start=\"2408\" data-end=\"2452\" data-immersive-translate-walked=\"0c9587e3-e3f3-4bff-9ca5-b9415f1b705f\">Mesh-Coil dla intensywniejszego smaku<\/h4>\n<p class=\"\" data-start=\"2454\" data-end=\"2700\" data-immersive-translate-walked=\"0c9587e3-e3f3-4bff-9ca5-b9415f1b705f\" data-immersive-translate-paragraph=\"1\">Dzi\u0119ki technologii Mesh-Coil 0,8\u03a9, smak jest intensyfikowany przy ka\u017cdym zaci\u0105gni\u0119ciu. Ta zaawansowana technologia grza\u0142ki zapewnia r\u00f3wnomierne rozprowadzanie dymu, co skutkuje sta\u0142ym, intensywnym i wyra\u017anym smakiem.<\/p>\n<h4 data-start=\"2702\" data-end=\"2746\" data-immersive-translate-walked=\"0c9587e3-e3f3-4bff-9ca5-b9415f1b705f\">Owocowe i orze\u017awiaj\u0105ce: Cherry Ice<\/h4>\n<p class=\"\" data-start=\"2748\" data-end=\"2941\" data-immersive-translate-walked=\"0c9587e3-e3f3-4bff-9ca5-b9415f1b705f\" data-immersive-translate-paragraph=\"1\">Smak \u201eCherry Ice\u201d \u0142\u0105czy s\u0142odkie, owocowe aromaty wi\u015bni z ch\u0142odnym orze\u017awieniem. Zapewnia to od\u015bwie\u017caj\u0105ce do\u015bwiadczenie vapowania, kt\u00f3re sprawia, \u017ce ka\u017cdy zaci\u0105g jest przyjemny i pobudzaj\u0105cy.<\/p>\n<h4 data-start=\"2943\" data-end=\"2985\" data-immersive-translate-walked=\"0c9587e3-e3f3-4bff-9ca5-b9415f1b705f\">Praktyczna i bezc\u0142owa dostawa<\/h4>\n<p class=\"\" data-start=\"2987\" data-end=\"3211\" data-immersive-translate-walked=\"0c9587e3-e3f3-4bff-9ca5-b9415f1b705f\" data-immersive-translate-paragraph=\"1\">Z WASPE 15000 Puffs otrzymujesz wysokiej jako\u015bci produkt, kt\u00f3ry mo\u017cesz zam\u00f3wi\u0107 bez dodatkowych op\u0142at celnych bezpo\u015brednio na vapingnet.de. Szybka wysy\u0142ka zapewnia, \u017ce otrzymasz swojego e-papierosa w kr\u00f3tkim czasie.<\/p>\n<h3>Kluczowe zalety w skr\u00f3cie<\/h3>\n<ul data-start=\"3256\" data-end=\"3733\" data-immersive-translate-walked=\"0c9587e3-e3f3-4bff-9ca5-b9415f1b705f\">\n<li class=\"\" data-start=\"3256\" data-end=\"3345\" data-immersive-translate-walked=\"0c9587e3-e3f3-4bff-9ca5-b9415f1b705f\">\n<p class=\"\" data-start=\"3258\" data-end=\"3345\" data-immersive-translate-walked=\"0c9587e3-e3f3-4bff-9ca5-b9415f1b705f\" data-immersive-translate-paragraph=\"1\">D\u0142uga \u017cywotno\u015b\u0107: 15 000 zaci\u0105gni\u0119\u0107 i 22 ml pojemno\u015bci liquidu dla d\u0142ugotrwa\u0142ej przyjemno\u015bci.<\/p>\n<\/li>\n<li class=\"\" data-start=\"3346\" data-end=\"3431\" data-immersive-translate-walked=\"0c9587e3-e3f3-4bff-9ca5-b9415f1b705f\">\n<p class=\"\" data-start=\"3348\" data-end=\"3431\" data-immersive-translate-walked=\"0c9587e3-e3f3-4bff-9ca5-b9415f1b705f\" data-immersive-translate-paragraph=\"1\">Informacje w czasie rzeczywistym: Wy\u015bwietlacz LCD pokazuje poziom liquidu i stan baterii.<\/p>\n<\/li>\n<li class=\"\" data-start=\"3432\" data-end=\"3519\" data-immersive-translate-walked=\"0c9587e3-e3f3-4bff-9ca5-b9415f1b705f\">\n<p class=\"\" data-start=\"3434\" data-end=\"3519\" data-immersive-translate-walked=\"0c9587e3-e3f3-4bff-9ca5-b9415f1b705f\" data-immersive-translate-paragraph=\"1\">R\u00f3\u017cne poziomy nikotyny: 0%, 2%, 3%, 5% dla indywidualnych dozna\u0144.<\/p>\n<\/li>\n<li class=\"\" data-start=\"3520\" data-end=\"3589\" data-immersive-translate-walked=\"0c9587e3-e3f3-4bff-9ca5-b9415f1b705f\">\n<p class=\"\" data-start=\"3522\" data-end=\"3589\" data-immersive-translate-walked=\"0c9587e3-e3f3-4bff-9ca5-b9415f1b705f\" data-immersive-translate-paragraph=\"1\">Technologia Mesh-Coil: Zapewnia intensywniejszy dym i smak.<\/p>\n<\/li>\n<li class=\"\" data-start=\"3590\" data-end=\"3656\" data-immersive-translate-walked=\"0c9587e3-e3f3-4bff-9ca5-b9415f1b705f\">\n<p class=\"\" data-start=\"3592\" data-end=\"3656\" data-immersive-translate-walked=\"0c9587e3-e3f3-4bff-9ca5-b9415f1b705f\" data-immersive-translate-paragraph=\"1\">Szybkie \u0142adowanie: Z\u0142\u0105cze Type-C do szybkiego \u0142adowania.<\/p>\n<\/li>\n<li class=\"\" data-start=\"3657\" data-end=\"3733\" data-immersive-translate-walked=\"0c9587e3-e3f3-4bff-9ca5-b9415f1b705f\">\n<p class=\"\" data-start=\"3659\" data-end=\"3733\" data-immersive-translate-walked=\"0c9587e3-e3f3-4bff-9ca5-b9415f1b705f\" data-immersive-translate-paragraph=\"1\">Bezc\u0142owa dostawa: Prosta i szybka wysy\u0142ka na vapingnet.de.<\/p>\n<\/li>\n<\/ul>\n<p class=\"\" data-start=\"3735\" data-end=\"3983\" data-immersive-translate-walked=\"0c9587e3-e3f3-4bff-9ca5-b9415f1b705f\" data-immersive-translate-paragraph=\"1\">WASPE 15000 Puffs to idealny wyb\u00f3r dla vapist\u00f3w poszukuj\u0105cych trwa\u0142ego, wydajnego i intensywnie smakowego e-papierosa. Zam\u00f3w ju\u017c teraz na vapingnet.de i do\u015bwiadcz vapowania na nowym poziomie.<\/p>","protected":false},"excerpt":{"rendered":"<p>WASPE 15000 Puffs: Eine Revolution in der Welt der Einweg-E-Zigaretten Die WASPE 15000 Puffs bietet alles, was moderne Dampfer von einer E-Zigarette erwarten: eine au\u00dfergew\u00f6hnlich&#8230;<\/p>","protected":false},"featured_media":6734,"template":"","meta":[],"etheme_brands":[],"product_brand":[98],"product_cat":[53,49,61],"product_tag":[],"class_list":{"0":"post-6729","1":"product","2":"type-product","3":"status-publish","4":"has-post-thumbnail","6":"product_brand-waspe-vape","7":"product_cat-vape-15000-zuege","8":"product_cat-einweg-e-zigarette","9":"product_cat-f","11":"first","12":"instock","13":"shipping-taxable","14":"purchasable","15":"product-type-simple"},"yoast_head":"<!-- This site is optimized with the Yoast SEO plugin v26.5 - https:\/\/yoast.com\/wordpress\/plugins\/seo\/ -->\n<title>Sichere Dir Dein Exklusives Angebot WASPE 15000 Puffs Cherry lce Jetzt Bestellen | Vapingnet.de<\/title>\n<meta name=\"description\" content=\"Entdecke Sichere Dir Dein Exklusives Angebot WASPE 15000 Puffs Cherry lce Jetzt Bestellen bei vapingnet.de, \u25ba Gro\u00dfe Auswahl an Geschmacksrichtungen &amp; super g\u00fcnstig!\" \/>\n<meta name=\"robots\" content=\"index, follow, max-snippet:-1, max-image-preview:large, max-video-preview:-1\" \/>\n<link rel=\"canonical\" href=\"https:\/\/vapingnet.de\/pl\/vape\/sichere-dir-dein-exklusives-angebot-waspe-15000-puffs-cherry-lce-jetzt-bestellen\/\" \/>\n<meta property=\"og:locale\" content=\"pl_PL\" \/>\n<meta property=\"og:type\" content=\"article\" \/>\n<meta property=\"og:title\" content=\"Sichere Dir Dein Exklusives Angebot WASPE 15000 Puffs Cherry lce Jetzt Bestellen | Vapingnet.de\" \/>\n<meta property=\"og:description\" content=\"Entdecke Sichere Dir Dein Exklusives Angebot WASPE 15000 Puffs Cherry lce Jetzt Bestellen bei vapingnet.de, \u25ba Gro\u00dfe Auswahl an Geschmacksrichtungen &amp; super g\u00fcnstig!\" \/>\n<meta property=\"og:url\" content=\"https:\/\/vapingnet.de\/pl\/vape\/sichere-dir-dein-exklusives-angebot-waspe-15000-puffs-cherry-lce-jetzt-bestellen\/\" \/>\n<meta property=\"og:site_name\" content=\"Vapingnet.de\" \/>\n<meta property=\"article:publisher\" content=\"https:\/\/www.facebook.com\/vapingnetde\/\" \/>\n<meta property=\"article:modified_time\" content=\"2025-06-19T03:45:05+00:00\" \/>\n<meta property=\"og:image\" content=\"https:\/\/vapingnet.de\/wp-content\/uploads\/2025\/05\/Cherry-lce.webp\" \/>\n\t<meta property=\"og:image:width\" content=\"1000\" \/>\n\t<meta property=\"og:image:height\" content=\"1000\" \/>\n\t<meta property=\"og:image:type\" content=\"image\/webp\" \/>\n<meta name=\"twitter:card\" content=\"summary_large_image\" \/>\n<meta name=\"twitter:label1\" content=\"Est. reading time\" \/>\n\t<meta name=\"twitter:data1\" content=\"3 minutes\" \/>\n<script type=\"application\/ld+json\" class=\"yoast-schema-graph\">{\"@context\":\"https:\/\/schema.org\",\"@graph\":[{\"@type\":\"WebPage\",\"@id\":\"https:\/\/vapingnet.de\/vape\/sichere-dir-dein-exklusives-angebot-waspe-15000-puffs-cherry-lce-jetzt-bestellen\/\",\"url\":\"https:\/\/vapingnet.de\/vape\/sichere-dir-dein-exklusives-angebot-waspe-15000-puffs-cherry-lce-jetzt-bestellen\/\",\"name\":\"Sichere Dir Dein Exklusives Angebot WASPE 15000 Puffs Cherry lce Jetzt Bestellen | Vapingnet.de\",\"isPartOf\":{\"@id\":\"https:\/\/vapingnet.de\/#website\"},\"primaryImageOfPage\":{\"@id\":\"https:\/\/vapingnet.de\/vape\/sichere-dir-dein-exklusives-angebot-waspe-15000-puffs-cherry-lce-jetzt-bestellen\/#primaryimage\"},\"image\":{\"@id\":\"https:\/\/vapingnet.de\/vape\/sichere-dir-dein-exklusives-angebot-waspe-15000-puffs-cherry-lce-jetzt-bestellen\/#primaryimage\"},\"thumbnailUrl\":\"https:\/\/vapingnet.de\/wp-content\/uploads\/2025\/05\/Cherry-lce.webp\",\"datePublished\":\"2025-05-05T02:36:08+00:00\",\"dateModified\":\"2025-06-19T03:45:05+00:00\",\"description\":\"Entdecke Sichere Dir Dein Exklusives Angebot WASPE 15000 Puffs Cherry lce Jetzt Bestellen bei vapingnet.de, \u25ba Gro\u00dfe Auswahl an Geschmacksrichtungen & super g\u00fcnstig!\",\"breadcrumb\":{\"@id\":\"https:\/\/vapingnet.de\/vape\/sichere-dir-dein-exklusives-angebot-waspe-15000-puffs-cherry-lce-jetzt-bestellen\/#breadcrumb\"},\"inLanguage\":\"pl-PL\",\"potentialAction\":[{\"@type\":\"ReadAction\",\"target\":[\"https:\/\/vapingnet.de\/vape\/sichere-dir-dein-exklusives-angebot-waspe-15000-puffs-cherry-lce-jetzt-bestellen\/\"]}]},{\"@type\":\"ImageObject\",\"inLanguage\":\"pl-PL\",\"@id\":\"https:\/\/vapingnet.de\/vape\/sichere-dir-dein-exklusives-angebot-waspe-15000-puffs-cherry-lce-jetzt-bestellen\/#primaryimage\",\"url\":\"https:\/\/vapingnet.de\/wp-content\/uploads\/2025\/05\/Cherry-lce.webp\",\"contentUrl\":\"https:\/\/vapingnet.de\/wp-content\/uploads\/2025\/05\/Cherry-lce.webp\",\"width\":1000,\"height\":1000},{\"@type\":\"BreadcrumbList\",\"@id\":\"https:\/\/vapingnet.de\/vape\/sichere-dir-dein-exklusives-angebot-waspe-15000-puffs-cherry-lce-jetzt-bestellen\/#breadcrumb\",\"itemListElement\":[{\"@type\":\"ListItem\",\"position\":1,\"name\":\"Home\",\"item\":\"https:\/\/vapingnet.de\/\"},{\"@type\":\"ListItem\",\"position\":2,\"name\":\"Shop\",\"item\":\"https:\/\/vapingnet.de\/vape\/\"},{\"@type\":\"ListItem\",\"position\":3,\"name\":\"Sichere Dir Dein Exklusives Angebot WASPE 15000 Puffs Cherry lce Jetzt Bestellen\"}]},{\"@type\":\"WebSite\",\"@id\":\"https:\/\/vapingnet.de\/#website\",\"url\":\"https:\/\/vapingnet.de\/\",\"name\":\"Vapingnet.de\",\"description\":\"\",\"publisher\":{\"@id\":\"https:\/\/vapingnet.de\/#organization\"},\"potentialAction\":[{\"@type\":\"SearchAction\",\"target\":{\"@type\":\"EntryPoint\",\"urlTemplate\":\"https:\/\/vapingnet.de\/?s={search_term_string}\"},\"query-input\":{\"@type\":\"PropertyValueSpecification\",\"valueRequired\":true,\"valueName\":\"search_term_string\"}}],\"inLanguage\":\"pl-PL\"},{\"@type\":\"Organization\",\"@id\":\"https:\/\/vapingnet.de\/#organization\",\"name\":\"Vapingnet.de\",\"url\":\"https:\/\/vapingnet.de\/\",\"logo\":{\"@type\":\"ImageObject\",\"inLanguage\":\"pl-PL\",\"@id\":\"https:\/\/vapingnet.de\/#\/schema\/logo\/image\/\",\"url\":\"https:\/\/vapingnet.de\/wp-content\/uploads\/2025\/03\/cropped-vapingnet.de_.jpg\",\"contentUrl\":\"https:\/\/vapingnet.de\/wp-content\/uploads\/2025\/03\/cropped-vapingnet.de_.jpg\",\"width\":512,\"height\":512,\"caption\":\"Vapingnet.de\"},\"image\":{\"@id\":\"https:\/\/vapingnet.de\/#\/schema\/logo\/image\/\"},\"sameAs\":[\"https:\/\/www.facebook.com\/vapingnetde\/\"]}]}<\/script>\n<!-- \/ Yoast SEO plugin. -->","yoast_head_json":{"title":"Sichere Dir Dein Exklusives Angebot WASPE 15000 Puffs Cherry lce Jetzt Bestellen | Vapingnet.de","description":"Entdecke Sichere Dir Dein Exklusives Angebot WASPE 15000 Puffs Cherry lce Jetzt Bestellen bei vapingnet.de, \u25ba Gro\u00dfe Auswahl an Geschmacksrichtungen & super g\u00fcnstig!","robots":{"index":"index","follow":"follow","max-snippet":"max-snippet:-1","max-image-preview":"max-image-preview:large","max-video-preview":"max-video-preview:-1"},"canonical":"https:\/\/vapingnet.de\/pl\/vape\/sichere-dir-dein-exklusives-angebot-waspe-15000-puffs-cherry-lce-jetzt-bestellen\/","og_locale":"pl_PL","og_type":"article","og_title":"Sichere Dir Dein Exklusives Angebot WASPE 15000 Puffs Cherry lce Jetzt Bestellen | Vapingnet.de","og_description":"Entdecke Sichere Dir Dein Exklusives Angebot WASPE 15000 Puffs Cherry lce Jetzt Bestellen bei vapingnet.de, \u25ba Gro\u00dfe Auswahl an Geschmacksrichtungen & super g\u00fcnstig!","og_url":"https:\/\/vapingnet.de\/pl\/vape\/sichere-dir-dein-exklusives-angebot-waspe-15000-puffs-cherry-lce-jetzt-bestellen\/","og_site_name":"Vapingnet.de","article_publisher":"https:\/\/www.facebook.com\/vapingnetde\/","article_modified_time":"2025-06-19T03:45:05+00:00","og_image":[{"width":1000,"height":1000,"url":"https:\/\/vapingnet.de\/wp-content\/uploads\/2025\/05\/Cherry-lce.webp","type":"image\/webp"}],"twitter_card":"summary_large_image","twitter_misc":{"Est. reading time":"3 minutes"},"schema":{"@context":"https:\/\/schema.org","@graph":[{"@type":"WebPage","@id":"https:\/\/vapingnet.de\/vape\/sichere-dir-dein-exklusives-angebot-waspe-15000-puffs-cherry-lce-jetzt-bestellen\/","url":"https:\/\/vapingnet.de\/vape\/sichere-dir-dein-exklusives-angebot-waspe-15000-puffs-cherry-lce-jetzt-bestellen\/","name":"Sichere Dir Dein Exklusives Angebot WASPE 15000 Puffs Cherry lce Jetzt Bestellen | Vapingnet.de","isPartOf":{"@id":"https:\/\/vapingnet.de\/#website"},"primaryImageOfPage":{"@id":"https:\/\/vapingnet.de\/vape\/sichere-dir-dein-exklusives-angebot-waspe-15000-puffs-cherry-lce-jetzt-bestellen\/#primaryimage"},"image":{"@id":"https:\/\/vapingnet.de\/vape\/sichere-dir-dein-exklusives-angebot-waspe-15000-puffs-cherry-lce-jetzt-bestellen\/#primaryimage"},"thumbnailUrl":"https:\/\/vapingnet.de\/wp-content\/uploads\/2025\/05\/Cherry-lce.webp","datePublished":"2025-05-05T02:36:08+00:00","dateModified":"2025-06-19T03:45:05+00:00","description":"Entdecke Sichere Dir Dein Exklusives Angebot WASPE 15000 Puffs Cherry lce Jetzt Bestellen bei vapingnet.de, \u25ba Gro\u00dfe Auswahl an Geschmacksrichtungen & super g\u00fcnstig!","breadcrumb":{"@id":"https:\/\/vapingnet.de\/vape\/sichere-dir-dein-exklusives-angebot-waspe-15000-puffs-cherry-lce-jetzt-bestellen\/#breadcrumb"},"inLanguage":"pl-PL","potentialAction":[{"@type":"ReadAction","target":["https:\/\/vapingnet.de\/vape\/sichere-dir-dein-exklusives-angebot-waspe-15000-puffs-cherry-lce-jetzt-bestellen\/"]}]},{"@type":"ImageObject","inLanguage":"pl-PL","@id":"https:\/\/vapingnet.de\/vape\/sichere-dir-dein-exklusives-angebot-waspe-15000-puffs-cherry-lce-jetzt-bestellen\/#primaryimage","url":"https:\/\/vapingnet.de\/wp-content\/uploads\/2025\/05\/Cherry-lce.webp","contentUrl":"https:\/\/vapingnet.de\/wp-content\/uploads\/2025\/05\/Cherry-lce.webp","width":1000,"height":1000},{"@type":"BreadcrumbList","@id":"https:\/\/vapingnet.de\/vape\/sichere-dir-dein-exklusives-angebot-waspe-15000-puffs-cherry-lce-jetzt-bestellen\/#breadcrumb","itemListElement":[{"@type":"ListItem","position":1,"name":"Home","item":"https:\/\/vapingnet.de\/"},{"@type":"ListItem","position":2,"name":"Shop","item":"https:\/\/vapingnet.de\/vape\/"},{"@type":"ListItem","position":3,"name":"Sichere Dir Dein Exklusives Angebot WASPE 15000 Puffs Cherry lce Jetzt Bestellen"}]},{"@type":"WebSite","@id":"https:\/\/vapingnet.de\/#website","url":"https:\/\/vapingnet.de\/","name":"Vapingnet.de","description":"","publisher":{"@id":"https:\/\/vapingnet.de\/#organization"},"potentialAction":[{"@type":"SearchAction","target":{"@type":"EntryPoint","urlTemplate":"https:\/\/vapingnet.de\/?s={search_term_string}"},"query-input":{"@type":"PropertyValueSpecification","valueRequired":true,"valueName":"search_term_string"}}],"inLanguage":"pl-PL"},{"@type":"Organization","@id":"https:\/\/vapingnet.de\/#organization","name":"Vapingnet.de","url":"https:\/\/vapingnet.de\/","logo":{"@type":"ImageObject","inLanguage":"pl-PL","@id":"https:\/\/vapingnet.de\/#\/schema\/logo\/image\/","url":"https:\/\/vapingnet.de\/wp-content\/uploads\/2025\/03\/cropped-vapingnet.de_.jpg","contentUrl":"https:\/\/vapingnet.de\/wp-content\/uploads\/2025\/03\/cropped-vapingnet.de_.jpg","width":512,"height":512,"caption":"Vapingnet.de"},"image":{"@id":"https:\/\/vapingnet.de\/#\/schema\/logo\/image\/"},"sameAs":["https:\/\/www.facebook.com\/vapingnetde\/"]}]}},"tiered_pricing_type":"fixed","tiered_pricing_fixed_rules":{"10":"8.35","60":"7.52","110":"6.68","200":"5.85"},"tiered_pricing_product_settings":{"layout":"default","base_unit_name":{"singular":null,"plural":null},"default_variation":null},"tiered_pricing_minimum_quantity":null,"tiered_pricing_roles_data":[],"tiered_pricing_percentage_rules":[],"_links":{"self":[{"href":"https:\/\/vapingnet.de\/pl\/wp-json\/wp\/v2\/product\/6729","targetHints":{"allow":["GET"]}}],"collection":[{"href":"https:\/\/vapingnet.de\/pl\/wp-json\/wp\/v2\/product"}],"about":[{"href":"https:\/\/vapingnet.de\/pl\/wp-json\/wp\/v2\/types\/product"}],"version-history":[{"count":1,"href":"https:\/\/vapingnet.de\/pl\/wp-json\/wp\/v2\/product\/6729\/revisions"}],"predecessor-version":[{"id":6751,"href":"https:\/\/vapingnet.de\/pl\/wp-json\/wp\/v2\/product\/6729\/revisions\/6751"}],"wp:featuredmedia":[{"embeddable":true,"href":"https:\/\/vapingnet.de\/pl\/wp-json\/wp\/v2\/media\/6734"}],"wp:attachment":[{"href":"https:\/\/vapingnet.de\/pl\/wp-json\/wp\/v2\/media?parent=6729"}],"wp:term":[{"taxonomy":"brand","embeddable":true,"href":"https:\/\/vapingnet.de\/pl\/wp-json\/wp\/v2\/etheme_brands?post=6729"},{"taxonomy":"product_brand","embeddable":true,"href":"https:\/\/vapingnet.de\/pl\/wp-json\/wp\/v2\/product_brand?post=6729"},{"taxonomy":"product_cat","embeddable":true,"href":"https:\/\/vapingnet.de\/pl\/wp-json\/wp\/v2\/product_cat?post=6729"},{"taxonomy":"product_tag","embeddable":true,"href":"https:\/\/vapingnet.de\/pl\/wp-json\/wp\/v2\/product_tag?post=6729"}],"curies":[{"name":"wp","href":"https:\/\/api.w.org\/{rel}","templated":true}]}}