{"id":6730,"date":"2025-05-05T02:36:10","date_gmt":"2025-05-05T02:36:10","guid":{"rendered":"https:\/\/vapingnet.de\/?post_type=product&#038;p=6730"},"modified":"2026-04-15T07:44:23","modified_gmt":"2026-04-15T07:44:23","slug":"waspe-15000-puffs-aloe-grape-der-geschmack-der-dich-ueberzeugt-jetzt-ohne-zoelle","status":"publish","type":"product","link":"https:\/\/vapingnet.de\/pl\/vape\/waspe-15000-puffs-aloe-grape-der-geschmack-der-dich-ueberzeugt-jetzt-ohne-zoelle\/","title":{"rendered":"WASPE 15000 Puffs Aloe Grape Smak, kt\u00f3ry Ci\u0119 przekona, teraz bez c\u0142ow"},"content":{"rendered":"<h2 data-start=\"0\" data-end=\"48\">WASPE 15000 Puffs Innowacja w ka\u017cdej chmurze<\/h2>\n<p class=\"\" data-start=\"50\" data-end=\"328\">WASPE 15000 Puffs oferuje nowy wymiar do\u015bwiadczenia z vaporem. Dzi\u0119ki imponuj\u0105cemu po\u0142\u0105czeniu trwa\u0142ej wydajno\u015bci, zaawansowanej technologii i \u015bwie\u017cego smaku jest idealnym wyborem dla vaporyst\u00f3w, kt\u00f3rzy chc\u0105 czego\u015b wi\u0119cej ni\u017c tylko podstawowego do\u015bwiadczenia.<\/p>\n<h3>Dlaczego WASPE 15000 Puffs jest inny<\/h3>\n<p class=\"\" data-start=\"378\" data-end=\"655\">WASPE 15000 Puffs to nie jest zwyk\u0142a jednorazowa e-papieros. Zosta\u0142a zaprojektowana dla vaporyst\u00f3w, kt\u00f3rzy chc\u0105 cieszy\u0107 si\u0119 d\u0142ugimi, r\u00f3wnomiernymi zaci\u0119ciami. Dzi\u0119ki wyj\u0105tkowej pojemno\u015bci i funkcjom technologicznym wyr\u00f3\u017cnia si\u0119 znacznie spo\u015br\u00f3d innych urz\u0105dze\u0144.<\/p>\n<h4 class=\"\" data-start=\"657\" data-end=\"680\">G\u0142\u00f3wne cechy:<\/h4>\n<ul data-start=\"682\" data-end=\"1504\">\n<li class=\"\" data-start=\"682\" data-end=\"873\">\n<p class=\"\" data-start=\"684\" data-end=\"873\">15 000 zaci\u0105gni\u0119\u0107, pojemno\u015b\u0107 na chmur\u0119: Ta ogromna liczba zaci\u0105gni\u0119\u0107 zapewnia, \u017ce b\u0119dziesz m\u00f3g\u0142 cieszy\u0107 si\u0119 WASPE 15000 Puffs d\u0142u\u017cej ni\u017c wi\u0119kszo\u015b\u0107 innych jednorazowych e-papieros\u00f3w na rynku.<\/p>\n<\/li>\n<li class=\"\" data-start=\"874\" data-end=\"995\">\n<p class=\"\" data-start=\"876\" data-end=\"995\">22 ml pojemno\u015bci na liquid: Du\u017cy zbiornik zapewnia d\u0142u\u017csze vapowanie bez konieczno\u015bci uzupe\u0142niania.<\/p>\n<\/li>\n<li class=\"\" data-start=\"996\" data-end=\"1152\">\n<p class=\"\" data-start=\"998\" data-end=\"1152\">Wy\u015bwietlacz LCD: Wy\u015bwietlacz LCD to praktyczna funkcja, kt\u00f3ra pokazuje wa\u017cne informacje, takie jak poziom liquidu i stan baterii w czasie rzeczywistym.<\/p>\n<\/li>\n<li class=\"\" data-start=\"1153\" data-end=\"1324\">\n<p class=\"\" data-start=\"1155\" data-end=\"1324\">Bateria 850mAh: Wydajna, wielokrotnie \u0142adowalna bateria zapewnia d\u0142u\u017cszy czas u\u017cytkowania, a port Type-C umo\u017cliwia szybkie i wygodne \u0142adowanie.<\/p>\n<\/li>\n<li class=\"\" data-start=\"1325\" data-end=\"1504\">\n<p class=\"\" data-start=\"1327\" data-end=\"1504\">Technologia Mesh-Coil: Mesh-Coil o oporno\u015bci 0,8\u03a9 zapewnia intensywn\u0105 chmur\u0119 i wyrazisty smak \u2013 idealne dla tych, kt\u00f3rzy chc\u0105 wycisn\u0105\u0107 maksimum z ka\u017cdego zaci\u0105gni\u0119cia.<\/p>\n<\/li>\n<\/ul>\n<h4 data-start=\"1506\" data-end=\"1544\"><img fetchpriority=\"high\" decoding=\"async\" class=\"wp-image-6885 aligncenter\" src=\"https:\/\/vapingnet.de\/wp-content\/uploads\/2025\/05\/2-300x187.jpg\" alt=\"\" width=\"1887\" height=\"1176\" srcset=\"https:\/\/vapingnet.de\/wp-content\/uploads\/2025\/05\/2-300x187.jpg 300w, https:\/\/vapingnet.de\/wp-content\/uploads\/2025\/05\/2-768x480.jpg 768w, https:\/\/vapingnet.de\/wp-content\/uploads\/2025\/05\/2-600x375.jpg 600w, https:\/\/vapingnet.de\/wp-content\/uploads\/2025\/05\/2-1x1.jpg 1w, https:\/\/vapingnet.de\/wp-content\/uploads\/2025\/05\/2-10x6.jpg 10w\" sizes=\"(max-width: 1887px) 100vw, 1887px\" \/><\/h4>\n<h4 data-start=\"1506\" data-end=\"1544\">Do\u015bwiadczenie smakowe: Aloe Grape<\/h4>\n<p class=\"\" data-start=\"1546\" data-end=\"1816\">Po\u0142\u0105czenie \u015bwie\u017cej aloesu i s\u0142odkich winogron daje owocowy, orze\u017awiaj\u0105cy smak, kt\u00f3ry umila ca\u0142y dzie\u0144. Unikalny aromat jest zar\u00f3wno delikatny, jak i pobudzaj\u0105cy, zapewniaj\u0105c przyjemn\u0105 eksplozj\u0119 smaku przy ka\u017cdym zaci\u0105gni\u0119ciu.<\/p>\n<h4 data-start=\"1818\" data-end=\"1858\">Trwa\u0142y i przyjazny dla u\u017cytkownika<\/h4>\n<p class=\"\" data-start=\"1860\" data-end=\"2150\">Dzi\u0119ki du\u017cej pojemno\u015bci liquidu i d\u0142ugiej liczbie zaci\u0105gni\u0119\u0107 WASPE 15000 Puffs jest idealny dla tych, kt\u00f3rzy nie chc\u0105 ci\u0105g\u0142ego uzupe\u0142niania. Bateria r\u00f3wnie\u017c d\u0142ugo wytrzymuje, wi\u0119c nie musisz si\u0119 martwi\u0107 o czas \u0142adowania. Po prostu ciesz si\u0119 nim, a\u017c do ostatniego zaci\u0105gni\u0119cia.<\/p>\n<h3>Zalety WASPE 15000 Puffs<\/h3>\n<ul data-start=\"2192\" data-end=\"2602\">\n<li class=\"\" data-start=\"2192\" data-end=\"2320\">\n<p class=\"\" data-start=\"2194\" data-end=\"2320\">Darmowa wysy\u0142ka: Zam\u00f3w wygodnie na vapingnet.de i skorzystaj z szybkiej, darmowej dostawy.<\/p>\n<\/li>\n<li class=\"\" data-start=\"2321\" data-end=\"2481\">\n<p class=\"\" data-start=\"2323\" data-end=\"2481\">Optymalne u\u017cytkowanie: Z bateri\u0105 850mAh i portem Type-C mo\u017cesz by\u0107 pewien, \u017ce Twoja e-papieros b\u0119dzie dzia\u0142a\u0107 d\u0142ugo nawet przy intensywnym u\u017cytkowaniu.<\/p>\n<\/li>\n<li class=\"\" data-start=\"2482\" data-end=\"2599\">\n<p class=\"\" data-start=\"2484\" data-end=\"2599\">Wysokiej jako\u015bci smak: Dzi\u0119ki technologii Mesh-Coil ka\u017cdy zaci\u0105gni\u0119cie jest intensywniejsze i bardziej wyraziste w smaku.<\/p>\n<\/li>\n<\/ul>\n<h4 data-start=\"2603\" data-end=\"2633\">Idealny dla intensywnych vaporyst\u00f3w<\/h4>\n<p class=\"\" data-start=\"2635\" data-end=\"2960\">WASPE 15000 Puffs skierowany jest do vaporyst\u00f3w, kt\u00f3rzy ceni\u0105 d\u0142ug\u0105 \u017cywotno\u015b\u0107 swojego e-papierosa. Dzi\u0119ki du\u017cej pojemno\u015bci na chmur\u0119 i przyjaznemu dla u\u017cytkownika designowi, ten model doskonale sprawdzi si\u0119 dla codziennych vaporyst\u00f3w. Jest praktyczny, trwa\u0142y i zapewnia sta\u0142e, \u015bwietne do\u015bwiadczenie vapowania.<\/p>\n<p class=\"\" data-start=\"2962\" data-end=\"3094\">Zam\u00f3w swoje WASPE 15000 Puffs ju\u017c dzi\u015b na vapingnet.de i do\u015bwiadcz vapingowego prze\u017cycia, kt\u00f3re przewy\u017csza wszystkie oczekiwania.<\/p>","protected":false},"excerpt":{"rendered":"<p>WASPE 15000 Puffs: Innowacja w ka\u017cdej chmurze. WASPE 15000 Puffs wprowadza nowy wymiar do\u015bwiadczenia palenia. Z imponuj\u0105c\u0105 kombinacj\u0105 trwa\u0142ej wydajno\u015bci, zaawansowanej technologii i wyj\u0105tkowego smaku...<\/p>","protected":false},"featured_media":6731,"template":"","meta":[],"etheme_brands":[],"product_brand":[98],"product_cat":[53,49,61],"product_tag":[],"class_list":{"0":"post-6730","1":"product","2":"type-product","3":"status-publish","4":"has-post-thumbnail","6":"product_brand-waspe-vape","7":"product_cat-vape-15000-zuege","8":"product_cat-einweg-e-zigarette","9":"product_cat-f","11":"first","12":"instock","13":"shipping-taxable","14":"purchasable","15":"product-type-variable"},"yoast_head":"<!-- This site is optimized with the Yoast SEO plugin v26.5 - https:\/\/yoast.com\/wordpress\/plugins\/seo\/ -->\n<title>WASPE 15000 Puffs Aloe Grape Der Geschmack Der Dich \u00dcberzeugt Jetzt Ohne Z\u00f6lle | Vapingnet.de<\/title>\n<meta name=\"description\" content=\"Entdecke WASPE 15000 Puffs Aloe Grape Der Geschmack Der Dich \u00dcberzeugt Jetzt Ohne Z\u00f6lle bei vapingnet.de, \u25ba Gro\u00dfe Auswahl an Geschmacksrichtungen &amp; super g\u00fcnstig!\" \/>\n<meta name=\"robots\" content=\"index, follow, max-snippet:-1, max-image-preview:large, max-video-preview:-1\" \/>\n<link rel=\"canonical\" href=\"https:\/\/vapingnet.de\/pl\/vape\/waspe-15000-puffs-aloe-grape-der-geschmack-der-dich-ueberzeugt-jetzt-ohne-zoelle\/\" \/>\n<meta property=\"og:locale\" content=\"pl_PL\" \/>\n<meta property=\"og:type\" content=\"article\" \/>\n<meta property=\"og:title\" content=\"WASPE 15000 Puffs Aloe Grape Der Geschmack Der Dich \u00dcberzeugt Jetzt Ohne Z\u00f6lle | Vapingnet.de\" \/>\n<meta property=\"og:description\" content=\"Entdecke WASPE 15000 Puffs Aloe Grape Der Geschmack Der Dich \u00dcberzeugt Jetzt Ohne Z\u00f6lle bei vapingnet.de, \u25ba Gro\u00dfe Auswahl an Geschmacksrichtungen &amp; super g\u00fcnstig!\" \/>\n<meta property=\"og:url\" content=\"https:\/\/vapingnet.de\/pl\/vape\/waspe-15000-puffs-aloe-grape-der-geschmack-der-dich-ueberzeugt-jetzt-ohne-zoelle\/\" \/>\n<meta property=\"og:site_name\" content=\"Vapingnet.de\" \/>\n<meta property=\"article:publisher\" content=\"https:\/\/www.facebook.com\/vapingnetde\/\" \/>\n<meta property=\"article:modified_time\" content=\"2026-04-15T07:44:23+00:00\" \/>\n<meta property=\"og:image\" content=\"https:\/\/vapingnet.de\/wp-content\/uploads\/2025\/05\/Aloe-Grape.webp\" \/>\n\t<meta property=\"og:image:width\" content=\"1000\" \/>\n\t<meta property=\"og:image:height\" content=\"1000\" \/>\n\t<meta property=\"og:image:type\" content=\"image\/webp\" \/>\n<meta name=\"twitter:card\" content=\"summary_large_image\" \/>\n<meta name=\"twitter:label1\" content=\"Est. reading time\" \/>\n\t<meta name=\"twitter:data1\" content=\"3 minutes\" \/>\n<script type=\"application\/ld+json\" class=\"yoast-schema-graph\">{\"@context\":\"https:\/\/schema.org\",\"@graph\":[{\"@type\":\"WebPage\",\"@id\":\"https:\/\/vapingnet.de\/vape\/waspe-15000-puffs-aloe-grape-der-geschmack-der-dich-ueberzeugt-jetzt-ohne-zoelle\/\",\"url\":\"https:\/\/vapingnet.de\/vape\/waspe-15000-puffs-aloe-grape-der-geschmack-der-dich-ueberzeugt-jetzt-ohne-zoelle\/\",\"name\":\"WASPE 15000 Puffs Aloe Grape Der Geschmack Der Dich \u00dcberzeugt Jetzt Ohne Z\u00f6lle | Vapingnet.de\",\"isPartOf\":{\"@id\":\"https:\/\/vapingnet.de\/#website\"},\"primaryImageOfPage\":{\"@id\":\"https:\/\/vapingnet.de\/vape\/waspe-15000-puffs-aloe-grape-der-geschmack-der-dich-ueberzeugt-jetzt-ohne-zoelle\/#primaryimage\"},\"image\":{\"@id\":\"https:\/\/vapingnet.de\/vape\/waspe-15000-puffs-aloe-grape-der-geschmack-der-dich-ueberzeugt-jetzt-ohne-zoelle\/#primaryimage\"},\"thumbnailUrl\":\"https:\/\/vapingnet.de\/wp-content\/uploads\/2025\/05\/Aloe-Grape.webp\",\"datePublished\":\"2025-05-05T02:36:10+00:00\",\"dateModified\":\"2026-04-15T07:44:23+00:00\",\"description\":\"Entdecke WASPE 15000 Puffs Aloe Grape Der Geschmack Der Dich \u00dcberzeugt Jetzt Ohne Z\u00f6lle bei vapingnet.de, \u25ba Gro\u00dfe Auswahl an Geschmacksrichtungen & super g\u00fcnstig!\",\"breadcrumb\":{\"@id\":\"https:\/\/vapingnet.de\/vape\/waspe-15000-puffs-aloe-grape-der-geschmack-der-dich-ueberzeugt-jetzt-ohne-zoelle\/#breadcrumb\"},\"inLanguage\":\"pl-PL\",\"potentialAction\":[{\"@type\":\"ReadAction\",\"target\":[\"https:\/\/vapingnet.de\/vape\/waspe-15000-puffs-aloe-grape-der-geschmack-der-dich-ueberzeugt-jetzt-ohne-zoelle\/\"]}]},{\"@type\":\"ImageObject\",\"inLanguage\":\"pl-PL\",\"@id\":\"https:\/\/vapingnet.de\/vape\/waspe-15000-puffs-aloe-grape-der-geschmack-der-dich-ueberzeugt-jetzt-ohne-zoelle\/#primaryimage\",\"url\":\"https:\/\/vapingnet.de\/wp-content\/uploads\/2025\/05\/Aloe-Grape.webp\",\"contentUrl\":\"https:\/\/vapingnet.de\/wp-content\/uploads\/2025\/05\/Aloe-Grape.webp\",\"width\":1000,\"height\":1000},{\"@type\":\"BreadcrumbList\",\"@id\":\"https:\/\/vapingnet.de\/vape\/waspe-15000-puffs-aloe-grape-der-geschmack-der-dich-ueberzeugt-jetzt-ohne-zoelle\/#breadcrumb\",\"itemListElement\":[{\"@type\":\"ListItem\",\"position\":1,\"name\":\"Home\",\"item\":\"https:\/\/vapingnet.de\/\"},{\"@type\":\"ListItem\",\"position\":2,\"name\":\"Shop\",\"item\":\"https:\/\/vapingnet.de\/vape\/\"},{\"@type\":\"ListItem\",\"position\":3,\"name\":\"WASPE 15000 Puffs Aloe Grape Der Geschmack Der Dich \u00dcberzeugt Jetzt Ohne Z\u00f6lle\"}]},{\"@type\":\"WebSite\",\"@id\":\"https:\/\/vapingnet.de\/#website\",\"url\":\"https:\/\/vapingnet.de\/\",\"name\":\"Vapingnet.de\",\"description\":\"\",\"publisher\":{\"@id\":\"https:\/\/vapingnet.de\/#organization\"},\"potentialAction\":[{\"@type\":\"SearchAction\",\"target\":{\"@type\":\"EntryPoint\",\"urlTemplate\":\"https:\/\/vapingnet.de\/?s={search_term_string}\"},\"query-input\":{\"@type\":\"PropertyValueSpecification\",\"valueRequired\":true,\"valueName\":\"search_term_string\"}}],\"inLanguage\":\"pl-PL\"},{\"@type\":\"Organization\",\"@id\":\"https:\/\/vapingnet.de\/#organization\",\"name\":\"Vapingnet.de\",\"url\":\"https:\/\/vapingnet.de\/\",\"logo\":{\"@type\":\"ImageObject\",\"inLanguage\":\"pl-PL\",\"@id\":\"https:\/\/vapingnet.de\/#\/schema\/logo\/image\/\",\"url\":\"https:\/\/vapingnet.de\/wp-content\/uploads\/2025\/03\/cropped-vapingnet.de_.jpg\",\"contentUrl\":\"https:\/\/vapingnet.de\/wp-content\/uploads\/2025\/03\/cropped-vapingnet.de_.jpg\",\"width\":512,\"height\":512,\"caption\":\"Vapingnet.de\"},\"image\":{\"@id\":\"https:\/\/vapingnet.de\/#\/schema\/logo\/image\/\"},\"sameAs\":[\"https:\/\/www.facebook.com\/vapingnetde\/\"]}]}<\/script>\n<!-- \/ Yoast SEO plugin. -->","yoast_head_json":{"title":"WASPE 15000 Puffs Aloe Grape Der Geschmack Der Dich \u00dcberzeugt Jetzt Ohne Z\u00f6lle | Vapingnet.de","description":"Entdecke WASPE 15000 Puffs Aloe Grape Der Geschmack Der Dich \u00dcberzeugt Jetzt Ohne Z\u00f6lle bei vapingnet.de, \u25ba Gro\u00dfe Auswahl an Geschmacksrichtungen & super g\u00fcnstig!","robots":{"index":"index","follow":"follow","max-snippet":"max-snippet:-1","max-image-preview":"max-image-preview:large","max-video-preview":"max-video-preview:-1"},"canonical":"https:\/\/vapingnet.de\/pl\/vape\/waspe-15000-puffs-aloe-grape-der-geschmack-der-dich-ueberzeugt-jetzt-ohne-zoelle\/","og_locale":"pl_PL","og_type":"article","og_title":"WASPE 15000 Puffs Aloe Grape Der Geschmack Der Dich \u00dcberzeugt Jetzt Ohne Z\u00f6lle | Vapingnet.de","og_description":"Entdecke WASPE 15000 Puffs Aloe Grape Der Geschmack Der Dich \u00dcberzeugt Jetzt Ohne Z\u00f6lle bei vapingnet.de, \u25ba Gro\u00dfe Auswahl an Geschmacksrichtungen & super g\u00fcnstig!","og_url":"https:\/\/vapingnet.de\/pl\/vape\/waspe-15000-puffs-aloe-grape-der-geschmack-der-dich-ueberzeugt-jetzt-ohne-zoelle\/","og_site_name":"Vapingnet.de","article_publisher":"https:\/\/www.facebook.com\/vapingnetde\/","article_modified_time":"2026-04-15T07:44:23+00:00","og_image":[{"width":1000,"height":1000,"url":"https:\/\/vapingnet.de\/wp-content\/uploads\/2025\/05\/Aloe-Grape.webp","type":"image\/webp"}],"twitter_card":"summary_large_image","twitter_misc":{"Est. reading time":"3 minutes"},"schema":{"@context":"https:\/\/schema.org","@graph":[{"@type":"WebPage","@id":"https:\/\/vapingnet.de\/vape\/waspe-15000-puffs-aloe-grape-der-geschmack-der-dich-ueberzeugt-jetzt-ohne-zoelle\/","url":"https:\/\/vapingnet.de\/vape\/waspe-15000-puffs-aloe-grape-der-geschmack-der-dich-ueberzeugt-jetzt-ohne-zoelle\/","name":"WASPE 15000 Puffs Aloe Grape Der Geschmack Der Dich \u00dcberzeugt Jetzt Ohne Z\u00f6lle | Vapingnet.de","isPartOf":{"@id":"https:\/\/vapingnet.de\/#website"},"primaryImageOfPage":{"@id":"https:\/\/vapingnet.de\/vape\/waspe-15000-puffs-aloe-grape-der-geschmack-der-dich-ueberzeugt-jetzt-ohne-zoelle\/#primaryimage"},"image":{"@id":"https:\/\/vapingnet.de\/vape\/waspe-15000-puffs-aloe-grape-der-geschmack-der-dich-ueberzeugt-jetzt-ohne-zoelle\/#primaryimage"},"thumbnailUrl":"https:\/\/vapingnet.de\/wp-content\/uploads\/2025\/05\/Aloe-Grape.webp","datePublished":"2025-05-05T02:36:10+00:00","dateModified":"2026-04-15T07:44:23+00:00","description":"Entdecke WASPE 15000 Puffs Aloe Grape Der Geschmack Der Dich \u00dcberzeugt Jetzt Ohne Z\u00f6lle bei vapingnet.de, \u25ba Gro\u00dfe Auswahl an Geschmacksrichtungen & super g\u00fcnstig!","breadcrumb":{"@id":"https:\/\/vapingnet.de\/vape\/waspe-15000-puffs-aloe-grape-der-geschmack-der-dich-ueberzeugt-jetzt-ohne-zoelle\/#breadcrumb"},"inLanguage":"pl-PL","potentialAction":[{"@type":"ReadAction","target":["https:\/\/vapingnet.de\/vape\/waspe-15000-puffs-aloe-grape-der-geschmack-der-dich-ueberzeugt-jetzt-ohne-zoelle\/"]}]},{"@type":"ImageObject","inLanguage":"pl-PL","@id":"https:\/\/vapingnet.de\/vape\/waspe-15000-puffs-aloe-grape-der-geschmack-der-dich-ueberzeugt-jetzt-ohne-zoelle\/#primaryimage","url":"https:\/\/vapingnet.de\/wp-content\/uploads\/2025\/05\/Aloe-Grape.webp","contentUrl":"https:\/\/vapingnet.de\/wp-content\/uploads\/2025\/05\/Aloe-Grape.webp","width":1000,"height":1000},{"@type":"BreadcrumbList","@id":"https:\/\/vapingnet.de\/vape\/waspe-15000-puffs-aloe-grape-der-geschmack-der-dich-ueberzeugt-jetzt-ohne-zoelle\/#breadcrumb","itemListElement":[{"@type":"ListItem","position":1,"name":"Home","item":"https:\/\/vapingnet.de\/"},{"@type":"ListItem","position":2,"name":"Shop","item":"https:\/\/vapingnet.de\/vape\/"},{"@type":"ListItem","position":3,"name":"WASPE 15000 Puffs Aloe Grape Der Geschmack Der Dich \u00dcberzeugt Jetzt Ohne Z\u00f6lle"}]},{"@type":"WebSite","@id":"https:\/\/vapingnet.de\/#website","url":"https:\/\/vapingnet.de\/","name":"Vapingnet.de","description":"","publisher":{"@id":"https:\/\/vapingnet.de\/#organization"},"potentialAction":[{"@type":"SearchAction","target":{"@type":"EntryPoint","urlTemplate":"https:\/\/vapingnet.de\/?s={search_term_string}"},"query-input":{"@type":"PropertyValueSpecification","valueRequired":true,"valueName":"search_term_string"}}],"inLanguage":"pl-PL"},{"@type":"Organization","@id":"https:\/\/vapingnet.de\/#organization","name":"Vapingnet.de","url":"https:\/\/vapingnet.de\/","logo":{"@type":"ImageObject","inLanguage":"pl-PL","@id":"https:\/\/vapingnet.de\/#\/schema\/logo\/image\/","url":"https:\/\/vapingnet.de\/wp-content\/uploads\/2025\/03\/cropped-vapingnet.de_.jpg","contentUrl":"https:\/\/vapingnet.de\/wp-content\/uploads\/2025\/03\/cropped-vapingnet.de_.jpg","width":512,"height":512,"caption":"Vapingnet.de"},"image":{"@id":"https:\/\/vapingnet.de\/#\/schema\/logo\/image\/"},"sameAs":["https:\/\/www.facebook.com\/vapingnetde\/"]}]}},"tiered_pricing_type":"fixed","tiered_pricing_fixed_rules":[],"tiered_pricing_product_settings":{"layout":"default","base_unit_name":{"singular":null,"plural":null},"default_variation":null},"tiered_pricing_minimum_quantity":null,"tiered_pricing_roles_data":[],"tiered_pricing_percentage_rules":[],"_links":{"self":[{"href":"https:\/\/vapingnet.de\/pl\/wp-json\/wp\/v2\/product\/6730","targetHints":{"allow":["GET"]}}],"collection":[{"href":"https:\/\/vapingnet.de\/pl\/wp-json\/wp\/v2\/product"}],"about":[{"href":"https:\/\/vapingnet.de\/pl\/wp-json\/wp\/v2\/types\/product"}],"version-history":[{"count":2,"href":"https:\/\/vapingnet.de\/pl\/wp-json\/wp\/v2\/product\/6730\/revisions"}],"predecessor-version":[{"id":6886,"href":"https:\/\/vapingnet.de\/pl\/wp-json\/wp\/v2\/product\/6730\/revisions\/6886"}],"wp:featuredmedia":[{"embeddable":true,"href":"https:\/\/vapingnet.de\/pl\/wp-json\/wp\/v2\/media\/6731"}],"wp:attachment":[{"href":"https:\/\/vapingnet.de\/pl\/wp-json\/wp\/v2\/media?parent=6730"}],"wp:term":[{"taxonomy":"brand","embeddable":true,"href":"https:\/\/vapingnet.de\/pl\/wp-json\/wp\/v2\/etheme_brands?post=6730"},{"taxonomy":"product_brand","embeddable":true,"href":"https:\/\/vapingnet.de\/pl\/wp-json\/wp\/v2\/product_brand?post=6730"},{"taxonomy":"product_cat","embeddable":true,"href":"https:\/\/vapingnet.de\/pl\/wp-json\/wp\/v2\/product_cat?post=6730"},{"taxonomy":"product_tag","embeddable":true,"href":"https:\/\/vapingnet.de\/pl\/wp-json\/wp\/v2\/product_tag?post=6730"}],"curies":[{"name":"wp","href":"https:\/\/api.w.org\/{rel}","templated":true}]}}