{"id":6753,"date":"2025-05-05T03:22:12","date_gmt":"2025-05-05T03:22:12","guid":{"rendered":"https:\/\/vapingnet.de\/?post_type=product&#038;p=6753"},"modified":"2026-04-15T07:43:48","modified_gmt":"2026-04-15T07:43:48","slug":"top-angebot-waspe-15000-puffs-mixed-berries-bestellen-und-sofort-geniessen","status":"publish","type":"product","link":"https:\/\/vapingnet.de\/pl\/vape\/top-angebot-waspe-15000-puffs-mixed-berries-bestellen-und-sofort-geniessen\/","title":{"rendered":"Najlepsza oferta WASPE 15000 Puffs Mixed Berries, zam\u00f3w i ciesz si\u0119 od razu"},"content":{"rendered":"<h2 data-start=\"0\" data-end=\"74\" data-immersive-translate-walked=\"48bfa72a-cc87-435c-8bc4-c1dbef65f075\">Do\u015bwiadcz WASPE 15000 Puffs \u2013 Perfekcyjna przyjemno\u015b\u0107 z dymem o smaku Mixed Berries<\/h2>\n<p class=\"\" data-start=\"76\" data-end=\"446\" data-immersive-translate-paragraph=\"1\" data-immersive-translate-walked=\"48bfa72a-cc87-435c-8bc4-c1dbef65f075\">WASPE 15000 Puffs to nowa era w dziedzinie jednorazowych e-papieros\u00f3w, wyr\u00f3\u017cniaj\u0105ca si\u0119 wyj\u0105tkow\u0105 wydajno\u015bci\u0105. Z du\u017cym zbiornikiem na e-liquid o pojemno\u015bci 22 ml i mo\u017cliwo\u015bci\u0105 wykonania 15 000 zaci\u0105gni\u0119\u0107, ten model zapewnia niezwykle d\u0142ugie sesje palenia bez przerw. Idealny na d\u0142ugie dni lub do u\u017cytku w podr\u00f3\u017cy.<\/p>\n<h4 data-start=\"448\" data-end=\"519\" data-immersive-translate-paragraph=\"1\" data-immersive-translate-walked=\"48bfa72a-cc87-435c-8bc4-c1dbef65f075\">Innowacje technologiczne dla niezr\u00f3wnanego do\u015bwiadczenia palenia<\/h4>\n<p class=\"\" data-start=\"521\" data-end=\"879\" data-immersive-translate-paragraph=\"1\" data-immersive-translate-walked=\"48bfa72a-cc87-435c-8bc4-c1dbef65f075\">WASPE 15000 Puffs wyposa\u017cony jest w innowacyjn\u0105 technologi\u0119 Mesh Coil, kt\u00f3ra przy oporze 0,8\u03a9 zapewnia lepsz\u0105 produkcj\u0119 pary i intensywniejszy smak. Niezale\u017cnie od tego, czy jeste\u015b pocz\u0105tkuj\u0105cym, czy do\u015bwiadczonym palaczem \u2013 smak Mixed Berries zachwyci Ci\u0119 swoj\u0105 owocowo\u015bci\u0105 i z\u0142o\u017cono\u015bci\u0105.<\/p>\n<p class=\"\" data-start=\"881\" data-end=\"1191\" data-immersive-translate-paragraph=\"1\" data-immersive-translate-walked=\"48bfa72a-cc87-435c-8bc4-c1dbef65f075\">Integracja wy\u015bwietlacza LCD czyni WASPE 15000 szczeg\u00f3lnie przyjaznym dla u\u017cytkownika. Pokazuje wszystkie istotne informacje, takie jak poziom na\u0142adowania baterii i liczba zaci\u0105gni\u0119\u0107, w czasie rzeczywistym. Zawsze masz pe\u0142en obraz tego, ile zaci\u0105gni\u0119\u0107 pozosta\u0142o i kiedy nale\u017cy na\u0142adowa\u0107 urz\u0105dzenie.<\/p>\n<h4 data-start=\"1193\" data-end=\"1240\" data-immersive-translate-paragraph=\"1\" data-immersive-translate-walked=\"48bfa72a-cc87-435c-8bc4-c1dbef65f075\">Praktyczne u\u017cytkowanie i trwa\u0142a wydajno\u015b\u0107<\/h4>\n<p class=\"\" data-start=\"1242\" data-end=\"1494\" data-immersive-translate-paragraph=\"1\" data-immersive-translate-walked=\"48bfa72a-cc87-435c-8bc4-c1dbef65f075\">WASPE 15000 Puffs wyposa\u017cony jest w wymienny akumulator o pojemno\u015bci 850mAh, kt\u00f3ry mo\u017cna \u0142atwo i szybko na\u0142adowa\u0107 za pomoc\u0105 portu Type-C. Dzi\u0119ki temu urz\u0105dzenie jest zawsze gotowe do u\u017cycia i zapewnia sta\u0142\u0105 wydajno\u015b\u0107 przez wiele godzin.<\/p>\n<p class=\"\" data-start=\"1496\" data-end=\"1793\" data-immersive-translate-paragraph=\"1\" data-immersive-translate-walked=\"48bfa72a-cc87-435c-8bc4-c1dbef65f075\">Dzi\u0119ki kompaktowemu designowi i niewielkiej wadze zaledwie 90g, WASPE 15000 Puffs jest nie tylko mocny, ale tak\u017ce bardzo przeno\u015bny i wygodny w obs\u0142udze. Akumulator zapewnia d\u0142ug\u0105 \u017cywotno\u015b\u0107 i sta\u0142\u0105 wysok\u0105 wydajno\u015b\u0107 przez ca\u0142y okres u\u017cytkowania.<\/p>\n<h4 data-start=\"1795\" data-end=\"1827\" data-immersive-translate-paragraph=\"1\" data-immersive-translate-walked=\"48bfa72a-cc87-435c-8bc4-c1dbef65f075\">Idealny dla ka\u017cdego potrzebuj\u0105cego<\/h4>\n<p class=\"\" data-start=\"1829\" data-end=\"1986\" data-immersive-translate-paragraph=\"1\" data-immersive-translate-walked=\"48bfa72a-cc87-435c-8bc4-c1dbef65f075\">WASPE 15000 Puffs dost\u0119pny jest w czterech mocach nikotyny \u2013 0%, 2%, 3% i 5%, co pozwala dostosowa\u0107 go do w\u0142asnych preferencji.<\/p>\n<p class=\"\" data-start=\"1988\" data-end=\"2222\" data-immersive-translate-paragraph=\"1\" data-immersive-translate-walked=\"48bfa72a-cc87-435c-8bc4-c1dbef65f075\">Zam\u00f3w WASPE 15000 Puffs przez vapingnet.de i skorzystaj z bezp\u0142atnych zam\u00f3wie\u0144. \u015awietny spos\u00f3b na cieszenie si\u0119 wysokiej jako\u015bci e-papierosami bez obaw o dodatkowe koszty.<\/p>\n<h3>Niezr\u00f3wnana przyjemno\u015b\u0107 z WASPE 15000 Puffs<\/h3>\n<p class=\"\" data-start=\"2235\" data-end=\"2481\" data-immersive-translate-paragraph=\"1\" data-immersive-translate-walked=\"48bfa72a-cc87-435c-8bc4-c1dbef65f075\">Niezale\u017cnie od tego, czy u\u017cywasz na co dzie\u0144, czy podczas d\u0142u\u017cszych sesji palenia, WASPE 15000 Puffs zapewnia wyj\u0105tkowe do\u015bwiadczenie. Smak Mixed Berries gwarantuje orze\u017awiaj\u0105cy, owocowy smak, kt\u00f3ry nigdy si\u0119 nie znudzi.<\/p>\n<p class=\"\" data-start=\"2483\" data-end=\"2607\" data-immersive-translate-paragraph=\"1\" data-immersive-translate-walked=\"48bfa72a-cc87-435c-8bc4-c1dbef65f075\">Zainteresowany innymi produktami lub r\u00f3\u017cnymi smakami? Odwied\u017a nasz\u0105 stron\u0119 po wi\u0119cej informacji!<\/p>","protected":false},"excerpt":{"rendered":"<p>Prze\u017cyj do\u015bwiadczenie z WASPE 15000 Puffs \u2013 Perfekcyjna chmura z mieszanymi jagodami. WASPE 15000 Puffs to nowa era w dziedzinie jednorazowych e-papieros\u00f3w, zapewniaj\u0105ca wyj\u0105tkowe doznania smakowe...<\/p>","protected":false},"featured_media":6736,"template":"","meta":[],"etheme_brands":[],"product_brand":[98],"product_cat":[53,49,61],"product_tag":[],"class_list":{"0":"post-6753","1":"product","2":"type-product","3":"status-publish","4":"has-post-thumbnail","6":"product_brand-waspe-vape","7":"product_cat-vape-15000-zuege","8":"product_cat-einweg-e-zigarette","9":"product_cat-f","11":"first","12":"instock","13":"shipping-taxable","14":"purchasable","15":"product-type-variable"},"yoast_head":"<!-- This site is optimized with the Yoast SEO plugin v26.5 - https:\/\/yoast.com\/wordpress\/plugins\/seo\/ -->\n<title>Top Angebot WASPE 15000 Puffs Mixed Berries Bestellen Und Sofort Genie\u00dfen | Vapingnet.de<\/title>\n<meta name=\"description\" content=\"Entdecke Top Angebot WASPE 15000 Puffs Mixed Berries Bestellen Und Sofort Genie\u00dfen bei vapingnet.de, \u25ba Gro\u00dfe Auswahl an Geschmacksrichtungen &amp; super g\u00fcnstig!\" \/>\n<meta name=\"robots\" content=\"index, follow, max-snippet:-1, max-image-preview:large, max-video-preview:-1\" \/>\n<link rel=\"canonical\" href=\"https:\/\/vapingnet.de\/pl\/vape\/top-angebot-waspe-15000-puffs-mixed-berries-bestellen-und-sofort-geniessen\/\" \/>\n<meta property=\"og:locale\" content=\"pl_PL\" \/>\n<meta property=\"og:type\" content=\"article\" \/>\n<meta property=\"og:title\" content=\"Top Angebot WASPE 15000 Puffs Mixed Berries Bestellen Und Sofort Genie\u00dfen | Vapingnet.de\" \/>\n<meta property=\"og:description\" content=\"Entdecke Top Angebot WASPE 15000 Puffs Mixed Berries Bestellen Und Sofort Genie\u00dfen bei vapingnet.de, \u25ba Gro\u00dfe Auswahl an Geschmacksrichtungen &amp; super g\u00fcnstig!\" \/>\n<meta property=\"og:url\" content=\"https:\/\/vapingnet.de\/pl\/vape\/top-angebot-waspe-15000-puffs-mixed-berries-bestellen-und-sofort-geniessen\/\" \/>\n<meta property=\"og:site_name\" content=\"Vapingnet.de\" \/>\n<meta property=\"article:publisher\" content=\"https:\/\/www.facebook.com\/vapingnetde\/\" \/>\n<meta property=\"article:modified_time\" content=\"2026-04-15T07:43:48+00:00\" \/>\n<meta property=\"og:image\" content=\"https:\/\/vapingnet.de\/wp-content\/uploads\/2025\/05\/Mixed-Berries.webp\" \/>\n\t<meta property=\"og:image:width\" content=\"1000\" \/>\n\t<meta property=\"og:image:height\" content=\"1000\" \/>\n\t<meta property=\"og:image:type\" content=\"image\/webp\" \/>\n<meta name=\"twitter:card\" content=\"summary_large_image\" \/>\n<meta name=\"twitter:label1\" content=\"Est. reading time\" \/>\n\t<meta name=\"twitter:data1\" content=\"3 minutes\" \/>\n<script type=\"application\/ld+json\" class=\"yoast-schema-graph\">{\"@context\":\"https:\/\/schema.org\",\"@graph\":[{\"@type\":\"WebPage\",\"@id\":\"https:\/\/vapingnet.de\/vape\/top-angebot-waspe-15000-puffs-mixed-berries-bestellen-und-sofort-geniessen\/\",\"url\":\"https:\/\/vapingnet.de\/vape\/top-angebot-waspe-15000-puffs-mixed-berries-bestellen-und-sofort-geniessen\/\",\"name\":\"Top Angebot WASPE 15000 Puffs Mixed Berries Bestellen Und Sofort Genie\u00dfen | Vapingnet.de\",\"isPartOf\":{\"@id\":\"https:\/\/vapingnet.de\/#website\"},\"primaryImageOfPage\":{\"@id\":\"https:\/\/vapingnet.de\/vape\/top-angebot-waspe-15000-puffs-mixed-berries-bestellen-und-sofort-geniessen\/#primaryimage\"},\"image\":{\"@id\":\"https:\/\/vapingnet.de\/vape\/top-angebot-waspe-15000-puffs-mixed-berries-bestellen-und-sofort-geniessen\/#primaryimage\"},\"thumbnailUrl\":\"https:\/\/vapingnet.de\/wp-content\/uploads\/2025\/05\/Mixed-Berries.webp\",\"datePublished\":\"2025-05-05T03:22:12+00:00\",\"dateModified\":\"2026-04-15T07:43:48+00:00\",\"description\":\"Entdecke Top Angebot WASPE 15000 Puffs Mixed Berries Bestellen Und Sofort Genie\u00dfen bei vapingnet.de, \u25ba Gro\u00dfe Auswahl an Geschmacksrichtungen & super g\u00fcnstig!\",\"breadcrumb\":{\"@id\":\"https:\/\/vapingnet.de\/vape\/top-angebot-waspe-15000-puffs-mixed-berries-bestellen-und-sofort-geniessen\/#breadcrumb\"},\"inLanguage\":\"pl-PL\",\"potentialAction\":[{\"@type\":\"ReadAction\",\"target\":[\"https:\/\/vapingnet.de\/vape\/top-angebot-waspe-15000-puffs-mixed-berries-bestellen-und-sofort-geniessen\/\"]}]},{\"@type\":\"ImageObject\",\"inLanguage\":\"pl-PL\",\"@id\":\"https:\/\/vapingnet.de\/vape\/top-angebot-waspe-15000-puffs-mixed-berries-bestellen-und-sofort-geniessen\/#primaryimage\",\"url\":\"https:\/\/vapingnet.de\/wp-content\/uploads\/2025\/05\/Mixed-Berries.webp\",\"contentUrl\":\"https:\/\/vapingnet.de\/wp-content\/uploads\/2025\/05\/Mixed-Berries.webp\",\"width\":1000,\"height\":1000},{\"@type\":\"BreadcrumbList\",\"@id\":\"https:\/\/vapingnet.de\/vape\/top-angebot-waspe-15000-puffs-mixed-berries-bestellen-und-sofort-geniessen\/#breadcrumb\",\"itemListElement\":[{\"@type\":\"ListItem\",\"position\":1,\"name\":\"Home\",\"item\":\"https:\/\/vapingnet.de\/\"},{\"@type\":\"ListItem\",\"position\":2,\"name\":\"Shop\",\"item\":\"https:\/\/vapingnet.de\/vape\/\"},{\"@type\":\"ListItem\",\"position\":3,\"name\":\"Top Angebot WASPE 15000 Puffs Mixed Berries Bestellen Und Sofort Genie\u00dfen\"}]},{\"@type\":\"WebSite\",\"@id\":\"https:\/\/vapingnet.de\/#website\",\"url\":\"https:\/\/vapingnet.de\/\",\"name\":\"Vapingnet.de\",\"description\":\"\",\"publisher\":{\"@id\":\"https:\/\/vapingnet.de\/#organization\"},\"potentialAction\":[{\"@type\":\"SearchAction\",\"target\":{\"@type\":\"EntryPoint\",\"urlTemplate\":\"https:\/\/vapingnet.de\/?s={search_term_string}\"},\"query-input\":{\"@type\":\"PropertyValueSpecification\",\"valueRequired\":true,\"valueName\":\"search_term_string\"}}],\"inLanguage\":\"pl-PL\"},{\"@type\":\"Organization\",\"@id\":\"https:\/\/vapingnet.de\/#organization\",\"name\":\"Vapingnet.de\",\"url\":\"https:\/\/vapingnet.de\/\",\"logo\":{\"@type\":\"ImageObject\",\"inLanguage\":\"pl-PL\",\"@id\":\"https:\/\/vapingnet.de\/#\/schema\/logo\/image\/\",\"url\":\"https:\/\/vapingnet.de\/wp-content\/uploads\/2025\/03\/cropped-vapingnet.de_.jpg\",\"contentUrl\":\"https:\/\/vapingnet.de\/wp-content\/uploads\/2025\/03\/cropped-vapingnet.de_.jpg\",\"width\":512,\"height\":512,\"caption\":\"Vapingnet.de\"},\"image\":{\"@id\":\"https:\/\/vapingnet.de\/#\/schema\/logo\/image\/\"},\"sameAs\":[\"https:\/\/www.facebook.com\/vapingnetde\/\"]}]}<\/script>\n<!-- \/ Yoast SEO plugin. -->","yoast_head_json":{"title":"Top Angebot WASPE 15000 Puffs Mixed Berries Bestellen Und Sofort Genie\u00dfen | Vapingnet.de","description":"Entdecke Top Angebot WASPE 15000 Puffs Mixed Berries Bestellen Und Sofort Genie\u00dfen bei vapingnet.de, \u25ba Gro\u00dfe Auswahl an Geschmacksrichtungen & super g\u00fcnstig!","robots":{"index":"index","follow":"follow","max-snippet":"max-snippet:-1","max-image-preview":"max-image-preview:large","max-video-preview":"max-video-preview:-1"},"canonical":"https:\/\/vapingnet.de\/pl\/vape\/top-angebot-waspe-15000-puffs-mixed-berries-bestellen-und-sofort-geniessen\/","og_locale":"pl_PL","og_type":"article","og_title":"Top Angebot WASPE 15000 Puffs Mixed Berries Bestellen Und Sofort Genie\u00dfen | Vapingnet.de","og_description":"Entdecke Top Angebot WASPE 15000 Puffs Mixed Berries Bestellen Und Sofort Genie\u00dfen bei vapingnet.de, \u25ba Gro\u00dfe Auswahl an Geschmacksrichtungen & super g\u00fcnstig!","og_url":"https:\/\/vapingnet.de\/pl\/vape\/top-angebot-waspe-15000-puffs-mixed-berries-bestellen-und-sofort-geniessen\/","og_site_name":"Vapingnet.de","article_publisher":"https:\/\/www.facebook.com\/vapingnetde\/","article_modified_time":"2026-04-15T07:43:48+00:00","og_image":[{"width":1000,"height":1000,"url":"https:\/\/vapingnet.de\/wp-content\/uploads\/2025\/05\/Mixed-Berries.webp","type":"image\/webp"}],"twitter_card":"summary_large_image","twitter_misc":{"Est. reading time":"3 minutes"},"schema":{"@context":"https:\/\/schema.org","@graph":[{"@type":"WebPage","@id":"https:\/\/vapingnet.de\/vape\/top-angebot-waspe-15000-puffs-mixed-berries-bestellen-und-sofort-geniessen\/","url":"https:\/\/vapingnet.de\/vape\/top-angebot-waspe-15000-puffs-mixed-berries-bestellen-und-sofort-geniessen\/","name":"Top Angebot WASPE 15000 Puffs Mixed Berries Bestellen Und Sofort Genie\u00dfen | Vapingnet.de","isPartOf":{"@id":"https:\/\/vapingnet.de\/#website"},"primaryImageOfPage":{"@id":"https:\/\/vapingnet.de\/vape\/top-angebot-waspe-15000-puffs-mixed-berries-bestellen-und-sofort-geniessen\/#primaryimage"},"image":{"@id":"https:\/\/vapingnet.de\/vape\/top-angebot-waspe-15000-puffs-mixed-berries-bestellen-und-sofort-geniessen\/#primaryimage"},"thumbnailUrl":"https:\/\/vapingnet.de\/wp-content\/uploads\/2025\/05\/Mixed-Berries.webp","datePublished":"2025-05-05T03:22:12+00:00","dateModified":"2026-04-15T07:43:48+00:00","description":"Entdecke Top Angebot WASPE 15000 Puffs Mixed Berries Bestellen Und Sofort Genie\u00dfen bei vapingnet.de, \u25ba Gro\u00dfe Auswahl an Geschmacksrichtungen & super g\u00fcnstig!","breadcrumb":{"@id":"https:\/\/vapingnet.de\/vape\/top-angebot-waspe-15000-puffs-mixed-berries-bestellen-und-sofort-geniessen\/#breadcrumb"},"inLanguage":"pl-PL","potentialAction":[{"@type":"ReadAction","target":["https:\/\/vapingnet.de\/vape\/top-angebot-waspe-15000-puffs-mixed-berries-bestellen-und-sofort-geniessen\/"]}]},{"@type":"ImageObject","inLanguage":"pl-PL","@id":"https:\/\/vapingnet.de\/vape\/top-angebot-waspe-15000-puffs-mixed-berries-bestellen-und-sofort-geniessen\/#primaryimage","url":"https:\/\/vapingnet.de\/wp-content\/uploads\/2025\/05\/Mixed-Berries.webp","contentUrl":"https:\/\/vapingnet.de\/wp-content\/uploads\/2025\/05\/Mixed-Berries.webp","width":1000,"height":1000},{"@type":"BreadcrumbList","@id":"https:\/\/vapingnet.de\/vape\/top-angebot-waspe-15000-puffs-mixed-berries-bestellen-und-sofort-geniessen\/#breadcrumb","itemListElement":[{"@type":"ListItem","position":1,"name":"Home","item":"https:\/\/vapingnet.de\/"},{"@type":"ListItem","position":2,"name":"Shop","item":"https:\/\/vapingnet.de\/vape\/"},{"@type":"ListItem","position":3,"name":"Top Angebot WASPE 15000 Puffs Mixed Berries Bestellen Und Sofort Genie\u00dfen"}]},{"@type":"WebSite","@id":"https:\/\/vapingnet.de\/#website","url":"https:\/\/vapingnet.de\/","name":"Vapingnet.de","description":"","publisher":{"@id":"https:\/\/vapingnet.de\/#organization"},"potentialAction":[{"@type":"SearchAction","target":{"@type":"EntryPoint","urlTemplate":"https:\/\/vapingnet.de\/?s={search_term_string}"},"query-input":{"@type":"PropertyValueSpecification","valueRequired":true,"valueName":"search_term_string"}}],"inLanguage":"pl-PL"},{"@type":"Organization","@id":"https:\/\/vapingnet.de\/#organization","name":"Vapingnet.de","url":"https:\/\/vapingnet.de\/","logo":{"@type":"ImageObject","inLanguage":"pl-PL","@id":"https:\/\/vapingnet.de\/#\/schema\/logo\/image\/","url":"https:\/\/vapingnet.de\/wp-content\/uploads\/2025\/03\/cropped-vapingnet.de_.jpg","contentUrl":"https:\/\/vapingnet.de\/wp-content\/uploads\/2025\/03\/cropped-vapingnet.de_.jpg","width":512,"height":512,"caption":"Vapingnet.de"},"image":{"@id":"https:\/\/vapingnet.de\/#\/schema\/logo\/image\/"},"sameAs":["https:\/\/www.facebook.com\/vapingnetde\/"]}]}},"tiered_pricing_type":"fixed","tiered_pricing_fixed_rules":[],"tiered_pricing_product_settings":{"layout":"default","base_unit_name":{"singular":null,"plural":null},"default_variation":null},"tiered_pricing_minimum_quantity":null,"tiered_pricing_roles_data":[],"tiered_pricing_percentage_rules":[],"_links":{"self":[{"href":"https:\/\/vapingnet.de\/pl\/wp-json\/wp\/v2\/product\/6753","targetHints":{"allow":["GET"]}}],"collection":[{"href":"https:\/\/vapingnet.de\/pl\/wp-json\/wp\/v2\/product"}],"about":[{"href":"https:\/\/vapingnet.de\/pl\/wp-json\/wp\/v2\/types\/product"}],"version-history":[{"count":2,"href":"https:\/\/vapingnet.de\/pl\/wp-json\/wp\/v2\/product\/6753\/revisions"}],"predecessor-version":[{"id":6764,"href":"https:\/\/vapingnet.de\/pl\/wp-json\/wp\/v2\/product\/6753\/revisions\/6764"}],"wp:featuredmedia":[{"embeddable":true,"href":"https:\/\/vapingnet.de\/pl\/wp-json\/wp\/v2\/media\/6736"}],"wp:attachment":[{"href":"https:\/\/vapingnet.de\/pl\/wp-json\/wp\/v2\/media?parent=6753"}],"wp:term":[{"taxonomy":"brand","embeddable":true,"href":"https:\/\/vapingnet.de\/pl\/wp-json\/wp\/v2\/etheme_brands?post=6753"},{"taxonomy":"product_brand","embeddable":true,"href":"https:\/\/vapingnet.de\/pl\/wp-json\/wp\/v2\/product_brand?post=6753"},{"taxonomy":"product_cat","embeddable":true,"href":"https:\/\/vapingnet.de\/pl\/wp-json\/wp\/v2\/product_cat?post=6753"},{"taxonomy":"product_tag","embeddable":true,"href":"https:\/\/vapingnet.de\/pl\/wp-json\/wp\/v2\/product_tag?post=6753"}],"curies":[{"name":"wp","href":"https:\/\/api.w.org\/{rel}","templated":true}]}}