{"id":6756,"date":"2025-05-05T03:25:43","date_gmt":"2025-05-05T03:25:43","guid":{"rendered":"https:\/\/vapingnet.de\/?post_type=product&#038;p=6756"},"modified":"2026-04-15T07:36:43","modified_gmt":"2026-04-15T07:36:43","slug":"erstklassiger-strawberry-mango-geschmack-mit-waspe-15000-puffs-fuer-den-anspruchsvollsten-gaumen","status":"publish","type":"product","link":"https:\/\/vapingnet.de\/pl\/vape\/erstklassiger-strawberry-mango-geschmack-mit-waspe-15000-puffs-fuer-den-anspruchsvollsten-gaumen\/","title":{"rendered":"Najlepszy smak Strawberry Mango z WASPE 15000 Puffs dla najbardziej wymagaj\u0105cych podniebie\u0144"},"content":{"rendered":"<h2 data-start=\"0\" data-end=\"63\" data-immersive-translate-walked=\"3de21478-1246-4518-a7dd-f5616a47085e\">WASPE 15000 Puffs Elektroniczny Papieros nowej generacji<\/h2>\n<p class=\"\" data-start=\"65\" data-end=\"319\" data-immersive-translate-walked=\"3de21478-1246-4518-a7dd-f5616a47085e\" data-immersive-translate-paragraph=\"1\">WASPE 15000 Puffs to zaawansowany jednorazowy e-papieros, kt\u00f3ry wyznacza nowe standardy pod wzgl\u0119dem wydajno\u015bci, \u0142atwo\u015bci obs\u0142ugi i smaku. Dzi\u0119ki wielu innowacyjnym funkcjom jest niezb\u0119dnym urz\u0105dzeniem dla wszystkich mi\u0142o\u015bnik\u00f3w vapingu.<\/p>\n<h3>Cechy szczeg\u00f3lne WASPE 15000 Puffs<\/h3>\n<ol data-start=\"371\" data-end=\"1815\" data-immersive-translate-walked=\"3de21478-1246-4518-a7dd-f5616a47085e\">\n<li class=\"\" data-start=\"371\" data-end=\"733\" data-immersive-translate-walked=\"3de21478-1246-4518-a7dd-f5616a47085e\">\n<p class=\"\" data-start=\"374\" data-end=\"409\" data-immersive-translate-walked=\"3de21478-1246-4518-a7dd-f5616a47085e\">Pojemno\u015b\u0107 na 15 000 zaci\u0105gni\u0119\u0107<\/p>\n<ul data-start=\"413\" data-end=\"733\" data-immersive-translate-walked=\"3de21478-1246-4518-a7dd-f5616a47085e\">\n<li class=\"\" data-start=\"413\" data-end=\"733\" data-immersive-translate-walked=\"3de21478-1246-4518-a7dd-f5616a47085e\">\n<p class=\"\" data-start=\"415\" data-end=\"733\" data-immersive-translate-walked=\"3de21478-1246-4518-a7dd-f5616a47085e\" data-immersive-translate-paragraph=\"1\">Dzi\u0119ki niezwykle du\u017cej pojemno\u015bci na zaci\u0105gni\u0119cia, ten jednorazowy e-papieros oferuje ponad 15 000 zaci\u0105gni\u0119\u0107. Oznacza to, \u017ce mo\u017cna go u\u017cywa\u0107 przez d\u0142ugi czas bez konieczno\u015bci \u0142adowania lub uzupe\u0142niania. Du\u017cy zbiornik na e-liquid o pojemno\u015bci 22 ml zapewnia nieprzerwane korzystanie z vapingu.<\/p>\n<\/li>\n<\/ul>\n<\/li>\n<li class=\"\" data-start=\"735\" data-end=\"1170\" data-immersive-translate-walked=\"3de21478-1246-4518-a7dd-f5616a47085e\">\n<p class=\"\" data-start=\"738\" data-end=\"777\" data-immersive-translate-walked=\"3de21478-1246-4518-a7dd-f5616a47085e\">Rewolucyjna technologia mesh-coil<\/p>\n<ul data-start=\"781\" data-end=\"1170\" data-immersive-translate-walked=\"3de21478-1246-4518-a7dd-f5616a47085e\">\n<li class=\"\" data-start=\"781\" data-end=\"1170\" data-immersive-translate-walked=\"3de21478-1246-4518-a7dd-f5616a47085e\">\n<p class=\"\" data-start=\"783\" data-end=\"1170\" data-immersive-translate-walked=\"3de21478-1246-4518-a7dd-f5616a47085e\" data-immersive-translate-paragraph=\"1\">Technologia mesh-coil o oporno\u015bci 0,8\u03a9 zapewnia r\u00f3wnomierne odparowywanie liquidu i wzmacnia smak. Dzi\u0119ki tej technologii para jest r\u00f3wnomiernie podgrzewana, co prowadzi do pe\u0142niejszego, intensywniejszego i bardziej aromatycznego do\u015bwiadczenia. Szczeg\u00f3lnie smak \u201eStrawberry Mango\u201d wyr\u00f3\u017cnia si\u0119 \u2013 owocowa, s\u0142odka mieszanka, kt\u00f3ra rozpieszcza podniebienie.<\/p>\n<\/li>\n<\/ul>\n<\/li>\n<li class=\"\" data-start=\"1172\" data-end=\"1496\" data-immersive-translate-walked=\"3de21478-1246-4518-a7dd-f5616a47085e\">\n<p class=\"\" data-start=\"1175\" data-end=\"1216\" data-immersive-translate-walked=\"3de21478-1246-4518-a7dd-f5616a47085e\">Wy\u015bwietlacz LCD z informacjami w czasie rzeczywistym<\/p>\n<ul data-start=\"1220\" data-end=\"1496\" data-immersive-translate-walked=\"3de21478-1246-4518-a7dd-f5616a47085e\">\n<li class=\"\" data-start=\"1220\" data-end=\"1496\" data-immersive-translate-walked=\"3de21478-1246-4518-a7dd-f5616a47085e\">\n<p class=\"\" data-start=\"1222\" data-end=\"1496\" data-immersive-translate-walked=\"3de21478-1246-4518-a7dd-f5616a47085e\" data-immersive-translate-paragraph=\"1\">Wy\u015bwietlacz LCD zawsze dostarcza najnowszych informacji, takich jak poziom na\u0142adowania baterii, pozosta\u0142e zaci\u0105gni\u0119cia i poziom nape\u0142nienia e-liquidem. Ta praktyczna funkcja pomaga monitorowa\u0107 urz\u0105dzenie i zapewnia, \u017ce jest zawsze gotowe do u\u017cycia.<\/p>\n<\/li>\n<\/ul>\n<\/li>\n<li class=\"\" data-start=\"1498\" data-end=\"1815\" data-immersive-translate-walked=\"3de21478-1246-4518-a7dd-f5616a47085e\">\n<p class=\"\" data-start=\"1501\" data-end=\"1555\" data-immersive-translate-walked=\"3de21478-1246-4518-a7dd-f5616a47085e\">D\u0142ugotrwa\u0142e u\u017cytkowanie dzi\u0119ki akumulatorowi wielokrotnego \u0142adowania<\/p>\n<ul data-start=\"1559\" data-end=\"1815\" data-immersive-translate-walked=\"3de21478-1246-4518-a7dd-f5616a47085e\">\n<li class=\"\" data-start=\"1559\" data-end=\"1815\" data-immersive-translate-walked=\"3de21478-1246-4518-a7dd-f5616a47085e\">\n<p class=\"\" data-start=\"1561\" data-end=\"1815\" data-immersive-translate-walked=\"3de21478-1246-4518-a7dd-f5616a47085e\" data-immersive-translate-paragraph=\"1\">Wyposa\u017cony w akumulator o pojemno\u015bci 850mAh, kt\u00f3ry mo\u017cna szybko na\u0142adowa\u0107 za pomoc\u0105 nowoczesnego portu Type-C, umo\u017cliwia szybkie i efektywne do\u0142adowanie. Ta funkcja wyd\u0142u\u017ca czas u\u017cytkowania i pozwala mie\u0107 urz\u0105dzenie zawsze gotowe do dzia\u0142ania.<\/p>\n<\/li>\n<\/ul>\n<\/li>\n<\/ol>\n<h4 data-start=\"1817\" data-end=\"1855\" data-immersive-translate-walked=\"3de21478-1246-4518-a7dd-f5616a47085e\"><img fetchpriority=\"high\" decoding=\"async\" class=\"wp-image-6883 aligncenter\" src=\"https:\/\/vapingnet.de\/wp-content\/uploads\/2025\/05\/3-300x169.jpg\" alt=\"\" width=\"1885\" height=\"1062\" srcset=\"https:\/\/vapingnet.de\/wp-content\/uploads\/2025\/05\/3-300x169.jpg 300w, https:\/\/vapingnet.de\/wp-content\/uploads\/2025\/05\/3-1024x576.jpg 1024w, https:\/\/vapingnet.de\/wp-content\/uploads\/2025\/05\/3-768x432.jpg 768w, https:\/\/vapingnet.de\/wp-content\/uploads\/2025\/05\/3-1536x864.jpg 1536w, https:\/\/vapingnet.de\/wp-content\/uploads\/2025\/05\/3-600x338.jpg 600w, https:\/\/vapingnet.de\/wp-content\/uploads\/2025\/05\/3-1x1.jpg 1w, https:\/\/vapingnet.de\/wp-content\/uploads\/2025\/05\/3-10x6.jpg 10w\" sizes=\"(max-width: 1885px) 100vw, 1885px\" \/><\/h4>\n<h4 data-start=\"1817\" data-end=\"1855\" data-immersive-translate-walked=\"3de21478-1246-4518-a7dd-f5616a47085e\">Zalety WASPE 15000 Puffs<\/h4>\n<ul data-start=\"1857\" data-end=\"2388\" data-immersive-translate-walked=\"3de21478-1246-4518-a7dd-f5616a47085e\">\n<li class=\"\" data-start=\"1857\" data-end=\"2119\" data-immersive-translate-walked=\"3de21478-1246-4518-a7dd-f5616a47085e\">\n<p class=\"\" data-start=\"1859\" data-end=\"2119\" data-immersive-translate-walked=\"3de21478-1246-4518-a7dd-f5616a47085e\" data-immersive-translate-paragraph=\"1\">Dost\u0119p bez c\u0142a: zam\u00f3w WASPE 15000 Puffs bez obaw o dodatkowe op\u0142aty celne lub biurokratyczne formalno\u015bci. Na vapingnet.de mo\u017cna szybko i bezproblemowo naby\u0107 urz\u0105dzenie i mie\u0107 je dostarczone bezpo\u015brednio do domu.<\/p>\n<\/li>\n<li class=\"\" data-start=\"2123\" data-end=\"2388\" data-immersive-translate-walked=\"3de21478-1246-4518-a7dd-f5616a47085e\">\n<p class=\"\" data-start=\"2125\" data-end=\"2388\" data-immersive-translate-walked=\"3de21478-1246-4518-a7dd-f5616a47085e\" data-immersive-translate-paragraph=\"1\">Praktyczna obs\u0142uga i u\u017cytkowanie: WASPE 15000 Puffs jest nie tylko wydajny, ale tak\u017ce niezwykle przyjazny dla u\u017cytkownika. Dzi\u0119ki praktycznej opcji \u0142adowania, czytelnemu wy\u015bwietlaczowi LCD i ergonomicznemu kszta\u0142towi, le\u017cy idealnie w d\u0142oni.<\/p>\n<\/li>\n<\/ul>\n<h4>Dlaczego warto wybra\u0107 WASPE 15000 Puffs?<\/h4>\n<p class=\"\" data-start=\"2435\" data-end=\"2796\" data-immersive-translate-walked=\"3de21478-1246-4518-a7dd-f5616a47085e\" data-immersive-translate-paragraph=\"1\">Dla vapist\u00f3w poszukuj\u0105cych niezawodnego i wydajnego urz\u0105dzenia, WASPE 15000 Puffs stanowi doskona\u0142e rozwi\u0105zanie. \u0141\u0105czy du\u017c\u0105 pojemno\u015b\u0107, innowacyjn\u0105 technologi\u0119 i najwy\u017cszej klasy doznania smakowe. Niezale\u017cnie od tego, czy jeste\u015b do\u015bwiadczonym vapist\u0105, czy nowicjuszem \u2013 to urz\u0105dzenie z pewno\u015bci\u0105 spe\u0142ni Twoje oczekiwania.<\/p>\n<h4 data-start=\"2798\" data-end=\"2842\" data-immersive-translate-walked=\"3de21478-1246-4518-a7dd-f5616a47085e\">Zam\u00f3w ju\u017c teraz na vapingnet.de<\/h4>\n<p class=\"\" data-start=\"2844\" data-end=\"3054\" data-immersive-translate-walked=\"3de21478-1246-4518-a7dd-f5616a47085e\" data-immersive-translate-paragraph=\"1\">Prze\u017cyj przysz\u0142o\u015b\u0107 vapingu z WASPE 15000 Puffs i zam\u00f3w ju\u017c dzi\u015b na vapingnet.de. Skorzystaj z szybkiej dostawy i wygodnego procesu zakupowego bez op\u0142at celnych.<\/p>","protected":false},"excerpt":{"rendered":"<p>WASPE 15000 Puffs: E-papieros nowej generacji. WASPE 15000 Puffs to wysokiej klasy jednorazowy e-papieros, kt\u00f3ry pod wzgl\u0119dem wydajno\u015bci, \u0142atwo\u015bci obs\u0142ugi i smaku wprowadza nowe standardy...<\/p>","protected":false},"featured_media":6740,"template":"","meta":[],"etheme_brands":[],"product_brand":[98],"product_cat":[53,49,61],"product_tag":[],"class_list":{"0":"post-6756","1":"product","2":"type-product","3":"status-publish","4":"has-post-thumbnail","6":"product_brand-waspe-vape","7":"product_cat-vape-15000-zuege","8":"product_cat-einweg-e-zigarette","9":"product_cat-f","11":"first","12":"instock","13":"shipping-taxable","14":"purchasable","15":"product-type-variable"},"yoast_head":"<!-- This site is optimized with the Yoast SEO plugin v26.5 - https:\/\/yoast.com\/wordpress\/plugins\/seo\/ -->\n<title>Erstklassiger Strawberry Mango Geschmack Mit WASPE 15000 Puffs F\u00fcr Den Anspruchsvollsten Gaumen | Vapingnet.de<\/title>\n<meta name=\"description\" content=\"Entdecke Erstklassiger Strawberry Mango Geschmack Mit WASPE 15000 Puffs F\u00fcr Den Anspruchsvollsten Gaumen bei vapingnet.de, \u25ba Gro\u00dfe Auswahl an Geschmacksrichtungen &amp; super g\u00fcnstig!\" \/>\n<meta name=\"robots\" content=\"index, follow, max-snippet:-1, max-image-preview:large, max-video-preview:-1\" \/>\n<link rel=\"canonical\" href=\"https:\/\/vapingnet.de\/pl\/vape\/erstklassiger-strawberry-mango-geschmack-mit-waspe-15000-puffs-fuer-den-anspruchsvollsten-gaumen\/\" \/>\n<meta property=\"og:locale\" content=\"pl_PL\" \/>\n<meta property=\"og:type\" content=\"article\" \/>\n<meta property=\"og:title\" content=\"Erstklassiger Strawberry Mango Geschmack Mit WASPE 15000 Puffs F\u00fcr Den Anspruchsvollsten Gaumen | Vapingnet.de\" \/>\n<meta property=\"og:description\" content=\"Entdecke Erstklassiger Strawberry Mango Geschmack Mit WASPE 15000 Puffs F\u00fcr Den Anspruchsvollsten Gaumen bei vapingnet.de, \u25ba Gro\u00dfe Auswahl an Geschmacksrichtungen &amp; super g\u00fcnstig!\" \/>\n<meta property=\"og:url\" content=\"https:\/\/vapingnet.de\/pl\/vape\/erstklassiger-strawberry-mango-geschmack-mit-waspe-15000-puffs-fuer-den-anspruchsvollsten-gaumen\/\" \/>\n<meta property=\"og:site_name\" content=\"Vapingnet.de\" \/>\n<meta property=\"article:publisher\" content=\"https:\/\/www.facebook.com\/vapingnetde\/\" \/>\n<meta property=\"article:modified_time\" content=\"2026-04-15T07:36:43+00:00\" \/>\n<meta property=\"og:image\" content=\"https:\/\/vapingnet.de\/wp-content\/uploads\/2025\/05\/Strawberry-Mango.webp\" \/>\n\t<meta property=\"og:image:width\" content=\"1000\" \/>\n\t<meta property=\"og:image:height\" content=\"1000\" \/>\n\t<meta property=\"og:image:type\" content=\"image\/webp\" \/>\n<meta name=\"twitter:card\" content=\"summary_large_image\" \/>\n<meta name=\"twitter:label1\" content=\"Est. reading time\" \/>\n\t<meta name=\"twitter:data1\" content=\"3 minutes\" \/>\n<script type=\"application\/ld+json\" class=\"yoast-schema-graph\">{\"@context\":\"https:\/\/schema.org\",\"@graph\":[{\"@type\":\"WebPage\",\"@id\":\"https:\/\/vapingnet.de\/vape\/erstklassiger-strawberry-mango-geschmack-mit-waspe-15000-puffs-fuer-den-anspruchsvollsten-gaumen\/\",\"url\":\"https:\/\/vapingnet.de\/vape\/erstklassiger-strawberry-mango-geschmack-mit-waspe-15000-puffs-fuer-den-anspruchsvollsten-gaumen\/\",\"name\":\"Erstklassiger Strawberry Mango Geschmack Mit WASPE 15000 Puffs F\u00fcr Den Anspruchsvollsten Gaumen | Vapingnet.de\",\"isPartOf\":{\"@id\":\"https:\/\/vapingnet.de\/#website\"},\"primaryImageOfPage\":{\"@id\":\"https:\/\/vapingnet.de\/vape\/erstklassiger-strawberry-mango-geschmack-mit-waspe-15000-puffs-fuer-den-anspruchsvollsten-gaumen\/#primaryimage\"},\"image\":{\"@id\":\"https:\/\/vapingnet.de\/vape\/erstklassiger-strawberry-mango-geschmack-mit-waspe-15000-puffs-fuer-den-anspruchsvollsten-gaumen\/#primaryimage\"},\"thumbnailUrl\":\"https:\/\/vapingnet.de\/wp-content\/uploads\/2025\/05\/Strawberry-Mango.webp\",\"datePublished\":\"2025-05-05T03:25:43+00:00\",\"dateModified\":\"2026-04-15T07:36:43+00:00\",\"description\":\"Entdecke Erstklassiger Strawberry Mango Geschmack Mit WASPE 15000 Puffs F\u00fcr Den Anspruchsvollsten Gaumen bei vapingnet.de, \u25ba Gro\u00dfe Auswahl an Geschmacksrichtungen & super g\u00fcnstig!\",\"breadcrumb\":{\"@id\":\"https:\/\/vapingnet.de\/vape\/erstklassiger-strawberry-mango-geschmack-mit-waspe-15000-puffs-fuer-den-anspruchsvollsten-gaumen\/#breadcrumb\"},\"inLanguage\":\"pl-PL\",\"potentialAction\":[{\"@type\":\"ReadAction\",\"target\":[\"https:\/\/vapingnet.de\/vape\/erstklassiger-strawberry-mango-geschmack-mit-waspe-15000-puffs-fuer-den-anspruchsvollsten-gaumen\/\"]}]},{\"@type\":\"ImageObject\",\"inLanguage\":\"pl-PL\",\"@id\":\"https:\/\/vapingnet.de\/vape\/erstklassiger-strawberry-mango-geschmack-mit-waspe-15000-puffs-fuer-den-anspruchsvollsten-gaumen\/#primaryimage\",\"url\":\"https:\/\/vapingnet.de\/wp-content\/uploads\/2025\/05\/Strawberry-Mango.webp\",\"contentUrl\":\"https:\/\/vapingnet.de\/wp-content\/uploads\/2025\/05\/Strawberry-Mango.webp\",\"width\":1000,\"height\":1000},{\"@type\":\"BreadcrumbList\",\"@id\":\"https:\/\/vapingnet.de\/vape\/erstklassiger-strawberry-mango-geschmack-mit-waspe-15000-puffs-fuer-den-anspruchsvollsten-gaumen\/#breadcrumb\",\"itemListElement\":[{\"@type\":\"ListItem\",\"position\":1,\"name\":\"Home\",\"item\":\"https:\/\/vapingnet.de\/\"},{\"@type\":\"ListItem\",\"position\":2,\"name\":\"Shop\",\"item\":\"https:\/\/vapingnet.de\/vape\/\"},{\"@type\":\"ListItem\",\"position\":3,\"name\":\"Erstklassiger Strawberry Mango Geschmack Mit WASPE 15000 Puffs F\u00fcr Den Anspruchsvollsten Gaumen\"}]},{\"@type\":\"WebSite\",\"@id\":\"https:\/\/vapingnet.de\/#website\",\"url\":\"https:\/\/vapingnet.de\/\",\"name\":\"Vapingnet.de\",\"description\":\"\",\"publisher\":{\"@id\":\"https:\/\/vapingnet.de\/#organization\"},\"potentialAction\":[{\"@type\":\"SearchAction\",\"target\":{\"@type\":\"EntryPoint\",\"urlTemplate\":\"https:\/\/vapingnet.de\/?s={search_term_string}\"},\"query-input\":{\"@type\":\"PropertyValueSpecification\",\"valueRequired\":true,\"valueName\":\"search_term_string\"}}],\"inLanguage\":\"pl-PL\"},{\"@type\":\"Organization\",\"@id\":\"https:\/\/vapingnet.de\/#organization\",\"name\":\"Vapingnet.de\",\"url\":\"https:\/\/vapingnet.de\/\",\"logo\":{\"@type\":\"ImageObject\",\"inLanguage\":\"pl-PL\",\"@id\":\"https:\/\/vapingnet.de\/#\/schema\/logo\/image\/\",\"url\":\"https:\/\/vapingnet.de\/wp-content\/uploads\/2025\/03\/cropped-vapingnet.de_.jpg\",\"contentUrl\":\"https:\/\/vapingnet.de\/wp-content\/uploads\/2025\/03\/cropped-vapingnet.de_.jpg\",\"width\":512,\"height\":512,\"caption\":\"Vapingnet.de\"},\"image\":{\"@id\":\"https:\/\/vapingnet.de\/#\/schema\/logo\/image\/\"},\"sameAs\":[\"https:\/\/www.facebook.com\/vapingnetde\/\"]}]}<\/script>\n<!-- \/ Yoast SEO plugin. -->","yoast_head_json":{"title":"Erstklassiger Strawberry Mango Geschmack Mit WASPE 15000 Puffs F\u00fcr Den Anspruchsvollsten Gaumen | Vapingnet.de","description":"Entdecke Erstklassiger Strawberry Mango Geschmack Mit WASPE 15000 Puffs F\u00fcr Den Anspruchsvollsten Gaumen bei vapingnet.de, \u25ba Gro\u00dfe Auswahl an Geschmacksrichtungen & super g\u00fcnstig!","robots":{"index":"index","follow":"follow","max-snippet":"max-snippet:-1","max-image-preview":"max-image-preview:large","max-video-preview":"max-video-preview:-1"},"canonical":"https:\/\/vapingnet.de\/pl\/vape\/erstklassiger-strawberry-mango-geschmack-mit-waspe-15000-puffs-fuer-den-anspruchsvollsten-gaumen\/","og_locale":"pl_PL","og_type":"article","og_title":"Erstklassiger Strawberry Mango Geschmack Mit WASPE 15000 Puffs F\u00fcr Den Anspruchsvollsten Gaumen | Vapingnet.de","og_description":"Entdecke Erstklassiger Strawberry Mango Geschmack Mit WASPE 15000 Puffs F\u00fcr Den Anspruchsvollsten Gaumen bei vapingnet.de, \u25ba Gro\u00dfe Auswahl an Geschmacksrichtungen & super g\u00fcnstig!","og_url":"https:\/\/vapingnet.de\/pl\/vape\/erstklassiger-strawberry-mango-geschmack-mit-waspe-15000-puffs-fuer-den-anspruchsvollsten-gaumen\/","og_site_name":"Vapingnet.de","article_publisher":"https:\/\/www.facebook.com\/vapingnetde\/","article_modified_time":"2026-04-15T07:36:43+00:00","og_image":[{"width":1000,"height":1000,"url":"https:\/\/vapingnet.de\/wp-content\/uploads\/2025\/05\/Strawberry-Mango.webp","type":"image\/webp"}],"twitter_card":"summary_large_image","twitter_misc":{"Est. reading time":"3 minutes"},"schema":{"@context":"https:\/\/schema.org","@graph":[{"@type":"WebPage","@id":"https:\/\/vapingnet.de\/vape\/erstklassiger-strawberry-mango-geschmack-mit-waspe-15000-puffs-fuer-den-anspruchsvollsten-gaumen\/","url":"https:\/\/vapingnet.de\/vape\/erstklassiger-strawberry-mango-geschmack-mit-waspe-15000-puffs-fuer-den-anspruchsvollsten-gaumen\/","name":"Erstklassiger Strawberry Mango Geschmack Mit WASPE 15000 Puffs F\u00fcr Den Anspruchsvollsten Gaumen | Vapingnet.de","isPartOf":{"@id":"https:\/\/vapingnet.de\/#website"},"primaryImageOfPage":{"@id":"https:\/\/vapingnet.de\/vape\/erstklassiger-strawberry-mango-geschmack-mit-waspe-15000-puffs-fuer-den-anspruchsvollsten-gaumen\/#primaryimage"},"image":{"@id":"https:\/\/vapingnet.de\/vape\/erstklassiger-strawberry-mango-geschmack-mit-waspe-15000-puffs-fuer-den-anspruchsvollsten-gaumen\/#primaryimage"},"thumbnailUrl":"https:\/\/vapingnet.de\/wp-content\/uploads\/2025\/05\/Strawberry-Mango.webp","datePublished":"2025-05-05T03:25:43+00:00","dateModified":"2026-04-15T07:36:43+00:00","description":"Entdecke Erstklassiger Strawberry Mango Geschmack Mit WASPE 15000 Puffs F\u00fcr Den Anspruchsvollsten Gaumen bei vapingnet.de, \u25ba Gro\u00dfe Auswahl an Geschmacksrichtungen & super g\u00fcnstig!","breadcrumb":{"@id":"https:\/\/vapingnet.de\/vape\/erstklassiger-strawberry-mango-geschmack-mit-waspe-15000-puffs-fuer-den-anspruchsvollsten-gaumen\/#breadcrumb"},"inLanguage":"pl-PL","potentialAction":[{"@type":"ReadAction","target":["https:\/\/vapingnet.de\/vape\/erstklassiger-strawberry-mango-geschmack-mit-waspe-15000-puffs-fuer-den-anspruchsvollsten-gaumen\/"]}]},{"@type":"ImageObject","inLanguage":"pl-PL","@id":"https:\/\/vapingnet.de\/vape\/erstklassiger-strawberry-mango-geschmack-mit-waspe-15000-puffs-fuer-den-anspruchsvollsten-gaumen\/#primaryimage","url":"https:\/\/vapingnet.de\/wp-content\/uploads\/2025\/05\/Strawberry-Mango.webp","contentUrl":"https:\/\/vapingnet.de\/wp-content\/uploads\/2025\/05\/Strawberry-Mango.webp","width":1000,"height":1000},{"@type":"BreadcrumbList","@id":"https:\/\/vapingnet.de\/vape\/erstklassiger-strawberry-mango-geschmack-mit-waspe-15000-puffs-fuer-den-anspruchsvollsten-gaumen\/#breadcrumb","itemListElement":[{"@type":"ListItem","position":1,"name":"Home","item":"https:\/\/vapingnet.de\/"},{"@type":"ListItem","position":2,"name":"Shop","item":"https:\/\/vapingnet.de\/vape\/"},{"@type":"ListItem","position":3,"name":"Erstklassiger Strawberry Mango Geschmack Mit WASPE 15000 Puffs F\u00fcr Den Anspruchsvollsten Gaumen"}]},{"@type":"WebSite","@id":"https:\/\/vapingnet.de\/#website","url":"https:\/\/vapingnet.de\/","name":"Vapingnet.de","description":"","publisher":{"@id":"https:\/\/vapingnet.de\/#organization"},"potentialAction":[{"@type":"SearchAction","target":{"@type":"EntryPoint","urlTemplate":"https:\/\/vapingnet.de\/?s={search_term_string}"},"query-input":{"@type":"PropertyValueSpecification","valueRequired":true,"valueName":"search_term_string"}}],"inLanguage":"pl-PL"},{"@type":"Organization","@id":"https:\/\/vapingnet.de\/#organization","name":"Vapingnet.de","url":"https:\/\/vapingnet.de\/","logo":{"@type":"ImageObject","inLanguage":"pl-PL","@id":"https:\/\/vapingnet.de\/#\/schema\/logo\/image\/","url":"https:\/\/vapingnet.de\/wp-content\/uploads\/2025\/03\/cropped-vapingnet.de_.jpg","contentUrl":"https:\/\/vapingnet.de\/wp-content\/uploads\/2025\/03\/cropped-vapingnet.de_.jpg","width":512,"height":512,"caption":"Vapingnet.de"},"image":{"@id":"https:\/\/vapingnet.de\/#\/schema\/logo\/image\/"},"sameAs":["https:\/\/www.facebook.com\/vapingnetde\/"]}]}},"tiered_pricing_type":"fixed","tiered_pricing_fixed_rules":[],"tiered_pricing_product_settings":{"layout":"default","base_unit_name":{"singular":null,"plural":null},"default_variation":null},"tiered_pricing_minimum_quantity":null,"tiered_pricing_roles_data":[],"tiered_pricing_percentage_rules":[],"_links":{"self":[{"href":"https:\/\/vapingnet.de\/pl\/wp-json\/wp\/v2\/product\/6756","targetHints":{"allow":["GET"]}}],"collection":[{"href":"https:\/\/vapingnet.de\/pl\/wp-json\/wp\/v2\/product"}],"about":[{"href":"https:\/\/vapingnet.de\/pl\/wp-json\/wp\/v2\/types\/product"}],"version-history":[{"count":4,"href":"https:\/\/vapingnet.de\/pl\/wp-json\/wp\/v2\/product\/6756\/revisions"}],"predecessor-version":[{"id":6884,"href":"https:\/\/vapingnet.de\/pl\/wp-json\/wp\/v2\/product\/6756\/revisions\/6884"}],"wp:featuredmedia":[{"embeddable":true,"href":"https:\/\/vapingnet.de\/pl\/wp-json\/wp\/v2\/media\/6740"}],"wp:attachment":[{"href":"https:\/\/vapingnet.de\/pl\/wp-json\/wp\/v2\/media?parent=6756"}],"wp:term":[{"taxonomy":"brand","embeddable":true,"href":"https:\/\/vapingnet.de\/pl\/wp-json\/wp\/v2\/etheme_brands?post=6756"},{"taxonomy":"product_brand","embeddable":true,"href":"https:\/\/vapingnet.de\/pl\/wp-json\/wp\/v2\/product_brand?post=6756"},{"taxonomy":"product_cat","embeddable":true,"href":"https:\/\/vapingnet.de\/pl\/wp-json\/wp\/v2\/product_cat?post=6756"},{"taxonomy":"product_tag","embeddable":true,"href":"https:\/\/vapingnet.de\/pl\/wp-json\/wp\/v2\/product_tag?post=6756"}],"curies":[{"name":"wp","href":"https:\/\/api.w.org\/{rel}","templated":true}]}}