{"id":6758,"date":"2025-05-05T03:26:27","date_gmt":"2025-05-05T03:26:27","guid":{"rendered":"https:\/\/vapingnet.de\/?post_type=product&#038;p=6758"},"modified":"2026-04-15T07:35:33","modified_gmt":"2026-04-15T07:35:33","slug":"peach-lce-geschmack-mit-waspe-15000-puffs-direkter-versand-weltweit-beliebt-top-qualitaet","status":"publish","type":"product","link":"https:\/\/vapingnet.de\/pl\/vape\/peach-lce-geschmack-mit-waspe-15000-puffs-direkter-versand-weltweit-beliebt-top-qualitaet\/","title":{"rendered":"Smak brzoskwini i lodu, z WASPE 15000 Puffs, wysy\u0142ka bezpo\u015brednia na ca\u0142y \u015bwiat, popularny, najwy\u017csza jako\u015b\u0107"},"content":{"rendered":"<h2 data-start=\"0\" data-end=\"72\">WASPE 15000 Puffs Jednorazowa e-papieros dla wymagaj\u0105cych palaczy<\/h2>\n<p class=\"\" data-start=\"74\" data-end=\"358\" data-immersive-translate-walked=\"5e8aaed0-6db9-4f02-ae23-4d550e457d1c\" data-immersive-translate-paragraph=\"1\">WASPE 15000 Puffs to wysokiej klasy jednorazowy e-papieros, kt\u00f3ry oferuje imponuj\u0105c\u0105 wydajno\u015b\u0107 i d\u0142ugi czas u\u017cytkowania. Dzi\u0119ki zaawansowanej technologii i innowacyjnemu designowi, ten model zapewnia wszystko, czego potrzebuj\u0105 palacze, aby cieszy\u0107 si\u0119 najwy\u017cszej jako\u015bci do\u015bwiadczeniem vapowania.<\/p>\n<p data-start=\"74\" data-end=\"358\" data-immersive-translate-walked=\"5e8aaed0-6db9-4f02-ae23-4d550e457d1c\" data-immersive-translate-paragraph=\"1\"><img fetchpriority=\"high\" decoding=\"async\" class=\"wp-image-6881 aligncenter\" src=\"https:\/\/vapingnet.de\/wp-content\/uploads\/2025\/05\/1-300x141.jpg\" alt=\"\" width=\"1215\" height=\"571\" srcset=\"https:\/\/vapingnet.de\/wp-content\/uploads\/2025\/05\/1-300x141.jpg 300w, https:\/\/vapingnet.de\/wp-content\/uploads\/2025\/05\/1-1024x480.jpg 1024w, https:\/\/vapingnet.de\/wp-content\/uploads\/2025\/05\/1-768x360.jpg 768w, https:\/\/vapingnet.de\/wp-content\/uploads\/2025\/05\/1-1536x720.jpg 1536w, https:\/\/vapingnet.de\/wp-content\/uploads\/2025\/05\/1-600x281.jpg 600w, https:\/\/vapingnet.de\/wp-content\/uploads\/2025\/05\/1-1x1.jpg 1w, https:\/\/vapingnet.de\/wp-content\/uploads\/2025\/05\/1-10x5.jpg 10w\" sizes=\"(max-width: 1215px) 100vw, 1215px\" \/><\/p>\n<h3>Zalety WASPE 15000 Puffs<\/h3>\n<p class=\"\" data-start=\"400\" data-end=\"579\" data-immersive-translate-walked=\"5e8aaed0-6db9-4f02-ae23-4d550e457d1c\" data-immersive-translate-paragraph=\"1\">WASPE 15000 Puffs wyposa\u017cony jest w szereg funkcji, kt\u00f3re czyni\u0105 go jednym z najlepszych jednorazowych e-papieros\u00f3w na rynku. Najwa\u017cniejsze zalety w skr\u00f3cie:<\/p>\n<ul data-start=\"581\" data-end=\"1519\">\n<li class=\"\" data-start=\"581\" data-end=\"751\">\n<p class=\"\" data-start=\"583\" data-end=\"751\" data-immersive-translate-walked=\"5e8aaed0-6db9-4f02-ae23-4d550e457d1c\" data-immersive-translate-paragraph=\"1\">15 000 poci\u0105gni\u0119\u0107: Z imponuj\u0105c\u0105 pojemno\u015bci\u0105 15 000 poci\u0105gni\u0119\u0107, WASPE 15000 Puffs umo\u017cliwia d\u0142ugotrwa\u0142e u\u017cytkowanie bez konieczno\u015bci cz\u0119stego uzupe\u0142niania lub wymiany.<\/p>\n<\/li>\n<li class=\"\" data-start=\"752\" data-end=\"936\">\n<p class=\"\" data-start=\"754\" data-end=\"936\" data-immersive-translate-walked=\"5e8aaed0-6db9-4f02-ae23-4d550e457d1c\" data-immersive-translate-paragraph=\"1\">Du\u017cy zbiornik na e-liquid 22ml: Dzi\u0119ki du\u017cemu zbiornikowi na e-liquid nie musisz si\u0119 martwi\u0107 o uzupe\u0142nianie. Zapewnia d\u0142ugi czas vapowania, zanim b\u0119dzie wymaga\u0142 nape\u0142nienia.<\/p>\n<\/li>\n<li class=\"\" data-start=\"937\" data-end=\"1092\">\n<p class=\"\" data-start=\"939\" data-end=\"1092\" data-immersive-translate-walked=\"5e8aaed0-6db9-4f02-ae23-4d550e457d1c\" data-immersive-translate-paragraph=\"1\">Technologia Mesh-Coil: 0,8\u03a9 Mesh-Coil zapewnia r\u00f3wnomierne odparowywanie i intensywniejszy smak. Ka\u017cde poci\u0105gni\u0119cie jest bogate w aromat i dym.<\/p>\n<\/li>\n<li class=\"\" data-start=\"1093\" data-end=\"1329\">\n<p class=\"\" data-start=\"1095\" data-end=\"1329\" data-immersive-translate-walked=\"5e8aaed0-6db9-4f02-ae23-4d550e457d1c\" data-immersive-translate-paragraph=\"1\">Wy\u015bwietlacz LCD: Wy\u015bwietlacz LCD pokazuje wa\u017cne informacje w czasie rzeczywistym, takie jak poziom na\u0142adowania baterii, poziom e-liquid i pozosta\u0142e poci\u0105gni\u0119cia. Dzi\u0119ki temu zawsze wiesz, kiedy na\u0142adowa\u0107 urz\u0105dzenie lub uzupe\u0142ni\u0107 e-liquid.<\/p>\n<\/li>\n<li class=\"\" data-start=\"1330\" data-end=\"1519\">\n<p class=\"\" data-start=\"1332\" data-end=\"1519\" data-immersive-translate-walked=\"5e8aaed0-6db9-4f02-ae23-4d550e457d1c\" data-immersive-translate-paragraph=\"1\">Akumulator wielokrotnego \u0142adowania: Z akumulatorem 850mAh, WASPE 15000 Puffs oferuje d\u0142ugi czas pracy, kt\u00f3ry mo\u017cna szybko na\u0142adowa\u0107 przez port Type-C.<\/p>\n<\/li>\n<\/ul>\n<h4 data-start=\"1521\" data-end=\"1551\" data-immersive-translate-walked=\"5e8aaed0-6db9-4f02-ae23-4d550e457d1c\">Smak i wydajno\u015b\u0107<\/h4>\n<p class=\"\" data-start=\"1553\" data-end=\"1885\" data-immersive-translate-walked=\"5e8aaed0-6db9-4f02-ae23-4d550e457d1c\" data-immersive-translate-paragraph=\"1\">WASPE 15000 Puffs zapewnia doskona\u0142y smak dzi\u0119ki technologii Mesh-Coil. Smak \u201ePeach Ice\u201d to orze\u017awiaj\u0105ca kombinacja s\u0142odkich brzoskwi\u0144 i ch\u0142odz\u0105cego mentolu. Ta mieszanka zapewnia przyjemne i od\u015bwie\u017caj\u0105ce do\u015bwiadczenie vapowania, kt\u00f3re nie traci smaku nawet przy d\u0142u\u017cszym u\u017cytkowaniu.<\/p>\n<h4 data-start=\"1887\" data-end=\"1925\" data-immersive-translate-walked=\"5e8aaed0-6db9-4f02-ae23-4d550e457d1c\">Przyjazne funkcje u\u017cytkownika<\/h4>\n<p class=\"\" data-start=\"1927\" data-end=\"2364\" data-immersive-translate-walked=\"5e8aaed0-6db9-4f02-ae23-4d550e457d1c\" data-immersive-translate-paragraph=\"1\">WASPE 15000 Puffs zosta\u0142o zaprojektowane z my\u015bl\u0105 o \u0142atwo\u015bci obs\u0142ugi. Wy\u015bwietlacz LCD informuje Ci\u0119 na bie\u017c\u0105co o stanie urz\u0105dzenia, a port \u0142adowania Type-C umo\u017cliwia szybkie i proste \u0142adowanie. D\u0142ugi czas poci\u0105gni\u0119\u0107 i du\u017cy zbiornik na e-liquid pozwalaj\u0105 cieszy\u0107 si\u0119 urz\u0105dzeniem przez d\u0142ugi czas bez konieczno\u015bci cz\u0119stego uzupe\u0142niania lub \u0142adowania.<\/p>\n<h3>Dlaczego warto wybra\u0107 WASPE 15000 Puffs?<\/h3>\n<ul data-start=\"2411\" data-end=\"2911\">\n<li class=\"\" data-start=\"2411\" data-end=\"2530\">\n<p class=\"\" data-start=\"2413\" data-end=\"2530\" data-immersive-translate-walked=\"5e8aaed0-6db9-4f02-ae23-4d550e457d1c\" data-immersive-translate-paragraph=\"1\">Trwa\u0142o\u015b\u0107 i du\u017ca pojemno\u015b\u0107: 15 000 poci\u0105gni\u0119\u0107 i zbiornik 22ml zapewniaj\u0105 wyj\u0105tkowe do\u015bwiadczenie u\u017cytkowania.<\/p>\n<\/li>\n<li class=\"\" data-start=\"2531\" data-end=\"2644\">\n<p class=\"\" data-start=\"2533\" data-end=\"2644\" data-immersive-translate-walked=\"5e8aaed0-6db9-4f02-ae23-4d550e457d1c\" data-immersive-translate-paragraph=\"1\">Od\u015bwie\u017caj\u0105cy smak: smak \u201ePeach Ice\u201d zapewnia intensywn\u0105, ch\u0142odz\u0105c\u0105 przyjemno\u015b\u0107 przy ka\u017cdym poci\u0105gni\u0119ciu.<\/p>\n<\/li>\n<li class=\"\" data-start=\"2645\" data-end=\"2759\">\n<p class=\"\" data-start=\"2647\" data-end=\"2759\" data-immersive-translate-walked=\"5e8aaed0-6db9-4f02-ae23-4d550e457d1c\" data-immersive-translate-paragraph=\"1\">Prosta obs\u0142uga: dzi\u0119ki wy\u015bwietlaczowi LCD i portowi \u0142adowania Type-C urz\u0105dzenie jest wyj\u0105tkowo przyjazne dla u\u017cytkownika.<\/p>\n<\/li>\n<li class=\"\" data-start=\"2760\" data-end=\"2911\">\n<p class=\"\" data-start=\"2762\" data-end=\"2911\" data-immersive-translate-walked=\"5e8aaed0-6db9-4f02-ae23-4d550e457d1c\" data-immersive-translate-paragraph=\"1\">Dost\u0119pne bez c\u0142a: na vapingnet.de mo\u017cesz bez problemu zam\u00f3wi\u0107 WASPE 15000 Puffs, nie martwi\u0105c si\u0119 o dodatkowe op\u0142aty.<\/p>\n<\/li>\n<\/ul>\n<h4 data-start=\"2913\" data-end=\"2973\" data-immersive-translate-walked=\"5e8aaed0-6db9-4f02-ae23-4d550e457d1c\">Zam\u00f3w WASPE 15000 Puffs na vapingnet.de<\/h4>\n<p class=\"\" data-start=\"2975\" data-end=\"3260\" data-immersive-translate-walked=\"5e8aaed0-6db9-4f02-ae23-4d550e457d1c\" data-immersive-translate-paragraph=\"1\">WASPE 15000 Puffs to idealny wyb\u00f3r dla palaczy poszukuj\u0105cych mocnego, trwa\u0142ego i intensywnie smakowego jednorazowego e-papierosa. Zam\u00f3w sw\u00f3j WASPE 15000 Puffs ju\u017c dzi\u015b na vapingnet.de i ciesz si\u0119 zaletami tego innowacyjnego urz\u0105dzenia.<\/p>","protected":false},"excerpt":{"rendered":"<p>WASPE 15000 Puffs: Jednorazowy e-papieros dla wymagaj\u0105cych palaczy. WASPE 15000 Puffs to wysokiej klasy jednorazowy e-papieros, kt\u00f3ry zapewnia imponuj\u0105c\u0105 wydajno\u015b\u0107 i d\u0142ugi czas u\u017cytkowania...<\/p>","protected":false},"featured_media":6738,"template":"","meta":[],"etheme_brands":[],"product_brand":[98],"product_cat":[53,49,61],"product_tag":[],"class_list":{"0":"post-6758","1":"product","2":"type-product","3":"status-publish","4":"has-post-thumbnail","6":"product_brand-waspe-vape","7":"product_cat-vape-15000-zuege","8":"product_cat-einweg-e-zigarette","9":"product_cat-f","11":"first","12":"instock","13":"shipping-taxable","14":"purchasable","15":"product-type-variable"},"yoast_head":"<!-- This site is optimized with the Yoast SEO plugin v26.5 - https:\/\/yoast.com\/wordpress\/plugins\/seo\/ -->\n<title>Peach lce Geschmack Mit WASPE 15000 Puffs Direkter Versand Weltweit Beliebt Top Qualit\u00e4t | Vapingnet.de<\/title>\n<meta name=\"description\" content=\"Entdecke Peach lce Geschmack Mit WASPE 15000 Puffs Direkter Versand Weltweit Beliebt Top Qualit\u00e4t bei vapingnet.de, \u25ba Gro\u00dfe Auswahl an Geschmacksrichtungen &amp; super g\u00fcnstig!\" \/>\n<meta name=\"robots\" content=\"index, follow, max-snippet:-1, max-image-preview:large, max-video-preview:-1\" \/>\n<link rel=\"canonical\" href=\"https:\/\/vapingnet.de\/pl\/vape\/peach-lce-geschmack-mit-waspe-15000-puffs-direkter-versand-weltweit-beliebt-top-qualitaet\/\" \/>\n<meta property=\"og:locale\" content=\"pl_PL\" \/>\n<meta property=\"og:type\" content=\"article\" \/>\n<meta property=\"og:title\" content=\"Peach lce Geschmack Mit WASPE 15000 Puffs Direkter Versand Weltweit Beliebt Top Qualit\u00e4t | Vapingnet.de\" \/>\n<meta property=\"og:description\" content=\"Entdecke Peach lce Geschmack Mit WASPE 15000 Puffs Direkter Versand Weltweit Beliebt Top Qualit\u00e4t bei vapingnet.de, \u25ba Gro\u00dfe Auswahl an Geschmacksrichtungen &amp; super g\u00fcnstig!\" \/>\n<meta property=\"og:url\" content=\"https:\/\/vapingnet.de\/pl\/vape\/peach-lce-geschmack-mit-waspe-15000-puffs-direkter-versand-weltweit-beliebt-top-qualitaet\/\" \/>\n<meta property=\"og:site_name\" content=\"Vapingnet.de\" \/>\n<meta property=\"article:publisher\" content=\"https:\/\/www.facebook.com\/vapingnetde\/\" \/>\n<meta property=\"article:modified_time\" content=\"2026-04-15T07:35:33+00:00\" \/>\n<meta property=\"og:image\" content=\"https:\/\/vapingnet.de\/wp-content\/uploads\/2025\/05\/Peach-lce.webp\" \/>\n\t<meta property=\"og:image:width\" content=\"1000\" \/>\n\t<meta property=\"og:image:height\" content=\"1000\" \/>\n\t<meta property=\"og:image:type\" content=\"image\/webp\" \/>\n<meta name=\"twitter:card\" content=\"summary_large_image\" \/>\n<meta name=\"twitter:label1\" content=\"Est. reading time\" \/>\n\t<meta name=\"twitter:data1\" content=\"3 minutes\" \/>\n<script type=\"application\/ld+json\" class=\"yoast-schema-graph\">{\"@context\":\"https:\/\/schema.org\",\"@graph\":[{\"@type\":\"WebPage\",\"@id\":\"https:\/\/vapingnet.de\/vape\/peach-lce-geschmack-mit-waspe-15000-puffs-direkter-versand-weltweit-beliebt-top-qualitaet\/\",\"url\":\"https:\/\/vapingnet.de\/vape\/peach-lce-geschmack-mit-waspe-15000-puffs-direkter-versand-weltweit-beliebt-top-qualitaet\/\",\"name\":\"Peach lce Geschmack Mit WASPE 15000 Puffs Direkter Versand Weltweit Beliebt Top Qualit\u00e4t | Vapingnet.de\",\"isPartOf\":{\"@id\":\"https:\/\/vapingnet.de\/#website\"},\"primaryImageOfPage\":{\"@id\":\"https:\/\/vapingnet.de\/vape\/peach-lce-geschmack-mit-waspe-15000-puffs-direkter-versand-weltweit-beliebt-top-qualitaet\/#primaryimage\"},\"image\":{\"@id\":\"https:\/\/vapingnet.de\/vape\/peach-lce-geschmack-mit-waspe-15000-puffs-direkter-versand-weltweit-beliebt-top-qualitaet\/#primaryimage\"},\"thumbnailUrl\":\"https:\/\/vapingnet.de\/wp-content\/uploads\/2025\/05\/Peach-lce.webp\",\"datePublished\":\"2025-05-05T03:26:27+00:00\",\"dateModified\":\"2026-04-15T07:35:33+00:00\",\"description\":\"Entdecke Peach lce Geschmack Mit WASPE 15000 Puffs Direkter Versand Weltweit Beliebt Top Qualit\u00e4t bei vapingnet.de, \u25ba Gro\u00dfe Auswahl an Geschmacksrichtungen & super g\u00fcnstig!\",\"breadcrumb\":{\"@id\":\"https:\/\/vapingnet.de\/vape\/peach-lce-geschmack-mit-waspe-15000-puffs-direkter-versand-weltweit-beliebt-top-qualitaet\/#breadcrumb\"},\"inLanguage\":\"pl-PL\",\"potentialAction\":[{\"@type\":\"ReadAction\",\"target\":[\"https:\/\/vapingnet.de\/vape\/peach-lce-geschmack-mit-waspe-15000-puffs-direkter-versand-weltweit-beliebt-top-qualitaet\/\"]}]},{\"@type\":\"ImageObject\",\"inLanguage\":\"pl-PL\",\"@id\":\"https:\/\/vapingnet.de\/vape\/peach-lce-geschmack-mit-waspe-15000-puffs-direkter-versand-weltweit-beliebt-top-qualitaet\/#primaryimage\",\"url\":\"https:\/\/vapingnet.de\/wp-content\/uploads\/2025\/05\/Peach-lce.webp\",\"contentUrl\":\"https:\/\/vapingnet.de\/wp-content\/uploads\/2025\/05\/Peach-lce.webp\",\"width\":1000,\"height\":1000},{\"@type\":\"BreadcrumbList\",\"@id\":\"https:\/\/vapingnet.de\/vape\/peach-lce-geschmack-mit-waspe-15000-puffs-direkter-versand-weltweit-beliebt-top-qualitaet\/#breadcrumb\",\"itemListElement\":[{\"@type\":\"ListItem\",\"position\":1,\"name\":\"Home\",\"item\":\"https:\/\/vapingnet.de\/\"},{\"@type\":\"ListItem\",\"position\":2,\"name\":\"Shop\",\"item\":\"https:\/\/vapingnet.de\/vape\/\"},{\"@type\":\"ListItem\",\"position\":3,\"name\":\"Peach lce Geschmack Mit WASPE 15000 Puffs Direkter Versand Weltweit Beliebt Top Qualit\u00e4t\"}]},{\"@type\":\"WebSite\",\"@id\":\"https:\/\/vapingnet.de\/#website\",\"url\":\"https:\/\/vapingnet.de\/\",\"name\":\"Vapingnet.de\",\"description\":\"\",\"publisher\":{\"@id\":\"https:\/\/vapingnet.de\/#organization\"},\"potentialAction\":[{\"@type\":\"SearchAction\",\"target\":{\"@type\":\"EntryPoint\",\"urlTemplate\":\"https:\/\/vapingnet.de\/?s={search_term_string}\"},\"query-input\":{\"@type\":\"PropertyValueSpecification\",\"valueRequired\":true,\"valueName\":\"search_term_string\"}}],\"inLanguage\":\"pl-PL\"},{\"@type\":\"Organization\",\"@id\":\"https:\/\/vapingnet.de\/#organization\",\"name\":\"Vapingnet.de\",\"url\":\"https:\/\/vapingnet.de\/\",\"logo\":{\"@type\":\"ImageObject\",\"inLanguage\":\"pl-PL\",\"@id\":\"https:\/\/vapingnet.de\/#\/schema\/logo\/image\/\",\"url\":\"https:\/\/vapingnet.de\/wp-content\/uploads\/2025\/03\/cropped-vapingnet.de_.jpg\",\"contentUrl\":\"https:\/\/vapingnet.de\/wp-content\/uploads\/2025\/03\/cropped-vapingnet.de_.jpg\",\"width\":512,\"height\":512,\"caption\":\"Vapingnet.de\"},\"image\":{\"@id\":\"https:\/\/vapingnet.de\/#\/schema\/logo\/image\/\"},\"sameAs\":[\"https:\/\/www.facebook.com\/vapingnetde\/\"]}]}<\/script>\n<!-- \/ Yoast SEO plugin. -->","yoast_head_json":{"title":"Peach lce Geschmack Mit WASPE 15000 Puffs Direkter Versand Weltweit Beliebt Top Qualit\u00e4t | Vapingnet.de","description":"Entdecke Peach lce Geschmack Mit WASPE 15000 Puffs Direkter Versand Weltweit Beliebt Top Qualit\u00e4t bei vapingnet.de, \u25ba Gro\u00dfe Auswahl an Geschmacksrichtungen & super g\u00fcnstig!","robots":{"index":"index","follow":"follow","max-snippet":"max-snippet:-1","max-image-preview":"max-image-preview:large","max-video-preview":"max-video-preview:-1"},"canonical":"https:\/\/vapingnet.de\/pl\/vape\/peach-lce-geschmack-mit-waspe-15000-puffs-direkter-versand-weltweit-beliebt-top-qualitaet\/","og_locale":"pl_PL","og_type":"article","og_title":"Peach lce Geschmack Mit WASPE 15000 Puffs Direkter Versand Weltweit Beliebt Top Qualit\u00e4t | Vapingnet.de","og_description":"Entdecke Peach lce Geschmack Mit WASPE 15000 Puffs Direkter Versand Weltweit Beliebt Top Qualit\u00e4t bei vapingnet.de, \u25ba Gro\u00dfe Auswahl an Geschmacksrichtungen & super g\u00fcnstig!","og_url":"https:\/\/vapingnet.de\/pl\/vape\/peach-lce-geschmack-mit-waspe-15000-puffs-direkter-versand-weltweit-beliebt-top-qualitaet\/","og_site_name":"Vapingnet.de","article_publisher":"https:\/\/www.facebook.com\/vapingnetde\/","article_modified_time":"2026-04-15T07:35:33+00:00","og_image":[{"width":1000,"height":1000,"url":"https:\/\/vapingnet.de\/wp-content\/uploads\/2025\/05\/Peach-lce.webp","type":"image\/webp"}],"twitter_card":"summary_large_image","twitter_misc":{"Est. reading time":"3 minutes"},"schema":{"@context":"https:\/\/schema.org","@graph":[{"@type":"WebPage","@id":"https:\/\/vapingnet.de\/vape\/peach-lce-geschmack-mit-waspe-15000-puffs-direkter-versand-weltweit-beliebt-top-qualitaet\/","url":"https:\/\/vapingnet.de\/vape\/peach-lce-geschmack-mit-waspe-15000-puffs-direkter-versand-weltweit-beliebt-top-qualitaet\/","name":"Peach lce Geschmack Mit WASPE 15000 Puffs Direkter Versand Weltweit Beliebt Top Qualit\u00e4t | Vapingnet.de","isPartOf":{"@id":"https:\/\/vapingnet.de\/#website"},"primaryImageOfPage":{"@id":"https:\/\/vapingnet.de\/vape\/peach-lce-geschmack-mit-waspe-15000-puffs-direkter-versand-weltweit-beliebt-top-qualitaet\/#primaryimage"},"image":{"@id":"https:\/\/vapingnet.de\/vape\/peach-lce-geschmack-mit-waspe-15000-puffs-direkter-versand-weltweit-beliebt-top-qualitaet\/#primaryimage"},"thumbnailUrl":"https:\/\/vapingnet.de\/wp-content\/uploads\/2025\/05\/Peach-lce.webp","datePublished":"2025-05-05T03:26:27+00:00","dateModified":"2026-04-15T07:35:33+00:00","description":"Entdecke Peach lce Geschmack Mit WASPE 15000 Puffs Direkter Versand Weltweit Beliebt Top Qualit\u00e4t bei vapingnet.de, \u25ba Gro\u00dfe Auswahl an Geschmacksrichtungen & super g\u00fcnstig!","breadcrumb":{"@id":"https:\/\/vapingnet.de\/vape\/peach-lce-geschmack-mit-waspe-15000-puffs-direkter-versand-weltweit-beliebt-top-qualitaet\/#breadcrumb"},"inLanguage":"pl-PL","potentialAction":[{"@type":"ReadAction","target":["https:\/\/vapingnet.de\/vape\/peach-lce-geschmack-mit-waspe-15000-puffs-direkter-versand-weltweit-beliebt-top-qualitaet\/"]}]},{"@type":"ImageObject","inLanguage":"pl-PL","@id":"https:\/\/vapingnet.de\/vape\/peach-lce-geschmack-mit-waspe-15000-puffs-direkter-versand-weltweit-beliebt-top-qualitaet\/#primaryimage","url":"https:\/\/vapingnet.de\/wp-content\/uploads\/2025\/05\/Peach-lce.webp","contentUrl":"https:\/\/vapingnet.de\/wp-content\/uploads\/2025\/05\/Peach-lce.webp","width":1000,"height":1000},{"@type":"BreadcrumbList","@id":"https:\/\/vapingnet.de\/vape\/peach-lce-geschmack-mit-waspe-15000-puffs-direkter-versand-weltweit-beliebt-top-qualitaet\/#breadcrumb","itemListElement":[{"@type":"ListItem","position":1,"name":"Home","item":"https:\/\/vapingnet.de\/"},{"@type":"ListItem","position":2,"name":"Shop","item":"https:\/\/vapingnet.de\/vape\/"},{"@type":"ListItem","position":3,"name":"Peach lce Geschmack Mit WASPE 15000 Puffs Direkter Versand Weltweit Beliebt Top Qualit\u00e4t"}]},{"@type":"WebSite","@id":"https:\/\/vapingnet.de\/#website","url":"https:\/\/vapingnet.de\/","name":"Vapingnet.de","description":"","publisher":{"@id":"https:\/\/vapingnet.de\/#organization"},"potentialAction":[{"@type":"SearchAction","target":{"@type":"EntryPoint","urlTemplate":"https:\/\/vapingnet.de\/?s={search_term_string}"},"query-input":{"@type":"PropertyValueSpecification","valueRequired":true,"valueName":"search_term_string"}}],"inLanguage":"pl-PL"},{"@type":"Organization","@id":"https:\/\/vapingnet.de\/#organization","name":"Vapingnet.de","url":"https:\/\/vapingnet.de\/","logo":{"@type":"ImageObject","inLanguage":"pl-PL","@id":"https:\/\/vapingnet.de\/#\/schema\/logo\/image\/","url":"https:\/\/vapingnet.de\/wp-content\/uploads\/2025\/03\/cropped-vapingnet.de_.jpg","contentUrl":"https:\/\/vapingnet.de\/wp-content\/uploads\/2025\/03\/cropped-vapingnet.de_.jpg","width":512,"height":512,"caption":"Vapingnet.de"},"image":{"@id":"https:\/\/vapingnet.de\/#\/schema\/logo\/image\/"},"sameAs":["https:\/\/www.facebook.com\/vapingnetde\/"]}]}},"tiered_pricing_type":"fixed","tiered_pricing_fixed_rules":[],"tiered_pricing_product_settings":{"layout":"default","base_unit_name":{"singular":null,"plural":null},"default_variation":null},"tiered_pricing_minimum_quantity":null,"tiered_pricing_roles_data":[],"tiered_pricing_percentage_rules":[],"_links":{"self":[{"href":"https:\/\/vapingnet.de\/pl\/wp-json\/wp\/v2\/product\/6758","targetHints":{"allow":["GET"]}}],"collection":[{"href":"https:\/\/vapingnet.de\/pl\/wp-json\/wp\/v2\/product"}],"about":[{"href":"https:\/\/vapingnet.de\/pl\/wp-json\/wp\/v2\/types\/product"}],"version-history":[{"count":4,"href":"https:\/\/vapingnet.de\/pl\/wp-json\/wp\/v2\/product\/6758\/revisions"}],"predecessor-version":[{"id":6771,"href":"https:\/\/vapingnet.de\/pl\/wp-json\/wp\/v2\/product\/6758\/revisions\/6771"}],"wp:featuredmedia":[{"embeddable":true,"href":"https:\/\/vapingnet.de\/pl\/wp-json\/wp\/v2\/media\/6738"}],"wp:attachment":[{"href":"https:\/\/vapingnet.de\/pl\/wp-json\/wp\/v2\/media?parent=6758"}],"wp:term":[{"taxonomy":"brand","embeddable":true,"href":"https:\/\/vapingnet.de\/pl\/wp-json\/wp\/v2\/etheme_brands?post=6758"},{"taxonomy":"product_brand","embeddable":true,"href":"https:\/\/vapingnet.de\/pl\/wp-json\/wp\/v2\/product_brand?post=6758"},{"taxonomy":"product_cat","embeddable":true,"href":"https:\/\/vapingnet.de\/pl\/wp-json\/wp\/v2\/product_cat?post=6758"},{"taxonomy":"product_tag","embeddable":true,"href":"https:\/\/vapingnet.de\/pl\/wp-json\/wp\/v2\/product_tag?post=6758"}],"curies":[{"name":"wp","href":"https:\/\/api.w.org\/{rel}","templated":true}]}}