{"id":6775,"date":"2025-05-05T06:48:32","date_gmt":"2025-05-05T06:48:32","guid":{"rendered":"https:\/\/vapingnet.de\/?post_type=product&#038;p=6775"},"modified":"2026-04-15T07:31:42","modified_gmt":"2026-04-15T07:31:42","slug":"sommer-sonne-peach-ice-deine-chill-vape-waspe-20000-dual-mesh","status":"publish","type":"product","link":"https:\/\/vapingnet.de\/pl\/vape\/sommer-sonne-peach-ice-deine-chill-vape-waspe-20000-dual-mesh\/","title":{"rendered":"Lato s\u0142o\u0144ce Peach Ice Tw\u00f3j chill vape WASPE 20000 Dual Mesh"},"content":{"rendered":"<h2 data-start=\"0\" data-end=\"74\">WASPE 20000 Puffs Jednorazowa E-papieros nast\u0119pnej generacji<\/h2>\n<p class=\"\" data-start=\"76\" data-end=\"354\">WASPE 20000 Puffs Jednorazowy E-papieros to idealny wyb\u00f3r dla palaczy, kt\u00f3rzy szukaj\u0105 po\u0142\u0105czenia wysokiej wydajno\u015bci i \u0142atwo\u015bci obs\u0142ugi. Ten jednorazowy E-papieros oferuje imponuj\u0105ce 20 000 zaci\u0105gni\u0119\u0107, co czyni go idealnym na d\u0142ugie sesje palenia bez przerwy.<\/p>\n<h3 data-start=\"356\" data-end=\"380\">Cechy techniczne:<\/h3>\n<ul data-start=\"382\" data-end=\"955\">\n<li class=\"\" data-start=\"382\" data-end=\"483\">\n<p class=\"\" data-start=\"384\" data-end=\"483\">Bateria: 900 mAh, wielokrotnego \u0142adowania przez port Type-C dla szybkiego i wygodnego \u0142adowania.<\/p>\n<\/li>\n<li class=\"\" data-start=\"484\" data-end=\"591\">\n<p class=\"\" data-start=\"486\" data-end=\"591\">Grza\u0142ka: Podw\u00f3jna siatka z oporem 0,8 Ohm dla g\u0119stego dymu i intensywnego smaku.<\/p>\n<\/li>\n<li class=\"\" data-start=\"592\" data-end=\"674\">\n<p class=\"\" data-start=\"594\" data-end=\"674\">Pojemno\u015b\u0107 liquidu: 24 ml \u2013 wystarczaj\u0105ca na ca\u0142y okres u\u017cytkowania.<\/p>\n<\/li>\n<li class=\"\" data-start=\"675\" data-end=\"778\">\n<p class=\"\" data-start=\"677\" data-end=\"778\">Wy\u015bwietlacz: LCD pokazuje poziom na\u0142adowania baterii i poziom liquidu, aby zawsze mie\u0107 kontrol\u0119.<\/p>\n<\/li>\n<li class=\"\" data-start=\"779\" data-end=\"877\">\n<p class=\"\" data-start=\"781\" data-end=\"877\">Nikotyna: dost\u0119pna w st\u0119\u017ceniach 0, %, 2 %, 3 % i 5 % dla indywidualnego dostosowania.<\/p>\n<\/li>\n<li class=\"\" data-start=\"878\" data-end=\"955\">\n<p class=\"\" data-start=\"880\" data-end=\"955\">Waga: 110 g \u2013 lekki i kompaktowy, zapewniaj\u0105cy wygod\u0119 podczas u\u017cytkowania w podr\u00f3\u017cy.<\/p>\n<\/li>\n<\/ul>\n<h4 data-start=\"957\" data-end=\"981\">Smak: Peach Ice<\/h4>\n<p class=\"\" data-start=\"983\" data-end=\"1226\">WASPE 20000 Puffs oferuje pyszny smak Peach Ice, kt\u00f3ry jest jednocze\u015bnie owocowy i orze\u017awiaj\u0105cy. Ch\u0142odny akcent Ice dope\u0142nia doznania smakowe, czyni\u0105c E-papieros przyjemno\u015bci\u0105 dla wszystkich zmys\u0142\u00f3w.<\/p>\n<h4 data-start=\"1228\" data-end=\"1241\">Zalety:<\/h4>\n<ul data-start=\"1243\" data-end=\"1757\">\n<li class=\"\" data-start=\"1243\" data-end=\"1376\">\n<p class=\"\" data-start=\"1245\" data-end=\"1376\">\u0141atwa obs\u0142uga: Brak skomplikowanych ustawie\u0144 czy nape\u0142niania. Jednorazowy E-papieros jest gotowy do u\u017cycia od razu.<\/p>\n<\/li>\n<li class=\"\" data-start=\"1377\" data-end=\"1513\">\n<p class=\"\" data-start=\"1379\" data-end=\"1513\">D\u0142uga \u017cywotno\u015b\u0107: Z do 20 000 zaci\u0105gni\u0119\u0107 i du\u017c\u0105 pojemno\u015bci\u0105 liquidu, ten E-papieros jest idealny na d\u0142u\u017csze sesje palenia.<\/p>\n<\/li>\n<li class=\"\" data-start=\"1514\" data-end=\"1613\">\n<p class=\"\" data-start=\"1516\" data-end=\"1613\">Prosty spos\u00f3b \u0142adowania: Bateria mo\u017ce by\u0107 szybko na\u0142adowana przez port Type-C.<\/p>\n<\/li>\n<li class=\"\" data-start=\"1614\" data-end=\"1757\">\n<p class=\"\" data-start=\"1616\" data-end=\"1757\">Brak c\u0142a: Kupuj\u0105c powy\u017cej vapingnet.de, oszcz\u0119dzasz na podatku importowym, co jest du\u017c\u0105 zalet\u0105 dla klient\u00f3w z Polski.<\/p>\n<\/li>\n<\/ul>\n<h4 data-start=\"1759\" data-end=\"1769\">Dlaczego WASPE 20000 Puffs jest najlepszym wyborem dla palaczy<\/h4>\n<p class=\"\" data-start=\"1771\" data-end=\"2112\">WASPE 20000 Puffs zapewnia niezr\u00f3wnane do\u015bwiadczenie palenia, kt\u00f3re wyr\u00f3\u017cnia si\u0119 \u0142atwo\u015bci\u0105 obs\u0142ugi, wydajno\u015bci\u0105 i pysznym smakiem. Niezale\u017cnie od tego, czy jeste\u015b pocz\u0105tkuj\u0105cym, czy do\u015bwiadczonym palaczem, ten jednorazowy E-papieros spe\u0142nia wszystkie wymagania wysokiej jako\u015bci E-papierosa i jest niezwykle praktyczny.<\/p>\n<p class=\"\" data-start=\"2114\" data-end=\"2196\">Aby pozna\u0107 wi\u0119cej produkt\u00f3w i szczeg\u00f3\u0142\u00f3w, odwied\u017a vapingnet.de.<\/p>","protected":false},"excerpt":{"rendered":"<p>Die WASPE 20000 Puffs Eine Einweg E Zigarette der n\u00e4chsten Generation Die WASPE 20000 Puffs Einweg E Zigarette ist die perfekte Wahl f\u00fcr Dampfer, die&#8230;<\/p>","protected":false},"featured_media":6783,"template":"","meta":[],"etheme_brands":[],"product_brand":[98],"product_cat":[54,49,61],"product_tag":[],"class_list":{"0":"post-6775","1":"product","2":"type-product","3":"status-publish","4":"has-post-thumbnail","6":"product_brand-waspe-vape","7":"product_cat-vape-20000-zuege","8":"product_cat-einweg-e-zigarette","9":"product_cat-f","11":"first","12":"instock","13":"shipping-taxable","14":"purchasable","15":"product-type-variable"},"yoast_head":"<!-- This site is optimized with the Yoast SEO plugin v26.5 - https:\/\/yoast.com\/wordpress\/plugins\/seo\/ -->\n<title>Sommer Sonne Peach Ice Deine Chill Vape WASPE 20000 Dual Mesh | Vapingnet.de<\/title>\n<meta name=\"description\" content=\"Entdecke Sommer Sonne Peach Ice Deine Chill Vape WASPE 20000 Dual Mesh bei vapingnet.de, \u25ba Gro\u00dfe Auswahl an Geschmacksrichtungen &amp; super g\u00fcnstig!\" \/>\n<meta name=\"robots\" content=\"index, follow, max-snippet:-1, max-image-preview:large, max-video-preview:-1\" \/>\n<link rel=\"canonical\" href=\"https:\/\/vapingnet.de\/pl\/vape\/sommer-sonne-peach-ice-deine-chill-vape-waspe-20000-dual-mesh\/\" \/>\n<meta property=\"og:locale\" content=\"pl_PL\" \/>\n<meta property=\"og:type\" content=\"article\" \/>\n<meta property=\"og:title\" content=\"Sommer Sonne Peach Ice Deine Chill Vape WASPE 20000 Dual Mesh | Vapingnet.de\" \/>\n<meta property=\"og:description\" content=\"Entdecke Sommer Sonne Peach Ice Deine Chill Vape WASPE 20000 Dual Mesh bei vapingnet.de, \u25ba Gro\u00dfe Auswahl an Geschmacksrichtungen &amp; super g\u00fcnstig!\" \/>\n<meta property=\"og:url\" content=\"https:\/\/vapingnet.de\/pl\/vape\/sommer-sonne-peach-ice-deine-chill-vape-waspe-20000-dual-mesh\/\" \/>\n<meta property=\"og:site_name\" content=\"Vapingnet.de\" \/>\n<meta property=\"article:publisher\" content=\"https:\/\/www.facebook.com\/vapingnetde\/\" \/>\n<meta property=\"article:modified_time\" content=\"2026-04-15T07:31:42+00:00\" \/>\n<meta property=\"og:image\" content=\"https:\/\/vapingnet.de\/wp-content\/uploads\/2025\/05\/Peach-Ice.webp\" \/>\n\t<meta property=\"og:image:width\" content=\"1000\" \/>\n\t<meta property=\"og:image:height\" content=\"1000\" \/>\n\t<meta property=\"og:image:type\" content=\"image\/webp\" \/>\n<meta name=\"twitter:card\" content=\"summary_large_image\" \/>\n<meta name=\"twitter:label1\" content=\"Est. reading time\" \/>\n\t<meta name=\"twitter:data1\" content=\"2 minutes\" \/>\n<script type=\"application\/ld+json\" class=\"yoast-schema-graph\">{\"@context\":\"https:\/\/schema.org\",\"@graph\":[{\"@type\":\"WebPage\",\"@id\":\"https:\/\/vapingnet.de\/vape\/sommer-sonne-peach-ice-deine-chill-vape-waspe-20000-dual-mesh\/\",\"url\":\"https:\/\/vapingnet.de\/vape\/sommer-sonne-peach-ice-deine-chill-vape-waspe-20000-dual-mesh\/\",\"name\":\"Sommer Sonne Peach Ice Deine Chill Vape WASPE 20000 Dual Mesh | Vapingnet.de\",\"isPartOf\":{\"@id\":\"https:\/\/vapingnet.de\/#website\"},\"primaryImageOfPage\":{\"@id\":\"https:\/\/vapingnet.de\/vape\/sommer-sonne-peach-ice-deine-chill-vape-waspe-20000-dual-mesh\/#primaryimage\"},\"image\":{\"@id\":\"https:\/\/vapingnet.de\/vape\/sommer-sonne-peach-ice-deine-chill-vape-waspe-20000-dual-mesh\/#primaryimage\"},\"thumbnailUrl\":\"https:\/\/vapingnet.de\/wp-content\/uploads\/2025\/05\/Peach-Ice.webp\",\"datePublished\":\"2025-05-05T06:48:32+00:00\",\"dateModified\":\"2026-04-15T07:31:42+00:00\",\"description\":\"Entdecke Sommer Sonne Peach Ice Deine Chill Vape WASPE 20000 Dual Mesh bei vapingnet.de, \u25ba Gro\u00dfe Auswahl an Geschmacksrichtungen & super g\u00fcnstig!\",\"breadcrumb\":{\"@id\":\"https:\/\/vapingnet.de\/vape\/sommer-sonne-peach-ice-deine-chill-vape-waspe-20000-dual-mesh\/#breadcrumb\"},\"inLanguage\":\"pl-PL\",\"potentialAction\":[{\"@type\":\"ReadAction\",\"target\":[\"https:\/\/vapingnet.de\/vape\/sommer-sonne-peach-ice-deine-chill-vape-waspe-20000-dual-mesh\/\"]}]},{\"@type\":\"ImageObject\",\"inLanguage\":\"pl-PL\",\"@id\":\"https:\/\/vapingnet.de\/vape\/sommer-sonne-peach-ice-deine-chill-vape-waspe-20000-dual-mesh\/#primaryimage\",\"url\":\"https:\/\/vapingnet.de\/wp-content\/uploads\/2025\/05\/Peach-Ice.webp\",\"contentUrl\":\"https:\/\/vapingnet.de\/wp-content\/uploads\/2025\/05\/Peach-Ice.webp\",\"width\":1000,\"height\":1000},{\"@type\":\"BreadcrumbList\",\"@id\":\"https:\/\/vapingnet.de\/vape\/sommer-sonne-peach-ice-deine-chill-vape-waspe-20000-dual-mesh\/#breadcrumb\",\"itemListElement\":[{\"@type\":\"ListItem\",\"position\":1,\"name\":\"Home\",\"item\":\"https:\/\/vapingnet.de\/\"},{\"@type\":\"ListItem\",\"position\":2,\"name\":\"Shop\",\"item\":\"https:\/\/vapingnet.de\/vape\/\"},{\"@type\":\"ListItem\",\"position\":3,\"name\":\"Sommer Sonne Peach Ice Deine Chill Vape WASPE 20000 Dual Mesh\"}]},{\"@type\":\"WebSite\",\"@id\":\"https:\/\/vapingnet.de\/#website\",\"url\":\"https:\/\/vapingnet.de\/\",\"name\":\"Vapingnet.de\",\"description\":\"\",\"publisher\":{\"@id\":\"https:\/\/vapingnet.de\/#organization\"},\"potentialAction\":[{\"@type\":\"SearchAction\",\"target\":{\"@type\":\"EntryPoint\",\"urlTemplate\":\"https:\/\/vapingnet.de\/?s={search_term_string}\"},\"query-input\":{\"@type\":\"PropertyValueSpecification\",\"valueRequired\":true,\"valueName\":\"search_term_string\"}}],\"inLanguage\":\"pl-PL\"},{\"@type\":\"Organization\",\"@id\":\"https:\/\/vapingnet.de\/#organization\",\"name\":\"Vapingnet.de\",\"url\":\"https:\/\/vapingnet.de\/\",\"logo\":{\"@type\":\"ImageObject\",\"inLanguage\":\"pl-PL\",\"@id\":\"https:\/\/vapingnet.de\/#\/schema\/logo\/image\/\",\"url\":\"https:\/\/vapingnet.de\/wp-content\/uploads\/2025\/03\/cropped-vapingnet.de_.jpg\",\"contentUrl\":\"https:\/\/vapingnet.de\/wp-content\/uploads\/2025\/03\/cropped-vapingnet.de_.jpg\",\"width\":512,\"height\":512,\"caption\":\"Vapingnet.de\"},\"image\":{\"@id\":\"https:\/\/vapingnet.de\/#\/schema\/logo\/image\/\"},\"sameAs\":[\"https:\/\/www.facebook.com\/vapingnetde\/\"]}]}<\/script>\n<!-- \/ Yoast SEO plugin. -->","yoast_head_json":{"title":"Sommer Sonne Peach Ice Deine Chill Vape WASPE 20000 Dual Mesh | Vapingnet.de","description":"Entdecke Sommer Sonne Peach Ice Deine Chill Vape WASPE 20000 Dual Mesh bei vapingnet.de, \u25ba Gro\u00dfe Auswahl an Geschmacksrichtungen & super g\u00fcnstig!","robots":{"index":"index","follow":"follow","max-snippet":"max-snippet:-1","max-image-preview":"max-image-preview:large","max-video-preview":"max-video-preview:-1"},"canonical":"https:\/\/vapingnet.de\/pl\/vape\/sommer-sonne-peach-ice-deine-chill-vape-waspe-20000-dual-mesh\/","og_locale":"pl_PL","og_type":"article","og_title":"Sommer Sonne Peach Ice Deine Chill Vape WASPE 20000 Dual Mesh | Vapingnet.de","og_description":"Entdecke Sommer Sonne Peach Ice Deine Chill Vape WASPE 20000 Dual Mesh bei vapingnet.de, \u25ba Gro\u00dfe Auswahl an Geschmacksrichtungen & super g\u00fcnstig!","og_url":"https:\/\/vapingnet.de\/pl\/vape\/sommer-sonne-peach-ice-deine-chill-vape-waspe-20000-dual-mesh\/","og_site_name":"Vapingnet.de","article_publisher":"https:\/\/www.facebook.com\/vapingnetde\/","article_modified_time":"2026-04-15T07:31:42+00:00","og_image":[{"width":1000,"height":1000,"url":"https:\/\/vapingnet.de\/wp-content\/uploads\/2025\/05\/Peach-Ice.webp","type":"image\/webp"}],"twitter_card":"summary_large_image","twitter_misc":{"Est. reading time":"2 minutes"},"schema":{"@context":"https:\/\/schema.org","@graph":[{"@type":"WebPage","@id":"https:\/\/vapingnet.de\/vape\/sommer-sonne-peach-ice-deine-chill-vape-waspe-20000-dual-mesh\/","url":"https:\/\/vapingnet.de\/vape\/sommer-sonne-peach-ice-deine-chill-vape-waspe-20000-dual-mesh\/","name":"Sommer Sonne Peach Ice Deine Chill Vape WASPE 20000 Dual Mesh | Vapingnet.de","isPartOf":{"@id":"https:\/\/vapingnet.de\/#website"},"primaryImageOfPage":{"@id":"https:\/\/vapingnet.de\/vape\/sommer-sonne-peach-ice-deine-chill-vape-waspe-20000-dual-mesh\/#primaryimage"},"image":{"@id":"https:\/\/vapingnet.de\/vape\/sommer-sonne-peach-ice-deine-chill-vape-waspe-20000-dual-mesh\/#primaryimage"},"thumbnailUrl":"https:\/\/vapingnet.de\/wp-content\/uploads\/2025\/05\/Peach-Ice.webp","datePublished":"2025-05-05T06:48:32+00:00","dateModified":"2026-04-15T07:31:42+00:00","description":"Entdecke Sommer Sonne Peach Ice Deine Chill Vape WASPE 20000 Dual Mesh bei vapingnet.de, \u25ba Gro\u00dfe Auswahl an Geschmacksrichtungen & super g\u00fcnstig!","breadcrumb":{"@id":"https:\/\/vapingnet.de\/vape\/sommer-sonne-peach-ice-deine-chill-vape-waspe-20000-dual-mesh\/#breadcrumb"},"inLanguage":"pl-PL","potentialAction":[{"@type":"ReadAction","target":["https:\/\/vapingnet.de\/vape\/sommer-sonne-peach-ice-deine-chill-vape-waspe-20000-dual-mesh\/"]}]},{"@type":"ImageObject","inLanguage":"pl-PL","@id":"https:\/\/vapingnet.de\/vape\/sommer-sonne-peach-ice-deine-chill-vape-waspe-20000-dual-mesh\/#primaryimage","url":"https:\/\/vapingnet.de\/wp-content\/uploads\/2025\/05\/Peach-Ice.webp","contentUrl":"https:\/\/vapingnet.de\/wp-content\/uploads\/2025\/05\/Peach-Ice.webp","width":1000,"height":1000},{"@type":"BreadcrumbList","@id":"https:\/\/vapingnet.de\/vape\/sommer-sonne-peach-ice-deine-chill-vape-waspe-20000-dual-mesh\/#breadcrumb","itemListElement":[{"@type":"ListItem","position":1,"name":"Home","item":"https:\/\/vapingnet.de\/"},{"@type":"ListItem","position":2,"name":"Shop","item":"https:\/\/vapingnet.de\/vape\/"},{"@type":"ListItem","position":3,"name":"Sommer Sonne Peach Ice Deine Chill Vape WASPE 20000 Dual Mesh"}]},{"@type":"WebSite","@id":"https:\/\/vapingnet.de\/#website","url":"https:\/\/vapingnet.de\/","name":"Vapingnet.de","description":"","publisher":{"@id":"https:\/\/vapingnet.de\/#organization"},"potentialAction":[{"@type":"SearchAction","target":{"@type":"EntryPoint","urlTemplate":"https:\/\/vapingnet.de\/?s={search_term_string}"},"query-input":{"@type":"PropertyValueSpecification","valueRequired":true,"valueName":"search_term_string"}}],"inLanguage":"pl-PL"},{"@type":"Organization","@id":"https:\/\/vapingnet.de\/#organization","name":"Vapingnet.de","url":"https:\/\/vapingnet.de\/","logo":{"@type":"ImageObject","inLanguage":"pl-PL","@id":"https:\/\/vapingnet.de\/#\/schema\/logo\/image\/","url":"https:\/\/vapingnet.de\/wp-content\/uploads\/2025\/03\/cropped-vapingnet.de_.jpg","contentUrl":"https:\/\/vapingnet.de\/wp-content\/uploads\/2025\/03\/cropped-vapingnet.de_.jpg","width":512,"height":512,"caption":"Vapingnet.de"},"image":{"@id":"https:\/\/vapingnet.de\/#\/schema\/logo\/image\/"},"sameAs":["https:\/\/www.facebook.com\/vapingnetde\/"]}]}},"tiered_pricing_type":"fixed","tiered_pricing_fixed_rules":[],"tiered_pricing_product_settings":{"layout":"default","base_unit_name":{"singular":null,"plural":null},"default_variation":null},"tiered_pricing_minimum_quantity":null,"tiered_pricing_roles_data":[],"tiered_pricing_percentage_rules":[],"_links":{"self":[{"href":"https:\/\/vapingnet.de\/pl\/wp-json\/wp\/v2\/product\/6775","targetHints":{"allow":["GET"]}}],"collection":[{"href":"https:\/\/vapingnet.de\/pl\/wp-json\/wp\/v2\/product"}],"about":[{"href":"https:\/\/vapingnet.de\/pl\/wp-json\/wp\/v2\/types\/product"}],"version-history":[{"count":3,"href":"https:\/\/vapingnet.de\/pl\/wp-json\/wp\/v2\/product\/6775\/revisions"}],"predecessor-version":[{"id":6795,"href":"https:\/\/vapingnet.de\/pl\/wp-json\/wp\/v2\/product\/6775\/revisions\/6795"}],"wp:featuredmedia":[{"embeddable":true,"href":"https:\/\/vapingnet.de\/pl\/wp-json\/wp\/v2\/media\/6783"}],"wp:attachment":[{"href":"https:\/\/vapingnet.de\/pl\/wp-json\/wp\/v2\/media?parent=6775"}],"wp:term":[{"taxonomy":"brand","embeddable":true,"href":"https:\/\/vapingnet.de\/pl\/wp-json\/wp\/v2\/etheme_brands?post=6775"},{"taxonomy":"product_brand","embeddable":true,"href":"https:\/\/vapingnet.de\/pl\/wp-json\/wp\/v2\/product_brand?post=6775"},{"taxonomy":"product_cat","embeddable":true,"href":"https:\/\/vapingnet.de\/pl\/wp-json\/wp\/v2\/product_cat?post=6775"},{"taxonomy":"product_tag","embeddable":true,"href":"https:\/\/vapingnet.de\/pl\/wp-json\/wp\/v2\/product_tag?post=6775"}],"curies":[{"name":"wp","href":"https:\/\/api.w.org\/{rel}","templated":true}]}}