{"id":6790,"date":"2025-05-05T06:56:45","date_gmt":"2025-05-05T06:56:45","guid":{"rendered":"https:\/\/vapingnet.de\/?post_type=product&#038;p=6790"},"modified":"2026-04-15T07:30:36","modified_gmt":"2026-04-15T07:30:36","slug":"direkt-vom-hersteller-waspe-vape-mit-20000-zuegen-lush-ice-genuss","status":"publish","type":"product","link":"https:\/\/vapingnet.de\/pl\/vape\/direkt-vom-hersteller-waspe-vape-mit-20000-zuegen-lush-ice-genuss\/","title":{"rendered":"Bezpo\u015brednio od producenta WASPE Vape z 20000 zaci\u0105gni\u0119ciami Lush Ice przyjemno\u015b\u0107"},"content":{"rendered":"<h2 data-start=\"0\" data-end=\"70\">WASPE 20000 Puffs - Idealny wyb\u00f3r na d\u0142ugotrwa\u0142e vapowanie<\/h2>\n<p class=\"\" data-start=\"72\" data-end=\"431\">WASPE 20000 Puffs jest jedn\u0105 z najbardziej zaawansowanych jednorazowych e-papieros\u00f3w dost\u0119pnych na rynku. Z imponuj\u0105c\u0105 liczb\u0105 20 000 zaci\u0105gni\u0119\u0107 i szeregiem technologicznych ulepsze\u0144, to urz\u0105dzenie jest idealnym wyborem dla vapist\u00f3w poszukuj\u0105cych trwa\u0142ej i przyjaznej u\u017cytkownikowi e-papierosa.<\/p>\n<h3 class=\"\" data-start=\"433\" data-end=\"463\">O WASPE 20000 Puffs<\/h3>\n<p class=\"\" data-start=\"465\" data-end=\"796\">WASPE 20000 Puffs wyznacza nowe standardy dla jednorazowych e-papieros\u00f3w. \u0141\u0105czy mocn\u0105 bateri\u0119 z du\u017c\u0105 pojemno\u015bci\u0105 liquidu i innowacyjn\u0105 technologi\u0105 coil, zapewniaj\u0105c niezapomniane doznania vapowania. Dzi\u0119ki \u015bwie\u017cemu smakowi Lush Ice ka\u017cde vapowanie staje si\u0119 orze\u017awiaj\u0105cym do\u015bwiadczeniem.<\/p>\n<h4>Wa\u017cne szczeg\u00f3\u0142y:<\/h4>\n<ul data-start=\"821\" data-end=\"1172\">\n<li class=\"\" data-start=\"821\" data-end=\"871\">\n<p class=\"\" data-start=\"823\" data-end=\"871\">Bateria: 900 mAh dla d\u0142ugiej \u017cywotno\u015bci<\/p>\n<\/li>\n<li class=\"\" data-start=\"872\" data-end=\"947\">\n<p class=\"\" data-start=\"874\" data-end=\"947\">Port \u0142adowania: port Type-C do szybkiego i prostego \u0142adowania<\/p>\n<\/li>\n<li class=\"\" data-start=\"948\" data-end=\"1013\">\n<p class=\"\" data-start=\"950\" data-end=\"1013\">Coil: Dual Mesh o oporno\u015bci 0,8 Ohma dla intensywnego dymu<\/p>\n<\/li>\n<li class=\"\" data-start=\"1014\" data-end=\"1070\">\n<p class=\"\" data-start=\"1016\" data-end=\"1070\">Pojemno\u015b\u0107 liquidu: 24 ml do nawet 20 000 zaci\u0105gni\u0119\u0107<\/p>\n<\/li>\n<li class=\"\" data-start=\"1071\" data-end=\"1172\">\n<p class=\"\" data-start=\"1073\" data-end=\"1172\">Smak: Lush Ice \u2013 orze\u017awiaj\u0105ca kombinacja owocowego smaku i ch\u0142odnego mentolu<\/p>\n<\/li>\n<\/ul>\n<h4 data-start=\"1174\" data-end=\"1208\">Smak i do\u015bwiadczenie u\u017cytkownika<\/h4>\n<p class=\"\" data-start=\"1210\" data-end=\"1489\">Dzi\u0119ki smakowi Lush Ice do\u015bwiadczysz niezr\u00f3wnanej \u015bwie\u017co\u015bci, kt\u00f3ra rozpieszcza podniebienie s\u0142odkimi owocami i ch\u0142odnym mentolem. Ta mieszanka zapewnia d\u0142ugotrwa\u0142e i przyjemne vapowanie, idealne do codziennego u\u017cytku.<\/p>\n<h4 data-start=\"1491\" data-end=\"1541\">Zaawansowana technologia dla intensywnego vapowania<\/h4>\n<p class=\"\" data-start=\"1543\" data-end=\"1966\">WASPE 20000 Puffs korzysta z nowoczesnych coil\u00f3w Dual Mesh, kt\u00f3re przy oporno\u015bci 0,8 Ohma zapewniaj\u0105 r\u00f3wnomierne odparowywanie i mocny dym. Dzi\u0119ki temu masz pe\u0142ne wra\u017cenia smakowe, kt\u00f3re przekonuj\u0105 przy ka\u017cdym zaci\u0105gni\u0119ciu. Bateria 900 mAh pozwala na korzystanie z urz\u0105dzenia przez ca\u0142y dzie\u0144, a port Type-C umo\u017cliwia szybkie \u0142adowanie.<\/p>\n<h4 data-start=\"1968\" data-end=\"2008\">Praktyczne funkcje na co dzie\u0144<\/h4>\n<p class=\"\" data-start=\"2010\" data-end=\"2236\">Kolejnym atutem jest wy\u015bwietlacz LCD, kt\u00f3ry na bie\u017c\u0105co pokazuje poziom baterii i ilo\u015b\u0107 liquidu. Dzi\u0119ki temu zawsze jeste\u015b na bie\u017c\u0105co i mo\u017cesz mie\u0107 pewno\u015b\u0107, \u017ce Twoje urz\u0105dzenie jest gotowe do u\u017cycia.<\/p>\n<h3>Zalety WASPE 20000 Puffs:<\/h3>\n<ul data-start=\"2279\" data-end=\"2637\">\n<li class=\"\" data-start=\"2279\" data-end=\"2372\">\n<p class=\"\" data-start=\"2281\" data-end=\"2372\">D\u0142uga \u017cywotno\u015b\u0107: do 20 000 zaci\u0105gni\u0119\u0107, co zapewnia wyj\u0105tkow\u0105 trwa\u0142o\u015b\u0107.<\/p>\n<\/li>\n<li class=\"\" data-start=\"2373\" data-end=\"2480\">\n<p class=\"\" data-start=\"2375\" data-end=\"2480\">Szybkie \u0142adowanie: dzi\u0119ki portowi Type-C mo\u017cesz szybko na\u0142adowa\u0107 swoje urz\u0105dzenie.<\/p>\n<\/li>\n<li class=\"\" data-start=\"2481\" data-end=\"2637\">\n<p class=\"\" data-start=\"2483\" data-end=\"2637\">Bez c\u0142a: zam\u00f3wienia powy\u017cej vapingnet.de docieraj\u0105 bez op\u0142at celnych w UE, co czyni zakup jeszcze przyjemniejszym dla europejskich vapist\u00f3w.<\/p>\n<\/li>\n<\/ul>\n<h4 data-start=\"2639\" data-end=\"2689\">Dlaczego warto wybra\u0107 WASPE 20000 Puffs<\/h4>\n<p class=\"\" data-start=\"2691\" data-end=\"3115\">Je\u015bli szukasz trwa\u0142ej, praktycznej i wydajnej jednorazowej e-papierosa, WASPE 20000 Puffs jest idealnym wyborem. Dzi\u0119ki du\u017cej pojemno\u015bci liquidu, zaawansowanym podw\u00f3jnym meshom i ch\u0142odnemu smakowi Lush Ice zapewnia do\u015bwiadczenie vapowania, kt\u00f3rego szybko nie zapomnisz. Odwied\u017a vapingnet.de i zdob\u0105d\u017a ju\u017c dzi\u015b swojego WASPE 20000 Puffs!<\/p>","protected":false},"excerpt":{"rendered":"<p>Die WASPE 20000 Puffs Die ideale Wahl f\u00fcr langanhaltendes Dampfen Die WASPE 20000 Puffs ist eine der fortschrittlichsten Einweg E Zigaretten, die auf dem Markt&#8230;<\/p>","protected":false},"featured_media":6780,"template":"","meta":[],"etheme_brands":[],"product_brand":[98],"product_cat":[54,49,61],"product_tag":[],"class_list":{"0":"post-6790","1":"product","2":"type-product","3":"status-publish","4":"has-post-thumbnail","6":"product_brand-waspe-vape","7":"product_cat-vape-20000-zuege","8":"product_cat-einweg-e-zigarette","9":"product_cat-f","11":"first","12":"instock","13":"shipping-taxable","14":"purchasable","15":"product-type-variable"},"yoast_head":"<!-- This site is optimized with the Yoast SEO plugin v26.5 - https:\/\/yoast.com\/wordpress\/plugins\/seo\/ -->\n<title>Direkt Vom Hersteller WASPE Vape Mit 20000 Z\u00fcgen Lush Ice Genuss | Vapingnet.de<\/title>\n<meta name=\"description\" content=\"Entdecke Direkt Vom Hersteller WASPE Vape Mit 20000 Z\u00fcgen Lush Ice Genuss bei vapingnet.de, \u25ba Gro\u00dfe Auswahl an Geschmacksrichtungen &amp; super g\u00fcnstig!\" \/>\n<meta name=\"robots\" content=\"index, follow, max-snippet:-1, max-image-preview:large, max-video-preview:-1\" \/>\n<link rel=\"canonical\" href=\"https:\/\/vapingnet.de\/pl\/vape\/direkt-vom-hersteller-waspe-vape-mit-20000-zuegen-lush-ice-genuss\/\" \/>\n<meta property=\"og:locale\" content=\"pl_PL\" \/>\n<meta property=\"og:type\" content=\"article\" \/>\n<meta property=\"og:title\" content=\"Direkt Vom Hersteller WASPE Vape Mit 20000 Z\u00fcgen Lush Ice Genuss | Vapingnet.de\" \/>\n<meta property=\"og:description\" content=\"Entdecke Direkt Vom Hersteller WASPE Vape Mit 20000 Z\u00fcgen Lush Ice Genuss bei vapingnet.de, \u25ba Gro\u00dfe Auswahl an Geschmacksrichtungen &amp; super g\u00fcnstig!\" \/>\n<meta property=\"og:url\" content=\"https:\/\/vapingnet.de\/pl\/vape\/direkt-vom-hersteller-waspe-vape-mit-20000-zuegen-lush-ice-genuss\/\" \/>\n<meta property=\"og:site_name\" content=\"Vapingnet.de\" \/>\n<meta property=\"article:publisher\" content=\"https:\/\/www.facebook.com\/vapingnetde\/\" \/>\n<meta property=\"article:modified_time\" content=\"2026-04-15T07:30:36+00:00\" \/>\n<meta property=\"og:image\" content=\"https:\/\/vapingnet.de\/wp-content\/uploads\/2025\/05\/Lush-Ice.webp\" \/>\n\t<meta property=\"og:image:width\" content=\"1000\" \/>\n\t<meta property=\"og:image:height\" content=\"1000\" \/>\n\t<meta property=\"og:image:type\" content=\"image\/webp\" \/>\n<meta name=\"twitter:card\" content=\"summary_large_image\" \/>\n<meta name=\"twitter:label1\" content=\"Est. reading time\" \/>\n\t<meta name=\"twitter:data1\" content=\"3 minutes\" \/>\n<script type=\"application\/ld+json\" class=\"yoast-schema-graph\">{\"@context\":\"https:\/\/schema.org\",\"@graph\":[{\"@type\":\"WebPage\",\"@id\":\"https:\/\/vapingnet.de\/vape\/direkt-vom-hersteller-waspe-vape-mit-20000-zuegen-lush-ice-genuss\/\",\"url\":\"https:\/\/vapingnet.de\/vape\/direkt-vom-hersteller-waspe-vape-mit-20000-zuegen-lush-ice-genuss\/\",\"name\":\"Direkt Vom Hersteller WASPE Vape Mit 20000 Z\u00fcgen Lush Ice Genuss | Vapingnet.de\",\"isPartOf\":{\"@id\":\"https:\/\/vapingnet.de\/#website\"},\"primaryImageOfPage\":{\"@id\":\"https:\/\/vapingnet.de\/vape\/direkt-vom-hersteller-waspe-vape-mit-20000-zuegen-lush-ice-genuss\/#primaryimage\"},\"image\":{\"@id\":\"https:\/\/vapingnet.de\/vape\/direkt-vom-hersteller-waspe-vape-mit-20000-zuegen-lush-ice-genuss\/#primaryimage\"},\"thumbnailUrl\":\"https:\/\/vapingnet.de\/wp-content\/uploads\/2025\/05\/Lush-Ice.webp\",\"datePublished\":\"2025-05-05T06:56:45+00:00\",\"dateModified\":\"2026-04-15T07:30:36+00:00\",\"description\":\"Entdecke Direkt Vom Hersteller WASPE Vape Mit 20000 Z\u00fcgen Lush Ice Genuss bei vapingnet.de, \u25ba Gro\u00dfe Auswahl an Geschmacksrichtungen & super g\u00fcnstig!\",\"breadcrumb\":{\"@id\":\"https:\/\/vapingnet.de\/vape\/direkt-vom-hersteller-waspe-vape-mit-20000-zuegen-lush-ice-genuss\/#breadcrumb\"},\"inLanguage\":\"pl-PL\",\"potentialAction\":[{\"@type\":\"ReadAction\",\"target\":[\"https:\/\/vapingnet.de\/vape\/direkt-vom-hersteller-waspe-vape-mit-20000-zuegen-lush-ice-genuss\/\"]}]},{\"@type\":\"ImageObject\",\"inLanguage\":\"pl-PL\",\"@id\":\"https:\/\/vapingnet.de\/vape\/direkt-vom-hersteller-waspe-vape-mit-20000-zuegen-lush-ice-genuss\/#primaryimage\",\"url\":\"https:\/\/vapingnet.de\/wp-content\/uploads\/2025\/05\/Lush-Ice.webp\",\"contentUrl\":\"https:\/\/vapingnet.de\/wp-content\/uploads\/2025\/05\/Lush-Ice.webp\",\"width\":1000,\"height\":1000},{\"@type\":\"BreadcrumbList\",\"@id\":\"https:\/\/vapingnet.de\/vape\/direkt-vom-hersteller-waspe-vape-mit-20000-zuegen-lush-ice-genuss\/#breadcrumb\",\"itemListElement\":[{\"@type\":\"ListItem\",\"position\":1,\"name\":\"Home\",\"item\":\"https:\/\/vapingnet.de\/\"},{\"@type\":\"ListItem\",\"position\":2,\"name\":\"Shop\",\"item\":\"https:\/\/vapingnet.de\/vape\/\"},{\"@type\":\"ListItem\",\"position\":3,\"name\":\"Direkt Vom Hersteller WASPE Vape Mit 20000 Z\u00fcgen Lush Ice Genuss\"}]},{\"@type\":\"WebSite\",\"@id\":\"https:\/\/vapingnet.de\/#website\",\"url\":\"https:\/\/vapingnet.de\/\",\"name\":\"Vapingnet.de\",\"description\":\"\",\"publisher\":{\"@id\":\"https:\/\/vapingnet.de\/#organization\"},\"potentialAction\":[{\"@type\":\"SearchAction\",\"target\":{\"@type\":\"EntryPoint\",\"urlTemplate\":\"https:\/\/vapingnet.de\/?s={search_term_string}\"},\"query-input\":{\"@type\":\"PropertyValueSpecification\",\"valueRequired\":true,\"valueName\":\"search_term_string\"}}],\"inLanguage\":\"pl-PL\"},{\"@type\":\"Organization\",\"@id\":\"https:\/\/vapingnet.de\/#organization\",\"name\":\"Vapingnet.de\",\"url\":\"https:\/\/vapingnet.de\/\",\"logo\":{\"@type\":\"ImageObject\",\"inLanguage\":\"pl-PL\",\"@id\":\"https:\/\/vapingnet.de\/#\/schema\/logo\/image\/\",\"url\":\"https:\/\/vapingnet.de\/wp-content\/uploads\/2025\/03\/cropped-vapingnet.de_.jpg\",\"contentUrl\":\"https:\/\/vapingnet.de\/wp-content\/uploads\/2025\/03\/cropped-vapingnet.de_.jpg\",\"width\":512,\"height\":512,\"caption\":\"Vapingnet.de\"},\"image\":{\"@id\":\"https:\/\/vapingnet.de\/#\/schema\/logo\/image\/\"},\"sameAs\":[\"https:\/\/www.facebook.com\/vapingnetde\/\"]}]}<\/script>\n<!-- \/ Yoast SEO plugin. -->","yoast_head_json":{"title":"Direkt Vom Hersteller WASPE Vape Mit 20000 Z\u00fcgen Lush Ice Genuss | Vapingnet.de","description":"Entdecke Direkt Vom Hersteller WASPE Vape Mit 20000 Z\u00fcgen Lush Ice Genuss bei vapingnet.de, \u25ba Gro\u00dfe Auswahl an Geschmacksrichtungen & super g\u00fcnstig!","robots":{"index":"index","follow":"follow","max-snippet":"max-snippet:-1","max-image-preview":"max-image-preview:large","max-video-preview":"max-video-preview:-1"},"canonical":"https:\/\/vapingnet.de\/pl\/vape\/direkt-vom-hersteller-waspe-vape-mit-20000-zuegen-lush-ice-genuss\/","og_locale":"pl_PL","og_type":"article","og_title":"Direkt Vom Hersteller WASPE Vape Mit 20000 Z\u00fcgen Lush Ice Genuss | Vapingnet.de","og_description":"Entdecke Direkt Vom Hersteller WASPE Vape Mit 20000 Z\u00fcgen Lush Ice Genuss bei vapingnet.de, \u25ba Gro\u00dfe Auswahl an Geschmacksrichtungen & super g\u00fcnstig!","og_url":"https:\/\/vapingnet.de\/pl\/vape\/direkt-vom-hersteller-waspe-vape-mit-20000-zuegen-lush-ice-genuss\/","og_site_name":"Vapingnet.de","article_publisher":"https:\/\/www.facebook.com\/vapingnetde\/","article_modified_time":"2026-04-15T07:30:36+00:00","og_image":[{"width":1000,"height":1000,"url":"https:\/\/vapingnet.de\/wp-content\/uploads\/2025\/05\/Lush-Ice.webp","type":"image\/webp"}],"twitter_card":"summary_large_image","twitter_misc":{"Est. reading time":"3 minutes"},"schema":{"@context":"https:\/\/schema.org","@graph":[{"@type":"WebPage","@id":"https:\/\/vapingnet.de\/vape\/direkt-vom-hersteller-waspe-vape-mit-20000-zuegen-lush-ice-genuss\/","url":"https:\/\/vapingnet.de\/vape\/direkt-vom-hersteller-waspe-vape-mit-20000-zuegen-lush-ice-genuss\/","name":"Direkt Vom Hersteller WASPE Vape Mit 20000 Z\u00fcgen Lush Ice Genuss | Vapingnet.de","isPartOf":{"@id":"https:\/\/vapingnet.de\/#website"},"primaryImageOfPage":{"@id":"https:\/\/vapingnet.de\/vape\/direkt-vom-hersteller-waspe-vape-mit-20000-zuegen-lush-ice-genuss\/#primaryimage"},"image":{"@id":"https:\/\/vapingnet.de\/vape\/direkt-vom-hersteller-waspe-vape-mit-20000-zuegen-lush-ice-genuss\/#primaryimage"},"thumbnailUrl":"https:\/\/vapingnet.de\/wp-content\/uploads\/2025\/05\/Lush-Ice.webp","datePublished":"2025-05-05T06:56:45+00:00","dateModified":"2026-04-15T07:30:36+00:00","description":"Entdecke Direkt Vom Hersteller WASPE Vape Mit 20000 Z\u00fcgen Lush Ice Genuss bei vapingnet.de, \u25ba Gro\u00dfe Auswahl an Geschmacksrichtungen & super g\u00fcnstig!","breadcrumb":{"@id":"https:\/\/vapingnet.de\/vape\/direkt-vom-hersteller-waspe-vape-mit-20000-zuegen-lush-ice-genuss\/#breadcrumb"},"inLanguage":"pl-PL","potentialAction":[{"@type":"ReadAction","target":["https:\/\/vapingnet.de\/vape\/direkt-vom-hersteller-waspe-vape-mit-20000-zuegen-lush-ice-genuss\/"]}]},{"@type":"ImageObject","inLanguage":"pl-PL","@id":"https:\/\/vapingnet.de\/vape\/direkt-vom-hersteller-waspe-vape-mit-20000-zuegen-lush-ice-genuss\/#primaryimage","url":"https:\/\/vapingnet.de\/wp-content\/uploads\/2025\/05\/Lush-Ice.webp","contentUrl":"https:\/\/vapingnet.de\/wp-content\/uploads\/2025\/05\/Lush-Ice.webp","width":1000,"height":1000},{"@type":"BreadcrumbList","@id":"https:\/\/vapingnet.de\/vape\/direkt-vom-hersteller-waspe-vape-mit-20000-zuegen-lush-ice-genuss\/#breadcrumb","itemListElement":[{"@type":"ListItem","position":1,"name":"Home","item":"https:\/\/vapingnet.de\/"},{"@type":"ListItem","position":2,"name":"Shop","item":"https:\/\/vapingnet.de\/vape\/"},{"@type":"ListItem","position":3,"name":"Direkt Vom Hersteller WASPE Vape Mit 20000 Z\u00fcgen Lush Ice Genuss"}]},{"@type":"WebSite","@id":"https:\/\/vapingnet.de\/#website","url":"https:\/\/vapingnet.de\/","name":"Vapingnet.de","description":"","publisher":{"@id":"https:\/\/vapingnet.de\/#organization"},"potentialAction":[{"@type":"SearchAction","target":{"@type":"EntryPoint","urlTemplate":"https:\/\/vapingnet.de\/?s={search_term_string}"},"query-input":{"@type":"PropertyValueSpecification","valueRequired":true,"valueName":"search_term_string"}}],"inLanguage":"pl-PL"},{"@type":"Organization","@id":"https:\/\/vapingnet.de\/#organization","name":"Vapingnet.de","url":"https:\/\/vapingnet.de\/","logo":{"@type":"ImageObject","inLanguage":"pl-PL","@id":"https:\/\/vapingnet.de\/#\/schema\/logo\/image\/","url":"https:\/\/vapingnet.de\/wp-content\/uploads\/2025\/03\/cropped-vapingnet.de_.jpg","contentUrl":"https:\/\/vapingnet.de\/wp-content\/uploads\/2025\/03\/cropped-vapingnet.de_.jpg","width":512,"height":512,"caption":"Vapingnet.de"},"image":{"@id":"https:\/\/vapingnet.de\/#\/schema\/logo\/image\/"},"sameAs":["https:\/\/www.facebook.com\/vapingnetde\/"]}]}},"tiered_pricing_type":"fixed","tiered_pricing_fixed_rules":[],"tiered_pricing_product_settings":{"layout":"default","base_unit_name":{"singular":null,"plural":null},"default_variation":null},"tiered_pricing_minimum_quantity":null,"tiered_pricing_roles_data":[],"tiered_pricing_percentage_rules":[],"_links":{"self":[{"href":"https:\/\/vapingnet.de\/pl\/wp-json\/wp\/v2\/product\/6790","targetHints":{"allow":["GET"]}}],"collection":[{"href":"https:\/\/vapingnet.de\/pl\/wp-json\/wp\/v2\/product"}],"about":[{"href":"https:\/\/vapingnet.de\/pl\/wp-json\/wp\/v2\/types\/product"}],"version-history":[{"count":1,"href":"https:\/\/vapingnet.de\/pl\/wp-json\/wp\/v2\/product\/6790\/revisions"}],"predecessor-version":[{"id":6797,"href":"https:\/\/vapingnet.de\/pl\/wp-json\/wp\/v2\/product\/6790\/revisions\/6797"}],"wp:featuredmedia":[{"embeddable":true,"href":"https:\/\/vapingnet.de\/pl\/wp-json\/wp\/v2\/media\/6780"}],"wp:attachment":[{"href":"https:\/\/vapingnet.de\/pl\/wp-json\/wp\/v2\/media?parent=6790"}],"wp:term":[{"taxonomy":"brand","embeddable":true,"href":"https:\/\/vapingnet.de\/pl\/wp-json\/wp\/v2\/etheme_brands?post=6790"},{"taxonomy":"product_brand","embeddable":true,"href":"https:\/\/vapingnet.de\/pl\/wp-json\/wp\/v2\/product_brand?post=6790"},{"taxonomy":"product_cat","embeddable":true,"href":"https:\/\/vapingnet.de\/pl\/wp-json\/wp\/v2\/product_cat?post=6790"},{"taxonomy":"product_tag","embeddable":true,"href":"https:\/\/vapingnet.de\/pl\/wp-json\/wp\/v2\/product_tag?post=6790"}],"curies":[{"name":"wp","href":"https:\/\/api.w.org\/{rel}","templated":true}]}}