{"id":6793,"date":"2025-05-05T06:56:50","date_gmt":"2025-05-05T06:56:50","guid":{"rendered":"https:\/\/vapingnet.de\/?post_type=product&#038;p=6793"},"modified":"2026-04-15T06:48:20","modified_gmt":"2026-04-15T06:48:20","slug":"chill-mit-stil-waspe-dual-mesh-vape-fruchtig-mixed-berries-herstellerpreis","status":"publish","type":"product","link":"https:\/\/vapingnet.de\/pl\/vape\/chill-mit-stil-waspe-dual-mesh-vape-fruchtig-mixed-berries-herstellerpreis\/","title":{"rendered":"Chill z stylem WASPE Dual Mesh Vape \u2013 owocowe mieszane jagody \u2013 cena producenta"},"content":{"rendered":"<h2 data-start=\"0\" data-end=\"72\" data-immersive-translate-walked=\"bc43149e-0f08-49b6-b0c3-667f2fdad09b\">WASPE 20000 Puffs Jednorazowa E-papieros Najwy\u017cszy komfort i smak<\/h2>\n<p class=\"\" data-start=\"74\" data-end=\"371\" data-immersive-translate-walked=\"bc43149e-0f08-49b6-b0c3-667f2fdad09b\" data-immersive-translate-paragraph=\"1\">WASPE 20000 Puffs Jednorazowy E-papieros \u0142\u0105czy innowacj\u0119, wydajno\u015b\u0107 i wyj\u0105tkowe doznania podczas palenia w kompaktowym i przyjaznym dla u\u017cytkownika urz\u0105dzeniu. Dzi\u0119ki nowoczesnym funkcjom i imponuj\u0105cej \u017cywotno\u015bci jest idealnym wyborem dla palaczy ceni\u0105cych jako\u015b\u0107 i przyjemno\u015b\u0107.<\/p>\n<p data-start=\"74\" data-end=\"371\" data-immersive-translate-walked=\"bc43149e-0f08-49b6-b0c3-667f2fdad09b\" data-immersive-translate-paragraph=\"1\"><img fetchpriority=\"high\" decoding=\"async\" class=\"size-full wp-image-6901 aligncenter\" src=\"https:\/\/vapingnet.de\/wp-content\/uploads\/2025\/05\/WASPE-VAPE2.webp\" alt=\"\" width=\"1000\" height=\"1000\" srcset=\"https:\/\/vapingnet.de\/wp-content\/uploads\/2025\/05\/WASPE-VAPE2.webp 1000w, https:\/\/vapingnet.de\/wp-content\/uploads\/2025\/05\/WASPE-VAPE2-300x300.webp 300w, https:\/\/vapingnet.de\/wp-content\/uploads\/2025\/05\/WASPE-VAPE2-150x150.webp 150w, https:\/\/vapingnet.de\/wp-content\/uploads\/2025\/05\/WASPE-VAPE2-768x768.webp 768w, https:\/\/vapingnet.de\/wp-content\/uploads\/2025\/05\/WASPE-VAPE2-600x600.webp 600w, https:\/\/vapingnet.de\/wp-content\/uploads\/2025\/05\/WASPE-VAPE2-100x100.webp 100w, https:\/\/vapingnet.de\/wp-content\/uploads\/2025\/05\/WASPE-VAPE2-1x1.webp 1w, https:\/\/vapingnet.de\/wp-content\/uploads\/2025\/05\/WASPE-VAPE2-10x10.webp 10w\" sizes=\"(max-width: 1000px) 100vw, 1000px\" \/><\/p>\n<h3 class=\"\" data-start=\"373\" data-end=\"416\" data-immersive-translate-walked=\"bc43149e-0f08-49b6-b0c3-667f2fdad09b\" data-immersive-translate-paragraph=\"1\">Wa\u017cne cechy WASPE 20000 Puffs<\/h3>\n<ul data-start=\"418\" data-end=\"1376\" data-immersive-translate-walked=\"bc43149e-0f08-49b6-b0c3-667f2fdad09b\">\n<li class=\"\" data-start=\"418\" data-end=\"650\" data-immersive-translate-walked=\"bc43149e-0f08-49b6-b0c3-667f2fdad09b\">\n<p class=\"\" data-start=\"420\" data-end=\"650\" data-immersive-translate-walked=\"bc43149e-0f08-49b6-b0c3-667f2fdad09b\" data-immersive-translate-paragraph=\"1\">Podw\u00f3jny Mesh Coil: Ten e-papieros u\u017cywa podw\u00f3jnego Mesh Coila o oporze 0,8\u03a9. Zapewnia to r\u00f3wnomierne i efektywne odparowywanie p\u0142ynu, co prowadzi do intensywnego i czystego smaku.<\/p>\n<\/li>\n<li class=\"\" data-start=\"654\" data-end=\"851\" data-immersive-translate-walked=\"bc43149e-0f08-49b6-b0c3-667f2fdad09b\">\n<p class=\"\" data-start=\"656\" data-end=\"851\" data-immersive-translate-walked=\"bc43149e-0f08-49b6-b0c3-667f2fdad09b\" data-immersive-translate-paragraph=\"1\">D\u0142ugotrwa\u0142e u\u017cytkowanie: Z bateri\u0105 o pojemno\u015bci 900 mAh i pojemno\u015bci\u0105 p\u0142ynu 24 ml, mo\u017cesz cieszy\u0107 si\u0119 do 20 000 zaci\u0105gni\u0119\u0107 \u2013 wystarczy na d\u0142ugi czas bez przerw.<\/p>\n<\/li>\n<li class=\"\" data-start=\"853\" data-end=\"1004\" data-immersive-translate-walked=\"bc43149e-0f08-49b6-b0c3-667f2fdad09b\">\n<p class=\"\" data-start=\"855\" data-end=\"1004\" data-immersive-translate-walked=\"bc43149e-0f08-49b6-b0c3-667f2fdad09b\" data-immersive-translate-paragraph=\"1\">Wy\u015bwietlacz LCD: Wbudowany wy\u015bwietlacz LCD informuje o poziomie na\u0142adowania baterii i stanie p\u0142ynu, dzi\u0119ki czemu zawsze masz kontrol\u0119.<\/p>\n<\/li>\n<li class=\"\" data-start=\"1006\" data-end=\"1183\" data-immersive-translate-walked=\"bc43149e-0f08-49b6-b0c3-667f2fdad09b\">\n<p class=\"\" data-start=\"1008\" data-end=\"1183\" data-immersive-translate-walked=\"bc43149e-0f08-49b6-b0c3-667f2fdad09b\" data-immersive-translate-paragraph=\"1\">Wszechstronne opcje nikotyny: Jednorazowy e-papieros WASPE 20000 Puffs oferuje r\u00f3\u017cne poziomy nikotyny: 0%, 2%, 3% i 5%, aby sprosta\u0107 r\u00f3\u017cnym preferencjom.<\/p>\n<\/li>\n<li class=\"\" data-start=\"1185\" data-end=\"1376\" data-immersive-translate-walked=\"bc43149e-0f08-49b6-b0c3-667f2fdad09b\">\n<p class=\"\" data-start=\"1187\" data-end=\"1376\" data-immersive-translate-walked=\"bc43149e-0f08-49b6-b0c3-667f2fdad09b\" data-immersive-translate-paragraph=\"1\">\u0141atwa obs\u0142uga: Dzi\u0119ki portowi Type-C \u0142adowanie jest szybkie i proste. Jednorazowy e-papieros jest idealny dla tych, kt\u00f3rzy szukaj\u0105 bezproblemowego do\u015bwiadczenia.<\/p>\n<\/li>\n<\/ul>\n<h4>Do\u015bwiadczenie smakowe \u2013 Mixed Berries<\/h4>\n<p class=\"\" data-start=\"1418\" data-end=\"1750\" data-immersive-translate-walked=\"bc43149e-0f08-49b6-b0c3-667f2fdad09b\" data-immersive-translate-paragraph=\"1\">Smak wariantu Mixed Berries to idealne po\u0142\u0105czenie s\u0142odkich i lekko kwa\u015bnych jag\u00f3d. \u015awie\u017cy i owocowy smak zachwyci Ci\u0119 przy ka\u017cdym zaci\u0105gni\u0119ciu i zapewni intensywne doznania podczas palenia. Ten e-papieros jest szczeg\u00f3lnie polecany dla tych, kt\u00f3rzy preferuj\u0105 \u015bwie\u017cy, owocowy smak.<\/p>\n<h3>Dlaczego warto wybra\u0107 jednorazowego e-papierosa WASPE 20000 Puffs?<\/h3>\n<ul data-start=\"1824\" data-end=\"2353\" data-immersive-translate-walked=\"bc43149e-0f08-49b6-b0c3-667f2fdad09b\">\n<li class=\"\" data-start=\"1824\" data-end=\"1949\" data-immersive-translate-walked=\"bc43149e-0f08-49b6-b0c3-667f2fdad09b\">\n<p class=\"\" data-start=\"1826\" data-end=\"1949\" data-immersive-translate-walked=\"bc43149e-0f08-49b6-b0c3-667f2fdad09b\" data-immersive-translate-paragraph=\"1\">D\u0142uga \u017cywotno\u015b\u0107: 20 000 zaci\u0105gni\u0119\u0107 \u2013 wystarczy na ca\u0142y dzie\u0144, bez konieczno\u015bci cz\u0119stej wymiany urz\u0105dzenia.<\/p>\n<\/li>\n<li class=\"\" data-start=\"1953\" data-end=\"2095\" data-immersive-translate-walked=\"bc43149e-0f08-49b6-b0c3-667f2fdad09b\">\n<p class=\"\" data-start=\"1955\" data-end=\"2095\" data-immersive-translate-walked=\"bc43149e-0f08-49b6-b0c3-667f2fdad09b\" data-immersive-translate-paragraph=\"1\">Komfort i \u0142atwo\u015b\u0107 obs\u0142ugi: Port Type-C zapewnia szybkie i wygodne \u0142adowanie, a wy\u015bwietlacz LCD gwarantuje klarowno\u015b\u0107 informacji.<\/p>\n<\/li>\n<li class=\"\" data-start=\"2097\" data-end=\"2235\" data-immersive-translate-walked=\"bc43149e-0f08-49b6-b0c3-667f2fdad09b\">\n<p class=\"\" data-start=\"2099\" data-end=\"2235\" data-immersive-translate-walked=\"bc43149e-0f08-49b6-b0c3-667f2fdad09b\" data-immersive-translate-paragraph=\"1\">R\u00f3\u017cnorodno\u015b\u0107 opcji nikotyny: Wybierz poziom nikotyny, kt\u00f3ry Ci odpowiada, i ciesz si\u0119 swoim do\u015bwiadczeniem palenia zgodnie z w\u0142asnymi preferencjami.<\/p>\n<\/li>\n<li class=\"\" data-start=\"2237\" data-end=\"2353\" data-immersive-translate-walked=\"bc43149e-0f08-49b6-b0c3-667f2fdad09b\">\n<p class=\"\" data-start=\"2239\" data-end=\"2353\" data-immersive-translate-walked=\"bc43149e-0f08-49b6-b0c3-667f2fdad09b\" data-immersive-translate-paragraph=\"1\">Smak: Smak Mixed Berries jest idealny dla palaczy ceni\u0105cych owocowe i orze\u017awiaj\u0105ce aromaty.<\/p>\n<\/li>\n<\/ul>\n<h4 data-start=\"2355\" data-end=\"2396\" data-immersive-translate-walked=\"bc43149e-0f08-49b6-b0c3-667f2fdad09b\" data-immersive-translate-paragraph=\"1\">Podsumowanie: Idealny dla palaczy na ka\u017cdym poziomie zaawansowania<\/h4>\n<p class=\"\" data-start=\"2398\" data-end=\"2741\" data-immersive-translate-walked=\"bc43149e-0f08-49b6-b0c3-667f2fdad09b\" data-immersive-translate-paragraph=\"1\">Niezale\u017cnie od tego, czy jeste\u015b do\u015bwiadczonym palaczem, czy pocz\u0105tkuj\u0105cym, jednorazowy e-papieros WASPE 20000 Puffs oferuje wszystko, czego potrzebujesz: doskona\u0142y smak, d\u0142ug\u0105 \u017cywotno\u015b\u0107 i prost\u0105 obs\u0142ug\u0119. Zdobywaj swojego WASPE 20000 Puffs na vapingnet.de i do\u015bwiadcz palenia na nowym poziomie.<\/p>","protected":false},"excerpt":{"rendered":"<p>WASPE 20000 Puffs Jednorazowy e-papieros Najwy\u017cszy komfort i smak Jednorazowy e-papieros WASPE 20000 Puffs \u0142\u0105czy innowacj\u0119, wydajno\u015b\u0107 i wyj\u0105tkowe doznania palenia w kompaktowym urz\u0105dzeniu...<\/p>","protected":false},"featured_media":6781,"template":"","meta":[],"etheme_brands":[],"product_brand":[98],"product_cat":[54,49,61],"product_tag":[],"class_list":{"0":"post-6793","1":"product","2":"type-product","3":"status-publish","4":"has-post-thumbnail","6":"product_brand-waspe-vape","7":"product_cat-vape-20000-zuege","8":"product_cat-einweg-e-zigarette","9":"product_cat-f","11":"first","12":"instock","13":"shipping-taxable","14":"purchasable","15":"product-type-variable"},"yoast_head":"<!-- This site is optimized with the Yoast SEO plugin v26.5 - https:\/\/yoast.com\/wordpress\/plugins\/seo\/ -->\n<title>Chill Mit Stil WASPE Dual Mesh Vape Fruchtig Mixed Berries Herstellerpreis | Vapingnet.de<\/title>\n<meta name=\"description\" content=\"Entdecke Chill Mit Stil WASPE Dual Mesh Vape Fruchtig Mixed Berries Herstellerpreis bei vapingnet.de, \u25ba Gro\u00dfe Auswahl an Geschmacksrichtungen &amp; super g\u00fcnstig!\" \/>\n<meta name=\"robots\" content=\"index, follow, max-snippet:-1, max-image-preview:large, max-video-preview:-1\" \/>\n<link rel=\"canonical\" href=\"https:\/\/vapingnet.de\/pl\/vape\/chill-mit-stil-waspe-dual-mesh-vape-fruchtig-mixed-berries-herstellerpreis\/\" \/>\n<meta property=\"og:locale\" content=\"pl_PL\" \/>\n<meta property=\"og:type\" content=\"article\" \/>\n<meta property=\"og:title\" content=\"Chill Mit Stil WASPE Dual Mesh Vape Fruchtig Mixed Berries Herstellerpreis | Vapingnet.de\" \/>\n<meta property=\"og:description\" content=\"Entdecke Chill Mit Stil WASPE Dual Mesh Vape Fruchtig Mixed Berries Herstellerpreis bei vapingnet.de, \u25ba Gro\u00dfe Auswahl an Geschmacksrichtungen &amp; super g\u00fcnstig!\" \/>\n<meta property=\"og:url\" content=\"https:\/\/vapingnet.de\/pl\/vape\/chill-mit-stil-waspe-dual-mesh-vape-fruchtig-mixed-berries-herstellerpreis\/\" \/>\n<meta property=\"og:site_name\" content=\"Vapingnet.de\" \/>\n<meta property=\"article:publisher\" content=\"https:\/\/www.facebook.com\/vapingnetde\/\" \/>\n<meta property=\"article:modified_time\" content=\"2026-04-15T06:48:20+00:00\" \/>\n<meta property=\"og:image\" content=\"https:\/\/vapingnet.de\/wp-content\/uploads\/2025\/05\/Mixed-Berries-1.webp\" \/>\n\t<meta property=\"og:image:width\" content=\"1000\" \/>\n\t<meta property=\"og:image:height\" content=\"1000\" \/>\n\t<meta property=\"og:image:type\" content=\"image\/webp\" \/>\n<meta name=\"twitter:card\" content=\"summary_large_image\" \/>\n<meta name=\"twitter:label1\" content=\"Est. reading time\" \/>\n\t<meta name=\"twitter:data1\" content=\"3 minutes\" \/>\n<script type=\"application\/ld+json\" class=\"yoast-schema-graph\">{\"@context\":\"https:\/\/schema.org\",\"@graph\":[{\"@type\":\"WebPage\",\"@id\":\"https:\/\/vapingnet.de\/vape\/chill-mit-stil-waspe-dual-mesh-vape-fruchtig-mixed-berries-herstellerpreis\/\",\"url\":\"https:\/\/vapingnet.de\/vape\/chill-mit-stil-waspe-dual-mesh-vape-fruchtig-mixed-berries-herstellerpreis\/\",\"name\":\"Chill Mit Stil WASPE Dual Mesh Vape Fruchtig Mixed Berries Herstellerpreis | Vapingnet.de\",\"isPartOf\":{\"@id\":\"https:\/\/vapingnet.de\/#website\"},\"primaryImageOfPage\":{\"@id\":\"https:\/\/vapingnet.de\/vape\/chill-mit-stil-waspe-dual-mesh-vape-fruchtig-mixed-berries-herstellerpreis\/#primaryimage\"},\"image\":{\"@id\":\"https:\/\/vapingnet.de\/vape\/chill-mit-stil-waspe-dual-mesh-vape-fruchtig-mixed-berries-herstellerpreis\/#primaryimage\"},\"thumbnailUrl\":\"https:\/\/vapingnet.de\/wp-content\/uploads\/2025\/05\/Mixed-Berries-1.webp\",\"datePublished\":\"2025-05-05T06:56:50+00:00\",\"dateModified\":\"2026-04-15T06:48:20+00:00\",\"description\":\"Entdecke Chill Mit Stil WASPE Dual Mesh Vape Fruchtig Mixed Berries Herstellerpreis bei vapingnet.de, \u25ba Gro\u00dfe Auswahl an Geschmacksrichtungen & super g\u00fcnstig!\",\"breadcrumb\":{\"@id\":\"https:\/\/vapingnet.de\/vape\/chill-mit-stil-waspe-dual-mesh-vape-fruchtig-mixed-berries-herstellerpreis\/#breadcrumb\"},\"inLanguage\":\"pl-PL\",\"potentialAction\":[{\"@type\":\"ReadAction\",\"target\":[\"https:\/\/vapingnet.de\/vape\/chill-mit-stil-waspe-dual-mesh-vape-fruchtig-mixed-berries-herstellerpreis\/\"]}]},{\"@type\":\"ImageObject\",\"inLanguage\":\"pl-PL\",\"@id\":\"https:\/\/vapingnet.de\/vape\/chill-mit-stil-waspe-dual-mesh-vape-fruchtig-mixed-berries-herstellerpreis\/#primaryimage\",\"url\":\"https:\/\/vapingnet.de\/wp-content\/uploads\/2025\/05\/Mixed-Berries-1.webp\",\"contentUrl\":\"https:\/\/vapingnet.de\/wp-content\/uploads\/2025\/05\/Mixed-Berries-1.webp\",\"width\":1000,\"height\":1000},{\"@type\":\"BreadcrumbList\",\"@id\":\"https:\/\/vapingnet.de\/vape\/chill-mit-stil-waspe-dual-mesh-vape-fruchtig-mixed-berries-herstellerpreis\/#breadcrumb\",\"itemListElement\":[{\"@type\":\"ListItem\",\"position\":1,\"name\":\"Home\",\"item\":\"https:\/\/vapingnet.de\/\"},{\"@type\":\"ListItem\",\"position\":2,\"name\":\"Shop\",\"item\":\"https:\/\/vapingnet.de\/vape\/\"},{\"@type\":\"ListItem\",\"position\":3,\"name\":\"Chill Mit Stil WASPE Dual Mesh Vape Fruchtig Mixed Berries Herstellerpreis\"}]},{\"@type\":\"WebSite\",\"@id\":\"https:\/\/vapingnet.de\/#website\",\"url\":\"https:\/\/vapingnet.de\/\",\"name\":\"Vapingnet.de\",\"description\":\"\",\"publisher\":{\"@id\":\"https:\/\/vapingnet.de\/#organization\"},\"potentialAction\":[{\"@type\":\"SearchAction\",\"target\":{\"@type\":\"EntryPoint\",\"urlTemplate\":\"https:\/\/vapingnet.de\/?s={search_term_string}\"},\"query-input\":{\"@type\":\"PropertyValueSpecification\",\"valueRequired\":true,\"valueName\":\"search_term_string\"}}],\"inLanguage\":\"pl-PL\"},{\"@type\":\"Organization\",\"@id\":\"https:\/\/vapingnet.de\/#organization\",\"name\":\"Vapingnet.de\",\"url\":\"https:\/\/vapingnet.de\/\",\"logo\":{\"@type\":\"ImageObject\",\"inLanguage\":\"pl-PL\",\"@id\":\"https:\/\/vapingnet.de\/#\/schema\/logo\/image\/\",\"url\":\"https:\/\/vapingnet.de\/wp-content\/uploads\/2025\/03\/cropped-vapingnet.de_.jpg\",\"contentUrl\":\"https:\/\/vapingnet.de\/wp-content\/uploads\/2025\/03\/cropped-vapingnet.de_.jpg\",\"width\":512,\"height\":512,\"caption\":\"Vapingnet.de\"},\"image\":{\"@id\":\"https:\/\/vapingnet.de\/#\/schema\/logo\/image\/\"},\"sameAs\":[\"https:\/\/www.facebook.com\/vapingnetde\/\"]}]}<\/script>\n<!-- \/ Yoast SEO plugin. -->","yoast_head_json":{"title":"Chill Mit Stil WASPE Dual Mesh Vape Fruchtig Mixed Berries Herstellerpreis | Vapingnet.de","description":"Entdecke Chill Mit Stil WASPE Dual Mesh Vape Fruchtig Mixed Berries Herstellerpreis bei vapingnet.de, \u25ba Gro\u00dfe Auswahl an Geschmacksrichtungen & super g\u00fcnstig!","robots":{"index":"index","follow":"follow","max-snippet":"max-snippet:-1","max-image-preview":"max-image-preview:large","max-video-preview":"max-video-preview:-1"},"canonical":"https:\/\/vapingnet.de\/pl\/vape\/chill-mit-stil-waspe-dual-mesh-vape-fruchtig-mixed-berries-herstellerpreis\/","og_locale":"pl_PL","og_type":"article","og_title":"Chill Mit Stil WASPE Dual Mesh Vape Fruchtig Mixed Berries Herstellerpreis | Vapingnet.de","og_description":"Entdecke Chill Mit Stil WASPE Dual Mesh Vape Fruchtig Mixed Berries Herstellerpreis bei vapingnet.de, \u25ba Gro\u00dfe Auswahl an Geschmacksrichtungen & super g\u00fcnstig!","og_url":"https:\/\/vapingnet.de\/pl\/vape\/chill-mit-stil-waspe-dual-mesh-vape-fruchtig-mixed-berries-herstellerpreis\/","og_site_name":"Vapingnet.de","article_publisher":"https:\/\/www.facebook.com\/vapingnetde\/","article_modified_time":"2026-04-15T06:48:20+00:00","og_image":[{"width":1000,"height":1000,"url":"https:\/\/vapingnet.de\/wp-content\/uploads\/2025\/05\/Mixed-Berries-1.webp","type":"image\/webp"}],"twitter_card":"summary_large_image","twitter_misc":{"Est. reading time":"3 minutes"},"schema":{"@context":"https:\/\/schema.org","@graph":[{"@type":"WebPage","@id":"https:\/\/vapingnet.de\/vape\/chill-mit-stil-waspe-dual-mesh-vape-fruchtig-mixed-berries-herstellerpreis\/","url":"https:\/\/vapingnet.de\/vape\/chill-mit-stil-waspe-dual-mesh-vape-fruchtig-mixed-berries-herstellerpreis\/","name":"Chill Mit Stil WASPE Dual Mesh Vape Fruchtig Mixed Berries Herstellerpreis | Vapingnet.de","isPartOf":{"@id":"https:\/\/vapingnet.de\/#website"},"primaryImageOfPage":{"@id":"https:\/\/vapingnet.de\/vape\/chill-mit-stil-waspe-dual-mesh-vape-fruchtig-mixed-berries-herstellerpreis\/#primaryimage"},"image":{"@id":"https:\/\/vapingnet.de\/vape\/chill-mit-stil-waspe-dual-mesh-vape-fruchtig-mixed-berries-herstellerpreis\/#primaryimage"},"thumbnailUrl":"https:\/\/vapingnet.de\/wp-content\/uploads\/2025\/05\/Mixed-Berries-1.webp","datePublished":"2025-05-05T06:56:50+00:00","dateModified":"2026-04-15T06:48:20+00:00","description":"Entdecke Chill Mit Stil WASPE Dual Mesh Vape Fruchtig Mixed Berries Herstellerpreis bei vapingnet.de, \u25ba Gro\u00dfe Auswahl an Geschmacksrichtungen & super g\u00fcnstig!","breadcrumb":{"@id":"https:\/\/vapingnet.de\/vape\/chill-mit-stil-waspe-dual-mesh-vape-fruchtig-mixed-berries-herstellerpreis\/#breadcrumb"},"inLanguage":"pl-PL","potentialAction":[{"@type":"ReadAction","target":["https:\/\/vapingnet.de\/vape\/chill-mit-stil-waspe-dual-mesh-vape-fruchtig-mixed-berries-herstellerpreis\/"]}]},{"@type":"ImageObject","inLanguage":"pl-PL","@id":"https:\/\/vapingnet.de\/vape\/chill-mit-stil-waspe-dual-mesh-vape-fruchtig-mixed-berries-herstellerpreis\/#primaryimage","url":"https:\/\/vapingnet.de\/wp-content\/uploads\/2025\/05\/Mixed-Berries-1.webp","contentUrl":"https:\/\/vapingnet.de\/wp-content\/uploads\/2025\/05\/Mixed-Berries-1.webp","width":1000,"height":1000},{"@type":"BreadcrumbList","@id":"https:\/\/vapingnet.de\/vape\/chill-mit-stil-waspe-dual-mesh-vape-fruchtig-mixed-berries-herstellerpreis\/#breadcrumb","itemListElement":[{"@type":"ListItem","position":1,"name":"Home","item":"https:\/\/vapingnet.de\/"},{"@type":"ListItem","position":2,"name":"Shop","item":"https:\/\/vapingnet.de\/vape\/"},{"@type":"ListItem","position":3,"name":"Chill Mit Stil WASPE Dual Mesh Vape Fruchtig Mixed Berries Herstellerpreis"}]},{"@type":"WebSite","@id":"https:\/\/vapingnet.de\/#website","url":"https:\/\/vapingnet.de\/","name":"Vapingnet.de","description":"","publisher":{"@id":"https:\/\/vapingnet.de\/#organization"},"potentialAction":[{"@type":"SearchAction","target":{"@type":"EntryPoint","urlTemplate":"https:\/\/vapingnet.de\/?s={search_term_string}"},"query-input":{"@type":"PropertyValueSpecification","valueRequired":true,"valueName":"search_term_string"}}],"inLanguage":"pl-PL"},{"@type":"Organization","@id":"https:\/\/vapingnet.de\/#organization","name":"Vapingnet.de","url":"https:\/\/vapingnet.de\/","logo":{"@type":"ImageObject","inLanguage":"pl-PL","@id":"https:\/\/vapingnet.de\/#\/schema\/logo\/image\/","url":"https:\/\/vapingnet.de\/wp-content\/uploads\/2025\/03\/cropped-vapingnet.de_.jpg","contentUrl":"https:\/\/vapingnet.de\/wp-content\/uploads\/2025\/03\/cropped-vapingnet.de_.jpg","width":512,"height":512,"caption":"Vapingnet.de"},"image":{"@id":"https:\/\/vapingnet.de\/#\/schema\/logo\/image\/"},"sameAs":["https:\/\/www.facebook.com\/vapingnetde\/"]}]}},"tiered_pricing_type":"fixed","tiered_pricing_fixed_rules":[],"tiered_pricing_product_settings":{"layout":"default","base_unit_name":{"singular":null,"plural":null},"default_variation":null},"tiered_pricing_minimum_quantity":null,"tiered_pricing_roles_data":[],"tiered_pricing_percentage_rules":[],"_links":{"self":[{"href":"https:\/\/vapingnet.de\/pl\/wp-json\/wp\/v2\/product\/6793","targetHints":{"allow":["GET"]}}],"collection":[{"href":"https:\/\/vapingnet.de\/pl\/wp-json\/wp\/v2\/product"}],"about":[{"href":"https:\/\/vapingnet.de\/pl\/wp-json\/wp\/v2\/types\/product"}],"version-history":[{"count":2,"href":"https:\/\/vapingnet.de\/pl\/wp-json\/wp\/v2\/product\/6793\/revisions"}],"predecessor-version":[{"id":6905,"href":"https:\/\/vapingnet.de\/pl\/wp-json\/wp\/v2\/product\/6793\/revisions\/6905"}],"wp:featuredmedia":[{"embeddable":true,"href":"https:\/\/vapingnet.de\/pl\/wp-json\/wp\/v2\/media\/6781"}],"wp:attachment":[{"href":"https:\/\/vapingnet.de\/pl\/wp-json\/wp\/v2\/media?parent=6793"}],"wp:term":[{"taxonomy":"brand","embeddable":true,"href":"https:\/\/vapingnet.de\/pl\/wp-json\/wp\/v2\/etheme_brands?post=6793"},{"taxonomy":"product_brand","embeddable":true,"href":"https:\/\/vapingnet.de\/pl\/wp-json\/wp\/v2\/product_brand?post=6793"},{"taxonomy":"product_cat","embeddable":true,"href":"https:\/\/vapingnet.de\/pl\/wp-json\/wp\/v2\/product_cat?post=6793"},{"taxonomy":"product_tag","embeddable":true,"href":"https:\/\/vapingnet.de\/pl\/wp-json\/wp\/v2\/product_tag?post=6793"}],"curies":[{"name":"wp","href":"https:\/\/api.w.org\/{rel}","templated":true}]}}