{"id":6811,"date":"2025-05-06T02:51:01","date_gmt":"2025-05-06T02:51:01","guid":{"rendered":"https:\/\/vapingnet.de\/?post_type=product&#038;p=6811"},"modified":"2026-04-15T06:43:08","modified_gmt":"2026-04-15T06:43:08","slug":"vape-deal-des-jahres-strawberry-kiwi-von-waspe-20000-grosshandel-moeglich","status":"publish","type":"product","link":"https:\/\/vapingnet.de\/pl\/vape\/vape-deal-des-jahres-strawberry-kiwi-von-waspe-20000-grosshandel-moeglich\/","title":{"rendered":"Oferta roku Vape Strawberry Kiwi od WASPE 20000 hurtowo mo\u017cliwe"},"content":{"rendered":"<h2 data-start=\"61\" data-end=\"145\" data-immersive-translate-walked=\"00e577de-a939-451b-b4a6-526c62bfb0df\" data-immersive-translate-paragraph=\"1\">Odkryj przyjemno\u015b\u0107 z WASPE 20000 Jednorazow\u0105 E-papieros<\/h2>\n<p class=\"\" data-start=\"147\" data-end=\"634\" data-immersive-translate-walked=\"00e577de-a939-451b-b4a6-526c62bfb0df\" data-immersive-translate-paragraph=\"1\">To jest spokojna sobotnia poranna, jeste\u015b w drodze, a s\u0142o\u0144ce delikatnie \u015bwieci. Masz wszystko, czego potrzebujesz: swoj\u0105 ulubion\u0105 kaw\u0119, muzyk\u0119 i oczywi\u015bcie swoj\u0105 WASPE 20000 Jednorazow\u0105 E-papieros w kieszeni. Siadasz na \u0142awce w parku, bierzesz pierwszy zaci\u0105g i pozwalasz orze\u017awiaj\u0105cemu smakowi truskawki z kiwi otuli\u0107 twoje zmys\u0142y. Owocowa mieszanka s\u0142odkiej truskawki i orze\u017awiaj\u0105cego kiwi pozwala ci cieszy\u0107 si\u0119 chwil\u0105 w pe\u0142ni.<\/p>\n<h4 data-start=\"636\" data-end=\"1087\" data-immersive-translate-walked=\"00e577de-a939-451b-b4a6-526c62bfb0df\" data-immersive-translate-paragraph=\"1\">Idealne rozwi\u0105zanie na codzienne chwile:<\/h4>\n<p class=\"\" data-start=\"636\" data-end=\"1087\" data-immersive-translate-walked=\"00e577de-a939-451b-b4a6-526c62bfb0df\" data-immersive-translate-paragraph=\"1\">WASPE 20000 to nie tylko na wyj\u0105tkowe momenty, ale tak\u017ce na codzienn\u0105 przyjemno\u015b\u0107. Z do 20 000 zaci\u0105gni\u0119\u0107 i pojemno\u015bci\u0105 liquidu 24 ml, jest idealnym towarzyszem na d\u0142ugie dni bez uzupe\u0142niania. Dual Mesh Coil zapewnia r\u00f3wnomiern\u0105 par\u0119 i intensywne aromaty, a opcja \u0142adowania USB-C gwarantuje, \u017ce zawsze masz wystarczaj\u0105co energii na kolejny zaci\u0105g.<\/p>\n<h3 data-start=\"1089\" data-end=\"1148\" data-immersive-translate-walked=\"00e577de-a939-451b-b4a6-526c62bfb0df\">Niewa\u017cne, gdzie jeste\u015b, WASPE 20000 ci\u0119 towarzyszy:<\/h3>\n<ul data-start=\"1149\" data-end=\"1639\" data-immersive-translate-walked=\"00e577de-a939-451b-b4a6-526c62bfb0df\">\n<li class=\"\" data-start=\"1149\" data-end=\"1224\" data-immersive-translate-walked=\"00e577de-a939-451b-b4a6-526c62bfb0df\">\n<p class=\"\" data-start=\"1151\" data-end=\"1224\" data-immersive-translate-walked=\"00e577de-a939-451b-b4a6-526c62bfb0df\" data-immersive-translate-paragraph=\"1\">D\u0142uga \u017cywotno\u015b\u0107: do 20 000 zaci\u0105gni\u0119\u0107 \u2013 wystarczy na kilka tygodni.<\/p>\n<\/li>\n<li class=\"\" data-start=\"1225\" data-end=\"1334\" data-immersive-translate-walked=\"00e577de-a939-451b-b4a6-526c62bfb0df\">\n<p class=\"\" data-start=\"1227\" data-end=\"1334\" data-immersive-translate-walked=\"00e577de-a939-451b-b4a6-526c62bfb0df\" data-immersive-translate-paragraph=\"1\">Owocowa przyjemno\u015b\u0107: smak truskawki z kiwi to idealne po\u0142\u0105czenie s\u0142odyczy i orze\u017awienia.<\/p>\n<\/li>\n<li class=\"\" data-start=\"1335\" data-end=\"1428\" data-immersive-translate-walked=\"00e577de-a939-451b-b4a6-526c62bfb0df\">\n<p class=\"\" data-start=\"1337\" data-end=\"1428\" data-immersive-translate-walked=\"00e577de-a939-451b-b4a6-526c62bfb0df\" data-immersive-translate-paragraph=\"1\">R\u00f3\u017cne opcje nikotyny: wybierz mi\u0119dzy 0%, 2%, 3%, 5% nikotyny w zale\u017cno\u015bci od potrzeb.<\/p>\n<\/li>\n<li class=\"\" data-start=\"1429\" data-end=\"1535\" data-immersive-translate-walked=\"00e577de-a939-451b-b4a6-526c62bfb0df\">\n<p class=\"\" data-start=\"1431\" data-end=\"1535\" data-immersive-translate-walked=\"00e577de-a939-451b-b4a6-526c62bfb0df\" data-immersive-translate-paragraph=\"1\">Szybkie \u0142adowanie: port USB-C sprawia, \u017ce \u0142adowanie jest szybsze i prostsze ni\u017c kiedykolwiek.<\/p>\n<\/li>\n<li class=\"\" data-start=\"1536\" data-end=\"1639\" data-immersive-translate-walked=\"00e577de-a939-451b-b4a6-526c62bfb0df\">\n<p class=\"\" data-start=\"1538\" data-end=\"1639\" data-immersive-translate-walked=\"00e577de-a939-451b-b4a6-526c62bfb0df\" data-immersive-translate-paragraph=\"1\">Wygodne u\u017cytkowanie: wa\u017cy tylko 110 g, jest lekkie i wygodne do zabrania wsz\u0119dzie.<\/p>\n<\/li>\n<\/ul>\n<h4 data-start=\"1641\" data-end=\"1976\" data-immersive-translate-walked=\"00e577de-a939-451b-b4a6-526c62bfb0df\" data-immersive-translate-paragraph=\"1\">Twoja codzienna przyjemno\u015b\u0107 \u2013 prosta i wygodna:<\/h4>\n<p class=\"\" data-start=\"1641\" data-end=\"1976\" data-immersive-translate-walked=\"00e577de-a939-451b-b4a6-526c62bfb0df\" data-immersive-translate-paragraph=\"1\">WASPE 20000 Jednorazowa E-papieros jest dla wszystkich, kt\u00f3rzy szukaj\u0105 praktycznego, d\u0142ugiego i intensywnego do\u015bwiadczenia z parowaniem. Niezale\u017cnie od tego, czy spacerujesz po parku, robisz przerw\u0119 w biurze czy podr\u00f3\u017cujesz \u2013 zawsze zapewnia ci idealne doznania z parowania, bez komplikacji.<\/p>\n<p class=\"\" data-start=\"1978\" data-end=\"2108\" data-immersive-translate-walked=\"00e577de-a939-451b-b4a6-526c62bfb0df\" data-immersive-translate-paragraph=\"1\">Zam\u00f3w teraz na vapingnet.de i ciesz si\u0119 smakiem truskawki z kiwi wsz\u0119dzie, gdzie jeste\u015b!<\/p>","protected":false},"excerpt":{"rendered":"<p>Odkryj przyjemno\u015b\u0107 z WASPE 20000 Jednorazowym e-papierosem To spokojny sobotni poranek, jeste\u015b w drodze, a s\u0142o\u0144ce delikatnie \u015bwieci. Masz...<\/p>","protected":false},"featured_media":6785,"template":"","meta":[],"etheme_brands":[],"product_brand":[98],"product_cat":[54,49,61],"product_tag":[],"class_list":{"0":"post-6811","1":"product","2":"type-product","3":"status-publish","4":"has-post-thumbnail","6":"product_brand-waspe-vape","7":"product_cat-vape-20000-zuege","8":"product_cat-einweg-e-zigarette","9":"product_cat-f","11":"first","12":"instock","13":"shipping-taxable","14":"purchasable","15":"product-type-variable"},"yoast_head":"<!-- This site is optimized with the Yoast SEO plugin v26.5 - https:\/\/yoast.com\/wordpress\/plugins\/seo\/ -->\n<title>Vape Deal Des Jahres Strawberry Kiwi Von WASPE 20000 Gro\u00dfhandel M\u00f6glich | Vapingnet.de<\/title>\n<meta name=\"description\" content=\"Entdecke Vape Deal Des Jahres Strawberry Kiwi Von WASPE 20000 Gro\u00dfhandel M\u00f6glich bei vapingnet.de, \u25ba Gro\u00dfe Auswahl an Geschmacksrichtungen &amp; super g\u00fcnstig!\" \/>\n<meta name=\"robots\" content=\"index, follow, max-snippet:-1, max-image-preview:large, max-video-preview:-1\" \/>\n<link rel=\"canonical\" href=\"https:\/\/vapingnet.de\/pl\/vape\/vape-deal-des-jahres-strawberry-kiwi-von-waspe-20000-grosshandel-moeglich\/\" \/>\n<meta property=\"og:locale\" content=\"pl_PL\" \/>\n<meta property=\"og:type\" content=\"article\" \/>\n<meta property=\"og:title\" content=\"Vape Deal Des Jahres Strawberry Kiwi Von WASPE 20000 Gro\u00dfhandel M\u00f6glich | Vapingnet.de\" \/>\n<meta property=\"og:description\" content=\"Entdecke Vape Deal Des Jahres Strawberry Kiwi Von WASPE 20000 Gro\u00dfhandel M\u00f6glich bei vapingnet.de, \u25ba Gro\u00dfe Auswahl an Geschmacksrichtungen &amp; super g\u00fcnstig!\" \/>\n<meta property=\"og:url\" content=\"https:\/\/vapingnet.de\/pl\/vape\/vape-deal-des-jahres-strawberry-kiwi-von-waspe-20000-grosshandel-moeglich\/\" \/>\n<meta property=\"og:site_name\" content=\"Vapingnet.de\" \/>\n<meta property=\"article:publisher\" content=\"https:\/\/www.facebook.com\/vapingnetde\/\" \/>\n<meta property=\"article:modified_time\" content=\"2026-04-15T06:43:08+00:00\" \/>\n<meta property=\"og:image\" content=\"https:\/\/vapingnet.de\/wp-content\/uploads\/2025\/05\/Strawberry-Kiwi-1.webp\" \/>\n\t<meta property=\"og:image:width\" content=\"1000\" \/>\n\t<meta property=\"og:image:height\" content=\"1000\" \/>\n\t<meta property=\"og:image:type\" content=\"image\/webp\" \/>\n<meta name=\"twitter:card\" content=\"summary_large_image\" \/>\n<meta name=\"twitter:label1\" content=\"Est. reading time\" \/>\n\t<meta name=\"twitter:data1\" content=\"2 minutes\" \/>\n<script type=\"application\/ld+json\" class=\"yoast-schema-graph\">{\"@context\":\"https:\/\/schema.org\",\"@graph\":[{\"@type\":\"WebPage\",\"@id\":\"https:\/\/vapingnet.de\/vape\/vape-deal-des-jahres-strawberry-kiwi-von-waspe-20000-grosshandel-moeglich\/\",\"url\":\"https:\/\/vapingnet.de\/vape\/vape-deal-des-jahres-strawberry-kiwi-von-waspe-20000-grosshandel-moeglich\/\",\"name\":\"Vape Deal Des Jahres Strawberry Kiwi Von WASPE 20000 Gro\u00dfhandel M\u00f6glich | Vapingnet.de\",\"isPartOf\":{\"@id\":\"https:\/\/vapingnet.de\/#website\"},\"primaryImageOfPage\":{\"@id\":\"https:\/\/vapingnet.de\/vape\/vape-deal-des-jahres-strawberry-kiwi-von-waspe-20000-grosshandel-moeglich\/#primaryimage\"},\"image\":{\"@id\":\"https:\/\/vapingnet.de\/vape\/vape-deal-des-jahres-strawberry-kiwi-von-waspe-20000-grosshandel-moeglich\/#primaryimage\"},\"thumbnailUrl\":\"https:\/\/vapingnet.de\/wp-content\/uploads\/2025\/05\/Strawberry-Kiwi-1.webp\",\"datePublished\":\"2025-05-06T02:51:01+00:00\",\"dateModified\":\"2026-04-15T06:43:08+00:00\",\"description\":\"Entdecke Vape Deal Des Jahres Strawberry Kiwi Von WASPE 20000 Gro\u00dfhandel M\u00f6glich bei vapingnet.de, \u25ba Gro\u00dfe Auswahl an Geschmacksrichtungen & super g\u00fcnstig!\",\"breadcrumb\":{\"@id\":\"https:\/\/vapingnet.de\/vape\/vape-deal-des-jahres-strawberry-kiwi-von-waspe-20000-grosshandel-moeglich\/#breadcrumb\"},\"inLanguage\":\"pl-PL\",\"potentialAction\":[{\"@type\":\"ReadAction\",\"target\":[\"https:\/\/vapingnet.de\/vape\/vape-deal-des-jahres-strawberry-kiwi-von-waspe-20000-grosshandel-moeglich\/\"]}]},{\"@type\":\"ImageObject\",\"inLanguage\":\"pl-PL\",\"@id\":\"https:\/\/vapingnet.de\/vape\/vape-deal-des-jahres-strawberry-kiwi-von-waspe-20000-grosshandel-moeglich\/#primaryimage\",\"url\":\"https:\/\/vapingnet.de\/wp-content\/uploads\/2025\/05\/Strawberry-Kiwi-1.webp\",\"contentUrl\":\"https:\/\/vapingnet.de\/wp-content\/uploads\/2025\/05\/Strawberry-Kiwi-1.webp\",\"width\":1000,\"height\":1000},{\"@type\":\"BreadcrumbList\",\"@id\":\"https:\/\/vapingnet.de\/vape\/vape-deal-des-jahres-strawberry-kiwi-von-waspe-20000-grosshandel-moeglich\/#breadcrumb\",\"itemListElement\":[{\"@type\":\"ListItem\",\"position\":1,\"name\":\"Home\",\"item\":\"https:\/\/vapingnet.de\/\"},{\"@type\":\"ListItem\",\"position\":2,\"name\":\"Shop\",\"item\":\"https:\/\/vapingnet.de\/vape\/\"},{\"@type\":\"ListItem\",\"position\":3,\"name\":\"Vape Deal Des Jahres Strawberry Kiwi Von WASPE 20000 Gro\u00dfhandel M\u00f6glich\"}]},{\"@type\":\"WebSite\",\"@id\":\"https:\/\/vapingnet.de\/#website\",\"url\":\"https:\/\/vapingnet.de\/\",\"name\":\"Vapingnet.de\",\"description\":\"\",\"publisher\":{\"@id\":\"https:\/\/vapingnet.de\/#organization\"},\"potentialAction\":[{\"@type\":\"SearchAction\",\"target\":{\"@type\":\"EntryPoint\",\"urlTemplate\":\"https:\/\/vapingnet.de\/?s={search_term_string}\"},\"query-input\":{\"@type\":\"PropertyValueSpecification\",\"valueRequired\":true,\"valueName\":\"search_term_string\"}}],\"inLanguage\":\"pl-PL\"},{\"@type\":\"Organization\",\"@id\":\"https:\/\/vapingnet.de\/#organization\",\"name\":\"Vapingnet.de\",\"url\":\"https:\/\/vapingnet.de\/\",\"logo\":{\"@type\":\"ImageObject\",\"inLanguage\":\"pl-PL\",\"@id\":\"https:\/\/vapingnet.de\/#\/schema\/logo\/image\/\",\"url\":\"https:\/\/vapingnet.de\/wp-content\/uploads\/2025\/03\/cropped-vapingnet.de_.jpg\",\"contentUrl\":\"https:\/\/vapingnet.de\/wp-content\/uploads\/2025\/03\/cropped-vapingnet.de_.jpg\",\"width\":512,\"height\":512,\"caption\":\"Vapingnet.de\"},\"image\":{\"@id\":\"https:\/\/vapingnet.de\/#\/schema\/logo\/image\/\"},\"sameAs\":[\"https:\/\/www.facebook.com\/vapingnetde\/\"]}]}<\/script>\n<!-- \/ Yoast SEO plugin. -->","yoast_head_json":{"title":"Vape Deal Des Jahres Strawberry Kiwi Von WASPE 20000 Gro\u00dfhandel M\u00f6glich | Vapingnet.de","description":"Entdecke Vape Deal Des Jahres Strawberry Kiwi Von WASPE 20000 Gro\u00dfhandel M\u00f6glich bei vapingnet.de, \u25ba Gro\u00dfe Auswahl an Geschmacksrichtungen & super g\u00fcnstig!","robots":{"index":"index","follow":"follow","max-snippet":"max-snippet:-1","max-image-preview":"max-image-preview:large","max-video-preview":"max-video-preview:-1"},"canonical":"https:\/\/vapingnet.de\/pl\/vape\/vape-deal-des-jahres-strawberry-kiwi-von-waspe-20000-grosshandel-moeglich\/","og_locale":"pl_PL","og_type":"article","og_title":"Vape Deal Des Jahres Strawberry Kiwi Von WASPE 20000 Gro\u00dfhandel M\u00f6glich | Vapingnet.de","og_description":"Entdecke Vape Deal Des Jahres Strawberry Kiwi Von WASPE 20000 Gro\u00dfhandel M\u00f6glich bei vapingnet.de, \u25ba Gro\u00dfe Auswahl an Geschmacksrichtungen & super g\u00fcnstig!","og_url":"https:\/\/vapingnet.de\/pl\/vape\/vape-deal-des-jahres-strawberry-kiwi-von-waspe-20000-grosshandel-moeglich\/","og_site_name":"Vapingnet.de","article_publisher":"https:\/\/www.facebook.com\/vapingnetde\/","article_modified_time":"2026-04-15T06:43:08+00:00","og_image":[{"width":1000,"height":1000,"url":"https:\/\/vapingnet.de\/wp-content\/uploads\/2025\/05\/Strawberry-Kiwi-1.webp","type":"image\/webp"}],"twitter_card":"summary_large_image","twitter_misc":{"Est. reading time":"2 minutes"},"schema":{"@context":"https:\/\/schema.org","@graph":[{"@type":"WebPage","@id":"https:\/\/vapingnet.de\/vape\/vape-deal-des-jahres-strawberry-kiwi-von-waspe-20000-grosshandel-moeglich\/","url":"https:\/\/vapingnet.de\/vape\/vape-deal-des-jahres-strawberry-kiwi-von-waspe-20000-grosshandel-moeglich\/","name":"Vape Deal Des Jahres Strawberry Kiwi Von WASPE 20000 Gro\u00dfhandel M\u00f6glich | Vapingnet.de","isPartOf":{"@id":"https:\/\/vapingnet.de\/#website"},"primaryImageOfPage":{"@id":"https:\/\/vapingnet.de\/vape\/vape-deal-des-jahres-strawberry-kiwi-von-waspe-20000-grosshandel-moeglich\/#primaryimage"},"image":{"@id":"https:\/\/vapingnet.de\/vape\/vape-deal-des-jahres-strawberry-kiwi-von-waspe-20000-grosshandel-moeglich\/#primaryimage"},"thumbnailUrl":"https:\/\/vapingnet.de\/wp-content\/uploads\/2025\/05\/Strawberry-Kiwi-1.webp","datePublished":"2025-05-06T02:51:01+00:00","dateModified":"2026-04-15T06:43:08+00:00","description":"Entdecke Vape Deal Des Jahres Strawberry Kiwi Von WASPE 20000 Gro\u00dfhandel M\u00f6glich bei vapingnet.de, \u25ba Gro\u00dfe Auswahl an Geschmacksrichtungen & super g\u00fcnstig!","breadcrumb":{"@id":"https:\/\/vapingnet.de\/vape\/vape-deal-des-jahres-strawberry-kiwi-von-waspe-20000-grosshandel-moeglich\/#breadcrumb"},"inLanguage":"pl-PL","potentialAction":[{"@type":"ReadAction","target":["https:\/\/vapingnet.de\/vape\/vape-deal-des-jahres-strawberry-kiwi-von-waspe-20000-grosshandel-moeglich\/"]}]},{"@type":"ImageObject","inLanguage":"pl-PL","@id":"https:\/\/vapingnet.de\/vape\/vape-deal-des-jahres-strawberry-kiwi-von-waspe-20000-grosshandel-moeglich\/#primaryimage","url":"https:\/\/vapingnet.de\/wp-content\/uploads\/2025\/05\/Strawberry-Kiwi-1.webp","contentUrl":"https:\/\/vapingnet.de\/wp-content\/uploads\/2025\/05\/Strawberry-Kiwi-1.webp","width":1000,"height":1000},{"@type":"BreadcrumbList","@id":"https:\/\/vapingnet.de\/vape\/vape-deal-des-jahres-strawberry-kiwi-von-waspe-20000-grosshandel-moeglich\/#breadcrumb","itemListElement":[{"@type":"ListItem","position":1,"name":"Home","item":"https:\/\/vapingnet.de\/"},{"@type":"ListItem","position":2,"name":"Shop","item":"https:\/\/vapingnet.de\/vape\/"},{"@type":"ListItem","position":3,"name":"Vape Deal Des Jahres Strawberry Kiwi Von WASPE 20000 Gro\u00dfhandel M\u00f6glich"}]},{"@type":"WebSite","@id":"https:\/\/vapingnet.de\/#website","url":"https:\/\/vapingnet.de\/","name":"Vapingnet.de","description":"","publisher":{"@id":"https:\/\/vapingnet.de\/#organization"},"potentialAction":[{"@type":"SearchAction","target":{"@type":"EntryPoint","urlTemplate":"https:\/\/vapingnet.de\/?s={search_term_string}"},"query-input":{"@type":"PropertyValueSpecification","valueRequired":true,"valueName":"search_term_string"}}],"inLanguage":"pl-PL"},{"@type":"Organization","@id":"https:\/\/vapingnet.de\/#organization","name":"Vapingnet.de","url":"https:\/\/vapingnet.de\/","logo":{"@type":"ImageObject","inLanguage":"pl-PL","@id":"https:\/\/vapingnet.de\/#\/schema\/logo\/image\/","url":"https:\/\/vapingnet.de\/wp-content\/uploads\/2025\/03\/cropped-vapingnet.de_.jpg","contentUrl":"https:\/\/vapingnet.de\/wp-content\/uploads\/2025\/03\/cropped-vapingnet.de_.jpg","width":512,"height":512,"caption":"Vapingnet.de"},"image":{"@id":"https:\/\/vapingnet.de\/#\/schema\/logo\/image\/"},"sameAs":["https:\/\/www.facebook.com\/vapingnetde\/"]}]}},"tiered_pricing_type":"fixed","tiered_pricing_fixed_rules":[],"tiered_pricing_product_settings":{"layout":"default","base_unit_name":{"singular":null,"plural":null},"default_variation":null},"tiered_pricing_minimum_quantity":null,"tiered_pricing_roles_data":[],"tiered_pricing_percentage_rules":[],"_links":{"self":[{"href":"https:\/\/vapingnet.de\/pl\/wp-json\/wp\/v2\/product\/6811","targetHints":{"allow":["GET"]}}],"collection":[{"href":"https:\/\/vapingnet.de\/pl\/wp-json\/wp\/v2\/product"}],"about":[{"href":"https:\/\/vapingnet.de\/pl\/wp-json\/wp\/v2\/types\/product"}],"version-history":[{"count":1,"href":"https:\/\/vapingnet.de\/pl\/wp-json\/wp\/v2\/product\/6811\/revisions"}],"predecessor-version":[{"id":6818,"href":"https:\/\/vapingnet.de\/pl\/wp-json\/wp\/v2\/product\/6811\/revisions\/6818"}],"wp:featuredmedia":[{"embeddable":true,"href":"https:\/\/vapingnet.de\/pl\/wp-json\/wp\/v2\/media\/6785"}],"wp:attachment":[{"href":"https:\/\/vapingnet.de\/pl\/wp-json\/wp\/v2\/media?parent=6811"}],"wp:term":[{"taxonomy":"brand","embeddable":true,"href":"https:\/\/vapingnet.de\/pl\/wp-json\/wp\/v2\/etheme_brands?post=6811"},{"taxonomy":"product_brand","embeddable":true,"href":"https:\/\/vapingnet.de\/pl\/wp-json\/wp\/v2\/product_brand?post=6811"},{"taxonomy":"product_cat","embeddable":true,"href":"https:\/\/vapingnet.de\/pl\/wp-json\/wp\/v2\/product_cat?post=6811"},{"taxonomy":"product_tag","embeddable":true,"href":"https:\/\/vapingnet.de\/pl\/wp-json\/wp\/v2\/product_tag?post=6811"}],"curies":[{"name":"wp","href":"https:\/\/api.w.org\/{rel}","templated":true}]}}