{"id":6954,"date":"2025-05-26T03:44:13","date_gmt":"2025-05-26T03:44:13","guid":{"rendered":"https:\/\/vapingnet.de\/?post_type=product&#038;p=6954"},"modified":"2025-06-19T03:39:20","modified_gmt":"2025-06-19T03:39:20","slug":"bang-box-disposable-12000-puff-voll-fruchtig-mit-strawberry-ice","status":"publish","type":"product","link":"https:\/\/vapingnet.de\/pl\/vape\/bang-box-disposable-12000-puff-voll-fruchtig-mit-strawberry-ice\/","title":{"rendered":"Bang Box Jednorazowa 12000 Wypale\u0144 pe\u0142na owoc\u00f3w z Strawberry Ice"},"content":{"rendered":"<h2 data-start=\"113\" data-end=\"219\" data-immersive-translate-walked=\"753044d7-7faf-408f-b5a1-762a158145b9\">Bang Box 12000 Puff z Truskawkowym Lodem \u2013 Jak naprawd\u0119 wypada nowa jednorazowa e-papieros?<\/h2>\n<p data-start=\"419\" data-end=\"690\" data-immersive-translate-walked=\"753044d7-7faf-408f-b5a1-762a158145b9\" data-immersive-translate-paragraph=\"1\">Dok\u0142adnie przyjrzeli\u015bmy si\u0119 nowemu jednorazowemu e-papierosowi Bang Box. Z obiecywanymi 12 000 zaci\u0105gni\u0119ciami, owocowo-lodowym smakiem i wymiennym akumulatorem, wygl\u0105da on obiecuj\u0105co na papierze. Ale jak si\u0119 czuje w d\u0142oni? I jak naprawd\u0119 smakuje?<\/p>\n<h4 data-start=\"692\" data-end=\"717\" data-immersive-translate-walked=\"753044d7-7faf-408f-b5a1-762a158145b9\" data-immersive-translate-paragraph=\"1\">Design i obs\u0142uga<\/h4>\n<p data-start=\"718\" data-end=\"1044\" data-immersive-translate-walked=\"753044d7-7faf-408f-b5a1-762a158145b9\" data-immersive-translate-paragraph=\"1\">Bang Box dobrze le\u017cy w d\u0142oni. Z wag\u0105 85\u202fg nie jest ani za lekki, ani za ci\u0119\u017cki \u2013 od razu wida\u0107, \u017ce kryje si\u0119 w nim wi\u0119cej ni\u017c w typowych modelach jednorazowych. Szczeg\u00f3lnie praktyczne: jest wyposa\u017cony w port \u0142adowania Type-C. Kto my\u015bli, \u017ce jednorazowe vape\u2019y nie potrzebuj\u0105 technologii, zostanie tutaj mile zaskoczony.<\/p>\n<h4 data-start=\"1046\" data-end=\"1074\" data-immersive-translate-walked=\"753044d7-7faf-408f-b5a1-762a158145b9\" data-immersive-translate-paragraph=\"1\">Technika, kt\u00f3ra przekonuje<\/h4>\n<p data-start=\"1075\" data-end=\"1378\" data-immersive-translate-walked=\"753044d7-7faf-408f-b5a1-762a158145b9\" data-immersive-translate-paragraph=\"1\">Wbudowany akumulator 650mAh w po\u0142\u0105czeniu z mesh coil o oporno\u015bci 0.8 Ohm zapewnia stabilny, r\u00f3wnomierny strumie\u0144 pary. 20ml e-liquid \u2013 znacznie wi\u0119cej ni\u017c w wielu innych jednorazowych urz\u0105dzeniach \u2013 dostarcza d\u0142ugotrwa\u0142y smak, bez konieczno\u015bci ci\u0105g\u0142ego sprawdzania, czy nie ko\u0144czy si\u0119 ju\u017c p\u0142yn.<\/p>\n<h4 data-start=\"1380\" data-end=\"1411\" data-immersive-translate-walked=\"753044d7-7faf-408f-b5a1-762a158145b9\" data-immersive-translate-paragraph=\"1\">Smak: Strawberry Ice<\/h4>\n<p data-start=\"1412\" data-end=\"1664\" data-immersive-translate-walked=\"753044d7-7faf-408f-b5a1-762a158145b9\" data-immersive-translate-paragraph=\"1\">S\u0142odki, ch\u0142odny, okr\u0105g\u0142y. Smak \u201eStrawberry Ice\u201d jest idealny dla tych, kt\u00f3rzy podczas vapowania szukaj\u0105 \u015bwie\u017co\u015bci, ale nie chc\u0105 rezygnowa\u0107 z owoc\u00f3w. Smakuje jak truskawkowe lody w letni wiecz\u00f3r \u2013 przyjemnie intensywnie, bez sztuczno\u015bci.<\/p>\n<blockquote data-start=\"1666\" data-end=\"1824\" data-immersive-translate-walked=\"753044d7-7faf-408f-b5a1-762a158145b9\">\n<p data-start=\"1668\" data-end=\"1824\" data-immersive-translate-walked=\"753044d7-7faf-408f-b5a1-762a158145b9\" data-immersive-translate-paragraph=\"1\">\u201eBy\u0142em szczerze zaskoczony, jak klarowny i ch\u0142odny jest smak \u2013 to wi\u0119cej ni\u017c tylko gad\u017cet\u201d, m\u00f3wi nasz tester Alex (27), wieloletni u\u017cytkownik vape\u2019\u00f3w.<\/p>\n<\/blockquote>\n<h3>Dla kogo jest przeznaczony Bang Box?<\/h3>\n<p data-start=\"1867\" data-end=\"1957\" data-immersive-translate-walked=\"753044d7-7faf-408f-b5a1-762a158145b9\" data-immersive-translate-paragraph=\"1\">Ten vape skierowany jest do wszystkich, kt\u00f3rzy ceni\u0105 du\u017c\u0105 pojemno\u015b\u0107 i prostot\u0119 u\u017cytkowania:<\/p>\n<ul data-start=\"1958\" data-end=\"2075\" data-immersive-translate-walked=\"753044d7-7faf-408f-b5a1-762a158145b9\">\n<li data-start=\"1958\" data-end=\"1983\" data-immersive-translate-walked=\"753044d7-7faf-408f-b5a1-762a158145b9\">\n<p data-start=\"1960\" data-end=\"1983\" data-immersive-translate-walked=\"753044d7-7faf-408f-b5a1-762a158145b9\" data-immersive-translate-paragraph=\"1\">Idealny na wycieczki<\/p>\n<\/li>\n<li data-start=\"1984\" data-end=\"2004\" data-immersive-translate-walked=\"753044d7-7faf-408f-b5a1-762a158145b9\">\n<p data-start=\"1986\" data-end=\"2004\" data-immersive-translate-walked=\"753044d7-7faf-408f-b5a1-762a158145b9\" data-immersive-translate-paragraph=\"1\">Idealny na podr\u00f3\u017ce<\/p>\n<\/li>\n<li data-start=\"2005\" data-end=\"2075\" data-immersive-translate-walked=\"753044d7-7faf-408f-b5a1-762a158145b9\">\n<p data-start=\"2007\" data-end=\"2075\" data-immersive-translate-walked=\"753044d7-7faf-408f-b5a1-762a158145b9\" data-immersive-translate-paragraph=\"1\">Optymalny do przej\u015bcia na vapowanie lub jako uzupe\u0142nienie zwyk\u0142ego e-papierosa<\/p>\n<\/li>\n<\/ul>\n<p data-start=\"2077\" data-end=\"2220\" data-immersive-translate-walked=\"753044d7-7faf-408f-b5a1-762a158145b9\" data-immersive-translate-paragraph=\"1\">Szczeg\u00f3lnie praktyczne: dost\u0119pne s\u0105 dwie mocno\u015bci nikotyny \u2013 2\u202f% i 5\u202f%. Ka\u017cdy mo\u017ce sam zdecydowa\u0107, jak intensywne ma by\u0107 do\u015bwiadczenie.<\/p>\n<h4 data-start=\"2222\" data-end=\"2239\" data-immersive-translate-walked=\"753044d7-7faf-408f-b5a1-762a158145b9\" data-immersive-translate-paragraph=\"1\">Nasza ocena<\/h4>\n<p data-start=\"2240\" data-end=\"2492\" data-immersive-translate-walked=\"753044d7-7faf-408f-b5a1-762a158145b9\" data-immersive-translate-paragraph=\"1\">Bang Box 12000 Puff to wi\u0119cej ni\u017c kolejny jednorazowy e-papieros \u2013 \u0142\u0105czy nowoczesny design, techniczn\u0105 finezj\u0119 i intensywny smak w przemy\u015blane rozwi\u0105zanie dla tych, kt\u00f3rzy chc\u0105 vapowa\u0107 bezproblemowo i stylowo.<\/p>\n<p data-start=\"2494\" data-end=\"2585\" data-immersive-translate-walked=\"753044d7-7faf-408f-b5a1-762a158145b9\" data-immersive-translate-paragraph=\"1\">Kto ceni \u015bwie\u017co\u015b\u0107 i moc, koniecznie powinien spr\u00f3bowa\u0107 wersji Strawberry Ice.<\/p>","protected":false},"excerpt":{"rendered":"<p>Bang Box 12000 Puff z truskawkowym lodem \u2013 Jak dobry jest naprawd\u0119 nowy jednorazowy e-papieros? Sprawdzili\u015bmy nowy jednorazowy e-papieros...<\/p>","protected":false},"featured_media":6958,"template":"","meta":[],"etheme_brands":[],"product_brand":[101],"product_cat":[88],"product_tag":[],"class_list":{"0":"post-6954","1":"product","2":"type-product","3":"status-publish","4":"has-post-thumbnail","6":"product_brand-bang-king-vape","7":"product_cat-12k-vape","9":"first","10":"instock","11":"shipping-taxable","12":"purchasable","13":"product-type-simple"},"yoast_head":"<!-- This site is optimized with the Yoast SEO plugin v26.5 - https:\/\/yoast.com\/wordpress\/plugins\/seo\/ -->\n<title>Bang Box Disposable 12000 Puff voll fruchtig mit Strawberry Ice | Vapingnet.de<\/title>\n<meta name=\"description\" content=\"Entdecke Bang Box Disposable 12000 Puff voll fruchtig mit Strawberry Ice bei vapingnet.de, \u25ba Gro\u00dfe Auswahl an Geschmacksrichtungen &amp; super g\u00fcnstig!\" \/>\n<meta name=\"robots\" content=\"index, follow, max-snippet:-1, max-image-preview:large, max-video-preview:-1\" \/>\n<link rel=\"canonical\" href=\"https:\/\/vapingnet.de\/pl\/vape\/bang-box-disposable-12000-puff-voll-fruchtig-mit-strawberry-ice\/\" \/>\n<meta property=\"og:locale\" content=\"pl_PL\" \/>\n<meta property=\"og:type\" content=\"article\" \/>\n<meta property=\"og:title\" content=\"Bang Box Disposable 12000 Puff voll fruchtig mit Strawberry Ice | Vapingnet.de\" \/>\n<meta property=\"og:description\" content=\"Entdecke Bang Box Disposable 12000 Puff voll fruchtig mit Strawberry Ice bei vapingnet.de, \u25ba Gro\u00dfe Auswahl an Geschmacksrichtungen &amp; super g\u00fcnstig!\" \/>\n<meta property=\"og:url\" content=\"https:\/\/vapingnet.de\/pl\/vape\/bang-box-disposable-12000-puff-voll-fruchtig-mit-strawberry-ice\/\" \/>\n<meta property=\"og:site_name\" content=\"Vapingnet.de\" \/>\n<meta property=\"article:publisher\" content=\"https:\/\/www.facebook.com\/vapingnetde\/\" \/>\n<meta property=\"article:modified_time\" content=\"2025-06-19T03:39:20+00:00\" \/>\n<meta property=\"og:image\" content=\"https:\/\/vapingnet.de\/wp-content\/uploads\/2025\/05\/Strawberry-Ice.webp\" \/>\n\t<meta property=\"og:image:width\" content=\"1000\" \/>\n\t<meta property=\"og:image:height\" content=\"1000\" \/>\n\t<meta property=\"og:image:type\" content=\"image\/webp\" \/>\n<meta name=\"twitter:card\" content=\"summary_large_image\" \/>\n<meta name=\"twitter:label1\" content=\"Est. reading time\" \/>\n\t<meta name=\"twitter:data1\" content=\"2 minutes\" \/>\n<script type=\"application\/ld+json\" class=\"yoast-schema-graph\">{\"@context\":\"https:\/\/schema.org\",\"@graph\":[{\"@type\":\"WebPage\",\"@id\":\"https:\/\/vapingnet.de\/vape\/bang-box-disposable-12000-puff-voll-fruchtig-mit-strawberry-ice\/\",\"url\":\"https:\/\/vapingnet.de\/vape\/bang-box-disposable-12000-puff-voll-fruchtig-mit-strawberry-ice\/\",\"name\":\"Bang Box Disposable 12000 Puff voll fruchtig mit Strawberry Ice | Vapingnet.de\",\"isPartOf\":{\"@id\":\"https:\/\/vapingnet.de\/#website\"},\"primaryImageOfPage\":{\"@id\":\"https:\/\/vapingnet.de\/vape\/bang-box-disposable-12000-puff-voll-fruchtig-mit-strawberry-ice\/#primaryimage\"},\"image\":{\"@id\":\"https:\/\/vapingnet.de\/vape\/bang-box-disposable-12000-puff-voll-fruchtig-mit-strawberry-ice\/#primaryimage\"},\"thumbnailUrl\":\"https:\/\/vapingnet.de\/wp-content\/uploads\/2025\/05\/Strawberry-Ice.webp\",\"datePublished\":\"2025-05-26T03:44:13+00:00\",\"dateModified\":\"2025-06-19T03:39:20+00:00\",\"description\":\"Entdecke Bang Box Disposable 12000 Puff voll fruchtig mit Strawberry Ice bei vapingnet.de, \u25ba Gro\u00dfe Auswahl an Geschmacksrichtungen & super g\u00fcnstig!\",\"breadcrumb\":{\"@id\":\"https:\/\/vapingnet.de\/vape\/bang-box-disposable-12000-puff-voll-fruchtig-mit-strawberry-ice\/#breadcrumb\"},\"inLanguage\":\"pl-PL\",\"potentialAction\":[{\"@type\":\"ReadAction\",\"target\":[\"https:\/\/vapingnet.de\/vape\/bang-box-disposable-12000-puff-voll-fruchtig-mit-strawberry-ice\/\"]}]},{\"@type\":\"ImageObject\",\"inLanguage\":\"pl-PL\",\"@id\":\"https:\/\/vapingnet.de\/vape\/bang-box-disposable-12000-puff-voll-fruchtig-mit-strawberry-ice\/#primaryimage\",\"url\":\"https:\/\/vapingnet.de\/wp-content\/uploads\/2025\/05\/Strawberry-Ice.webp\",\"contentUrl\":\"https:\/\/vapingnet.de\/wp-content\/uploads\/2025\/05\/Strawberry-Ice.webp\",\"width\":1000,\"height\":1000},{\"@type\":\"BreadcrumbList\",\"@id\":\"https:\/\/vapingnet.de\/vape\/bang-box-disposable-12000-puff-voll-fruchtig-mit-strawberry-ice\/#breadcrumb\",\"itemListElement\":[{\"@type\":\"ListItem\",\"position\":1,\"name\":\"Home\",\"item\":\"https:\/\/vapingnet.de\/\"},{\"@type\":\"ListItem\",\"position\":2,\"name\":\"Shop\",\"item\":\"https:\/\/vapingnet.de\/vape\/\"},{\"@type\":\"ListItem\",\"position\":3,\"name\":\"Bang Box Disposable 12000 Puff voll fruchtig mit Strawberry Ice\"}]},{\"@type\":\"WebSite\",\"@id\":\"https:\/\/vapingnet.de\/#website\",\"url\":\"https:\/\/vapingnet.de\/\",\"name\":\"Vapingnet.de\",\"description\":\"\",\"publisher\":{\"@id\":\"https:\/\/vapingnet.de\/#organization\"},\"potentialAction\":[{\"@type\":\"SearchAction\",\"target\":{\"@type\":\"EntryPoint\",\"urlTemplate\":\"https:\/\/vapingnet.de\/?s={search_term_string}\"},\"query-input\":{\"@type\":\"PropertyValueSpecification\",\"valueRequired\":true,\"valueName\":\"search_term_string\"}}],\"inLanguage\":\"pl-PL\"},{\"@type\":\"Organization\",\"@id\":\"https:\/\/vapingnet.de\/#organization\",\"name\":\"Vapingnet.de\",\"url\":\"https:\/\/vapingnet.de\/\",\"logo\":{\"@type\":\"ImageObject\",\"inLanguage\":\"pl-PL\",\"@id\":\"https:\/\/vapingnet.de\/#\/schema\/logo\/image\/\",\"url\":\"https:\/\/vapingnet.de\/wp-content\/uploads\/2025\/03\/cropped-vapingnet.de_.jpg\",\"contentUrl\":\"https:\/\/vapingnet.de\/wp-content\/uploads\/2025\/03\/cropped-vapingnet.de_.jpg\",\"width\":512,\"height\":512,\"caption\":\"Vapingnet.de\"},\"image\":{\"@id\":\"https:\/\/vapingnet.de\/#\/schema\/logo\/image\/\"},\"sameAs\":[\"https:\/\/www.facebook.com\/vapingnetde\/\"]}]}<\/script>\n<!-- \/ Yoast SEO plugin. -->","yoast_head_json":{"title":"Bang Box Disposable 12000 Puff voll fruchtig mit Strawberry Ice | Vapingnet.de","description":"Entdecke Bang Box Disposable 12000 Puff voll fruchtig mit Strawberry Ice bei vapingnet.de, \u25ba Gro\u00dfe Auswahl an Geschmacksrichtungen & super g\u00fcnstig!","robots":{"index":"index","follow":"follow","max-snippet":"max-snippet:-1","max-image-preview":"max-image-preview:large","max-video-preview":"max-video-preview:-1"},"canonical":"https:\/\/vapingnet.de\/pl\/vape\/bang-box-disposable-12000-puff-voll-fruchtig-mit-strawberry-ice\/","og_locale":"pl_PL","og_type":"article","og_title":"Bang Box Disposable 12000 Puff voll fruchtig mit Strawberry Ice | Vapingnet.de","og_description":"Entdecke Bang Box Disposable 12000 Puff voll fruchtig mit Strawberry Ice bei vapingnet.de, \u25ba Gro\u00dfe Auswahl an Geschmacksrichtungen & super g\u00fcnstig!","og_url":"https:\/\/vapingnet.de\/pl\/vape\/bang-box-disposable-12000-puff-voll-fruchtig-mit-strawberry-ice\/","og_site_name":"Vapingnet.de","article_publisher":"https:\/\/www.facebook.com\/vapingnetde\/","article_modified_time":"2025-06-19T03:39:20+00:00","og_image":[{"width":1000,"height":1000,"url":"https:\/\/vapingnet.de\/wp-content\/uploads\/2025\/05\/Strawberry-Ice.webp","type":"image\/webp"}],"twitter_card":"summary_large_image","twitter_misc":{"Est. reading time":"2 minutes"},"schema":{"@context":"https:\/\/schema.org","@graph":[{"@type":"WebPage","@id":"https:\/\/vapingnet.de\/vape\/bang-box-disposable-12000-puff-voll-fruchtig-mit-strawberry-ice\/","url":"https:\/\/vapingnet.de\/vape\/bang-box-disposable-12000-puff-voll-fruchtig-mit-strawberry-ice\/","name":"Bang Box Disposable 12000 Puff voll fruchtig mit Strawberry Ice | Vapingnet.de","isPartOf":{"@id":"https:\/\/vapingnet.de\/#website"},"primaryImageOfPage":{"@id":"https:\/\/vapingnet.de\/vape\/bang-box-disposable-12000-puff-voll-fruchtig-mit-strawberry-ice\/#primaryimage"},"image":{"@id":"https:\/\/vapingnet.de\/vape\/bang-box-disposable-12000-puff-voll-fruchtig-mit-strawberry-ice\/#primaryimage"},"thumbnailUrl":"https:\/\/vapingnet.de\/wp-content\/uploads\/2025\/05\/Strawberry-Ice.webp","datePublished":"2025-05-26T03:44:13+00:00","dateModified":"2025-06-19T03:39:20+00:00","description":"Entdecke Bang Box Disposable 12000 Puff voll fruchtig mit Strawberry Ice bei vapingnet.de, \u25ba Gro\u00dfe Auswahl an Geschmacksrichtungen & super g\u00fcnstig!","breadcrumb":{"@id":"https:\/\/vapingnet.de\/vape\/bang-box-disposable-12000-puff-voll-fruchtig-mit-strawberry-ice\/#breadcrumb"},"inLanguage":"pl-PL","potentialAction":[{"@type":"ReadAction","target":["https:\/\/vapingnet.de\/vape\/bang-box-disposable-12000-puff-voll-fruchtig-mit-strawberry-ice\/"]}]},{"@type":"ImageObject","inLanguage":"pl-PL","@id":"https:\/\/vapingnet.de\/vape\/bang-box-disposable-12000-puff-voll-fruchtig-mit-strawberry-ice\/#primaryimage","url":"https:\/\/vapingnet.de\/wp-content\/uploads\/2025\/05\/Strawberry-Ice.webp","contentUrl":"https:\/\/vapingnet.de\/wp-content\/uploads\/2025\/05\/Strawberry-Ice.webp","width":1000,"height":1000},{"@type":"BreadcrumbList","@id":"https:\/\/vapingnet.de\/vape\/bang-box-disposable-12000-puff-voll-fruchtig-mit-strawberry-ice\/#breadcrumb","itemListElement":[{"@type":"ListItem","position":1,"name":"Home","item":"https:\/\/vapingnet.de\/"},{"@type":"ListItem","position":2,"name":"Shop","item":"https:\/\/vapingnet.de\/vape\/"},{"@type":"ListItem","position":3,"name":"Bang Box Disposable 12000 Puff voll fruchtig mit Strawberry Ice"}]},{"@type":"WebSite","@id":"https:\/\/vapingnet.de\/#website","url":"https:\/\/vapingnet.de\/","name":"Vapingnet.de","description":"","publisher":{"@id":"https:\/\/vapingnet.de\/#organization"},"potentialAction":[{"@type":"SearchAction","target":{"@type":"EntryPoint","urlTemplate":"https:\/\/vapingnet.de\/?s={search_term_string}"},"query-input":{"@type":"PropertyValueSpecification","valueRequired":true,"valueName":"search_term_string"}}],"inLanguage":"pl-PL"},{"@type":"Organization","@id":"https:\/\/vapingnet.de\/#organization","name":"Vapingnet.de","url":"https:\/\/vapingnet.de\/","logo":{"@type":"ImageObject","inLanguage":"pl-PL","@id":"https:\/\/vapingnet.de\/#\/schema\/logo\/image\/","url":"https:\/\/vapingnet.de\/wp-content\/uploads\/2025\/03\/cropped-vapingnet.de_.jpg","contentUrl":"https:\/\/vapingnet.de\/wp-content\/uploads\/2025\/03\/cropped-vapingnet.de_.jpg","width":512,"height":512,"caption":"Vapingnet.de"},"image":{"@id":"https:\/\/vapingnet.de\/#\/schema\/logo\/image\/"},"sameAs":["https:\/\/www.facebook.com\/vapingnetde\/"]}]}},"tiered_pricing_type":"fixed","tiered_pricing_fixed_rules":{"10":"7.31","60":"6.58","110":"5.85","200":"5.12"},"tiered_pricing_product_settings":{"layout":"default","base_unit_name":{"singular":null,"plural":null},"default_variation":null},"tiered_pricing_minimum_quantity":null,"tiered_pricing_roles_data":[],"tiered_pricing_percentage_rules":[],"_links":{"self":[{"href":"https:\/\/vapingnet.de\/pl\/wp-json\/wp\/v2\/product\/6954","targetHints":{"allow":["GET"]}}],"collection":[{"href":"https:\/\/vapingnet.de\/pl\/wp-json\/wp\/v2\/product"}],"about":[{"href":"https:\/\/vapingnet.de\/pl\/wp-json\/wp\/v2\/types\/product"}],"version-history":[{"count":1,"href":"https:\/\/vapingnet.de\/pl\/wp-json\/wp\/v2\/product\/6954\/revisions"}],"predecessor-version":[{"id":6962,"href":"https:\/\/vapingnet.de\/pl\/wp-json\/wp\/v2\/product\/6954\/revisions\/6962"}],"wp:featuredmedia":[{"embeddable":true,"href":"https:\/\/vapingnet.de\/pl\/wp-json\/wp\/v2\/media\/6958"}],"wp:attachment":[{"href":"https:\/\/vapingnet.de\/pl\/wp-json\/wp\/v2\/media?parent=6954"}],"wp:term":[{"taxonomy":"brand","embeddable":true,"href":"https:\/\/vapingnet.de\/pl\/wp-json\/wp\/v2\/etheme_brands?post=6954"},{"taxonomy":"product_brand","embeddable":true,"href":"https:\/\/vapingnet.de\/pl\/wp-json\/wp\/v2\/product_brand?post=6954"},{"taxonomy":"product_cat","embeddable":true,"href":"https:\/\/vapingnet.de\/pl\/wp-json\/wp\/v2\/product_cat?post=6954"},{"taxonomy":"product_tag","embeddable":true,"href":"https:\/\/vapingnet.de\/pl\/wp-json\/wp\/v2\/product_tag?post=6954"}],"curies":[{"name":"wp","href":"https:\/\/api.w.org\/{rel}","templated":true}]}}