{"id":6963,"date":"2025-05-26T06:38:57","date_gmt":"2025-05-26T06:38:57","guid":{"rendered":"https:\/\/vapingnet.de\/?post_type=product&#038;p=6963"},"modified":"2025-06-19T03:39:20","modified_gmt":"2025-06-19T03:39:20","slug":"einweg-vape-mit-style-bang-box-12000-raspberry-watermelon-love","status":"publish","type":"product","link":"https:\/\/vapingnet.de\/pl\/vape\/einweg-vape-mit-style-bang-box-12000-raspberry-watermelon-love\/","title":{"rendered":"Jednorazowy vape w stylu Bang Box 12000 Raspberry Watermelon Love"},"content":{"rendered":"<h2 data-start=\"179\" data-end=\"280\" data-immersive-translate-walked=\"5a614bb7-b740-4669-8dce-8b53714e9c8c\">Jednorazowa e-papieros Bang Box 12000 o smaku Raspberry Watermelon<\/h2>\n<p data-start=\"282\" data-end=\"578\" data-immersive-translate-walked=\"5a614bb7-b740-4669-8dce-8b53714e9c8c\" data-immersive-translate-paragraph=\"1\">Zacz\u0119\u0142o si\u0119 pewnego letniego wieczoru. Siedzia\u0142em na balkonie, powietrze by\u0142o ciep\u0142e, ale nie dusz\u0105ce. Szuka\u0142em czego\u015b orze\u017awiaj\u0105cego, czego\u015b, co od\u015bwie\u017cy m\u00f3j umys\u0142 \u2013 i si\u0119gn\u0105\u0142em po Bang Box 12000 Puff Disposable Vape o smaku Raspberry Watermelon. Ju\u017c pierwszy poci\u0105g sprawi\u0142, \u017ce si\u0119 zatrzyma\u0142em.<\/p>\n<h3 data-start=\"580\" data-end=\"639\" data-immersive-translate-walked=\"5a614bb7-b740-4669-8dce-8b53714e9c8c\" data-immersive-translate-paragraph=\"1\">Owoc spotyka technologi\u0119: co wyr\u00f3\u017cnia Bang Box<\/h3>\n<p data-start=\"641\" data-end=\"1013\" data-immersive-translate-walked=\"5a614bb7-b740-4669-8dce-8b53714e9c8c\" data-immersive-translate-paragraph=\"1\">Bang Box 12000 to nie jest zwyk\u0142y jednorazowy e-papieros. Z 20 ml e-liquidu jest pe\u0142en smaku i obiecuje do 12000 poci\u0105gni\u0119\u0107 \u2013 znacznie wi\u0119cej ni\u017c wiele innych vape\u2019\u00f3w na rynku. Szczeg\u00f3lnie wygodny: wbudowane z\u0142\u0105cze \u0142adowania Type-C umo\u017cliwia \u0142atwe do\u0142adowanie akumulatora 650mAh, aby nigdy nie zabrak\u0142o Ci pary.<\/p>\n<p data-start=\"1015\" data-end=\"1276\" data-immersive-translate-walked=\"5a614bb7-b740-4669-8dce-8b53714e9c8c\" data-immersive-translate-paragraph=\"1\">Wbudowany mesh coil 0,8 Ohm zapewnia r\u00f3wnomierne, jedwabiste doznania z g\u0119stym, aromatycznym dymem. LED-owe pod\u015bwietlenie dodaje estetyki i sprawia, \u017ce Bang Box jest naprawd\u0119 przyci\u0105gaj\u0105cym wzrok elementem \u2013 bez nachalno\u015bci.<\/p>\n<h4 data-start=\"1278\" data-end=\"1337\" data-immersive-translate-walked=\"5a614bb7-b740-4669-8dce-8b53714e9c8c\" data-immersive-translate-paragraph=\"1\">Smak: Raspberry Watermelon \u2013 s\u0142odki, soczysty, \u017cywy<\/h4>\n<p data-start=\"1339\" data-end=\"1645\" data-immersive-translate-walked=\"5a614bb7-b740-4669-8dce-8b53714e9c8c\" data-immersive-translate-paragraph=\"1\">Po\u0142\u0105czenie malin i arbuz\u00f3w dzia\u0142a jak ugryzienie \u015bwie\u017co pokrojonej sa\u0142atki owocowej \u2013 tylko intensywniej. Vape trafia w idealn\u0105 r\u00f3wnowag\u0119 mi\u0119dzy owocow\u0105 s\u0142odycz\u0105 a przyjemn\u0105 \u015bwie\u017co\u015bci\u0105. Idealny na lato, ale szczerze m\u00f3wi\u0105c: m\u00f3g\u0142bym dymi\u0107 ten smak przez ca\u0142y rok.<\/p>\n<p data-start=\"1647\" data-end=\"1774\" data-immersive-translate-walked=\"5a614bb7-b740-4669-8dce-8b53714e9c8c\" data-immersive-translate-paragraph=\"1\">Niezale\u017cnie od tego, czy wybierzesz wersj\u0119 z 2\u202f% czy 5\u202f% nikotyny \u2013 przyjemno\u015b\u0107 jest taka sama: \u017cywa, uzale\u017cniaj\u0105ca, autentyczna.<\/p>\n<h4 data-start=\"1776\" data-end=\"1806\" data-immersive-translate-walked=\"5a614bb7-b740-4669-8dce-8b53714e9c8c\" data-immersive-translate-paragraph=\"1\">Lekki, kompaktowy, mocny<\/h4>\n<p data-start=\"1808\" data-end=\"2069\" data-immersive-translate-walked=\"5a614bb7-b740-4669-8dce-8b53714e9c8c\" data-immersive-translate-paragraph=\"1\">Wa\u017c\u0105c zaledwie 85 g, Bang Box le\u017cy wygodnie w d\u0142oni. Jest idealny na wycieczki, podr\u00f3\u017ce czy na co dzie\u0144. A poniewa\u017c nie wymaga ustawie\u0144 ani przycisk\u00f3w, jest r\u00f3wnie\u017c doskona\u0142y dla pocz\u0105tkuj\u0105cych lub jako prosty drugi vape.<\/p>\n<h4 data-start=\"2076\" data-end=\"2108\" data-immersive-translate-walked=\"5a614bb7-b740-4669-8dce-8b53714e9c8c\" data-immersive-translate-paragraph=\"1\">Dlaczego polecam j\u0105 dalej<\/h4>\n<p data-start=\"2110\" data-end=\"2409\" data-immersive-translate-walked=\"5a614bb7-b740-4669-8dce-8b53714e9c8c\" data-immersive-translate-paragraph=\"1\">Poniewa\u017c to co\u015b wi\u0119cej ni\u017c tylko vape. To codzienny towarzysz, ma\u0142a przerwa, kawa\u0142ek smaku do zabrania ze sob\u0105. Raspberry Watermelon mnie zaskoczy\u0142o \u2013 i przekona\u0142o. Dla wszystkich, kt\u00f3rzy ceni\u0105 styl, wydajno\u015b\u0107 i aromat podczas vapowania, Bang Box 12000 to strza\u0142 w dziesi\u0105tk\u0119.<\/p>","protected":false},"excerpt":{"rendered":"<p>Die Einweg E Zigarette Bang Box 12000 im Geschmack Raspberry Watermelon Es begann an einem Sommerabend. Ich sa\u00df auf dem Balkon, die Luft war warm,&#8230;<\/p>","protected":false},"featured_media":6969,"template":"","meta":[],"etheme_brands":[],"product_brand":[101],"product_cat":[88],"product_tag":[],"class_list":{"0":"post-6963","1":"product","2":"type-product","3":"status-publish","4":"has-post-thumbnail","6":"product_brand-bang-king-vape","7":"product_cat-12k-vape","9":"first","10":"instock","11":"shipping-taxable","12":"purchasable","13":"product-type-simple"},"yoast_head":"<!-- This site is optimized with the Yoast SEO plugin v26.5 - https:\/\/yoast.com\/wordpress\/plugins\/seo\/ -->\n<title>Einweg Vape mit Style Bang Box 12000 Raspberry Watermelon Love | Vapingnet.de<\/title>\n<meta name=\"description\" content=\"Entdecke Einweg Vape mit Style Bang Box 12000 Raspberry Watermelon Love bei vapingnet.de, \u25ba Gro\u00dfe Auswahl an Geschmacksrichtungen &amp; super g\u00fcnstig!\" \/>\n<meta name=\"robots\" content=\"index, follow, max-snippet:-1, max-image-preview:large, max-video-preview:-1\" \/>\n<link rel=\"canonical\" href=\"https:\/\/vapingnet.de\/pl\/vape\/einweg-vape-mit-style-bang-box-12000-raspberry-watermelon-love\/\" \/>\n<meta property=\"og:locale\" content=\"pl_PL\" \/>\n<meta property=\"og:type\" content=\"article\" \/>\n<meta property=\"og:title\" content=\"Einweg Vape mit Style Bang Box 12000 Raspberry Watermelon Love | Vapingnet.de\" \/>\n<meta property=\"og:description\" content=\"Entdecke Einweg Vape mit Style Bang Box 12000 Raspberry Watermelon Love bei vapingnet.de, \u25ba Gro\u00dfe Auswahl an Geschmacksrichtungen &amp; super g\u00fcnstig!\" \/>\n<meta property=\"og:url\" content=\"https:\/\/vapingnet.de\/pl\/vape\/einweg-vape-mit-style-bang-box-12000-raspberry-watermelon-love\/\" \/>\n<meta property=\"og:site_name\" content=\"Vapingnet.de\" \/>\n<meta property=\"article:publisher\" content=\"https:\/\/www.facebook.com\/vapingnetde\/\" \/>\n<meta property=\"article:modified_time\" content=\"2025-06-19T03:39:20+00:00\" \/>\n<meta property=\"og:image\" content=\"https:\/\/vapingnet.de\/wp-content\/uploads\/2025\/05\/Raspberry-Watermelon.webp\" \/>\n\t<meta property=\"og:image:width\" content=\"1000\" \/>\n\t<meta property=\"og:image:height\" content=\"1000\" \/>\n\t<meta property=\"og:image:type\" content=\"image\/webp\" \/>\n<meta name=\"twitter:card\" content=\"summary_large_image\" \/>\n<meta name=\"twitter:label1\" content=\"Est. reading time\" \/>\n\t<meta name=\"twitter:data1\" content=\"3 minutes\" \/>\n<script type=\"application\/ld+json\" class=\"yoast-schema-graph\">{\"@context\":\"https:\/\/schema.org\",\"@graph\":[{\"@type\":\"WebPage\",\"@id\":\"https:\/\/vapingnet.de\/vape\/einweg-vape-mit-style-bang-box-12000-raspberry-watermelon-love\/\",\"url\":\"https:\/\/vapingnet.de\/vape\/einweg-vape-mit-style-bang-box-12000-raspberry-watermelon-love\/\",\"name\":\"Einweg Vape mit Style Bang Box 12000 Raspberry Watermelon Love | Vapingnet.de\",\"isPartOf\":{\"@id\":\"https:\/\/vapingnet.de\/#website\"},\"primaryImageOfPage\":{\"@id\":\"https:\/\/vapingnet.de\/vape\/einweg-vape-mit-style-bang-box-12000-raspberry-watermelon-love\/#primaryimage\"},\"image\":{\"@id\":\"https:\/\/vapingnet.de\/vape\/einweg-vape-mit-style-bang-box-12000-raspberry-watermelon-love\/#primaryimage\"},\"thumbnailUrl\":\"https:\/\/vapingnet.de\/wp-content\/uploads\/2025\/05\/Raspberry-Watermelon.webp\",\"datePublished\":\"2025-05-26T06:38:57+00:00\",\"dateModified\":\"2025-06-19T03:39:20+00:00\",\"description\":\"Entdecke Einweg Vape mit Style Bang Box 12000 Raspberry Watermelon Love bei vapingnet.de, \u25ba Gro\u00dfe Auswahl an Geschmacksrichtungen & super g\u00fcnstig!\",\"breadcrumb\":{\"@id\":\"https:\/\/vapingnet.de\/vape\/einweg-vape-mit-style-bang-box-12000-raspberry-watermelon-love\/#breadcrumb\"},\"inLanguage\":\"pl-PL\",\"potentialAction\":[{\"@type\":\"ReadAction\",\"target\":[\"https:\/\/vapingnet.de\/vape\/einweg-vape-mit-style-bang-box-12000-raspberry-watermelon-love\/\"]}]},{\"@type\":\"ImageObject\",\"inLanguage\":\"pl-PL\",\"@id\":\"https:\/\/vapingnet.de\/vape\/einweg-vape-mit-style-bang-box-12000-raspberry-watermelon-love\/#primaryimage\",\"url\":\"https:\/\/vapingnet.de\/wp-content\/uploads\/2025\/05\/Raspberry-Watermelon.webp\",\"contentUrl\":\"https:\/\/vapingnet.de\/wp-content\/uploads\/2025\/05\/Raspberry-Watermelon.webp\",\"width\":1000,\"height\":1000},{\"@type\":\"BreadcrumbList\",\"@id\":\"https:\/\/vapingnet.de\/vape\/einweg-vape-mit-style-bang-box-12000-raspberry-watermelon-love\/#breadcrumb\",\"itemListElement\":[{\"@type\":\"ListItem\",\"position\":1,\"name\":\"Home\",\"item\":\"https:\/\/vapingnet.de\/\"},{\"@type\":\"ListItem\",\"position\":2,\"name\":\"Shop\",\"item\":\"https:\/\/vapingnet.de\/vape\/\"},{\"@type\":\"ListItem\",\"position\":3,\"name\":\"Einweg Vape mit Style Bang Box 12000 Raspberry Watermelon Love\"}]},{\"@type\":\"WebSite\",\"@id\":\"https:\/\/vapingnet.de\/#website\",\"url\":\"https:\/\/vapingnet.de\/\",\"name\":\"Vapingnet.de\",\"description\":\"\",\"publisher\":{\"@id\":\"https:\/\/vapingnet.de\/#organization\"},\"potentialAction\":[{\"@type\":\"SearchAction\",\"target\":{\"@type\":\"EntryPoint\",\"urlTemplate\":\"https:\/\/vapingnet.de\/?s={search_term_string}\"},\"query-input\":{\"@type\":\"PropertyValueSpecification\",\"valueRequired\":true,\"valueName\":\"search_term_string\"}}],\"inLanguage\":\"pl-PL\"},{\"@type\":\"Organization\",\"@id\":\"https:\/\/vapingnet.de\/#organization\",\"name\":\"Vapingnet.de\",\"url\":\"https:\/\/vapingnet.de\/\",\"logo\":{\"@type\":\"ImageObject\",\"inLanguage\":\"pl-PL\",\"@id\":\"https:\/\/vapingnet.de\/#\/schema\/logo\/image\/\",\"url\":\"https:\/\/vapingnet.de\/wp-content\/uploads\/2025\/03\/cropped-vapingnet.de_.jpg\",\"contentUrl\":\"https:\/\/vapingnet.de\/wp-content\/uploads\/2025\/03\/cropped-vapingnet.de_.jpg\",\"width\":512,\"height\":512,\"caption\":\"Vapingnet.de\"},\"image\":{\"@id\":\"https:\/\/vapingnet.de\/#\/schema\/logo\/image\/\"},\"sameAs\":[\"https:\/\/www.facebook.com\/vapingnetde\/\"]}]}<\/script>\n<!-- \/ Yoast SEO plugin. -->","yoast_head_json":{"title":"Einweg Vape mit Style Bang Box 12000 Raspberry Watermelon Love | Vapingnet.de","description":"Entdecke Einweg Vape mit Style Bang Box 12000 Raspberry Watermelon Love bei vapingnet.de, \u25ba Gro\u00dfe Auswahl an Geschmacksrichtungen & super g\u00fcnstig!","robots":{"index":"index","follow":"follow","max-snippet":"max-snippet:-1","max-image-preview":"max-image-preview:large","max-video-preview":"max-video-preview:-1"},"canonical":"https:\/\/vapingnet.de\/pl\/vape\/einweg-vape-mit-style-bang-box-12000-raspberry-watermelon-love\/","og_locale":"pl_PL","og_type":"article","og_title":"Einweg Vape mit Style Bang Box 12000 Raspberry Watermelon Love | Vapingnet.de","og_description":"Entdecke Einweg Vape mit Style Bang Box 12000 Raspberry Watermelon Love bei vapingnet.de, \u25ba Gro\u00dfe Auswahl an Geschmacksrichtungen & super g\u00fcnstig!","og_url":"https:\/\/vapingnet.de\/pl\/vape\/einweg-vape-mit-style-bang-box-12000-raspberry-watermelon-love\/","og_site_name":"Vapingnet.de","article_publisher":"https:\/\/www.facebook.com\/vapingnetde\/","article_modified_time":"2025-06-19T03:39:20+00:00","og_image":[{"width":1000,"height":1000,"url":"https:\/\/vapingnet.de\/wp-content\/uploads\/2025\/05\/Raspberry-Watermelon.webp","type":"image\/webp"}],"twitter_card":"summary_large_image","twitter_misc":{"Est. reading time":"3 minutes"},"schema":{"@context":"https:\/\/schema.org","@graph":[{"@type":"WebPage","@id":"https:\/\/vapingnet.de\/vape\/einweg-vape-mit-style-bang-box-12000-raspberry-watermelon-love\/","url":"https:\/\/vapingnet.de\/vape\/einweg-vape-mit-style-bang-box-12000-raspberry-watermelon-love\/","name":"Einweg Vape mit Style Bang Box 12000 Raspberry Watermelon Love | Vapingnet.de","isPartOf":{"@id":"https:\/\/vapingnet.de\/#website"},"primaryImageOfPage":{"@id":"https:\/\/vapingnet.de\/vape\/einweg-vape-mit-style-bang-box-12000-raspberry-watermelon-love\/#primaryimage"},"image":{"@id":"https:\/\/vapingnet.de\/vape\/einweg-vape-mit-style-bang-box-12000-raspberry-watermelon-love\/#primaryimage"},"thumbnailUrl":"https:\/\/vapingnet.de\/wp-content\/uploads\/2025\/05\/Raspberry-Watermelon.webp","datePublished":"2025-05-26T06:38:57+00:00","dateModified":"2025-06-19T03:39:20+00:00","description":"Entdecke Einweg Vape mit Style Bang Box 12000 Raspberry Watermelon Love bei vapingnet.de, \u25ba Gro\u00dfe Auswahl an Geschmacksrichtungen & super g\u00fcnstig!","breadcrumb":{"@id":"https:\/\/vapingnet.de\/vape\/einweg-vape-mit-style-bang-box-12000-raspberry-watermelon-love\/#breadcrumb"},"inLanguage":"pl-PL","potentialAction":[{"@type":"ReadAction","target":["https:\/\/vapingnet.de\/vape\/einweg-vape-mit-style-bang-box-12000-raspberry-watermelon-love\/"]}]},{"@type":"ImageObject","inLanguage":"pl-PL","@id":"https:\/\/vapingnet.de\/vape\/einweg-vape-mit-style-bang-box-12000-raspberry-watermelon-love\/#primaryimage","url":"https:\/\/vapingnet.de\/wp-content\/uploads\/2025\/05\/Raspberry-Watermelon.webp","contentUrl":"https:\/\/vapingnet.de\/wp-content\/uploads\/2025\/05\/Raspberry-Watermelon.webp","width":1000,"height":1000},{"@type":"BreadcrumbList","@id":"https:\/\/vapingnet.de\/vape\/einweg-vape-mit-style-bang-box-12000-raspberry-watermelon-love\/#breadcrumb","itemListElement":[{"@type":"ListItem","position":1,"name":"Home","item":"https:\/\/vapingnet.de\/"},{"@type":"ListItem","position":2,"name":"Shop","item":"https:\/\/vapingnet.de\/vape\/"},{"@type":"ListItem","position":3,"name":"Einweg Vape mit Style Bang Box 12000 Raspberry Watermelon Love"}]},{"@type":"WebSite","@id":"https:\/\/vapingnet.de\/#website","url":"https:\/\/vapingnet.de\/","name":"Vapingnet.de","description":"","publisher":{"@id":"https:\/\/vapingnet.de\/#organization"},"potentialAction":[{"@type":"SearchAction","target":{"@type":"EntryPoint","urlTemplate":"https:\/\/vapingnet.de\/?s={search_term_string}"},"query-input":{"@type":"PropertyValueSpecification","valueRequired":true,"valueName":"search_term_string"}}],"inLanguage":"pl-PL"},{"@type":"Organization","@id":"https:\/\/vapingnet.de\/#organization","name":"Vapingnet.de","url":"https:\/\/vapingnet.de\/","logo":{"@type":"ImageObject","inLanguage":"pl-PL","@id":"https:\/\/vapingnet.de\/#\/schema\/logo\/image\/","url":"https:\/\/vapingnet.de\/wp-content\/uploads\/2025\/03\/cropped-vapingnet.de_.jpg","contentUrl":"https:\/\/vapingnet.de\/wp-content\/uploads\/2025\/03\/cropped-vapingnet.de_.jpg","width":512,"height":512,"caption":"Vapingnet.de"},"image":{"@id":"https:\/\/vapingnet.de\/#\/schema\/logo\/image\/"},"sameAs":["https:\/\/www.facebook.com\/vapingnetde\/"]}]}},"tiered_pricing_type":"fixed","tiered_pricing_fixed_rules":{"10":"7.31","60":"6.58","110":"5.85","200":"5.12"},"tiered_pricing_product_settings":{"layout":"default","base_unit_name":{"singular":null,"plural":null},"default_variation":null},"tiered_pricing_minimum_quantity":null,"tiered_pricing_roles_data":[],"tiered_pricing_percentage_rules":[],"_links":{"self":[{"href":"https:\/\/vapingnet.de\/pl\/wp-json\/wp\/v2\/product\/6963","targetHints":{"allow":["GET"]}}],"collection":[{"href":"https:\/\/vapingnet.de\/pl\/wp-json\/wp\/v2\/product"}],"about":[{"href":"https:\/\/vapingnet.de\/pl\/wp-json\/wp\/v2\/types\/product"}],"version-history":[{"count":3,"href":"https:\/\/vapingnet.de\/pl\/wp-json\/wp\/v2\/product\/6963\/revisions"}],"predecessor-version":[{"id":6973,"href":"https:\/\/vapingnet.de\/pl\/wp-json\/wp\/v2\/product\/6963\/revisions\/6973"}],"wp:featuredmedia":[{"embeddable":true,"href":"https:\/\/vapingnet.de\/pl\/wp-json\/wp\/v2\/media\/6969"}],"wp:attachment":[{"href":"https:\/\/vapingnet.de\/pl\/wp-json\/wp\/v2\/media?parent=6963"}],"wp:term":[{"taxonomy":"brand","embeddable":true,"href":"https:\/\/vapingnet.de\/pl\/wp-json\/wp\/v2\/etheme_brands?post=6963"},{"taxonomy":"product_brand","embeddable":true,"href":"https:\/\/vapingnet.de\/pl\/wp-json\/wp\/v2\/product_brand?post=6963"},{"taxonomy":"product_cat","embeddable":true,"href":"https:\/\/vapingnet.de\/pl\/wp-json\/wp\/v2\/product_cat?post=6963"},{"taxonomy":"product_tag","embeddable":true,"href":"https:\/\/vapingnet.de\/pl\/wp-json\/wp\/v2\/product_tag?post=6963"}],"curies":[{"name":"wp","href":"https:\/\/api.w.org\/{rel}","templated":true}]}}