{"id":6965,"date":"2025-05-26T06:42:31","date_gmt":"2025-05-26T06:42:31","guid":{"rendered":"https:\/\/vapingnet.de\/?post_type=product&#038;p=6965"},"modified":"2025-06-19T03:39:20","modified_gmt":"2025-06-19T03:39:20","slug":"so-schmeckt-freiheit-bang-box-12000-mit-sour-apple-raspberry","status":"publish","type":"product","link":"https:\/\/vapingnet.de\/pl\/vape\/so-schmeckt-freiheit-bang-box-12000-mit-sour-apple-raspberry\/","title":{"rendered":"Tak smakuje wolno\u015b\u0107 Bang Box 12000 z Sour Apple Raspberry"},"content":{"rendered":"<h2 data-start=\"176\" data-end=\"248\" data-immersive-translate-walked=\"9ea83d9e-ce13-489c-9bf1-5cfb80e6869c\" data-immersive-translate-paragraph=\"1\">Jednorazowe nie jest r\u00f3wne jednorazowemu \u2013 co wyr\u00f3\u017cnia Bang Box 12000<\/h2>\n<p data-start=\"250\" data-end=\"529\" data-immersive-translate-walked=\"9ea83d9e-ce13-489c-9bf1-5cfb80e6869c\" data-immersive-translate-paragraph=\"1\">Na rosn\u0105cym rynku e-papieros\u00f3w jednorazowych trudno rozpozna\u0107 prawdziw\u0105 jako\u015b\u0107. Wiele modeli na pierwszy rzut oka przyci\u0105ga atrakcyjnym designem lub du\u017c\u0105 pojemno\u015bci\u0105 chmury, ale zawodzi w kwestii jako\u015bci pary, sta\u0142o\u015bci smaku czy niezawodno\u015bci technicznej.<\/p>\n<p data-start=\"531\" data-end=\"821\" data-immersive-translate-walked=\"9ea83d9e-ce13-489c-9bf1-5cfb80e6869c\" data-immersive-translate-paragraph=\"1\">Bang Box 12000 Puff Disposable Vape wprowadza \u015bwie\u017cy powiew do sceny \u2013 z przemy\u015blan\u0105 koncepcj\u0105, w kt\u00f3rej ka\u017cdy detal jest dostosowany do optymalnego do\u015bwiadczenia vapowania. \u0141\u0105czy wysokowydajn\u0105 technologi\u0119, nowoczesny design i kompozycj\u0119 smakow\u0105, kt\u00f3ra nie ma sobie r\u00f3wnych.<\/p>\n<h4 data-start=\"828\" data-end=\"866\" data-immersive-translate-walked=\"9ea83d9e-ce13-489c-9bf1-5cfb80e6869c\" data-immersive-translate-paragraph=\"1\">Przegl\u0105d technicznych funkcji<\/h4>\n<ul data-start=\"868\" data-end=\"1484\" data-immersive-translate-walked=\"9ea83d9e-ce13-489c-9bf1-5cfb80e6869c\">\n<li data-start=\"868\" data-end=\"959\" data-immersive-translate-walked=\"9ea83d9e-ce13-489c-9bf1-5cfb80e6869c\">\n<p data-start=\"870\" data-end=\"959\" data-immersive-translate-walked=\"9ea83d9e-ce13-489c-9bf1-5cfb80e6869c\" data-immersive-translate-paragraph=\"1\">Gniazdo \u0142adowania: Type-C \u2013 nowoczesne szybkie \u0142adowanie, bezproblemowe i uniwersalne<\/p>\n<\/li>\n<li data-start=\"960\" data-end=\"1046\" data-immersive-translate-walked=\"9ea83d9e-ce13-489c-9bf1-5cfb80e6869c\">\n<p data-start=\"962\" data-end=\"1046\" data-immersive-translate-walked=\"9ea83d9e-ce13-489c-9bf1-5cfb80e6869c\" data-immersive-translate-paragraph=\"1\">Pojemno\u015b\u0107 baterii: 650mAh \u2013 mocna i niezawodna a\u017c do ostatniego zaci\u0105gni\u0119cia<\/p>\n<\/li>\n<li data-start=\"1047\" data-end=\"1128\" data-immersive-translate-walked=\"9ea83d9e-ce13-489c-9bf1-5cfb80e6869c\">\n<p data-start=\"1049\" data-end=\"1128\" data-immersive-translate-walked=\"9ea83d9e-ce13-489c-9bf1-5cfb80e6869c\" data-immersive-translate-paragraph=\"1\">Pojemno\u015b\u0107 e-liquid: 20ml \u2013 ekstra du\u017ca ilo\u015b\u0107 do nawet 12 000 zaci\u0105gni\u0119\u0107<\/p>\n<\/li>\n<li data-start=\"1129\" data-end=\"1237\" data-immersive-translate-walked=\"9ea83d9e-ce13-489c-9bf1-5cfb80e6869c\">\n<p data-start=\"1131\" data-end=\"1237\" data-immersive-translate-walked=\"9ea83d9e-ce13-489c-9bf1-5cfb80e6869c\" data-immersive-translate-paragraph=\"1\">Grza\u0142ka: 0.8 Ohm Mesh-Technologia \u2013 zapewnia g\u0119st\u0105, r\u00f3wnomiern\u0105 chmur\u0119 i intensywny smak<\/p>\n<\/li>\n<li data-start=\"1238\" data-end=\"1333\" data-immersive-translate-walked=\"9ea83d9e-ce13-489c-9bf1-5cfb80e6869c\">\n<p data-start=\"1240\" data-end=\"1333\" data-immersive-translate-walked=\"9ea83d9e-ce13-489c-9bf1-5cfb80e6869c\" data-immersive-translate-paragraph=\"1\">Zawarto\u015b\u0107 nikotyny: opcjonalnie 2\u202f% lub 5\u202f% \u2013 idealnie dopasowane do indywidualnych potrzeb<\/p>\n<\/li>\n<li data-start=\"1334\" data-end=\"1410\" data-immersive-translate-walked=\"9ea83d9e-ce13-489c-9bf1-5cfb80e6869c\">\n<p data-start=\"1336\" data-end=\"1410\" data-immersive-translate-walked=\"9ea83d9e-ce13-489c-9bf1-5cfb80e6869c\" data-immersive-translate-paragraph=\"1\">Pod\u015bwietlenie LED: wizualny akcent przy ka\u017cdym zaci\u0105gni\u0119ciu \u2013 dyskretne i nowoczesne<\/p>\n<\/li>\n<li data-start=\"1411\" data-end=\"1484\" data-immersive-translate-walked=\"9ea83d9e-ce13-489c-9bf1-5cfb80e6869c\">\n<p data-start=\"1413\" data-end=\"1484\" data-immersive-translate-walked=\"9ea83d9e-ce13-489c-9bf1-5cfb80e6869c\" data-immersive-translate-paragraph=\"1\">Waga: Tylko 85g \u2013 kompaktowa, lekka i wygodna w obs\u0142udze<\/p>\n<\/li>\n<\/ul>\n<h4 data-start=\"1491\" data-end=\"1563\" data-immersive-translate-walked=\"9ea83d9e-ce13-489c-9bf1-5cfb80e6869c\" data-immersive-translate-paragraph=\"1\">Czysty smak: Sour Apple Raspberry \u2013 owocowy, \u015bwie\u017cy, zaskakuj\u0105cy<\/h4>\n<p data-start=\"1565\" data-end=\"1841\" data-immersive-translate-walked=\"9ea83d9e-ce13-489c-9bf1-5cfb80e6869c\" data-immersive-translate-paragraph=\"1\">Dzi\u0119ki Sour Apple Raspberry Bang Box 12000 wyr\u00f3\u017cnia si\u0119 smakowo wyra\u017anie spo\u015br\u00f3d innych. Kwa\u015bny akcent zielonego jab\u0142ka \u0142\u0105czy si\u0119 z delikatn\u0105 s\u0142odycz\u0105 dojrza\u0142ych malin \u2013 zaskakuj\u0105co harmonijna mieszanka, kt\u00f3ra przekonuje zar\u00f3wno podczas inhalacji, jak i w posmaku.<\/p>\n<p data-start=\"1843\" data-end=\"2071\" data-immersive-translate-walked=\"9ea83d9e-ce13-489c-9bf1-5cfb80e6869c\" data-immersive-translate-paragraph=\"1\">Aromaty nie s\u0105 ani zbyt s\u0142odkie, ani sztuczne \u2013 oferuj\u0105 wywa\u017con\u0105 r\u00f3wnowag\u0119 i pozostaj\u0105 przyjemnie intensywne nawet przy d\u0142u\u017cszym u\u017cytkowaniu. Idealne dla tych, kt\u00f3rzy chc\u0105 vapowa\u0107 bez kompromis\u00f3w smakowych.<\/p>\n<h3>Dla kogo jest przeznaczony Bang Box 12000?<\/h3>\n<p data-start=\"2130\" data-end=\"2289\" data-immersive-translate-walked=\"9ea83d9e-ce13-489c-9bf1-5cfb80e6869c\" data-immersive-translate-paragraph=\"1\">Bang Box 12000 to wi\u0119cej ni\u017c tylko vape \u2013 to prawdziwe o\u015bwiadczenie dla wszystkich, kt\u00f3rzy ceni\u0105 jako\u015b\u0107, design i wyj\u0105tkowy smak.<\/p>\n<p data-start=\"2291\" data-end=\"2318\" data-immersive-translate-walked=\"9ea83d9e-ce13-489c-9bf1-5cfb80e6869c\">Szczeg\u00f3lnie polecane dla:<\/p>\n<ul data-start=\"2320\" data-end=\"2569\" data-immersive-translate-walked=\"9ea83d9e-ce13-489c-9bf1-5cfb80e6869c\">\n<li data-start=\"2320\" data-end=\"2380\" data-immersive-translate-walked=\"9ea83d9e-ce13-489c-9bf1-5cfb80e6869c\">\n<p data-start=\"2322\" data-end=\"2380\" data-immersive-translate-walked=\"9ea83d9e-ce13-489c-9bf1-5cfb80e6869c\" data-immersive-translate-paragraph=\"1\">Codziennych vapowc\u00f3w szukaj\u0105cych trwa\u0142ego rozwi\u0105zania jednorazowego<\/p>\n<\/li>\n<li data-start=\"2381\" data-end=\"2439\" data-immersive-translate-walked=\"9ea83d9e-ce13-489c-9bf1-5cfb80e6869c\">\n<p data-start=\"2383\" data-end=\"2439\" data-immersive-translate-walked=\"9ea83d9e-ce13-489c-9bf1-5cfb80e6869c\" data-immersive-translate-paragraph=\"1\">Mi\u0142o\u015bnik\u00f3w owoc\u00f3w, chc\u0105cych testowa\u0107 nowe kombinacje<\/p>\n<\/li>\n<li data-start=\"2440\" data-end=\"2495\" data-immersive-translate-walked=\"9ea83d9e-ce13-489c-9bf1-5cfb80e6869c\">\n<p data-start=\"2442\" data-end=\"2495\" data-immersive-translate-walked=\"9ea83d9e-ce13-489c-9bf1-5cfb80e6869c\" data-immersive-translate-paragraph=\"1\">U\u017cytkownik\u00f3w ceni\u0105cych nowoczesny styl i design<\/p>\n<\/li>\n<li data-start=\"2496\" data-end=\"2569\" data-immersive-translate-walked=\"9ea83d9e-ce13-489c-9bf1-5cfb80e6869c\">\n<p data-start=\"2498\" data-end=\"2569\" data-immersive-translate-walked=\"9ea83d9e-ce13-489c-9bf1-5cfb80e6869c\" data-immersive-translate-paragraph=\"1\">Nowicjuszy, kt\u00f3rzy chc\u0105 \u0142atwo i bezpiecznie do\u015bwiadcza\u0107 vapowania<\/p>\n<\/li>\n<\/ul>\n<p data-start=\"2571\" data-end=\"2721\" data-immersive-translate-walked=\"9ea83d9e-ce13-489c-9bf1-5cfb80e6869c\" data-immersive-translate-paragraph=\"1\">W podr\u00f3\u017cy, w pracy lub po prostu w przerwie: z Bang Box 12000 Sour Apple Raspberry ka\u017cda okazja to zaproszenie do delektowania si\u0119.<\/p>","protected":false},"excerpt":{"rendered":"<p>Jednorazowy nie znaczy taki sam \u2013 co wyr\u00f3\u017cnia Bang Box 12000. Na rosn\u0105cym rynku jednorazowych e-papieros\u00f3w trudno jest znale\u017a\u0107 prawdziw\u0105 jako\u015b\u0107...<\/p>","protected":false},"featured_media":6968,"template":"","meta":[],"etheme_brands":[],"product_brand":[101],"product_cat":[88],"product_tag":[],"class_list":{"0":"post-6965","1":"product","2":"type-product","3":"status-publish","4":"has-post-thumbnail","6":"product_brand-bang-king-vape","7":"product_cat-12k-vape","9":"first","10":"instock","11":"shipping-taxable","12":"purchasable","13":"product-type-simple"},"yoast_head":"<!-- This site is optimized with the Yoast SEO plugin v26.5 - https:\/\/yoast.com\/wordpress\/plugins\/seo\/ -->\n<title>So schmeckt Freiheit Bang Box 12000 mit Sour Apple Raspberry | Vapingnet.de<\/title>\n<meta name=\"description\" content=\"Entdecke So schmeckt Freiheit Bang Box 12000 mit Sour Apple Raspberry bei vapingnet.de, \u25ba Gro\u00dfe Auswahl an Geschmacksrichtungen &amp; super g\u00fcnstig!\" \/>\n<meta name=\"robots\" content=\"index, follow, max-snippet:-1, max-image-preview:large, max-video-preview:-1\" \/>\n<link rel=\"canonical\" href=\"https:\/\/vapingnet.de\/pl\/vape\/so-schmeckt-freiheit-bang-box-12000-mit-sour-apple-raspberry\/\" \/>\n<meta property=\"og:locale\" content=\"pl_PL\" \/>\n<meta property=\"og:type\" content=\"article\" \/>\n<meta property=\"og:title\" content=\"So schmeckt Freiheit Bang Box 12000 mit Sour Apple Raspberry | Vapingnet.de\" \/>\n<meta property=\"og:description\" content=\"Entdecke So schmeckt Freiheit Bang Box 12000 mit Sour Apple Raspberry bei vapingnet.de, \u25ba Gro\u00dfe Auswahl an Geschmacksrichtungen &amp; super g\u00fcnstig!\" \/>\n<meta property=\"og:url\" content=\"https:\/\/vapingnet.de\/pl\/vape\/so-schmeckt-freiheit-bang-box-12000-mit-sour-apple-raspberry\/\" \/>\n<meta property=\"og:site_name\" content=\"Vapingnet.de\" \/>\n<meta property=\"article:publisher\" content=\"https:\/\/www.facebook.com\/vapingnetde\/\" \/>\n<meta property=\"article:modified_time\" content=\"2025-06-19T03:39:20+00:00\" \/>\n<meta property=\"og:image\" content=\"https:\/\/vapingnet.de\/wp-content\/uploads\/2025\/05\/Sour-Apple-Raspberry.webp\" \/>\n\t<meta property=\"og:image:width\" content=\"1000\" \/>\n\t<meta property=\"og:image:height\" content=\"1000\" \/>\n\t<meta property=\"og:image:type\" content=\"image\/webp\" \/>\n<meta name=\"twitter:card\" content=\"summary_large_image\" \/>\n<meta name=\"twitter:label1\" content=\"Est. reading time\" \/>\n\t<meta name=\"twitter:data1\" content=\"3 minutes\" \/>\n<script type=\"application\/ld+json\" class=\"yoast-schema-graph\">{\"@context\":\"https:\/\/schema.org\",\"@graph\":[{\"@type\":\"WebPage\",\"@id\":\"https:\/\/vapingnet.de\/vape\/so-schmeckt-freiheit-bang-box-12000-mit-sour-apple-raspberry\/\",\"url\":\"https:\/\/vapingnet.de\/vape\/so-schmeckt-freiheit-bang-box-12000-mit-sour-apple-raspberry\/\",\"name\":\"So schmeckt Freiheit Bang Box 12000 mit Sour Apple Raspberry | Vapingnet.de\",\"isPartOf\":{\"@id\":\"https:\/\/vapingnet.de\/#website\"},\"primaryImageOfPage\":{\"@id\":\"https:\/\/vapingnet.de\/vape\/so-schmeckt-freiheit-bang-box-12000-mit-sour-apple-raspberry\/#primaryimage\"},\"image\":{\"@id\":\"https:\/\/vapingnet.de\/vape\/so-schmeckt-freiheit-bang-box-12000-mit-sour-apple-raspberry\/#primaryimage\"},\"thumbnailUrl\":\"https:\/\/vapingnet.de\/wp-content\/uploads\/2025\/05\/Sour-Apple-Raspberry.webp\",\"datePublished\":\"2025-05-26T06:42:31+00:00\",\"dateModified\":\"2025-06-19T03:39:20+00:00\",\"description\":\"Entdecke So schmeckt Freiheit Bang Box 12000 mit Sour Apple Raspberry bei vapingnet.de, \u25ba Gro\u00dfe Auswahl an Geschmacksrichtungen & super g\u00fcnstig!\",\"breadcrumb\":{\"@id\":\"https:\/\/vapingnet.de\/vape\/so-schmeckt-freiheit-bang-box-12000-mit-sour-apple-raspberry\/#breadcrumb\"},\"inLanguage\":\"pl-PL\",\"potentialAction\":[{\"@type\":\"ReadAction\",\"target\":[\"https:\/\/vapingnet.de\/vape\/so-schmeckt-freiheit-bang-box-12000-mit-sour-apple-raspberry\/\"]}]},{\"@type\":\"ImageObject\",\"inLanguage\":\"pl-PL\",\"@id\":\"https:\/\/vapingnet.de\/vape\/so-schmeckt-freiheit-bang-box-12000-mit-sour-apple-raspberry\/#primaryimage\",\"url\":\"https:\/\/vapingnet.de\/wp-content\/uploads\/2025\/05\/Sour-Apple-Raspberry.webp\",\"contentUrl\":\"https:\/\/vapingnet.de\/wp-content\/uploads\/2025\/05\/Sour-Apple-Raspberry.webp\",\"width\":1000,\"height\":1000},{\"@type\":\"BreadcrumbList\",\"@id\":\"https:\/\/vapingnet.de\/vape\/so-schmeckt-freiheit-bang-box-12000-mit-sour-apple-raspberry\/#breadcrumb\",\"itemListElement\":[{\"@type\":\"ListItem\",\"position\":1,\"name\":\"Home\",\"item\":\"https:\/\/vapingnet.de\/\"},{\"@type\":\"ListItem\",\"position\":2,\"name\":\"Shop\",\"item\":\"https:\/\/vapingnet.de\/vape\/\"},{\"@type\":\"ListItem\",\"position\":3,\"name\":\"So schmeckt Freiheit Bang Box 12000 mit Sour Apple Raspberry\"}]},{\"@type\":\"WebSite\",\"@id\":\"https:\/\/vapingnet.de\/#website\",\"url\":\"https:\/\/vapingnet.de\/\",\"name\":\"Vapingnet.de\",\"description\":\"\",\"publisher\":{\"@id\":\"https:\/\/vapingnet.de\/#organization\"},\"potentialAction\":[{\"@type\":\"SearchAction\",\"target\":{\"@type\":\"EntryPoint\",\"urlTemplate\":\"https:\/\/vapingnet.de\/?s={search_term_string}\"},\"query-input\":{\"@type\":\"PropertyValueSpecification\",\"valueRequired\":true,\"valueName\":\"search_term_string\"}}],\"inLanguage\":\"pl-PL\"},{\"@type\":\"Organization\",\"@id\":\"https:\/\/vapingnet.de\/#organization\",\"name\":\"Vapingnet.de\",\"url\":\"https:\/\/vapingnet.de\/\",\"logo\":{\"@type\":\"ImageObject\",\"inLanguage\":\"pl-PL\",\"@id\":\"https:\/\/vapingnet.de\/#\/schema\/logo\/image\/\",\"url\":\"https:\/\/vapingnet.de\/wp-content\/uploads\/2025\/03\/cropped-vapingnet.de_.jpg\",\"contentUrl\":\"https:\/\/vapingnet.de\/wp-content\/uploads\/2025\/03\/cropped-vapingnet.de_.jpg\",\"width\":512,\"height\":512,\"caption\":\"Vapingnet.de\"},\"image\":{\"@id\":\"https:\/\/vapingnet.de\/#\/schema\/logo\/image\/\"},\"sameAs\":[\"https:\/\/www.facebook.com\/vapingnetde\/\"]}]}<\/script>\n<!-- \/ Yoast SEO plugin. -->","yoast_head_json":{"title":"So schmeckt Freiheit Bang Box 12000 mit Sour Apple Raspberry | Vapingnet.de","description":"Entdecke So schmeckt Freiheit Bang Box 12000 mit Sour Apple Raspberry bei vapingnet.de, \u25ba Gro\u00dfe Auswahl an Geschmacksrichtungen & super g\u00fcnstig!","robots":{"index":"index","follow":"follow","max-snippet":"max-snippet:-1","max-image-preview":"max-image-preview:large","max-video-preview":"max-video-preview:-1"},"canonical":"https:\/\/vapingnet.de\/pl\/vape\/so-schmeckt-freiheit-bang-box-12000-mit-sour-apple-raspberry\/","og_locale":"pl_PL","og_type":"article","og_title":"So schmeckt Freiheit Bang Box 12000 mit Sour Apple Raspberry | Vapingnet.de","og_description":"Entdecke So schmeckt Freiheit Bang Box 12000 mit Sour Apple Raspberry bei vapingnet.de, \u25ba Gro\u00dfe Auswahl an Geschmacksrichtungen & super g\u00fcnstig!","og_url":"https:\/\/vapingnet.de\/pl\/vape\/so-schmeckt-freiheit-bang-box-12000-mit-sour-apple-raspberry\/","og_site_name":"Vapingnet.de","article_publisher":"https:\/\/www.facebook.com\/vapingnetde\/","article_modified_time":"2025-06-19T03:39:20+00:00","og_image":[{"width":1000,"height":1000,"url":"https:\/\/vapingnet.de\/wp-content\/uploads\/2025\/05\/Sour-Apple-Raspberry.webp","type":"image\/webp"}],"twitter_card":"summary_large_image","twitter_misc":{"Est. reading time":"3 minutes"},"schema":{"@context":"https:\/\/schema.org","@graph":[{"@type":"WebPage","@id":"https:\/\/vapingnet.de\/vape\/so-schmeckt-freiheit-bang-box-12000-mit-sour-apple-raspberry\/","url":"https:\/\/vapingnet.de\/vape\/so-schmeckt-freiheit-bang-box-12000-mit-sour-apple-raspberry\/","name":"So schmeckt Freiheit Bang Box 12000 mit Sour Apple Raspberry | Vapingnet.de","isPartOf":{"@id":"https:\/\/vapingnet.de\/#website"},"primaryImageOfPage":{"@id":"https:\/\/vapingnet.de\/vape\/so-schmeckt-freiheit-bang-box-12000-mit-sour-apple-raspberry\/#primaryimage"},"image":{"@id":"https:\/\/vapingnet.de\/vape\/so-schmeckt-freiheit-bang-box-12000-mit-sour-apple-raspberry\/#primaryimage"},"thumbnailUrl":"https:\/\/vapingnet.de\/wp-content\/uploads\/2025\/05\/Sour-Apple-Raspberry.webp","datePublished":"2025-05-26T06:42:31+00:00","dateModified":"2025-06-19T03:39:20+00:00","description":"Entdecke So schmeckt Freiheit Bang Box 12000 mit Sour Apple Raspberry bei vapingnet.de, \u25ba Gro\u00dfe Auswahl an Geschmacksrichtungen & super g\u00fcnstig!","breadcrumb":{"@id":"https:\/\/vapingnet.de\/vape\/so-schmeckt-freiheit-bang-box-12000-mit-sour-apple-raspberry\/#breadcrumb"},"inLanguage":"pl-PL","potentialAction":[{"@type":"ReadAction","target":["https:\/\/vapingnet.de\/vape\/so-schmeckt-freiheit-bang-box-12000-mit-sour-apple-raspberry\/"]}]},{"@type":"ImageObject","inLanguage":"pl-PL","@id":"https:\/\/vapingnet.de\/vape\/so-schmeckt-freiheit-bang-box-12000-mit-sour-apple-raspberry\/#primaryimage","url":"https:\/\/vapingnet.de\/wp-content\/uploads\/2025\/05\/Sour-Apple-Raspberry.webp","contentUrl":"https:\/\/vapingnet.de\/wp-content\/uploads\/2025\/05\/Sour-Apple-Raspberry.webp","width":1000,"height":1000},{"@type":"BreadcrumbList","@id":"https:\/\/vapingnet.de\/vape\/so-schmeckt-freiheit-bang-box-12000-mit-sour-apple-raspberry\/#breadcrumb","itemListElement":[{"@type":"ListItem","position":1,"name":"Home","item":"https:\/\/vapingnet.de\/"},{"@type":"ListItem","position":2,"name":"Shop","item":"https:\/\/vapingnet.de\/vape\/"},{"@type":"ListItem","position":3,"name":"So schmeckt Freiheit Bang Box 12000 mit Sour Apple Raspberry"}]},{"@type":"WebSite","@id":"https:\/\/vapingnet.de\/#website","url":"https:\/\/vapingnet.de\/","name":"Vapingnet.de","description":"","publisher":{"@id":"https:\/\/vapingnet.de\/#organization"},"potentialAction":[{"@type":"SearchAction","target":{"@type":"EntryPoint","urlTemplate":"https:\/\/vapingnet.de\/?s={search_term_string}"},"query-input":{"@type":"PropertyValueSpecification","valueRequired":true,"valueName":"search_term_string"}}],"inLanguage":"pl-PL"},{"@type":"Organization","@id":"https:\/\/vapingnet.de\/#organization","name":"Vapingnet.de","url":"https:\/\/vapingnet.de\/","logo":{"@type":"ImageObject","inLanguage":"pl-PL","@id":"https:\/\/vapingnet.de\/#\/schema\/logo\/image\/","url":"https:\/\/vapingnet.de\/wp-content\/uploads\/2025\/03\/cropped-vapingnet.de_.jpg","contentUrl":"https:\/\/vapingnet.de\/wp-content\/uploads\/2025\/03\/cropped-vapingnet.de_.jpg","width":512,"height":512,"caption":"Vapingnet.de"},"image":{"@id":"https:\/\/vapingnet.de\/#\/schema\/logo\/image\/"},"sameAs":["https:\/\/www.facebook.com\/vapingnetde\/"]}]}},"tiered_pricing_type":"fixed","tiered_pricing_fixed_rules":{"10":"7.31","60":"6.58","110":"5.85","200":"5.12"},"tiered_pricing_product_settings":{"layout":"default","base_unit_name":{"singular":null,"plural":null},"default_variation":null},"tiered_pricing_minimum_quantity":null,"tiered_pricing_roles_data":[],"tiered_pricing_percentage_rules":[],"_links":{"self":[{"href":"https:\/\/vapingnet.de\/pl\/wp-json\/wp\/v2\/product\/6965","targetHints":{"allow":["GET"]}}],"collection":[{"href":"https:\/\/vapingnet.de\/pl\/wp-json\/wp\/v2\/product"}],"about":[{"href":"https:\/\/vapingnet.de\/pl\/wp-json\/wp\/v2\/types\/product"}],"version-history":[{"count":1,"href":"https:\/\/vapingnet.de\/pl\/wp-json\/wp\/v2\/product\/6965\/revisions"}],"predecessor-version":[{"id":6974,"href":"https:\/\/vapingnet.de\/pl\/wp-json\/wp\/v2\/product\/6965\/revisions\/6974"}],"wp:featuredmedia":[{"embeddable":true,"href":"https:\/\/vapingnet.de\/pl\/wp-json\/wp\/v2\/media\/6968"}],"wp:attachment":[{"href":"https:\/\/vapingnet.de\/pl\/wp-json\/wp\/v2\/media?parent=6965"}],"wp:term":[{"taxonomy":"brand","embeddable":true,"href":"https:\/\/vapingnet.de\/pl\/wp-json\/wp\/v2\/etheme_brands?post=6965"},{"taxonomy":"product_brand","embeddable":true,"href":"https:\/\/vapingnet.de\/pl\/wp-json\/wp\/v2\/product_brand?post=6965"},{"taxonomy":"product_cat","embeddable":true,"href":"https:\/\/vapingnet.de\/pl\/wp-json\/wp\/v2\/product_cat?post=6965"},{"taxonomy":"product_tag","embeddable":true,"href":"https:\/\/vapingnet.de\/pl\/wp-json\/wp\/v2\/product_tag?post=6965"}],"curies":[{"name":"wp","href":"https:\/\/api.w.org\/{rel}","templated":true}]}}