{"id":6966,"date":"2025-05-26T06:42:36","date_gmt":"2025-05-26T06:42:36","guid":{"rendered":"https:\/\/vapingnet.de\/?post_type=product&#038;p=6966"},"modified":"2025-06-19T03:39:19","modified_gmt":"2025-06-19T03:39:19","slug":"hochwertig-dampfen-bang-box-12000-strawberry-kiwi-jetzt-testen","status":"publish","type":"product","link":"https:\/\/vapingnet.de\/pl\/vape\/hochwertig-dampfen-bang-box-12000-strawberry-kiwi-jetzt-testen\/","title":{"rendered":"Wysokiej jako\u015bci vapowanie Bang Box 12000 Strawberry Kiwi, wypr\u00f3buj teraz"},"content":{"rendered":"<h2 data-start=\"0\" data-end=\"74\" data-immersive-translate-walked=\"8bc5dd58-1009-4a45-8c02-82898c43c831\">Bang Box 12000 Puff Disposable \u2013 Owocowa rozkosz z truskawkowo-kiwi<\/h2>\n<p data-start=\"76\" data-end=\"475\" data-immersive-translate-walked=\"8bc5dd58-1009-4a45-8c02-82898c43c831\" data-immersive-translate-paragraph=\"1\">Bang Box 12000 Puff Disposable to idealny jednorazowy e-papieros dla wszystkich, kt\u00f3rzy szukaj\u0105 prostego, a jednocze\u015bnie wysokiej jako\u015bci do\u015bwiadczenia vapowania. Wyposa\u017cony w mocny akumulator 650mAh, kt\u00f3ry mo\u017cna wygodnie na\u0142adowa\u0107 za pomoc\u0105 nowoczesnego z\u0142\u0105cza Type-C, ten model oferuje niezwykle d\u0142ug\u0105 \u017cywotno\u015b\u0107 \u2013 idealny do codziennego u\u017cytku bez przerw.<\/p>\n<p data-start=\"477\" data-end=\"969\" data-immersive-translate-walked=\"8bc5dd58-1009-4a45-8c02-82898c43c831\" data-immersive-translate-paragraph=\"1\">Dzi\u0119ki du\u017cej pojemno\u015bci e-liquid 20ml, Bang Box zapewnia do 12 000 intensywnych poci\u0105gni\u0119\u0107, kt\u00f3re generowane s\u0105 przez innowacyjny mesh coil o oporno\u015bci 0,8 Ohma. Ten coil zapewnia optymalne odparowanie i r\u00f3wnomierne rozprowadzanie ciep\u0142a, co pozwala w pe\u0142ni cieszy\u0107 si\u0119 \u015bwie\u017cym aromatem truskawkowo-kiwi. Po\u0142\u0105czenie s\u0142odkiej truskawki i orze\u017awiaj\u0105cej kiwi oferuje orze\u017awiaj\u0105ce doznania smakowe, kt\u00f3re zachwyc\u0105 zar\u00f3wno pocz\u0105tkuj\u0105cych, jak i do\u015bwiadczonych vapowc\u00f3w.<\/p>\n<p data-start=\"971\" data-end=\"1266\" data-immersive-translate-walked=\"8bc5dd58-1009-4a45-8c02-82898c43c831\" data-immersive-translate-paragraph=\"1\">Lekka konstrukcja wa\u017c\u0105ca zaledwie 85 gram\u00f3w sprawia, \u017ce Bang Box jest szczeg\u00f3lnie por\u0119czny i stanowi idealnego towarzysza w podr\u00f3\u017cy. Stylowe pod\u015bwietlenie LED nie tylko stanowi efektowny element wizualny, ale tak\u017ce praktyczn\u0105 funkcj\u0119, sygnalizuj\u0105c\u0105 poziom na\u0142adowania i aktywno\u015b\u0107 e-papierosa.<\/p>\n<p data-start=\"1268\" data-end=\"1531\" data-immersive-translate-walked=\"8bc5dd58-1009-4a45-8c02-82898c43c831\" data-immersive-translate-paragraph=\"1\">Szczeg\u00f3lnie wyr\u00f3\u017cnia si\u0119 mo\u017cliwo\u015b\u0107 wyboru mi\u0119dzy nikotyn\u0105 % i 5 %, co pozwala vapowcom na \u0142atwe dopasowanie do w\u0142asnych preferencji. Funkcja wielokrotnego \u0142adowania sprawia, \u017ce jednorazowy e-papieros jest bardziej ekologiczny w por\u00f3wnaniu do tradycyjnych modeli.<\/p>\n<h3 data-start=\"1533\" data-end=\"1578\" data-immersive-translate-walked=\"8bc5dd58-1009-4a45-8c02-82898c43c831\">Dlaczego Bang Box 12000 Puff Disposable?<\/h3>\n<ul data-start=\"1580\" data-end=\"2005\" data-immersive-translate-walked=\"8bc5dd58-1009-4a45-8c02-82898c43c831\">\n<li data-start=\"1580\" data-end=\"1641\" data-immersive-translate-walked=\"8bc5dd58-1009-4a45-8c02-82898c43c831\">\n<p data-start=\"1582\" data-end=\"1641\" data-immersive-translate-walked=\"8bc5dd58-1009-4a45-8c02-82898c43c831\" data-immersive-translate-paragraph=\"1\">Wielokrotnie \u0142adowany akumulator Type-C zapewniaj\u0105cy d\u0142ugotrwa\u0142e vapowanie<\/p>\n<\/li>\n<li data-start=\"1642\" data-end=\"1714\" data-immersive-translate-walked=\"8bc5dd58-1009-4a45-8c02-82898c43c831\">\n<p data-start=\"1644\" data-end=\"1714\" data-immersive-translate-walked=\"8bc5dd58-1009-4a45-8c02-82898c43c831\" data-immersive-translate-paragraph=\"1\">Przestronny zbiornik na e-liquid 20ml \u2013 d\u0142ugi czas u\u017cytkowania bez konieczno\u015bci uzupe\u0142niania<\/p>\n<\/li>\n<li data-start=\"1715\" data-end=\"1781\" data-immersive-translate-walked=\"8bc5dd58-1009-4a45-8c02-82898c43c831\">\n<p data-start=\"1717\" data-end=\"1781\" data-immersive-translate-walked=\"8bc5dd58-1009-4a45-8c02-82898c43c831\" data-immersive-translate-paragraph=\"1\">Wysokiej jako\u015bci mesh coil 0,8 Ohma dla g\u0119stego, aromatycznego dymu<\/p>\n<\/li>\n<li data-start=\"1782\" data-end=\"1861\" data-immersive-translate-walked=\"8bc5dd58-1009-4a45-8c02-82898c43c831\">\n<p data-start=\"1784\" data-end=\"1861\" data-immersive-translate-walked=\"8bc5dd58-1009-4a45-8c02-82898c43c831\" data-immersive-translate-paragraph=\"1\">Przyjemny, owocowy aromat truskawkowo-kiwi, kt\u00f3ry dzia\u0142a \u015bwie\u017co i orze\u017awiaj\u0105co<\/p>\n<\/li>\n<li data-start=\"1862\" data-end=\"1925\" data-immersive-translate-walked=\"8bc5dd58-1009-4a45-8c02-82898c43c831\">\n<p data-start=\"1864\" data-end=\"1925\" data-immersive-translate-walked=\"8bc5dd58-1009-4a45-8c02-82898c43c831\" data-immersive-translate-paragraph=\"1\">Lekka, kompaktowa konstrukcja z nowoczesnym pod\u015bwietleniem LED<\/p>\n<\/li>\n<li data-start=\"1926\" data-end=\"2005\" data-immersive-translate-walked=\"8bc5dd58-1009-4a45-8c02-82898c43c831\">\n<p data-start=\"1928\" data-end=\"2005\" data-immersive-translate-walked=\"8bc5dd58-1009-4a45-8c02-82898c43c831\" data-immersive-translate-paragraph=\"1\">Dost\u0119pny z nikotyn\u0105 % lub 5 %, aby sprosta\u0107 r\u00f3\u017cnym potrzebom vapowc\u00f3w<\/p>\n<\/li>\n<\/ul>\n<p data-start=\"2007\" data-end=\"2315\" data-immersive-translate-walked=\"8bc5dd58-1009-4a45-8c02-82898c43c831\" data-immersive-translate-paragraph=\"1\">Czy to na szybkie chwile relaksu w podr\u00f3\u017cy, czy na spokojne vapowanie w domu \u2013 Bang Box 12000 Puff Disposable wyr\u00f3\u017cnia si\u0119 prostot\u0105 obs\u0142ugi, niezawodno\u015bci\u0105 i intensywnym smakiem. Je\u015bli szukasz wysokiej jako\u015bci, praktycznego i stylowego jednorazowego e-papierosa, ten model jest idealnym rozwi\u0105zaniem.<\/p>","protected":false},"excerpt":{"rendered":"<p>Bang Box 12000 Puff Disposable \u2013 Fruchtiger Genuss mit Strawberry Kiwi Die Bang Box 12000 Puff Disposable pr\u00e4sentiert sich als perfekte Einweg E Zigarette f\u00fcr&#8230;<\/p>","protected":false},"featured_media":6970,"template":"","meta":[],"etheme_brands":[],"product_brand":[101],"product_cat":[88],"product_tag":[],"class_list":{"0":"post-6966","1":"product","2":"type-product","3":"status-publish","4":"has-post-thumbnail","6":"product_brand-bang-king-vape","7":"product_cat-12k-vape","9":"first","10":"instock","11":"shipping-taxable","12":"purchasable","13":"product-type-simple"},"yoast_head":"<!-- This site is optimized with the Yoast SEO plugin v26.5 - https:\/\/yoast.com\/wordpress\/plugins\/seo\/ -->\n<title>Hochwertig dampfen Bang Box 12000 Strawberry Kiwi jetzt testen | Vapingnet.de<\/title>\n<meta name=\"description\" content=\"Entdecke Hochwertig dampfen Bang Box 12000 Strawberry Kiwi jetzt testen bei vapingnet.de, \u25ba Gro\u00dfe Auswahl an Geschmacksrichtungen &amp; super g\u00fcnstig!\" \/>\n<meta name=\"robots\" content=\"index, follow, max-snippet:-1, max-image-preview:large, max-video-preview:-1\" \/>\n<link rel=\"canonical\" href=\"https:\/\/vapingnet.de\/pl\/vape\/hochwertig-dampfen-bang-box-12000-strawberry-kiwi-jetzt-testen\/\" \/>\n<meta property=\"og:locale\" content=\"pl_PL\" \/>\n<meta property=\"og:type\" content=\"article\" \/>\n<meta property=\"og:title\" content=\"Hochwertig dampfen Bang Box 12000 Strawberry Kiwi jetzt testen | Vapingnet.de\" \/>\n<meta property=\"og:description\" content=\"Entdecke Hochwertig dampfen Bang Box 12000 Strawberry Kiwi jetzt testen bei vapingnet.de, \u25ba Gro\u00dfe Auswahl an Geschmacksrichtungen &amp; super g\u00fcnstig!\" \/>\n<meta property=\"og:url\" content=\"https:\/\/vapingnet.de\/pl\/vape\/hochwertig-dampfen-bang-box-12000-strawberry-kiwi-jetzt-testen\/\" \/>\n<meta property=\"og:site_name\" content=\"Vapingnet.de\" \/>\n<meta property=\"article:publisher\" content=\"https:\/\/www.facebook.com\/vapingnetde\/\" \/>\n<meta property=\"article:modified_time\" content=\"2025-06-19T03:39:19+00:00\" \/>\n<meta property=\"og:image\" content=\"https:\/\/vapingnet.de\/wp-content\/uploads\/2025\/05\/Strawberry-Kiwi-.webp\" \/>\n\t<meta property=\"og:image:width\" content=\"1000\" \/>\n\t<meta property=\"og:image:height\" content=\"1000\" \/>\n\t<meta property=\"og:image:type\" content=\"image\/webp\" \/>\n<meta name=\"twitter:card\" content=\"summary_large_image\" \/>\n<meta name=\"twitter:label1\" content=\"Est. reading time\" \/>\n\t<meta name=\"twitter:data1\" content=\"2 minutes\" \/>\n<script type=\"application\/ld+json\" class=\"yoast-schema-graph\">{\"@context\":\"https:\/\/schema.org\",\"@graph\":[{\"@type\":\"WebPage\",\"@id\":\"https:\/\/vapingnet.de\/vape\/hochwertig-dampfen-bang-box-12000-strawberry-kiwi-jetzt-testen\/\",\"url\":\"https:\/\/vapingnet.de\/vape\/hochwertig-dampfen-bang-box-12000-strawberry-kiwi-jetzt-testen\/\",\"name\":\"Hochwertig dampfen Bang Box 12000 Strawberry Kiwi jetzt testen | Vapingnet.de\",\"isPartOf\":{\"@id\":\"https:\/\/vapingnet.de\/#website\"},\"primaryImageOfPage\":{\"@id\":\"https:\/\/vapingnet.de\/vape\/hochwertig-dampfen-bang-box-12000-strawberry-kiwi-jetzt-testen\/#primaryimage\"},\"image\":{\"@id\":\"https:\/\/vapingnet.de\/vape\/hochwertig-dampfen-bang-box-12000-strawberry-kiwi-jetzt-testen\/#primaryimage\"},\"thumbnailUrl\":\"https:\/\/vapingnet.de\/wp-content\/uploads\/2025\/05\/Strawberry-Kiwi-.webp\",\"datePublished\":\"2025-05-26T06:42:36+00:00\",\"dateModified\":\"2025-06-19T03:39:19+00:00\",\"description\":\"Entdecke Hochwertig dampfen Bang Box 12000 Strawberry Kiwi jetzt testen bei vapingnet.de, \u25ba Gro\u00dfe Auswahl an Geschmacksrichtungen & super g\u00fcnstig!\",\"breadcrumb\":{\"@id\":\"https:\/\/vapingnet.de\/vape\/hochwertig-dampfen-bang-box-12000-strawberry-kiwi-jetzt-testen\/#breadcrumb\"},\"inLanguage\":\"pl-PL\",\"potentialAction\":[{\"@type\":\"ReadAction\",\"target\":[\"https:\/\/vapingnet.de\/vape\/hochwertig-dampfen-bang-box-12000-strawberry-kiwi-jetzt-testen\/\"]}]},{\"@type\":\"ImageObject\",\"inLanguage\":\"pl-PL\",\"@id\":\"https:\/\/vapingnet.de\/vape\/hochwertig-dampfen-bang-box-12000-strawberry-kiwi-jetzt-testen\/#primaryimage\",\"url\":\"https:\/\/vapingnet.de\/wp-content\/uploads\/2025\/05\/Strawberry-Kiwi-.webp\",\"contentUrl\":\"https:\/\/vapingnet.de\/wp-content\/uploads\/2025\/05\/Strawberry-Kiwi-.webp\",\"width\":1000,\"height\":1000},{\"@type\":\"BreadcrumbList\",\"@id\":\"https:\/\/vapingnet.de\/vape\/hochwertig-dampfen-bang-box-12000-strawberry-kiwi-jetzt-testen\/#breadcrumb\",\"itemListElement\":[{\"@type\":\"ListItem\",\"position\":1,\"name\":\"Home\",\"item\":\"https:\/\/vapingnet.de\/\"},{\"@type\":\"ListItem\",\"position\":2,\"name\":\"Shop\",\"item\":\"https:\/\/vapingnet.de\/vape\/\"},{\"@type\":\"ListItem\",\"position\":3,\"name\":\"Hochwertig dampfen Bang Box 12000 Strawberry Kiwi jetzt testen\"}]},{\"@type\":\"WebSite\",\"@id\":\"https:\/\/vapingnet.de\/#website\",\"url\":\"https:\/\/vapingnet.de\/\",\"name\":\"Vapingnet.de\",\"description\":\"\",\"publisher\":{\"@id\":\"https:\/\/vapingnet.de\/#organization\"},\"potentialAction\":[{\"@type\":\"SearchAction\",\"target\":{\"@type\":\"EntryPoint\",\"urlTemplate\":\"https:\/\/vapingnet.de\/?s={search_term_string}\"},\"query-input\":{\"@type\":\"PropertyValueSpecification\",\"valueRequired\":true,\"valueName\":\"search_term_string\"}}],\"inLanguage\":\"pl-PL\"},{\"@type\":\"Organization\",\"@id\":\"https:\/\/vapingnet.de\/#organization\",\"name\":\"Vapingnet.de\",\"url\":\"https:\/\/vapingnet.de\/\",\"logo\":{\"@type\":\"ImageObject\",\"inLanguage\":\"pl-PL\",\"@id\":\"https:\/\/vapingnet.de\/#\/schema\/logo\/image\/\",\"url\":\"https:\/\/vapingnet.de\/wp-content\/uploads\/2025\/03\/cropped-vapingnet.de_.jpg\",\"contentUrl\":\"https:\/\/vapingnet.de\/wp-content\/uploads\/2025\/03\/cropped-vapingnet.de_.jpg\",\"width\":512,\"height\":512,\"caption\":\"Vapingnet.de\"},\"image\":{\"@id\":\"https:\/\/vapingnet.de\/#\/schema\/logo\/image\/\"},\"sameAs\":[\"https:\/\/www.facebook.com\/vapingnetde\/\"]}]}<\/script>\n<!-- \/ Yoast SEO plugin. -->","yoast_head_json":{"title":"Hochwertig dampfen Bang Box 12000 Strawberry Kiwi jetzt testen | Vapingnet.de","description":"Entdecke Hochwertig dampfen Bang Box 12000 Strawberry Kiwi jetzt testen bei vapingnet.de, \u25ba Gro\u00dfe Auswahl an Geschmacksrichtungen & super g\u00fcnstig!","robots":{"index":"index","follow":"follow","max-snippet":"max-snippet:-1","max-image-preview":"max-image-preview:large","max-video-preview":"max-video-preview:-1"},"canonical":"https:\/\/vapingnet.de\/pl\/vape\/hochwertig-dampfen-bang-box-12000-strawberry-kiwi-jetzt-testen\/","og_locale":"pl_PL","og_type":"article","og_title":"Hochwertig dampfen Bang Box 12000 Strawberry Kiwi jetzt testen | Vapingnet.de","og_description":"Entdecke Hochwertig dampfen Bang Box 12000 Strawberry Kiwi jetzt testen bei vapingnet.de, \u25ba Gro\u00dfe Auswahl an Geschmacksrichtungen & super g\u00fcnstig!","og_url":"https:\/\/vapingnet.de\/pl\/vape\/hochwertig-dampfen-bang-box-12000-strawberry-kiwi-jetzt-testen\/","og_site_name":"Vapingnet.de","article_publisher":"https:\/\/www.facebook.com\/vapingnetde\/","article_modified_time":"2025-06-19T03:39:19+00:00","og_image":[{"width":1000,"height":1000,"url":"https:\/\/vapingnet.de\/wp-content\/uploads\/2025\/05\/Strawberry-Kiwi-.webp","type":"image\/webp"}],"twitter_card":"summary_large_image","twitter_misc":{"Est. reading time":"2 minutes"},"schema":{"@context":"https:\/\/schema.org","@graph":[{"@type":"WebPage","@id":"https:\/\/vapingnet.de\/vape\/hochwertig-dampfen-bang-box-12000-strawberry-kiwi-jetzt-testen\/","url":"https:\/\/vapingnet.de\/vape\/hochwertig-dampfen-bang-box-12000-strawberry-kiwi-jetzt-testen\/","name":"Hochwertig dampfen Bang Box 12000 Strawberry Kiwi jetzt testen | Vapingnet.de","isPartOf":{"@id":"https:\/\/vapingnet.de\/#website"},"primaryImageOfPage":{"@id":"https:\/\/vapingnet.de\/vape\/hochwertig-dampfen-bang-box-12000-strawberry-kiwi-jetzt-testen\/#primaryimage"},"image":{"@id":"https:\/\/vapingnet.de\/vape\/hochwertig-dampfen-bang-box-12000-strawberry-kiwi-jetzt-testen\/#primaryimage"},"thumbnailUrl":"https:\/\/vapingnet.de\/wp-content\/uploads\/2025\/05\/Strawberry-Kiwi-.webp","datePublished":"2025-05-26T06:42:36+00:00","dateModified":"2025-06-19T03:39:19+00:00","description":"Entdecke Hochwertig dampfen Bang Box 12000 Strawberry Kiwi jetzt testen bei vapingnet.de, \u25ba Gro\u00dfe Auswahl an Geschmacksrichtungen & super g\u00fcnstig!","breadcrumb":{"@id":"https:\/\/vapingnet.de\/vape\/hochwertig-dampfen-bang-box-12000-strawberry-kiwi-jetzt-testen\/#breadcrumb"},"inLanguage":"pl-PL","potentialAction":[{"@type":"ReadAction","target":["https:\/\/vapingnet.de\/vape\/hochwertig-dampfen-bang-box-12000-strawberry-kiwi-jetzt-testen\/"]}]},{"@type":"ImageObject","inLanguage":"pl-PL","@id":"https:\/\/vapingnet.de\/vape\/hochwertig-dampfen-bang-box-12000-strawberry-kiwi-jetzt-testen\/#primaryimage","url":"https:\/\/vapingnet.de\/wp-content\/uploads\/2025\/05\/Strawberry-Kiwi-.webp","contentUrl":"https:\/\/vapingnet.de\/wp-content\/uploads\/2025\/05\/Strawberry-Kiwi-.webp","width":1000,"height":1000},{"@type":"BreadcrumbList","@id":"https:\/\/vapingnet.de\/vape\/hochwertig-dampfen-bang-box-12000-strawberry-kiwi-jetzt-testen\/#breadcrumb","itemListElement":[{"@type":"ListItem","position":1,"name":"Home","item":"https:\/\/vapingnet.de\/"},{"@type":"ListItem","position":2,"name":"Shop","item":"https:\/\/vapingnet.de\/vape\/"},{"@type":"ListItem","position":3,"name":"Hochwertig dampfen Bang Box 12000 Strawberry Kiwi jetzt testen"}]},{"@type":"WebSite","@id":"https:\/\/vapingnet.de\/#website","url":"https:\/\/vapingnet.de\/","name":"Vapingnet.de","description":"","publisher":{"@id":"https:\/\/vapingnet.de\/#organization"},"potentialAction":[{"@type":"SearchAction","target":{"@type":"EntryPoint","urlTemplate":"https:\/\/vapingnet.de\/?s={search_term_string}"},"query-input":{"@type":"PropertyValueSpecification","valueRequired":true,"valueName":"search_term_string"}}],"inLanguage":"pl-PL"},{"@type":"Organization","@id":"https:\/\/vapingnet.de\/#organization","name":"Vapingnet.de","url":"https:\/\/vapingnet.de\/","logo":{"@type":"ImageObject","inLanguage":"pl-PL","@id":"https:\/\/vapingnet.de\/#\/schema\/logo\/image\/","url":"https:\/\/vapingnet.de\/wp-content\/uploads\/2025\/03\/cropped-vapingnet.de_.jpg","contentUrl":"https:\/\/vapingnet.de\/wp-content\/uploads\/2025\/03\/cropped-vapingnet.de_.jpg","width":512,"height":512,"caption":"Vapingnet.de"},"image":{"@id":"https:\/\/vapingnet.de\/#\/schema\/logo\/image\/"},"sameAs":["https:\/\/www.facebook.com\/vapingnetde\/"]}]}},"tiered_pricing_type":"fixed","tiered_pricing_fixed_rules":{"10":"7.31","60":"6.58","110":"5.85","200":"5.12"},"tiered_pricing_product_settings":{"layout":"default","base_unit_name":{"singular":null,"plural":null},"default_variation":null},"tiered_pricing_minimum_quantity":null,"tiered_pricing_roles_data":[],"tiered_pricing_percentage_rules":[],"_links":{"self":[{"href":"https:\/\/vapingnet.de\/pl\/wp-json\/wp\/v2\/product\/6966","targetHints":{"allow":["GET"]}}],"collection":[{"href":"https:\/\/vapingnet.de\/pl\/wp-json\/wp\/v2\/product"}],"about":[{"href":"https:\/\/vapingnet.de\/pl\/wp-json\/wp\/v2\/types\/product"}],"version-history":[{"count":1,"href":"https:\/\/vapingnet.de\/pl\/wp-json\/wp\/v2\/product\/6966\/revisions"}],"predecessor-version":[{"id":6975,"href":"https:\/\/vapingnet.de\/pl\/wp-json\/wp\/v2\/product\/6966\/revisions\/6975"}],"wp:featuredmedia":[{"embeddable":true,"href":"https:\/\/vapingnet.de\/pl\/wp-json\/wp\/v2\/media\/6970"}],"wp:attachment":[{"href":"https:\/\/vapingnet.de\/pl\/wp-json\/wp\/v2\/media?parent=6966"}],"wp:term":[{"taxonomy":"brand","embeddable":true,"href":"https:\/\/vapingnet.de\/pl\/wp-json\/wp\/v2\/etheme_brands?post=6966"},{"taxonomy":"product_brand","embeddable":true,"href":"https:\/\/vapingnet.de\/pl\/wp-json\/wp\/v2\/product_brand?post=6966"},{"taxonomy":"product_cat","embeddable":true,"href":"https:\/\/vapingnet.de\/pl\/wp-json\/wp\/v2\/product_cat?post=6966"},{"taxonomy":"product_tag","embeddable":true,"href":"https:\/\/vapingnet.de\/pl\/wp-json\/wp\/v2\/product_tag?post=6966"}],"curies":[{"name":"wp","href":"https:\/\/api.w.org\/{rel}","templated":true}]}}