{"id":6967,"date":"2025-05-26T06:42:38","date_gmt":"2025-05-26T06:42:38","guid":{"rendered":"https:\/\/vapingnet.de\/?post_type=product&#038;p=6967"},"modified":"2025-06-19T03:39:19","modified_gmt":"2025-06-19T03:39:19","slug":"12000-mal-fruchtgenuss-bang-box-watermelon-ice-power","status":"publish","type":"product","link":"https:\/\/vapingnet.de\/pl\/vape\/12000-mal-fruchtgenuss-bang-box-watermelon-ice-power\/","title":{"rendered":"12000 razy smak owoc\u00f3w Bang Box Watermelon Ice Pow..."},"content":{"rendered":"<h2 data-start=\"58\" data-end=\"166\" data-immersive-translate-walked=\"ed73c951-f027-4f00-b964-0eb09616d611\">Nowo\u015b\u0107 u nas \u2013 Bang Box 12000 Puff Jednorazowa E-papieros dla niezr\u00f3wnanego do\u015bwiadczenia vape<\/h2>\n<p data-start=\"168\" data-end=\"199\" data-immersive-translate-walked=\"ed73c951-f027-4f00-b964-0eb09616d611\" data-immersive-translate-paragraph=\"1\">Drodzy mi\u0142o\u015bnicy vapingu,<\/p>\n<p data-start=\"201\" data-end=\"549\" data-immersive-translate-walked=\"ed73c951-f027-4f00-b964-0eb09616d611\" data-immersive-translate-paragraph=\"1\">dzisiaj przedstawiamy wam prawdziw\u0105 gwiazd\u0119: Bang Box 12000 Puff, innowacyjny jednorazowy e-papieros, kt\u00f3ry dzi\u0119ki imponuj\u0105cej wydajno\u015bci i prostocie obs\u0142ugi wyznacza nowe standardy. Je\u015bli szukasz niezawodnego, smakowitego i trwa\u0142ego urz\u0105dzenia vape, to Bang Box jest w\u0142a\u015bnie dla ciebie!<\/p>\n<h3>Dlaczego Bang Box 12000 Puff jest tak wyj\u0105tkowy<\/h3>\n<ul data-start=\"603\" data-end=\"1890\" data-immersive-translate-walked=\"ed73c951-f027-4f00-b964-0eb09616d611\">\n<li data-start=\"603\" data-end=\"955\" data-immersive-translate-walked=\"ed73c951-f027-4f00-b964-0eb09616d611\">\n<p data-start=\"605\" data-end=\"955\" data-immersive-translate-walked=\"ed73c951-f027-4f00-b964-0eb09616d611\" data-immersive-translate-paragraph=\"1\">Wydajna bateria 650mAh z \u0142adowaniem USB Typ-C<br data-start=\"667\" data-end=\"670\" data-immersive-translate-walked=\"ed73c951-f027-4f00-b964-0eb09616d611\" \/>W przeciwie\u0144stwie do wielu tradycyjnych jednoraz\u00f3wek, Bang Box mo\u017cna wygodnie na\u0142adowa\u0107 przez nowoczesne z\u0142\u0105cze USB Typ-C. Nie musisz wi\u0119c wyrzuca\u0107 urz\u0105dzenia po zu\u017cyciu liquidu \u2013 to oszcz\u0119dza nie tylko tw\u00f3j portfel, ale tak\u017ce \u015brodowisko.<\/p>\n<\/li>\n<li data-start=\"957\" data-end=\"1222\" data-immersive-translate-walked=\"ed73c951-f027-4f00-b964-0eb09616d611\">\n<p data-start=\"959\" data-end=\"1222\" data-immersive-translate-walked=\"ed73c951-f027-4f00-b964-0eb09616d611\" data-immersive-translate-paragraph=\"1\">Hojny zbiornik na e-liquid 20ml do nawet 12 000 poci\u0105gni\u0119\u0107<br data-start=\"1016\" data-end=\"1019\" data-immersive-translate-walked=\"ed73c951-f027-4f00-b964-0eb09616d611\" \/>Dzi\u0119ki pojemno\u015bci liquidu 20ml, Bang Box umo\u017cliwia ekstremalnie d\u0142ugie sesje vapingu bez konieczno\u015bci uzupe\u0142niania lub wymiany. Idealny na wycieczki, podr\u00f3\u017ce lub po prostu relaks w domu.<\/p>\n<\/li>\n<li data-start=\"1224\" data-end=\"1452\" data-immersive-translate-walked=\"ed73c951-f027-4f00-b964-0eb09616d611\">\n<p data-start=\"1226\" data-end=\"1452\" data-immersive-translate-walked=\"ed73c951-f027-4f00-b964-0eb09616d611\" data-immersive-translate-paragraph=\"1\">Optymalna jako\u015b\u0107 pary dzi\u0119ki mesh coil 0,8 Ohm<br data-start=\"1276\" data-end=\"1279\" data-immersive-translate-walked=\"ed73c951-f027-4f00-b964-0eb09616d611\" \/>Wysokiej jako\u015bci mesh coil zapewnia r\u00f3wnomierne odparowywanie, intensywny smak i g\u0119st\u0105, przyjemn\u0105 chmur\u0119 pary \u2013 dok\u0142adnie to, co kochaj\u0105 mi\u0142o\u015bnicy vapingu.<\/p>\n<\/li>\n<li data-start=\"1454\" data-end=\"1696\" data-immersive-translate-walked=\"ed73c951-f027-4f00-b964-0eb09616d611\">\n<p data-start=\"1456\" data-end=\"1696\" data-immersive-translate-walked=\"ed73c951-f027-4f00-b964-0eb09616d611\" data-immersive-translate-paragraph=\"1\">Orze\u017awiaj\u0105cy smak: Watermelon Ice<br data-start=\"1499\" data-end=\"1502\" data-immersive-translate-walked=\"ed73c951-f027-4f00-b964-0eb09616d611\" \/>Kompozycja smaku z soczyst\u0105 arbuzem i ch\u0142odnym mentolem przynosi orze\u017awienie i owocowo\u015b\u0107 w harmonii. Smak, kt\u00f3ry szczeg\u00f3lnie w ciep\u0142e dni zapewnia czyst\u0105 od\u015bwie\u017cenie.<\/p>\n<\/li>\n<li data-start=\"1698\" data-end=\"1890\" data-immersive-translate-walked=\"ed73c951-f027-4f00-b964-0eb09616d611\">\n<p data-start=\"1700\" data-end=\"1890\" data-immersive-translate-walked=\"ed73c951-f027-4f00-b964-0eb09616d611\" data-immersive-translate-paragraph=\"1\">Lekki, kompaktowy i stylowy<br data-start=\"1732\" data-end=\"1735\" data-immersive-translate-walked=\"ed73c951-f027-4f00-b964-0eb09616d611\" \/>Wa\u017c\u0105cy zaledwie 85 gram\u00f3w, Bang Box wygodnie le\u017cy w d\u0142oni, a dzi\u0119ki nowoczesnemu designowi i wbudowanemu LED-owi jest r\u00f3wnie\u017c atrakcyjny wizualnie.<\/p>\n<\/li>\n<\/ul>\n<h4 data-start=\"1892\" data-end=\"1929\" data-immersive-translate-walked=\"ed73c951-f027-4f00-b964-0eb09616d611\" data-immersive-translate-paragraph=\"1\"><img fetchpriority=\"high\" decoding=\"async\" class=\"size-full wp-image-6976 aligncenter\" src=\"https:\/\/vapingnet.de\/wp-content\/uploads\/2025\/05\/6bf8c5adc97239756c31adf61a68139-scaled.jpg\" alt=\"\" width=\"2236\" height=\"2560\" srcset=\"https:\/\/vapingnet.de\/wp-content\/uploads\/2025\/05\/6bf8c5adc97239756c31adf61a68139-scaled.jpg 2236w, https:\/\/vapingnet.de\/wp-content\/uploads\/2025\/05\/6bf8c5adc97239756c31adf61a68139-262x300.jpg 262w, https:\/\/vapingnet.de\/wp-content\/uploads\/2025\/05\/6bf8c5adc97239756c31adf61a68139-894x1024.jpg 894w, https:\/\/vapingnet.de\/wp-content\/uploads\/2025\/05\/6bf8c5adc97239756c31adf61a68139-768x879.jpg 768w, https:\/\/vapingnet.de\/wp-content\/uploads\/2025\/05\/6bf8c5adc97239756c31adf61a68139-1341x1536.jpg 1341w, https:\/\/vapingnet.de\/wp-content\/uploads\/2025\/05\/6bf8c5adc97239756c31adf61a68139-1789x2048.jpg 1789w, https:\/\/vapingnet.de\/wp-content\/uploads\/2025\/05\/6bf8c5adc97239756c31adf61a68139-600x687.jpg 600w, https:\/\/vapingnet.de\/wp-content\/uploads\/2025\/05\/6bf8c5adc97239756c31adf61a68139-1x1.jpg 1w, https:\/\/vapingnet.de\/wp-content\/uploads\/2025\/05\/6bf8c5adc97239756c31adf61a68139-10x10.jpg 10w\" sizes=\"(max-width: 2236px) 100vw, 2236px\" \/><\/h4>\n<h4 data-start=\"1892\" data-end=\"1929\" data-immersive-translate-walked=\"ed73c951-f027-4f00-b964-0eb09616d611\" data-immersive-translate-paragraph=\"1\">Dla kogo jest przeznaczona Bang Box?<\/h4>\n<p data-start=\"1931\" data-end=\"2298\" data-immersive-translate-walked=\"ed73c951-f027-4f00-b964-0eb09616d611\" data-immersive-translate-paragraph=\"1\">Bang Box 12000 Puff to idealny wyb\u00f3r dla wszystkich, kt\u00f3rzy szukaj\u0105 prostego jednorazowego e-papierosa, kt\u00f3ry mimo to zachwyca wydajno\u015bci\u0105 i smakiem. Niezale\u017cnie od tego, czy dopiero zaczynasz vapowa\u0107, czy jeste\u015b do\u015bwiadczonym mi\u0142o\u015bnikiem \u2013 to urz\u0105dzenie dostosuje si\u0119 do twoich potrzeb i zapewni relaksuj\u0105ce, niezawodne do\u015bwiadczenie vapingu.<\/p>\n<p data-start=\"2305\" data-end=\"2441\" data-immersive-translate-walked=\"ed73c951-f027-4f00-b964-0eb09616d611\" data-immersive-translate-paragraph=\"1\">Wypr\u00f3buj teraz Bang Box 12000 Puff i ciesz si\u0119 do 12 000 intensywnych poci\u0105gni\u0119\u0107 z doznaniem smakowym, kt\u00f3re od\u015bwie\u017ca i zachwyca!<\/p>\n<p data-start=\"2443\" data-end=\"2485\" data-immersive-translate-walked=\"ed73c951-f027-4f00-b964-0eb09616d611\" data-immersive-translate-paragraph=\"1\">Mi\u0142ego vapowania i dbaj o zdrowie!<\/p>","protected":false},"excerpt":{"rendered":"<p>Nowo\u015b\u0107 u nas \u2013 Bang Box 12000 Puff Jednorazowa E-papieros dla niezr\u00f3wnanego do\u015bwiadczenia vape. Kochane palaczki i palacze, dzi\u015b przedstawiamy wam prawdziwy hit...<\/p>","protected":false},"featured_media":6971,"template":"","meta":[],"etheme_brands":[],"product_brand":[101],"product_cat":[88],"product_tag":[],"class_list":{"0":"post-6967","1":"product","2":"type-product","3":"status-publish","4":"has-post-thumbnail","6":"product_brand-bang-king-vape","7":"product_cat-12k-vape","9":"first","10":"instock","11":"shipping-taxable","12":"purchasable","13":"product-type-simple"},"yoast_head":"<!-- This site is optimized with the Yoast SEO plugin v26.5 - https:\/\/yoast.com\/wordpress\/plugins\/seo\/ -->\n<title>12000 Mal Fruchtgenuss Bang Box Watermelon Ice Power | Vapingnet.de<\/title>\n<meta name=\"description\" content=\"Entdecke 12000 Mal Fruchtgenuss Bang Box Watermelon Ice Power bei vapingnet.de, \u25ba Gro\u00dfe Auswahl an Geschmacksrichtungen &amp; super g\u00fcnstig!\" \/>\n<meta name=\"robots\" content=\"index, follow, max-snippet:-1, max-image-preview:large, max-video-preview:-1\" \/>\n<link rel=\"canonical\" href=\"https:\/\/vapingnet.de\/pl\/vape\/12000-mal-fruchtgenuss-bang-box-watermelon-ice-power\/\" \/>\n<meta property=\"og:locale\" content=\"pl_PL\" \/>\n<meta property=\"og:type\" content=\"article\" \/>\n<meta property=\"og:title\" content=\"12000 Mal Fruchtgenuss Bang Box Watermelon Ice Power | Vapingnet.de\" \/>\n<meta property=\"og:description\" content=\"Entdecke 12000 Mal Fruchtgenuss Bang Box Watermelon Ice Power bei vapingnet.de, \u25ba Gro\u00dfe Auswahl an Geschmacksrichtungen &amp; super g\u00fcnstig!\" \/>\n<meta property=\"og:url\" content=\"https:\/\/vapingnet.de\/pl\/vape\/12000-mal-fruchtgenuss-bang-box-watermelon-ice-power\/\" \/>\n<meta property=\"og:site_name\" content=\"Vapingnet.de\" \/>\n<meta property=\"article:publisher\" content=\"https:\/\/www.facebook.com\/vapingnetde\/\" \/>\n<meta property=\"article:modified_time\" content=\"2025-06-19T03:39:19+00:00\" \/>\n<meta property=\"og:image\" content=\"https:\/\/vapingnet.de\/wp-content\/uploads\/2025\/05\/Watermelon-Ice-1.webp\" \/>\n\t<meta property=\"og:image:width\" content=\"1000\" \/>\n\t<meta property=\"og:image:height\" content=\"1000\" \/>\n\t<meta property=\"og:image:type\" content=\"image\/webp\" \/>\n<meta name=\"twitter:card\" content=\"summary_large_image\" \/>\n<meta name=\"twitter:label1\" content=\"Est. reading time\" \/>\n\t<meta name=\"twitter:data1\" content=\"3 minutes\" \/>\n<script type=\"application\/ld+json\" class=\"yoast-schema-graph\">{\"@context\":\"https:\/\/schema.org\",\"@graph\":[{\"@type\":\"WebPage\",\"@id\":\"https:\/\/vapingnet.de\/vape\/12000-mal-fruchtgenuss-bang-box-watermelon-ice-power\/\",\"url\":\"https:\/\/vapingnet.de\/vape\/12000-mal-fruchtgenuss-bang-box-watermelon-ice-power\/\",\"name\":\"12000 Mal Fruchtgenuss Bang Box Watermelon Ice Power | Vapingnet.de\",\"isPartOf\":{\"@id\":\"https:\/\/vapingnet.de\/#website\"},\"primaryImageOfPage\":{\"@id\":\"https:\/\/vapingnet.de\/vape\/12000-mal-fruchtgenuss-bang-box-watermelon-ice-power\/#primaryimage\"},\"image\":{\"@id\":\"https:\/\/vapingnet.de\/vape\/12000-mal-fruchtgenuss-bang-box-watermelon-ice-power\/#primaryimage\"},\"thumbnailUrl\":\"https:\/\/vapingnet.de\/wp-content\/uploads\/2025\/05\/Watermelon-Ice-1.webp\",\"datePublished\":\"2025-05-26T06:42:38+00:00\",\"dateModified\":\"2025-06-19T03:39:19+00:00\",\"description\":\"Entdecke 12000 Mal Fruchtgenuss Bang Box Watermelon Ice Power bei vapingnet.de, \u25ba Gro\u00dfe Auswahl an Geschmacksrichtungen & super g\u00fcnstig!\",\"breadcrumb\":{\"@id\":\"https:\/\/vapingnet.de\/vape\/12000-mal-fruchtgenuss-bang-box-watermelon-ice-power\/#breadcrumb\"},\"inLanguage\":\"pl-PL\",\"potentialAction\":[{\"@type\":\"ReadAction\",\"target\":[\"https:\/\/vapingnet.de\/vape\/12000-mal-fruchtgenuss-bang-box-watermelon-ice-power\/\"]}]},{\"@type\":\"ImageObject\",\"inLanguage\":\"pl-PL\",\"@id\":\"https:\/\/vapingnet.de\/vape\/12000-mal-fruchtgenuss-bang-box-watermelon-ice-power\/#primaryimage\",\"url\":\"https:\/\/vapingnet.de\/wp-content\/uploads\/2025\/05\/Watermelon-Ice-1.webp\",\"contentUrl\":\"https:\/\/vapingnet.de\/wp-content\/uploads\/2025\/05\/Watermelon-Ice-1.webp\",\"width\":1000,\"height\":1000},{\"@type\":\"BreadcrumbList\",\"@id\":\"https:\/\/vapingnet.de\/vape\/12000-mal-fruchtgenuss-bang-box-watermelon-ice-power\/#breadcrumb\",\"itemListElement\":[{\"@type\":\"ListItem\",\"position\":1,\"name\":\"Home\",\"item\":\"https:\/\/vapingnet.de\/\"},{\"@type\":\"ListItem\",\"position\":2,\"name\":\"Shop\",\"item\":\"https:\/\/vapingnet.de\/vape\/\"},{\"@type\":\"ListItem\",\"position\":3,\"name\":\"12000 Mal Fruchtgenuss Bang Box Watermelon Ice Power\"}]},{\"@type\":\"WebSite\",\"@id\":\"https:\/\/vapingnet.de\/#website\",\"url\":\"https:\/\/vapingnet.de\/\",\"name\":\"Vapingnet.de\",\"description\":\"\",\"publisher\":{\"@id\":\"https:\/\/vapingnet.de\/#organization\"},\"potentialAction\":[{\"@type\":\"SearchAction\",\"target\":{\"@type\":\"EntryPoint\",\"urlTemplate\":\"https:\/\/vapingnet.de\/?s={search_term_string}\"},\"query-input\":{\"@type\":\"PropertyValueSpecification\",\"valueRequired\":true,\"valueName\":\"search_term_string\"}}],\"inLanguage\":\"pl-PL\"},{\"@type\":\"Organization\",\"@id\":\"https:\/\/vapingnet.de\/#organization\",\"name\":\"Vapingnet.de\",\"url\":\"https:\/\/vapingnet.de\/\",\"logo\":{\"@type\":\"ImageObject\",\"inLanguage\":\"pl-PL\",\"@id\":\"https:\/\/vapingnet.de\/#\/schema\/logo\/image\/\",\"url\":\"https:\/\/vapingnet.de\/wp-content\/uploads\/2025\/03\/cropped-vapingnet.de_.jpg\",\"contentUrl\":\"https:\/\/vapingnet.de\/wp-content\/uploads\/2025\/03\/cropped-vapingnet.de_.jpg\",\"width\":512,\"height\":512,\"caption\":\"Vapingnet.de\"},\"image\":{\"@id\":\"https:\/\/vapingnet.de\/#\/schema\/logo\/image\/\"},\"sameAs\":[\"https:\/\/www.facebook.com\/vapingnetde\/\"]}]}<\/script>\n<!-- \/ Yoast SEO plugin. -->","yoast_head_json":{"title":"12000 Mal Fruchtgenuss Bang Box Watermelon Ice Power | Vapingnet.de","description":"Entdecke 12000 Mal Fruchtgenuss Bang Box Watermelon Ice Power bei vapingnet.de, \u25ba Gro\u00dfe Auswahl an Geschmacksrichtungen & super g\u00fcnstig!","robots":{"index":"index","follow":"follow","max-snippet":"max-snippet:-1","max-image-preview":"max-image-preview:large","max-video-preview":"max-video-preview:-1"},"canonical":"https:\/\/vapingnet.de\/pl\/vape\/12000-mal-fruchtgenuss-bang-box-watermelon-ice-power\/","og_locale":"pl_PL","og_type":"article","og_title":"12000 Mal Fruchtgenuss Bang Box Watermelon Ice Power | Vapingnet.de","og_description":"Entdecke 12000 Mal Fruchtgenuss Bang Box Watermelon Ice Power bei vapingnet.de, \u25ba Gro\u00dfe Auswahl an Geschmacksrichtungen & super g\u00fcnstig!","og_url":"https:\/\/vapingnet.de\/pl\/vape\/12000-mal-fruchtgenuss-bang-box-watermelon-ice-power\/","og_site_name":"Vapingnet.de","article_publisher":"https:\/\/www.facebook.com\/vapingnetde\/","article_modified_time":"2025-06-19T03:39:19+00:00","og_image":[{"width":1000,"height":1000,"url":"https:\/\/vapingnet.de\/wp-content\/uploads\/2025\/05\/Watermelon-Ice-1.webp","type":"image\/webp"}],"twitter_card":"summary_large_image","twitter_misc":{"Est. reading time":"3 minutes"},"schema":{"@context":"https:\/\/schema.org","@graph":[{"@type":"WebPage","@id":"https:\/\/vapingnet.de\/vape\/12000-mal-fruchtgenuss-bang-box-watermelon-ice-power\/","url":"https:\/\/vapingnet.de\/vape\/12000-mal-fruchtgenuss-bang-box-watermelon-ice-power\/","name":"12000 Mal Fruchtgenuss Bang Box Watermelon Ice Power | Vapingnet.de","isPartOf":{"@id":"https:\/\/vapingnet.de\/#website"},"primaryImageOfPage":{"@id":"https:\/\/vapingnet.de\/vape\/12000-mal-fruchtgenuss-bang-box-watermelon-ice-power\/#primaryimage"},"image":{"@id":"https:\/\/vapingnet.de\/vape\/12000-mal-fruchtgenuss-bang-box-watermelon-ice-power\/#primaryimage"},"thumbnailUrl":"https:\/\/vapingnet.de\/wp-content\/uploads\/2025\/05\/Watermelon-Ice-1.webp","datePublished":"2025-05-26T06:42:38+00:00","dateModified":"2025-06-19T03:39:19+00:00","description":"Entdecke 12000 Mal Fruchtgenuss Bang Box Watermelon Ice Power bei vapingnet.de, \u25ba Gro\u00dfe Auswahl an Geschmacksrichtungen & super g\u00fcnstig!","breadcrumb":{"@id":"https:\/\/vapingnet.de\/vape\/12000-mal-fruchtgenuss-bang-box-watermelon-ice-power\/#breadcrumb"},"inLanguage":"pl-PL","potentialAction":[{"@type":"ReadAction","target":["https:\/\/vapingnet.de\/vape\/12000-mal-fruchtgenuss-bang-box-watermelon-ice-power\/"]}]},{"@type":"ImageObject","inLanguage":"pl-PL","@id":"https:\/\/vapingnet.de\/vape\/12000-mal-fruchtgenuss-bang-box-watermelon-ice-power\/#primaryimage","url":"https:\/\/vapingnet.de\/wp-content\/uploads\/2025\/05\/Watermelon-Ice-1.webp","contentUrl":"https:\/\/vapingnet.de\/wp-content\/uploads\/2025\/05\/Watermelon-Ice-1.webp","width":1000,"height":1000},{"@type":"BreadcrumbList","@id":"https:\/\/vapingnet.de\/vape\/12000-mal-fruchtgenuss-bang-box-watermelon-ice-power\/#breadcrumb","itemListElement":[{"@type":"ListItem","position":1,"name":"Home","item":"https:\/\/vapingnet.de\/"},{"@type":"ListItem","position":2,"name":"Shop","item":"https:\/\/vapingnet.de\/vape\/"},{"@type":"ListItem","position":3,"name":"12000 Mal Fruchtgenuss Bang Box Watermelon Ice Power"}]},{"@type":"WebSite","@id":"https:\/\/vapingnet.de\/#website","url":"https:\/\/vapingnet.de\/","name":"Vapingnet.de","description":"","publisher":{"@id":"https:\/\/vapingnet.de\/#organization"},"potentialAction":[{"@type":"SearchAction","target":{"@type":"EntryPoint","urlTemplate":"https:\/\/vapingnet.de\/?s={search_term_string}"},"query-input":{"@type":"PropertyValueSpecification","valueRequired":true,"valueName":"search_term_string"}}],"inLanguage":"pl-PL"},{"@type":"Organization","@id":"https:\/\/vapingnet.de\/#organization","name":"Vapingnet.de","url":"https:\/\/vapingnet.de\/","logo":{"@type":"ImageObject","inLanguage":"pl-PL","@id":"https:\/\/vapingnet.de\/#\/schema\/logo\/image\/","url":"https:\/\/vapingnet.de\/wp-content\/uploads\/2025\/03\/cropped-vapingnet.de_.jpg","contentUrl":"https:\/\/vapingnet.de\/wp-content\/uploads\/2025\/03\/cropped-vapingnet.de_.jpg","width":512,"height":512,"caption":"Vapingnet.de"},"image":{"@id":"https:\/\/vapingnet.de\/#\/schema\/logo\/image\/"},"sameAs":["https:\/\/www.facebook.com\/vapingnetde\/"]}]}},"tiered_pricing_type":"fixed","tiered_pricing_fixed_rules":{"10":"7.31","60":"6.58","110":"5.85","200":"5.12"},"tiered_pricing_product_settings":{"layout":"default","base_unit_name":{"singular":null,"plural":null},"default_variation":null},"tiered_pricing_minimum_quantity":null,"tiered_pricing_roles_data":[],"tiered_pricing_percentage_rules":[],"_links":{"self":[{"href":"https:\/\/vapingnet.de\/pl\/wp-json\/wp\/v2\/product\/6967","targetHints":{"allow":["GET"]}}],"collection":[{"href":"https:\/\/vapingnet.de\/pl\/wp-json\/wp\/v2\/product"}],"about":[{"href":"https:\/\/vapingnet.de\/pl\/wp-json\/wp\/v2\/types\/product"}],"version-history":[{"count":1,"href":"https:\/\/vapingnet.de\/pl\/wp-json\/wp\/v2\/product\/6967\/revisions"}],"predecessor-version":[{"id":6977,"href":"https:\/\/vapingnet.de\/pl\/wp-json\/wp\/v2\/product\/6967\/revisions\/6977"}],"wp:featuredmedia":[{"embeddable":true,"href":"https:\/\/vapingnet.de\/pl\/wp-json\/wp\/v2\/media\/6971"}],"wp:attachment":[{"href":"https:\/\/vapingnet.de\/pl\/wp-json\/wp\/v2\/media?parent=6967"}],"wp:term":[{"taxonomy":"brand","embeddable":true,"href":"https:\/\/vapingnet.de\/pl\/wp-json\/wp\/v2\/etheme_brands?post=6967"},{"taxonomy":"product_brand","embeddable":true,"href":"https:\/\/vapingnet.de\/pl\/wp-json\/wp\/v2\/product_brand?post=6967"},{"taxonomy":"product_cat","embeddable":true,"href":"https:\/\/vapingnet.de\/pl\/wp-json\/wp\/v2\/product_cat?post=6967"},{"taxonomy":"product_tag","embeddable":true,"href":"https:\/\/vapingnet.de\/pl\/wp-json\/wp\/v2\/product_tag?post=6967"}],"curies":[{"name":"wp","href":"https:\/\/api.w.org\/{rel}","templated":true}]}}