{"id":6978,"date":"2025-05-26T07:08:43","date_gmt":"2025-05-26T07:08:43","guid":{"rendered":"https:\/\/vapingnet.de\/?post_type=product&#038;p=6978"},"modified":"2025-06-19T03:39:18","modified_gmt":"2025-06-19T03:39:18","slug":"guenstige-bang-box-12000-puff-mit-leckerem-strawberry-lychee-flavor","status":"publish","type":"product","link":"https:\/\/vapingnet.de\/pl\/vape\/guenstige-bang-box-12000-puff-mit-leckerem-strawberry-lychee-flavor\/","title":{"rendered":"Tani Bang Box 12000 puffs z pysznym smakiem truskawki i lychee"},"content":{"rendered":"<h2 data-start=\"0\" data-end=\"95\" data-immersive-translate-walked=\"b7244380-5675-4818-9d2d-e84fe8505e23\">Bang Box 12000 Puff \u2013 Twoja nowa jednorazowa e-papieros do d\u0142ugotrwa\u0142ego, intensywnego vapowania<\/h2>\n<ul data-start=\"138\" data-end=\"557\" data-immersive-translate-walked=\"b7244380-5675-4818-9d2d-e84fe8505e23\">\n<li data-start=\"138\" data-end=\"186\" data-immersive-translate-walked=\"b7244380-5675-4818-9d2d-e84fe8505e23\">\n<p data-start=\"140\" data-end=\"186\" data-immersive-translate-walked=\"b7244380-5675-4818-9d2d-e84fe8505e23\" data-immersive-translate-paragraph=\"1\">Model: Bang Box 12000 Puff (Jednorazowy)<\/p>\n<\/li>\n<li data-start=\"187\" data-end=\"255\" data-immersive-translate-walked=\"b7244380-5675-4818-9d2d-e84fe8505e23\">\n<p data-start=\"189\" data-end=\"255\" data-immersive-translate-walked=\"b7244380-5675-4818-9d2d-e84fe8505e23\" data-immersive-translate-paragraph=\"1\">Akumulator: 650mAh, wielokrotnego \u0142adowania przez nowoczesne z\u0142\u0105cze Type-C<\/p>\n<\/li>\n<li data-start=\"256\" data-end=\"297\" data-immersive-translate-walked=\"b7244380-5675-4818-9d2d-e84fe8505e23\">\n<p data-start=\"258\" data-end=\"297\" data-immersive-translate-walked=\"b7244380-5675-4818-9d2d-e84fe8505e23\" data-immersive-translate-paragraph=\"1\">Pojemno\u015b\u0107 liquidu: du\u017ca 20ml<\/p>\n<\/li>\n<li data-start=\"298\" data-end=\"359\" data-immersive-translate-walked=\"b7244380-5675-4818-9d2d-e84fe8505e23\">\n<p data-start=\"300\" data-end=\"359\" data-immersive-translate-walked=\"b7244380-5675-4818-9d2d-e84fe8505e23\" data-immersive-translate-paragraph=\"1\">Grza\u0142ka: 0,8 Ohm Mesh Coil dla optymalnego wytwarzania pary<\/p>\n<\/li>\n<li data-start=\"360\" data-end=\"405\" data-immersive-translate-walked=\"b7244380-5675-4818-9d2d-e84fe8505e23\">\n<p data-start=\"362\" data-end=\"405\" data-immersive-translate-walked=\"b7244380-5675-4818-9d2d-e84fe8505e23\" data-immersive-translate-paragraph=\"1\">Zawarto\u015b\u0107 nikotyny: opcjonalnie 2 % lub 5 %<\/p>\n<\/li>\n<li data-start=\"406\" data-end=\"439\" data-immersive-translate-walked=\"b7244380-5675-4818-9d2d-e84fe8505e23\">\n<p data-start=\"408\" data-end=\"439\" data-immersive-translate-walked=\"b7244380-5675-4818-9d2d-e84fe8505e23\" data-immersive-translate-paragraph=\"1\">Waga: lekkie 85g<\/p>\n<\/li>\n<li data-start=\"440\" data-end=\"500\" data-immersive-translate-walked=\"b7244380-5675-4818-9d2d-e84fe8505e23\">\n<p data-start=\"442\" data-end=\"500\" data-immersive-translate-walked=\"b7244380-5675-4818-9d2d-e84fe8505e23\" data-immersive-translate-paragraph=\"1\">Wska\u017anik LED: eleganckie, zmieniaj\u0105ce kolor pod\u015bwietlenie LED<\/p>\n<\/li>\n<li data-start=\"501\" data-end=\"557\" data-immersive-translate-walked=\"b7244380-5675-4818-9d2d-e84fe8505e23\">\n<p data-start=\"503\" data-end=\"557\" data-immersive-translate-walked=\"b7244380-5675-4818-9d2d-e84fe8505e23\" data-immersive-translate-paragraph=\"1\">Smak: owocowo-tropikalny Strawberry Lychee<\/p>\n<\/li>\n<\/ul>\n<h3>Dlaczego Bang Box 12000 Puff to idealny wyb\u00f3r dla Ciebie<\/h3>\n<p data-start=\"630\" data-end=\"940\" data-immersive-translate-paragraph=\"1\" data-immersive-translate-walked=\"b7244380-5675-4818-9d2d-e84fe8505e23\">Je\u015bli szukasz jednorazowego e-papierosa, kt\u00f3ry umo\u017cliwi Ci bezproblemowe, d\u0142ugotrwa\u0142e i intensywne vapowanie, pokochasz Bang Box. Z do 12 000 zaci\u0105gni\u0119ciami, ta e-papieros niezawodnie towarzyszy Ci przez ca\u0142y dzie\u0144 \u2013 bez konieczno\u015bci uzupe\u0142niania liquidu czy cz\u0119stego \u0142adowania.<\/p>\n<p data-start=\"942\" data-end=\"1260\" data-immersive-translate-paragraph=\"1\" data-immersive-translate-walked=\"b7244380-5675-4818-9d2d-e84fe8505e23\">Wydajny akumulator 650mAh mo\u017cna szybko na\u0142adowa\u0107 dzi\u0119ki nowoczesnemu z\u0142\u0105czu Type-C. To znaczy: nawet gdy akumulator si\u0119 wyczerpie podczas podr\u00f3\u017cy, szybko wr\u00f3cisz do vapowania. Bang Box  \u0142\u0105czy komfort z wysok\u0105 wydajno\u015bci\u0105 i zapewnia relaksuj\u0105ce do\u015bwiadczenie vapowania.<\/p>\n<h4 data-start=\"1267\" data-end=\"1320\" data-immersive-translate-paragraph=\"1\" data-immersive-translate-walked=\"b7244380-5675-4818-9d2d-e84fe8505e23\">Smak, kt\u00f3ry zachwyca \u2013 Strawberry Lychee<\/h4>\n<p data-start=\"1322\" data-end=\"1763\" data-immersive-translate-paragraph=\"1\" data-immersive-translate-walked=\"b7244380-5675-4818-9d2d-e84fe8505e23\">Aromat Strawberry Lychee  \u0142\u0105czy s\u0142odk\u0105 \u015bwie\u017co\u015b\u0107 dojrza\u0142ych truskawek z egzotycznym, owocowym smakiem Litchi. To po\u0142\u0105czenie zapewnia unikalne i orze\u017awiaj\u0105ce doznania smakowe, kt\u00f3re zamienia ka\u017cdy zaci\u0105g w przyjemno\u015b\u0107. Dzi\u0119ki wysokiej jako\u015bci mesh coil 0,8 Ohm liquid jest idealnie odparowywany \u2013 efekt to g\u0119ste, aromatyczne chmury i intensywny smak, kt\u00f3ry Ci\u0119 zachwyci.<\/p>\n<h4 data-start=\"1770\" data-end=\"1802\" data-immersive-translate-paragraph=\"1\" data-immersive-translate-walked=\"b7244380-5675-4818-9d2d-e84fe8505e23\">Zalety w skr\u00f3cie<\/h4>\n<ul data-start=\"1804\" data-end=\"2415\" data-immersive-translate-walked=\"b7244380-5675-4818-9d2d-e84fe8505e23\">\n<li data-start=\"1804\" data-end=\"1891\" data-immersive-translate-walked=\"b7244380-5675-4818-9d2d-e84fe8505e23\">\n<p data-start=\"1806\" data-end=\"1891\" data-immersive-translate-walked=\"b7244380-5675-4818-9d2d-e84fe8505e23\" data-immersive-translate-paragraph=\"1\">D\u0142ugotrwa\u0142e: do 12 000 zaci\u0105gni\u0119\u0107 na d\u0142ugie sesje vapowania bez uzupe\u0142niania liquidu<\/p>\n<\/li>\n<li data-start=\"1892\" data-end=\"2017\" data-immersive-translate-walked=\"b7244380-5675-4818-9d2d-e84fe8505e23\">\n<p data-start=\"1894\" data-end=\"2017\" data-immersive-translate-walked=\"b7244380-5675-4818-9d2d-e84fe8505e23\" data-immersive-translate-paragraph=\"1\">Praktyczne i lekkie: wa\u017cy tylko 85g, wygodnie le\u017cy w d\u0142oni i jest idealnym towarzyszem w podr\u00f3\u017cy<\/p>\n<\/li>\n<li data-start=\"2018\" data-end=\"2144\" data-immersive-translate-walked=\"b7244380-5675-4818-9d2d-e84fe8505e23\">\n<p data-start=\"2020\" data-end=\"2144\" data-immersive-translate-walked=\"b7244380-5675-4818-9d2d-e84fe8505e23\" data-immersive-translate-paragraph=\"1\">Prosta obs\u0142uga: brak skomplikowanych ustawie\u0144 \u2013 gotowe do vapowania od razu, idealne dla pocz\u0105tkuj\u0105cych i do\u015bwiadczonych vapist\u00f3w<\/p>\n<\/li>\n<li data-start=\"2145\" data-end=\"2283\" data-immersive-translate-walked=\"b7244380-5675-4818-9d2d-e84fe8505e23\">\n<p data-start=\"2147\" data-end=\"2283\" data-immersive-translate-walked=\"b7244380-5675-4818-9d2d-e84fe8505e23\" data-immersive-translate-paragraph=\"1\">Atmosfericzne pod\u015bwietlenie LED: zmieniaj\u0105ce kolor LED pokazuje aktualny stan pracy i sprawia, \u017ce Bang Box wygl\u0105da efektownie<\/p>\n<\/li>\n<li data-start=\"2284\" data-end=\"2415\" data-immersive-translate-walked=\"b7244380-5675-4818-9d2d-e84fe8505e23\">\n<p data-start=\"2286\" data-end=\"2415\" data-immersive-translate-walked=\"b7244380-5675-4818-9d2d-e84fe8505e23\" data-immersive-translate-paragraph=\"1\">Perfekcyjny wytwarzanie pary: Mesh Coil gwarantuje r\u00f3wnomierne odparowywanie, intensywny smak i obfite chmury<\/p>\n<\/li>\n<\/ul>\n<h4 data-start=\"2422\" data-end=\"2473\" data-immersive-translate-paragraph=\"1\" data-immersive-translate-walked=\"b7244380-5675-4818-9d2d-e84fe8505e23\">Prosty, smaczny i niezawodny vaping<\/h4>\n<p data-start=\"2475\" data-end=\"2901\" data-immersive-translate-paragraph=\"1\" data-immersive-translate-walked=\"b7244380-5675-4818-9d2d-e84fe8505e23\">Bang Box 12000 Puff to idealny jednorazowy e-papieros dla wszystkich, kt\u00f3rzy ceni\u0105 smak, wydajno\u015b\u0107 i prostot\u0119 obs\u0142ugi. Niezale\u017cnie od tego, czy dopiero zaczynasz przygod\u0119 z vapingiem, czy jeste\u015b do\u015bwiadczonym mi\u0142o\u015bnikiem vape \u2013 ten model zachwyca mocnym akumulatorem, du\u017c\u0105 pojemno\u015bci\u0105 liquidu i pysznym aromatem. Efekt: intensywne, d\u0142ugotrwa\u0142e i bardzo przyjemne doznania vapingowe.<\/p>\n<p data-start=\"2908\" data-end=\"3072\" data-immersive-translate-paragraph=\"1\" data-immersive-translate-walked=\"b7244380-5675-4818-9d2d-e84fe8505e23\">Rozpocznij swoj\u0105 kolejn\u0105 przygod\u0119 z vapingiem z Bang Box 12000 Puff \u2013 idealne po\u0142\u0105czenie wydajno\u015bci, smaku i komfortu dla tych, kt\u00f3rzy lubi\u0105 i cz\u0119sto vapinguj\u0105!<\/p>\n<p data-start=\"3079\" data-end=\"3297\" data-is-last-node=\"\" data-is-only-node=\"\" data-immersive-translate-paragraph=\"1\" data-immersive-translate-walked=\"b7244380-5675-4818-9d2d-e84fe8505e23\">Je\u015bli jeste\u015b zainteresowany wypr\u00f3bowaniem jednorazowego e-papierosa, kt\u00f3ry zachwyca jako\u015bci\u0105 i smakiem, Bang Box jest dla Ciebie. Prosty, niezawodny i zawsze gotowy do u\u017cycia. Mi\u0142ego vapingowania!<\/p>","protected":false},"excerpt":{"rendered":"<p>Bang Box 12000 Puff \u2013 Twoj nowy jednorazowy e-papieros do d\u0142ugotrwa\u0142ego, intensywnego vapowania. Model: Bang Box 12000 Puff (Disposable) Akumulator: 650mAh, wielokrotnie \u0142adowany przez nowoczesny Type-C...<\/p>","protected":false},"featured_media":6980,"template":"","meta":[],"etheme_brands":[],"product_brand":[101],"product_cat":[88],"product_tag":[],"class_list":{"0":"post-6978","1":"product","2":"type-product","3":"status-publish","4":"has-post-thumbnail","6":"product_brand-bang-king-vape","7":"product_cat-12k-vape","9":"first","10":"instock","11":"shipping-taxable","12":"purchasable","13":"product-type-simple"},"yoast_head":"<!-- This site is optimized with the Yoast SEO plugin v26.5 - https:\/\/yoast.com\/wordpress\/plugins\/seo\/ -->\n<title>G\u00fcnstige Bang Box 12000 Puff Mit Leckerem Strawberry Lychee Flavor | Vapingnet.de<\/title>\n<meta name=\"description\" content=\"Entdecke G\u00fcnstige Bang Box 12000 Puff Mit Leckerem Strawberry Lychee Flavor bei vapingnet.de, \u25ba Gro\u00dfe Auswahl an Geschmacksrichtungen &amp; super g\u00fcnstig!\" \/>\n<meta name=\"robots\" content=\"index, follow, max-snippet:-1, max-image-preview:large, max-video-preview:-1\" \/>\n<link rel=\"canonical\" href=\"https:\/\/vapingnet.de\/pl\/vape\/guenstige-bang-box-12000-puff-mit-leckerem-strawberry-lychee-flavor\/\" \/>\n<meta property=\"og:locale\" content=\"pl_PL\" \/>\n<meta property=\"og:type\" content=\"article\" \/>\n<meta property=\"og:title\" content=\"G\u00fcnstige Bang Box 12000 Puff Mit Leckerem Strawberry Lychee Flavor | Vapingnet.de\" \/>\n<meta property=\"og:description\" content=\"Entdecke G\u00fcnstige Bang Box 12000 Puff Mit Leckerem Strawberry Lychee Flavor bei vapingnet.de, \u25ba Gro\u00dfe Auswahl an Geschmacksrichtungen &amp; super g\u00fcnstig!\" \/>\n<meta property=\"og:url\" content=\"https:\/\/vapingnet.de\/pl\/vape\/guenstige-bang-box-12000-puff-mit-leckerem-strawberry-lychee-flavor\/\" \/>\n<meta property=\"og:site_name\" content=\"Vapingnet.de\" \/>\n<meta property=\"article:publisher\" content=\"https:\/\/www.facebook.com\/vapingnetde\/\" \/>\n<meta property=\"article:modified_time\" content=\"2025-06-19T03:39:18+00:00\" \/>\n<meta property=\"og:image\" content=\"https:\/\/vapingnet.de\/wp-content\/uploads\/2025\/05\/Strawberry-Lychee.webp\" \/>\n\t<meta property=\"og:image:width\" content=\"1000\" \/>\n\t<meta property=\"og:image:height\" content=\"1000\" \/>\n\t<meta property=\"og:image:type\" content=\"image\/webp\" \/>\n<meta name=\"twitter:card\" content=\"summary_large_image\" \/>\n<meta name=\"twitter:label1\" content=\"Est. reading time\" \/>\n\t<meta name=\"twitter:data1\" content=\"3 minutes\" \/>\n<script type=\"application\/ld+json\" class=\"yoast-schema-graph\">{\"@context\":\"https:\/\/schema.org\",\"@graph\":[{\"@type\":\"WebPage\",\"@id\":\"https:\/\/vapingnet.de\/vape\/guenstige-bang-box-12000-puff-mit-leckerem-strawberry-lychee-flavor\/\",\"url\":\"https:\/\/vapingnet.de\/vape\/guenstige-bang-box-12000-puff-mit-leckerem-strawberry-lychee-flavor\/\",\"name\":\"G\u00fcnstige Bang Box 12000 Puff Mit Leckerem Strawberry Lychee Flavor | Vapingnet.de\",\"isPartOf\":{\"@id\":\"https:\/\/vapingnet.de\/#website\"},\"primaryImageOfPage\":{\"@id\":\"https:\/\/vapingnet.de\/vape\/guenstige-bang-box-12000-puff-mit-leckerem-strawberry-lychee-flavor\/#primaryimage\"},\"image\":{\"@id\":\"https:\/\/vapingnet.de\/vape\/guenstige-bang-box-12000-puff-mit-leckerem-strawberry-lychee-flavor\/#primaryimage\"},\"thumbnailUrl\":\"https:\/\/vapingnet.de\/wp-content\/uploads\/2025\/05\/Strawberry-Lychee.webp\",\"datePublished\":\"2025-05-26T07:08:43+00:00\",\"dateModified\":\"2025-06-19T03:39:18+00:00\",\"description\":\"Entdecke G\u00fcnstige Bang Box 12000 Puff Mit Leckerem Strawberry Lychee Flavor bei vapingnet.de, \u25ba Gro\u00dfe Auswahl an Geschmacksrichtungen & super g\u00fcnstig!\",\"breadcrumb\":{\"@id\":\"https:\/\/vapingnet.de\/vape\/guenstige-bang-box-12000-puff-mit-leckerem-strawberry-lychee-flavor\/#breadcrumb\"},\"inLanguage\":\"pl-PL\",\"potentialAction\":[{\"@type\":\"ReadAction\",\"target\":[\"https:\/\/vapingnet.de\/vape\/guenstige-bang-box-12000-puff-mit-leckerem-strawberry-lychee-flavor\/\"]}]},{\"@type\":\"ImageObject\",\"inLanguage\":\"pl-PL\",\"@id\":\"https:\/\/vapingnet.de\/vape\/guenstige-bang-box-12000-puff-mit-leckerem-strawberry-lychee-flavor\/#primaryimage\",\"url\":\"https:\/\/vapingnet.de\/wp-content\/uploads\/2025\/05\/Strawberry-Lychee.webp\",\"contentUrl\":\"https:\/\/vapingnet.de\/wp-content\/uploads\/2025\/05\/Strawberry-Lychee.webp\",\"width\":1000,\"height\":1000},{\"@type\":\"BreadcrumbList\",\"@id\":\"https:\/\/vapingnet.de\/vape\/guenstige-bang-box-12000-puff-mit-leckerem-strawberry-lychee-flavor\/#breadcrumb\",\"itemListElement\":[{\"@type\":\"ListItem\",\"position\":1,\"name\":\"Home\",\"item\":\"https:\/\/vapingnet.de\/\"},{\"@type\":\"ListItem\",\"position\":2,\"name\":\"Shop\",\"item\":\"https:\/\/vapingnet.de\/vape\/\"},{\"@type\":\"ListItem\",\"position\":3,\"name\":\"G\u00fcnstige Bang Box 12000 Puff Mit Leckerem Strawberry Lychee Flavor\"}]},{\"@type\":\"WebSite\",\"@id\":\"https:\/\/vapingnet.de\/#website\",\"url\":\"https:\/\/vapingnet.de\/\",\"name\":\"Vapingnet.de\",\"description\":\"\",\"publisher\":{\"@id\":\"https:\/\/vapingnet.de\/#organization\"},\"potentialAction\":[{\"@type\":\"SearchAction\",\"target\":{\"@type\":\"EntryPoint\",\"urlTemplate\":\"https:\/\/vapingnet.de\/?s={search_term_string}\"},\"query-input\":{\"@type\":\"PropertyValueSpecification\",\"valueRequired\":true,\"valueName\":\"search_term_string\"}}],\"inLanguage\":\"pl-PL\"},{\"@type\":\"Organization\",\"@id\":\"https:\/\/vapingnet.de\/#organization\",\"name\":\"Vapingnet.de\",\"url\":\"https:\/\/vapingnet.de\/\",\"logo\":{\"@type\":\"ImageObject\",\"inLanguage\":\"pl-PL\",\"@id\":\"https:\/\/vapingnet.de\/#\/schema\/logo\/image\/\",\"url\":\"https:\/\/vapingnet.de\/wp-content\/uploads\/2025\/03\/cropped-vapingnet.de_.jpg\",\"contentUrl\":\"https:\/\/vapingnet.de\/wp-content\/uploads\/2025\/03\/cropped-vapingnet.de_.jpg\",\"width\":512,\"height\":512,\"caption\":\"Vapingnet.de\"},\"image\":{\"@id\":\"https:\/\/vapingnet.de\/#\/schema\/logo\/image\/\"},\"sameAs\":[\"https:\/\/www.facebook.com\/vapingnetde\/\"]}]}<\/script>\n<!-- \/ Yoast SEO plugin. -->","yoast_head_json":{"title":"G\u00fcnstige Bang Box 12000 Puff Mit Leckerem Strawberry Lychee Flavor | Vapingnet.de","description":"Entdecke G\u00fcnstige Bang Box 12000 Puff Mit Leckerem Strawberry Lychee Flavor bei vapingnet.de, \u25ba Gro\u00dfe Auswahl an Geschmacksrichtungen & super g\u00fcnstig!","robots":{"index":"index","follow":"follow","max-snippet":"max-snippet:-1","max-image-preview":"max-image-preview:large","max-video-preview":"max-video-preview:-1"},"canonical":"https:\/\/vapingnet.de\/pl\/vape\/guenstige-bang-box-12000-puff-mit-leckerem-strawberry-lychee-flavor\/","og_locale":"pl_PL","og_type":"article","og_title":"G\u00fcnstige Bang Box 12000 Puff Mit Leckerem Strawberry Lychee Flavor | Vapingnet.de","og_description":"Entdecke G\u00fcnstige Bang Box 12000 Puff Mit Leckerem Strawberry Lychee Flavor bei vapingnet.de, \u25ba Gro\u00dfe Auswahl an Geschmacksrichtungen & super g\u00fcnstig!","og_url":"https:\/\/vapingnet.de\/pl\/vape\/guenstige-bang-box-12000-puff-mit-leckerem-strawberry-lychee-flavor\/","og_site_name":"Vapingnet.de","article_publisher":"https:\/\/www.facebook.com\/vapingnetde\/","article_modified_time":"2025-06-19T03:39:18+00:00","og_image":[{"width":1000,"height":1000,"url":"https:\/\/vapingnet.de\/wp-content\/uploads\/2025\/05\/Strawberry-Lychee.webp","type":"image\/webp"}],"twitter_card":"summary_large_image","twitter_misc":{"Est. reading time":"3 minutes"},"schema":{"@context":"https:\/\/schema.org","@graph":[{"@type":"WebPage","@id":"https:\/\/vapingnet.de\/vape\/guenstige-bang-box-12000-puff-mit-leckerem-strawberry-lychee-flavor\/","url":"https:\/\/vapingnet.de\/vape\/guenstige-bang-box-12000-puff-mit-leckerem-strawberry-lychee-flavor\/","name":"G\u00fcnstige Bang Box 12000 Puff Mit Leckerem Strawberry Lychee Flavor | Vapingnet.de","isPartOf":{"@id":"https:\/\/vapingnet.de\/#website"},"primaryImageOfPage":{"@id":"https:\/\/vapingnet.de\/vape\/guenstige-bang-box-12000-puff-mit-leckerem-strawberry-lychee-flavor\/#primaryimage"},"image":{"@id":"https:\/\/vapingnet.de\/vape\/guenstige-bang-box-12000-puff-mit-leckerem-strawberry-lychee-flavor\/#primaryimage"},"thumbnailUrl":"https:\/\/vapingnet.de\/wp-content\/uploads\/2025\/05\/Strawberry-Lychee.webp","datePublished":"2025-05-26T07:08:43+00:00","dateModified":"2025-06-19T03:39:18+00:00","description":"Entdecke G\u00fcnstige Bang Box 12000 Puff Mit Leckerem Strawberry Lychee Flavor bei vapingnet.de, \u25ba Gro\u00dfe Auswahl an Geschmacksrichtungen & super g\u00fcnstig!","breadcrumb":{"@id":"https:\/\/vapingnet.de\/vape\/guenstige-bang-box-12000-puff-mit-leckerem-strawberry-lychee-flavor\/#breadcrumb"},"inLanguage":"pl-PL","potentialAction":[{"@type":"ReadAction","target":["https:\/\/vapingnet.de\/vape\/guenstige-bang-box-12000-puff-mit-leckerem-strawberry-lychee-flavor\/"]}]},{"@type":"ImageObject","inLanguage":"pl-PL","@id":"https:\/\/vapingnet.de\/vape\/guenstige-bang-box-12000-puff-mit-leckerem-strawberry-lychee-flavor\/#primaryimage","url":"https:\/\/vapingnet.de\/wp-content\/uploads\/2025\/05\/Strawberry-Lychee.webp","contentUrl":"https:\/\/vapingnet.de\/wp-content\/uploads\/2025\/05\/Strawberry-Lychee.webp","width":1000,"height":1000},{"@type":"BreadcrumbList","@id":"https:\/\/vapingnet.de\/vape\/guenstige-bang-box-12000-puff-mit-leckerem-strawberry-lychee-flavor\/#breadcrumb","itemListElement":[{"@type":"ListItem","position":1,"name":"Home","item":"https:\/\/vapingnet.de\/"},{"@type":"ListItem","position":2,"name":"Shop","item":"https:\/\/vapingnet.de\/vape\/"},{"@type":"ListItem","position":3,"name":"G\u00fcnstige Bang Box 12000 Puff Mit Leckerem Strawberry Lychee Flavor"}]},{"@type":"WebSite","@id":"https:\/\/vapingnet.de\/#website","url":"https:\/\/vapingnet.de\/","name":"Vapingnet.de","description":"","publisher":{"@id":"https:\/\/vapingnet.de\/#organization"},"potentialAction":[{"@type":"SearchAction","target":{"@type":"EntryPoint","urlTemplate":"https:\/\/vapingnet.de\/?s={search_term_string}"},"query-input":{"@type":"PropertyValueSpecification","valueRequired":true,"valueName":"search_term_string"}}],"inLanguage":"pl-PL"},{"@type":"Organization","@id":"https:\/\/vapingnet.de\/#organization","name":"Vapingnet.de","url":"https:\/\/vapingnet.de\/","logo":{"@type":"ImageObject","inLanguage":"pl-PL","@id":"https:\/\/vapingnet.de\/#\/schema\/logo\/image\/","url":"https:\/\/vapingnet.de\/wp-content\/uploads\/2025\/03\/cropped-vapingnet.de_.jpg","contentUrl":"https:\/\/vapingnet.de\/wp-content\/uploads\/2025\/03\/cropped-vapingnet.de_.jpg","width":512,"height":512,"caption":"Vapingnet.de"},"image":{"@id":"https:\/\/vapingnet.de\/#\/schema\/logo\/image\/"},"sameAs":["https:\/\/www.facebook.com\/vapingnetde\/"]}]}},"tiered_pricing_type":"fixed","tiered_pricing_fixed_rules":{"10":"7.31","60":"6.58","110":"5.85","200":"5.12"},"tiered_pricing_product_settings":{"layout":"default","base_unit_name":{"singular":null,"plural":null},"default_variation":null},"tiered_pricing_minimum_quantity":null,"tiered_pricing_roles_data":[],"tiered_pricing_percentage_rules":[],"_links":{"self":[{"href":"https:\/\/vapingnet.de\/pl\/wp-json\/wp\/v2\/product\/6978","targetHints":{"allow":["GET"]}}],"collection":[{"href":"https:\/\/vapingnet.de\/pl\/wp-json\/wp\/v2\/product"}],"about":[{"href":"https:\/\/vapingnet.de\/pl\/wp-json\/wp\/v2\/types\/product"}],"version-history":[{"count":3,"href":"https:\/\/vapingnet.de\/pl\/wp-json\/wp\/v2\/product\/6978\/revisions"}],"predecessor-version":[{"id":6990,"href":"https:\/\/vapingnet.de\/pl\/wp-json\/wp\/v2\/product\/6978\/revisions\/6990"}],"wp:featuredmedia":[{"embeddable":true,"href":"https:\/\/vapingnet.de\/pl\/wp-json\/wp\/v2\/media\/6980"}],"wp:attachment":[{"href":"https:\/\/vapingnet.de\/pl\/wp-json\/wp\/v2\/media?parent=6978"}],"wp:term":[{"taxonomy":"brand","embeddable":true,"href":"https:\/\/vapingnet.de\/pl\/wp-json\/wp\/v2\/etheme_brands?post=6978"},{"taxonomy":"product_brand","embeddable":true,"href":"https:\/\/vapingnet.de\/pl\/wp-json\/wp\/v2\/product_brand?post=6978"},{"taxonomy":"product_cat","embeddable":true,"href":"https:\/\/vapingnet.de\/pl\/wp-json\/wp\/v2\/product_cat?post=6978"},{"taxonomy":"product_tag","embeddable":true,"href":"https:\/\/vapingnet.de\/pl\/wp-json\/wp\/v2\/product_tag?post=6978"}],"curies":[{"name":"wp","href":"https:\/\/api.w.org\/{rel}","templated":true}]}}