{"id":6982,"date":"2025-05-26T07:13:49","date_gmt":"2025-05-26T07:13:49","guid":{"rendered":"https:\/\/vapingnet.de\/?post_type=product&#038;p=6982"},"modified":"2025-06-19T03:39:18","modified_gmt":"2025-06-19T03:39:18","slug":"bang-box-12000-puff-black-dragon-ice-premiumqualitaet-guenstig","status":"publish","type":"product","link":"https:\/\/vapingnet.de\/pl\/vape\/bang-box-12000-puff-black-dragon-ice-premiumqualitaet-guenstig\/","title":{"rendered":"Bang Box 12000 Puff Black Dragon Ice Premium jako\u015b\u0107 Tanio"},"content":{"rendered":"<h2 data-start=\"105\" data-end=\"190\" data-immersive-translate-walked=\"6436c74a-7ea8-4fec-b6f6-b32f313c9cc5\" data-immersive-translate-paragraph=\"1\">Bang Box 12000 Puff \u2013 Twoja mocna jednorazowa e-papieros do d\u0142ugotrwa\u0142ego parowania!<\/h2>\n<p data-start=\"192\" data-end=\"618\" data-immersive-translate-walked=\"6436c74a-7ea8-4fec-b6f6-b32f313c9cc5\" data-immersive-translate-paragraph=\"1\">Odkryj Bang Box 12000 Puff, jednorazowego e-papierosa, kt\u00f3ry oferuje znacznie wi\u0119cej, ni\u017c si\u0119 spodziewasz: dzi\u0119ki wydajnemu akumulatorowi 650mAh i du\u017cemu zbiornikowi na liquid 20ml, gwarantuje do 12 000 zaci\u0105gni\u0119\u0107 pe\u0142nych intensywnego smaku i obfitego dymu. Niezale\u017cnie od tego, czy jeste\u015b w podr\u00f3\u017cy, czy po prostu chcesz si\u0119 zrelaksowa\u0107 w domu \u2013 ten vape jest Twoim niezawodnym towarzyszem na d\u0142ugie sesje.<\/p>\n<p data-start=\"620\" data-end=\"1008\" data-immersive-translate-walked=\"6436c74a-7ea8-4fec-b6f6-b32f313c9cc5\" data-immersive-translate-paragraph=\"1\">Dzi\u0119ki praktycznemu, wielokrotnie \u0142adowanemu portowi Type-C nie musisz si\u0119 martwi\u0107, \u017ce akumulator nagle si\u0119 wyczerpie. Po prostu pod\u0142\u0105cz szybko, na\u0142aduj i ciesz si\u0119 dalej \u2013 to du\u017ca przewaga nad tradycyjnymi jednoraz\u00f3wkami. Nowoczesna cewka Mesh 0,8 Ohm zapewnia idealn\u0105 r\u00f3wnowag\u0119 mi\u0119dzy mocnym dymem a pe\u0142nym aromatem, dzi\u0119ki czemu ka\u017cdy zaci\u0105gni\u0119cie si\u0119 to prawdziwe prze\u017cycie.<\/p>\n<p data-start=\"620\" data-end=\"1008\" data-immersive-translate-walked=\"6436c74a-7ea8-4fec-b6f6-b32f313c9cc5\" data-immersive-translate-paragraph=\"1\"><img fetchpriority=\"high\" decoding=\"async\" class=\"size-full wp-image-6979 aligncenter\" src=\"https:\/\/vapingnet.de\/wp-content\/uploads\/2025\/05\/c5b9c34484b8328c6d977ecacc774f1.png\" alt=\"\" width=\"2879\" height=\"1621\" srcset=\"https:\/\/vapingnet.de\/wp-content\/uploads\/2025\/05\/c5b9c34484b8328c6d977ecacc774f1.png 2879w, https:\/\/vapingnet.de\/wp-content\/uploads\/2025\/05\/c5b9c34484b8328c6d977ecacc774f1-300x169.png 300w, https:\/\/vapingnet.de\/wp-content\/uploads\/2025\/05\/c5b9c34484b8328c6d977ecacc774f1-1024x577.png 1024w, https:\/\/vapingnet.de\/wp-content\/uploads\/2025\/05\/c5b9c34484b8328c6d977ecacc774f1-768x432.png 768w, https:\/\/vapingnet.de\/wp-content\/uploads\/2025\/05\/c5b9c34484b8328c6d977ecacc774f1-1536x865.png 1536w, https:\/\/vapingnet.de\/wp-content\/uploads\/2025\/05\/c5b9c34484b8328c6d977ecacc774f1-2048x1153.png 2048w, https:\/\/vapingnet.de\/wp-content\/uploads\/2025\/05\/c5b9c34484b8328c6d977ecacc774f1-600x338.png 600w, https:\/\/vapingnet.de\/wp-content\/uploads\/2025\/05\/c5b9c34484b8328c6d977ecacc774f1-1x1.png 1w, https:\/\/vapingnet.de\/wp-content\/uploads\/2025\/05\/c5b9c34484b8328c6d977ecacc774f1-10x6.png 10w\" sizes=\"(max-width: 2879px) 100vw, 2879px\" \/><\/p>\n<h4 data-start=\"1015\" data-end=\"1063\" data-immersive-translate-walked=\"6436c74a-7ea8-4fec-b6f6-b32f313c9cc5\" data-immersive-translate-paragraph=\"1\">Smak, kt\u00f3ry przekonuje: Black Dragon Ice<\/h4>\n<p data-start=\"1065\" data-end=\"1463\" data-immersive-translate-walked=\"6436c74a-7ea8-4fec-b6f6-b32f313c9cc5\" data-immersive-translate-paragraph=\"1\">Ekskluzywny aromat \u201eBlack Dragon Ice\u201d to ekscytuj\u0105ce po\u0142\u0105czenie lodowej \u015bwie\u017co\u015bci i tajemniczych, korzennych nut. Dostarcza Ci orze\u017awiaj\u0105cej odmiany podczas vapowania i zapewnia wyj\u0105tkowo intensywne doznania smakowe. Ta unikalna mieszanka czyni Bang Box idealnym wyborem dla tych, kt\u00f3rzy szukaj\u0105 czego\u015b wi\u0119cej ni\u017c tylko czystego dymu \u2013 tutaj najwa\u017cniejszy jest aromat.<\/p>\n<h4 data-start=\"1470\" data-end=\"1498\" data-immersive-translate-walked=\"6436c74a-7ea8-4fec-b6f6-b32f313c9cc5\" data-immersive-translate-paragraph=\"1\">Praktyczny i stylowy<\/h4>\n<p data-start=\"1500\" data-end=\"1838\" data-immersive-translate-walked=\"6436c74a-7ea8-4fec-b6f6-b32f313c9cc5\" data-immersive-translate-paragraph=\"1\">Z wag\u0105 zaledwie 85g Bang Box jest wyj\u0105tkowo lekki i por\u0119czny, idealny do u\u017cytku mobilnego. Le\u017cy wygodnie w d\u0142oni i jest od razu gotowy do u\u017cycia. Dodatkowo, kolorowa dioda LED zapewnia modny wygl\u0105d i zawsze niezawodnie pokazuje poziom na\u0142adowania \u2013 dzi\u0119ki czemu wiesz dok\u0142adnie, kiedy trzeba na\u0142adowa\u0107 urz\u0105dzenie.<\/p>\n<h3>Dlaczego Bang Box?<\/h3>\n<ul data-start=\"1868\" data-end=\"2325\" data-immersive-translate-walked=\"6436c74a-7ea8-4fec-b6f6-b32f313c9cc5\">\n<li data-start=\"1868\" data-end=\"1946\" data-immersive-translate-walked=\"6436c74a-7ea8-4fec-b6f6-b32f313c9cc5\">\n<p data-start=\"1870\" data-end=\"1946\" data-immersive-translate-walked=\"6436c74a-7ea8-4fec-b6f6-b32f313c9cc5\" data-immersive-translate-paragraph=\"1\">Do 12 000 zaci\u0105gni\u0119\u0107 \u2013 dla wytrwa\u0142ej przyjemno\u015bci bez ci\u0105g\u0142ego uzupe\u0142niania liquidu<\/p>\n<\/li>\n<li data-start=\"1947\" data-end=\"2063\" data-immersive-translate-walked=\"6436c74a-7ea8-4fec-b6f6-b32f313c9cc5\">\n<p data-start=\"1949\" data-end=\"2063\" data-immersive-translate-walked=\"6436c74a-7ea8-4fec-b6f6-b32f313c9cc5\" data-immersive-translate-paragraph=\"1\">Wielokrotnie \u0142adowalny akumulator z portem Type-C \u2013 bardziej ekologiczny i zr\u00f3wnowa\u017cony ni\u017c tradycyjne jednorazowe e-papierosy<\/p>\n<\/li>\n<li data-start=\"2064\" data-end=\"2149\" data-immersive-translate-walked=\"6436c74a-7ea8-4fec-b6f6-b32f313c9cc5\">\n<p data-start=\"2066\" data-end=\"2149\" data-immersive-translate-walked=\"6436c74a-7ea8-4fec-b6f6-b32f313c9cc5\" data-immersive-translate-paragraph=\"1\">Du\u017cy zbiornik na liquid 20ml \u2013 zapewnia d\u0142ugie sesje parowania bez przerw<\/p>\n<\/li>\n<li data-start=\"2150\" data-end=\"2214\" data-immersive-translate-walked=\"6436c74a-7ea8-4fec-b6f6-b32f313c9cc5\">\n<p data-start=\"2152\" data-end=\"2214\" data-immersive-translate-walked=\"6436c74a-7ea8-4fec-b6f6-b32f313c9cc5\" data-immersive-translate-paragraph=\"1\">Wska\u017anik LED \u2013 praktyczny i stylowy wska\u017anik poziomu na\u0142adowania akumulatora<\/p>\n<\/li>\n<li data-start=\"2215\" data-end=\"2325\" data-immersive-translate-walked=\"6436c74a-7ea8-4fec-b6f6-b32f313c9cc5\">\n<p data-start=\"2217\" data-end=\"2325\" data-immersive-translate-walked=\"6436c74a-7ea8-4fec-b6f6-b32f313c9cc5\" data-immersive-translate-paragraph=\"1\">Intensywny aromat Black Dragon Ice \u2013 idealnie wywa\u017cony mi\u0119dzy orze\u017awiaj\u0105c\u0105 ch\u0142odem a korzenn\u0105 g\u0142\u0119bi\u0105<\/p>\n<\/li>\n<\/ul>\n<p data-start=\"2332\" data-end=\"2569\" data-immersive-translate-walked=\"6436c74a-7ea8-4fec-b6f6-b32f313c9cc5\" data-immersive-translate-paragraph=\"1\">Bang Box 12000 Puff to dok\u0142adnie ten vape, kt\u00f3rego szukasz, je\u015bli zale\u017cy Ci na mocnej wydajno\u015bci, du\u017cym smaku i prostocie obs\u0142ugi. Z tym urz\u0105dzeniem mo\u017cesz czu\u0107 si\u0119 swobodnie podczas vapowania wsz\u0119dzie i o ka\u017cdej porze \u2013 bez kompromis\u00f3w.<\/p>\n<p data-start=\"2571\" data-end=\"2694\" data-immersive-translate-walked=\"6436c74a-7ea8-4fec-b6f6-b32f313c9cc5\" data-immersive-translate-paragraph=\"1\">Wypr\u00f3buj Bang Box i przekonaj si\u0119, jak przyjemne i intensywne mo\u017ce by\u0107 vapowanie z wysokiej jako\u015bci jednorazowym e-papierosem!<\/p>","protected":false},"excerpt":{"rendered":"<p>Bang Box 12000 Puff \u2013 Twoja mocna jednorazowa E-papieros do d\u0142ugotrwa\u0142ego vapowania! Odkryj Bang Box 12000 Puff, jednorazowego e-papierosa, kt\u00f3ry oferuje znacznie wi\u0119cej...<\/p>","protected":false},"featured_media":6985,"template":"","meta":[],"etheme_brands":[],"product_brand":[101],"product_cat":[88,49,61],"product_tag":[],"class_list":{"0":"post-6982","1":"product","2":"type-product","3":"status-publish","4":"has-post-thumbnail","6":"product_brand-bang-king-vape","7":"product_cat-12k-vape","8":"product_cat-einweg-e-zigarette","9":"product_cat-f","11":"first","12":"instock","13":"shipping-taxable","14":"purchasable","15":"product-type-simple"},"yoast_head":"<!-- This site is optimized with the Yoast SEO plugin v26.5 - https:\/\/yoast.com\/wordpress\/plugins\/seo\/ -->\n<title>Bang Box 12000 Puff Black Dragon Ice Premiumqualit\u00e4t G\u00fcnstig | Vapingnet.de<\/title>\n<meta name=\"description\" content=\"Entdecke Bang Box 12000 Puff Black Dragon Ice Premiumqualit\u00e4t G\u00fcnstig bei vapingnet.de, \u25ba Gro\u00dfe Auswahl an Geschmacksrichtungen &amp; super g\u00fcnstig!\" \/>\n<meta name=\"robots\" content=\"index, follow, max-snippet:-1, max-image-preview:large, max-video-preview:-1\" \/>\n<link rel=\"canonical\" href=\"https:\/\/vapingnet.de\/pl\/vape\/bang-box-12000-puff-black-dragon-ice-premiumqualitaet-guenstig\/\" \/>\n<meta property=\"og:locale\" content=\"pl_PL\" \/>\n<meta property=\"og:type\" content=\"article\" \/>\n<meta property=\"og:title\" content=\"Bang Box 12000 Puff Black Dragon Ice Premiumqualit\u00e4t G\u00fcnstig | Vapingnet.de\" \/>\n<meta property=\"og:description\" content=\"Entdecke Bang Box 12000 Puff Black Dragon Ice Premiumqualit\u00e4t G\u00fcnstig bei vapingnet.de, \u25ba Gro\u00dfe Auswahl an Geschmacksrichtungen &amp; super g\u00fcnstig!\" \/>\n<meta property=\"og:url\" content=\"https:\/\/vapingnet.de\/pl\/vape\/bang-box-12000-puff-black-dragon-ice-premiumqualitaet-guenstig\/\" \/>\n<meta property=\"og:site_name\" content=\"Vapingnet.de\" \/>\n<meta property=\"article:publisher\" content=\"https:\/\/www.facebook.com\/vapingnetde\/\" \/>\n<meta property=\"article:modified_time\" content=\"2025-06-19T03:39:18+00:00\" \/>\n<meta property=\"og:image\" content=\"https:\/\/vapingnet.de\/wp-content\/uploads\/2025\/05\/Black-Dragon-Ice.webp\" \/>\n\t<meta property=\"og:image:width\" content=\"1000\" \/>\n\t<meta property=\"og:image:height\" content=\"1000\" \/>\n\t<meta property=\"og:image:type\" content=\"image\/webp\" \/>\n<meta name=\"twitter:card\" content=\"summary_large_image\" \/>\n<meta name=\"twitter:label1\" content=\"Est. reading time\" \/>\n\t<meta name=\"twitter:data1\" content=\"3 minutes\" \/>\n<script type=\"application\/ld+json\" class=\"yoast-schema-graph\">{\"@context\":\"https:\/\/schema.org\",\"@graph\":[{\"@type\":\"WebPage\",\"@id\":\"https:\/\/vapingnet.de\/vape\/bang-box-12000-puff-black-dragon-ice-premiumqualitaet-guenstig\/\",\"url\":\"https:\/\/vapingnet.de\/vape\/bang-box-12000-puff-black-dragon-ice-premiumqualitaet-guenstig\/\",\"name\":\"Bang Box 12000 Puff Black Dragon Ice Premiumqualit\u00e4t G\u00fcnstig | Vapingnet.de\",\"isPartOf\":{\"@id\":\"https:\/\/vapingnet.de\/#website\"},\"primaryImageOfPage\":{\"@id\":\"https:\/\/vapingnet.de\/vape\/bang-box-12000-puff-black-dragon-ice-premiumqualitaet-guenstig\/#primaryimage\"},\"image\":{\"@id\":\"https:\/\/vapingnet.de\/vape\/bang-box-12000-puff-black-dragon-ice-premiumqualitaet-guenstig\/#primaryimage\"},\"thumbnailUrl\":\"https:\/\/vapingnet.de\/wp-content\/uploads\/2025\/05\/Black-Dragon-Ice.webp\",\"datePublished\":\"2025-05-26T07:13:49+00:00\",\"dateModified\":\"2025-06-19T03:39:18+00:00\",\"description\":\"Entdecke Bang Box 12000 Puff Black Dragon Ice Premiumqualit\u00e4t G\u00fcnstig bei vapingnet.de, \u25ba Gro\u00dfe Auswahl an Geschmacksrichtungen & super g\u00fcnstig!\",\"breadcrumb\":{\"@id\":\"https:\/\/vapingnet.de\/vape\/bang-box-12000-puff-black-dragon-ice-premiumqualitaet-guenstig\/#breadcrumb\"},\"inLanguage\":\"pl-PL\",\"potentialAction\":[{\"@type\":\"ReadAction\",\"target\":[\"https:\/\/vapingnet.de\/vape\/bang-box-12000-puff-black-dragon-ice-premiumqualitaet-guenstig\/\"]}]},{\"@type\":\"ImageObject\",\"inLanguage\":\"pl-PL\",\"@id\":\"https:\/\/vapingnet.de\/vape\/bang-box-12000-puff-black-dragon-ice-premiumqualitaet-guenstig\/#primaryimage\",\"url\":\"https:\/\/vapingnet.de\/wp-content\/uploads\/2025\/05\/Black-Dragon-Ice.webp\",\"contentUrl\":\"https:\/\/vapingnet.de\/wp-content\/uploads\/2025\/05\/Black-Dragon-Ice.webp\",\"width\":1000,\"height\":1000},{\"@type\":\"BreadcrumbList\",\"@id\":\"https:\/\/vapingnet.de\/vape\/bang-box-12000-puff-black-dragon-ice-premiumqualitaet-guenstig\/#breadcrumb\",\"itemListElement\":[{\"@type\":\"ListItem\",\"position\":1,\"name\":\"Home\",\"item\":\"https:\/\/vapingnet.de\/\"},{\"@type\":\"ListItem\",\"position\":2,\"name\":\"Shop\",\"item\":\"https:\/\/vapingnet.de\/vape\/\"},{\"@type\":\"ListItem\",\"position\":3,\"name\":\"Bang Box 12000 Puff Black Dragon Ice Premiumqualit\u00e4t G\u00fcnstig\"}]},{\"@type\":\"WebSite\",\"@id\":\"https:\/\/vapingnet.de\/#website\",\"url\":\"https:\/\/vapingnet.de\/\",\"name\":\"Vapingnet.de\",\"description\":\"\",\"publisher\":{\"@id\":\"https:\/\/vapingnet.de\/#organization\"},\"potentialAction\":[{\"@type\":\"SearchAction\",\"target\":{\"@type\":\"EntryPoint\",\"urlTemplate\":\"https:\/\/vapingnet.de\/?s={search_term_string}\"},\"query-input\":{\"@type\":\"PropertyValueSpecification\",\"valueRequired\":true,\"valueName\":\"search_term_string\"}}],\"inLanguage\":\"pl-PL\"},{\"@type\":\"Organization\",\"@id\":\"https:\/\/vapingnet.de\/#organization\",\"name\":\"Vapingnet.de\",\"url\":\"https:\/\/vapingnet.de\/\",\"logo\":{\"@type\":\"ImageObject\",\"inLanguage\":\"pl-PL\",\"@id\":\"https:\/\/vapingnet.de\/#\/schema\/logo\/image\/\",\"url\":\"https:\/\/vapingnet.de\/wp-content\/uploads\/2025\/03\/cropped-vapingnet.de_.jpg\",\"contentUrl\":\"https:\/\/vapingnet.de\/wp-content\/uploads\/2025\/03\/cropped-vapingnet.de_.jpg\",\"width\":512,\"height\":512,\"caption\":\"Vapingnet.de\"},\"image\":{\"@id\":\"https:\/\/vapingnet.de\/#\/schema\/logo\/image\/\"},\"sameAs\":[\"https:\/\/www.facebook.com\/vapingnetde\/\"]}]}<\/script>\n<!-- \/ Yoast SEO plugin. -->","yoast_head_json":{"title":"Bang Box 12000 Puff Black Dragon Ice Premiumqualit\u00e4t G\u00fcnstig | Vapingnet.de","description":"Entdecke Bang Box 12000 Puff Black Dragon Ice Premiumqualit\u00e4t G\u00fcnstig bei vapingnet.de, \u25ba Gro\u00dfe Auswahl an Geschmacksrichtungen & super g\u00fcnstig!","robots":{"index":"index","follow":"follow","max-snippet":"max-snippet:-1","max-image-preview":"max-image-preview:large","max-video-preview":"max-video-preview:-1"},"canonical":"https:\/\/vapingnet.de\/pl\/vape\/bang-box-12000-puff-black-dragon-ice-premiumqualitaet-guenstig\/","og_locale":"pl_PL","og_type":"article","og_title":"Bang Box 12000 Puff Black Dragon Ice Premiumqualit\u00e4t G\u00fcnstig | Vapingnet.de","og_description":"Entdecke Bang Box 12000 Puff Black Dragon Ice Premiumqualit\u00e4t G\u00fcnstig bei vapingnet.de, \u25ba Gro\u00dfe Auswahl an Geschmacksrichtungen & super g\u00fcnstig!","og_url":"https:\/\/vapingnet.de\/pl\/vape\/bang-box-12000-puff-black-dragon-ice-premiumqualitaet-guenstig\/","og_site_name":"Vapingnet.de","article_publisher":"https:\/\/www.facebook.com\/vapingnetde\/","article_modified_time":"2025-06-19T03:39:18+00:00","og_image":[{"width":1000,"height":1000,"url":"https:\/\/vapingnet.de\/wp-content\/uploads\/2025\/05\/Black-Dragon-Ice.webp","type":"image\/webp"}],"twitter_card":"summary_large_image","twitter_misc":{"Est. reading time":"3 minutes"},"schema":{"@context":"https:\/\/schema.org","@graph":[{"@type":"WebPage","@id":"https:\/\/vapingnet.de\/vape\/bang-box-12000-puff-black-dragon-ice-premiumqualitaet-guenstig\/","url":"https:\/\/vapingnet.de\/vape\/bang-box-12000-puff-black-dragon-ice-premiumqualitaet-guenstig\/","name":"Bang Box 12000 Puff Black Dragon Ice Premiumqualit\u00e4t G\u00fcnstig | Vapingnet.de","isPartOf":{"@id":"https:\/\/vapingnet.de\/#website"},"primaryImageOfPage":{"@id":"https:\/\/vapingnet.de\/vape\/bang-box-12000-puff-black-dragon-ice-premiumqualitaet-guenstig\/#primaryimage"},"image":{"@id":"https:\/\/vapingnet.de\/vape\/bang-box-12000-puff-black-dragon-ice-premiumqualitaet-guenstig\/#primaryimage"},"thumbnailUrl":"https:\/\/vapingnet.de\/wp-content\/uploads\/2025\/05\/Black-Dragon-Ice.webp","datePublished":"2025-05-26T07:13:49+00:00","dateModified":"2025-06-19T03:39:18+00:00","description":"Entdecke Bang Box 12000 Puff Black Dragon Ice Premiumqualit\u00e4t G\u00fcnstig bei vapingnet.de, \u25ba Gro\u00dfe Auswahl an Geschmacksrichtungen & super g\u00fcnstig!","breadcrumb":{"@id":"https:\/\/vapingnet.de\/vape\/bang-box-12000-puff-black-dragon-ice-premiumqualitaet-guenstig\/#breadcrumb"},"inLanguage":"pl-PL","potentialAction":[{"@type":"ReadAction","target":["https:\/\/vapingnet.de\/vape\/bang-box-12000-puff-black-dragon-ice-premiumqualitaet-guenstig\/"]}]},{"@type":"ImageObject","inLanguage":"pl-PL","@id":"https:\/\/vapingnet.de\/vape\/bang-box-12000-puff-black-dragon-ice-premiumqualitaet-guenstig\/#primaryimage","url":"https:\/\/vapingnet.de\/wp-content\/uploads\/2025\/05\/Black-Dragon-Ice.webp","contentUrl":"https:\/\/vapingnet.de\/wp-content\/uploads\/2025\/05\/Black-Dragon-Ice.webp","width":1000,"height":1000},{"@type":"BreadcrumbList","@id":"https:\/\/vapingnet.de\/vape\/bang-box-12000-puff-black-dragon-ice-premiumqualitaet-guenstig\/#breadcrumb","itemListElement":[{"@type":"ListItem","position":1,"name":"Home","item":"https:\/\/vapingnet.de\/"},{"@type":"ListItem","position":2,"name":"Shop","item":"https:\/\/vapingnet.de\/vape\/"},{"@type":"ListItem","position":3,"name":"Bang Box 12000 Puff Black Dragon Ice Premiumqualit\u00e4t G\u00fcnstig"}]},{"@type":"WebSite","@id":"https:\/\/vapingnet.de\/#website","url":"https:\/\/vapingnet.de\/","name":"Vapingnet.de","description":"","publisher":{"@id":"https:\/\/vapingnet.de\/#organization"},"potentialAction":[{"@type":"SearchAction","target":{"@type":"EntryPoint","urlTemplate":"https:\/\/vapingnet.de\/?s={search_term_string}"},"query-input":{"@type":"PropertyValueSpecification","valueRequired":true,"valueName":"search_term_string"}}],"inLanguage":"pl-PL"},{"@type":"Organization","@id":"https:\/\/vapingnet.de\/#organization","name":"Vapingnet.de","url":"https:\/\/vapingnet.de\/","logo":{"@type":"ImageObject","inLanguage":"pl-PL","@id":"https:\/\/vapingnet.de\/#\/schema\/logo\/image\/","url":"https:\/\/vapingnet.de\/wp-content\/uploads\/2025\/03\/cropped-vapingnet.de_.jpg","contentUrl":"https:\/\/vapingnet.de\/wp-content\/uploads\/2025\/03\/cropped-vapingnet.de_.jpg","width":512,"height":512,"caption":"Vapingnet.de"},"image":{"@id":"https:\/\/vapingnet.de\/#\/schema\/logo\/image\/"},"sameAs":["https:\/\/www.facebook.com\/vapingnetde\/"]}]}},"tiered_pricing_type":"fixed","tiered_pricing_fixed_rules":{"10":"7.31","60":"6.58","110":"5.85","200":"5.12"},"tiered_pricing_product_settings":{"layout":"default","base_unit_name":{"singular":null,"plural":null},"default_variation":null},"tiered_pricing_minimum_quantity":null,"tiered_pricing_roles_data":[],"tiered_pricing_percentage_rules":[],"_links":{"self":[{"href":"https:\/\/vapingnet.de\/pl\/wp-json\/wp\/v2\/product\/6982","targetHints":{"allow":["GET"]}}],"collection":[{"href":"https:\/\/vapingnet.de\/pl\/wp-json\/wp\/v2\/product"}],"about":[{"href":"https:\/\/vapingnet.de\/pl\/wp-json\/wp\/v2\/types\/product"}],"version-history":[{"count":1,"href":"https:\/\/vapingnet.de\/pl\/wp-json\/wp\/v2\/product\/6982\/revisions"}],"predecessor-version":[{"id":6991,"href":"https:\/\/vapingnet.de\/pl\/wp-json\/wp\/v2\/product\/6982\/revisions\/6991"}],"wp:featuredmedia":[{"embeddable":true,"href":"https:\/\/vapingnet.de\/pl\/wp-json\/wp\/v2\/media\/6985"}],"wp:attachment":[{"href":"https:\/\/vapingnet.de\/pl\/wp-json\/wp\/v2\/media?parent=6982"}],"wp:term":[{"taxonomy":"brand","embeddable":true,"href":"https:\/\/vapingnet.de\/pl\/wp-json\/wp\/v2\/etheme_brands?post=6982"},{"taxonomy":"product_brand","embeddable":true,"href":"https:\/\/vapingnet.de\/pl\/wp-json\/wp\/v2\/product_brand?post=6982"},{"taxonomy":"product_cat","embeddable":true,"href":"https:\/\/vapingnet.de\/pl\/wp-json\/wp\/v2\/product_cat?post=6982"},{"taxonomy":"product_tag","embeddable":true,"href":"https:\/\/vapingnet.de\/pl\/wp-json\/wp\/v2\/product_tag?post=6982"}],"curies":[{"name":"wp","href":"https:\/\/api.w.org\/{rel}","templated":true}]}}