{"id":7014,"date":"2025-06-05T06:58:52","date_gmt":"2025-06-05T06:58:52","guid":{"rendered":"https:\/\/vapingnet.de\/?post_type=product&#038;p=7014"},"modified":"2026-01-25T08:58:00","modified_gmt":"2026-01-25T08:58:00","slug":"bang-blaze-40000-puffs-fruchtduo-zum-verlieben","status":"publish","type":"product","link":"https:\/\/vapingnet.de\/pl\/vape\/bang-blaze-40000-puffs-fruchtduo-zum-verlieben\/","title":{"rendered":"Bang Blaze 40000 Puffs Owocowy duet do zakochania si\u0119"},"content":{"rendered":"<h2 data-start=\"0\" data-end=\"97\" data-immersive-translate-walked=\"796dd1be-7bb0-40ea-817f-cc2e1e9f4b12\">Pot\u0119\u017cny jednorazowy e-papieros z podw\u00f3jnym doznaniem smakowym<\/h2>\n<p data-start=\"99\" data-end=\"410\" data-immersive-translate-walked=\"796dd1be-7bb0-40ea-817f-cc2e1e9f4b12\" data-immersive-translate-paragraph=\"1\">Bang Blaze 40000 Puffs to innowacyjny jednorazowy e-papieros, kt\u00f3ry zachwyca swoj\u0105 ogromn\u0105 liczb\u0105 puf\u00f3w i unikalnym systemem podw\u00f3jnego smaku. Z do 40 000 puf\u00f3w na urz\u0105dzenie, zapewnia d\u0142ugotrwa\u0142e i intensywne do\u015bwiadczenie vapingowe \u2013 idealne dla tych, kt\u00f3rzy ceni\u0105 jako\u015b\u0107 i komfort.<\/p>\n<h3>Najwa\u017cniejsze cechy i zalety Bang Blaze 40000 Puffs<\/h3>\n<ul data-start=\"468\" data-end=\"1216\" data-immersive-translate-walked=\"796dd1be-7bb0-40ea-817f-cc2e1e9f4b12\">\n<li data-start=\"468\" data-end=\"597\" data-immersive-translate-walked=\"796dd1be-7bb0-40ea-817f-cc2e1e9f4b12\">\n<p data-start=\"470\" data-end=\"597\" data-immersive-translate-walked=\"796dd1be-7bb0-40ea-817f-cc2e1e9f4b12\" data-immersive-translate-paragraph=\"1\">Ogromna pojemno\u015b\u0107: do <a href=\"https:\/\/vapingnet.de\/pl\/k\/vape-40000-zuege\/\" target=\"_blank\" rel=\"noopener\"><strong>40 000 puffs<\/strong> <\/a>\u2013 nie wymaga ci\u0105g\u0142ego uzupe\u0142niania lub wymiany. Idealne na d\u0142ugi czas korzystania.<\/p>\n<\/li>\n<li data-start=\"598\" data-end=\"754\" data-immersive-translate-walked=\"796dd1be-7bb0-40ea-817f-cc2e1e9f4b12\">\n<p data-start=\"600\" data-end=\"754\" data-immersive-translate-walked=\"796dd1be-7bb0-40ea-817f-cc2e1e9f4b12\" data-immersive-translate-paragraph=\"1\">Du\u017ca ilo\u015b\u0107 liquidu: 40ML nape\u0142nione podw\u00f3jne liquid z innowacyjnym systemem mieszania smak\u00f3w. Dzi\u0119ki temu do\u015bwiadczysz dw\u00f3ch smak\u00f3w jednocze\u015bnie.<\/p>\n<\/li>\n<li data-start=\"755\" data-end=\"881\" data-immersive-translate-walked=\"796dd1be-7bb0-40ea-817f-cc2e1e9f4b12\">\n<p data-start=\"757\" data-end=\"881\" data-immersive-translate-walked=\"796dd1be-7bb0-40ea-817f-cc2e1e9f4b12\" data-immersive-translate-paragraph=\"1\">R\u00f3\u017cnorodno\u015b\u0107 smak\u00f3w: na przyk\u0142ad ekscytuj\u0105cy miks \u201eBeach Sex \/ Raspberry Watermelon\u201d \u2013 egzotyczny i owocowy zarazem.<\/p>\n<\/li>\n<li data-start=\"882\" data-end=\"997\" data-immersive-translate-walked=\"796dd1be-7bb0-40ea-817f-cc2e1e9f4b12\">\n<p data-start=\"884\" data-end=\"997\" data-immersive-translate-walked=\"796dd1be-7bb0-40ea-817f-cc2e1e9f4b12\" data-immersive-translate-paragraph=\"1\">Wydajna bateria: 650mAh z szybkim \u0142adowaniem Type-C \u2013 dla szybkiego i wygodnego \u0142adowania.<\/p>\n<\/li>\n<li data-start=\"998\" data-end=\"1115\" data-immersive-translate-walked=\"796dd1be-7bb0-40ea-817f-cc2e1e9f4b12\">\n<p data-start=\"1000\" data-end=\"1115\" data-immersive-translate-walked=\"796dd1be-7bb0-40ea-817f-cc2e1e9f4b12\" data-immersive-translate-paragraph=\"1\">Premium doznanie vapingowe: 0.6\u03a9 Dual Mesh Coil zapewnia g\u0119sty vapor i szczeg\u00f3lnie delikatny, intensywny smak.<\/p>\n<\/li>\n<li data-start=\"1116\" data-end=\"1216\" data-immersive-translate-walked=\"796dd1be-7bb0-40ea-817f-cc2e1e9f4b12\">\n<p data-start=\"1118\" data-end=\"1216\" data-immersive-translate-walked=\"796dd1be-7bb0-40ea-817f-cc2e1e9f4b12\" data-immersive-translate-paragraph=\"1\">Elastyczne st\u0119\u017cenia nikotyny: dost\u0119pne w wersjach 0%, 2%, 3% i 5% nikotyny \u2013 dopasowane do ka\u017cdego typu vaper.<\/p>\n<\/li>\n<\/ul>\n<h4 data-start=\"1218\" data-end=\"1262\" data-immersive-translate-walked=\"796dd1be-7bb0-40ea-817f-cc2e1e9f4b12\" data-immersive-translate-paragraph=\"1\">Dlaczego warto wybra\u0107 Bang Blaze 40000 Puffs?<\/h4>\n<p data-start=\"1264\" data-end=\"1573\" data-immersive-translate-walked=\"796dd1be-7bb0-40ea-817f-cc2e1e9f4b12\" data-immersive-translate-paragraph=\"1\">Po\u0142\u0105czenie wysokiej jako\u015bci technologii i wszechstronnych aromat\u00f3w czyni Bang Blaze idealnym wyborem dla pocz\u0105tkuj\u0105cych i do\u015bwiadczonych vaper\u00f3w. The <a href=\"https:\/\/vapingnet.de\/pl\/k\/einweg-e-zigarette\/\" target=\"_blank\" rel=\"noopener\"><strong>Jednorazowa e-papieros<\/strong><\/a> jest gotowy do u\u017cycia od razu, \u0142atwy w obs\u0142udze i zachwyca intensywnym, czystym smakiem dzi\u0119ki nowoczesnej technologii mesh coil.<\/p>\n<p data-start=\"1575\" data-end=\"1750\" data-immersive-translate-walked=\"796dd1be-7bb0-40ea-817f-cc2e1e9f4b12\" data-immersive-translate-paragraph=\"1\">Funkcja podw\u00f3jnego smaku pozwala na inhalacj\u0119 dw\u00f3ch pysznych aromat\u00f3w jednym wdechem \u2013 to prawdziwy hit, kt\u00f3rego nie znajdziesz w wielu innych vape'ach.<\/p>\n<h4 data-start=\"1752\" data-end=\"1761\" data-immersive-translate-walked=\"796dd1be-7bb0-40ea-817f-cc2e1e9f4b12\" data-immersive-translate-paragraph=\"1\">Na Ciebie czeka idealne do\u015bwiadczenie vapingowe<\/h4>\n<p data-start=\"1763\" data-end=\"2051\" data-immersive-translate-walked=\"796dd1be-7bb0-40ea-817f-cc2e1e9f4b12\" data-immersive-translate-paragraph=\"1\">Z Bang Blaze 40000 Puffs do\u015bwiadczysz unikalnego vapingowego prze\u017cycia \u2013 ekstremalnie trwa\u0142ego, intensywnego w smaku i \u0142atwego w obs\u0142udze. Inteligentne po\u0142\u0105czenie liquidu z podw\u00f3jnym smakiem, mocnej baterii i szybkiej funkcji \u0142adowania czyni j\u0105 najlepszym jednorazowym e-papierosem na rynku.<\/p>\n<p data-start=\"2053\" data-end=\"2185\" data-is-last-node=\"\" data-is-only-node=\"\" data-immersive-translate-walked=\"796dd1be-7bb0-40ea-817f-cc2e1e9f4b12\">Z\u0142ap j\u0105 ju\u017c teraz i ciesz si\u0119 premium vapingiem z Bang Blaze 40000 Puffs \u2013 Twoje nowe ulubione vape czeka!<\/p>","protected":false},"excerpt":{"rendered":"<p>Mocny jednorazowy e-papieros z podw\u00f3jnym doznaniem smakowym Bang Blaze 40000 Puffs to innowacyjny jednorazowy e-papieros, kt\u00f3ry dzi\u0119ki ogromnej liczbie puf\u00f3w i unikalnemu...<\/p>","protected":false},"featured_media":7019,"template":"","meta":[],"etheme_brands":[],"product_brand":[101],"product_cat":[65,49,61,87],"product_tag":[],"class_list":{"0":"post-7014","1":"product","2":"type-product","3":"status-publish","4":"has-post-thumbnail","6":"product_brand-bang-king-vape","7":"product_cat-vape-40000-zuege","8":"product_cat-einweg-e-zigarette","9":"product_cat-f","10":"product_cat-v","12":"first","13":"instock","14":"shipping-taxable","15":"purchasable","16":"product-type-simple"},"yoast_head":"<!-- This site is optimized with the Yoast SEO plugin v26.5 - https:\/\/yoast.com\/wordpress\/plugins\/seo\/ -->\n<title>Bang Blaze 40000: Das 40ml Dual-Flavour Dampf-System<\/title>\n<meta name=\"description\" content=\"Ein Ger\u00e4t, zwei Kammern, unendlicher Vorrat. Bang Blaze 40000 Puffs mit 650mAh Akku &amp; USB-C. Erlebe die Synergie aus Tropen-Mix und Himbeer-Wassermelone.\" \/>\n<meta name=\"robots\" content=\"index, follow, max-snippet:-1, max-image-preview:large, max-video-preview:-1\" \/>\n<link rel=\"canonical\" href=\"https:\/\/vapingnet.de\/pl\/vape\/bang-blaze-40000-puffs-fruchtduo-zum-verlieben\/\" \/>\n<meta property=\"og:locale\" content=\"pl_PL\" \/>\n<meta property=\"og:type\" content=\"article\" \/>\n<meta property=\"og:title\" content=\"Bang Blaze 40000: Das 40ml Dual-Flavour Dampf-System\" \/>\n<meta property=\"og:description\" content=\"Ein Ger\u00e4t, zwei Kammern, unendlicher Vorrat. Bang Blaze 40000 Puffs mit 650mAh Akku &amp; USB-C. Erlebe die Synergie aus Tropen-Mix und Himbeer-Wassermelone.\" \/>\n<meta property=\"og:url\" content=\"https:\/\/vapingnet.de\/pl\/vape\/bang-blaze-40000-puffs-fruchtduo-zum-verlieben\/\" \/>\n<meta property=\"og:site_name\" content=\"Vapingnet.de\" \/>\n<meta property=\"article:publisher\" content=\"https:\/\/www.facebook.com\/vapingnetde\/\" \/>\n<meta property=\"article:modified_time\" content=\"2026-01-25T08:58:00+00:00\" \/>\n<meta property=\"og:image\" content=\"https:\/\/vapingnet.de\/wp-content\/uploads\/2025\/06\/Beach-Sex-Raspberry-Watermelon.jpg.webp\" \/>\n\t<meta property=\"og:image:width\" content=\"1000\" \/>\n\t<meta property=\"og:image:height\" content=\"1000\" \/>\n\t<meta property=\"og:image:type\" content=\"image\/webp\" \/>\n<meta name=\"twitter:card\" content=\"summary_large_image\" \/>\n<meta name=\"twitter:label1\" content=\"Est. reading time\" \/>\n\t<meta name=\"twitter:data1\" content=\"2 minutes\" \/>\n<script type=\"application\/ld+json\" class=\"yoast-schema-graph\">{\"@context\":\"https:\/\/schema.org\",\"@graph\":[{\"@type\":\"WebPage\",\"@id\":\"https:\/\/vapingnet.de\/vape\/bang-blaze-40000-puffs-fruchtduo-zum-verlieben\/\",\"url\":\"https:\/\/vapingnet.de\/vape\/bang-blaze-40000-puffs-fruchtduo-zum-verlieben\/\",\"name\":\"Bang Blaze 40000: Das 40ml Dual-Flavour Dampf-System\",\"isPartOf\":{\"@id\":\"https:\/\/vapingnet.de\/#website\"},\"primaryImageOfPage\":{\"@id\":\"https:\/\/vapingnet.de\/vape\/bang-blaze-40000-puffs-fruchtduo-zum-verlieben\/#primaryimage\"},\"image\":{\"@id\":\"https:\/\/vapingnet.de\/vape\/bang-blaze-40000-puffs-fruchtduo-zum-verlieben\/#primaryimage\"},\"thumbnailUrl\":\"https:\/\/vapingnet.de\/wp-content\/uploads\/2025\/06\/Beach-Sex-Raspberry-Watermelon.jpg.webp\",\"datePublished\":\"2025-06-05T06:58:52+00:00\",\"dateModified\":\"2026-01-25T08:58:00+00:00\",\"description\":\"Ein Ger\u00e4t, zwei Kammern, unendlicher Vorrat. Bang Blaze 40000 Puffs mit 650mAh Akku & USB-C. Erlebe die Synergie aus Tropen-Mix und Himbeer-Wassermelone.\",\"breadcrumb\":{\"@id\":\"https:\/\/vapingnet.de\/vape\/bang-blaze-40000-puffs-fruchtduo-zum-verlieben\/#breadcrumb\"},\"inLanguage\":\"pl-PL\",\"potentialAction\":[{\"@type\":\"ReadAction\",\"target\":[\"https:\/\/vapingnet.de\/vape\/bang-blaze-40000-puffs-fruchtduo-zum-verlieben\/\"]}]},{\"@type\":\"ImageObject\",\"inLanguage\":\"pl-PL\",\"@id\":\"https:\/\/vapingnet.de\/vape\/bang-blaze-40000-puffs-fruchtduo-zum-verlieben\/#primaryimage\",\"url\":\"https:\/\/vapingnet.de\/wp-content\/uploads\/2025\/06\/Beach-Sex-Raspberry-Watermelon.jpg.webp\",\"contentUrl\":\"https:\/\/vapingnet.de\/wp-content\/uploads\/2025\/06\/Beach-Sex-Raspberry-Watermelon.jpg.webp\",\"width\":1000,\"height\":1000},{\"@type\":\"BreadcrumbList\",\"@id\":\"https:\/\/vapingnet.de\/vape\/bang-blaze-40000-puffs-fruchtduo-zum-verlieben\/#breadcrumb\",\"itemListElement\":[{\"@type\":\"ListItem\",\"position\":1,\"name\":\"Home\",\"item\":\"https:\/\/vapingnet.de\/\"},{\"@type\":\"ListItem\",\"position\":2,\"name\":\"Shop\",\"item\":\"https:\/\/vapingnet.de\/vape\/\"},{\"@type\":\"ListItem\",\"position\":3,\"name\":\"Bang Blaze 40000 Puffs Fruchtduo zum Verlieben\"}]},{\"@type\":\"WebSite\",\"@id\":\"https:\/\/vapingnet.de\/#website\",\"url\":\"https:\/\/vapingnet.de\/\",\"name\":\"Vapingnet.de\",\"description\":\"\",\"publisher\":{\"@id\":\"https:\/\/vapingnet.de\/#organization\"},\"potentialAction\":[{\"@type\":\"SearchAction\",\"target\":{\"@type\":\"EntryPoint\",\"urlTemplate\":\"https:\/\/vapingnet.de\/?s={search_term_string}\"},\"query-input\":{\"@type\":\"PropertyValueSpecification\",\"valueRequired\":true,\"valueName\":\"search_term_string\"}}],\"inLanguage\":\"pl-PL\"},{\"@type\":\"Organization\",\"@id\":\"https:\/\/vapingnet.de\/#organization\",\"name\":\"Vapingnet.de\",\"url\":\"https:\/\/vapingnet.de\/\",\"logo\":{\"@type\":\"ImageObject\",\"inLanguage\":\"pl-PL\",\"@id\":\"https:\/\/vapingnet.de\/#\/schema\/logo\/image\/\",\"url\":\"https:\/\/vapingnet.de\/wp-content\/uploads\/2025\/03\/cropped-vapingnet.de_.jpg\",\"contentUrl\":\"https:\/\/vapingnet.de\/wp-content\/uploads\/2025\/03\/cropped-vapingnet.de_.jpg\",\"width\":512,\"height\":512,\"caption\":\"Vapingnet.de\"},\"image\":{\"@id\":\"https:\/\/vapingnet.de\/#\/schema\/logo\/image\/\"},\"sameAs\":[\"https:\/\/www.facebook.com\/vapingnetde\/\"]}]}<\/script>\n<!-- \/ Yoast SEO plugin. -->","yoast_head_json":{"title":"Bang Blaze 40000: Das 40ml Dual-Flavour Dampf-System","description":"Ein Ger\u00e4t, zwei Kammern, unendlicher Vorrat. Bang Blaze 40000 Puffs mit 650mAh Akku & USB-C. Erlebe die Synergie aus Tropen-Mix und Himbeer-Wassermelone.","robots":{"index":"index","follow":"follow","max-snippet":"max-snippet:-1","max-image-preview":"max-image-preview:large","max-video-preview":"max-video-preview:-1"},"canonical":"https:\/\/vapingnet.de\/pl\/vape\/bang-blaze-40000-puffs-fruchtduo-zum-verlieben\/","og_locale":"pl_PL","og_type":"article","og_title":"Bang Blaze 40000: Das 40ml Dual-Flavour Dampf-System","og_description":"Ein Ger\u00e4t, zwei Kammern, unendlicher Vorrat. Bang Blaze 40000 Puffs mit 650mAh Akku & USB-C. Erlebe die Synergie aus Tropen-Mix und Himbeer-Wassermelone.","og_url":"https:\/\/vapingnet.de\/pl\/vape\/bang-blaze-40000-puffs-fruchtduo-zum-verlieben\/","og_site_name":"Vapingnet.de","article_publisher":"https:\/\/www.facebook.com\/vapingnetde\/","article_modified_time":"2026-01-25T08:58:00+00:00","og_image":[{"width":1000,"height":1000,"url":"https:\/\/vapingnet.de\/wp-content\/uploads\/2025\/06\/Beach-Sex-Raspberry-Watermelon.jpg.webp","type":"image\/webp"}],"twitter_card":"summary_large_image","twitter_misc":{"Est. reading time":"2 minutes"},"schema":{"@context":"https:\/\/schema.org","@graph":[{"@type":"WebPage","@id":"https:\/\/vapingnet.de\/vape\/bang-blaze-40000-puffs-fruchtduo-zum-verlieben\/","url":"https:\/\/vapingnet.de\/vape\/bang-blaze-40000-puffs-fruchtduo-zum-verlieben\/","name":"Bang Blaze 40000: Das 40ml Dual-Flavour Dampf-System","isPartOf":{"@id":"https:\/\/vapingnet.de\/#website"},"primaryImageOfPage":{"@id":"https:\/\/vapingnet.de\/vape\/bang-blaze-40000-puffs-fruchtduo-zum-verlieben\/#primaryimage"},"image":{"@id":"https:\/\/vapingnet.de\/vape\/bang-blaze-40000-puffs-fruchtduo-zum-verlieben\/#primaryimage"},"thumbnailUrl":"https:\/\/vapingnet.de\/wp-content\/uploads\/2025\/06\/Beach-Sex-Raspberry-Watermelon.jpg.webp","datePublished":"2025-06-05T06:58:52+00:00","dateModified":"2026-01-25T08:58:00+00:00","description":"Ein Ger\u00e4t, zwei Kammern, unendlicher Vorrat. Bang Blaze 40000 Puffs mit 650mAh Akku & USB-C. Erlebe die Synergie aus Tropen-Mix und Himbeer-Wassermelone.","breadcrumb":{"@id":"https:\/\/vapingnet.de\/vape\/bang-blaze-40000-puffs-fruchtduo-zum-verlieben\/#breadcrumb"},"inLanguage":"pl-PL","potentialAction":[{"@type":"ReadAction","target":["https:\/\/vapingnet.de\/vape\/bang-blaze-40000-puffs-fruchtduo-zum-verlieben\/"]}]},{"@type":"ImageObject","inLanguage":"pl-PL","@id":"https:\/\/vapingnet.de\/vape\/bang-blaze-40000-puffs-fruchtduo-zum-verlieben\/#primaryimage","url":"https:\/\/vapingnet.de\/wp-content\/uploads\/2025\/06\/Beach-Sex-Raspberry-Watermelon.jpg.webp","contentUrl":"https:\/\/vapingnet.de\/wp-content\/uploads\/2025\/06\/Beach-Sex-Raspberry-Watermelon.jpg.webp","width":1000,"height":1000},{"@type":"BreadcrumbList","@id":"https:\/\/vapingnet.de\/vape\/bang-blaze-40000-puffs-fruchtduo-zum-verlieben\/#breadcrumb","itemListElement":[{"@type":"ListItem","position":1,"name":"Home","item":"https:\/\/vapingnet.de\/"},{"@type":"ListItem","position":2,"name":"Shop","item":"https:\/\/vapingnet.de\/vape\/"},{"@type":"ListItem","position":3,"name":"Bang Blaze 40000 Puffs Fruchtduo zum Verlieben"}]},{"@type":"WebSite","@id":"https:\/\/vapingnet.de\/#website","url":"https:\/\/vapingnet.de\/","name":"Vapingnet.de","description":"","publisher":{"@id":"https:\/\/vapingnet.de\/#organization"},"potentialAction":[{"@type":"SearchAction","target":{"@type":"EntryPoint","urlTemplate":"https:\/\/vapingnet.de\/?s={search_term_string}"},"query-input":{"@type":"PropertyValueSpecification","valueRequired":true,"valueName":"search_term_string"}}],"inLanguage":"pl-PL"},{"@type":"Organization","@id":"https:\/\/vapingnet.de\/#organization","name":"Vapingnet.de","url":"https:\/\/vapingnet.de\/","logo":{"@type":"ImageObject","inLanguage":"pl-PL","@id":"https:\/\/vapingnet.de\/#\/schema\/logo\/image\/","url":"https:\/\/vapingnet.de\/wp-content\/uploads\/2025\/03\/cropped-vapingnet.de_.jpg","contentUrl":"https:\/\/vapingnet.de\/wp-content\/uploads\/2025\/03\/cropped-vapingnet.de_.jpg","width":512,"height":512,"caption":"Vapingnet.de"},"image":{"@id":"https:\/\/vapingnet.de\/#\/schema\/logo\/image\/"},"sameAs":["https:\/\/www.facebook.com\/vapingnetde\/"]}]}},"tiered_pricing_type":"fixed","tiered_pricing_fixed_rules":{"10":"8.35","60":"7.52","110":"6.68","200":"5.85"},"tiered_pricing_product_settings":{"layout":"default","base_unit_name":{"singular":null,"plural":null},"default_variation":null},"tiered_pricing_minimum_quantity":null,"tiered_pricing_roles_data":[],"tiered_pricing_percentage_rules":[],"_links":{"self":[{"href":"https:\/\/vapingnet.de\/pl\/wp-json\/wp\/v2\/product\/7014","targetHints":{"allow":["GET"]}}],"collection":[{"href":"https:\/\/vapingnet.de\/pl\/wp-json\/wp\/v2\/product"}],"about":[{"href":"https:\/\/vapingnet.de\/pl\/wp-json\/wp\/v2\/types\/product"}],"version-history":[{"count":4,"href":"https:\/\/vapingnet.de\/pl\/wp-json\/wp\/v2\/product\/7014\/revisions"}],"predecessor-version":[{"id":7533,"href":"https:\/\/vapingnet.de\/pl\/wp-json\/wp\/v2\/product\/7014\/revisions\/7533"}],"wp:featuredmedia":[{"embeddable":true,"href":"https:\/\/vapingnet.de\/pl\/wp-json\/wp\/v2\/media\/7019"}],"wp:attachment":[{"href":"https:\/\/vapingnet.de\/pl\/wp-json\/wp\/v2\/media?parent=7014"}],"wp:term":[{"taxonomy":"brand","embeddable":true,"href":"https:\/\/vapingnet.de\/pl\/wp-json\/wp\/v2\/etheme_brands?post=7014"},{"taxonomy":"product_brand","embeddable":true,"href":"https:\/\/vapingnet.de\/pl\/wp-json\/wp\/v2\/product_brand?post=7014"},{"taxonomy":"product_cat","embeddable":true,"href":"https:\/\/vapingnet.de\/pl\/wp-json\/wp\/v2\/product_cat?post=7014"},{"taxonomy":"product_tag","embeddable":true,"href":"https:\/\/vapingnet.de\/pl\/wp-json\/wp\/v2\/product_tag?post=7014"}],"curies":[{"name":"wp","href":"https:\/\/api.w.org\/{rel}","templated":true}]}}