{"id":7017,"date":"2025-06-05T07:54:06","date_gmt":"2025-06-05T07:54:06","guid":{"rendered":"https:\/\/vapingnet.de\/?post_type=product&#038;p=7017"},"modified":"2026-01-25T08:51:41","modified_gmt":"2026-01-25T08:51:41","slug":"bang-blaze-40000-puffs-fruchtiger-doppelter-geschmack-pur","status":"publish","type":"product","link":"https:\/\/vapingnet.de\/pl\/vape\/bang-blaze-40000-puffs-fruchtiger-doppelter-geschmack-pur\/","title":{"rendered":"Bang Blaze 40000 Puffs Owocowy podw\u00f3jny smak czysty"},"content":{"rendered":"<h2>Bang Blaze 40000 Puffs \u2013 Innowacja spotyka smak w perfekcji<\/h2>\n<p data-start=\"128\" data-end=\"468\" data-immersive-translate-walked=\"19daa0de-9d0e-4a75-be0d-fbd54be92708\" data-immersive-translate-paragraph=\"1\">Bang Blaze 40000 Puffs to nie tylko zwyk\u0142y <a href=\"https:\/\/vapingnet.de\/pl\/k\/einweg-e-zigarette\/\" target=\"_blank\" rel=\"noopener\"><strong>Jednorazowa e-papieros<\/strong><\/a> \u2013 jest prawdziwym hitem dla wszystkich, kt\u00f3rzy ceni\u0105 jako\u015b\u0107, wszechstronno\u015b\u0107 i d\u0142ugotrwa\u0142\u0105 przyjemno\u015b\u0107. Z ogromnym zasi\u0119giem do 40 000 puffs towarzyszy Ci niezawodnie przez tygodnie \u2013 bez konieczno\u015bci uci\u0105\u017cliwego uzupe\u0142niania czy wymiany baterii.<\/p>\n<p data-start=\"470\" data-end=\"744\" data-immersive-translate-walked=\"19daa0de-9d0e-4a75-be0d-fbd54be92708\" data-immersive-translate-paragraph=\"1\">Ale prawdziw\u0105 atrakcj\u0105 jest innowacyjne Triple Taste Experience: ciesz si\u0119 trzema r\u00f3\u017cnymi \u015bwiatami smak\u00f3w w jednym urz\u0105dzeniu \u2013 dzi\u0119ki sprytnemu systemowi Dual-Flavour, kt\u00f3ry umo\u017cliwia prze\u0142\u0105czanie mi\u0119dzy dwoma intensywnymi aromatami lub ich mieszanie.<\/p>\n<h3 data-start=\"751\" data-end=\"805\" data-immersive-translate-walked=\"19daa0de-9d0e-4a75-be0d-fbd54be92708\" data-immersive-translate-paragraph=\"1\">Najcz\u0119\u015bciej zadawane pytania dotycz\u0105ce Bang Blaze 40000 Puffs<\/h3>\n<p data-start=\"807\" data-end=\"1065\" data-immersive-translate-walked=\"19daa0de-9d0e-4a75-be0d-fbd54be92708\" data-immersive-translate-paragraph=\"1\">Jak d\u0142ugo wytrzymuje Bang Blaze 40000 Puffs?<br data-start=\"854\" data-end=\"857\" data-immersive-translate-walked=\"19daa0de-9d0e-4a75-be0d-fbd54be92708\" \/>Z do 40 000 puffs to urz\u0105dzenie oferuje niezwyk\u0142\u0105 trwa\u0142o\u015b\u0107, wykraczaj\u0105c\u0105 daleko poza standardowe. To oznacza mniej wysi\u0142ku i wi\u0119cej przyjemno\u015bci \u2013 idealne na co dzie\u0144 lub w podr\u00f3\u017cy.<\/p>\n<p data-start=\"1067\" data-end=\"1427\" data-immersive-translate-walked=\"19daa0de-9d0e-4a75-be0d-fbd54be92708\" data-immersive-translate-paragraph=\"1\">Co dok\u0142adnie oznacza \u201eTriple Taste Experience\u201d?<br data-start=\"1116\" data-end=\"1119\" data-immersive-translate-walked=\"19daa0de-9d0e-4a75-be0d-fbd54be92708\" \/>Bang Blaze zawiera dwa nape\u0142nione aromaty liquidu: Blueberry Cranberry Cherry i Watermelon Cherry. Dzi\u0119ki sprytnemu systemowi mo\u017cesz pali\u0107 aromat A, aromat B lub ekscytuj\u0105c\u0105 mieszank\u0119 obu aromat\u00f3w. W ten spos\u00f3b do\u015bwiadczysz trzech r\u00f3\u017cnych smak\u00f3w w jednym vapie.<\/p>\n<p data-start=\"1429\" data-end=\"1748\" data-immersive-translate-walked=\"19daa0de-9d0e-4a75-be0d-fbd54be92708\" data-immersive-translate-paragraph=\"1\">Jak dobra jest technologia?<br data-start=\"1457\" data-end=\"1460\" data-immersive-translate-walked=\"19daa0de-9d0e-4a75-be0d-fbd54be92708\" \/>Wbudowany akumulator 650mAh jest wielokrotnego \u0142adowania i obs\u0142uguje nowoczesne szybkie \u0142adowanie Type-C \u2013 dzi\u0119ki temu Twoja Bang Blaze jest szybko gotowa do u\u017cycia. 0.6\u03a9 Dual Mesh Coil zapewnia g\u0119sty, smakowity dym i szczeg\u00f3lnie delikatne odczucie podczas zaci\u0105gni\u0119cia, kt\u00f3re Ci\u0119 zachwyci.<\/p>\n<p data-start=\"1750\" data-end=\"1962\" data-immersive-translate-walked=\"19daa0de-9d0e-4a75-be0d-fbd54be92708\" data-immersive-translate-paragraph=\"1\">Jakie poziomy nikotyny s\u0105 dost\u0119pne?<br data-start=\"1791\" data-end=\"1794\" data-immersive-translate-walked=\"19daa0de-9d0e-4a75-be0d-fbd54be92708\" \/>Mo\u017cesz wybra\u0107 spo\u015br\u00f3d czterech poziom\u00f3w nikotyny: 0% (bez nikotyny), 2%, 3% i 5%. Z pewno\u015bci\u0105 znajdziesz odpowiedni\u0105 moc, dopasowan\u0105 do Twojego indywidualnego do\u015bwiadczenia vapowania.<\/p>\n<p data-start=\"1964\" data-end=\"2219\" data-immersive-translate-walked=\"19daa0de-9d0e-4a75-be0d-fbd54be92708\" data-immersive-translate-paragraph=\"1\">Dla kogo jest przeznaczony Bang Blaze?<br data-start=\"2004\" data-end=\"2007\" data-immersive-translate-walked=\"19daa0de-9d0e-4a75-be0d-fbd54be92708\" \/>Niezale\u017cnie od tego, czy jeste\u015b pocz\u0105tkuj\u0105cym, czy do\u015bwiadczonym vapowcem \u2013 Bang Blaze 40000 Puffs oferuje prost\u0105 obs\u0142ug\u0119, du\u017c\u0105 pojemno\u015b\u0107 puff\u00f3w i elastyczne opcje smakowe, zapewniaj\u0105c ka\u017cdemu odpowiednie do\u015bwiadczenie vapowania.<\/p>\n<h3>Dlaczego warto wypr\u00f3bowa\u0107 Bang Blaze 40000 Puffs ju\u017c teraz<\/h3>\n<ul data-start=\"2295\" data-end=\"2879\" data-immersive-translate-walked=\"19daa0de-9d0e-4a75-be0d-fbd54be92708\">\n<li data-start=\"2295\" data-end=\"2404\" data-immersive-translate-walked=\"19daa0de-9d0e-4a75-be0d-fbd54be92708\">\n<p data-start=\"2297\" data-end=\"2404\" data-immersive-translate-walked=\"19daa0de-9d0e-4a75-be0d-fbd54be92708\" data-immersive-translate-paragraph=\"1\">Najwy\u017cszy komfort: Brak konieczno\u015bci uzupe\u0142niania czy skomplikowanej obs\u0142ugi \u2013 po prostu wyci\u0105gnij z opakowania i zacznij vapowa\u0107.<\/p>\n<\/li>\n<li data-start=\"2405\" data-end=\"2520\" data-immersive-translate-walked=\"19daa0de-9d0e-4a75-be0d-fbd54be92708\">\n<p data-start=\"2407\" data-end=\"2520\" data-immersive-translate-walked=\"19daa0de-9d0e-4a75-be0d-fbd54be92708\" data-immersive-translate-paragraph=\"1\">D\u0142ugotrwa\u0142a przyjemno\u015b\u0107: Do <a href=\"https:\/\/vapingnet.de\/pl\/k\/vape-40000-zuege\/\" target=\"_blank\" rel=\"noopener\"><strong>40 000 puffs<\/strong> <\/a>sprawia, \u017ce Bang Blaze jest idealnym towarzyszem na ka\u017cd\u0105 sytuacj\u0119.<\/p>\n<\/li>\n<li data-start=\"2521\" data-end=\"2646\" data-immersive-translate-walked=\"19daa0de-9d0e-4a75-be0d-fbd54be92708\">\n<p data-start=\"2523\" data-end=\"2646\" data-immersive-translate-walked=\"19daa0de-9d0e-4a75-be0d-fbd54be92708\" data-immersive-translate-paragraph=\"1\">Innowacyjne doznania smakowe: Trzy smaki w jednym urz\u0105dzeniu zapewniaj\u0105 maksymaln\u0105 r\u00f3\u017cnorodno\u015b\u0107 i czyst\u0105 rado\u015b\u0107.<\/p>\n<\/li>\n<li data-start=\"2647\" data-end=\"2780\" data-immersive-translate-walked=\"19daa0de-9d0e-4a75-be0d-fbd54be92708\">\n<p data-start=\"2649\" data-end=\"2780\" data-immersive-translate-walked=\"19daa0de-9d0e-4a75-be0d-fbd54be92708\" data-immersive-translate-paragraph=\"1\">Nowoczesna technologia: Wielokrotnego \u0142adowania akumulator z szybkim \u0142adowaniem Type-C i wysokiej jako\u015bci mesh-coil dla perfekcyjnego do\u015bwiadczenia vapowania.<\/p>\n<\/li>\n<li data-start=\"2781\" data-end=\"2879\" data-immersive-translate-walked=\"19daa0de-9d0e-4a75-be0d-fbd54be92708\">\n<p data-start=\"2783\" data-end=\"2879\" data-immersive-translate-walked=\"19daa0de-9d0e-4a75-be0d-fbd54be92708\" data-immersive-translate-paragraph=\"1\">Elastyczny wyb\u00f3r nikotyny: Dla ka\u017cdego odpowiedni poziom nikotyny \u2013 od beznikotynowego po mocny.<\/p>\n<\/li>\n<\/ul>\n<h4 data-start=\"2886\" data-end=\"2959\" data-immersive-translate-walked=\"19daa0de-9d0e-4a75-be0d-fbd54be92708\" data-immersive-translate-paragraph=\"1\">Bang Blaze 40000 Puffs to Tw\u00f3j nowy ulubiony jednorazowy vape<\/h4>\n<p data-start=\"2961\" data-end=\"3297\" data-immersive-translate-walked=\"19daa0de-9d0e-4a75-be0d-fbd54be92708\" data-immersive-translate-paragraph=\"1\">Czy to w domu, w podr\u00f3\u017cy czy na spotkaniu z przyjaci\u00f3\u0142mi \u2013 Bang Blaze przekonuje swoj\u0105 moc\u0105, komfortem i unikalnym smakiem. Skorzystaj z okazji, aby odkry\u0107 nowy poziom vapowania i zam\u00f3w swoj\u0105 Bang Blaze 40000 Puffs \u2013 jednorazowego e-papierosa z potr\u00f3jnym doznaniem smakowym!<\/p>","protected":false},"excerpt":{"rendered":"<p>Bang Blaze 40000 Puffs \u2013 Innovation trifft Geschmack in Perfektion Die Bang Blaze 40000 Puffs ist nicht einfach nur eine Einweg E-Zigarette \u2013 sie ist&#8230;<\/p>","protected":false},"featured_media":7021,"template":"","meta":[],"etheme_brands":[],"product_brand":[101],"product_cat":[65,49,61,87],"product_tag":[],"class_list":{"0":"post-7017","1":"product","2":"type-product","3":"status-publish","4":"has-post-thumbnail","6":"product_brand-bang-king-vape","7":"product_cat-vape-40000-zuege","8":"product_cat-einweg-e-zigarette","9":"product_cat-f","10":"product_cat-v","12":"first","13":"instock","14":"shipping-taxable","15":"purchasable","16":"product-type-simple"},"yoast_head":"<!-- This site is optimized with the Yoast SEO plugin v26.5 - https:\/\/yoast.com\/wordpress\/plugins\/seo\/ -->\n<title>Bang Blaze 40000 Vape | Umschaltbares Aroma-Management<\/title>\n<meta name=\"description\" content=\"Warum nur ein Flavour? Steuere dein Dampferlebnis individuell. Die Bang Blaze kombiniert ein massives Reservoir mit pr\u00e4ziser Dual-Mesh-Verdampfung. 40.000 Einheiten purer Genuss.\" \/>\n<meta name=\"robots\" content=\"index, follow, max-snippet:-1, max-image-preview:large, max-video-preview:-1\" \/>\n<link rel=\"canonical\" href=\"https:\/\/vapingnet.de\/pl\/vape\/bang-blaze-40000-puffs-fruchtiger-doppelter-geschmack-pur\/\" \/>\n<meta property=\"og:locale\" content=\"pl_PL\" \/>\n<meta property=\"og:type\" content=\"article\" \/>\n<meta property=\"og:title\" content=\"Bang Blaze 40000 Vape | Umschaltbares Aroma-Management\" \/>\n<meta property=\"og:description\" content=\"Warum nur ein Flavour? Steuere dein Dampferlebnis individuell. Die Bang Blaze kombiniert ein massives Reservoir mit pr\u00e4ziser Dual-Mesh-Verdampfung. 40.000 Einheiten purer Genuss.\" \/>\n<meta property=\"og:url\" content=\"https:\/\/vapingnet.de\/pl\/vape\/bang-blaze-40000-puffs-fruchtiger-doppelter-geschmack-pur\/\" \/>\n<meta property=\"og:site_name\" content=\"Vapingnet.de\" \/>\n<meta property=\"article:publisher\" content=\"https:\/\/www.facebook.com\/vapingnetde\/\" \/>\n<meta property=\"article:modified_time\" content=\"2026-01-25T08:51:41+00:00\" \/>\n<meta property=\"og:image\" content=\"https:\/\/vapingnet.de\/wp-content\/uploads\/2025\/06\/Blueberry-Cranberry-Cherry-Watermelon-Cherry.jpg.webp\" \/>\n\t<meta property=\"og:image:width\" content=\"1000\" \/>\n\t<meta property=\"og:image:height\" content=\"1000\" \/>\n\t<meta property=\"og:image:type\" content=\"image\/webp\" \/>\n<meta name=\"twitter:card\" content=\"summary_large_image\" \/>\n<meta name=\"twitter:label1\" content=\"Est. reading time\" \/>\n\t<meta name=\"twitter:data1\" content=\"3 minutes\" \/>\n<script type=\"application\/ld+json\" class=\"yoast-schema-graph\">{\"@context\":\"https:\/\/schema.org\",\"@graph\":[{\"@type\":\"WebPage\",\"@id\":\"https:\/\/vapingnet.de\/vape\/bang-blaze-40000-puffs-fruchtiger-doppelter-geschmack-pur\/\",\"url\":\"https:\/\/vapingnet.de\/vape\/bang-blaze-40000-puffs-fruchtiger-doppelter-geschmack-pur\/\",\"name\":\"Bang Blaze 40000 Vape | Umschaltbares Aroma-Management\",\"isPartOf\":{\"@id\":\"https:\/\/vapingnet.de\/#website\"},\"primaryImageOfPage\":{\"@id\":\"https:\/\/vapingnet.de\/vape\/bang-blaze-40000-puffs-fruchtiger-doppelter-geschmack-pur\/#primaryimage\"},\"image\":{\"@id\":\"https:\/\/vapingnet.de\/vape\/bang-blaze-40000-puffs-fruchtiger-doppelter-geschmack-pur\/#primaryimage\"},\"thumbnailUrl\":\"https:\/\/vapingnet.de\/wp-content\/uploads\/2025\/06\/Blueberry-Cranberry-Cherry-Watermelon-Cherry.jpg.webp\",\"datePublished\":\"2025-06-05T07:54:06+00:00\",\"dateModified\":\"2026-01-25T08:51:41+00:00\",\"description\":\"Warum nur ein Flavour? Steuere dein Dampferlebnis individuell. Die Bang Blaze kombiniert ein massives Reservoir mit pr\u00e4ziser Dual-Mesh-Verdampfung. 40.000 Einheiten purer Genuss.\",\"breadcrumb\":{\"@id\":\"https:\/\/vapingnet.de\/vape\/bang-blaze-40000-puffs-fruchtiger-doppelter-geschmack-pur\/#breadcrumb\"},\"inLanguage\":\"pl-PL\",\"potentialAction\":[{\"@type\":\"ReadAction\",\"target\":[\"https:\/\/vapingnet.de\/vape\/bang-blaze-40000-puffs-fruchtiger-doppelter-geschmack-pur\/\"]}]},{\"@type\":\"ImageObject\",\"inLanguage\":\"pl-PL\",\"@id\":\"https:\/\/vapingnet.de\/vape\/bang-blaze-40000-puffs-fruchtiger-doppelter-geschmack-pur\/#primaryimage\",\"url\":\"https:\/\/vapingnet.de\/wp-content\/uploads\/2025\/06\/Blueberry-Cranberry-Cherry-Watermelon-Cherry.jpg.webp\",\"contentUrl\":\"https:\/\/vapingnet.de\/wp-content\/uploads\/2025\/06\/Blueberry-Cranberry-Cherry-Watermelon-Cherry.jpg.webp\",\"width\":1000,\"height\":1000},{\"@type\":\"BreadcrumbList\",\"@id\":\"https:\/\/vapingnet.de\/vape\/bang-blaze-40000-puffs-fruchtiger-doppelter-geschmack-pur\/#breadcrumb\",\"itemListElement\":[{\"@type\":\"ListItem\",\"position\":1,\"name\":\"Home\",\"item\":\"https:\/\/vapingnet.de\/\"},{\"@type\":\"ListItem\",\"position\":2,\"name\":\"Shop\",\"item\":\"https:\/\/vapingnet.de\/vape\/\"},{\"@type\":\"ListItem\",\"position\":3,\"name\":\"Bang Blaze 40000 Puffs Fruchtiger doppelter Geschmack pur\"}]},{\"@type\":\"WebSite\",\"@id\":\"https:\/\/vapingnet.de\/#website\",\"url\":\"https:\/\/vapingnet.de\/\",\"name\":\"Vapingnet.de\",\"description\":\"\",\"publisher\":{\"@id\":\"https:\/\/vapingnet.de\/#organization\"},\"potentialAction\":[{\"@type\":\"SearchAction\",\"target\":{\"@type\":\"EntryPoint\",\"urlTemplate\":\"https:\/\/vapingnet.de\/?s={search_term_string}\"},\"query-input\":{\"@type\":\"PropertyValueSpecification\",\"valueRequired\":true,\"valueName\":\"search_term_string\"}}],\"inLanguage\":\"pl-PL\"},{\"@type\":\"Organization\",\"@id\":\"https:\/\/vapingnet.de\/#organization\",\"name\":\"Vapingnet.de\",\"url\":\"https:\/\/vapingnet.de\/\",\"logo\":{\"@type\":\"ImageObject\",\"inLanguage\":\"pl-PL\",\"@id\":\"https:\/\/vapingnet.de\/#\/schema\/logo\/image\/\",\"url\":\"https:\/\/vapingnet.de\/wp-content\/uploads\/2025\/03\/cropped-vapingnet.de_.jpg\",\"contentUrl\":\"https:\/\/vapingnet.de\/wp-content\/uploads\/2025\/03\/cropped-vapingnet.de_.jpg\",\"width\":512,\"height\":512,\"caption\":\"Vapingnet.de\"},\"image\":{\"@id\":\"https:\/\/vapingnet.de\/#\/schema\/logo\/image\/\"},\"sameAs\":[\"https:\/\/www.facebook.com\/vapingnetde\/\"]}]}<\/script>\n<!-- \/ Yoast SEO plugin. -->","yoast_head_json":{"title":"Bang Blaze 40000 Vape | Umschaltbares Aroma-Management","description":"Warum nur ein Flavour? Steuere dein Dampferlebnis individuell. Die Bang Blaze kombiniert ein massives Reservoir mit pr\u00e4ziser Dual-Mesh-Verdampfung. 40.000 Einheiten purer Genuss.","robots":{"index":"index","follow":"follow","max-snippet":"max-snippet:-1","max-image-preview":"max-image-preview:large","max-video-preview":"max-video-preview:-1"},"canonical":"https:\/\/vapingnet.de\/pl\/vape\/bang-blaze-40000-puffs-fruchtiger-doppelter-geschmack-pur\/","og_locale":"pl_PL","og_type":"article","og_title":"Bang Blaze 40000 Vape | Umschaltbares Aroma-Management","og_description":"Warum nur ein Flavour? Steuere dein Dampferlebnis individuell. Die Bang Blaze kombiniert ein massives Reservoir mit pr\u00e4ziser Dual-Mesh-Verdampfung. 40.000 Einheiten purer Genuss.","og_url":"https:\/\/vapingnet.de\/pl\/vape\/bang-blaze-40000-puffs-fruchtiger-doppelter-geschmack-pur\/","og_site_name":"Vapingnet.de","article_publisher":"https:\/\/www.facebook.com\/vapingnetde\/","article_modified_time":"2026-01-25T08:51:41+00:00","og_image":[{"width":1000,"height":1000,"url":"https:\/\/vapingnet.de\/wp-content\/uploads\/2025\/06\/Blueberry-Cranberry-Cherry-Watermelon-Cherry.jpg.webp","type":"image\/webp"}],"twitter_card":"summary_large_image","twitter_misc":{"Est. reading time":"3 minutes"},"schema":{"@context":"https:\/\/schema.org","@graph":[{"@type":"WebPage","@id":"https:\/\/vapingnet.de\/vape\/bang-blaze-40000-puffs-fruchtiger-doppelter-geschmack-pur\/","url":"https:\/\/vapingnet.de\/vape\/bang-blaze-40000-puffs-fruchtiger-doppelter-geschmack-pur\/","name":"Bang Blaze 40000 Vape | Umschaltbares Aroma-Management","isPartOf":{"@id":"https:\/\/vapingnet.de\/#website"},"primaryImageOfPage":{"@id":"https:\/\/vapingnet.de\/vape\/bang-blaze-40000-puffs-fruchtiger-doppelter-geschmack-pur\/#primaryimage"},"image":{"@id":"https:\/\/vapingnet.de\/vape\/bang-blaze-40000-puffs-fruchtiger-doppelter-geschmack-pur\/#primaryimage"},"thumbnailUrl":"https:\/\/vapingnet.de\/wp-content\/uploads\/2025\/06\/Blueberry-Cranberry-Cherry-Watermelon-Cherry.jpg.webp","datePublished":"2025-06-05T07:54:06+00:00","dateModified":"2026-01-25T08:51:41+00:00","description":"Warum nur ein Flavour? Steuere dein Dampferlebnis individuell. Die Bang Blaze kombiniert ein massives Reservoir mit pr\u00e4ziser Dual-Mesh-Verdampfung. 40.000 Einheiten purer Genuss.","breadcrumb":{"@id":"https:\/\/vapingnet.de\/vape\/bang-blaze-40000-puffs-fruchtiger-doppelter-geschmack-pur\/#breadcrumb"},"inLanguage":"pl-PL","potentialAction":[{"@type":"ReadAction","target":["https:\/\/vapingnet.de\/vape\/bang-blaze-40000-puffs-fruchtiger-doppelter-geschmack-pur\/"]}]},{"@type":"ImageObject","inLanguage":"pl-PL","@id":"https:\/\/vapingnet.de\/vape\/bang-blaze-40000-puffs-fruchtiger-doppelter-geschmack-pur\/#primaryimage","url":"https:\/\/vapingnet.de\/wp-content\/uploads\/2025\/06\/Blueberry-Cranberry-Cherry-Watermelon-Cherry.jpg.webp","contentUrl":"https:\/\/vapingnet.de\/wp-content\/uploads\/2025\/06\/Blueberry-Cranberry-Cherry-Watermelon-Cherry.jpg.webp","width":1000,"height":1000},{"@type":"BreadcrumbList","@id":"https:\/\/vapingnet.de\/vape\/bang-blaze-40000-puffs-fruchtiger-doppelter-geschmack-pur\/#breadcrumb","itemListElement":[{"@type":"ListItem","position":1,"name":"Home","item":"https:\/\/vapingnet.de\/"},{"@type":"ListItem","position":2,"name":"Shop","item":"https:\/\/vapingnet.de\/vape\/"},{"@type":"ListItem","position":3,"name":"Bang Blaze 40000 Puffs Fruchtiger doppelter Geschmack pur"}]},{"@type":"WebSite","@id":"https:\/\/vapingnet.de\/#website","url":"https:\/\/vapingnet.de\/","name":"Vapingnet.de","description":"","publisher":{"@id":"https:\/\/vapingnet.de\/#organization"},"potentialAction":[{"@type":"SearchAction","target":{"@type":"EntryPoint","urlTemplate":"https:\/\/vapingnet.de\/?s={search_term_string}"},"query-input":{"@type":"PropertyValueSpecification","valueRequired":true,"valueName":"search_term_string"}}],"inLanguage":"pl-PL"},{"@type":"Organization","@id":"https:\/\/vapingnet.de\/#organization","name":"Vapingnet.de","url":"https:\/\/vapingnet.de\/","logo":{"@type":"ImageObject","inLanguage":"pl-PL","@id":"https:\/\/vapingnet.de\/#\/schema\/logo\/image\/","url":"https:\/\/vapingnet.de\/wp-content\/uploads\/2025\/03\/cropped-vapingnet.de_.jpg","contentUrl":"https:\/\/vapingnet.de\/wp-content\/uploads\/2025\/03\/cropped-vapingnet.de_.jpg","width":512,"height":512,"caption":"Vapingnet.de"},"image":{"@id":"https:\/\/vapingnet.de\/#\/schema\/logo\/image\/"},"sameAs":["https:\/\/www.facebook.com\/vapingnetde\/"]}]}},"tiered_pricing_type":"fixed","tiered_pricing_fixed_rules":{"10":"8.35","60":"7.52","110":"6.68","200":"5.85"},"tiered_pricing_product_settings":{"layout":"default","base_unit_name":{"singular":null,"plural":null},"default_variation":null},"tiered_pricing_minimum_quantity":null,"tiered_pricing_roles_data":[],"tiered_pricing_percentage_rules":[],"_links":{"self":[{"href":"https:\/\/vapingnet.de\/pl\/wp-json\/wp\/v2\/product\/7017","targetHints":{"allow":["GET"]}}],"collection":[{"href":"https:\/\/vapingnet.de\/pl\/wp-json\/wp\/v2\/product"}],"about":[{"href":"https:\/\/vapingnet.de\/pl\/wp-json\/wp\/v2\/types\/product"}],"version-history":[{"count":3,"href":"https:\/\/vapingnet.de\/pl\/wp-json\/wp\/v2\/product\/7017\/revisions"}],"predecessor-version":[{"id":7532,"href":"https:\/\/vapingnet.de\/pl\/wp-json\/wp\/v2\/product\/7017\/revisions\/7532"}],"wp:featuredmedia":[{"embeddable":true,"href":"https:\/\/vapingnet.de\/pl\/wp-json\/wp\/v2\/media\/7021"}],"wp:attachment":[{"href":"https:\/\/vapingnet.de\/pl\/wp-json\/wp\/v2\/media?parent=7017"}],"wp:term":[{"taxonomy":"brand","embeddable":true,"href":"https:\/\/vapingnet.de\/pl\/wp-json\/wp\/v2\/etheme_brands?post=7017"},{"taxonomy":"product_brand","embeddable":true,"href":"https:\/\/vapingnet.de\/pl\/wp-json\/wp\/v2\/product_brand?post=7017"},{"taxonomy":"product_cat","embeddable":true,"href":"https:\/\/vapingnet.de\/pl\/wp-json\/wp\/v2\/product_cat?post=7017"},{"taxonomy":"product_tag","embeddable":true,"href":"https:\/\/vapingnet.de\/pl\/wp-json\/wp\/v2\/product_tag?post=7017"}],"curies":[{"name":"wp","href":"https:\/\/api.w.org\/{rel}","templated":true}]}}