{"id":7018,"date":"2025-06-05T07:54:08","date_gmt":"2025-06-05T07:54:08","guid":{"rendered":"https:\/\/vapingnet.de\/?post_type=product&#038;p=7018"},"modified":"2026-01-25T08:48:25","modified_gmt":"2026-01-25T08:48:25","slug":"einweg-e-zigarette-bang-blaze-40000-puffs-original-qualitaet","status":"publish","type":"product","link":"https:\/\/vapingnet.de\/pl\/vape\/einweg-e-zigarette-bang-blaze-40000-puffs-original-qualitaet\/","title":{"rendered":"Jednorazowa e-papieros Bang Blaze 40000 Puffs Oryginalna jako\u015b\u0107"},"content":{"rendered":"<h2 data-start=\"49\" data-end=\"121\">Bang Blaze 40000 Puffs \u2013 Tw\u00f3j ostateczny towarzysz na ca\u0142y dzie\u0144<\/h2>\n<p data-start=\"123\" data-end=\"391\" data-immersive-translate-walked=\"ca570db7-cda9-4880-a734-646222dda2a9\" data-immersive-translate-paragraph=\"1\">Wyobra\u017a sobie: masz vape, kt\u00f3ry towarzyszy Ci przez ca\u0142y dzie\u0144 \u2013 bez uci\u0105\u017cliwego uzupe\u0142niania, bez obaw o bateri\u0119. Dok\u0142adnie to oferuje Bang Blaze 40000 Puffs, jednorazowa e-papieros, kt\u00f3ry wyznacza nowe standardy pod wzgl\u0119dem wytrzyma\u0142o\u015bci, smaku i komfortu.<\/p>\n<h3>Co czyni go tak wyj\u0105tkowym?<\/h3>\n<ul data-start=\"426\" data-end=\"1567\" data-immersive-translate-walked=\"ca570db7-cda9-4880-a734-646222dda2a9\">\n<li data-start=\"426\" data-end=\"676\" data-immersive-translate-walked=\"ca570db7-cda9-4880-a734-646222dda2a9\">\n<p data-start=\"428\" data-end=\"676\" data-immersive-translate-walked=\"ca570db7-cda9-4880-a734-646222dda2a9\" data-immersive-translate-paragraph=\"1\">Mega d\u0142ugotrwa\u0142y: z a\u017c do 40 000 puffs\u00f3w jeste\u015b doskonale przygotowany, niezale\u017cnie od tego, czy jeste\u015b w drodze, w biurze czy podczas relaksuj\u0105cego wieczoru z przyjaci\u00f3\u0142mi. Brak konieczno\u015bci ci\u0105g\u0142ego uzupe\u0142niania, brak przerw na \u0142adowanie \u2013 czysta wolno\u015b\u0107 dla Twojego do\u015bwiadczenia z vapem.<\/p>\n<\/li>\n<li data-start=\"678\" data-end=\"1032\" data-immersive-translate-walked=\"ca570db7-cda9-4880-a734-646222dda2a9\">\n<p data-start=\"680\" data-end=\"1032\" data-immersive-translate-walked=\"ca570db7-cda9-4880-a734-646222dda2a9\" data-immersive-translate-paragraph=\"1\">Podw\u00f3jne do\u015bwiadczenie smakowe \u2013 potr\u00f3jne doznania: Dwa wysokiej jako\u015bci aromaty s\u0105 ju\u017c perfekcyjnie wymieszane w 40 ml nape\u0142nionego e-liquidu. Mo\u017cesz \u0142atwo prze\u0142\u0105cza\u0107 si\u0119 mi\u0119dzy smakiem A, smakiem B \u2013 lub nawet miesza\u0107 oba, tworz\u0105c zupe\u0142nie nowy, indywidualny aromat. Z jednym urz\u0105dzeniem otrzymujesz a\u017c trzy doznania smakowe!<\/p>\n<\/li>\n<li data-start=\"1034\" data-end=\"1353\" data-immersive-translate-walked=\"ca570db7-cda9-4880-a734-646222dda2a9\">\n<p data-start=\"1036\" data-end=\"1353\" data-immersive-translate-walked=\"ca570db7-cda9-4880-a734-646222dda2a9\" data-immersive-translate-paragraph=\"1\">Zaawansowana technologia dla idealnego dymu: 0,6\u03a9 Dual Mesh Coil generuje szczeg\u00f3lnie g\u0119sty, aromatyczny dym, kt\u00f3ry rozpieszcza Twoje kubki smakowe. Jednocze\u015bnie trwa\u0142a bateria 650mAh z nowoczesnym szybkim \u0142adowaniem Type-C zapewnia, \u017ce w razie potrzeby szybko wr\u00f3cisz do pe\u0142nej gotowo\u015bci.<\/p>\n<\/li>\n<li data-start=\"1355\" data-end=\"1567\" data-immersive-translate-walked=\"ca570db7-cda9-4880-a734-646222dda2a9\">\n<p data-start=\"1357\" data-end=\"1567\" data-immersive-translate-walked=\"ca570db7-cda9-4880-a734-646222dda2a9\" data-immersive-translate-paragraph=\"1\">Elastyczno\u015b\u0107 w zakresie nikotyny: Niezale\u017cnie od tego, czy chcesz vapowa\u0107 bez nikotyny, czy z wy\u017cszym st\u0119\u017ceniem nikotyny do 5% \u2013 w Bang Blaze znajdziesz odpowiedni\u0105 wersj\u0119 dla swojego indywidualnego do\u015bwiadczenia vapowania.<\/p>\n<\/li>\n<\/ul>\n<h4 data-start=\"1569\" data-end=\"1595\" data-immersive-translate-walked=\"ca570db7-cda9-4880-a734-646222dda2a9\" data-immersive-translate-paragraph=\"1\">Gwiazdy smak\u00f3w:<\/h4>\n<ul data-start=\"1596\" data-end=\"1923\" data-immersive-translate-walked=\"ca570db7-cda9-4880-a734-646222dda2a9\">\n<li data-start=\"1596\" data-end=\"1722\" data-immersive-translate-walked=\"ca570db7-cda9-4880-a734-646222dda2a9\">\n<p data-start=\"1598\" data-end=\"1722\" data-immersive-translate-walked=\"ca570db7-cda9-4880-a734-646222dda2a9\" data-immersive-translate-paragraph=\"1\">Gummy Bear: Owocowy, s\u0142odki klasyk, kt\u00f3ry przypomina Twoje ulubione cukierki \u2013 delikatny, s\u0142odki i po prostu pyszny.<\/p>\n<\/li>\n<li data-start=\"1723\" data-end=\"1923\" data-immersive-translate-walked=\"ca570db7-cda9-4880-a734-646222dda2a9\">\n<p data-start=\"1725\" data-end=\"1923\" data-immersive-translate-walked=\"ca570db7-cda9-4880-a734-646222dda2a9\" data-immersive-translate-paragraph=\"1\">Raspberry Black Glitter: Ekscytuj\u0105cy, tajemniczy aromat, \u0142\u0105cz\u0105cy \u015bwie\u017c\u0105 kwasowo\u015b\u0107 maliny z odrobin\u0105 \u201eBlack Glitter\u201d \u2013 smak, kt\u00f3ry budzi ciekawo\u015b\u0107 i zostaje w pami\u0119ci.<\/p>\n<\/li>\n<\/ul>\n<h4 data-start=\"1930\" data-end=\"1958\" data-immersive-translate-walked=\"ca570db7-cda9-4880-a734-646222dda2a9\" data-immersive-translate-paragraph=\"1\">Dlaczego w\u0142a\u015bnie Bang Blaze?<\/h4>\n<p data-start=\"1960\" data-end=\"2423\" data-immersive-translate-walked=\"ca570db7-cda9-4880-a734-646222dda2a9\" data-immersive-translate-paragraph=\"1\">Poniewa\u017c ten jednorazowy e-papieros potrafi wi\u0119cej ni\u017c tylko dymi\u0107: \u0142\u0105czy innowacyjn\u0105 technologi\u0119 z maksymaln\u0105 przyjazno\u015bci\u0105 dla u\u017cytkownika i szerokim wyborem smak\u00f3w, kt\u00f3re zadowol\u0105 ka\u017cdego. Kompaktowa, por\u0119czna forma czyni go idealnym towarzyszem w podr\u00f3\u017cy \u2013 czy to podczas wyjazd\u00f3w, sportu czy po prostu relaksu. A dzi\u0119ki du\u017cej pojemno\u015bci liquidu i mocnej cewce cieszysz si\u0119 d\u0142ugotrwa\u0142ym, intensywnym do\u015bwiadczeniem vapowania bez kompromis\u00f3w.<\/p>\n<p data-start=\"2430\" data-end=\"2628\" data-immersive-translate-walked=\"ca570db7-cda9-4880-a734-646222dda2a9\" data-immersive-translate-paragraph=\"1\">Na co czekasz? Zdob\u0105d\u017a teraz Bang Blaze 40000 Puffs i przekonaj si\u0119, jak proste i wszechstronne mo\u017ce by\u0107 vapowanie \u2013 z a\u017c do 40 000 zaci\u0105gni\u0119\u0107 i trzema unikalnymi smakami w jednym urz\u0105dzeniu!<\/p>","protected":false},"excerpt":{"rendered":"<p>Bang Blaze 40000 Puffs \u2013 Dein ultimativer Begleiter f\u00fcr den ganzen Tag Stell dir vor: Du hast eine Vape, die dich den ganzen Tag begleitet&#8230;<\/p>","protected":false},"featured_media":7022,"template":"","meta":[],"etheme_brands":[],"product_brand":[101],"product_cat":[65,49,61,87],"product_tag":[],"class_list":{"0":"post-7018","1":"product","2":"type-product","3":"status-publish","4":"has-post-thumbnail","6":"product_brand-bang-king-vape","7":"product_cat-vape-40000-zuege","8":"product_cat-einweg-e-zigarette","9":"product_cat-f","10":"product_cat-v","12":"first","13":"instock","14":"shipping-taxable","15":"purchasable","16":"product-type-simple"},"yoast_head":"<!-- This site is optimized with the Yoast SEO plugin v26.5 - https:\/\/yoast.com\/wordpress\/plugins\/seo\/ -->\n<title>Bang Blaze 40000 Puffs: 0,6\u03a9 Sub-Ohm Dual Mesh Innovation<\/title>\n<meta name=\"description\" content=\"40.000 Z\u00fcge pure Leistung. Die Bang Blaze bietet ein Triple-Taste-System mit 40ml E-Liquid &amp; Fast Charging. W\u00e4hle dein Level von 0% bis 5% Nikotin. Jetzt testen!\" \/>\n<meta name=\"robots\" content=\"index, follow, max-snippet:-1, max-image-preview:large, max-video-preview:-1\" \/>\n<link rel=\"canonical\" href=\"https:\/\/vapingnet.de\/pl\/vape\/einweg-e-zigarette-bang-blaze-40000-puffs-original-qualitaet\/\" \/>\n<meta property=\"og:locale\" content=\"pl_PL\" \/>\n<meta property=\"og:type\" content=\"article\" \/>\n<meta property=\"og:title\" content=\"Bang Blaze 40000 Puffs: 0,6\u03a9 Sub-Ohm Dual Mesh Innovation\" \/>\n<meta property=\"og:description\" content=\"40.000 Z\u00fcge pure Leistung. Die Bang Blaze bietet ein Triple-Taste-System mit 40ml E-Liquid &amp; Fast Charging. W\u00e4hle dein Level von 0% bis 5% Nikotin. Jetzt testen!\" \/>\n<meta property=\"og:url\" content=\"https:\/\/vapingnet.de\/pl\/vape\/einweg-e-zigarette-bang-blaze-40000-puffs-original-qualitaet\/\" \/>\n<meta property=\"og:site_name\" content=\"Vapingnet.de\" \/>\n<meta property=\"article:publisher\" content=\"https:\/\/www.facebook.com\/vapingnetde\/\" \/>\n<meta property=\"article:modified_time\" content=\"2026-01-25T08:48:25+00:00\" \/>\n<meta property=\"og:image\" content=\"https:\/\/vapingnet.de\/wp-content\/uploads\/2025\/06\/Gummy-Bear-Raspberry-Black-Glitter-900x900.jpg.webp\" \/>\n\t<meta property=\"og:image:width\" content=\"1000\" \/>\n\t<meta property=\"og:image:height\" content=\"1000\" \/>\n\t<meta property=\"og:image:type\" content=\"image\/webp\" \/>\n<meta name=\"twitter:card\" content=\"summary_large_image\" \/>\n<meta name=\"twitter:label1\" content=\"Est. reading time\" \/>\n\t<meta name=\"twitter:data1\" content=\"3 minutes\" \/>\n<script type=\"application\/ld+json\" class=\"yoast-schema-graph\">{\"@context\":\"https:\/\/schema.org\",\"@graph\":[{\"@type\":\"WebPage\",\"@id\":\"https:\/\/vapingnet.de\/vape\/einweg-e-zigarette-bang-blaze-40000-puffs-original-qualitaet\/\",\"url\":\"https:\/\/vapingnet.de\/vape\/einweg-e-zigarette-bang-blaze-40000-puffs-original-qualitaet\/\",\"name\":\"Bang Blaze 40000 Puffs: 0,6\u03a9 Sub-Ohm Dual Mesh Innovation\",\"isPartOf\":{\"@id\":\"https:\/\/vapingnet.de\/#website\"},\"primaryImageOfPage\":{\"@id\":\"https:\/\/vapingnet.de\/vape\/einweg-e-zigarette-bang-blaze-40000-puffs-original-qualitaet\/#primaryimage\"},\"image\":{\"@id\":\"https:\/\/vapingnet.de\/vape\/einweg-e-zigarette-bang-blaze-40000-puffs-original-qualitaet\/#primaryimage\"},\"thumbnailUrl\":\"https:\/\/vapingnet.de\/wp-content\/uploads\/2025\/06\/Gummy-Bear-Raspberry-Black-Glitter-900x900.jpg.webp\",\"datePublished\":\"2025-06-05T07:54:08+00:00\",\"dateModified\":\"2026-01-25T08:48:25+00:00\",\"description\":\"40.000 Z\u00fcge pure Leistung. Die Bang Blaze bietet ein Triple-Taste-System mit 40ml E-Liquid & Fast Charging. W\u00e4hle dein Level von 0% bis 5% Nikotin. Jetzt testen!\",\"breadcrumb\":{\"@id\":\"https:\/\/vapingnet.de\/vape\/einweg-e-zigarette-bang-blaze-40000-puffs-original-qualitaet\/#breadcrumb\"},\"inLanguage\":\"pl-PL\",\"potentialAction\":[{\"@type\":\"ReadAction\",\"target\":[\"https:\/\/vapingnet.de\/vape\/einweg-e-zigarette-bang-blaze-40000-puffs-original-qualitaet\/\"]}]},{\"@type\":\"ImageObject\",\"inLanguage\":\"pl-PL\",\"@id\":\"https:\/\/vapingnet.de\/vape\/einweg-e-zigarette-bang-blaze-40000-puffs-original-qualitaet\/#primaryimage\",\"url\":\"https:\/\/vapingnet.de\/wp-content\/uploads\/2025\/06\/Gummy-Bear-Raspberry-Black-Glitter-900x900.jpg.webp\",\"contentUrl\":\"https:\/\/vapingnet.de\/wp-content\/uploads\/2025\/06\/Gummy-Bear-Raspberry-Black-Glitter-900x900.jpg.webp\",\"width\":1000,\"height\":1000},{\"@type\":\"BreadcrumbList\",\"@id\":\"https:\/\/vapingnet.de\/vape\/einweg-e-zigarette-bang-blaze-40000-puffs-original-qualitaet\/#breadcrumb\",\"itemListElement\":[{\"@type\":\"ListItem\",\"position\":1,\"name\":\"Home\",\"item\":\"https:\/\/vapingnet.de\/\"},{\"@type\":\"ListItem\",\"position\":2,\"name\":\"Shop\",\"item\":\"https:\/\/vapingnet.de\/vape\/\"},{\"@type\":\"ListItem\",\"position\":3,\"name\":\"Einweg E Zigarette Bang Blaze 40000 Puffs Original Qualit\u00e4t\"}]},{\"@type\":\"WebSite\",\"@id\":\"https:\/\/vapingnet.de\/#website\",\"url\":\"https:\/\/vapingnet.de\/\",\"name\":\"Vapingnet.de\",\"description\":\"\",\"publisher\":{\"@id\":\"https:\/\/vapingnet.de\/#organization\"},\"potentialAction\":[{\"@type\":\"SearchAction\",\"target\":{\"@type\":\"EntryPoint\",\"urlTemplate\":\"https:\/\/vapingnet.de\/?s={search_term_string}\"},\"query-input\":{\"@type\":\"PropertyValueSpecification\",\"valueRequired\":true,\"valueName\":\"search_term_string\"}}],\"inLanguage\":\"pl-PL\"},{\"@type\":\"Organization\",\"@id\":\"https:\/\/vapingnet.de\/#organization\",\"name\":\"Vapingnet.de\",\"url\":\"https:\/\/vapingnet.de\/\",\"logo\":{\"@type\":\"ImageObject\",\"inLanguage\":\"pl-PL\",\"@id\":\"https:\/\/vapingnet.de\/#\/schema\/logo\/image\/\",\"url\":\"https:\/\/vapingnet.de\/wp-content\/uploads\/2025\/03\/cropped-vapingnet.de_.jpg\",\"contentUrl\":\"https:\/\/vapingnet.de\/wp-content\/uploads\/2025\/03\/cropped-vapingnet.de_.jpg\",\"width\":512,\"height\":512,\"caption\":\"Vapingnet.de\"},\"image\":{\"@id\":\"https:\/\/vapingnet.de\/#\/schema\/logo\/image\/\"},\"sameAs\":[\"https:\/\/www.facebook.com\/vapingnetde\/\"]}]}<\/script>\n<!-- \/ Yoast SEO plugin. -->","yoast_head_json":{"title":"Bang Blaze 40000 Puffs: 0,6\u03a9 Sub-Ohm Dual Mesh Innovation","description":"40.000 Z\u00fcge pure Leistung. Die Bang Blaze bietet ein Triple-Taste-System mit 40ml E-Liquid & Fast Charging. W\u00e4hle dein Level von 0% bis 5% Nikotin. Jetzt testen!","robots":{"index":"index","follow":"follow","max-snippet":"max-snippet:-1","max-image-preview":"max-image-preview:large","max-video-preview":"max-video-preview:-1"},"canonical":"https:\/\/vapingnet.de\/pl\/vape\/einweg-e-zigarette-bang-blaze-40000-puffs-original-qualitaet\/","og_locale":"pl_PL","og_type":"article","og_title":"Bang Blaze 40000 Puffs: 0,6\u03a9 Sub-Ohm Dual Mesh Innovation","og_description":"40.000 Z\u00fcge pure Leistung. Die Bang Blaze bietet ein Triple-Taste-System mit 40ml E-Liquid & Fast Charging. W\u00e4hle dein Level von 0% bis 5% Nikotin. Jetzt testen!","og_url":"https:\/\/vapingnet.de\/pl\/vape\/einweg-e-zigarette-bang-blaze-40000-puffs-original-qualitaet\/","og_site_name":"Vapingnet.de","article_publisher":"https:\/\/www.facebook.com\/vapingnetde\/","article_modified_time":"2026-01-25T08:48:25+00:00","og_image":[{"width":1000,"height":1000,"url":"https:\/\/vapingnet.de\/wp-content\/uploads\/2025\/06\/Gummy-Bear-Raspberry-Black-Glitter-900x900.jpg.webp","type":"image\/webp"}],"twitter_card":"summary_large_image","twitter_misc":{"Est. reading time":"3 minutes"},"schema":{"@context":"https:\/\/schema.org","@graph":[{"@type":"WebPage","@id":"https:\/\/vapingnet.de\/vape\/einweg-e-zigarette-bang-blaze-40000-puffs-original-qualitaet\/","url":"https:\/\/vapingnet.de\/vape\/einweg-e-zigarette-bang-blaze-40000-puffs-original-qualitaet\/","name":"Bang Blaze 40000 Puffs: 0,6\u03a9 Sub-Ohm Dual Mesh Innovation","isPartOf":{"@id":"https:\/\/vapingnet.de\/#website"},"primaryImageOfPage":{"@id":"https:\/\/vapingnet.de\/vape\/einweg-e-zigarette-bang-blaze-40000-puffs-original-qualitaet\/#primaryimage"},"image":{"@id":"https:\/\/vapingnet.de\/vape\/einweg-e-zigarette-bang-blaze-40000-puffs-original-qualitaet\/#primaryimage"},"thumbnailUrl":"https:\/\/vapingnet.de\/wp-content\/uploads\/2025\/06\/Gummy-Bear-Raspberry-Black-Glitter-900x900.jpg.webp","datePublished":"2025-06-05T07:54:08+00:00","dateModified":"2026-01-25T08:48:25+00:00","description":"40.000 Z\u00fcge pure Leistung. Die Bang Blaze bietet ein Triple-Taste-System mit 40ml E-Liquid & Fast Charging. W\u00e4hle dein Level von 0% bis 5% Nikotin. Jetzt testen!","breadcrumb":{"@id":"https:\/\/vapingnet.de\/vape\/einweg-e-zigarette-bang-blaze-40000-puffs-original-qualitaet\/#breadcrumb"},"inLanguage":"pl-PL","potentialAction":[{"@type":"ReadAction","target":["https:\/\/vapingnet.de\/vape\/einweg-e-zigarette-bang-blaze-40000-puffs-original-qualitaet\/"]}]},{"@type":"ImageObject","inLanguage":"pl-PL","@id":"https:\/\/vapingnet.de\/vape\/einweg-e-zigarette-bang-blaze-40000-puffs-original-qualitaet\/#primaryimage","url":"https:\/\/vapingnet.de\/wp-content\/uploads\/2025\/06\/Gummy-Bear-Raspberry-Black-Glitter-900x900.jpg.webp","contentUrl":"https:\/\/vapingnet.de\/wp-content\/uploads\/2025\/06\/Gummy-Bear-Raspberry-Black-Glitter-900x900.jpg.webp","width":1000,"height":1000},{"@type":"BreadcrumbList","@id":"https:\/\/vapingnet.de\/vape\/einweg-e-zigarette-bang-blaze-40000-puffs-original-qualitaet\/#breadcrumb","itemListElement":[{"@type":"ListItem","position":1,"name":"Home","item":"https:\/\/vapingnet.de\/"},{"@type":"ListItem","position":2,"name":"Shop","item":"https:\/\/vapingnet.de\/vape\/"},{"@type":"ListItem","position":3,"name":"Einweg E Zigarette Bang Blaze 40000 Puffs Original Qualit\u00e4t"}]},{"@type":"WebSite","@id":"https:\/\/vapingnet.de\/#website","url":"https:\/\/vapingnet.de\/","name":"Vapingnet.de","description":"","publisher":{"@id":"https:\/\/vapingnet.de\/#organization"},"potentialAction":[{"@type":"SearchAction","target":{"@type":"EntryPoint","urlTemplate":"https:\/\/vapingnet.de\/?s={search_term_string}"},"query-input":{"@type":"PropertyValueSpecification","valueRequired":true,"valueName":"search_term_string"}}],"inLanguage":"pl-PL"},{"@type":"Organization","@id":"https:\/\/vapingnet.de\/#organization","name":"Vapingnet.de","url":"https:\/\/vapingnet.de\/","logo":{"@type":"ImageObject","inLanguage":"pl-PL","@id":"https:\/\/vapingnet.de\/#\/schema\/logo\/image\/","url":"https:\/\/vapingnet.de\/wp-content\/uploads\/2025\/03\/cropped-vapingnet.de_.jpg","contentUrl":"https:\/\/vapingnet.de\/wp-content\/uploads\/2025\/03\/cropped-vapingnet.de_.jpg","width":512,"height":512,"caption":"Vapingnet.de"},"image":{"@id":"https:\/\/vapingnet.de\/#\/schema\/logo\/image\/"},"sameAs":["https:\/\/www.facebook.com\/vapingnetde\/"]}]}},"tiered_pricing_type":"fixed","tiered_pricing_fixed_rules":{"10":"8.35","60":"7.52","110":"6.68","200":"5.85"},"tiered_pricing_product_settings":{"layout":"default","base_unit_name":{"singular":null,"plural":null},"default_variation":null},"tiered_pricing_minimum_quantity":null,"tiered_pricing_roles_data":[],"tiered_pricing_percentage_rules":[],"_links":{"self":[{"href":"https:\/\/vapingnet.de\/pl\/wp-json\/wp\/v2\/product\/7018","targetHints":{"allow":["GET"]}}],"collection":[{"href":"https:\/\/vapingnet.de\/pl\/wp-json\/wp\/v2\/product"}],"about":[{"href":"https:\/\/vapingnet.de\/pl\/wp-json\/wp\/v2\/types\/product"}],"version-history":[{"count":1,"href":"https:\/\/vapingnet.de\/pl\/wp-json\/wp\/v2\/product\/7018\/revisions"}],"predecessor-version":[{"id":7027,"href":"https:\/\/vapingnet.de\/pl\/wp-json\/wp\/v2\/product\/7018\/revisions\/7027"}],"wp:featuredmedia":[{"embeddable":true,"href":"https:\/\/vapingnet.de\/pl\/wp-json\/wp\/v2\/media\/7022"}],"wp:attachment":[{"href":"https:\/\/vapingnet.de\/pl\/wp-json\/wp\/v2\/media?parent=7018"}],"wp:term":[{"taxonomy":"brand","embeddable":true,"href":"https:\/\/vapingnet.de\/pl\/wp-json\/wp\/v2\/etheme_brands?post=7018"},{"taxonomy":"product_brand","embeddable":true,"href":"https:\/\/vapingnet.de\/pl\/wp-json\/wp\/v2\/product_brand?post=7018"},{"taxonomy":"product_cat","embeddable":true,"href":"https:\/\/vapingnet.de\/pl\/wp-json\/wp\/v2\/product_cat?post=7018"},{"taxonomy":"product_tag","embeddable":true,"href":"https:\/\/vapingnet.de\/pl\/wp-json\/wp\/v2\/product_tag?post=7018"}],"curies":[{"name":"wp","href":"https:\/\/api.w.org\/{rel}","templated":true}]}}