{"id":7037,"date":"2025-06-06T03:35:30","date_gmt":"2025-06-06T03:35:30","guid":{"rendered":"https:\/\/vapingnet.de\/?post_type=product&#038;p=7037"},"modified":"2026-01-25T08:39:12","modified_gmt":"2026-01-25T08:39:12","slug":"bang-blaze-40000-puffs-einweg-vape-mit-power-und-stil","status":"publish","type":"product","link":"https:\/\/vapingnet.de\/pl\/vape\/bang-blaze-40000-puffs-einweg-vape-mit-power-und-stil\/","title":{"rendered":"Bang Blaze 40000 Puffs Jednorazowa Vape z moc\u0105 i stylem"},"content":{"rendered":"<h2>Bang Blaze 40000 Puffs \u2013 Wszechstronno\u015b\u0107 pod ka\u017cdym wzgl\u0119dem<\/h2>\n<p data-start=\"151\" data-end=\"481\" data-immersive-translate-paragraph=\"1\" data-immersive-translate-walked=\"5e9e62ef-980b-4cb8-b012-77453f084619\">Z Bang Blaze 40000 Puffs rozpoczyna si\u0119 nowa era wapowania. To wydajne <a href=\"https:\/\/vapingnet.de\/pl\/k\/einweg-e-zigarette\/\" target=\"_blank\" rel=\"noopener\"><strong>Jednorazowa e-papieros<\/strong><\/a> nie tylko oferuje imponuj\u0105c\u0105 wytrzyma\u0142o\u015b\u0107, ale tak\u017ce intensywne, potr\u00f3jne doznanie smakowe w kompaktowym urz\u0105dzeniu. Zaprojektowane dla tych, kt\u00f3rzy ceni\u0105 r\u00f3\u017cnorodno\u015b\u0107, jako\u015b\u0107 dymu i niezawodn\u0105 technologi\u0119.<\/p>\n<h4 data-start=\"488\" data-end=\"512\" data-immersive-translate-walked=\"5e9e62ef-980b-4cb8-b012-77453f084619\">Przegl\u0105d produktu<\/h4>\n<div class=\"_tableContainer_16hzy_1\" data-immersive-translate-walked=\"5e9e62ef-980b-4cb8-b012-77453f084619\">\n<div class=\"_tableWrapper_16hzy_14 group flex w-fit flex-col-reverse\" tabindex=\"-1\" data-immersive-translate-walked=\"5e9e62ef-980b-4cb8-b012-77453f084619\">\n<table class=\"w-fit min-w-(--thread-content-width)\" style=\"height: 337px;\" width=\"814\" data-start=\"514\" data-end=\"1244\" data-immersive-translate-walked=\"5e9e62ef-980b-4cb8-b012-77453f084619\">\n<thead data-start=\"514\" data-end=\"587\" data-immersive-translate-walked=\"5e9e62ef-980b-4cb8-b012-77453f084619\">\n<tr data-start=\"514\" data-end=\"587\" data-immersive-translate-walked=\"5e9e62ef-980b-4cb8-b012-77453f084619\">\n<th data-start=\"514\" data-end=\"545\" data-col-size=\"sm\" data-immersive-translate-walked=\"5e9e62ef-980b-4cb8-b012-77453f084619\" data-immersive-translate-paragraph=\"1\">Dane techniczne<\/th>\n<th data-start=\"545\" data-end=\"587\" data-col-size=\"sm\" data-immersive-translate-walked=\"5e9e62ef-980b-4cb8-b012-77453f084619\" data-immersive-translate-paragraph=\"1\">Szczeg\u00f3\u0142y<\/th>\n<\/tr>\n<\/thead>\n<tbody data-start=\"661\" data-end=\"1244\" data-immersive-translate-walked=\"5e9e62ef-980b-4cb8-b012-77453f084619\">\n<tr data-start=\"661\" data-end=\"733\" data-immersive-translate-walked=\"5e9e62ef-980b-4cb8-b012-77453f084619\">\n<td data-start=\"661\" data-end=\"691\" data-col-size=\"sm\" data-immersive-translate-walked=\"5e9e62ef-980b-4cb8-b012-77453f084619\" data-immersive-translate-paragraph=\"1\">Model<\/td>\n<td data-col-size=\"sm\" data-start=\"691\" data-end=\"733\" data-immersive-translate-walked=\"5e9e62ef-980b-4cb8-b012-77453f084619\" data-immersive-translate-paragraph=\"1\">Bang Blaze 40000 Pali<\/td>\n<\/tr>\n<tr data-start=\"734\" data-end=\"806\" data-immersive-translate-walked=\"5e9e62ef-980b-4cb8-b012-77453f084619\">\n<td data-start=\"734\" data-end=\"764\" data-col-size=\"sm\" data-immersive-translate-walked=\"5e9e62ef-980b-4cb8-b012-77453f084619\" data-immersive-translate-paragraph=\"1\">Liczba zaci\u0105gni\u0119\u0107<\/td>\n<td data-col-size=\"sm\" data-start=\"764\" data-end=\"806\" data-immersive-translate-walked=\"5e9e62ef-980b-4cb8-b012-77453f084619\" data-immersive-translate-paragraph=\"1\">Do 40 000<\/td>\n<\/tr>\n<tr data-start=\"807\" data-end=\"879\" data-immersive-translate-walked=\"5e9e62ef-980b-4cb8-b012-77453f084619\">\n<td data-start=\"807\" data-end=\"837\" data-col-size=\"sm\" data-immersive-translate-walked=\"5e9e62ef-980b-4cb8-b012-77453f084619\" data-immersive-translate-paragraph=\"1\">E-liquid<\/td>\n<td data-col-size=\"sm\" data-start=\"837\" data-end=\"879\" data-immersive-translate-walked=\"5e9e62ef-980b-4cb8-b012-77453f084619\" data-immersive-translate-paragraph=\"1\">40 ml (dwa nape\u0142nione aromaty)<\/td>\n<\/tr>\n<tr data-start=\"880\" data-end=\"952\" data-immersive-translate-walked=\"5e9e62ef-980b-4cb8-b012-77453f084619\">\n<td data-start=\"880\" data-end=\"910\" data-col-size=\"sm\" data-immersive-translate-walked=\"5e9e62ef-980b-4cb8-b012-77453f084619\" data-immersive-translate-paragraph=\"1\">Akumulator<\/td>\n<td data-col-size=\"sm\" data-start=\"910\" data-end=\"952\" data-immersive-translate-walked=\"5e9e62ef-980b-4cb8-b012-77453f084619\" data-immersive-translate-paragraph=\"1\">650 mAh, wielokrotnego \u0142adowania<\/td>\n<\/tr>\n<tr data-start=\"953\" data-end=\"1025\" data-immersive-translate-walked=\"5e9e62ef-980b-4cb8-b012-77453f084619\">\n<td data-start=\"953\" data-end=\"983\" data-col-size=\"sm\" data-immersive-translate-walked=\"5e9e62ef-980b-4cb8-b012-77453f084619\" data-immersive-translate-paragraph=\"1\">Gniazdo \u0142adowania<\/td>\n<td data-col-size=\"sm\" data-start=\"983\" data-end=\"1025\" data-immersive-translate-walked=\"5e9e62ef-980b-4cb8-b012-77453f084619\" data-immersive-translate-paragraph=\"1\">USB Type-C<\/td>\n<\/tr>\n<tr data-start=\"1026\" data-end=\"1098\" data-immersive-translate-walked=\"5e9e62ef-980b-4cb8-b012-77453f084619\">\n<td data-start=\"1026\" data-end=\"1056\" data-col-size=\"sm\" data-immersive-translate-walked=\"5e9e62ef-980b-4cb8-b012-77453f084619\" data-immersive-translate-paragraph=\"1\">Coil<\/td>\n<td data-col-size=\"sm\" data-start=\"1056\" data-end=\"1098\" data-immersive-translate-walked=\"5e9e62ef-980b-4cb8-b012-77453f084619\" data-immersive-translate-paragraph=\"1\">0,6 Ohm Dual Mesh<\/td>\n<\/tr>\n<tr data-start=\"1099\" data-end=\"1171\" data-immersive-translate-walked=\"5e9e62ef-980b-4cb8-b012-77453f084619\">\n<td data-start=\"1099\" data-end=\"1129\" data-col-size=\"sm\" data-immersive-translate-walked=\"5e9e62ef-980b-4cb8-b012-77453f084619\" data-immersive-translate-paragraph=\"1\">Zawarto\u015b\u0107 nikotyny<\/td>\n<td data-col-size=\"sm\" data-start=\"1129\" data-end=\"1171\" data-immersive-translate-walked=\"5e9e62ef-980b-4cb8-b012-77453f084619\">0 %, 2 %, 3 %, 5 %<\/td>\n<\/tr>\n<tr data-start=\"1172\" data-end=\"1244\" data-immersive-translate-walked=\"5e9e62ef-980b-4cb8-b012-77453f084619\">\n<td data-start=\"1172\" data-end=\"1202\" data-col-size=\"sm\" data-immersive-translate-walked=\"5e9e62ef-980b-4cb8-b012-77453f084619\" data-immersive-translate-paragraph=\"1\">Aromaty<\/td>\n<td data-col-size=\"sm\" data-start=\"1202\" data-end=\"1244\" data-immersive-translate-walked=\"5e9e62ef-980b-4cb8-b012-77453f084619\" data-immersive-translate-paragraph=\"1\">Pink Lemonade \/ Blueberry Cherry Lemon<\/td>\n<\/tr>\n<\/tbody>\n<\/table>\n<div class=\"sticky end-(--thread-content-margin) h-0 self-end select-none\" data-immersive-translate-walked=\"5e9e62ef-980b-4cb8-b012-77453f084619\">\n<div class=\"absolute end-0 flex items-end\" data-immersive-translate-walked=\"5e9e62ef-980b-4cb8-b012-77453f084619\"><\/div>\n<\/div>\n<\/div>\n<\/div>\n<h4 data-start=\"1251\" data-end=\"1290\" data-immersive-translate-walked=\"5e9e62ef-980b-4cb8-b012-77453f084619\">Trzy smaki w jednym urz\u0105dzeniu<\/h4>\n<p data-start=\"1292\" data-end=\"1583\" data-immersive-translate-paragraph=\"1\" data-immersive-translate-walked=\"5e9e62ef-980b-4cb8-b012-77453f084619\">Dzi\u0119ki funkcji Triple Taste Experience Bang Blaze wyr\u00f3\u017cnia si\u0119 znacznie na tle klasycznych vape'\u00f3w. Dwie oddzielne komory aromatyczne pozwalaj\u0105 na cieszenie si\u0119 smakiem A, smakiem B lub ich kombinacj\u0105. W ten spos\u00f3b powstaje zupe\u0142nie nowy, trzeci smak \u2013 bez konieczno\u015bci zmiany urz\u0105dzenia.<\/p>\n<ul data-start=\"1585\" data-end=\"1814\" data-immersive-translate-walked=\"5e9e62ef-980b-4cb8-b012-77453f084619\">\n<li data-start=\"1585\" data-end=\"1656\" data-immersive-translate-walked=\"5e9e62ef-980b-4cb8-b012-77453f084619\">\n<p data-start=\"1587\" data-end=\"1656\" data-immersive-translate-walked=\"5e9e62ef-980b-4cb8-b012-77453f084619\" data-immersive-translate-paragraph=\"1\">Pink Lemonade: \u015awie\u017cy, orze\u017awiaj\u0105cy, owocowy \u2013 idealny na lato.<\/p>\n<\/li>\n<li data-start=\"1657\" data-end=\"1740\" data-immersive-translate-walked=\"5e9e62ef-980b-4cb8-b012-77453f084619\">\n<p data-start=\"1659\" data-end=\"1740\" data-immersive-translate-walked=\"5e9e62ef-980b-4cb8-b012-77453f084619\" data-immersive-translate-paragraph=\"1\">Blueberry Cherry Lemon: Owocowy, intensywny z nut\u0105 s\u0142odyczy i kwasowo\u015bci.<\/p>\n<\/li>\n<li data-start=\"1741\" data-end=\"1814\" data-immersive-translate-walked=\"5e9e62ef-980b-4cb8-b012-77453f084619\">\n<p data-start=\"1743\" data-end=\"1814\" data-immersive-translate-walked=\"5e9e62ef-980b-4cb8-b012-77453f084619\" data-immersive-translate-paragraph=\"1\">Mieszanka: Indywidualna, zr\u00f3wnowa\u017cona mieszanka obu sk\u0142adnik\u00f3w.<\/p>\n<\/li>\n<\/ul>\n<h4 data-start=\"1821\" data-end=\"1850\" data-immersive-translate-walked=\"5e9e62ef-980b-4cb8-b012-77453f084619\">Technologia spotyka przyjemno\u015b\u0107<\/h4>\n<p data-start=\"1852\" data-end=\"2200\" data-immersive-translate-paragraph=\"1\" data-immersive-translate-walked=\"5e9e62ef-980b-4cb8-b012-77453f084619\">Wbudowany 0,6 Ohm Dual Mesh Coil zapewnia g\u0119sty dym i r\u00f3wnomierne rozprowadzanie ciep\u0142a. Efekt: jedwabiste, aromatyczne doznanie, kt\u00f3re przekona zar\u00f3wno pocz\u0105tkuj\u0105cych, jak i do\u015bwiadczonych vaper\u00f3w. Dzi\u0119ki z\u0142\u0105czu \u0142adowania Type-C bateria \u0142aduje si\u0119 szybko i bezproblemowo \u2013 dla nieprzerwanej u\u017cytkowania.<\/p>\n<h3>Dla kogo jest Bang Blaze?<\/h3>\n<p data-start=\"2252\" data-end=\"2290\" data-immersive-translate-paragraph=\"1\" data-immersive-translate-walked=\"5e9e62ef-980b-4cb8-b012-77453f084619\">Ten model jest idealny dla tych, kt\u00f3rzy\u2026<\/p>\n<ul data-start=\"2292\" data-end=\"2591\" data-immersive-translate-walked=\"5e9e62ef-980b-4cb8-b012-77453f084619\">\n<li data-start=\"2292\" data-end=\"2348\" data-immersive-translate-walked=\"5e9e62ef-980b-4cb8-b012-77453f084619\">\n<p data-start=\"2294\" data-end=\"2348\" data-immersive-translate-walked=\"5e9e62ef-980b-4cb8-b012-77453f084619\" data-immersive-translate-paragraph=\"1\">poszukuj\u0105 urz\u0105dzenia o d\u0142ugiej \u017cywotno\u015bci i du\u017cej liczbie zaci\u0105gni\u0119\u0107<\/p>\n<\/li>\n<li data-start=\"2349\" data-end=\"2400\" data-immersive-translate-walked=\"5e9e62ef-980b-4cb8-b012-77453f084619\">\n<p data-start=\"2351\" data-end=\"2400\" data-immersive-translate-walked=\"5e9e62ef-980b-4cb8-b012-77453f084619\" data-immersive-translate-paragraph=\"1\">chc\u0105 elastycznie korzysta\u0107 z r\u00f3\u017cnych aromat\u00f3w<\/p>\n<\/li>\n<li data-start=\"2401\" data-end=\"2459\" data-immersive-translate-walked=\"5e9e62ef-980b-4cb8-b012-77453f084619\">\n<p data-start=\"2403\" data-end=\"2459\" data-immersive-translate-walked=\"5e9e62ef-980b-4cb8-b012-77453f084619\" data-immersive-translate-paragraph=\"1\">k\u0142a\u015b\u0107 nacisk na szybkie \u0142adowanie i nowoczesn\u0105 technologi\u0119<\/p>\n<\/li>\n<li data-start=\"2460\" data-end=\"2535\" data-immersive-translate-walked=\"5e9e62ef-980b-4cb8-b012-77453f084619\">\n<p data-start=\"2462\" data-end=\"2535\" data-immersive-translate-walked=\"5e9e62ef-980b-4cb8-b012-77453f084619\" data-immersive-translate-paragraph=\"1\">chcie\u0107 prostego, gotowego do u\u017cycia do\u015bwiadczenia vape<\/p>\n<\/li>\n<li data-start=\"2536\" data-end=\"2591\" data-immersive-translate-walked=\"5e9e62ef-980b-4cb8-b012-77453f084619\">\n<p data-start=\"2538\" data-end=\"2591\" data-immersive-translate-walked=\"5e9e62ef-980b-4cb8-b012-77453f084619\" data-immersive-translate-paragraph=\"1\">chcie\u0107 wybiera\u0107 spo\u015br\u00f3d r\u00f3\u017cnych poziom\u00f3w nikotyny<\/p>\n<\/li>\n<\/ul>\n<p data-start=\"2613\" data-end=\"2875\" data-immersive-translate-paragraph=\"1\" data-immersive-translate-walked=\"5e9e62ef-980b-4cb8-b012-77453f084619\">The <a href=\"https:\/\/vapingnet.de\/pl\/bang-blaze-40000-puffs\/\" target=\"_blank\" rel=\"noopener\"><strong>Bang Blaze 40000 Pali<\/strong><\/a> jest wi\u0119cej ni\u017c tylko jednorazowym e-papierosem \u2013 to wielofunkcyjne rozwi\u0105zanie vapowania dla wymagaj\u0105cych vapor\u00f3w. Dzi\u0119ki systemowi podw\u00f3jnych smak\u00f3w, mocnej baterii i wysokiej jako\u015bci pary, przekonuje na ka\u017cdym kroku.<\/p>\n<p data-start=\"2877\" data-end=\"2939\" data-is-last-node=\"\" data-is-only-node=\"\" data-immersive-translate-walked=\"5e9e62ef-980b-4cb8-b012-77453f084619\">Zam\u00f3w teraz i na nowo odkryj wolno\u015b\u0107 vapowania.<\/p>","protected":false},"excerpt":{"rendered":"<p>Bang Blaze 40000 Puffs \u2013 Wszechstronno\u015b\u0107 na ka\u017cdym kroku Z Bang Blaze 40000 Puffs zaczyna si\u0119 nowa era parowania. Ten mocny jednorazowy e-papieros...<\/p>","protected":false},"featured_media":7041,"template":"","meta":[],"etheme_brands":[],"product_brand":[101],"product_cat":[65,49,61,87],"product_tag":[],"class_list":{"0":"post-7037","1":"product","2":"type-product","3":"status-publish","4":"has-post-thumbnail","6":"product_brand-bang-king-vape","7":"product_cat-vape-40000-zuege","8":"product_cat-einweg-e-zigarette","9":"product_cat-f","10":"product_cat-v","12":"first","13":"instock","14":"shipping-taxable","15":"purchasable","16":"product-type-simple"},"yoast_head":"<!-- This site is optimized with the Yoast SEO plugin v26.5 - https:\/\/yoast.com\/wordpress\/plugins\/seo\/ -->\n<title>Bang Blaze 40000 Puffs Einweg Vape mit Power und Stil | Vapingnet.de<\/title>\n<meta name=\"description\" content=\"Entdecke Bang Blaze 40000 Puffs Einweg Vape mit Power und Stil bei vapingnet.de, \u25ba Gro\u00dfe Auswahl an Geschmacksrichtungen &amp; super g\u00fcnstig!\" \/>\n<meta name=\"robots\" content=\"index, follow, max-snippet:-1, max-image-preview:large, max-video-preview:-1\" \/>\n<link rel=\"canonical\" href=\"https:\/\/vapingnet.de\/pl\/vape\/bang-blaze-40000-puffs-einweg-vape-mit-power-und-stil\/\" \/>\n<meta property=\"og:locale\" content=\"pl_PL\" \/>\n<meta property=\"og:type\" content=\"article\" \/>\n<meta property=\"og:title\" content=\"Bang Blaze 40000 Puffs Einweg Vape mit Power und Stil | Vapingnet.de\" \/>\n<meta property=\"og:description\" content=\"Entdecke Bang Blaze 40000 Puffs Einweg Vape mit Power und Stil bei vapingnet.de, \u25ba Gro\u00dfe Auswahl an Geschmacksrichtungen &amp; super g\u00fcnstig!\" \/>\n<meta property=\"og:url\" content=\"https:\/\/vapingnet.de\/pl\/vape\/bang-blaze-40000-puffs-einweg-vape-mit-power-und-stil\/\" \/>\n<meta property=\"og:site_name\" content=\"Vapingnet.de\" \/>\n<meta property=\"article:publisher\" content=\"https:\/\/www.facebook.com\/vapingnetde\/\" \/>\n<meta property=\"article:modified_time\" content=\"2026-01-25T08:39:12+00:00\" \/>\n<meta property=\"og:image\" content=\"https:\/\/vapingnet.de\/wp-content\/uploads\/2025\/06\/Pink-Lemonade-Blueberry-Cherry-Lemon.jpg.webp\" \/>\n\t<meta property=\"og:image:width\" content=\"1000\" \/>\n\t<meta property=\"og:image:height\" content=\"1000\" \/>\n\t<meta property=\"og:image:type\" content=\"image\/webp\" \/>\n<meta name=\"twitter:card\" content=\"summary_large_image\" \/>\n<meta name=\"twitter:label1\" content=\"Est. reading time\" \/>\n\t<meta name=\"twitter:data1\" content=\"2 minutes\" \/>\n<script type=\"application\/ld+json\" class=\"yoast-schema-graph\">{\"@context\":\"https:\/\/schema.org\",\"@graph\":[{\"@type\":\"WebPage\",\"@id\":\"https:\/\/vapingnet.de\/vape\/bang-blaze-40000-puffs-einweg-vape-mit-power-und-stil\/\",\"url\":\"https:\/\/vapingnet.de\/vape\/bang-blaze-40000-puffs-einweg-vape-mit-power-und-stil\/\",\"name\":\"Bang Blaze 40000 Puffs Einweg Vape mit Power und Stil | Vapingnet.de\",\"isPartOf\":{\"@id\":\"https:\/\/vapingnet.de\/#website\"},\"primaryImageOfPage\":{\"@id\":\"https:\/\/vapingnet.de\/vape\/bang-blaze-40000-puffs-einweg-vape-mit-power-und-stil\/#primaryimage\"},\"image\":{\"@id\":\"https:\/\/vapingnet.de\/vape\/bang-blaze-40000-puffs-einweg-vape-mit-power-und-stil\/#primaryimage\"},\"thumbnailUrl\":\"https:\/\/vapingnet.de\/wp-content\/uploads\/2025\/06\/Pink-Lemonade-Blueberry-Cherry-Lemon.jpg.webp\",\"datePublished\":\"2025-06-06T03:35:30+00:00\",\"dateModified\":\"2026-01-25T08:39:12+00:00\",\"description\":\"Entdecke Bang Blaze 40000 Puffs Einweg Vape mit Power und Stil bei vapingnet.de, \u25ba Gro\u00dfe Auswahl an Geschmacksrichtungen & super g\u00fcnstig!\",\"breadcrumb\":{\"@id\":\"https:\/\/vapingnet.de\/vape\/bang-blaze-40000-puffs-einweg-vape-mit-power-und-stil\/#breadcrumb\"},\"inLanguage\":\"pl-PL\",\"potentialAction\":[{\"@type\":\"ReadAction\",\"target\":[\"https:\/\/vapingnet.de\/vape\/bang-blaze-40000-puffs-einweg-vape-mit-power-und-stil\/\"]}]},{\"@type\":\"ImageObject\",\"inLanguage\":\"pl-PL\",\"@id\":\"https:\/\/vapingnet.de\/vape\/bang-blaze-40000-puffs-einweg-vape-mit-power-und-stil\/#primaryimage\",\"url\":\"https:\/\/vapingnet.de\/wp-content\/uploads\/2025\/06\/Pink-Lemonade-Blueberry-Cherry-Lemon.jpg.webp\",\"contentUrl\":\"https:\/\/vapingnet.de\/wp-content\/uploads\/2025\/06\/Pink-Lemonade-Blueberry-Cherry-Lemon.jpg.webp\",\"width\":1000,\"height\":1000},{\"@type\":\"BreadcrumbList\",\"@id\":\"https:\/\/vapingnet.de\/vape\/bang-blaze-40000-puffs-einweg-vape-mit-power-und-stil\/#breadcrumb\",\"itemListElement\":[{\"@type\":\"ListItem\",\"position\":1,\"name\":\"Home\",\"item\":\"https:\/\/vapingnet.de\/\"},{\"@type\":\"ListItem\",\"position\":2,\"name\":\"Shop\",\"item\":\"https:\/\/vapingnet.de\/vape\/\"},{\"@type\":\"ListItem\",\"position\":3,\"name\":\"Bang Blaze 40000 Puffs Einweg Vape mit Power und Stil\"}]},{\"@type\":\"WebSite\",\"@id\":\"https:\/\/vapingnet.de\/#website\",\"url\":\"https:\/\/vapingnet.de\/\",\"name\":\"Vapingnet.de\",\"description\":\"\",\"publisher\":{\"@id\":\"https:\/\/vapingnet.de\/#organization\"},\"potentialAction\":[{\"@type\":\"SearchAction\",\"target\":{\"@type\":\"EntryPoint\",\"urlTemplate\":\"https:\/\/vapingnet.de\/?s={search_term_string}\"},\"query-input\":{\"@type\":\"PropertyValueSpecification\",\"valueRequired\":true,\"valueName\":\"search_term_string\"}}],\"inLanguage\":\"pl-PL\"},{\"@type\":\"Organization\",\"@id\":\"https:\/\/vapingnet.de\/#organization\",\"name\":\"Vapingnet.de\",\"url\":\"https:\/\/vapingnet.de\/\",\"logo\":{\"@type\":\"ImageObject\",\"inLanguage\":\"pl-PL\",\"@id\":\"https:\/\/vapingnet.de\/#\/schema\/logo\/image\/\",\"url\":\"https:\/\/vapingnet.de\/wp-content\/uploads\/2025\/03\/cropped-vapingnet.de_.jpg\",\"contentUrl\":\"https:\/\/vapingnet.de\/wp-content\/uploads\/2025\/03\/cropped-vapingnet.de_.jpg\",\"width\":512,\"height\":512,\"caption\":\"Vapingnet.de\"},\"image\":{\"@id\":\"https:\/\/vapingnet.de\/#\/schema\/logo\/image\/\"},\"sameAs\":[\"https:\/\/www.facebook.com\/vapingnetde\/\"]}]}<\/script>\n<!-- \/ Yoast SEO plugin. -->","yoast_head_json":{"title":"Bang Blaze 40000 Puffs Einweg Vape mit Power und Stil | Vapingnet.de","description":"Entdecke Bang Blaze 40000 Puffs Einweg Vape mit Power und Stil bei vapingnet.de, \u25ba Gro\u00dfe Auswahl an Geschmacksrichtungen & super g\u00fcnstig!","robots":{"index":"index","follow":"follow","max-snippet":"max-snippet:-1","max-image-preview":"max-image-preview:large","max-video-preview":"max-video-preview:-1"},"canonical":"https:\/\/vapingnet.de\/pl\/vape\/bang-blaze-40000-puffs-einweg-vape-mit-power-und-stil\/","og_locale":"pl_PL","og_type":"article","og_title":"Bang Blaze 40000 Puffs Einweg Vape mit Power und Stil | Vapingnet.de","og_description":"Entdecke Bang Blaze 40000 Puffs Einweg Vape mit Power und Stil bei vapingnet.de, \u25ba Gro\u00dfe Auswahl an Geschmacksrichtungen & super g\u00fcnstig!","og_url":"https:\/\/vapingnet.de\/pl\/vape\/bang-blaze-40000-puffs-einweg-vape-mit-power-und-stil\/","og_site_name":"Vapingnet.de","article_publisher":"https:\/\/www.facebook.com\/vapingnetde\/","article_modified_time":"2026-01-25T08:39:12+00:00","og_image":[{"width":1000,"height":1000,"url":"https:\/\/vapingnet.de\/wp-content\/uploads\/2025\/06\/Pink-Lemonade-Blueberry-Cherry-Lemon.jpg.webp","type":"image\/webp"}],"twitter_card":"summary_large_image","twitter_misc":{"Est. reading time":"2 minutes"},"schema":{"@context":"https:\/\/schema.org","@graph":[{"@type":"WebPage","@id":"https:\/\/vapingnet.de\/vape\/bang-blaze-40000-puffs-einweg-vape-mit-power-und-stil\/","url":"https:\/\/vapingnet.de\/vape\/bang-blaze-40000-puffs-einweg-vape-mit-power-und-stil\/","name":"Bang Blaze 40000 Puffs Einweg Vape mit Power und Stil | Vapingnet.de","isPartOf":{"@id":"https:\/\/vapingnet.de\/#website"},"primaryImageOfPage":{"@id":"https:\/\/vapingnet.de\/vape\/bang-blaze-40000-puffs-einweg-vape-mit-power-und-stil\/#primaryimage"},"image":{"@id":"https:\/\/vapingnet.de\/vape\/bang-blaze-40000-puffs-einweg-vape-mit-power-und-stil\/#primaryimage"},"thumbnailUrl":"https:\/\/vapingnet.de\/wp-content\/uploads\/2025\/06\/Pink-Lemonade-Blueberry-Cherry-Lemon.jpg.webp","datePublished":"2025-06-06T03:35:30+00:00","dateModified":"2026-01-25T08:39:12+00:00","description":"Entdecke Bang Blaze 40000 Puffs Einweg Vape mit Power und Stil bei vapingnet.de, \u25ba Gro\u00dfe Auswahl an Geschmacksrichtungen & super g\u00fcnstig!","breadcrumb":{"@id":"https:\/\/vapingnet.de\/vape\/bang-blaze-40000-puffs-einweg-vape-mit-power-und-stil\/#breadcrumb"},"inLanguage":"pl-PL","potentialAction":[{"@type":"ReadAction","target":["https:\/\/vapingnet.de\/vape\/bang-blaze-40000-puffs-einweg-vape-mit-power-und-stil\/"]}]},{"@type":"ImageObject","inLanguage":"pl-PL","@id":"https:\/\/vapingnet.de\/vape\/bang-blaze-40000-puffs-einweg-vape-mit-power-und-stil\/#primaryimage","url":"https:\/\/vapingnet.de\/wp-content\/uploads\/2025\/06\/Pink-Lemonade-Blueberry-Cherry-Lemon.jpg.webp","contentUrl":"https:\/\/vapingnet.de\/wp-content\/uploads\/2025\/06\/Pink-Lemonade-Blueberry-Cherry-Lemon.jpg.webp","width":1000,"height":1000},{"@type":"BreadcrumbList","@id":"https:\/\/vapingnet.de\/vape\/bang-blaze-40000-puffs-einweg-vape-mit-power-und-stil\/#breadcrumb","itemListElement":[{"@type":"ListItem","position":1,"name":"Home","item":"https:\/\/vapingnet.de\/"},{"@type":"ListItem","position":2,"name":"Shop","item":"https:\/\/vapingnet.de\/vape\/"},{"@type":"ListItem","position":3,"name":"Bang Blaze 40000 Puffs Einweg Vape mit Power und Stil"}]},{"@type":"WebSite","@id":"https:\/\/vapingnet.de\/#website","url":"https:\/\/vapingnet.de\/","name":"Vapingnet.de","description":"","publisher":{"@id":"https:\/\/vapingnet.de\/#organization"},"potentialAction":[{"@type":"SearchAction","target":{"@type":"EntryPoint","urlTemplate":"https:\/\/vapingnet.de\/?s={search_term_string}"},"query-input":{"@type":"PropertyValueSpecification","valueRequired":true,"valueName":"search_term_string"}}],"inLanguage":"pl-PL"},{"@type":"Organization","@id":"https:\/\/vapingnet.de\/#organization","name":"Vapingnet.de","url":"https:\/\/vapingnet.de\/","logo":{"@type":"ImageObject","inLanguage":"pl-PL","@id":"https:\/\/vapingnet.de\/#\/schema\/logo\/image\/","url":"https:\/\/vapingnet.de\/wp-content\/uploads\/2025\/03\/cropped-vapingnet.de_.jpg","contentUrl":"https:\/\/vapingnet.de\/wp-content\/uploads\/2025\/03\/cropped-vapingnet.de_.jpg","width":512,"height":512,"caption":"Vapingnet.de"},"image":{"@id":"https:\/\/vapingnet.de\/#\/schema\/logo\/image\/"},"sameAs":["https:\/\/www.facebook.com\/vapingnetde\/"]}]}},"tiered_pricing_type":"fixed","tiered_pricing_fixed_rules":{"10":"8.35","60":"7.52","110":"6.68","200":"5.85"},"tiered_pricing_product_settings":{"layout":"default","base_unit_name":{"singular":null,"plural":null},"default_variation":null},"tiered_pricing_minimum_quantity":null,"tiered_pricing_roles_data":[],"tiered_pricing_percentage_rules":[],"_links":{"self":[{"href":"https:\/\/vapingnet.de\/pl\/wp-json\/wp\/v2\/product\/7037","targetHints":{"allow":["GET"]}}],"collection":[{"href":"https:\/\/vapingnet.de\/pl\/wp-json\/wp\/v2\/product"}],"about":[{"href":"https:\/\/vapingnet.de\/pl\/wp-json\/wp\/v2\/types\/product"}],"version-history":[{"count":3,"href":"https:\/\/vapingnet.de\/pl\/wp-json\/wp\/v2\/product\/7037\/revisions"}],"predecessor-version":[{"id":7527,"href":"https:\/\/vapingnet.de\/pl\/wp-json\/wp\/v2\/product\/7037\/revisions\/7527"}],"wp:featuredmedia":[{"embeddable":true,"href":"https:\/\/vapingnet.de\/pl\/wp-json\/wp\/v2\/media\/7041"}],"wp:attachment":[{"href":"https:\/\/vapingnet.de\/pl\/wp-json\/wp\/v2\/media?parent=7037"}],"wp:term":[{"taxonomy":"brand","embeddable":true,"href":"https:\/\/vapingnet.de\/pl\/wp-json\/wp\/v2\/etheme_brands?post=7037"},{"taxonomy":"product_brand","embeddable":true,"href":"https:\/\/vapingnet.de\/pl\/wp-json\/wp\/v2\/product_brand?post=7037"},{"taxonomy":"product_cat","embeddable":true,"href":"https:\/\/vapingnet.de\/pl\/wp-json\/wp\/v2\/product_cat?post=7037"},{"taxonomy":"product_tag","embeddable":true,"href":"https:\/\/vapingnet.de\/pl\/wp-json\/wp\/v2\/product_tag?post=7037"}],"curies":[{"name":"wp","href":"https:\/\/api.w.org\/{rel}","templated":true}]}}