{"id":7075,"date":"2025-06-10T07:09:02","date_gmt":"2025-06-10T07:09:02","guid":{"rendered":"https:\/\/vapingnet.de\/?post_type=product&#038;p=7075"},"modified":"2026-01-24T08:18:43","modified_gmt":"2026-01-24T08:18:43","slug":"so-viel-aroma-in-einer-vape-bang-blaze-60000-puffs-erleben","status":"publish","type":"product","link":"https:\/\/vapingnet.de\/pl\/vape\/so-viel-aroma-in-einer-vape-bang-blaze-60000-puffs-erleben\/","title":{"rendered":"Tak du\u017co aromatu w jednym vape Bang Blaze 60000 Puffs do\u015bwiadcz"},"content":{"rendered":"<h2 data-path-to-node=\"2\">Raport techniczny: Architektura Bang Blaze 60000 Pali<\/h2>\n<p data-path-to-node=\"3\"><span class=\"\">W obecnym rozwoju e-papieros\u00f3w Bang Blaze 60000 Pali wyznacza prze\u0142om.<\/span><span class=\"\"> Urz\u0105dzenie \u0142amie z tradycj\u0105 jednorazowych e-papieros\u00f3w,<\/span><span class=\"\"> kt\u00f3re cz\u0119sto s\u0142u\u017cy\u0142y tylko jako kr\u00f3tkotrwa\u0142e rozwi\u0105zanie awaryjne.<\/span><span class=\"\"> Zamiast tego prezentuje system,<\/span><span class=\"\"> kt\u00f3ry dzi\u0119ki masywnemu depozytowi liquidu i mechanicznej logice wyboru tworzy most do profesjonalnego sprz\u0119tu.<\/span><\/p>\n<h3 data-path-to-node=\"4\">Zasada Quad-Tank: fizyczne oddzielenie dla czystych aromat\u00f3w<\/h3>\n<p data-path-to-node=\"5\"><span class=\"\">Decyduj\u0105c\u0105 zalet\u0105 tego modelu jest konstrukcja wn\u0119trza.<\/span><span class=\"\"> W przeciwie\u0144stwie do tradycyjnych system\u00f3w,<\/span><span class=\"\"> kt\u00f3re pr\u00f3buj\u0105,<\/span><span class=\"\"> symulowa\u0107 r\u00f3\u017cne aromaty poprzez mieszanki,<\/span><span class=\"\"> Bang Blaze korzysta z prawdziwego <\/span>systemu wielokomorowego<span class=\"\">.<\/span><span class=\"\"> Ka\u017cda z czterech sekcji jest autonomiczna,<\/span><span class=\"\"> co wyklucza krzy\u017cowe zanieczyszczenie smak\u00f3w.<\/span><\/p>\n<p data-path-to-node=\"6\"><span class=\"\">Obecny zestaw oferuje dynamiczny wyb\u00f3r:<\/span><\/p>\n<ul data-path-to-node=\"7\">\n<li>\n<p data-path-to-node=\"7,0,0\">Blueberry Ice:<span class=\"\"> Ch\u0142odna interpretacja g\u0142\u0119boko niebieskich ekstrakt\u00f3w z jag\u00f3d.<\/span><\/p>\n<\/li>\n<li>\n<p data-path-to-node=\"7,1,0\">Peach Mango Watermelon:<span class=\"\"> Z\u0142o\u017cone po\u0142\u0105czenie owoc\u00f3w z wysok\u0105 g\u0119sto\u015bci\u0105 aromatyczn\u0105.<\/span><\/p>\n<\/li>\n<li>\n<p data-path-to-node=\"7,2,0\">Poca\u0142unek pasji<span class=\"\"> Kompozycja,<\/span><span class=\"\"> oparty na kwasie marakui.<\/span><\/p>\n<\/li>\n<li>\n<p data-path-to-node=\"7,3,0\">Melon Jab\u0142ko:<span class=\"\"> Synergia chrupi\u0105cej kwasowo\u015bci owocowej i \u0142agodnej s\u0142odyczy.<\/span><\/p>\n<\/li>\n<\/ul>\n<p data-path-to-node=\"8\"><span class=\"\">Poprzez prosty obr\u00f3t obudowy kierunek przep\u0142ywu powietrza jest skierowany na odpowiedni\u0105 komor\u0119.<\/span><span class=\"\"> To daje u\u017cytkownikowi pe\u0142n\u0105 kontrol\u0119 nad jego percepcj\u0105 sensoryczn\u0105.<\/span><\/p>\n<h3 data-path-to-node=\"9\">Dane techniczne: Pojemno\u015b\u0107 powy\u017cej normy<\/h3>\n<h4 data-path-to-node=\"10\">56 ml zbiornik na p\u0142yn<\/h4>\n<p data-path-to-node=\"11\"><span class=\"\">Wielko\u015b\u0107 pojemno\u015bci nape\u0142niania jest bezprecedensowa dla urz\u0105dzenia tej klasy.<\/span><span class=\"\"> Z <\/span>56 ml e-liquid<span class=\"\"> operuje Bang Blaze w zakresie,<\/span><span class=\"\"> kt\u00f3re jest znane tylko z du\u017cych opakowa\u0144 butelkowych.<\/span><span class=\"\"> Ta ilo\u015b\u0107 jest dok\u0142adnie dostosowana do \u017cywotno\u015bci sprz\u0119tu,<\/span><span class=\"\"> do nawet <\/span>60.000 cykli inhalacji<span class=\"\"> aby zrealizowa\u0107.<\/span><\/p>\n<h4 data-path-to-node=\"12\">Interfejs siatkowy o oporno\u015bci 1,0 Ohma<\/h4>\n<p data-path-to-node=\"13\"><span class=\"\">Aby skutecznie odparowa\u0107 t\u0119 obj\u0119to\u015b\u0107,<\/span><span class=\"\"> ustawia Bang Blaze na <\/span>Element grzewczy z siatk\u0105 strukturaln\u0105<span class=\"\">.<\/span><span class=\"\"> Op\u00f3r 1,<\/span><span class=\"\">0 Ohm zapewnia umiarkowan\u0105 temperatur\u0119 przy jednoczesnej wysokiej g\u0119sto\u015bci pary.<\/span><span class=\"\"> Tkanina siatkowa zwi\u0119ksza powierzchni\u0119 kontaktu z p\u0142ynem,<\/span><span class=\"\"> co gwarantuje natychmiastowe i r\u00f3wnomierne wydobycie smaku.<\/span><\/p>\n<h4 data-path-to-node=\"14\">Zasoby energii i regeneracja<\/h4>\n<p data-path-to-node=\"15\"><span class=\"\">Aby mo\u017cliwe by\u0142o wykorzystanie du\u017cej ilo\u015bci p\u0142ynu do ko\u0144ca,<\/span><span class=\"\"> zainstalowano <\/span>650-mAh magazyn energii<span class=\"\"> zamontowany.<\/span><span class=\"\"> Integracja <\/span>z\u0142\u0105cza USB-C<span class=\"\"> umo\u017cliwia szybkie odnawianie baterii.<\/span><span class=\"\"> Przekszta\u0142ca to urz\u0105dzenie z jednorazowego produktu w trwa\u0142e narz\u0119dzie do codziennego u\u017cytku.<\/span><\/p>\n<h3 data-path-to-node=\"17\">Matryca techniczna<\/h3>\n<table style=\"height: 241px;\" width=\"620\" data-path-to-node=\"18\">\n<thead>\n<tr>\n<td>Parametry<\/td>\n<td>Specyfikacja<\/td>\n<\/tr>\n<\/thead>\n<tbody>\n<tr>\n<td>Tryb pracy<\/td>\n<td>Mechaniczny 4-stopniowy obr\u00f3t<\/td>\n<\/tr>\n<tr>\n<td>Zasi\u0119g<\/td>\n<td>Do 60 000 puf\u00f3w<\/td>\n<\/tr>\n<tr>\n<td>Pojemno\u015b\u0107 zbiornika<\/td>\n<td>56 ml (wielokomorowy)<\/td>\n<\/tr>\n<tr>\n<td>Op\u00f3r<\/td>\n<td>1,0 Ohm Technologia siatki<\/td>\n<\/tr>\n<tr>\n<td>Interfejs \u0142adowania<\/td>\n<td>Typ USB-C<\/td>\n<\/tr>\n<tr>\n<td>Poziomy nikotyny<\/td>\n<td>0%<\/td>\n<\/tr>\n<\/tbody>\n<\/table>\n<h4 data-path-to-node=\"20\">Wniosek dla profesjonalnego vapera<\/h4>\n<p data-path-to-node=\"21\"><span class=\"\">Bang Blaze 60000 Puffs adresuje dwa g\u0142\u00f3wne problemy rynku:<\/span><span class=\"\"> brak r\u00f3\u017cnorodno\u015bci i zbyt kr\u00f3tkie cykle \u017cyciowe.<\/span><span class=\"\"> Dzi\u0119ki mo\u017cliwo\u015bci,<\/span><span class=\"\"> przenoszenia czterech aromat\u00f3w w por\u0119cznym formacie,<\/span><span class=\"\"> przenoszenie wielu urz\u0105dze\u0144 staje si\u0119 zb\u0119dne.<\/span><span class=\"\"> Gwarantowana obs\u0142uga bez dodatkowych op\u0142at celnych czyni zakup dla ko\u0144cowego u\u017cytkownika przejrzystym i bezpiecznym.<\/span><\/p>\n<p data-path-to-node=\"22\"><span class=\"\">To urz\u0105dzenie jest odpowiedzi\u0105 na zapotrzebowanie na bardziej wydajne,<\/span><span class=\"\"> trwalsze i smakowo zr\u00f3\u017cnicowane rozwi\u0105zania do wapowania.<\/span><\/p>","protected":false},"excerpt":{"rendered":"<p>Raport techniczny: Architektura Bang Blaze 60000 Puffs W obecnym rozwoju waporyzator\u00f3w Bang Blaze 60000 Puffs wyznacza prze\u0142om. Urz\u0105dzenie...<\/p>","protected":false},"featured_media":7079,"template":"","meta":[],"etheme_brands":[],"product_brand":[101],"product_cat":[93,49,61,87],"product_tag":[],"class_list":{"0":"post-7075","1":"product","2":"type-product","3":"status-publish","4":"has-post-thumbnail","6":"product_brand-bang-king-vape","7":"product_cat-60k-vape","8":"product_cat-einweg-e-zigarette","9":"product_cat-f","10":"product_cat-v","12":"first","13":"instock","14":"shipping-taxable","15":"purchasable","16":"product-type-simple"},"yoast_head":"<!-- This site is optimized with the Yoast SEO plugin v26.5 - https:\/\/yoast.com\/wordpress\/plugins\/seo\/ -->\n<title>Bang Blaze 60000 | Quad-Tank Vape (56ml) | Jetzt zollfrei kaufen<\/title>\n<meta name=\"description\" content=\"4 Tanks, 1 Ger\u00e4t: Der Bang Blaze 60000 Puffs liefert 56ml Liquid &amp; mechanischen Geschmackswechsel. Entdecken Sie 60.000 Z\u00fcge Pr\u00e4zisions-Dampfen ohne Zoll-Stress!\" \/>\n<meta name=\"robots\" content=\"index, follow, max-snippet:-1, max-image-preview:large, max-video-preview:-1\" \/>\n<link rel=\"canonical\" href=\"https:\/\/vapingnet.de\/pl\/vape\/so-viel-aroma-in-einer-vape-bang-blaze-60000-puffs-erleben\/\" \/>\n<meta property=\"og:locale\" content=\"pl_PL\" \/>\n<meta property=\"og:type\" content=\"article\" \/>\n<meta property=\"og:title\" content=\"Bang Blaze 60000 | Quad-Tank Vape (56ml) | Jetzt zollfrei kaufen\" \/>\n<meta property=\"og:description\" content=\"4 Tanks, 1 Ger\u00e4t: Der Bang Blaze 60000 Puffs liefert 56ml Liquid &amp; mechanischen Geschmackswechsel. Entdecken Sie 60.000 Z\u00fcge Pr\u00e4zisions-Dampfen ohne Zoll-Stress!\" \/>\n<meta property=\"og:url\" content=\"https:\/\/vapingnet.de\/pl\/vape\/so-viel-aroma-in-einer-vape-bang-blaze-60000-puffs-erleben\/\" \/>\n<meta property=\"og:site_name\" content=\"Vapingnet.de\" \/>\n<meta property=\"article:publisher\" content=\"https:\/\/www.facebook.com\/vapingnetde\/\" \/>\n<meta property=\"article:modified_time\" content=\"2026-01-24T08:18:43+00:00\" \/>\n<meta property=\"og:image\" content=\"https:\/\/vapingnet.de\/wp-content\/uploads\/2025\/06\/blueberry-ice-peach-mango-watermelon-passion-kiss-melon-apple.jpg.webp\" \/>\n\t<meta property=\"og:image:width\" content=\"1000\" \/>\n\t<meta property=\"og:image:height\" content=\"1000\" \/>\n\t<meta property=\"og:image:type\" content=\"image\/webp\" \/>\n<meta name=\"twitter:card\" content=\"summary_large_image\" \/>\n<meta name=\"twitter:label1\" content=\"Est. reading time\" \/>\n\t<meta name=\"twitter:data1\" content=\"3 minutes\" \/>\n<script type=\"application\/ld+json\" class=\"yoast-schema-graph\">{\"@context\":\"https:\/\/schema.org\",\"@graph\":[{\"@type\":\"WebPage\",\"@id\":\"https:\/\/vapingnet.de\/vape\/so-viel-aroma-in-einer-vape-bang-blaze-60000-puffs-erleben\/\",\"url\":\"https:\/\/vapingnet.de\/vape\/so-viel-aroma-in-einer-vape-bang-blaze-60000-puffs-erleben\/\",\"name\":\"Bang Blaze 60000 | Quad-Tank Vape (56ml) | Jetzt zollfrei kaufen\",\"isPartOf\":{\"@id\":\"https:\/\/vapingnet.de\/#website\"},\"primaryImageOfPage\":{\"@id\":\"https:\/\/vapingnet.de\/vape\/so-viel-aroma-in-einer-vape-bang-blaze-60000-puffs-erleben\/#primaryimage\"},\"image\":{\"@id\":\"https:\/\/vapingnet.de\/vape\/so-viel-aroma-in-einer-vape-bang-blaze-60000-puffs-erleben\/#primaryimage\"},\"thumbnailUrl\":\"https:\/\/vapingnet.de\/wp-content\/uploads\/2025\/06\/blueberry-ice-peach-mango-watermelon-passion-kiss-melon-apple.jpg.webp\",\"datePublished\":\"2025-06-10T07:09:02+00:00\",\"dateModified\":\"2026-01-24T08:18:43+00:00\",\"description\":\"4 Tanks, 1 Ger\u00e4t: Der Bang Blaze 60000 Puffs liefert 56ml Liquid & mechanischen Geschmackswechsel. Entdecken Sie 60.000 Z\u00fcge Pr\u00e4zisions-Dampfen ohne Zoll-Stress!\",\"breadcrumb\":{\"@id\":\"https:\/\/vapingnet.de\/vape\/so-viel-aroma-in-einer-vape-bang-blaze-60000-puffs-erleben\/#breadcrumb\"},\"inLanguage\":\"pl-PL\",\"potentialAction\":[{\"@type\":\"ReadAction\",\"target\":[\"https:\/\/vapingnet.de\/vape\/so-viel-aroma-in-einer-vape-bang-blaze-60000-puffs-erleben\/\"]}]},{\"@type\":\"ImageObject\",\"inLanguage\":\"pl-PL\",\"@id\":\"https:\/\/vapingnet.de\/vape\/so-viel-aroma-in-einer-vape-bang-blaze-60000-puffs-erleben\/#primaryimage\",\"url\":\"https:\/\/vapingnet.de\/wp-content\/uploads\/2025\/06\/blueberry-ice-peach-mango-watermelon-passion-kiss-melon-apple.jpg.webp\",\"contentUrl\":\"https:\/\/vapingnet.de\/wp-content\/uploads\/2025\/06\/blueberry-ice-peach-mango-watermelon-passion-kiss-melon-apple.jpg.webp\",\"width\":1000,\"height\":1000},{\"@type\":\"BreadcrumbList\",\"@id\":\"https:\/\/vapingnet.de\/vape\/so-viel-aroma-in-einer-vape-bang-blaze-60000-puffs-erleben\/#breadcrumb\",\"itemListElement\":[{\"@type\":\"ListItem\",\"position\":1,\"name\":\"Home\",\"item\":\"https:\/\/vapingnet.de\/\"},{\"@type\":\"ListItem\",\"position\":2,\"name\":\"Shop\",\"item\":\"https:\/\/vapingnet.de\/vape\/\"},{\"@type\":\"ListItem\",\"position\":3,\"name\":\"So Viel Aroma in Einer Vape Bang Blaze 60000 Puffs Erleben\"}]},{\"@type\":\"WebSite\",\"@id\":\"https:\/\/vapingnet.de\/#website\",\"url\":\"https:\/\/vapingnet.de\/\",\"name\":\"Vapingnet.de\",\"description\":\"\",\"publisher\":{\"@id\":\"https:\/\/vapingnet.de\/#organization\"},\"potentialAction\":[{\"@type\":\"SearchAction\",\"target\":{\"@type\":\"EntryPoint\",\"urlTemplate\":\"https:\/\/vapingnet.de\/?s={search_term_string}\"},\"query-input\":{\"@type\":\"PropertyValueSpecification\",\"valueRequired\":true,\"valueName\":\"search_term_string\"}}],\"inLanguage\":\"pl-PL\"},{\"@type\":\"Organization\",\"@id\":\"https:\/\/vapingnet.de\/#organization\",\"name\":\"Vapingnet.de\",\"url\":\"https:\/\/vapingnet.de\/\",\"logo\":{\"@type\":\"ImageObject\",\"inLanguage\":\"pl-PL\",\"@id\":\"https:\/\/vapingnet.de\/#\/schema\/logo\/image\/\",\"url\":\"https:\/\/vapingnet.de\/wp-content\/uploads\/2025\/03\/cropped-vapingnet.de_.jpg\",\"contentUrl\":\"https:\/\/vapingnet.de\/wp-content\/uploads\/2025\/03\/cropped-vapingnet.de_.jpg\",\"width\":512,\"height\":512,\"caption\":\"Vapingnet.de\"},\"image\":{\"@id\":\"https:\/\/vapingnet.de\/#\/schema\/logo\/image\/\"},\"sameAs\":[\"https:\/\/www.facebook.com\/vapingnetde\/\"]}]}<\/script>\n<!-- \/ Yoast SEO plugin. -->","yoast_head_json":{"title":"Bang Blaze 60000 | Quad-Tank Vape (56ml) | Jetzt zollfrei kaufen","description":"4 Tanks, 1 Ger\u00e4t: Der Bang Blaze 60000 Puffs liefert 56ml Liquid & mechanischen Geschmackswechsel. Entdecken Sie 60.000 Z\u00fcge Pr\u00e4zisions-Dampfen ohne Zoll-Stress!","robots":{"index":"index","follow":"follow","max-snippet":"max-snippet:-1","max-image-preview":"max-image-preview:large","max-video-preview":"max-video-preview:-1"},"canonical":"https:\/\/vapingnet.de\/pl\/vape\/so-viel-aroma-in-einer-vape-bang-blaze-60000-puffs-erleben\/","og_locale":"pl_PL","og_type":"article","og_title":"Bang Blaze 60000 | Quad-Tank Vape (56ml) | Jetzt zollfrei kaufen","og_description":"4 Tanks, 1 Ger\u00e4t: Der Bang Blaze 60000 Puffs liefert 56ml Liquid & mechanischen Geschmackswechsel. Entdecken Sie 60.000 Z\u00fcge Pr\u00e4zisions-Dampfen ohne Zoll-Stress!","og_url":"https:\/\/vapingnet.de\/pl\/vape\/so-viel-aroma-in-einer-vape-bang-blaze-60000-puffs-erleben\/","og_site_name":"Vapingnet.de","article_publisher":"https:\/\/www.facebook.com\/vapingnetde\/","article_modified_time":"2026-01-24T08:18:43+00:00","og_image":[{"width":1000,"height":1000,"url":"https:\/\/vapingnet.de\/wp-content\/uploads\/2025\/06\/blueberry-ice-peach-mango-watermelon-passion-kiss-melon-apple.jpg.webp","type":"image\/webp"}],"twitter_card":"summary_large_image","twitter_misc":{"Est. reading time":"3 minutes"},"schema":{"@context":"https:\/\/schema.org","@graph":[{"@type":"WebPage","@id":"https:\/\/vapingnet.de\/vape\/so-viel-aroma-in-einer-vape-bang-blaze-60000-puffs-erleben\/","url":"https:\/\/vapingnet.de\/vape\/so-viel-aroma-in-einer-vape-bang-blaze-60000-puffs-erleben\/","name":"Bang Blaze 60000 | Quad-Tank Vape (56ml) | Jetzt zollfrei kaufen","isPartOf":{"@id":"https:\/\/vapingnet.de\/#website"},"primaryImageOfPage":{"@id":"https:\/\/vapingnet.de\/vape\/so-viel-aroma-in-einer-vape-bang-blaze-60000-puffs-erleben\/#primaryimage"},"image":{"@id":"https:\/\/vapingnet.de\/vape\/so-viel-aroma-in-einer-vape-bang-blaze-60000-puffs-erleben\/#primaryimage"},"thumbnailUrl":"https:\/\/vapingnet.de\/wp-content\/uploads\/2025\/06\/blueberry-ice-peach-mango-watermelon-passion-kiss-melon-apple.jpg.webp","datePublished":"2025-06-10T07:09:02+00:00","dateModified":"2026-01-24T08:18:43+00:00","description":"4 Tanks, 1 Ger\u00e4t: Der Bang Blaze 60000 Puffs liefert 56ml Liquid & mechanischen Geschmackswechsel. Entdecken Sie 60.000 Z\u00fcge Pr\u00e4zisions-Dampfen ohne Zoll-Stress!","breadcrumb":{"@id":"https:\/\/vapingnet.de\/vape\/so-viel-aroma-in-einer-vape-bang-blaze-60000-puffs-erleben\/#breadcrumb"},"inLanguage":"pl-PL","potentialAction":[{"@type":"ReadAction","target":["https:\/\/vapingnet.de\/vape\/so-viel-aroma-in-einer-vape-bang-blaze-60000-puffs-erleben\/"]}]},{"@type":"ImageObject","inLanguage":"pl-PL","@id":"https:\/\/vapingnet.de\/vape\/so-viel-aroma-in-einer-vape-bang-blaze-60000-puffs-erleben\/#primaryimage","url":"https:\/\/vapingnet.de\/wp-content\/uploads\/2025\/06\/blueberry-ice-peach-mango-watermelon-passion-kiss-melon-apple.jpg.webp","contentUrl":"https:\/\/vapingnet.de\/wp-content\/uploads\/2025\/06\/blueberry-ice-peach-mango-watermelon-passion-kiss-melon-apple.jpg.webp","width":1000,"height":1000},{"@type":"BreadcrumbList","@id":"https:\/\/vapingnet.de\/vape\/so-viel-aroma-in-einer-vape-bang-blaze-60000-puffs-erleben\/#breadcrumb","itemListElement":[{"@type":"ListItem","position":1,"name":"Home","item":"https:\/\/vapingnet.de\/"},{"@type":"ListItem","position":2,"name":"Shop","item":"https:\/\/vapingnet.de\/vape\/"},{"@type":"ListItem","position":3,"name":"So Viel Aroma in Einer Vape Bang Blaze 60000 Puffs Erleben"}]},{"@type":"WebSite","@id":"https:\/\/vapingnet.de\/#website","url":"https:\/\/vapingnet.de\/","name":"Vapingnet.de","description":"","publisher":{"@id":"https:\/\/vapingnet.de\/#organization"},"potentialAction":[{"@type":"SearchAction","target":{"@type":"EntryPoint","urlTemplate":"https:\/\/vapingnet.de\/?s={search_term_string}"},"query-input":{"@type":"PropertyValueSpecification","valueRequired":true,"valueName":"search_term_string"}}],"inLanguage":"pl-PL"},{"@type":"Organization","@id":"https:\/\/vapingnet.de\/#organization","name":"Vapingnet.de","url":"https:\/\/vapingnet.de\/","logo":{"@type":"ImageObject","inLanguage":"pl-PL","@id":"https:\/\/vapingnet.de\/#\/schema\/logo\/image\/","url":"https:\/\/vapingnet.de\/wp-content\/uploads\/2025\/03\/cropped-vapingnet.de_.jpg","contentUrl":"https:\/\/vapingnet.de\/wp-content\/uploads\/2025\/03\/cropped-vapingnet.de_.jpg","width":512,"height":512,"caption":"Vapingnet.de"},"image":{"@id":"https:\/\/vapingnet.de\/#\/schema\/logo\/image\/"},"sameAs":["https:\/\/www.facebook.com\/vapingnetde\/"]}]}},"tiered_pricing_type":"fixed","tiered_pricing_fixed_rules":{"10":"12.15","60":"10.94","110":"9.72","200":"8.51"},"tiered_pricing_product_settings":{"layout":"default","base_unit_name":{"singular":null,"plural":null},"default_variation":null},"tiered_pricing_minimum_quantity":null,"tiered_pricing_roles_data":[],"tiered_pricing_percentage_rules":[],"_links":{"self":[{"href":"https:\/\/vapingnet.de\/pl\/wp-json\/wp\/v2\/product\/7075","targetHints":{"allow":["GET"]}}],"collection":[{"href":"https:\/\/vapingnet.de\/pl\/wp-json\/wp\/v2\/product"}],"about":[{"href":"https:\/\/vapingnet.de\/pl\/wp-json\/wp\/v2\/types\/product"}],"version-history":[{"count":3,"href":"https:\/\/vapingnet.de\/pl\/wp-json\/wp\/v2\/product\/7075\/revisions"}],"predecessor-version":[{"id":7516,"href":"https:\/\/vapingnet.de\/pl\/wp-json\/wp\/v2\/product\/7075\/revisions\/7516"}],"wp:featuredmedia":[{"embeddable":true,"href":"https:\/\/vapingnet.de\/pl\/wp-json\/wp\/v2\/media\/7079"}],"wp:attachment":[{"href":"https:\/\/vapingnet.de\/pl\/wp-json\/wp\/v2\/media?parent=7075"}],"wp:term":[{"taxonomy":"brand","embeddable":true,"href":"https:\/\/vapingnet.de\/pl\/wp-json\/wp\/v2\/etheme_brands?post=7075"},{"taxonomy":"product_brand","embeddable":true,"href":"https:\/\/vapingnet.de\/pl\/wp-json\/wp\/v2\/product_brand?post=7075"},{"taxonomy":"product_cat","embeddable":true,"href":"https:\/\/vapingnet.de\/pl\/wp-json\/wp\/v2\/product_cat?post=7075"},{"taxonomy":"product_tag","embeddable":true,"href":"https:\/\/vapingnet.de\/pl\/wp-json\/wp\/v2\/product_tag?post=7075"}],"curies":[{"name":"wp","href":"https:\/\/api.w.org\/{rel}","templated":true}]}}