{"id":7130,"date":"2025-06-12T05:50:57","date_gmt":"2025-06-12T05:50:57","guid":{"rendered":"https:\/\/vapingnet.de\/?post_type=product&#038;p=7130"},"modified":"2026-01-24T08:18:40","modified_gmt":"2026-01-24T08:18:40","slug":"bang-blaze-60000-puffs-die-neue-dimension-des-dampfens","status":"publish","type":"product","link":"https:\/\/vapingnet.de\/pl\/vape\/bang-blaze-60000-puffs-die-neue-dimension-des-dampfens\/","title":{"rendered":"Bang Blaze 60000 Puffs Nowy wymiar vapingu"},"content":{"rendered":"<h2 data-path-to-node=\"2\">Bang Blaze 60000 Pali<\/h2>\n<p data-path-to-node=\"3\">Bang Blaze 60000 Puffs oznacza prze\u0142om w rozwoju jednorazowych e-papieros\u00f3w. Podczas gdy tradycyjne urz\u0105dzenia ograniczaj\u0105 u\u017cytkownika do jednego smaku, Bang Blaze prze\u0142amuje te granice. Oferuje nie tylko rekordow\u0105 liczb\u0119 poci\u0105gni\u0119\u0107, ale tak\u017ce integruje cztery r\u00f3\u017cne smaki w jednym, kompaktowym obudowie.<\/p>\n<h3 data-path-to-node=\"4\">Maksymalna elastyczno\u015b\u0107 dzi\u0119ki systemowi Multi-Flavor<\/h3>\n<p data-path-to-node=\"5\">Serce Bang Blaze stanowi innowacyjny system obrotowy lub prze\u0142\u0105cznik. Zamiast nosi\u0107 ze sob\u0105 kilka urz\u0105dze\u0144, prze\u0142\u0105czasz si\u0119 r\u0119cznie mi\u0119dzy czterema idealnie dopasowanymi smakami. Funkcja ta jest idealna dla vaper\u00f3w, kt\u00f3rzy lubi\u0105 r\u00f3\u017cnorodno\u015b\u0107 lub preferuj\u0105 r\u00f3\u017cne profile smakowe w ci\u0105gu dnia.<\/p>\n<p data-path-to-node=\"6\">Wbudowane smaki w tym modelu obejmuj\u0105:<\/p>\n<ul data-path-to-node=\"7\">\n<li>\n<p data-path-to-node=\"7,0,0\">Truskawka Arbuz: Klasyczna, s\u0142odka kombinacja na ca\u0142y dzie\u0144.<\/p>\n<\/li>\n<li>\n<p data-path-to-node=\"7,1,0\">Kiwi Passion Fruit Guava: Egzotyczny mix z tropikaln\u0105 g\u0142\u0119bi\u0105.<\/p>\n<\/li>\n<li>\n<p data-path-to-node=\"7,2,0\">Mango Ice: Intensywne mango z ch\u0142odz\u0105cym, od\u015bwie\u017caj\u0105cym finiszem.<\/p>\n<\/li>\n<li>\n<p data-path-to-node=\"7,3,0\">Watermelon Sour Peach: Ekscytuj\u0105ca r\u00f3wnowaga mi\u0119dzy s\u0142odycz\u0105 a delikatn\u0105 kwasowo\u015bci\u0105.<\/p>\n<\/li>\n<\/ul>\n<h3 data-path-to-node=\"8\">Wyj\u0105tkowe parametry wydajno\u015bci<\/h3>\n<h4 data-path-to-node=\"9\">56ml pojemno\u015bci na p\u0142yn dla d\u0142ugotrwa\u0142ego u\u017cytkowania<\/h4>\n<p data-path-to-node=\"10\">Przy \u0142\u0105cznej obj\u0119to\u015bci 56ml nape\u0142nionego e-liquidu, Bang Blaze nale\u017cy do najbardziej pojemnych urz\u0105dze\u0144 na \u015bwiecie. Ta ogromna ilo\u015b\u0107 jest precyzyjnie dostosowana do <a href=\"https:\/\/vapingnet.de\/pl\/k\/60k-vape\/\" target=\"_blank\" rel=\"noopener\"><strong>60 000 poci\u0105gni\u0119\u0107<\/strong><\/a> co zapobiega wysychaniu waty (Dry Hits) a\u017c do ko\u0144ca.<\/p>\n<h4>Technologia Mesh-Coil 1,0 Ohma<\/h4>\n<p data-path-to-node=\"12\">Aby wiernie odtworzy\u0107 cztery r\u00f3\u017cne smaki, u\u017cywa si\u0119 wysokiej jako\u015bci cewki mesh o oporno\u015bci 1,0 Ohma. Zapewnia ona ekstremalnie szybkie nagrzewanie i r\u00f3wnomiern\u0105 produkcj\u0119 pary, co wzmacnia smak i maksymalizuje trwa\u0142o\u015b\u0107 nawini\u0119cia.<\/p>\n<h4 data-path-to-node=\"13\">Inteligentne zarz\u0105dzanie energi\u0105<\/h4>\n<p data-path-to-node=\"14\">Pomimo swojej pojemno\u015bci, urz\u0105dzenie pozostaje por\u0119czne. Wbudowany akumulator 650mAh mo\u017cna wygodnie na\u0142adowa\u0107 przez port USB-C. Zapewnia to, \u017ce energia nigdy nie wyczerpie si\u0119 przed p\u0142ynem.<\/p>\n<p>&nbsp;<\/p>\n<h3 data-path-to-node=\"19\">Dlaczego Bang Blaze 60000 przewy\u017csza konkurencj\u0119<\/h3>\n<ol start=\"1\" data-path-to-node=\"20\">\n<li>\n<p data-path-to-node=\"20,0,0\">Wszechstronno\u015b\u0107: Cztery urz\u0105dzenia w jednym oszcz\u0119dzaj\u0105 miejsce i oferuj\u0105 maksymaln\u0105 swobod\u0119 smakow\u0105.<\/p>\n<\/li>\n<li>\n<p data-path-to-node=\"20,1,0\">Ekonomiczno\u015b\u0107: Dzi\u0119ki ekstremalnie wysokiej liczbie poci\u0105gni\u0119\u0107 60 000 koszty u\u017cytkowania s\u0105 znacznie ni\u017csze w por\u00f3wnaniu do standardowych jednorazowych urz\u0105dze\u0144.<\/p>\n<\/li>\n<li>\n<p data-path-to-node=\"20,2,0\">Dostosowalno\u015b\u0107: dost\u0119pno\u015b\u0107 r\u00f3\u017cnych poziom\u00f3w nikotyny (od beznikotynowych do 5%) pozwala na precyzyjne dopasowanie do indywidualnego stylu palenia.<\/p>\n<\/li>\n<li>\n<p data-path-to-node=\"20,3,0\">Wydajno\u015b\u0107: szybkie \u0142adowanie typu C minimalizuje czas oczekiwania i czyni urz\u0105dzenie idealnym towarzyszem dla doje\u017cd\u017caj\u0105cych i podr\u00f3\u017cuj\u0105cych.<\/p>\n<\/li>\n<\/ol>\n<h4 data-path-to-node=\"21\">Podsumowanie dla rynku polskiego<\/h4>\n<p data-path-to-node=\"22\">Bang Blaze 60000 Puffs to odpowied\u017a na rosn\u0105ce zapotrzebowanie na trwa\u0142e i r\u00f3\u017cnorodne rozwi\u0105zania vapingowe. \u0141\u0105czy niemieckie wymagania dotycz\u0105ce niezawodno\u015bci z mi\u0119dzynarodowym duchem innowacji.<\/p>\n<p data-path-to-node=\"23\">Odkryj teraz wolno\u015b\u0107 zmiany smaku.<\/p>\n<p data-path-to-node=\"23\">Zam\u00f3w Bang Blaze 60000 na vapingnet.de i do\u015bwiadcz przysz\u0142o\u015bci vapingu bez kompromis\u00f3w.<\/p>","protected":false},"excerpt":{"rendered":"<p>Bang Blaze 60000 Puffs Bang Blaze 60000 Puffs to prze\u0142om w rozwoju jednorazowych e-papieros\u00f3w. Podczas gdy tradycyjne urz\u0105dzenia ograniczaj\u0105 u\u017cytkownika do jednego...<\/p>","protected":false},"featured_media":7136,"template":"","meta":[],"etheme_brands":[],"product_brand":[101],"product_cat":[93,49,61,87],"product_tag":[],"class_list":{"0":"post-7130","1":"product","2":"type-product","3":"status-publish","4":"has-post-thumbnail","6":"product_brand-bang-king-vape","7":"product_cat-60k-vape","8":"product_cat-einweg-e-zigarette","9":"product_cat-f","10":"product_cat-v","12":"first","13":"instock","14":"shipping-taxable","15":"purchasable","16":"product-type-simple"},"yoast_head":"<!-- This site is optimized with the Yoast SEO plugin v26.5 - https:\/\/yoast.com\/wordpress\/plugins\/seo\/ -->\n<title>Bang Blaze 60000 Puffs | 4-in-1 Einweg Vape | 56ml Liquid<\/title>\n<meta name=\"description\" content=\"Der Bang Blaze 60000 Puffs revolutioniert das Vaping mit 4 Geschmacksrichtungen in einem Ger\u00e4t. 56ml Liquid, 1,0 Ohm Mesh-Coil &amp; USB-C. Jetzt bei vapingnet.de entdecken!\" \/>\n<meta name=\"robots\" content=\"index, follow, max-snippet:-1, max-image-preview:large, max-video-preview:-1\" \/>\n<link rel=\"canonical\" href=\"https:\/\/vapingnet.de\/pl\/vape\/bang-blaze-60000-puffs-die-neue-dimension-des-dampfens\/\" \/>\n<meta property=\"og:locale\" content=\"pl_PL\" \/>\n<meta property=\"og:type\" content=\"article\" \/>\n<meta property=\"og:title\" content=\"Bang Blaze 60000 Puffs | 4-in-1 Einweg Vape | 56ml Liquid\" \/>\n<meta property=\"og:description\" content=\"Der Bang Blaze 60000 Puffs revolutioniert das Vaping mit 4 Geschmacksrichtungen in einem Ger\u00e4t. 56ml Liquid, 1,0 Ohm Mesh-Coil &amp; USB-C. Jetzt bei vapingnet.de entdecken!\" \/>\n<meta property=\"og:url\" content=\"https:\/\/vapingnet.de\/pl\/vape\/bang-blaze-60000-puffs-die-neue-dimension-des-dampfens\/\" \/>\n<meta property=\"og:site_name\" content=\"Vapingnet.de\" \/>\n<meta property=\"article:publisher\" content=\"https:\/\/www.facebook.com\/vapingnetde\/\" \/>\n<meta property=\"article:modified_time\" content=\"2026-01-24T08:18:40+00:00\" \/>\n<meta property=\"og:image\" content=\"https:\/\/vapingnet.de\/wp-content\/uploads\/2025\/06\/strawberry-watermelon-kiwi-passion-fruit-guava-mango-ice-watermelon-sour-peach.jpg.webp\" \/>\n\t<meta property=\"og:image:width\" content=\"1000\" \/>\n\t<meta property=\"og:image:height\" content=\"1000\" \/>\n\t<meta property=\"og:image:type\" content=\"image\/webp\" \/>\n<meta name=\"twitter:card\" content=\"summary_large_image\" \/>\n<meta name=\"twitter:label1\" content=\"Est. reading time\" \/>\n\t<meta name=\"twitter:data1\" content=\"3 minutes\" \/>\n<script type=\"application\/ld+json\" class=\"yoast-schema-graph\">{\"@context\":\"https:\/\/schema.org\",\"@graph\":[{\"@type\":\"WebPage\",\"@id\":\"https:\/\/vapingnet.de\/vape\/bang-blaze-60000-puffs-die-neue-dimension-des-dampfens\/\",\"url\":\"https:\/\/vapingnet.de\/vape\/bang-blaze-60000-puffs-die-neue-dimension-des-dampfens\/\",\"name\":\"Bang Blaze 60000 Puffs | 4-in-1 Einweg Vape | 56ml Liquid\",\"isPartOf\":{\"@id\":\"https:\/\/vapingnet.de\/#website\"},\"primaryImageOfPage\":{\"@id\":\"https:\/\/vapingnet.de\/vape\/bang-blaze-60000-puffs-die-neue-dimension-des-dampfens\/#primaryimage\"},\"image\":{\"@id\":\"https:\/\/vapingnet.de\/vape\/bang-blaze-60000-puffs-die-neue-dimension-des-dampfens\/#primaryimage\"},\"thumbnailUrl\":\"https:\/\/vapingnet.de\/wp-content\/uploads\/2025\/06\/strawberry-watermelon-kiwi-passion-fruit-guava-mango-ice-watermelon-sour-peach.jpg.webp\",\"datePublished\":\"2025-06-12T05:50:57+00:00\",\"dateModified\":\"2026-01-24T08:18:40+00:00\",\"description\":\"Der Bang Blaze 60000 Puffs revolutioniert das Vaping mit 4 Geschmacksrichtungen in einem Ger\u00e4t. 56ml Liquid, 1,0 Ohm Mesh-Coil & USB-C. Jetzt bei vapingnet.de entdecken!\",\"breadcrumb\":{\"@id\":\"https:\/\/vapingnet.de\/vape\/bang-blaze-60000-puffs-die-neue-dimension-des-dampfens\/#breadcrumb\"},\"inLanguage\":\"pl-PL\",\"potentialAction\":[{\"@type\":\"ReadAction\",\"target\":[\"https:\/\/vapingnet.de\/vape\/bang-blaze-60000-puffs-die-neue-dimension-des-dampfens\/\"]}]},{\"@type\":\"ImageObject\",\"inLanguage\":\"pl-PL\",\"@id\":\"https:\/\/vapingnet.de\/vape\/bang-blaze-60000-puffs-die-neue-dimension-des-dampfens\/#primaryimage\",\"url\":\"https:\/\/vapingnet.de\/wp-content\/uploads\/2025\/06\/strawberry-watermelon-kiwi-passion-fruit-guava-mango-ice-watermelon-sour-peach.jpg.webp\",\"contentUrl\":\"https:\/\/vapingnet.de\/wp-content\/uploads\/2025\/06\/strawberry-watermelon-kiwi-passion-fruit-guava-mango-ice-watermelon-sour-peach.jpg.webp\",\"width\":1000,\"height\":1000},{\"@type\":\"BreadcrumbList\",\"@id\":\"https:\/\/vapingnet.de\/vape\/bang-blaze-60000-puffs-die-neue-dimension-des-dampfens\/#breadcrumb\",\"itemListElement\":[{\"@type\":\"ListItem\",\"position\":1,\"name\":\"Home\",\"item\":\"https:\/\/vapingnet.de\/\"},{\"@type\":\"ListItem\",\"position\":2,\"name\":\"Shop\",\"item\":\"https:\/\/vapingnet.de\/vape\/\"},{\"@type\":\"ListItem\",\"position\":3,\"name\":\"Bang Blaze 60000 Puffs Die Neue Dimension Des Dampfens\"}]},{\"@type\":\"WebSite\",\"@id\":\"https:\/\/vapingnet.de\/#website\",\"url\":\"https:\/\/vapingnet.de\/\",\"name\":\"Vapingnet.de\",\"description\":\"\",\"publisher\":{\"@id\":\"https:\/\/vapingnet.de\/#organization\"},\"potentialAction\":[{\"@type\":\"SearchAction\",\"target\":{\"@type\":\"EntryPoint\",\"urlTemplate\":\"https:\/\/vapingnet.de\/?s={search_term_string}\"},\"query-input\":{\"@type\":\"PropertyValueSpecification\",\"valueRequired\":true,\"valueName\":\"search_term_string\"}}],\"inLanguage\":\"pl-PL\"},{\"@type\":\"Organization\",\"@id\":\"https:\/\/vapingnet.de\/#organization\",\"name\":\"Vapingnet.de\",\"url\":\"https:\/\/vapingnet.de\/\",\"logo\":{\"@type\":\"ImageObject\",\"inLanguage\":\"pl-PL\",\"@id\":\"https:\/\/vapingnet.de\/#\/schema\/logo\/image\/\",\"url\":\"https:\/\/vapingnet.de\/wp-content\/uploads\/2025\/03\/cropped-vapingnet.de_.jpg\",\"contentUrl\":\"https:\/\/vapingnet.de\/wp-content\/uploads\/2025\/03\/cropped-vapingnet.de_.jpg\",\"width\":512,\"height\":512,\"caption\":\"Vapingnet.de\"},\"image\":{\"@id\":\"https:\/\/vapingnet.de\/#\/schema\/logo\/image\/\"},\"sameAs\":[\"https:\/\/www.facebook.com\/vapingnetde\/\"]}]}<\/script>\n<!-- \/ Yoast SEO plugin. -->","yoast_head_json":{"title":"Bang Blaze 60000 Puffs | 4-in-1 Einweg Vape | 56ml Liquid","description":"Der Bang Blaze 60000 Puffs revolutioniert das Vaping mit 4 Geschmacksrichtungen in einem Ger\u00e4t. 56ml Liquid, 1,0 Ohm Mesh-Coil & USB-C. Jetzt bei vapingnet.de entdecken!","robots":{"index":"index","follow":"follow","max-snippet":"max-snippet:-1","max-image-preview":"max-image-preview:large","max-video-preview":"max-video-preview:-1"},"canonical":"https:\/\/vapingnet.de\/pl\/vape\/bang-blaze-60000-puffs-die-neue-dimension-des-dampfens\/","og_locale":"pl_PL","og_type":"article","og_title":"Bang Blaze 60000 Puffs | 4-in-1 Einweg Vape | 56ml Liquid","og_description":"Der Bang Blaze 60000 Puffs revolutioniert das Vaping mit 4 Geschmacksrichtungen in einem Ger\u00e4t. 56ml Liquid, 1,0 Ohm Mesh-Coil & USB-C. Jetzt bei vapingnet.de entdecken!","og_url":"https:\/\/vapingnet.de\/pl\/vape\/bang-blaze-60000-puffs-die-neue-dimension-des-dampfens\/","og_site_name":"Vapingnet.de","article_publisher":"https:\/\/www.facebook.com\/vapingnetde\/","article_modified_time":"2026-01-24T08:18:40+00:00","og_image":[{"width":1000,"height":1000,"url":"https:\/\/vapingnet.de\/wp-content\/uploads\/2025\/06\/strawberry-watermelon-kiwi-passion-fruit-guava-mango-ice-watermelon-sour-peach.jpg.webp","type":"image\/webp"}],"twitter_card":"summary_large_image","twitter_misc":{"Est. reading time":"3 minutes"},"schema":{"@context":"https:\/\/schema.org","@graph":[{"@type":"WebPage","@id":"https:\/\/vapingnet.de\/vape\/bang-blaze-60000-puffs-die-neue-dimension-des-dampfens\/","url":"https:\/\/vapingnet.de\/vape\/bang-blaze-60000-puffs-die-neue-dimension-des-dampfens\/","name":"Bang Blaze 60000 Puffs | 4-in-1 Einweg Vape | 56ml Liquid","isPartOf":{"@id":"https:\/\/vapingnet.de\/#website"},"primaryImageOfPage":{"@id":"https:\/\/vapingnet.de\/vape\/bang-blaze-60000-puffs-die-neue-dimension-des-dampfens\/#primaryimage"},"image":{"@id":"https:\/\/vapingnet.de\/vape\/bang-blaze-60000-puffs-die-neue-dimension-des-dampfens\/#primaryimage"},"thumbnailUrl":"https:\/\/vapingnet.de\/wp-content\/uploads\/2025\/06\/strawberry-watermelon-kiwi-passion-fruit-guava-mango-ice-watermelon-sour-peach.jpg.webp","datePublished":"2025-06-12T05:50:57+00:00","dateModified":"2026-01-24T08:18:40+00:00","description":"Der Bang Blaze 60000 Puffs revolutioniert das Vaping mit 4 Geschmacksrichtungen in einem Ger\u00e4t. 56ml Liquid, 1,0 Ohm Mesh-Coil & USB-C. Jetzt bei vapingnet.de entdecken!","breadcrumb":{"@id":"https:\/\/vapingnet.de\/vape\/bang-blaze-60000-puffs-die-neue-dimension-des-dampfens\/#breadcrumb"},"inLanguage":"pl-PL","potentialAction":[{"@type":"ReadAction","target":["https:\/\/vapingnet.de\/vape\/bang-blaze-60000-puffs-die-neue-dimension-des-dampfens\/"]}]},{"@type":"ImageObject","inLanguage":"pl-PL","@id":"https:\/\/vapingnet.de\/vape\/bang-blaze-60000-puffs-die-neue-dimension-des-dampfens\/#primaryimage","url":"https:\/\/vapingnet.de\/wp-content\/uploads\/2025\/06\/strawberry-watermelon-kiwi-passion-fruit-guava-mango-ice-watermelon-sour-peach.jpg.webp","contentUrl":"https:\/\/vapingnet.de\/wp-content\/uploads\/2025\/06\/strawberry-watermelon-kiwi-passion-fruit-guava-mango-ice-watermelon-sour-peach.jpg.webp","width":1000,"height":1000},{"@type":"BreadcrumbList","@id":"https:\/\/vapingnet.de\/vape\/bang-blaze-60000-puffs-die-neue-dimension-des-dampfens\/#breadcrumb","itemListElement":[{"@type":"ListItem","position":1,"name":"Home","item":"https:\/\/vapingnet.de\/"},{"@type":"ListItem","position":2,"name":"Shop","item":"https:\/\/vapingnet.de\/vape\/"},{"@type":"ListItem","position":3,"name":"Bang Blaze 60000 Puffs Die Neue Dimension Des Dampfens"}]},{"@type":"WebSite","@id":"https:\/\/vapingnet.de\/#website","url":"https:\/\/vapingnet.de\/","name":"Vapingnet.de","description":"","publisher":{"@id":"https:\/\/vapingnet.de\/#organization"},"potentialAction":[{"@type":"SearchAction","target":{"@type":"EntryPoint","urlTemplate":"https:\/\/vapingnet.de\/?s={search_term_string}"},"query-input":{"@type":"PropertyValueSpecification","valueRequired":true,"valueName":"search_term_string"}}],"inLanguage":"pl-PL"},{"@type":"Organization","@id":"https:\/\/vapingnet.de\/#organization","name":"Vapingnet.de","url":"https:\/\/vapingnet.de\/","logo":{"@type":"ImageObject","inLanguage":"pl-PL","@id":"https:\/\/vapingnet.de\/#\/schema\/logo\/image\/","url":"https:\/\/vapingnet.de\/wp-content\/uploads\/2025\/03\/cropped-vapingnet.de_.jpg","contentUrl":"https:\/\/vapingnet.de\/wp-content\/uploads\/2025\/03\/cropped-vapingnet.de_.jpg","width":512,"height":512,"caption":"Vapingnet.de"},"image":{"@id":"https:\/\/vapingnet.de\/#\/schema\/logo\/image\/"},"sameAs":["https:\/\/www.facebook.com\/vapingnetde\/"]}]}},"tiered_pricing_type":"fixed","tiered_pricing_fixed_rules":{"10":"12.15","60":"10.94","110":"9.72","200":"8.51"},"tiered_pricing_product_settings":{"layout":"default","base_unit_name":{"singular":null,"plural":null},"default_variation":null},"tiered_pricing_minimum_quantity":null,"tiered_pricing_roles_data":[],"tiered_pricing_percentage_rules":[],"_links":{"self":[{"href":"https:\/\/vapingnet.de\/pl\/wp-json\/wp\/v2\/product\/7130","targetHints":{"allow":["GET"]}}],"collection":[{"href":"https:\/\/vapingnet.de\/pl\/wp-json\/wp\/v2\/product"}],"about":[{"href":"https:\/\/vapingnet.de\/pl\/wp-json\/wp\/v2\/types\/product"}],"version-history":[{"count":3,"href":"https:\/\/vapingnet.de\/pl\/wp-json\/wp\/v2\/product\/7130\/revisions"}],"predecessor-version":[{"id":7503,"href":"https:\/\/vapingnet.de\/pl\/wp-json\/wp\/v2\/product\/7130\/revisions\/7503"}],"wp:featuredmedia":[{"embeddable":true,"href":"https:\/\/vapingnet.de\/pl\/wp-json\/wp\/v2\/media\/7136"}],"wp:attachment":[{"href":"https:\/\/vapingnet.de\/pl\/wp-json\/wp\/v2\/media?parent=7130"}],"wp:term":[{"taxonomy":"brand","embeddable":true,"href":"https:\/\/vapingnet.de\/pl\/wp-json\/wp\/v2\/etheme_brands?post=7130"},{"taxonomy":"product_brand","embeddable":true,"href":"https:\/\/vapingnet.de\/pl\/wp-json\/wp\/v2\/product_brand?post=7130"},{"taxonomy":"product_cat","embeddable":true,"href":"https:\/\/vapingnet.de\/pl\/wp-json\/wp\/v2\/product_cat?post=7130"},{"taxonomy":"product_tag","embeddable":true,"href":"https:\/\/vapingnet.de\/pl\/wp-json\/wp\/v2\/product_tag?post=7130"}],"curies":[{"name":"wp","href":"https:\/\/api.w.org\/{rel}","templated":true}]}}