{"id":5613,"date":"2025-03-18T07:11:00","date_gmt":"2025-03-18T07:11:00","guid":{"rendered":"https:\/\/vapingnet.de\/?page_id=5613"},"modified":"2025-06-11T08:24:22","modified_gmt":"2025-06-11T08:24:22","slug":"willkommen-bei-vapingnet-de-ihrer-zentralen-einkaufsplattform-fuer-e-zigaretten","status":"publish","type":"page","link":"https:\/\/vapingnet.de\/sk\/willkommen-bei-vapingnet-de-ihrer-zentralen-einkaufsplattform-fuer-e-zigaretten\/","title":{"rendered":"Vitajte na Vapingnet.de \u2013 va\u0161ej centr\u00e1lnej n\u00e1kupnej platforme pre e-cigaretky!"},"content":{"rendered":"<p>Na VapingNet.sk vyber\u00e1me pre v\u00e1s najob\u013e\u00fabenej\u0161ie svetov\u00e9 zna\u010dky jednorazov\u00fdch e-cigariet. Pon\u00fakaj\u00fa od 7 000 do 50 000 \u0165ahov \u2013 pre nezabudnute\u013en\u00fd z\u00e1\u017eitok! \u010ci u\u017e ide o RandM, Bang King, Waspe, Elf Box alebo in\u00e9 kvalitn\u00e9 zna\u010dky \u2013 pon\u00fakame v\u00e1m 100% z\u00e1ruku originality % pre vynikaj\u00faci chu\u0165ov\u00fd z\u00e1\u017eitok a dlh\u00fa v\u00fddr\u017e bat\u00e9rie.<\/p><h2 class=\"wp-block-heading\">Va\u0161a vape doraz\u00ed r\u00fdchlo!<\/h2><p>Priamy odoslanie z nemeck\u00e9ho skladu, r\u00fdchle doru\u010denie do 2\u20135 dn\u00ed v r\u00e1mci Eur\u00f3py \u2013 \u017eiadne dlh\u00e9 \u010dakanie! Z\u00e1rove\u0148 pon\u00fakame r\u00f4zne skladov\u00e9 mo\u017enosti v zahrani\u010d\u00ed, aby sme vyhoveli potreb\u00e1m na\u0161ich z\u00e1kazn\u00edkov.<\/p><p>Bezpe\u010dnej\u0161ie platby, profesion\u00e1lny z\u00e1kazn\u00edcky servis a bezstarostn\u00e1 podpora robia v\u00e1\u0161 n\u00e1kup jednoduch\u0161\u00edm a pohodlnej\u0161\u00edm!<\/p><p><\/p>","protected":false},"excerpt":{"rendered":"<p>Bei VapingNet.de w\u00e4hlen wir die weltweit beliebtesten Einweg-E-Zigarettenmarken f\u00fcr Sie aus. Sie reichen von 7.000 bis 50.000 Z\u00fcgen \u2013 f\u00fcr ein unvergessliches Erlebnis! Ob RandM,&#8230;<\/p>","protected":false},"author":2,"featured_media":0,"parent":0,"menu_order":0,"comment_status":"closed","ping_status":"closed","template":"","meta":{"footnotes":""},"class_list":["post-5613","page","type-page","status-publish","hentry"],"yoast_head":"<!-- This site is optimized with the Yoast SEO plugin v26.5 - https:\/\/yoast.com\/wordpress\/plugins\/seo\/ -->\n<title>Willkommen bei Vapingnet.de \u2013 Ihrer zentralen Einkaufsplattform f\u00fcr E-Zigaretten! | Vapingnet.de<\/title>\n<meta name=\"description\" content=\"A quick overview from vapingnet.de: Willkommen bei Vapingnet.de \u2013 Ihrer zentralen Einkaufsplattform f\u00fcr E-Zigaretten!\" \/>\n<meta name=\"robots\" content=\"index, follow, max-snippet:-1, max-image-preview:large, max-video-preview:-1\" \/>\n<link rel=\"canonical\" href=\"https:\/\/vapingnet.de\/sk\/willkommen-bei-vapingnet-de-ihrer-zentralen-einkaufsplattform-fuer-e-zigaretten\/\" \/>\n<meta property=\"og:locale\" content=\"sk_SK\" \/>\n<meta property=\"og:type\" content=\"article\" \/>\n<meta property=\"og:title\" content=\"Willkommen bei Vapingnet.de \u2013 Ihrer zentralen Einkaufsplattform f\u00fcr E-Zigaretten! | Vapingnet.de\" \/>\n<meta property=\"og:description\" content=\"A quick overview from vapingnet.de: Willkommen bei Vapingnet.de \u2013 Ihrer zentralen Einkaufsplattform f\u00fcr E-Zigaretten!\" \/>\n<meta property=\"og:url\" content=\"https:\/\/vapingnet.de\/sk\/willkommen-bei-vapingnet-de-ihrer-zentralen-einkaufsplattform-fuer-e-zigaretten\/\" \/>\n<meta property=\"og:site_name\" content=\"Vapingnet.de\" \/>\n<meta property=\"article:publisher\" content=\"https:\/\/www.facebook.com\/vapingnetde\/\" \/>\n<meta property=\"article:modified_time\" content=\"2025-06-11T08:24:22+00:00\" \/>\n<meta name=\"twitter:card\" content=\"summary_large_image\" \/>\n<meta name=\"twitter:label1\" content=\"Est. reading time\" \/>\n\t<meta name=\"twitter:data1\" content=\"1 minute\" \/>\n<script type=\"application\/ld+json\" class=\"yoast-schema-graph\">{\"@context\":\"https:\/\/schema.org\",\"@graph\":[{\"@type\":\"WebPage\",\"@id\":\"https:\/\/vapingnet.de\/willkommen-bei-vapingnet-de-ihrer-zentralen-einkaufsplattform-fuer-e-zigaretten\/\",\"url\":\"https:\/\/vapingnet.de\/willkommen-bei-vapingnet-de-ihrer-zentralen-einkaufsplattform-fuer-e-zigaretten\/\",\"name\":\"Willkommen bei Vapingnet.de \u2013 Ihrer zentralen Einkaufsplattform f\u00fcr E-Zigaretten! | Vapingnet.de\",\"isPartOf\":{\"@id\":\"https:\/\/vapingnet.de\/#website\"},\"datePublished\":\"2025-03-18T07:11:00+00:00\",\"dateModified\":\"2025-06-11T08:24:22+00:00\",\"description\":\"A quick overview from vapingnet.de: Willkommen bei Vapingnet.de \u2013 Ihrer zentralen Einkaufsplattform f\u00fcr E-Zigaretten!\",\"breadcrumb\":{\"@id\":\"https:\/\/vapingnet.de\/willkommen-bei-vapingnet-de-ihrer-zentralen-einkaufsplattform-fuer-e-zigaretten\/#breadcrumb\"},\"inLanguage\":\"sk-SK\",\"potentialAction\":[{\"@type\":\"ReadAction\",\"target\":[\"https:\/\/vapingnet.de\/willkommen-bei-vapingnet-de-ihrer-zentralen-einkaufsplattform-fuer-e-zigaretten\/\"]}]},{\"@type\":\"BreadcrumbList\",\"@id\":\"https:\/\/vapingnet.de\/willkommen-bei-vapingnet-de-ihrer-zentralen-einkaufsplattform-fuer-e-zigaretten\/#breadcrumb\",\"itemListElement\":[{\"@type\":\"ListItem\",\"position\":1,\"name\":\"Home\",\"item\":\"https:\/\/vapingnet.de\/\"},{\"@type\":\"ListItem\",\"position\":2,\"name\":\"Willkommen bei Vapingnet.de \u2013 Ihrer zentralen Einkaufsplattform f\u00fcr E-Zigaretten!\"}]},{\"@type\":\"WebSite\",\"@id\":\"https:\/\/vapingnet.de\/#website\",\"url\":\"https:\/\/vapingnet.de\/\",\"name\":\"Vapingnet.de\",\"description\":\"\",\"publisher\":{\"@id\":\"https:\/\/vapingnet.de\/#organization\"},\"potentialAction\":[{\"@type\":\"SearchAction\",\"target\":{\"@type\":\"EntryPoint\",\"urlTemplate\":\"https:\/\/vapingnet.de\/?s={search_term_string}\"},\"query-input\":{\"@type\":\"PropertyValueSpecification\",\"valueRequired\":true,\"valueName\":\"search_term_string\"}}],\"inLanguage\":\"sk-SK\"},{\"@type\":\"Organization\",\"@id\":\"https:\/\/vapingnet.de\/#organization\",\"name\":\"Vapingnet.de\",\"url\":\"https:\/\/vapingnet.de\/\",\"logo\":{\"@type\":\"ImageObject\",\"inLanguage\":\"sk-SK\",\"@id\":\"https:\/\/vapingnet.de\/#\/schema\/logo\/image\/\",\"url\":\"https:\/\/vapingnet.de\/wp-content\/uploads\/2025\/03\/cropped-vapingnet.de_.jpg\",\"contentUrl\":\"https:\/\/vapingnet.de\/wp-content\/uploads\/2025\/03\/cropped-vapingnet.de_.jpg\",\"width\":512,\"height\":512,\"caption\":\"Vapingnet.de\"},\"image\":{\"@id\":\"https:\/\/vapingnet.de\/#\/schema\/logo\/image\/\"},\"sameAs\":[\"https:\/\/www.facebook.com\/vapingnetde\/\"]}]}<\/script>\n<!-- \/ Yoast SEO plugin. -->","yoast_head_json":{"title":"Willkommen bei Vapingnet.de \u2013 Ihrer zentralen Einkaufsplattform f\u00fcr E-Zigaretten! | Vapingnet.de","description":"A quick overview from vapingnet.de: Willkommen bei Vapingnet.de \u2013 Ihrer zentralen Einkaufsplattform f\u00fcr E-Zigaretten!","robots":{"index":"index","follow":"follow","max-snippet":"max-snippet:-1","max-image-preview":"max-image-preview:large","max-video-preview":"max-video-preview:-1"},"canonical":"https:\/\/vapingnet.de\/sk\/willkommen-bei-vapingnet-de-ihrer-zentralen-einkaufsplattform-fuer-e-zigaretten\/","og_locale":"sk_SK","og_type":"article","og_title":"Willkommen bei Vapingnet.de \u2013 Ihrer zentralen Einkaufsplattform f\u00fcr E-Zigaretten! | Vapingnet.de","og_description":"A quick overview from vapingnet.de: Willkommen bei Vapingnet.de \u2013 Ihrer zentralen Einkaufsplattform f\u00fcr E-Zigaretten!","og_url":"https:\/\/vapingnet.de\/sk\/willkommen-bei-vapingnet-de-ihrer-zentralen-einkaufsplattform-fuer-e-zigaretten\/","og_site_name":"Vapingnet.de","article_publisher":"https:\/\/www.facebook.com\/vapingnetde\/","article_modified_time":"2025-06-11T08:24:22+00:00","twitter_card":"summary_large_image","twitter_misc":{"Est. reading time":"1 minute"},"schema":{"@context":"https:\/\/schema.org","@graph":[{"@type":"WebPage","@id":"https:\/\/vapingnet.de\/willkommen-bei-vapingnet-de-ihrer-zentralen-einkaufsplattform-fuer-e-zigaretten\/","url":"https:\/\/vapingnet.de\/willkommen-bei-vapingnet-de-ihrer-zentralen-einkaufsplattform-fuer-e-zigaretten\/","name":"Willkommen bei Vapingnet.de \u2013 Ihrer zentralen Einkaufsplattform f\u00fcr E-Zigaretten! | Vapingnet.de","isPartOf":{"@id":"https:\/\/vapingnet.de\/#website"},"datePublished":"2025-03-18T07:11:00+00:00","dateModified":"2025-06-11T08:24:22+00:00","description":"A quick overview from vapingnet.de: Willkommen bei Vapingnet.de \u2013 Ihrer zentralen Einkaufsplattform f\u00fcr E-Zigaretten!","breadcrumb":{"@id":"https:\/\/vapingnet.de\/willkommen-bei-vapingnet-de-ihrer-zentralen-einkaufsplattform-fuer-e-zigaretten\/#breadcrumb"},"inLanguage":"sk-SK","potentialAction":[{"@type":"ReadAction","target":["https:\/\/vapingnet.de\/willkommen-bei-vapingnet-de-ihrer-zentralen-einkaufsplattform-fuer-e-zigaretten\/"]}]},{"@type":"BreadcrumbList","@id":"https:\/\/vapingnet.de\/willkommen-bei-vapingnet-de-ihrer-zentralen-einkaufsplattform-fuer-e-zigaretten\/#breadcrumb","itemListElement":[{"@type":"ListItem","position":1,"name":"Home","item":"https:\/\/vapingnet.de\/"},{"@type":"ListItem","position":2,"name":"Willkommen bei Vapingnet.de \u2013 Ihrer zentralen Einkaufsplattform f\u00fcr E-Zigaretten!"}]},{"@type":"WebSite","@id":"https:\/\/vapingnet.de\/#website","url":"https:\/\/vapingnet.de\/","name":"Vapingnet.de","description":"","publisher":{"@id":"https:\/\/vapingnet.de\/#organization"},"potentialAction":[{"@type":"SearchAction","target":{"@type":"EntryPoint","urlTemplate":"https:\/\/vapingnet.de\/?s={search_term_string}"},"query-input":{"@type":"PropertyValueSpecification","valueRequired":true,"valueName":"search_term_string"}}],"inLanguage":"sk-SK"},{"@type":"Organization","@id":"https:\/\/vapingnet.de\/#organization","name":"Vapingnet.de","url":"https:\/\/vapingnet.de\/","logo":{"@type":"ImageObject","inLanguage":"sk-SK","@id":"https:\/\/vapingnet.de\/#\/schema\/logo\/image\/","url":"https:\/\/vapingnet.de\/wp-content\/uploads\/2025\/03\/cropped-vapingnet.de_.jpg","contentUrl":"https:\/\/vapingnet.de\/wp-content\/uploads\/2025\/03\/cropped-vapingnet.de_.jpg","width":512,"height":512,"caption":"Vapingnet.de"},"image":{"@id":"https:\/\/vapingnet.de\/#\/schema\/logo\/image\/"},"sameAs":["https:\/\/www.facebook.com\/vapingnetde\/"]}]}},"_links":{"self":[{"href":"https:\/\/vapingnet.de\/sk\/wp-json\/wp\/v2\/pages\/5613","targetHints":{"allow":["GET"]}}],"collection":[{"href":"https:\/\/vapingnet.de\/sk\/wp-json\/wp\/v2\/pages"}],"about":[{"href":"https:\/\/vapingnet.de\/sk\/wp-json\/wp\/v2\/types\/page"}],"author":[{"embeddable":true,"href":"https:\/\/vapingnet.de\/sk\/wp-json\/wp\/v2\/users\/2"}],"replies":[{"embeddable":true,"href":"https:\/\/vapingnet.de\/sk\/wp-json\/wp\/v2\/comments?post=5613"}],"version-history":[{"count":2,"href":"https:\/\/vapingnet.de\/sk\/wp-json\/wp\/v2\/pages\/5613\/revisions"}],"predecessor-version":[{"id":7118,"href":"https:\/\/vapingnet.de\/sk\/wp-json\/wp\/v2\/pages\/5613\/revisions\/7118"}],"wp:attachment":[{"href":"https:\/\/vapingnet.de\/sk\/wp-json\/wp\/v2\/media?parent=5613"}],"curies":[{"name":"wp","href":"https:\/\/api.w.org\/{rel}","templated":true}]}}