{"id":5627,"date":"2025-03-18T07:16:05","date_gmt":"2025-03-18T07:16:05","guid":{"rendered":"https:\/\/vapingnet.de\/?page_id=5627"},"modified":"2025-12-25T07:50:32","modified_gmt":"2025-12-25T07:50:32","slug":"datenschutzrichtlinie","status":"publish","type":"page","link":"https:\/\/vapingnet.de\/sk\/datenschutzrichtlinie\/","title":{"rendered":"Z\u00e1sady ochrany osobn\u00fdch \u00fadajov"},"content":{"rendered":"<p>Tieto z\u00e1sady ochrany osobn\u00fdch \u00fadajov popisuj\u00fa, ako s\u00fa va\u0161e osobn\u00e9 \u00fadaje zhroma\u017e\u010fovan\u00e9, pou\u017e\u00edvan\u00e9 a zdie\u013ean\u00e9, ke\u010f nav\u0161t\u00edvite vapingnet.de alebo uskuto\u010dn\u00edte n\u00e1kup.<\/p><h4 class=\"wp-block-heading\">Osobn\u00e9 \u00fadaje, ktor\u00e9 zhroma\u017e\u010fujeme<\/h4><p>Ke\u010f nav\u0161t\u00edvite webov\u00fa str\u00e1nku, automaticky zhroma\u017e\u010fujeme ur\u010dit\u00e9 inform\u00e1cie o va\u0161om zariaden\u00ed, vr\u00e1tane inform\u00e1ci\u00ed o va\u0161om webovom prehliada\u010di, IP adrese, \u010dasovom p\u00e1sme a niektor\u00fdch s\u00faboroch cookie nain\u0161talovan\u00fdch na va\u0161om zariaden\u00ed.<br><br>Okrem toho pri prehliadan\u00ed webovej str\u00e1nky zhroma\u017e\u010fujeme inform\u00e1cie o jednotliv\u00fdch str\u00e1nkach alebo produktoch, ktor\u00e9 si prezer\u00e1te, o webov\u00fdch str\u00e1nkach alebo vyh\u013ead\u00e1vac\u00edch dopytoch, ktor\u00e9 ste pou\u017eili na odkazovanie na webov\u00fa str\u00e1nku, a inform\u00e1cie o tom, ako interagujete s webovou str\u00e1nkou. Tieto automaticky zhroma\u017eden\u00e9 inform\u00e1cie ozna\u010dujeme ako \u201einform\u00e1cie o zariaden\u00ed\u201c.<\/p><h4 class=\"wp-block-heading\">Zhroma\u017e\u010fujeme inform\u00e1cie o zariaden\u00ed pomocou nasleduj\u00facich technol\u00f3gi\u00ed:<\/h4><p>\u2013 \u201eCookies\u201c s\u00fa d\u00e1tov\u00e9 s\u00fabory ulo\u017een\u00e9 na va\u0161om zariaden\u00ed alebo po\u010d\u00edta\u010di, ktor\u00e9 \u010dasto obsahuj\u00fa anonymn\u00fa jedine\u010dn\u00fa identifik\u00e1ciu. Viac inform\u00e1ci\u00ed o cookies a ich deaktiv\u00e1cii n\u00e1jdete na http:\/\/www.allaboutcookies.org.<br><br>\u2013 \u201eProtokolov\u00e9 s\u00fabory\u201c sleduj\u00fa akcie na webovej str\u00e1nke a zhroma\u017e\u010fuj\u00fa \u00fadaje vr\u00e1tane va\u0161ej IP adresy, typu prehliada\u010da, poskytovate\u013ea internetov\u00fdch slu\u017eieb, odkazov\u00fdch alebo odchodov\u00fdch str\u00e1nok a d\u00e1tumov\u00fdch\/\u010dasov\u00fdch pe\u010diatok.<br><br>\u2013 \u201eWebov\u00e9 maj\u00e1ky\u201c, \u201eTagy\u201c a \u201ePixely\u201c s\u00fa elektronick\u00e9 s\u00fabory, ktor\u00e9 sl\u00fa\u017eia na zaznamen\u00e1vanie inform\u00e1ci\u00ed o tom, ako prehliadate webov\u00fa str\u00e1nku.<br><br>Ak uskuto\u010dn\u00edte n\u00e1kup na webovej str\u00e1nke alebo sa pok\u00fasite o n\u00e1kup, zhroma\u017e\u010fujeme od v\u00e1s aj ur\u010dit\u00e9 inform\u00e1cie, vr\u00e1tane v\u00e1\u0161ho mena, faktura\u010dnej adresy, dodacej adresy, platobn\u00fdch inform\u00e1ci\u00ed (vr\u00e1tane \u010d\u00edsel kreditn\u00fdch kariet), e-mailovej adresy a telef\u00f3nneho \u010d\u00edsla. Tieto inform\u00e1cie ozna\u010dujeme ako \u201einform\u00e1cie o objedn\u00e1vke\u201c.<br><br>Ke\u010f v t\u00fdchto z\u00e1sad\u00e1ch ochrany osobn\u00fdch \u00fadajov hovor\u00edme o \u201eosobn\u00fdch \u00fadajoch\u201c, mysl\u00edme t\u00fdm ako inform\u00e1cie o zariaden\u00ed, tak aj inform\u00e1cie o objedn\u00e1vke.<\/p><h4 class=\"wp-block-heading\">Ako pou\u017e\u00edvame va\u0161e osobn\u00e9 \u00fadaje?<\/h4><p>V\u0161eobecne pou\u017e\u00edvame zhroma\u017eden\u00e9 inform\u00e1cie o objedn\u00e1vkach na vykonanie v\u0161etk\u00fdch objedn\u00e1vok zadan\u00fdch na webovej str\u00e1nke (vr\u00e1tane spracovania platobn\u00fdch inform\u00e1ci\u00ed, organiz\u00e1cie odoslania a poskytovania fakt\u00far a\/alebo potvrden\u00ed objedn\u00e1vky). Okrem toho tieto inform\u00e1cie pou\u017e\u00edvame na:<br><br>\u2013 komunik\u00e1ciu s vami;<br>\u2013 kontrolu na\u0161ich objedn\u00e1vok na potenci\u00e1lne rizik\u00e1 alebo podvody; a<br>\u2013 ak to zodpoved\u00e1 va\u0161im ozn\u00e1men\u00fdm preferenci\u00e1m, zasielanie inform\u00e1ci\u00ed alebo rekl\u00e1m o na\u0161ich produktoch alebo slu\u017eb\u00e1ch.<br><br>Pou\u017e\u00edvame inform\u00e1cie o zariaden\u00ed, ktor\u00e9 sme zhroma\u017edili, na pomoc pri h\u013eadan\u00ed potenci\u00e1lnych riz\u00edk a podvodov (najm\u00e4 va\u0161a IP adresa) a v\u0161eobecne na zlep\u0161enie a optimaliz\u00e1ciu na\u0161ej webovej str\u00e1nky (napr\u00edklad vytv\u00e1ran\u00edm anal\u00fdz o tom, ako na\u0161i z\u00e1kazn\u00edci prehliadaj\u00fa a interaguj\u00fa s webovou str\u00e1nkou, a na hodnotenie \u00faspe\u0161nosti na\u0161ich marketingov\u00fdch a reklamn\u00fdch kampan\u00ed).<\/p><h4 class=\"wp-block-heading\">Zdie\u013eanie va\u0161ich osobn\u00fdch \u00fadajov<\/h4><p>Zdie\u013eame va\u0161e osobn\u00e9 \u00fadaje s tret\u00edmi stranami, aby n\u00e1m pomohli pri vyu\u017e\u00edvan\u00ed va\u0161ich osobn\u00fdch \u00fadajov, ako je uveden\u00e9 vy\u0161\u0161ie.<br><br>Pou\u017e\u00edvame aj Google Analytics na pochopenie toho, ako na\u0161i z\u00e1kazn\u00edci vyu\u017e\u00edvaj\u00fa webov\u00fa str\u00e1nku.<\/p><p><br>Nakoniec m\u00f4\u017eeme va\u0161e osobn\u00e9 \u00fadaje tie\u017e zdie\u013ea\u0165, aby sme dodr\u017eiavali platn\u00e9 z\u00e1kony a predpisy, reagovali na predvolanie, pr\u00edkaz na prehliadku alebo in\u00e9 z\u00e1konn\u00e9 po\u017eiadavky na inform\u00e1cie, ktor\u00e9 dostaneme, alebo inak chr\u00e1nili na\u0161e pr\u00e1va.<\/p><h2 class=\"wp-block-heading\">Ako chr\u00e1nime va\u0161e \u00fadaje?<\/h2><p>Va\u0161e osobn\u00e9 \u00fadaje s\u00fa ulo\u017een\u00e9 za zabezpe\u010den\u00fdmi sie\u0165ami a s\u00fa pr\u00edstupn\u00e9 len obmedzen\u00e9mu po\u010dtu os\u00f4b, ktor\u00e9 maj\u00fa \u0161peci\u00e1lne pr\u00e1va na pr\u00edstup k tak\u00fdmto syst\u00e9mom a s\u00fa povinn\u00e9 zachov\u00e1va\u0165 d\u00f4vernos\u0165 inform\u00e1ci\u00ed. Okrem toho s\u00fa v\u0161etky citliv\u00e9\/kreditn\u00e9 inform\u00e1cie, ktor\u00e9 poskytnete, \u0161ifrovan\u00e9 pomocou technol\u00f3gie Secure Socket Layer (SSL).<\/p><p>Implementujeme rad bezpe\u010dnostn\u00fdch opatren\u00ed, ke\u010f: zad\u00e1te objedn\u00e1vku, zad\u00e1te svoje \u00fadaje, odo\u0161lete ich alebo k nim pristupujete, aby sme zabezpe\u010dili bezpe\u010dnos\u0165 va\u0161ich osobn\u00fdch \u00fadajov.<\/p><p>V\u0161etky transakcie s\u00fa spracov\u00e1van\u00e9 prostredn\u00edctvom br\u00e1ny poskytovate\u013ea a nie s\u00fa ulo\u017een\u00e9 ani spracov\u00e1van\u00e9 na na\u0161ich serveroch.<br><br><strong>Reklama zalo\u017een\u00e1 na spr\u00e1van\u00ed<br><\/strong><br>Ako je uveden\u00e9 vy\u0161\u0161ie, pou\u017e\u00edvame va\u0161e osobn\u00e9 \u00fadaje na zasielanie cielen\u00fdch rekl\u00e1m alebo marketingov\u00fdch spr\u00e1v, o ktor\u00fdch ver\u00edme, \u017ee by v\u00e1s mohli zauj\u00edma\u0165.<br><br><br><strong>Nezasledova\u0165<br><\/strong><br>Vezmite na vedomie, \u017ee nezmen\u00edme praktiky zberu a pou\u017e\u00edvania \u00fadajov na\u0161ej webovej str\u00e1nky, ak v prehliada\u010di uvid\u00edme sign\u00e1l \u201eNezasledova\u0165\u201c.<br><br><strong>Va\u0161e pr\u00e1va<br><\/strong><br>Ak ste usaden\u00ed v Eur\u00f3pe, m\u00e1te pr\u00e1vo na pr\u00edstup k osobn\u00fdm \u00fadajom, ktor\u00e9 sme o v\u00e1s ulo\u017eili, a po\u017eadova\u0165 ich opravu, aktualiz\u00e1ciu alebo vymazanie. Ak chcete toto pr\u00e1vo uplatni\u0165, kontaktujte n\u00e1s pros\u00edm prostredn\u00edctvom ni\u017e\u0161ie uveden\u00fdch kontaktn\u00fdch inform\u00e1ci\u00ed.<br><br>Ak ste usaden\u00ed v Eur\u00f3pe, tie\u017e upozor\u0148ujeme, \u017ee va\u0161e \u00fadaje spracov\u00e1vame na splnenie zml\u00fav, ktor\u00e9 m\u00f4\u017eeme ma\u0165 s vami (napr\u00edklad ak zad\u00e1te objedn\u00e1vku cez webov\u00fa str\u00e1nku), alebo na in\u00e9 sledovanie na\u0161ich opr\u00e1vnen\u00fdch obchodn\u00fdch z\u00e1ujmov uveden\u00fdch vy\u0161\u0161ie. V\u0161imnite si tie\u017e, \u017ee va\u0161e \u00fadaje m\u00f4\u017eu by\u0165 prenesen\u00e9 mimo Eur\u00f3py, vr\u00e1tane Kanady a Spojen\u00fdch \u0161t\u00e1tov.<br><br><strong>Uchov\u00e1vanie \u00fadajov<br><\/strong><br>Ak zad\u00e1te objedn\u00e1vku cez webov\u00fa str\u00e1nku, uchov\u00e1vame inform\u00e1cie o va\u0161ej objedn\u00e1vke pre na\u0161e z\u00e1znamy, pokia\u013e n\u00e1s nepo\u017eiadate o ich vymazanie.<br><br><strong>Zmeny<br><\/strong><br>Tieto z\u00e1sady ochrany osobn\u00fdch \u00fadajov m\u00f4\u017eeme \u010das od \u010dasu aktualizova\u0165, napr\u00edklad na odr\u00e1\u017eanie zmien v na\u0161ich praktik\u00e1ch alebo z in\u00fdch prev\u00e1dzkov\u00fdch, pr\u00e1vnych alebo regula\u010dn\u00fdch d\u00f4vodov.<br><br><strong>Ml\u00e1de\u017e<br><\/strong><br>Webov\u00e1 str\u00e1nka nie je ur\u010den\u00e1 pre osoby mlad\u0161ie ako 18 rokov.<\/p>","protected":false},"excerpt":{"rendered":"<p>Diese Datenschutzrichtlinie beschreibt, wie Ihre pers\u00f6nlichen Daten erfasst, verwendet und weitergegeben werden, wenn Sie vapingnet.de besuchen oder einen Kauf t\u00e4tigen. Pers\u00f6nliche Daten, die wir sammeln&#8230;<\/p>","protected":false},"author":2,"featured_media":0,"parent":0,"menu_order":0,"comment_status":"closed","ping_status":"closed","template":"","meta":{"footnotes":""},"class_list":["post-5627","page","type-page","status-publish","hentry"],"yoast_head":"<!-- This site is optimized with the Yoast SEO plugin v26.5 - https:\/\/yoast.com\/wordpress\/plugins\/seo\/ -->\n<title>Datenschutzrichtlinie | Vapingnet.de<\/title>\n<meta name=\"description\" content=\"A quick overview from vapingnet.de: Datenschutzrichtlinie\" \/>\n<meta name=\"robots\" content=\"index, follow, max-snippet:-1, max-image-preview:large, max-video-preview:-1\" \/>\n<link rel=\"canonical\" href=\"https:\/\/vapingnet.de\/sk\/datenschutzrichtlinie\/\" \/>\n<meta property=\"og:locale\" content=\"sk_SK\" \/>\n<meta property=\"og:type\" content=\"article\" \/>\n<meta property=\"og:title\" content=\"Datenschutzrichtlinie | Vapingnet.de\" \/>\n<meta property=\"og:description\" content=\"A quick overview from vapingnet.de: Datenschutzrichtlinie\" \/>\n<meta property=\"og:url\" content=\"https:\/\/vapingnet.de\/sk\/datenschutzrichtlinie\/\" \/>\n<meta property=\"og:site_name\" content=\"Vapingnet.de\" \/>\n<meta property=\"article:publisher\" content=\"https:\/\/www.facebook.com\/vapingnetde\/\" \/>\n<meta property=\"article:modified_time\" content=\"2025-12-25T07:50:32+00:00\" \/>\n<meta name=\"twitter:card\" content=\"summary_large_image\" \/>\n<meta name=\"twitter:label1\" content=\"Est. reading time\" \/>\n\t<meta name=\"twitter:data1\" content=\"5 minutes\" \/>\n<script type=\"application\/ld+json\" class=\"yoast-schema-graph\">{\"@context\":\"https:\/\/schema.org\",\"@graph\":[{\"@type\":\"WebPage\",\"@id\":\"https:\/\/vapingnet.de\/datenschutzrichtlinie\/\",\"url\":\"https:\/\/vapingnet.de\/datenschutzrichtlinie\/\",\"name\":\"Datenschutzrichtlinie | Vapingnet.de\",\"isPartOf\":{\"@id\":\"https:\/\/vapingnet.de\/#website\"},\"datePublished\":\"2025-03-18T07:16:05+00:00\",\"dateModified\":\"2025-12-25T07:50:32+00:00\",\"description\":\"A quick overview from vapingnet.de: Datenschutzrichtlinie\",\"breadcrumb\":{\"@id\":\"https:\/\/vapingnet.de\/datenschutzrichtlinie\/#breadcrumb\"},\"inLanguage\":\"sk-SK\",\"potentialAction\":[{\"@type\":\"ReadAction\",\"target\":[\"https:\/\/vapingnet.de\/datenschutzrichtlinie\/\"]}]},{\"@type\":\"BreadcrumbList\",\"@id\":\"https:\/\/vapingnet.de\/datenschutzrichtlinie\/#breadcrumb\",\"itemListElement\":[{\"@type\":\"ListItem\",\"position\":1,\"name\":\"Home\",\"item\":\"https:\/\/vapingnet.de\/\"},{\"@type\":\"ListItem\",\"position\":2,\"name\":\"Datenschutzrichtlinie\"}]},{\"@type\":\"WebSite\",\"@id\":\"https:\/\/vapingnet.de\/#website\",\"url\":\"https:\/\/vapingnet.de\/\",\"name\":\"Vapingnet.de\",\"description\":\"\",\"publisher\":{\"@id\":\"https:\/\/vapingnet.de\/#organization\"},\"potentialAction\":[{\"@type\":\"SearchAction\",\"target\":{\"@type\":\"EntryPoint\",\"urlTemplate\":\"https:\/\/vapingnet.de\/?s={search_term_string}\"},\"query-input\":{\"@type\":\"PropertyValueSpecification\",\"valueRequired\":true,\"valueName\":\"search_term_string\"}}],\"inLanguage\":\"sk-SK\"},{\"@type\":\"Organization\",\"@id\":\"https:\/\/vapingnet.de\/#organization\",\"name\":\"Vapingnet.de\",\"url\":\"https:\/\/vapingnet.de\/\",\"logo\":{\"@type\":\"ImageObject\",\"inLanguage\":\"sk-SK\",\"@id\":\"https:\/\/vapingnet.de\/#\/schema\/logo\/image\/\",\"url\":\"https:\/\/vapingnet.de\/wp-content\/uploads\/2025\/03\/cropped-vapingnet.de_.jpg\",\"contentUrl\":\"https:\/\/vapingnet.de\/wp-content\/uploads\/2025\/03\/cropped-vapingnet.de_.jpg\",\"width\":512,\"height\":512,\"caption\":\"Vapingnet.de\"},\"image\":{\"@id\":\"https:\/\/vapingnet.de\/#\/schema\/logo\/image\/\"},\"sameAs\":[\"https:\/\/www.facebook.com\/vapingnetde\/\"]}]}<\/script>\n<!-- \/ Yoast SEO plugin. -->","yoast_head_json":{"title":"Datenschutzrichtlinie | Vapingnet.de","description":"A quick overview from vapingnet.de: Datenschutzrichtlinie","robots":{"index":"index","follow":"follow","max-snippet":"max-snippet:-1","max-image-preview":"max-image-preview:large","max-video-preview":"max-video-preview:-1"},"canonical":"https:\/\/vapingnet.de\/sk\/datenschutzrichtlinie\/","og_locale":"sk_SK","og_type":"article","og_title":"Datenschutzrichtlinie | Vapingnet.de","og_description":"A quick overview from vapingnet.de: Datenschutzrichtlinie","og_url":"https:\/\/vapingnet.de\/sk\/datenschutzrichtlinie\/","og_site_name":"Vapingnet.de","article_publisher":"https:\/\/www.facebook.com\/vapingnetde\/","article_modified_time":"2025-12-25T07:50:32+00:00","twitter_card":"summary_large_image","twitter_misc":{"Est. reading time":"5 minutes"},"schema":{"@context":"https:\/\/schema.org","@graph":[{"@type":"WebPage","@id":"https:\/\/vapingnet.de\/datenschutzrichtlinie\/","url":"https:\/\/vapingnet.de\/datenschutzrichtlinie\/","name":"Datenschutzrichtlinie | Vapingnet.de","isPartOf":{"@id":"https:\/\/vapingnet.de\/#website"},"datePublished":"2025-03-18T07:16:05+00:00","dateModified":"2025-12-25T07:50:32+00:00","description":"A quick overview from vapingnet.de: Datenschutzrichtlinie","breadcrumb":{"@id":"https:\/\/vapingnet.de\/datenschutzrichtlinie\/#breadcrumb"},"inLanguage":"sk-SK","potentialAction":[{"@type":"ReadAction","target":["https:\/\/vapingnet.de\/datenschutzrichtlinie\/"]}]},{"@type":"BreadcrumbList","@id":"https:\/\/vapingnet.de\/datenschutzrichtlinie\/#breadcrumb","itemListElement":[{"@type":"ListItem","position":1,"name":"Home","item":"https:\/\/vapingnet.de\/"},{"@type":"ListItem","position":2,"name":"Datenschutzrichtlinie"}]},{"@type":"WebSite","@id":"https:\/\/vapingnet.de\/#website","url":"https:\/\/vapingnet.de\/","name":"Vapingnet.de","description":"","publisher":{"@id":"https:\/\/vapingnet.de\/#organization"},"potentialAction":[{"@type":"SearchAction","target":{"@type":"EntryPoint","urlTemplate":"https:\/\/vapingnet.de\/?s={search_term_string}"},"query-input":{"@type":"PropertyValueSpecification","valueRequired":true,"valueName":"search_term_string"}}],"inLanguage":"sk-SK"},{"@type":"Organization","@id":"https:\/\/vapingnet.de\/#organization","name":"Vapingnet.de","url":"https:\/\/vapingnet.de\/","logo":{"@type":"ImageObject","inLanguage":"sk-SK","@id":"https:\/\/vapingnet.de\/#\/schema\/logo\/image\/","url":"https:\/\/vapingnet.de\/wp-content\/uploads\/2025\/03\/cropped-vapingnet.de_.jpg","contentUrl":"https:\/\/vapingnet.de\/wp-content\/uploads\/2025\/03\/cropped-vapingnet.de_.jpg","width":512,"height":512,"caption":"Vapingnet.de"},"image":{"@id":"https:\/\/vapingnet.de\/#\/schema\/logo\/image\/"},"sameAs":["https:\/\/www.facebook.com\/vapingnetde\/"]}]}},"_links":{"self":[{"href":"https:\/\/vapingnet.de\/sk\/wp-json\/wp\/v2\/pages\/5627","targetHints":{"allow":["GET"]}}],"collection":[{"href":"https:\/\/vapingnet.de\/sk\/wp-json\/wp\/v2\/pages"}],"about":[{"href":"https:\/\/vapingnet.de\/sk\/wp-json\/wp\/v2\/types\/page"}],"author":[{"embeddable":true,"href":"https:\/\/vapingnet.de\/sk\/wp-json\/wp\/v2\/users\/2"}],"replies":[{"embeddable":true,"href":"https:\/\/vapingnet.de\/sk\/wp-json\/wp\/v2\/comments?post=5627"}],"version-history":[{"count":3,"href":"https:\/\/vapingnet.de\/sk\/wp-json\/wp\/v2\/pages\/5627\/revisions"}],"predecessor-version":[{"id":7417,"href":"https:\/\/vapingnet.de\/sk\/wp-json\/wp\/v2\/pages\/5627\/revisions\/7417"}],"wp:attachment":[{"href":"https:\/\/vapingnet.de\/sk\/wp-json\/wp\/v2\/media?parent=5627"}],"curies":[{"name":"wp","href":"https:\/\/api.w.org\/{rel}","templated":true}]}}