{"id":5632,"date":"2025-03-18T07:22:10","date_gmt":"2025-03-18T07:22:10","guid":{"rendered":"https:\/\/vapingnet.de\/?page_id=5632"},"modified":"2025-12-25T08:09:34","modified_gmt":"2025-12-25T08:09:34","slug":"versandart","status":"publish","type":"page","link":"https:\/\/vapingnet.de\/sk\/versandart\/","title":{"rendered":"Sp\u00f4sob doru\u010denia"},"content":{"rendered":"<h2 class=\"wp-block-heading\">Podmienky doru\u010denia pri vapingnet.de<\/h2><p>Pre v\u0161etky sp\u00f4soby doru\u010denia \u00fa\u010dtuje vapingnet.de len n\u00e1klady na doru\u010denie, bez pr\u00edpadn\u00fdch dan\u00ed a ciel. Upozor\u0148ujeme, \u017ee v\u0161etky dane a cl\u00e1 v cie\u013eovej krajine s\u00fa v zodpovednosti z\u00e1kazn\u00edka.<\/p><p>Ak m\u00e1te vlastn\u00fd sp\u00f4sob doru\u010denia alebo vlastn\u00e9ho prepravcu v \u010c\u00edne, kontaktujte n\u00e1s a uve\u010fte pr\u00edslu\u0161n\u00e9 inform\u00e1cie. Potom odo\u0161leme objedn\u00e1vku do v\u00e1\u0161ho skladu alebo k v\u00e1\u0161mu prepravcovi.<\/p><h3 class=\"wp-block-heading\">Eur\u00f3sky skladov\u00fd transport<\/h3><ul class=\"wp-block-list\"><li><strong>Sp\u00f4sob doru\u010denia<\/strong>: DHL, UPS<\/li>\n\n<li><strong>Doba dodania pri Deutschland<\/strong>: 2-3 pracovn\u00e9 dni<\/li>\n\n<li><strong>Doba dodania v krajin\u00e1ch E\u00da<\/strong>: 3-4 pracovn\u00e9 dni<\/li><\/ul><h3 class=\"wp-block-heading\">Mimoeur\u00f3psky skladov\u00fd transport<\/h3><ul class=\"wp-block-list\"><li><strong>Sp\u00f4sob doru\u010denia<\/strong>: DHL, UPS<\/li>\n\n<li><strong>Cie\u013eov\u00e9 krajiny<\/strong>: krajiny Eur\u00f3pskej \u00fanie<\/li>\n\n<li><strong>Odhadovan\u00e1 doba dodania<\/strong>: 12-20 pracovn\u00fdch dn\u00ed<\/li><\/ul><p><strong>Upozornenie:<\/strong>\u00a0Bezplatn\u00e9 doru\u010denie do kraj\u00edn E\u00da pri objedn\u00e1vkach nad 3 000 \u20ac.<\/p><h3 class=\"wp-block-heading\">Ako skontrolova\u0165 n\u00e1klady na doru\u010denie do cie\u013ea?<\/h3><p>N\u00e1klady na doru\u010denie sa l\u00ed\u0161ia v z\u00e1vislosti od hmotnosti produktu, cie\u013eovej destin\u00e1cie, sp\u00f4sobu doru\u010denia a \u010fal\u0161\u00edch faktorov. Podrobn\u00e9 inform\u00e1cie o cen\u00e1ch n\u00e1jdete na str\u00e1nke pokladne. Najsk\u00f4r zadajte svoju dodaciu adresu, aby ste videli presn\u00e9 n\u00e1klady.<\/p><h3 class=\"wp-block-heading\">Spr\u00e1va coln\u00fdch a dovozn\u00fdch poplatkov<\/h3><p>Odpor\u00fa\u010dame v\u00e1m, aby ste sa pred odovzdan\u00edm objedn\u00e1vky informovali na miestnych coln\u00fdch \u00faradoch o mo\u017en\u00fdch dovozn\u00fdch cl\u00e1ch, poplatkoch a daniach. Na dovoz ur\u010dit\u00fdch produktov m\u00f4\u017eu by\u0165 potrebn\u00e9 \u0161peci\u00e1lne povolenia alebo licencie.<\/p><p><strong>vapingnet.de<\/strong>&nbsp;nepreber\u00e1 \u017eiadnu zodpovednos\u0165 za produkty, ktor\u00e9 coln\u00e9 \u00farady vo va\u0161ej krajine zamietnu, zaistia alebo zni\u010dia. Preto\u017ee z\u00e1sielka je odoslan\u00e1 z Hongkongu (vo\u013en\u00fd pr\u00edstav), hongkonsk\u00e1 vl\u00e1da nevyber\u00e1 da\u0148 z predaja ani clo. Dane v cie\u013eovej krajine hrad\u00ed z\u00e1kazn\u00edk.<\/p>","protected":false},"excerpt":{"rendered":"<p>Versandbedingungen bei vapingnet.de F\u00fcr alle Versandarten berechnet vapingnet.de lediglich die Versandkosten, exklusive etwaiger Steuern und Z\u00f6lle. Bitte beachten Sie, dass alle im Zielland anfallenden Steuern&#8230;<\/p>","protected":false},"author":2,"featured_media":0,"parent":0,"menu_order":0,"comment_status":"closed","ping_status":"closed","template":"","meta":{"footnotes":""},"class_list":["post-5632","page","type-page","status-publish","hentry"],"yoast_head":"<!-- This site is optimized with the Yoast SEO plugin v26.5 - https:\/\/yoast.com\/wordpress\/plugins\/seo\/ -->\n<title>Versandart | Vapingnet.de<\/title>\n<meta name=\"description\" content=\"A quick overview from vapingnet.de: Versandart\" \/>\n<meta name=\"robots\" content=\"index, follow, max-snippet:-1, max-image-preview:large, max-video-preview:-1\" \/>\n<link rel=\"canonical\" href=\"https:\/\/vapingnet.de\/sk\/versandart\/\" \/>\n<meta property=\"og:locale\" content=\"sk_SK\" \/>\n<meta property=\"og:type\" content=\"article\" \/>\n<meta property=\"og:title\" content=\"Versandart | Vapingnet.de\" \/>\n<meta property=\"og:description\" content=\"A quick overview from vapingnet.de: Versandart\" \/>\n<meta property=\"og:url\" content=\"https:\/\/vapingnet.de\/sk\/versandart\/\" \/>\n<meta property=\"og:site_name\" content=\"Vapingnet.de\" \/>\n<meta property=\"article:publisher\" content=\"https:\/\/www.facebook.com\/vapingnetde\/\" \/>\n<meta property=\"article:modified_time\" content=\"2025-12-25T08:09:34+00:00\" \/>\n<meta name=\"twitter:card\" content=\"summary_large_image\" \/>\n<meta name=\"twitter:label1\" content=\"Est. reading time\" \/>\n\t<meta name=\"twitter:data1\" content=\"2 minutes\" \/>\n<script type=\"application\/ld+json\" class=\"yoast-schema-graph\">{\"@context\":\"https:\/\/schema.org\",\"@graph\":[{\"@type\":\"WebPage\",\"@id\":\"https:\/\/vapingnet.de\/versandart\/\",\"url\":\"https:\/\/vapingnet.de\/versandart\/\",\"name\":\"Versandart | Vapingnet.de\",\"isPartOf\":{\"@id\":\"https:\/\/vapingnet.de\/#website\"},\"datePublished\":\"2025-03-18T07:22:10+00:00\",\"dateModified\":\"2025-12-25T08:09:34+00:00\",\"description\":\"A quick overview from vapingnet.de: Versandart\",\"breadcrumb\":{\"@id\":\"https:\/\/vapingnet.de\/versandart\/#breadcrumb\"},\"inLanguage\":\"sk-SK\",\"potentialAction\":[{\"@type\":\"ReadAction\",\"target\":[\"https:\/\/vapingnet.de\/versandart\/\"]}]},{\"@type\":\"BreadcrumbList\",\"@id\":\"https:\/\/vapingnet.de\/versandart\/#breadcrumb\",\"itemListElement\":[{\"@type\":\"ListItem\",\"position\":1,\"name\":\"Home\",\"item\":\"https:\/\/vapingnet.de\/\"},{\"@type\":\"ListItem\",\"position\":2,\"name\":\"Versandart\"}]},{\"@type\":\"WebSite\",\"@id\":\"https:\/\/vapingnet.de\/#website\",\"url\":\"https:\/\/vapingnet.de\/\",\"name\":\"Vapingnet.de\",\"description\":\"\",\"publisher\":{\"@id\":\"https:\/\/vapingnet.de\/#organization\"},\"potentialAction\":[{\"@type\":\"SearchAction\",\"target\":{\"@type\":\"EntryPoint\",\"urlTemplate\":\"https:\/\/vapingnet.de\/?s={search_term_string}\"},\"query-input\":{\"@type\":\"PropertyValueSpecification\",\"valueRequired\":true,\"valueName\":\"search_term_string\"}}],\"inLanguage\":\"sk-SK\"},{\"@type\":\"Organization\",\"@id\":\"https:\/\/vapingnet.de\/#organization\",\"name\":\"Vapingnet.de\",\"url\":\"https:\/\/vapingnet.de\/\",\"logo\":{\"@type\":\"ImageObject\",\"inLanguage\":\"sk-SK\",\"@id\":\"https:\/\/vapingnet.de\/#\/schema\/logo\/image\/\",\"url\":\"https:\/\/vapingnet.de\/wp-content\/uploads\/2025\/03\/cropped-vapingnet.de_.jpg\",\"contentUrl\":\"https:\/\/vapingnet.de\/wp-content\/uploads\/2025\/03\/cropped-vapingnet.de_.jpg\",\"width\":512,\"height\":512,\"caption\":\"Vapingnet.de\"},\"image\":{\"@id\":\"https:\/\/vapingnet.de\/#\/schema\/logo\/image\/\"},\"sameAs\":[\"https:\/\/www.facebook.com\/vapingnetde\/\"]}]}<\/script>\n<!-- \/ Yoast SEO plugin. -->","yoast_head_json":{"title":"Versandart | Vapingnet.de","description":"A quick overview from vapingnet.de: Versandart","robots":{"index":"index","follow":"follow","max-snippet":"max-snippet:-1","max-image-preview":"max-image-preview:large","max-video-preview":"max-video-preview:-1"},"canonical":"https:\/\/vapingnet.de\/sk\/versandart\/","og_locale":"sk_SK","og_type":"article","og_title":"Versandart | Vapingnet.de","og_description":"A quick overview from vapingnet.de: Versandart","og_url":"https:\/\/vapingnet.de\/sk\/versandart\/","og_site_name":"Vapingnet.de","article_publisher":"https:\/\/www.facebook.com\/vapingnetde\/","article_modified_time":"2025-12-25T08:09:34+00:00","twitter_card":"summary_large_image","twitter_misc":{"Est. reading time":"2 minutes"},"schema":{"@context":"https:\/\/schema.org","@graph":[{"@type":"WebPage","@id":"https:\/\/vapingnet.de\/versandart\/","url":"https:\/\/vapingnet.de\/versandart\/","name":"Versandart | Vapingnet.de","isPartOf":{"@id":"https:\/\/vapingnet.de\/#website"},"datePublished":"2025-03-18T07:22:10+00:00","dateModified":"2025-12-25T08:09:34+00:00","description":"A quick overview from vapingnet.de: Versandart","breadcrumb":{"@id":"https:\/\/vapingnet.de\/versandart\/#breadcrumb"},"inLanguage":"sk-SK","potentialAction":[{"@type":"ReadAction","target":["https:\/\/vapingnet.de\/versandart\/"]}]},{"@type":"BreadcrumbList","@id":"https:\/\/vapingnet.de\/versandart\/#breadcrumb","itemListElement":[{"@type":"ListItem","position":1,"name":"Home","item":"https:\/\/vapingnet.de\/"},{"@type":"ListItem","position":2,"name":"Versandart"}]},{"@type":"WebSite","@id":"https:\/\/vapingnet.de\/#website","url":"https:\/\/vapingnet.de\/","name":"Vapingnet.de","description":"","publisher":{"@id":"https:\/\/vapingnet.de\/#organization"},"potentialAction":[{"@type":"SearchAction","target":{"@type":"EntryPoint","urlTemplate":"https:\/\/vapingnet.de\/?s={search_term_string}"},"query-input":{"@type":"PropertyValueSpecification","valueRequired":true,"valueName":"search_term_string"}}],"inLanguage":"sk-SK"},{"@type":"Organization","@id":"https:\/\/vapingnet.de\/#organization","name":"Vapingnet.de","url":"https:\/\/vapingnet.de\/","logo":{"@type":"ImageObject","inLanguage":"sk-SK","@id":"https:\/\/vapingnet.de\/#\/schema\/logo\/image\/","url":"https:\/\/vapingnet.de\/wp-content\/uploads\/2025\/03\/cropped-vapingnet.de_.jpg","contentUrl":"https:\/\/vapingnet.de\/wp-content\/uploads\/2025\/03\/cropped-vapingnet.de_.jpg","width":512,"height":512,"caption":"Vapingnet.de"},"image":{"@id":"https:\/\/vapingnet.de\/#\/schema\/logo\/image\/"},"sameAs":["https:\/\/www.facebook.com\/vapingnetde\/"]}]}},"_links":{"self":[{"href":"https:\/\/vapingnet.de\/sk\/wp-json\/wp\/v2\/pages\/5632","targetHints":{"allow":["GET"]}}],"collection":[{"href":"https:\/\/vapingnet.de\/sk\/wp-json\/wp\/v2\/pages"}],"about":[{"href":"https:\/\/vapingnet.de\/sk\/wp-json\/wp\/v2\/types\/page"}],"author":[{"embeddable":true,"href":"https:\/\/vapingnet.de\/sk\/wp-json\/wp\/v2\/users\/2"}],"replies":[{"embeddable":true,"href":"https:\/\/vapingnet.de\/sk\/wp-json\/wp\/v2\/comments?post=5632"}],"version-history":[{"count":2,"href":"https:\/\/vapingnet.de\/sk\/wp-json\/wp\/v2\/pages\/5632\/revisions"}],"predecessor-version":[{"id":7418,"href":"https:\/\/vapingnet.de\/sk\/wp-json\/wp\/v2\/pages\/5632\/revisions\/7418"}],"wp:attachment":[{"href":"https:\/\/vapingnet.de\/sk\/wp-json\/wp\/v2\/media?parent=5632"}],"curies":[{"name":"wp","href":"https:\/\/api.w.org\/{rel}","templated":true}]}}