{"id":4940,"date":"2025-03-10T09:41:30","date_gmt":"2025-03-10T09:41:30","guid":{"rendered":"https:\/\/vapingnet.de\/?post_type=product&#038;p=4940"},"modified":"2025-12-18T01:38:54","modified_gmt":"2025-12-18T01:38:54","slug":"randm-tornado-7000-mixed-berries-geschmack-der-begeistert","status":"publish","type":"product","link":"https:\/\/vapingnet.de\/sk\/vape\/randm-tornado-7000-mixed-berries-geschmack-der-begeistert\/","title":{"rendered":"RandM Tornado 7000 \u2013 Mix bob\u00fa\u013e chuti, ktor\u00e1 nadchne"},"content":{"rendered":"<p>RandM Tornado 7000 \u2013 Jednorazov\u00e1 e-cigareta s a\u017e 7000 potiahnutiami a RGB osvetlen\u00edm.<\/p>\n<p>RandM Tornado 7000 je inovat\u00edvna jednorazov\u00e1 e-cigareta, ktor\u00e1 spo\u013eahlivo sp\u00e1ja technol\u00f3giu, dizajn a chu\u0165. Transparentn\u00e1 14 ml n\u00e1dr\u017e umo\u017e\u0148uje jednoduch\u00fa kontrolu hladiny. Integrovan\u00e1 bat\u00e9ria 850 mAh sa r\u00fdchlo nab\u00edja cez USB-C a umo\u017e\u0148uje a\u017e 7000 potiahnut\u00ed za len 10\u201315 min\u00fat.<\/p>\n<p>Popis chuti: Zmie\u0161an\u00e9 bobule<\/p>\n<p>Ob\u013e\u00faben\u00e1 chu\u0165 \u201eZmie\u0161an\u00e9 bobule\u201c od RandM Tornado 7000 presved\u010d\u00ed dokonalou zmesou modr\u00fdch hrozienok, jah\u00f4d a mal\u00edn. Sladko-s\u00fdte ar\u00f3my dop\u013a\u0148aj\u00fa osvie\u017euj\u00faci z\u00e1ver, zatia\u013e \u010do obsah nikot\u00ednov\u00e9ho soli 2 % zabezpe\u010duje intenz\u00edvny Throat Hit a poskytuje tak dokonal\u00fd z\u00e1\u017eitok z e-cigarety.<\/p>\n<p>Dizajn a pou\u017e\u00edvate\u013esk\u00e1 pr\u00edvetivos\u0165<\/p>\n<p>V\u00fdrazn\u00fd RGB osvetlen\u00fd dizajn RandM Tornado 7000 mu dod\u00e1va modern\u00fd vzh\u013ead a odli\u0161uje ho od in\u00fdch jednorazov\u00fdch e-cigariet. Ovl\u00e1danie je ve\u013emi jednoduch\u00e9: Sta\u010d\u00ed vytiahnu\u0165 sac\u00ed n\u00e1ustok a odstr\u00e1ni\u0165 n\u00e1lepku. Po\u010dkajte chv\u00ed\u013eu, k\u00fdm sa e-liquid \u00faplne nenapln\u00ed \u2013 a m\u00f4\u017eete za\u010da\u0165.<\/p>\n<p>V\u00fdhody RandM Tornado 7000 na prv\u00fd poh\u013ead<\/p>\n<p>Prieh\u013eadn\u00e1 14 ml n\u00e1dr\u017e na e-liquid<\/p>\n<p>Bat\u00e9ria 850 mAh s r\u00fdchlym nab\u00edjan\u00edm cez USB-C<\/p>\n<p>A\u017e 7000 potiahnut\u00ed, odoln\u00e1 a pevn\u00e1<\/p>\n<p>Ob\u013e\u00faben\u00e1 zmes bob\u00fa\u013e s nikot\u00ednovou so\u013eou 2 %<\/p>\n<p>Elegantn\u00e9 RGB osvetlenie pre individu\u00e1lne akcenty<\/p>\n<p>Jednoduch\u00e9 ovl\u00e1danie, bez \u00fadr\u017eby<\/p>\n<p>Objednajte teraz v duty-free obchode od vapingnet.de<\/p>\n<p>RandM Tornado 7000 je exkluz\u00edvne dostupn\u00e1 v duty-free obchodoch od vapingnet.de. Pon\u00fakame \u0161irok\u00fd v\u00fdber chut\u00ed za v\u00fdhodn\u00e9 ceny \u2013 \u010di ste za\u010diato\u010dn\u00edk alebo sk\u00fasen\u00fd pou\u017e\u00edvate\u013e e-cigariet, ur\u010dite si n\u00e1jdete nie\u010do, \u010do v\u00e1m bude vyhovova\u0165.<\/p>","protected":false},"excerpt":{"rendered":"<p>Vysoko kvalitn\u00e9 e-cigarety \ud83d\udd25, odoslan\u00e9 priamo z n\u00e1\u0161ho skladu v Br\u00e9mach, dorazia do 2-4 dn\u00ed!<\/p>","protected":false},"featured_media":4941,"template":"","meta":[],"etheme_brands":[],"product_brand":[96],"product_cat":[89,59,49,61],"product_tag":[],"class_list":{"0":"post-4940","1":"product","2":"type-product","3":"status-publish","4":"has-post-thumbnail","6":"product_brand-randm-vape","7":"product_cat-vape-7000-zuege","8":"product_cat-de","9":"product_cat-einweg-e-zigarette","10":"product_cat-f","12":"first","13":"instock","14":"shipping-taxable","15":"purchasable","16":"product-type-simple"},"yoast_head":"<!-- This site is optimized with the Yoast SEO plugin v26.5 - https:\/\/yoast.com\/wordpress\/plugins\/seo\/ -->\n<title>RandM Tornado 7000 \u2013 Langlebiger Vape mit Mixed Berries<\/title>\n<meta name=\"description\" content=\"RandM Tornado 7000 Einweg Vape mit 14 ml Liquid und stylischem RGB-Licht. Jetzt zollfrei bestellen.\" \/>\n<meta name=\"robots\" content=\"index, follow, max-snippet:-1, max-image-preview:large, max-video-preview:-1\" \/>\n<link rel=\"canonical\" href=\"https:\/\/vapingnet.de\/sk\/vape\/randm-tornado-7000-mixed-berries-geschmack-der-begeistert\/\" \/>\n<meta property=\"og:locale\" content=\"sk_SK\" \/>\n<meta property=\"og:type\" content=\"article\" \/>\n<meta property=\"og:title\" content=\"RandM Tornado 7000 \u2013 Langlebiger Vape mit Mixed Berries\" \/>\n<meta property=\"og:description\" content=\"RandM Tornado 7000 Einweg Vape mit 14 ml Liquid und stylischem RGB-Licht. Jetzt zollfrei bestellen.\" \/>\n<meta property=\"og:url\" content=\"https:\/\/vapingnet.de\/sk\/vape\/randm-tornado-7000-mixed-berries-geschmack-der-begeistert\/\" \/>\n<meta property=\"og:site_name\" content=\"Vapingnet.de\" \/>\n<meta property=\"article:publisher\" content=\"https:\/\/www.facebook.com\/vapingnetde\/\" \/>\n<meta property=\"article:modified_time\" content=\"2025-12-18T01:38:54+00:00\" \/>\n<meta property=\"og:image\" content=\"https:\/\/vapingnet.de\/wp-content\/uploads\/2025\/03\/randm-tornado-7000-mixed-berries.webp\" \/>\n\t<meta property=\"og:image:width\" content=\"1000\" \/>\n\t<meta property=\"og:image:height\" content=\"1000\" \/>\n\t<meta property=\"og:image:type\" content=\"image\/webp\" \/>\n<meta name=\"twitter:card\" content=\"summary_large_image\" \/>\n<meta name=\"twitter:label1\" content=\"Est. reading time\" \/>\n\t<meta name=\"twitter:data1\" content=\"2 minutes\" \/>\n<script type=\"application\/ld+json\" class=\"yoast-schema-graph\">{\"@context\":\"https:\/\/schema.org\",\"@graph\":[{\"@type\":\"WebPage\",\"@id\":\"https:\/\/vapingnet.de\/vape\/randm-tornado-7000-mixed-berries-geschmack-der-begeistert\/\",\"url\":\"https:\/\/vapingnet.de\/vape\/randm-tornado-7000-mixed-berries-geschmack-der-begeistert\/\",\"name\":\"RandM Tornado 7000 \u2013 Langlebiger Vape mit Mixed Berries\",\"isPartOf\":{\"@id\":\"https:\/\/vapingnet.de\/#website\"},\"primaryImageOfPage\":{\"@id\":\"https:\/\/vapingnet.de\/vape\/randm-tornado-7000-mixed-berries-geschmack-der-begeistert\/#primaryimage\"},\"image\":{\"@id\":\"https:\/\/vapingnet.de\/vape\/randm-tornado-7000-mixed-berries-geschmack-der-begeistert\/#primaryimage\"},\"thumbnailUrl\":\"https:\/\/vapingnet.de\/wp-content\/uploads\/2025\/03\/randm-tornado-7000-mixed-berries.webp\",\"datePublished\":\"2025-03-10T09:41:30+00:00\",\"dateModified\":\"2025-12-18T01:38:54+00:00\",\"description\":\"RandM Tornado 7000 Einweg Vape mit 14 ml Liquid und stylischem RGB-Licht. Jetzt zollfrei bestellen.\",\"breadcrumb\":{\"@id\":\"https:\/\/vapingnet.de\/vape\/randm-tornado-7000-mixed-berries-geschmack-der-begeistert\/#breadcrumb\"},\"inLanguage\":\"sk-SK\",\"potentialAction\":[{\"@type\":\"ReadAction\",\"target\":[\"https:\/\/vapingnet.de\/vape\/randm-tornado-7000-mixed-berries-geschmack-der-begeistert\/\"]}]},{\"@type\":\"ImageObject\",\"inLanguage\":\"sk-SK\",\"@id\":\"https:\/\/vapingnet.de\/vape\/randm-tornado-7000-mixed-berries-geschmack-der-begeistert\/#primaryimage\",\"url\":\"https:\/\/vapingnet.de\/wp-content\/uploads\/2025\/03\/randm-tornado-7000-mixed-berries.webp\",\"contentUrl\":\"https:\/\/vapingnet.de\/wp-content\/uploads\/2025\/03\/randm-tornado-7000-mixed-berries.webp\",\"width\":1000,\"height\":1000,\"caption\":\"randm-tornado-7000-mixed-berries\"},{\"@type\":\"BreadcrumbList\",\"@id\":\"https:\/\/vapingnet.de\/vape\/randm-tornado-7000-mixed-berries-geschmack-der-begeistert\/#breadcrumb\",\"itemListElement\":[{\"@type\":\"ListItem\",\"position\":1,\"name\":\"Home\",\"item\":\"https:\/\/vapingnet.de\/\"},{\"@type\":\"ListItem\",\"position\":2,\"name\":\"Shop\",\"item\":\"https:\/\/vapingnet.de\/vape\/\"},{\"@type\":\"ListItem\",\"position\":3,\"name\":\"RandM Tornado 7000 \u2013 Mixed Berries Geschmack der begeistert\"}]},{\"@type\":\"WebSite\",\"@id\":\"https:\/\/vapingnet.de\/#website\",\"url\":\"https:\/\/vapingnet.de\/\",\"name\":\"Vapingnet.de\",\"description\":\"\",\"publisher\":{\"@id\":\"https:\/\/vapingnet.de\/#organization\"},\"potentialAction\":[{\"@type\":\"SearchAction\",\"target\":{\"@type\":\"EntryPoint\",\"urlTemplate\":\"https:\/\/vapingnet.de\/?s={search_term_string}\"},\"query-input\":{\"@type\":\"PropertyValueSpecification\",\"valueRequired\":true,\"valueName\":\"search_term_string\"}}],\"inLanguage\":\"sk-SK\"},{\"@type\":\"Organization\",\"@id\":\"https:\/\/vapingnet.de\/#organization\",\"name\":\"Vapingnet.de\",\"url\":\"https:\/\/vapingnet.de\/\",\"logo\":{\"@type\":\"ImageObject\",\"inLanguage\":\"sk-SK\",\"@id\":\"https:\/\/vapingnet.de\/#\/schema\/logo\/image\/\",\"url\":\"https:\/\/vapingnet.de\/wp-content\/uploads\/2025\/03\/cropped-vapingnet.de_.jpg\",\"contentUrl\":\"https:\/\/vapingnet.de\/wp-content\/uploads\/2025\/03\/cropped-vapingnet.de_.jpg\",\"width\":512,\"height\":512,\"caption\":\"Vapingnet.de\"},\"image\":{\"@id\":\"https:\/\/vapingnet.de\/#\/schema\/logo\/image\/\"},\"sameAs\":[\"https:\/\/www.facebook.com\/vapingnetde\/\"]}]}<\/script>\n<!-- \/ Yoast SEO plugin. -->","yoast_head_json":{"title":"RandM Tornado 7000 \u2013 Langlebiger Vape mit Mixed Berries","description":"RandM Tornado 7000 Einweg Vape mit 14 ml Liquid und stylischem RGB-Licht. Jetzt zollfrei bestellen.","robots":{"index":"index","follow":"follow","max-snippet":"max-snippet:-1","max-image-preview":"max-image-preview:large","max-video-preview":"max-video-preview:-1"},"canonical":"https:\/\/vapingnet.de\/sk\/vape\/randm-tornado-7000-mixed-berries-geschmack-der-begeistert\/","og_locale":"sk_SK","og_type":"article","og_title":"RandM Tornado 7000 \u2013 Langlebiger Vape mit Mixed Berries","og_description":"RandM Tornado 7000 Einweg Vape mit 14 ml Liquid und stylischem RGB-Licht. Jetzt zollfrei bestellen.","og_url":"https:\/\/vapingnet.de\/sk\/vape\/randm-tornado-7000-mixed-berries-geschmack-der-begeistert\/","og_site_name":"Vapingnet.de","article_publisher":"https:\/\/www.facebook.com\/vapingnetde\/","article_modified_time":"2025-12-18T01:38:54+00:00","og_image":[{"width":1000,"height":1000,"url":"https:\/\/vapingnet.de\/wp-content\/uploads\/2025\/03\/randm-tornado-7000-mixed-berries.webp","type":"image\/webp"}],"twitter_card":"summary_large_image","twitter_misc":{"Est. reading time":"2 minutes"},"schema":{"@context":"https:\/\/schema.org","@graph":[{"@type":"WebPage","@id":"https:\/\/vapingnet.de\/vape\/randm-tornado-7000-mixed-berries-geschmack-der-begeistert\/","url":"https:\/\/vapingnet.de\/vape\/randm-tornado-7000-mixed-berries-geschmack-der-begeistert\/","name":"RandM Tornado 7000 \u2013 Langlebiger Vape mit Mixed Berries","isPartOf":{"@id":"https:\/\/vapingnet.de\/#website"},"primaryImageOfPage":{"@id":"https:\/\/vapingnet.de\/vape\/randm-tornado-7000-mixed-berries-geschmack-der-begeistert\/#primaryimage"},"image":{"@id":"https:\/\/vapingnet.de\/vape\/randm-tornado-7000-mixed-berries-geschmack-der-begeistert\/#primaryimage"},"thumbnailUrl":"https:\/\/vapingnet.de\/wp-content\/uploads\/2025\/03\/randm-tornado-7000-mixed-berries.webp","datePublished":"2025-03-10T09:41:30+00:00","dateModified":"2025-12-18T01:38:54+00:00","description":"RandM Tornado 7000 Einweg Vape mit 14 ml Liquid und stylischem RGB-Licht. Jetzt zollfrei bestellen.","breadcrumb":{"@id":"https:\/\/vapingnet.de\/vape\/randm-tornado-7000-mixed-berries-geschmack-der-begeistert\/#breadcrumb"},"inLanguage":"sk-SK","potentialAction":[{"@type":"ReadAction","target":["https:\/\/vapingnet.de\/vape\/randm-tornado-7000-mixed-berries-geschmack-der-begeistert\/"]}]},{"@type":"ImageObject","inLanguage":"sk-SK","@id":"https:\/\/vapingnet.de\/vape\/randm-tornado-7000-mixed-berries-geschmack-der-begeistert\/#primaryimage","url":"https:\/\/vapingnet.de\/wp-content\/uploads\/2025\/03\/randm-tornado-7000-mixed-berries.webp","contentUrl":"https:\/\/vapingnet.de\/wp-content\/uploads\/2025\/03\/randm-tornado-7000-mixed-berries.webp","width":1000,"height":1000,"caption":"randm-tornado-7000-mixed-berries"},{"@type":"BreadcrumbList","@id":"https:\/\/vapingnet.de\/vape\/randm-tornado-7000-mixed-berries-geschmack-der-begeistert\/#breadcrumb","itemListElement":[{"@type":"ListItem","position":1,"name":"Home","item":"https:\/\/vapingnet.de\/"},{"@type":"ListItem","position":2,"name":"Shop","item":"https:\/\/vapingnet.de\/vape\/"},{"@type":"ListItem","position":3,"name":"RandM Tornado 7000 \u2013 Mixed Berries Geschmack der begeistert"}]},{"@type":"WebSite","@id":"https:\/\/vapingnet.de\/#website","url":"https:\/\/vapingnet.de\/","name":"Vapingnet.de","description":"","publisher":{"@id":"https:\/\/vapingnet.de\/#organization"},"potentialAction":[{"@type":"SearchAction","target":{"@type":"EntryPoint","urlTemplate":"https:\/\/vapingnet.de\/?s={search_term_string}"},"query-input":{"@type":"PropertyValueSpecification","valueRequired":true,"valueName":"search_term_string"}}],"inLanguage":"sk-SK"},{"@type":"Organization","@id":"https:\/\/vapingnet.de\/#organization","name":"Vapingnet.de","url":"https:\/\/vapingnet.de\/","logo":{"@type":"ImageObject","inLanguage":"sk-SK","@id":"https:\/\/vapingnet.de\/#\/schema\/logo\/image\/","url":"https:\/\/vapingnet.de\/wp-content\/uploads\/2025\/03\/cropped-vapingnet.de_.jpg","contentUrl":"https:\/\/vapingnet.de\/wp-content\/uploads\/2025\/03\/cropped-vapingnet.de_.jpg","width":512,"height":512,"caption":"Vapingnet.de"},"image":{"@id":"https:\/\/vapingnet.de\/#\/schema\/logo\/image\/"},"sameAs":["https:\/\/www.facebook.com\/vapingnetde\/"]}]}},"tiered_pricing_type":"fixed","tiered_pricing_fixed_rules":{"50":"7.40","110":"6.99","210":"6.58","510":"6.17","1100":"5.75"},"tiered_pricing_product_settings":{"layout":"default","base_unit_name":{"singular":null,"plural":null},"default_variation":null},"tiered_pricing_minimum_quantity":null,"tiered_pricing_roles_data":[],"tiered_pricing_percentage_rules":[],"_links":{"self":[{"href":"https:\/\/vapingnet.de\/sk\/wp-json\/wp\/v2\/product\/4940","targetHints":{"allow":["GET"]}}],"collection":[{"href":"https:\/\/vapingnet.de\/sk\/wp-json\/wp\/v2\/product"}],"about":[{"href":"https:\/\/vapingnet.de\/sk\/wp-json\/wp\/v2\/types\/product"}],"version-history":[{"count":13,"href":"https:\/\/vapingnet.de\/sk\/wp-json\/wp\/v2\/product\/4940\/revisions"}],"predecessor-version":[{"id":7348,"href":"https:\/\/vapingnet.de\/sk\/wp-json\/wp\/v2\/product\/4940\/revisions\/7348"}],"wp:featuredmedia":[{"embeddable":true,"href":"https:\/\/vapingnet.de\/sk\/wp-json\/wp\/v2\/media\/4941"}],"wp:attachment":[{"href":"https:\/\/vapingnet.de\/sk\/wp-json\/wp\/v2\/media?parent=4940"}],"wp:term":[{"taxonomy":"brand","embeddable":true,"href":"https:\/\/vapingnet.de\/sk\/wp-json\/wp\/v2\/etheme_brands?post=4940"},{"taxonomy":"product_brand","embeddable":true,"href":"https:\/\/vapingnet.de\/sk\/wp-json\/wp\/v2\/product_brand?post=4940"},{"taxonomy":"product_cat","embeddable":true,"href":"https:\/\/vapingnet.de\/sk\/wp-json\/wp\/v2\/product_cat?post=4940"},{"taxonomy":"product_tag","embeddable":true,"href":"https:\/\/vapingnet.de\/sk\/wp-json\/wp\/v2\/product_tag?post=4940"}],"curies":[{"name":"wp","href":"https:\/\/api.w.org\/{rel}","templated":true}]}}