{"id":4962,"date":"2025-03-11T03:26:15","date_gmt":"2025-03-11T03:26:15","guid":{"rendered":"https:\/\/vapingnet.de\/?post_type=product&#038;p=4962"},"modified":"2025-12-18T08:15:30","modified_gmt":"2025-12-18T08:15:30","slug":"cooler-genuss-randm-tornado-7000-blueberry-ice","status":"publish","type":"product","link":"https:\/\/vapingnet.de\/sk\/vape\/cooler-genuss-randm-tornado-7000-blueberry-ice\/","title":{"rendered":"Chladn\u00fd p\u00f4\u017eitok RandM Tornado 7000 Blueberry On Ice"},"content":{"rendered":"<h2 data-start=\"0\" data-end=\"58\">RandM Tornado 7000 \u2013 \u010cu\u010doriedkov\u00e1 svie\u017eos\u0165 so \u0161t\u00fdlom! \ud83c\udf2a\ufe0f\u2728<\/h2>\n<p data-start=\"60\" data-end=\"526\">Ak h\u013ead\u00e1\u0161 v\u00fdkonn\u00fa, dlhotrvaj\u00facu a \u0161t\u00fdlov\u00fa e-cigaretu, potom je RandM Tornado 7000 presne to, \u010do potrebuje\u0161! So 7000 potiahnutiami, \u0161es\u0165n\u00e1sobnou RGB zmenou farieb a 1,2\u03a9 Mesh-Coil pon\u00faka intenz\u00edvny a hladk\u00fd z\u00e1\u017eitok z vapovania. Chu\u0165 \u0161\u0165avnat\u00fdch \u010du\u010doriedok s osvie\u017euj\u00facim chladiv\u00fdm efektom zais\u0165uje neopakovate\u013en\u00fd p\u00f4\u017eitok \u2013 ide\u00e1lne pre v\u0161etk\u00fdch, ktor\u00ed miluj\u00fa ten \u0161peci\u00e1lny kop!<\/p>\n<h4 data-start=\"535\" data-end=\"588\">\ud83d\udd25 V\u00fdkonn\u00fd &amp; v\u017edy pripraven\u00fd na pou\u017eitie<\/h4>\n<p data-start=\"589\" data-end=\"824\">S 850mAh bat\u00e9riou a Type-C r\u00fdchlym nab\u00edjan\u00edm patria probl\u00e9my s bat\u00e9riou minulosti. V\u010faka 7000 potiahnutiam m\u00e1\u0161 jednu z najdlh\u0161ie trvaj\u00facich <a href=\"https:\/\/vapingnet.de\/sk\/k\/einweg-e-zigarette\/\" target=\"_blank\" rel=\"noopener\"><strong>Jednorazov\u00e9 e-cigaretky<\/strong><\/a> na trhu \u2013 pre nepretr\u017eit\u00fd p\u00f4\u017eitok bez neust\u00e1leho dokupovania!<\/p>\n<h4 data-start=\"826\" data-end=\"890\">\ud83e\uded0 Blueberry On Ice \u2013 Ovocn\u00e1 svie\u017eos\u0165 s \u013eadov\u00fdm efektom<\/h4>\n<p data-start=\"891\" data-end=\"1198\">Vychutnaj si sladko-kyselkav\u00fa chu\u0165 \u010derstvo nazbieran\u00fdch \u010du\u010doriedok, kombinovan\u00fa s pr\u00edjemn\u00fdm chladiv\u00fdm efektom, ktor\u00fd ti dod\u00e1 \u00fa\u017easne osvie\u017euj\u00faci pocit. S 2 % nikot\u00ednu dostane\u0161 perfektn\u00fd hit \u2013 nie pr\u00edli\u0161 siln\u00fd, ale presne tak\u00fd, ak\u00fd m\u00e1 by\u0165 pre jemn\u00fd a pr\u00edjemn\u00fd z\u00e1\u017eitok z vapovania.<\/p>\n<h4 data-start=\"1200\" data-end=\"1266\">\ud83c\udf08 RGB-LED sveteln\u00fd efekt \u2013 Uk\u00e1\u017e \u0161t\u00fdlov\u00e9 vyhl\u00e1senie!<\/h4>\n<p data-start=\"1267\" data-end=\"1453\">6-farebn\u00e9 RGB-LED osvetlenie rob\u00ed z ka\u017edej vapovacej session optick\u00fd highlight. Farby sa dynamicky menia pri \u0165ahan\u00ed \u2013 ide\u00e1lne na cesty alebo na \u010fal\u0161iu p\u00e1rty!<\/p>\n<h4 data-start=\"1455\" data-end=\"1527\">\u26a1 Mesh-Coil-Technol\u00f3gia \u2013 Intenz\u00edvna chu\u0165 &amp; hust\u00e1 para<\/h4>\n<p data-start=\"1528\" data-end=\"1765\">V\u010faka 1,2\u03a9 Mesh-Coil sa liquid rovnomerne zahrieva, tak\u017ee dostane\u0161 e\u0161te pln\u0161\u00ed, jemnej\u0161\u00ed a intenz\u00edvnej\u0161\u00ed z\u00e1\u017eitok z vapovania. \u017diadne such\u00e9 \u0165ahy, \u017eiadne prehrievanie \u2013 len \u010dist\u00e1 chu\u0165 a jemn\u00e1 para!<\/p>\n<h3 data-start=\"1774\" data-end=\"1812\">\ud83c\udfaf Pre\u010do RandM Tornado 7000?<\/h3>\n<p data-start=\"1813\" data-end=\"2269\">\u2705 7000 \u0164ahov \u2013 Maxim\u00e1lny z\u00e1\u017eitok z vapovania s dlhou \u017eivotnos\u0165ou<br data-start=\"1879\" data-end=\"1882\" \/>\u2705 850mAh Bat\u00e9ria s Type-C-Nab\u00edjan\u00edm \u2013 Nab\u00edjate\u013en\u00e1 &amp; \u0161etrn\u00e1 k \u017eivotn\u00e9mu prostrediu<br data-start=\"1954\" data-end=\"1957\" \/>\u2705 Blueberry On Ice Chu\u0165 \u2013 Perfektn\u00e1 zmes sladk\u00fdch \u010du\u010doriedok &amp; osvie\u017euj\u00faceho chladu<br data-start=\"2052\" data-end=\"2055\" \/>\u2705 \u0160t\u00fdlov\u00e9 RGB-Osvetlenie \u2013 6 farieb pre jedine\u010dn\u00fd z\u00e1\u017eitok z vapovania<br data-start=\"2133\" data-end=\"2136\" \/>\u2705 1,2\u03a9 Mesh-Coil \u2013 Intenz\u00edvna chu\u0165 &amp; jemn\u00e9, hust\u00e9 oblaky<br data-start=\"2203\" data-end=\"2206\" \/>\u2705 14 ml kapacita tekutiny \u2013 Viac obsahu pre dlh\u0161\u00ed p\u00f4\u017eitok<\/p>\n<p data-start=\"2271\" data-end=\"2599\" data-is-last-node=\"\" data-is-only-node=\"\">\ud83d\ude80 RandM Tornado 7000 \u2013 Perfektn\u00e1 kombin\u00e1cia technol\u00f3gie, chuti a \u0161t\u00fdlu!<br data-start=\"2361\" data-end=\"2364\" \/>\u010ci u\u017e na ka\u017edodenn\u00e9 pou\u017eitie alebo \u0161peci\u00e1lne pr\u00edle\u017eitosti \u2013 t\u00e1to e-cigareta ti pon\u00faka maxim\u00e1lny v\u00fdkon s cool funkciami. Teraz na <strong><a href=\"https:\/\/vapingnet.de\/sk\/\" target=\"_new\" rel=\"noopener\" data-start=\"2494\" data-end=\"2531\">vapingnet.de<\/a><\/strong> objedna\u0165 a za\u017ei\u0165 ultim\u00e1tny \u010du\u010doriedkovo-\u013eadov\u00fd kop! \ud83d\udca8\ud83d\udd25<\/p>","protected":false},"excerpt":{"rendered":"<p>Vysoko kvalitn\u00e9 elektronick\u00e9 cigarety\ud83d\udd25, odoslan\u00e9 priamo zo skladu v Br\u00e9mach, doru\u010denie do 2-4 dn\u00ed!<\/p>","protected":false},"featured_media":4963,"template":"","meta":[],"etheme_brands":[],"product_brand":[96],"product_cat":[89,59,49,61],"product_tag":[],"class_list":{"0":"post-4962","1":"product","2":"type-product","3":"status-publish","4":"has-post-thumbnail","6":"product_brand-randm-vape","7":"product_cat-vape-7000-zuege","8":"product_cat-de","9":"product_cat-einweg-e-zigarette","10":"product_cat-f","12":"first","13":"instock","14":"shipping-taxable","15":"purchasable","16":"product-type-variable"},"yoast_head":"<!-- This site is optimized with the Yoast SEO plugin v26.5 - https:\/\/yoast.com\/wordpress\/plugins\/seo\/ -->\n<title>Cooler Genuss RandM Tornado 7000 Blueberry On Ice | Vapingnet.de<\/title>\n<meta name=\"description\" content=\"Entdecke Cooler Genuss RandM Tornado 7000 Blueberry On Ice bei vapingnet.de, \u25ba Gro\u00dfe Auswahl an Geschmacksrichtungen &amp; super g\u00fcnstig!\" \/>\n<meta name=\"robots\" content=\"index, follow, max-snippet:-1, max-image-preview:large, max-video-preview:-1\" \/>\n<link rel=\"canonical\" href=\"https:\/\/vapingnet.de\/sk\/vape\/cooler-genuss-randm-tornado-7000-blueberry-ice\/\" \/>\n<meta property=\"og:locale\" content=\"sk_SK\" \/>\n<meta property=\"og:type\" content=\"article\" \/>\n<meta property=\"og:title\" content=\"Cooler Genuss RandM Tornado 7000 Blueberry On Ice | Vapingnet.de\" \/>\n<meta property=\"og:description\" content=\"Entdecke Cooler Genuss RandM Tornado 7000 Blueberry On Ice bei vapingnet.de, \u25ba Gro\u00dfe Auswahl an Geschmacksrichtungen &amp; super g\u00fcnstig!\" \/>\n<meta property=\"og:url\" content=\"https:\/\/vapingnet.de\/sk\/vape\/cooler-genuss-randm-tornado-7000-blueberry-ice\/\" \/>\n<meta property=\"og:site_name\" content=\"Vapingnet.de\" \/>\n<meta property=\"article:publisher\" content=\"https:\/\/www.facebook.com\/vapingnetde\/\" \/>\n<meta property=\"article:modified_time\" content=\"2025-12-18T08:15:30+00:00\" \/>\n<meta property=\"og:image\" content=\"https:\/\/vapingnet.de\/wp-content\/uploads\/2025\/03\/randm-tornado-7000-blueberry-onice.webp\" \/>\n\t<meta property=\"og:image:width\" content=\"1000\" \/>\n\t<meta property=\"og:image:height\" content=\"1000\" \/>\n\t<meta property=\"og:image:type\" content=\"image\/webp\" \/>\n<meta name=\"twitter:card\" content=\"summary_large_image\" \/>\n<meta name=\"twitter:label1\" content=\"Est. reading time\" \/>\n\t<meta name=\"twitter:data1\" content=\"2 minutes\" \/>\n<script type=\"application\/ld+json\" class=\"yoast-schema-graph\">{\"@context\":\"https:\/\/schema.org\",\"@graph\":[{\"@type\":\"WebPage\",\"@id\":\"https:\/\/vapingnet.de\/vape\/cooler-genuss-randm-tornado-7000-blueberry-ice\/\",\"url\":\"https:\/\/vapingnet.de\/vape\/cooler-genuss-randm-tornado-7000-blueberry-ice\/\",\"name\":\"Cooler Genuss RandM Tornado 7000 Blueberry On Ice | Vapingnet.de\",\"isPartOf\":{\"@id\":\"https:\/\/vapingnet.de\/#website\"},\"primaryImageOfPage\":{\"@id\":\"https:\/\/vapingnet.de\/vape\/cooler-genuss-randm-tornado-7000-blueberry-ice\/#primaryimage\"},\"image\":{\"@id\":\"https:\/\/vapingnet.de\/vape\/cooler-genuss-randm-tornado-7000-blueberry-ice\/#primaryimage\"},\"thumbnailUrl\":\"https:\/\/vapingnet.de\/wp-content\/uploads\/2025\/03\/randm-tornado-7000-blueberry-onice.webp\",\"datePublished\":\"2025-03-11T03:26:15+00:00\",\"dateModified\":\"2025-12-18T08:15:30+00:00\",\"description\":\"Entdecke Cooler Genuss RandM Tornado 7000 Blueberry On Ice bei vapingnet.de, \u25ba Gro\u00dfe Auswahl an Geschmacksrichtungen & super g\u00fcnstig!\",\"breadcrumb\":{\"@id\":\"https:\/\/vapingnet.de\/vape\/cooler-genuss-randm-tornado-7000-blueberry-ice\/#breadcrumb\"},\"inLanguage\":\"sk-SK\",\"potentialAction\":[{\"@type\":\"ReadAction\",\"target\":[\"https:\/\/vapingnet.de\/vape\/cooler-genuss-randm-tornado-7000-blueberry-ice\/\"]}]},{\"@type\":\"ImageObject\",\"inLanguage\":\"sk-SK\",\"@id\":\"https:\/\/vapingnet.de\/vape\/cooler-genuss-randm-tornado-7000-blueberry-ice\/#primaryimage\",\"url\":\"https:\/\/vapingnet.de\/wp-content\/uploads\/2025\/03\/randm-tornado-7000-blueberry-onice.webp\",\"contentUrl\":\"https:\/\/vapingnet.de\/wp-content\/uploads\/2025\/03\/randm-tornado-7000-blueberry-onice.webp\",\"width\":1000,\"height\":1000,\"caption\":\"randm-tornado-7000-blueberry-onice\"},{\"@type\":\"BreadcrumbList\",\"@id\":\"https:\/\/vapingnet.de\/vape\/cooler-genuss-randm-tornado-7000-blueberry-ice\/#breadcrumb\",\"itemListElement\":[{\"@type\":\"ListItem\",\"position\":1,\"name\":\"Home\",\"item\":\"https:\/\/vapingnet.de\/\"},{\"@type\":\"ListItem\",\"position\":2,\"name\":\"Shop\",\"item\":\"https:\/\/vapingnet.de\/vape\/\"},{\"@type\":\"ListItem\",\"position\":3,\"name\":\"Cooler Genuss RandM Tornado 7000 Blueberry On Ice\"}]},{\"@type\":\"WebSite\",\"@id\":\"https:\/\/vapingnet.de\/#website\",\"url\":\"https:\/\/vapingnet.de\/\",\"name\":\"Vapingnet.de\",\"description\":\"\",\"publisher\":{\"@id\":\"https:\/\/vapingnet.de\/#organization\"},\"potentialAction\":[{\"@type\":\"SearchAction\",\"target\":{\"@type\":\"EntryPoint\",\"urlTemplate\":\"https:\/\/vapingnet.de\/?s={search_term_string}\"},\"query-input\":{\"@type\":\"PropertyValueSpecification\",\"valueRequired\":true,\"valueName\":\"search_term_string\"}}],\"inLanguage\":\"sk-SK\"},{\"@type\":\"Organization\",\"@id\":\"https:\/\/vapingnet.de\/#organization\",\"name\":\"Vapingnet.de\",\"url\":\"https:\/\/vapingnet.de\/\",\"logo\":{\"@type\":\"ImageObject\",\"inLanguage\":\"sk-SK\",\"@id\":\"https:\/\/vapingnet.de\/#\/schema\/logo\/image\/\",\"url\":\"https:\/\/vapingnet.de\/wp-content\/uploads\/2025\/03\/cropped-vapingnet.de_.jpg\",\"contentUrl\":\"https:\/\/vapingnet.de\/wp-content\/uploads\/2025\/03\/cropped-vapingnet.de_.jpg\",\"width\":512,\"height\":512,\"caption\":\"Vapingnet.de\"},\"image\":{\"@id\":\"https:\/\/vapingnet.de\/#\/schema\/logo\/image\/\"},\"sameAs\":[\"https:\/\/www.facebook.com\/vapingnetde\/\"]}]}<\/script>\n<!-- \/ Yoast SEO plugin. -->","yoast_head_json":{"title":"Cooler Genuss RandM Tornado 7000 Blueberry On Ice | Vapingnet.de","description":"Entdecke Cooler Genuss RandM Tornado 7000 Blueberry On Ice bei vapingnet.de, \u25ba Gro\u00dfe Auswahl an Geschmacksrichtungen & super g\u00fcnstig!","robots":{"index":"index","follow":"follow","max-snippet":"max-snippet:-1","max-image-preview":"max-image-preview:large","max-video-preview":"max-video-preview:-1"},"canonical":"https:\/\/vapingnet.de\/sk\/vape\/cooler-genuss-randm-tornado-7000-blueberry-ice\/","og_locale":"sk_SK","og_type":"article","og_title":"Cooler Genuss RandM Tornado 7000 Blueberry On Ice | Vapingnet.de","og_description":"Entdecke Cooler Genuss RandM Tornado 7000 Blueberry On Ice bei vapingnet.de, \u25ba Gro\u00dfe Auswahl an Geschmacksrichtungen & super g\u00fcnstig!","og_url":"https:\/\/vapingnet.de\/sk\/vape\/cooler-genuss-randm-tornado-7000-blueberry-ice\/","og_site_name":"Vapingnet.de","article_publisher":"https:\/\/www.facebook.com\/vapingnetde\/","article_modified_time":"2025-12-18T08:15:30+00:00","og_image":[{"width":1000,"height":1000,"url":"https:\/\/vapingnet.de\/wp-content\/uploads\/2025\/03\/randm-tornado-7000-blueberry-onice.webp","type":"image\/webp"}],"twitter_card":"summary_large_image","twitter_misc":{"Est. reading time":"2 minutes"},"schema":{"@context":"https:\/\/schema.org","@graph":[{"@type":"WebPage","@id":"https:\/\/vapingnet.de\/vape\/cooler-genuss-randm-tornado-7000-blueberry-ice\/","url":"https:\/\/vapingnet.de\/vape\/cooler-genuss-randm-tornado-7000-blueberry-ice\/","name":"Cooler Genuss RandM Tornado 7000 Blueberry On Ice | Vapingnet.de","isPartOf":{"@id":"https:\/\/vapingnet.de\/#website"},"primaryImageOfPage":{"@id":"https:\/\/vapingnet.de\/vape\/cooler-genuss-randm-tornado-7000-blueberry-ice\/#primaryimage"},"image":{"@id":"https:\/\/vapingnet.de\/vape\/cooler-genuss-randm-tornado-7000-blueberry-ice\/#primaryimage"},"thumbnailUrl":"https:\/\/vapingnet.de\/wp-content\/uploads\/2025\/03\/randm-tornado-7000-blueberry-onice.webp","datePublished":"2025-03-11T03:26:15+00:00","dateModified":"2025-12-18T08:15:30+00:00","description":"Entdecke Cooler Genuss RandM Tornado 7000 Blueberry On Ice bei vapingnet.de, \u25ba Gro\u00dfe Auswahl an Geschmacksrichtungen & super g\u00fcnstig!","breadcrumb":{"@id":"https:\/\/vapingnet.de\/vape\/cooler-genuss-randm-tornado-7000-blueberry-ice\/#breadcrumb"},"inLanguage":"sk-SK","potentialAction":[{"@type":"ReadAction","target":["https:\/\/vapingnet.de\/vape\/cooler-genuss-randm-tornado-7000-blueberry-ice\/"]}]},{"@type":"ImageObject","inLanguage":"sk-SK","@id":"https:\/\/vapingnet.de\/vape\/cooler-genuss-randm-tornado-7000-blueberry-ice\/#primaryimage","url":"https:\/\/vapingnet.de\/wp-content\/uploads\/2025\/03\/randm-tornado-7000-blueberry-onice.webp","contentUrl":"https:\/\/vapingnet.de\/wp-content\/uploads\/2025\/03\/randm-tornado-7000-blueberry-onice.webp","width":1000,"height":1000,"caption":"randm-tornado-7000-blueberry-onice"},{"@type":"BreadcrumbList","@id":"https:\/\/vapingnet.de\/vape\/cooler-genuss-randm-tornado-7000-blueberry-ice\/#breadcrumb","itemListElement":[{"@type":"ListItem","position":1,"name":"Home","item":"https:\/\/vapingnet.de\/"},{"@type":"ListItem","position":2,"name":"Shop","item":"https:\/\/vapingnet.de\/vape\/"},{"@type":"ListItem","position":3,"name":"Cooler Genuss RandM Tornado 7000 Blueberry On Ice"}]},{"@type":"WebSite","@id":"https:\/\/vapingnet.de\/#website","url":"https:\/\/vapingnet.de\/","name":"Vapingnet.de","description":"","publisher":{"@id":"https:\/\/vapingnet.de\/#organization"},"potentialAction":[{"@type":"SearchAction","target":{"@type":"EntryPoint","urlTemplate":"https:\/\/vapingnet.de\/?s={search_term_string}"},"query-input":{"@type":"PropertyValueSpecification","valueRequired":true,"valueName":"search_term_string"}}],"inLanguage":"sk-SK"},{"@type":"Organization","@id":"https:\/\/vapingnet.de\/#organization","name":"Vapingnet.de","url":"https:\/\/vapingnet.de\/","logo":{"@type":"ImageObject","inLanguage":"sk-SK","@id":"https:\/\/vapingnet.de\/#\/schema\/logo\/image\/","url":"https:\/\/vapingnet.de\/wp-content\/uploads\/2025\/03\/cropped-vapingnet.de_.jpg","contentUrl":"https:\/\/vapingnet.de\/wp-content\/uploads\/2025\/03\/cropped-vapingnet.de_.jpg","width":512,"height":512,"caption":"Vapingnet.de"},"image":{"@id":"https:\/\/vapingnet.de\/#\/schema\/logo\/image\/"},"sameAs":["https:\/\/www.facebook.com\/vapingnetde\/"]}]}},"tiered_pricing_type":"fixed","tiered_pricing_fixed_rules":{"50":"7.40","110":"6.99","210":"6.58","510":"6.17","1100":"5.75"},"tiered_pricing_product_settings":{"layout":"default","base_unit_name":{"singular":null,"plural":null},"default_variation":null},"tiered_pricing_minimum_quantity":null,"tiered_pricing_roles_data":[],"tiered_pricing_percentage_rules":[],"_links":{"self":[{"href":"https:\/\/vapingnet.de\/sk\/wp-json\/wp\/v2\/product\/4962","targetHints":{"allow":["GET"]}}],"collection":[{"href":"https:\/\/vapingnet.de\/sk\/wp-json\/wp\/v2\/product"}],"about":[{"href":"https:\/\/vapingnet.de\/sk\/wp-json\/wp\/v2\/types\/product"}],"version-history":[{"count":3,"href":"https:\/\/vapingnet.de\/sk\/wp-json\/wp\/v2\/product\/4962\/revisions"}],"predecessor-version":[{"id":4972,"href":"https:\/\/vapingnet.de\/sk\/wp-json\/wp\/v2\/product\/4962\/revisions\/4972"}],"wp:featuredmedia":[{"embeddable":true,"href":"https:\/\/vapingnet.de\/sk\/wp-json\/wp\/v2\/media\/4963"}],"wp:attachment":[{"href":"https:\/\/vapingnet.de\/sk\/wp-json\/wp\/v2\/media?parent=4962"}],"wp:term":[{"taxonomy":"brand","embeddable":true,"href":"https:\/\/vapingnet.de\/sk\/wp-json\/wp\/v2\/etheme_brands?post=4962"},{"taxonomy":"product_brand","embeddable":true,"href":"https:\/\/vapingnet.de\/sk\/wp-json\/wp\/v2\/product_brand?post=4962"},{"taxonomy":"product_cat","embeddable":true,"href":"https:\/\/vapingnet.de\/sk\/wp-json\/wp\/v2\/product_cat?post=4962"},{"taxonomy":"product_tag","embeddable":true,"href":"https:\/\/vapingnet.de\/sk\/wp-json\/wp\/v2\/product_tag?post=4962"}],"curies":[{"name":"wp","href":"https:\/\/api.w.org\/{rel}","templated":true}]}}