{"id":4969,"date":"2025-03-11T03:41:41","date_gmt":"2025-03-11T03:41:41","guid":{"rendered":"https:\/\/vapingnet.de\/?post_type=product&#038;p=4969"},"modified":"2025-06-19T03:43:50","modified_gmt":"2025-06-19T03:43:50","slug":"randm-tornado-7000-dr-blue-fuer-einen-coolen-moment","status":"publish","type":"product","link":"https:\/\/vapingnet.de\/sk\/vape\/randm-tornado-7000-dr-blue-fuer-einen-coolen-moment\/","title":{"rendered":"RandM Tornado 7000 Dr Blue pre chladiv\u00fd okamih"},"content":{"rendered":"<h2 data-start=\"0\" data-end=\"108\" data-immersive-translate-paragraph=\"1\" data-immersive-translate-walked=\"39ea698e-f77c-4820-88a2-7372fce13aa9\">RandM Tornado 7000 \u2013 Objavte tajn\u00fd \u0161arm Dr Blue a vychutnajte si ultim\u00e1tny z\u00e1\u017eitok! \ud83c\udf2a\ufe0f\ud83d\udca5<\/h2>\n<p data-start=\"110\" data-end=\"512\" data-immersive-translate-walked=\"39ea698e-f77c-4820-88a2-7372fce13aa9\" data-immersive-translate-paragraph=\"1\">Si pripraven\u00fd za\u017ei\u0165 \u00faplne nov\u00fd z\u00e1\u017eitok s vapovan\u00edm? T\u00e1to <a href=\"https:\/\/vapingnet.de\/sk\/randm-tornado-7000\/\" target=\"_blank\" rel=\"noopener\"><strong>RandM Tornado 7000<\/strong><\/a> bola vyvinut\u00e1 pre v\u0161etk\u00fdch, ktor\u00ed h\u013eadaj\u00fa dlh\u00fa \u017eivotnos\u0165, bohat\u00fa chu\u0165 a jedine\u010dn\u00fd dizajn. S 7000 potiahnutiami, jedine\u010dnou chu\u0165ou Dr Blue a RGB 6-farebn\u00fdmi sveteln\u00fdmi efektmi sa toto zariadenie r\u00fdchlo stane tvoj\u00edm nov\u00fdm favoritom a pri ka\u017edom potiahnut\u00ed \u0165a prekvap\u00ed!<\/p>\n<ul>\n<li data-start=\"514\" data-end=\"571\" data-immersive-translate-walked=\"39ea698e-f77c-4820-88a2-7372fce13aa9\" data-immersive-translate-paragraph=\"1\">\u26a1 Dlh\u00e1 \u017eivotnos\u0165 pre nep\u0159eru\u0161ovan\u00fd p\u00f4\u017eitok<\/li>\n<\/ul>\n<p data-start=\"572\" data-end=\"976\" data-immersive-translate-walked=\"39ea698e-f77c-4820-88a2-7372fce13aa9\" data-immersive-translate-paragraph=\"1\">U\u017e sa nemus\u00ed\u0161 stara\u0165 o v\u00fddr\u017e bat\u00e9rie! RandM Tornado 7000 je vybaven\u00e1 v\u00fdkonnou bat\u00e9riou s kapacitou 850mAh a podporuje r\u00fdchle nab\u00edjanie Type-C, tak\u017ee m\u00f4\u017ee\u0161 kedyko\u013evek r\u00fdchlo nabi\u0165. S 7000 potiahnutiami si m\u00f4\u017ee\u0161 vychutn\u00e1va\u0165 bez obmedzen\u00ed, bez neust\u00e1leho nab\u00edjania. Ide\u00e1lne na ka\u017edodenn\u00e9 pou\u017eitie alebo na cest\u00e1ch, aby si mohol plne vyu\u017ei\u0165 svoj z\u00e1\u017eitok z vapovania.<\/p>\n<ul>\n<li data-start=\"978\" data-end=\"1048\" data-immersive-translate-walked=\"39ea698e-f77c-4820-88a2-7372fce13aa9\" data-immersive-translate-paragraph=\"1\">\ud83c\udf47 Chu\u0165 Dr Blue \u2013 Jedine\u010dn\u00e9 ovocn\u00e9 a bylinn\u00e9 t\u00f3ny<\/li>\n<\/ul>\n<p data-start=\"1049\" data-end=\"1410\" data-immersive-translate-walked=\"39ea698e-f77c-4820-88a2-7372fce13aa9\">Chu\u0165 Dr Blue ti pon\u00faka \u00faplne jedine\u010dn\u00fd z\u00e1\u017eitok! T\u00e1to e-cigareta sp\u00e1ja ovocn\u00e9 ar\u00f3my s n\u00e1dychom \u010derstv\u00fdch byl\u00edn, tak\u017ee ka\u017ed\u00fd potiahnutie prin\u00e1\u0161a prekvapiv\u00fd chu\u0165ov\u00fd z\u00e1\u017eitok. S nikot\u00ednom 2% pon\u00faka dokonal\u00fa rovnov\u00e1hu medzi p\u00f4\u017eitkom a spokojnos\u0165ou, tak\u017ee si m\u00f4\u017eete plne vychutna\u0165 vapovanie.<\/p>\n<ul>\n<li data-start=\"1412\" data-end=\"1507\" data-immersive-translate-walked=\"39ea698e-f77c-4820-88a2-7372fce13aa9\">\ud83d\udca1 RGB 6-farebn\u00e9 sveteln\u00e9 efekty \u2013 Skvel\u00e9 vizu\u00e1lne efekty pre tvoj osobn\u00fd \u0161t\u00fdl<\/li>\n<\/ul>\n<p data-start=\"1508\" data-end=\"1854\" data-immersive-translate-walked=\"39ea698e-f77c-4820-88a2-7372fce13aa9\">RandM Tornado 7000 je vybaven\u00e1 RGB 6-farebn\u00fdmi sveteln\u00fdmi efektmi, ktor\u00e9 sa menia pri ka\u017edom potiahnut\u00ed. Tieto cool sveteln\u00e9 efekty zabezpe\u010duj\u00fa vizu\u00e1lny p\u00f4\u017eitok, ktor\u00fd rob\u00ed va\u0161e vapovanie e\u0161te vzru\u0161uj\u00facej\u0161\u00edm. \u010ci u\u017e na oslave, na cest\u00e1ch alebo sami \u2013 s touto e-cigaretou sa ur\u010dite stane\u0161 stredobodom pozornosti.<\/p>\n<ul>\n<li data-start=\"1856\" data-end=\"1923\">\ud83d\udd25 1,2\u03a9 Mesh-\u017ehavi\u010d \u2013 Dokonal\u00e1 chu\u0165 a hust\u00fd dym<\/li>\n<\/ul>\n<p data-start=\"1924\" data-end=\"2259\">1,2\u03a9 Mesh-\u017ehavi\u010d zabezpe\u010duje rovnomern\u00e9 odparovanie tekutiny, \u010do vedie k bohat\u00e9mu, jemn\u00e9mu dymu a intenz\u00edvnej chuti. Ka\u017ed\u00e9 potiahnutie poskytuje hladk\u00fd a konzistentn\u00fd z\u00e1\u017eitok, tak\u017ee si m\u00f4\u017eete vychutna\u0165 pln\u00fa chu\u0165. Tento Mesh-\u017ehavi\u010d garantuje vysok\u00fa kvalitu dymu pri ka\u017edom potiahnut\u00ed.<\/p>\n<h3 data-start=\"2261\" data-end=\"2323\">\ud83d\ude80 Jedine\u010dn\u00e9 v\u00fdhody RandM Tornado 7000<\/h3>\n<ul data-start=\"2324\" data-end=\"2895\">\n<li data-start=\"2324\" data-end=\"2391\">7000 potiahnut\u00ed \u2013 Dlh\u00e1 doba pou\u017e\u00edvania pre trval\u00fd p\u00f4\u017eitok z dymu<\/li>\n<li data-start=\"2392\" data-end=\"2473\">850mAh bat\u00e9ria + r\u00fdchle nab\u00edjanie Type-C \u2013 R\u00fdchle nab\u00edjanie a dlh\u00e9 pou\u017e\u00edvanie<\/li>\n<li data-start=\"2474\" data-end=\"2562\">Chu\u0165 Dr Blue \u2013 Jedine\u010dn\u00e1 ovocn\u00e1 a bylinn\u00e1 chu\u0165 pre v\u00e1\u0161 p\u00f4\u017eitok<\/li>\n<li data-start=\"2563\" data-end=\"2656\">RGB 6-farebn\u00e9 sveteln\u00e9 efekty \u2013 Uk\u00e1\u017e svoju osobnos\u0165 a nechaj svetl\u00e1 hovori\u0165<\/li>\n<li data-start=\"2657\" data-end=\"2742\">1,2\u03a9 Mesh-\u017ehavi\u010d \u2013 Pon\u00faka bohat\u00fd, jemn\u00fd dym a intenz\u00edvnu chu\u0165<\/li>\n<li data-start=\"2743\" data-end=\"2806\">\u2705 Kapacita tekutiny 14 ml \u2013 Viac tekutiny pre dlh\u0161ie pote\u0161enie<\/li>\n<li data-start=\"2807\" data-end=\"2895\">2% nikot\u00edn \u2013 Ide\u00e1lny pre dokonal\u00fd Throat Hit a dlhodob\u00fa spokojnos\u0165<\/li>\n<\/ul>\n<p data-start=\"2897\" data-end=\"3162\" data-is-last-node=\"\" data-is-only-node=\"\">RandM Tornado 7000 ti pon\u00faka nielen vynikaj\u00faci v\u00fdkon, ale aj skvel\u00e9 sveteln\u00e9 efekty a bohat\u00fd chu\u0165ov\u00fd z\u00e1\u017eitok. Nav\u0161t\u00edv <a href=\"https:\/\/vapingnet.de\/sk\/\" target=\"_new\" rel=\"noopener\" data-start=\"3049\" data-end=\"3086\">vapingnet.de<\/a> a za\u010dni svoju cestu vapovania s jedine\u010dnou chu\u0165ou Dr Blue!<\/p>","protected":false},"excerpt":{"rendered":"<p>Vysoko kvalitn\u00e9 elektronick\u00e9 cigarety\ud83d\udd25, odoslan\u00e9 priamo zo skladu v Br\u00e9mach, doru\u010denie do 2-4 dn\u00ed!<\/p>","protected":false},"featured_media":4970,"template":"","meta":[],"etheme_brands":[],"product_brand":[96],"product_cat":[89,59,49,61],"product_tag":[],"class_list":{"0":"post-4969","1":"product","2":"type-product","3":"status-publish","4":"has-post-thumbnail","6":"product_brand-randm-vape","7":"product_cat-vape-7000-zuege","8":"product_cat-de","9":"product_cat-einweg-e-zigarette","10":"product_cat-f","12":"first","13":"instock","14":"shipping-taxable","15":"purchasable","16":"product-type-simple"},"yoast_head":"<!-- This site is optimized with the Yoast SEO plugin v26.5 - https:\/\/yoast.com\/wordpress\/plugins\/seo\/ -->\n<title>RandM Tornado 7000 Dr Blue f\u00fcr einen coolen Moment | Vapingnet.de<\/title>\n<meta name=\"description\" content=\"Entdecke RandM Tornado 7000 Dr Blue f\u00fcr einen coolen Moment bei vapingnet.de, \u25ba Gro\u00dfe Auswahl an Geschmacksrichtungen &amp; super g\u00fcnstig!\" \/>\n<meta name=\"robots\" content=\"index, follow, max-snippet:-1, max-image-preview:large, max-video-preview:-1\" \/>\n<link rel=\"canonical\" href=\"https:\/\/vapingnet.de\/sk\/vape\/randm-tornado-7000-dr-blue-fuer-einen-coolen-moment\/\" \/>\n<meta property=\"og:locale\" content=\"sk_SK\" \/>\n<meta property=\"og:type\" content=\"article\" \/>\n<meta property=\"og:title\" content=\"RandM Tornado 7000 Dr Blue f\u00fcr einen coolen Moment | Vapingnet.de\" \/>\n<meta property=\"og:description\" content=\"Entdecke RandM Tornado 7000 Dr Blue f\u00fcr einen coolen Moment bei vapingnet.de, \u25ba Gro\u00dfe Auswahl an Geschmacksrichtungen &amp; super g\u00fcnstig!\" \/>\n<meta property=\"og:url\" content=\"https:\/\/vapingnet.de\/sk\/vape\/randm-tornado-7000-dr-blue-fuer-einen-coolen-moment\/\" \/>\n<meta property=\"og:site_name\" content=\"Vapingnet.de\" \/>\n<meta property=\"article:publisher\" content=\"https:\/\/www.facebook.com\/vapingnetde\/\" \/>\n<meta property=\"article:modified_time\" content=\"2025-06-19T03:43:50+00:00\" \/>\n<meta property=\"og:image\" content=\"https:\/\/vapingnet.de\/wp-content\/uploads\/2025\/03\/randm-tornado-7000-drblue.webp\" \/>\n\t<meta property=\"og:image:width\" content=\"1000\" \/>\n\t<meta property=\"og:image:height\" content=\"1000\" \/>\n\t<meta property=\"og:image:type\" content=\"image\/webp\" \/>\n<meta name=\"twitter:card\" content=\"summary_large_image\" \/>\n<meta name=\"twitter:label1\" content=\"Est. reading time\" \/>\n\t<meta name=\"twitter:data1\" content=\"3 minutes\" \/>\n<script type=\"application\/ld+json\" class=\"yoast-schema-graph\">{\"@context\":\"https:\/\/schema.org\",\"@graph\":[{\"@type\":\"WebPage\",\"@id\":\"https:\/\/vapingnet.de\/vape\/randm-tornado-7000-dr-blue-fuer-einen-coolen-moment\/\",\"url\":\"https:\/\/vapingnet.de\/vape\/randm-tornado-7000-dr-blue-fuer-einen-coolen-moment\/\",\"name\":\"RandM Tornado 7000 Dr Blue f\u00fcr einen coolen Moment | Vapingnet.de\",\"isPartOf\":{\"@id\":\"https:\/\/vapingnet.de\/#website\"},\"primaryImageOfPage\":{\"@id\":\"https:\/\/vapingnet.de\/vape\/randm-tornado-7000-dr-blue-fuer-einen-coolen-moment\/#primaryimage\"},\"image\":{\"@id\":\"https:\/\/vapingnet.de\/vape\/randm-tornado-7000-dr-blue-fuer-einen-coolen-moment\/#primaryimage\"},\"thumbnailUrl\":\"https:\/\/vapingnet.de\/wp-content\/uploads\/2025\/03\/randm-tornado-7000-drblue.webp\",\"datePublished\":\"2025-03-11T03:41:41+00:00\",\"dateModified\":\"2025-06-19T03:43:50+00:00\",\"description\":\"Entdecke RandM Tornado 7000 Dr Blue f\u00fcr einen coolen Moment bei vapingnet.de, \u25ba Gro\u00dfe Auswahl an Geschmacksrichtungen & super g\u00fcnstig!\",\"breadcrumb\":{\"@id\":\"https:\/\/vapingnet.de\/vape\/randm-tornado-7000-dr-blue-fuer-einen-coolen-moment\/#breadcrumb\"},\"inLanguage\":\"sk-SK\",\"potentialAction\":[{\"@type\":\"ReadAction\",\"target\":[\"https:\/\/vapingnet.de\/vape\/randm-tornado-7000-dr-blue-fuer-einen-coolen-moment\/\"]}]},{\"@type\":\"ImageObject\",\"inLanguage\":\"sk-SK\",\"@id\":\"https:\/\/vapingnet.de\/vape\/randm-tornado-7000-dr-blue-fuer-einen-coolen-moment\/#primaryimage\",\"url\":\"https:\/\/vapingnet.de\/wp-content\/uploads\/2025\/03\/randm-tornado-7000-drblue.webp\",\"contentUrl\":\"https:\/\/vapingnet.de\/wp-content\/uploads\/2025\/03\/randm-tornado-7000-drblue.webp\",\"width\":1000,\"height\":1000,\"caption\":\"randm-tornado-7000-drblue\"},{\"@type\":\"BreadcrumbList\",\"@id\":\"https:\/\/vapingnet.de\/vape\/randm-tornado-7000-dr-blue-fuer-einen-coolen-moment\/#breadcrumb\",\"itemListElement\":[{\"@type\":\"ListItem\",\"position\":1,\"name\":\"Home\",\"item\":\"https:\/\/vapingnet.de\/\"},{\"@type\":\"ListItem\",\"position\":2,\"name\":\"Shop\",\"item\":\"https:\/\/vapingnet.de\/vape\/\"},{\"@type\":\"ListItem\",\"position\":3,\"name\":\"RandM Tornado 7000 Dr Blue f\u00fcr einen coolen Moment\"}]},{\"@type\":\"WebSite\",\"@id\":\"https:\/\/vapingnet.de\/#website\",\"url\":\"https:\/\/vapingnet.de\/\",\"name\":\"Vapingnet.de\",\"description\":\"\",\"publisher\":{\"@id\":\"https:\/\/vapingnet.de\/#organization\"},\"potentialAction\":[{\"@type\":\"SearchAction\",\"target\":{\"@type\":\"EntryPoint\",\"urlTemplate\":\"https:\/\/vapingnet.de\/?s={search_term_string}\"},\"query-input\":{\"@type\":\"PropertyValueSpecification\",\"valueRequired\":true,\"valueName\":\"search_term_string\"}}],\"inLanguage\":\"sk-SK\"},{\"@type\":\"Organization\",\"@id\":\"https:\/\/vapingnet.de\/#organization\",\"name\":\"Vapingnet.de\",\"url\":\"https:\/\/vapingnet.de\/\",\"logo\":{\"@type\":\"ImageObject\",\"inLanguage\":\"sk-SK\",\"@id\":\"https:\/\/vapingnet.de\/#\/schema\/logo\/image\/\",\"url\":\"https:\/\/vapingnet.de\/wp-content\/uploads\/2025\/03\/cropped-vapingnet.de_.jpg\",\"contentUrl\":\"https:\/\/vapingnet.de\/wp-content\/uploads\/2025\/03\/cropped-vapingnet.de_.jpg\",\"width\":512,\"height\":512,\"caption\":\"Vapingnet.de\"},\"image\":{\"@id\":\"https:\/\/vapingnet.de\/#\/schema\/logo\/image\/\"},\"sameAs\":[\"https:\/\/www.facebook.com\/vapingnetde\/\"]}]}<\/script>\n<!-- \/ Yoast SEO plugin. -->","yoast_head_json":{"title":"RandM Tornado 7000 Dr Blue f\u00fcr einen coolen Moment | Vapingnet.de","description":"Entdecke RandM Tornado 7000 Dr Blue f\u00fcr einen coolen Moment bei vapingnet.de, \u25ba Gro\u00dfe Auswahl an Geschmacksrichtungen & super g\u00fcnstig!","robots":{"index":"index","follow":"follow","max-snippet":"max-snippet:-1","max-image-preview":"max-image-preview:large","max-video-preview":"max-video-preview:-1"},"canonical":"https:\/\/vapingnet.de\/sk\/vape\/randm-tornado-7000-dr-blue-fuer-einen-coolen-moment\/","og_locale":"sk_SK","og_type":"article","og_title":"RandM Tornado 7000 Dr Blue f\u00fcr einen coolen Moment | Vapingnet.de","og_description":"Entdecke RandM Tornado 7000 Dr Blue f\u00fcr einen coolen Moment bei vapingnet.de, \u25ba Gro\u00dfe Auswahl an Geschmacksrichtungen & super g\u00fcnstig!","og_url":"https:\/\/vapingnet.de\/sk\/vape\/randm-tornado-7000-dr-blue-fuer-einen-coolen-moment\/","og_site_name":"Vapingnet.de","article_publisher":"https:\/\/www.facebook.com\/vapingnetde\/","article_modified_time":"2025-06-19T03:43:50+00:00","og_image":[{"width":1000,"height":1000,"url":"https:\/\/vapingnet.de\/wp-content\/uploads\/2025\/03\/randm-tornado-7000-drblue.webp","type":"image\/webp"}],"twitter_card":"summary_large_image","twitter_misc":{"Est. reading time":"3 minutes"},"schema":{"@context":"https:\/\/schema.org","@graph":[{"@type":"WebPage","@id":"https:\/\/vapingnet.de\/vape\/randm-tornado-7000-dr-blue-fuer-einen-coolen-moment\/","url":"https:\/\/vapingnet.de\/vape\/randm-tornado-7000-dr-blue-fuer-einen-coolen-moment\/","name":"RandM Tornado 7000 Dr Blue f\u00fcr einen coolen Moment | Vapingnet.de","isPartOf":{"@id":"https:\/\/vapingnet.de\/#website"},"primaryImageOfPage":{"@id":"https:\/\/vapingnet.de\/vape\/randm-tornado-7000-dr-blue-fuer-einen-coolen-moment\/#primaryimage"},"image":{"@id":"https:\/\/vapingnet.de\/vape\/randm-tornado-7000-dr-blue-fuer-einen-coolen-moment\/#primaryimage"},"thumbnailUrl":"https:\/\/vapingnet.de\/wp-content\/uploads\/2025\/03\/randm-tornado-7000-drblue.webp","datePublished":"2025-03-11T03:41:41+00:00","dateModified":"2025-06-19T03:43:50+00:00","description":"Entdecke RandM Tornado 7000 Dr Blue f\u00fcr einen coolen Moment bei vapingnet.de, \u25ba Gro\u00dfe Auswahl an Geschmacksrichtungen & super g\u00fcnstig!","breadcrumb":{"@id":"https:\/\/vapingnet.de\/vape\/randm-tornado-7000-dr-blue-fuer-einen-coolen-moment\/#breadcrumb"},"inLanguage":"sk-SK","potentialAction":[{"@type":"ReadAction","target":["https:\/\/vapingnet.de\/vape\/randm-tornado-7000-dr-blue-fuer-einen-coolen-moment\/"]}]},{"@type":"ImageObject","inLanguage":"sk-SK","@id":"https:\/\/vapingnet.de\/vape\/randm-tornado-7000-dr-blue-fuer-einen-coolen-moment\/#primaryimage","url":"https:\/\/vapingnet.de\/wp-content\/uploads\/2025\/03\/randm-tornado-7000-drblue.webp","contentUrl":"https:\/\/vapingnet.de\/wp-content\/uploads\/2025\/03\/randm-tornado-7000-drblue.webp","width":1000,"height":1000,"caption":"randm-tornado-7000-drblue"},{"@type":"BreadcrumbList","@id":"https:\/\/vapingnet.de\/vape\/randm-tornado-7000-dr-blue-fuer-einen-coolen-moment\/#breadcrumb","itemListElement":[{"@type":"ListItem","position":1,"name":"Home","item":"https:\/\/vapingnet.de\/"},{"@type":"ListItem","position":2,"name":"Shop","item":"https:\/\/vapingnet.de\/vape\/"},{"@type":"ListItem","position":3,"name":"RandM Tornado 7000 Dr Blue f\u00fcr einen coolen Moment"}]},{"@type":"WebSite","@id":"https:\/\/vapingnet.de\/#website","url":"https:\/\/vapingnet.de\/","name":"Vapingnet.de","description":"","publisher":{"@id":"https:\/\/vapingnet.de\/#organization"},"potentialAction":[{"@type":"SearchAction","target":{"@type":"EntryPoint","urlTemplate":"https:\/\/vapingnet.de\/?s={search_term_string}"},"query-input":{"@type":"PropertyValueSpecification","valueRequired":true,"valueName":"search_term_string"}}],"inLanguage":"sk-SK"},{"@type":"Organization","@id":"https:\/\/vapingnet.de\/#organization","name":"Vapingnet.de","url":"https:\/\/vapingnet.de\/","logo":{"@type":"ImageObject","inLanguage":"sk-SK","@id":"https:\/\/vapingnet.de\/#\/schema\/logo\/image\/","url":"https:\/\/vapingnet.de\/wp-content\/uploads\/2025\/03\/cropped-vapingnet.de_.jpg","contentUrl":"https:\/\/vapingnet.de\/wp-content\/uploads\/2025\/03\/cropped-vapingnet.de_.jpg","width":512,"height":512,"caption":"Vapingnet.de"},"image":{"@id":"https:\/\/vapingnet.de\/#\/schema\/logo\/image\/"},"sameAs":["https:\/\/www.facebook.com\/vapingnetde\/"]}]}},"tiered_pricing_type":"fixed","tiered_pricing_fixed_rules":{"10":"8.22","50":"7.40","110":"6.99","210":"6.58","510":"6.17","1100":"5.75"},"tiered_pricing_product_settings":{"layout":"default","base_unit_name":{"singular":null,"plural":null},"default_variation":null},"tiered_pricing_minimum_quantity":null,"tiered_pricing_roles_data":[],"tiered_pricing_percentage_rules":[],"_links":{"self":[{"href":"https:\/\/vapingnet.de\/sk\/wp-json\/wp\/v2\/product\/4969","targetHints":{"allow":["GET"]}}],"collection":[{"href":"https:\/\/vapingnet.de\/sk\/wp-json\/wp\/v2\/product"}],"about":[{"href":"https:\/\/vapingnet.de\/sk\/wp-json\/wp\/v2\/types\/product"}],"version-history":[{"count":1,"href":"https:\/\/vapingnet.de\/sk\/wp-json\/wp\/v2\/product\/4969\/revisions"}],"predecessor-version":[{"id":4971,"href":"https:\/\/vapingnet.de\/sk\/wp-json\/wp\/v2\/product\/4969\/revisions\/4971"}],"wp:featuredmedia":[{"embeddable":true,"href":"https:\/\/vapingnet.de\/sk\/wp-json\/wp\/v2\/media\/4970"}],"wp:attachment":[{"href":"https:\/\/vapingnet.de\/sk\/wp-json\/wp\/v2\/media?parent=4969"}],"wp:term":[{"taxonomy":"brand","embeddable":true,"href":"https:\/\/vapingnet.de\/sk\/wp-json\/wp\/v2\/etheme_brands?post=4969"},{"taxonomy":"product_brand","embeddable":true,"href":"https:\/\/vapingnet.de\/sk\/wp-json\/wp\/v2\/product_brand?post=4969"},{"taxonomy":"product_cat","embeddable":true,"href":"https:\/\/vapingnet.de\/sk\/wp-json\/wp\/v2\/product_cat?post=4969"},{"taxonomy":"product_tag","embeddable":true,"href":"https:\/\/vapingnet.de\/sk\/wp-json\/wp\/v2\/product_tag?post=4969"}],"curies":[{"name":"wp","href":"https:\/\/api.w.org\/{rel}","templated":true}]}}