{"id":4988,"date":"2025-03-11T06:47:09","date_gmt":"2025-03-11T06:47:09","guid":{"rendered":"https:\/\/vapingnet.de\/?post_type=product&#038;p=4988"},"modified":"2025-12-18T01:50:05","modified_gmt":"2025-12-18T01:50:05","slug":"randm-tornado-9000-blueberry-ice-eisigem-geschmack-geniessen","status":"publish","type":"product","link":"https:\/\/vapingnet.de\/sk\/vape\/randm-tornado-9000-blueberry-ice-eisigem-geschmack-geniessen\/","title":{"rendered":"RandM Tornado 9000 Blueberry Ice si vychutnajte s \u013eadovou chu\u0165ou"},"content":{"rendered":"<h2 data-start=\"119\" data-end=\"179\">RandM Tornado 9000 \u2013 Va\u0161a bud\u00facnos\u0165 vapingu za\u010d\u00edna tu<\/h2>\n<p data-start=\"181\" data-end=\"443\" data-immersive-translate-walked=\"b7f76c0b-7ca8-4193-bc66-5503ea679803\" data-immersive-translate-paragraph=\"1\">Ten <a href=\"https:\/\/vapingnet.de\/sk\/randm-tornado-9000\/\" target=\"_blank\" rel=\"noopener\"><strong>RandM Tornado 9000<\/strong><\/a> je viac ako jednorazov\u00fd vaporiz\u00e9r \u2013 je dokonalou symbi\u00f3zou technol\u00f3gie, chuti a v\u00fddr\u017ee. Tento model pon\u00faka premyslen\u00fd dizajn a je ide\u00e1lny pre v\u0161etk\u00fdch, ktor\u00ed h\u013eadaj\u00fa spo\u013eahliv\u00fd, intenz\u00edvny a jednoduch\u00fd z\u00e1\u017eitok z vapovania.<\/p>\n<h4 data-start=\"450\" data-end=\"500\" data-immersive-translate-walked=\"b7f76c0b-7ca8-4193-bc66-5503ea679803\" data-immersive-translate-paragraph=\"1\">V\u00fdkonn\u00e1 technol\u00f3gia pre bezstarostn\u00fa chu\u0165<\/h4>\n<p data-start=\"502\" data-end=\"562\" data-immersive-translate-walked=\"b7f76c0b-7ca8-4193-bc66-5503ea679803\" data-immersive-translate-paragraph=\"1\">Dob\u00edjate\u013en\u00fd s Type-C \u2013 pln\u00e1 kontrola kedyko\u013evek<\/p>\n<p data-start=\"563\" data-end=\"839\" data-immersive-translate-walked=\"b7f76c0b-7ca8-4193-bc66-5503ea679803\" data-immersive-translate-paragraph=\"1\">Vybaven\u00fd 850mAh bat\u00e9riou a modernou technol\u00f3giou nab\u00edjania Type-C, RandM Tornado 9000 zaru\u010duje siln\u00fa v\u00fddr\u017e. Vyu\u017eijete a\u017e 9000 potiahnut\u00ed \u2013 ide\u00e1lne rie\u0161enie pre \u010dast\u00fdch pou\u017e\u00edvate\u013eov, ktor\u00ed chc\u00fa vapova\u0165 nieko\u013eko dn\u00ed bez preru\u0161enia.<\/p>\n<h3 data-start=\"846\" data-end=\"883\" data-immersive-translate-walked=\"b7f76c0b-7ca8-4193-bc66-5503ea679803\" data-immersive-translate-paragraph=\"1\">Z\u00e1\u017eitok z chuti najvy\u0161\u0161ej kvality<\/h3>\n<ul>\n<li data-start=\"885\" data-end=\"939\" data-immersive-translate-walked=\"b7f76c0b-7ca8-4193-bc66-5503ea679803\" data-immersive-translate-paragraph=\"1\">18ml E-liquidu s Mesh-\u017ehavi\u010dom pre intenz\u00edvne ar\u00f3my<br \/>\nPr\u00edstroj obsahuje 18ml pr\u00e9miov\u00e9ho E-liquidu, kombinovan\u00e9ho s 0,8 Ohm Mesh-\u017ehavi\u010dom. V\u00fdsledkom je rovnomern\u00fd, hust\u00fd dym s jasne definovan\u00fdmi chu\u0165ov\u00fdmi t\u00f3nmi \u2013 p\u00f4\u017eitok s ka\u017ed\u00fdm potiahnut\u00edm.<\/li>\n<li data-start=\"1150\" data-end=\"1202\" data-immersive-translate-walked=\"b7f76c0b-7ca8-4193-bc66-5503ea679803\" data-immersive-translate-paragraph=\"1\">\u010cu\u010doriedka stret\u00e1va svie\u017eos\u0165 \u2013 Blueberry Ice v centre pozornosti<br \/>\nVarianta Blueberry Ice pon\u00faka harmonick\u00fa zmes sladk\u00fdch \u010du\u010doriedok a chladiv\u00e9ho m\u00e4tov\u00e9ho zakon\u010denia. Ar\u00f3ma sa rozv\u00edja priamo pri vdychu a poskytuje osvie\u017euj\u00faci z\u00e1\u017eitok z vapovania aj v hor\u00facich letn\u00fdch d\u0148och alebo chladn\u00fdch nociach.<\/li>\n<\/ul>\n<h4 data-start=\"1469\" data-end=\"1510\" data-immersive-translate-walked=\"b7f76c0b-7ca8-4193-bc66-5503ea679803\" data-immersive-translate-paragraph=\"1\">\u0160t\u00fdl stret\u00e1va funkciu \u2013 RGB sveteln\u00fd dizajn<\/h4>\n<p data-start=\"1512\" data-end=\"1762\" data-immersive-translate-walked=\"b7f76c0b-7ca8-4193-bc66-5503ea679803\" data-immersive-translate-paragraph=\"1\">Pri ka\u017edom potiahnut\u00ed sa aktivuje RGB osvetlenie, ktor\u00e9 jemne pulzuje v meniacich sa farb\u00e1ch. T\u00e1to funkcia rob\u00ed pr\u00edstroj nielen technicky zauj\u00edmav\u00fdm, ale aj vizu\u00e1lne atrakt\u00edvnym \u2013 najm\u00e4 v no\u010dnom \u017eivote alebo pri spolo\u010densk\u00fdch udalostiach.<\/p>\n<h4 data-start=\"1769\" data-end=\"1807\" data-immersive-translate-walked=\"b7f76c0b-7ca8-4193-bc66-5503ea679803\" data-immersive-translate-paragraph=\"1\">Kompaktn\u00fd, \u013eahk\u00fd a vhodn\u00fd do ka\u017edodenn\u00e9ho pou\u017eitia<\/h4>\n<p data-start=\"1809\" data-end=\"2161\" data-immersive-translate-walked=\"b7f76c0b-7ca8-4193-bc66-5503ea679803\" data-immersive-translate-paragraph=\"1\">S hmotnos\u0165ou pribli\u017ene 70g je RandM Tornado 9000 skuto\u010dne \u013eahk\u00fd. V\u010faka ergonomick\u00e9mu dizajnu dobre padne do ruky, zatia\u013e \u010do prilo\u017een\u00fd popruh poskytuje \u010fal\u0161iu flexibilitu. Koncentr\u00e1cia nikot\u00ednu 2% poskytuje pr\u00edjemn\u00fa rovnov\u00e1hu medzi intenzitou a pohodl\u00edm \u2013 ide\u00e1lne na ka\u017edodenn\u00e9 pou\u017eitie.<\/p>\n<h3 data-start=\"2168\" data-end=\"2200\" data-immersive-translate-paragraph=\"1\" data-immersive-translate-walked=\"b7f76c0b-7ca8-4193-bc66-5503ea679803\">Va\u0161e v\u00fdhody na jednom mieste<\/h3>\n<ul data-start=\"2202\" data-end=\"2438\" data-immersive-translate-walked=\"b7f76c0b-7ca8-4193-bc66-5503ea679803\">\n<li data-start=\"2202\" data-end=\"2250\" data-immersive-translate-walked=\"b7f76c0b-7ca8-4193-bc66-5503ea679803\">\n<p data-start=\"2204\" data-end=\"2250\" data-immersive-translate-walked=\"b7f76c0b-7ca8-4193-bc66-5503ea679803\" data-immersive-translate-paragraph=\"1\">A\u017e 9000 potiahnut\u00ed pre dlhodob\u00e9 pou\u017e\u00edvanie<\/p>\n<\/li>\n<li data-start=\"2251\" data-end=\"2315\" data-immersive-translate-walked=\"b7f76c0b-7ca8-4193-bc66-5503ea679803\">\n<p data-start=\"2253\" data-end=\"2315\" data-immersive-translate-walked=\"b7f76c0b-7ca8-4193-bc66-5503ea679803\" data-immersive-translate-paragraph=\"1\">Dob\u00edjate\u013en\u00fd dizajn zni\u017euje odpad a \u0161etr\u00ed peniaze<\/p>\n<\/li>\n<li data-start=\"2316\" data-end=\"2370\" data-immersive-translate-walked=\"b7f76c0b-7ca8-4193-bc66-5503ea679803\">\n<p data-start=\"2318\" data-end=\"2370\" data-immersive-translate-walked=\"b7f76c0b-7ca8-4193-bc66-5503ea679803\" data-immersive-translate-paragraph=\"1\">Nie s\u00fa potrebn\u00e9 \u017eiadne predch\u00e1dzaj\u00face znalosti \u2013 okam\u017eite pripraven\u00e9 na vapovanie<\/p>\n<\/li>\n<li data-start=\"2371\" data-end=\"2438\" data-immersive-translate-walked=\"b7f76c0b-7ca8-4193-bc66-5503ea679803\">\n<p data-start=\"2373\" data-end=\"2438\" data-immersive-translate-walked=\"b7f76c0b-7ca8-4193-bc66-5503ea679803\" data-immersive-translate-paragraph=\"1\">Origin\u00e1lny produkt od vapingnet.de \u2013 pre skuto\u010dn\u00fa kvalitu zna\u010dky<\/p>\n<\/li>\n<\/ul>\n<h3 data-start=\"2445\" data-end=\"2501\" data-immersive-translate-walked=\"b7f76c0b-7ca8-4193-bc66-5503ea679803\" data-immersive-translate-paragraph=\"1\">Objednajte si teraz RandM Tornado 9000 \u2013 u vapingnet.de<\/h3>\n<p data-start=\"2503\" data-end=\"2711\" data-immersive-translate-walked=\"b7f76c0b-7ca8-4193-bc66-5503ea679803\" data-immersive-translate-paragraph=\"1\">Chcete si zabezpe\u010di\u0165 \u00fapln\u00fd z\u00e1\u017eitok z vapovania? RandM Tornado 9000 v\u00e1m pon\u00faka v\u0161etko, \u010do modern\u00e1 technol\u00f3gia vapovania m\u00f4\u017ee pon\u00faknu\u0165: siln\u00fa v\u00fddr\u017e, intenz\u00edvnu chu\u0165 a v\u00fdrazn\u00fd dizajn.<\/p>\n<p data-start=\"2713\" data-end=\"2825\" data-immersive-translate-walked=\"b7f76c0b-7ca8-4193-bc66-5503ea679803\" data-immersive-translate-paragraph=\"1\">Objednajte si teraz priamo na vapingnet.de \u2013 s r\u00fdchlym odoslan\u00edm z Deutschland.<\/p>\n<p data-start=\"2832\" data-end=\"2911\" data-immersive-translate-walked=\"b7f76c0b-7ca8-4193-bc66-5503ea679803\">RandM Tornado 9000 \u2013 vapovanie nov\u00e1 defin\u00edcia. Jednoduch\u00e9. Intenz\u00edvne. Spo\u013eahliv\u00e9.<\/p>","protected":false},"excerpt":{"rendered":"<p>Vysoko kvalitn\u00e9 elektronick\u00e9 cigarety\ud83d\udd25, odoslan\u00e9 priamo zo skladu v Br\u00e9mach, doru\u010denie do 2-4 dn\u00ed!<\/p>","protected":false},"featured_media":4989,"template":"","meta":[],"etheme_brands":[],"product_brand":[96],"product_cat":[52,59,49,61],"product_tag":[],"class_list":{"0":"post-4988","1":"product","2":"type-product","3":"status-publish","4":"has-post-thumbnail","6":"product_brand-randm-vape","7":"product_cat-vape-9000-zuege","8":"product_cat-de","9":"product_cat-einweg-e-zigarette","10":"product_cat-f","12":"first","13":"instock","14":"shipping-taxable","15":"purchasable","16":"product-type-simple"},"yoast_head":"<!-- This site is optimized with the Yoast SEO plugin v26.5 - https:\/\/yoast.com\/wordpress\/plugins\/seo\/ -->\n<title>RandM Tornado 9000 \u2013 Starke Einweg E-Zigarette mit 9000 Puffs<\/title>\n<meta name=\"description\" content=\"Entdecken Sie den RandM Tornado 9000 mit 9000 Z\u00fcgen, 18ml E-Liquid, starker Ausdauer &amp; intensivem Geschmack. Jetzt bei vapingnet.de kaufen.\" \/>\n<meta name=\"robots\" content=\"index, follow, max-snippet:-1, max-image-preview:large, max-video-preview:-1\" \/>\n<link rel=\"canonical\" href=\"https:\/\/vapingnet.de\/sk\/vape\/randm-tornado-9000-blueberry-ice-eisigem-geschmack-geniessen\/\" \/>\n<meta property=\"og:locale\" content=\"sk_SK\" \/>\n<meta property=\"og:type\" content=\"article\" \/>\n<meta property=\"og:title\" content=\"RandM Tornado 9000 \u2013 Starke Einweg E-Zigarette mit 9000 Puffs\" \/>\n<meta property=\"og:description\" content=\"Entdecken Sie den RandM Tornado 9000 mit 9000 Z\u00fcgen, 18ml E-Liquid, starker Ausdauer &amp; intensivem Geschmack. Jetzt bei vapingnet.de kaufen.\" \/>\n<meta property=\"og:url\" content=\"https:\/\/vapingnet.de\/sk\/vape\/randm-tornado-9000-blueberry-ice-eisigem-geschmack-geniessen\/\" \/>\n<meta property=\"og:site_name\" content=\"Vapingnet.de\" \/>\n<meta property=\"article:publisher\" content=\"https:\/\/www.facebook.com\/vapingnetde\/\" \/>\n<meta property=\"article:modified_time\" content=\"2025-12-18T01:50:05+00:00\" \/>\n<meta property=\"og:image\" content=\"https:\/\/vapingnet.de\/wp-content\/uploads\/2025\/03\/randm-tornado-9000-bluebarry-ice.webp\" \/>\n\t<meta property=\"og:image:width\" content=\"1000\" \/>\n\t<meta property=\"og:image:height\" content=\"1000\" \/>\n\t<meta property=\"og:image:type\" content=\"image\/webp\" \/>\n<meta name=\"twitter:card\" content=\"summary_large_image\" \/>\n<meta name=\"twitter:label1\" content=\"Est. reading time\" \/>\n\t<meta name=\"twitter:data1\" content=\"3 minutes\" \/>\n<script type=\"application\/ld+json\" class=\"yoast-schema-graph\">{\"@context\":\"https:\/\/schema.org\",\"@graph\":[{\"@type\":\"WebPage\",\"@id\":\"https:\/\/vapingnet.de\/vape\/randm-tornado-9000-blueberry-ice-eisigem-geschmack-geniessen\/\",\"url\":\"https:\/\/vapingnet.de\/vape\/randm-tornado-9000-blueberry-ice-eisigem-geschmack-geniessen\/\",\"name\":\"RandM Tornado 9000 \u2013 Starke Einweg E-Zigarette mit 9000 Puffs\",\"isPartOf\":{\"@id\":\"https:\/\/vapingnet.de\/#website\"},\"primaryImageOfPage\":{\"@id\":\"https:\/\/vapingnet.de\/vape\/randm-tornado-9000-blueberry-ice-eisigem-geschmack-geniessen\/#primaryimage\"},\"image\":{\"@id\":\"https:\/\/vapingnet.de\/vape\/randm-tornado-9000-blueberry-ice-eisigem-geschmack-geniessen\/#primaryimage\"},\"thumbnailUrl\":\"https:\/\/vapingnet.de\/wp-content\/uploads\/2025\/03\/randm-tornado-9000-bluebarry-ice.webp\",\"datePublished\":\"2025-03-11T06:47:09+00:00\",\"dateModified\":\"2025-12-18T01:50:05+00:00\",\"description\":\"Entdecken Sie den RandM Tornado 9000 mit 9000 Z\u00fcgen, 18ml E-Liquid, starker Ausdauer & intensivem Geschmack. Jetzt bei vapingnet.de kaufen.\",\"breadcrumb\":{\"@id\":\"https:\/\/vapingnet.de\/vape\/randm-tornado-9000-blueberry-ice-eisigem-geschmack-geniessen\/#breadcrumb\"},\"inLanguage\":\"sk-SK\",\"potentialAction\":[{\"@type\":\"ReadAction\",\"target\":[\"https:\/\/vapingnet.de\/vape\/randm-tornado-9000-blueberry-ice-eisigem-geschmack-geniessen\/\"]}]},{\"@type\":\"ImageObject\",\"inLanguage\":\"sk-SK\",\"@id\":\"https:\/\/vapingnet.de\/vape\/randm-tornado-9000-blueberry-ice-eisigem-geschmack-geniessen\/#primaryimage\",\"url\":\"https:\/\/vapingnet.de\/wp-content\/uploads\/2025\/03\/randm-tornado-9000-bluebarry-ice.webp\",\"contentUrl\":\"https:\/\/vapingnet.de\/wp-content\/uploads\/2025\/03\/randm-tornado-9000-bluebarry-ice.webp\",\"width\":1000,\"height\":1000,\"caption\":\"randm-tornado-9000-bluebarry-ice\"},{\"@type\":\"BreadcrumbList\",\"@id\":\"https:\/\/vapingnet.de\/vape\/randm-tornado-9000-blueberry-ice-eisigem-geschmack-geniessen\/#breadcrumb\",\"itemListElement\":[{\"@type\":\"ListItem\",\"position\":1,\"name\":\"Home\",\"item\":\"https:\/\/vapingnet.de\/\"},{\"@type\":\"ListItem\",\"position\":2,\"name\":\"Shop\",\"item\":\"https:\/\/vapingnet.de\/vape\/\"},{\"@type\":\"ListItem\",\"position\":3,\"name\":\"RandM Tornado 9000 Blueberry Ice eisigem Geschmack genie\u00dfen\"}]},{\"@type\":\"WebSite\",\"@id\":\"https:\/\/vapingnet.de\/#website\",\"url\":\"https:\/\/vapingnet.de\/\",\"name\":\"Vapingnet.de\",\"description\":\"\",\"publisher\":{\"@id\":\"https:\/\/vapingnet.de\/#organization\"},\"potentialAction\":[{\"@type\":\"SearchAction\",\"target\":{\"@type\":\"EntryPoint\",\"urlTemplate\":\"https:\/\/vapingnet.de\/?s={search_term_string}\"},\"query-input\":{\"@type\":\"PropertyValueSpecification\",\"valueRequired\":true,\"valueName\":\"search_term_string\"}}],\"inLanguage\":\"sk-SK\"},{\"@type\":\"Organization\",\"@id\":\"https:\/\/vapingnet.de\/#organization\",\"name\":\"Vapingnet.de\",\"url\":\"https:\/\/vapingnet.de\/\",\"logo\":{\"@type\":\"ImageObject\",\"inLanguage\":\"sk-SK\",\"@id\":\"https:\/\/vapingnet.de\/#\/schema\/logo\/image\/\",\"url\":\"https:\/\/vapingnet.de\/wp-content\/uploads\/2025\/03\/cropped-vapingnet.de_.jpg\",\"contentUrl\":\"https:\/\/vapingnet.de\/wp-content\/uploads\/2025\/03\/cropped-vapingnet.de_.jpg\",\"width\":512,\"height\":512,\"caption\":\"Vapingnet.de\"},\"image\":{\"@id\":\"https:\/\/vapingnet.de\/#\/schema\/logo\/image\/\"},\"sameAs\":[\"https:\/\/www.facebook.com\/vapingnetde\/\"]}]}<\/script>\n<!-- \/ Yoast SEO plugin. -->","yoast_head_json":{"title":"RandM Tornado 9000 \u2013 Starke Einweg E-Zigarette mit 9000 Puffs","description":"Entdecken Sie den RandM Tornado 9000 mit 9000 Z\u00fcgen, 18ml E-Liquid, starker Ausdauer & intensivem Geschmack. Jetzt bei vapingnet.de kaufen.","robots":{"index":"index","follow":"follow","max-snippet":"max-snippet:-1","max-image-preview":"max-image-preview:large","max-video-preview":"max-video-preview:-1"},"canonical":"https:\/\/vapingnet.de\/sk\/vape\/randm-tornado-9000-blueberry-ice-eisigem-geschmack-geniessen\/","og_locale":"sk_SK","og_type":"article","og_title":"RandM Tornado 9000 \u2013 Starke Einweg E-Zigarette mit 9000 Puffs","og_description":"Entdecken Sie den RandM Tornado 9000 mit 9000 Z\u00fcgen, 18ml E-Liquid, starker Ausdauer & intensivem Geschmack. Jetzt bei vapingnet.de kaufen.","og_url":"https:\/\/vapingnet.de\/sk\/vape\/randm-tornado-9000-blueberry-ice-eisigem-geschmack-geniessen\/","og_site_name":"Vapingnet.de","article_publisher":"https:\/\/www.facebook.com\/vapingnetde\/","article_modified_time":"2025-12-18T01:50:05+00:00","og_image":[{"width":1000,"height":1000,"url":"https:\/\/vapingnet.de\/wp-content\/uploads\/2025\/03\/randm-tornado-9000-bluebarry-ice.webp","type":"image\/webp"}],"twitter_card":"summary_large_image","twitter_misc":{"Est. reading time":"3 minutes"},"schema":{"@context":"https:\/\/schema.org","@graph":[{"@type":"WebPage","@id":"https:\/\/vapingnet.de\/vape\/randm-tornado-9000-blueberry-ice-eisigem-geschmack-geniessen\/","url":"https:\/\/vapingnet.de\/vape\/randm-tornado-9000-blueberry-ice-eisigem-geschmack-geniessen\/","name":"RandM Tornado 9000 \u2013 Starke Einweg E-Zigarette mit 9000 Puffs","isPartOf":{"@id":"https:\/\/vapingnet.de\/#website"},"primaryImageOfPage":{"@id":"https:\/\/vapingnet.de\/vape\/randm-tornado-9000-blueberry-ice-eisigem-geschmack-geniessen\/#primaryimage"},"image":{"@id":"https:\/\/vapingnet.de\/vape\/randm-tornado-9000-blueberry-ice-eisigem-geschmack-geniessen\/#primaryimage"},"thumbnailUrl":"https:\/\/vapingnet.de\/wp-content\/uploads\/2025\/03\/randm-tornado-9000-bluebarry-ice.webp","datePublished":"2025-03-11T06:47:09+00:00","dateModified":"2025-12-18T01:50:05+00:00","description":"Entdecken Sie den RandM Tornado 9000 mit 9000 Z\u00fcgen, 18ml E-Liquid, starker Ausdauer & intensivem Geschmack. Jetzt bei vapingnet.de kaufen.","breadcrumb":{"@id":"https:\/\/vapingnet.de\/vape\/randm-tornado-9000-blueberry-ice-eisigem-geschmack-geniessen\/#breadcrumb"},"inLanguage":"sk-SK","potentialAction":[{"@type":"ReadAction","target":["https:\/\/vapingnet.de\/vape\/randm-tornado-9000-blueberry-ice-eisigem-geschmack-geniessen\/"]}]},{"@type":"ImageObject","inLanguage":"sk-SK","@id":"https:\/\/vapingnet.de\/vape\/randm-tornado-9000-blueberry-ice-eisigem-geschmack-geniessen\/#primaryimage","url":"https:\/\/vapingnet.de\/wp-content\/uploads\/2025\/03\/randm-tornado-9000-bluebarry-ice.webp","contentUrl":"https:\/\/vapingnet.de\/wp-content\/uploads\/2025\/03\/randm-tornado-9000-bluebarry-ice.webp","width":1000,"height":1000,"caption":"randm-tornado-9000-bluebarry-ice"},{"@type":"BreadcrumbList","@id":"https:\/\/vapingnet.de\/vape\/randm-tornado-9000-blueberry-ice-eisigem-geschmack-geniessen\/#breadcrumb","itemListElement":[{"@type":"ListItem","position":1,"name":"Home","item":"https:\/\/vapingnet.de\/"},{"@type":"ListItem","position":2,"name":"Shop","item":"https:\/\/vapingnet.de\/vape\/"},{"@type":"ListItem","position":3,"name":"RandM Tornado 9000 Blueberry Ice eisigem Geschmack genie\u00dfen"}]},{"@type":"WebSite","@id":"https:\/\/vapingnet.de\/#website","url":"https:\/\/vapingnet.de\/","name":"Vapingnet.de","description":"","publisher":{"@id":"https:\/\/vapingnet.de\/#organization"},"potentialAction":[{"@type":"SearchAction","target":{"@type":"EntryPoint","urlTemplate":"https:\/\/vapingnet.de\/?s={search_term_string}"},"query-input":{"@type":"PropertyValueSpecification","valueRequired":true,"valueName":"search_term_string"}}],"inLanguage":"sk-SK"},{"@type":"Organization","@id":"https:\/\/vapingnet.de\/#organization","name":"Vapingnet.de","url":"https:\/\/vapingnet.de\/","logo":{"@type":"ImageObject","inLanguage":"sk-SK","@id":"https:\/\/vapingnet.de\/#\/schema\/logo\/image\/","url":"https:\/\/vapingnet.de\/wp-content\/uploads\/2025\/03\/cropped-vapingnet.de_.jpg","contentUrl":"https:\/\/vapingnet.de\/wp-content\/uploads\/2025\/03\/cropped-vapingnet.de_.jpg","width":512,"height":512,"caption":"Vapingnet.de"},"image":{"@id":"https:\/\/vapingnet.de\/#\/schema\/logo\/image\/"},"sameAs":["https:\/\/www.facebook.com\/vapingnetde\/"]}]}},"tiered_pricing_type":"fixed","tiered_pricing_fixed_rules":{"50":"8.30","110":"7.84","210":"7.38","510":"6.92","1100":"6.45"},"tiered_pricing_product_settings":{"layout":"default","base_unit_name":{"singular":null,"plural":null},"default_variation":null},"tiered_pricing_minimum_quantity":null,"tiered_pricing_roles_data":[],"tiered_pricing_percentage_rules":[],"_links":{"self":[{"href":"https:\/\/vapingnet.de\/sk\/wp-json\/wp\/v2\/product\/4988","targetHints":{"allow":["GET"]}}],"collection":[{"href":"https:\/\/vapingnet.de\/sk\/wp-json\/wp\/v2\/product"}],"about":[{"href":"https:\/\/vapingnet.de\/sk\/wp-json\/wp\/v2\/types\/product"}],"version-history":[{"count":3,"href":"https:\/\/vapingnet.de\/sk\/wp-json\/wp\/v2\/product\/4988\/revisions"}],"predecessor-version":[{"id":7221,"href":"https:\/\/vapingnet.de\/sk\/wp-json\/wp\/v2\/product\/4988\/revisions\/7221"}],"wp:featuredmedia":[{"embeddable":true,"href":"https:\/\/vapingnet.de\/sk\/wp-json\/wp\/v2\/media\/4989"}],"wp:attachment":[{"href":"https:\/\/vapingnet.de\/sk\/wp-json\/wp\/v2\/media?parent=4988"}],"wp:term":[{"taxonomy":"brand","embeddable":true,"href":"https:\/\/vapingnet.de\/sk\/wp-json\/wp\/v2\/etheme_brands?post=4988"},{"taxonomy":"product_brand","embeddable":true,"href":"https:\/\/vapingnet.de\/sk\/wp-json\/wp\/v2\/product_brand?post=4988"},{"taxonomy":"product_cat","embeddable":true,"href":"https:\/\/vapingnet.de\/sk\/wp-json\/wp\/v2\/product_cat?post=4988"},{"taxonomy":"product_tag","embeddable":true,"href":"https:\/\/vapingnet.de\/sk\/wp-json\/wp\/v2\/product_tag?post=4988"}],"curies":[{"name":"wp","href":"https:\/\/api.w.org\/{rel}","templated":true}]}}