{"id":4997,"date":"2025-03-11T07:17:21","date_gmt":"2025-03-11T07:17:21","guid":{"rendered":"https:\/\/vapingnet.de\/?post_type=product&#038;p=4997"},"modified":"2025-06-23T09:57:00","modified_gmt":"2025-06-23T09:57:00","slug":"lush-ice-im-randm-tornado-9000-guenstig-im-grosshandel-erhaeltlich","status":"publish","type":"product","link":"https:\/\/vapingnet.de\/sk\/vape\/lush-ice-im-randm-tornado-9000-guenstig-im-grosshandel-erhaeltlich\/","title":{"rendered":"Lush Ice v RandM Tornado 9000 dostupn\u00e9 v\u00fdhodne vo ve\u013ekoobchode"},"content":{"rendered":"<h2 data-start=\"111\" data-end=\"175\">RandM Tornado 9000 \u2013 Ako dobr\u00fd je naozaj Fresh Mint Vape?<\/h2>\n<p data-start=\"177\" data-end=\"248\" data-immersive-translate-walked=\"fc78042f-4b5c-4330-8f67-d3365ce31b02\" data-immersive-translate-paragraph=\"1\">H\u013ead\u00e1te jednorazov\u00fa e-cigaretu s chu\u0165ou, v\u00fddr\u017eou a \u0161t\u00fdlom?<\/p>\n<p data-start=\"250\" data-end=\"507\" data-immersive-translate-walked=\"fc78042f-4b5c-4330-8f67-d3365ce31b02\" data-immersive-translate-paragraph=\"1\">Potom je RandM Tornado 9000 mo\u017enos\u0165ou, ktor\u00fa by ste si mali pozrie\u0165 bli\u017e\u0161ie. Tento pr\u00edstroj sp\u00e1ja modern\u00fa technol\u00f3giu s intenz\u00edvnou ar\u00f3mou \u2013 ide\u00e1lny pre v\u0161etk\u00fdch, ktor\u00ed h\u013eadaj\u00fa spo\u013eahliv\u00fd, \u0161t\u00fdlov\u00fd a chutn\u00fd z\u00e1\u017eitok z vapovania.<\/p>\n<h3 data-start=\"514\" data-end=\"560\" data-immersive-translate-walked=\"fc78042f-4b5c-4330-8f67-d3365ce31b02\" data-immersive-translate-paragraph=\"1\">\u010co rob\u00ed RandM Tornado 9000 v\u00fdnimo\u010dn\u00fdm?<\/h3>\n<ul>\n<li data-start=\"562\" data-end=\"726\" data-immersive-translate-walked=\"fc78042f-4b5c-4330-8f67-d3365ce31b02\" data-immersive-translate-paragraph=\"1\">A\u017e 9000 \u0165ahov na jedno zariadenie<br data-start=\"594\" data-end=\"597\" data-immersive-translate-walked=\"fc78042f-4b5c-4330-8f67-d3365ce31b02\" \/>V\u010faka dob\u00edjate\u013enej bat\u00e9rii 850mAh a efekt\u00edvnemu rozde\u013eovaniu energie si m\u00f4\u017eete vychutn\u00e1va\u0165 vapovanie cel\u00e9 dni bez prest\u00e1vky.<\/li>\n<li data-start=\"728\" data-end=\"935\" data-immersive-translate-walked=\"fc78042f-4b5c-4330-8f67-d3365ce31b02\" data-immersive-translate-paragraph=\"1\">18ml e-liquidu s pr\u00edchu\u0165ou Fresh Mint<br data-start=\"772\" data-end=\"775\" data-immersive-translate-walked=\"fc78042f-4b5c-4330-8f67-d3365ce31b02\" \/>Ve\u013ek\u00e9 mno\u017estvo liquidu zabezpe\u010duje dlhodob\u00fd p\u00f4\u017eitok. Chu\u0165 Fresh Mint prin\u00e1\u0161a jasn\u00fa, chladiv\u00fa note pri ka\u017edom \u0165ahu \u2013 ide\u00e1lne pre milovn\u00edkov svie\u017eosti.<\/li>\n<li data-start=\"937\" data-end=\"1127\" data-immersive-translate-walked=\"fc78042f-4b5c-4330-8f67-d3365ce31b02\" data-immersive-translate-paragraph=\"1\">Mesh-\u0161pir\u00e1lka pre hust\u00fd, aromatick\u00fd dym<br data-start=\"984\" data-end=\"987\" data-immersive-translate-walked=\"fc78042f-4b5c-4330-8f67-d3365ce31b02\" \/>In\u0161talovan\u00e1 0,8-Ohm Mesh-\u0161pir\u00e1lka uvo\u013e\u0148uje ar\u00f3mu obzvl\u00e1\u0161\u0165 jemne a rovnomerne. Vznik\u00e1 tak intenz\u00edvna chu\u0165 bez drsnosti.<\/li>\n<li data-start=\"1129\" data-end=\"1297\" data-immersive-translate-walked=\"fc78042f-4b5c-4330-8f67-d3365ce31b02\" data-immersive-translate-paragraph=\"1\">RGB sveteln\u00e1 show &amp; ergonomick\u00fd dizajn<br data-start=\"1171\" data-end=\"1174\" data-immersive-translate-walked=\"fc78042f-4b5c-4330-8f67-d3365ce31b02\" \/>S v\u00e1hou len pribli\u017ene 70g je zariadenie \u013eahk\u00e9 na pren\u00e1\u0161anie. LED farebn\u00e9 svetl\u00e1 reaguj\u00fa na ka\u017ed\u00fd \u0165ah \u2013 decentne, ale modern\u00e9.<\/li>\n<li data-start=\"1299\" data-end=\"1499\" data-immersive-translate-walked=\"fc78042f-4b5c-4330-8f67-d3365ce31b02\" data-immersive-translate-paragraph=\"1\">2% Nikot\u00edn \u2013 jemn\u00fd, ale \u00fa\u010dinn\u00fd<br data-start=\"1341\" data-end=\"1344\" data-immersive-translate-walked=\"fc78042f-4b5c-4330-8f67-d3365ce31b02\" \/>Ide\u00e1lny na ka\u017edodenn\u00e9 vapovanie: nie pr\u00edli\u0161 siln\u00fd, ani pr\u00edli\u0161 \u013eahk\u00fd. Vyv\u00e1\u017een\u00fd stredn\u00fd sp\u00f4sob, ktor\u00fd vyhovuje za\u010diato\u010dn\u00edkom aj pr\u00edle\u017eitostn\u00fdm vapova\u010dom.<\/li>\n<\/ul>\n<h4 data-start=\"1506\" data-end=\"1540\" data-immersive-translate-walked=\"fc78042f-4b5c-4330-8f67-d3365ce31b02\" data-immersive-translate-paragraph=\"1\">Pre koho je toto zariadenie ide\u00e1lne?<\/h4>\n<ul data-start=\"1542\" data-end=\"1818\" data-immersive-translate-walked=\"fc78042f-4b5c-4330-8f67-d3365ce31b02\">\n<li data-start=\"1542\" data-end=\"1618\" data-immersive-translate-walked=\"fc78042f-4b5c-4330-8f67-d3365ce31b02\">\n<p data-start=\"1544\" data-end=\"1618\" data-immersive-translate-walked=\"fc78042f-4b5c-4330-8f67-d3365ce31b02\" data-immersive-translate-paragraph=\"1\">Pre pracuj\u00facich, ktor\u00ed h\u013eadaj\u00fa dlhodobo vydr\u017eiavaj\u00facu jednorazov\u00fa e-cigaretu<\/p>\n<\/li>\n<li data-start=\"1619\" data-end=\"1685\" data-immersive-translate-walked=\"fc78042f-4b5c-4330-8f67-d3365ce31b02\">\n<p data-start=\"1621\" data-end=\"1685\" data-immersive-translate-walked=\"fc78042f-4b5c-4330-8f67-d3365ce31b02\" data-immersive-translate-paragraph=\"1\">Pre vapova\u010dov, ktor\u00ed ocenia intenz\u00edvne svie\u017ee ar\u00f3my ako m\u00e4ta<\/p>\n<\/li>\n<li data-start=\"1686\" data-end=\"1751\" data-immersive-translate-walked=\"fc78042f-4b5c-4330-8f67-d3365ce31b02\">\n<p data-start=\"1688\" data-end=\"1751\" data-immersive-translate-walked=\"fc78042f-4b5c-4330-8f67-d3365ce31b02\" data-immersive-translate-paragraph=\"1\">Pre v\u0161etk\u00fdch, ktor\u00ed klad\u00fa d\u00f4raz na dizajn a ka\u017edodenn\u00fa pou\u017eite\u013enos\u0165<\/p>\n<\/li>\n<li data-start=\"1752\" data-end=\"1818\" data-immersive-translate-walked=\"fc78042f-4b5c-4330-8f67-d3365ce31b02\">\n<p data-start=\"1754\" data-end=\"1818\" data-immersive-translate-walked=\"fc78042f-4b5c-4330-8f67-d3365ce31b02\" data-immersive-translate-paragraph=\"1\">Pre za\u010diato\u010dn\u00edkov, ktor\u00ed nechc\u00fa komplikovan\u00e9 nastavenia<\/p>\n<\/li>\n<\/ul>\n<h4 data-start=\"1825\" data-end=\"1855\" data-immersive-translate-walked=\"fc78042f-4b5c-4330-8f67-d3365ce31b02\" data-immersive-translate-paragraph=\"1\">Stoj\u00ed za to k\u00fapi\u0165?<\/h4>\n<p data-start=\"1857\" data-end=\"2121\" data-immersive-translate-walked=\"fc78042f-4b5c-4330-8f67-d3365ce31b02\" data-immersive-translate-paragraph=\"1\">Ak kladiete d\u00f4raz na siln\u00fd v\u00fdkon bat\u00e9rie, \u010derstv\u00fa chu\u0165 a modern\u00fd dizajn, RandM Tornado 9000 je jasnou vo\u013ebou. Obzvl\u00e1\u0161\u0165 chu\u0165 Fresh Mint sa v\u010faka svojej \u010distote a chladiv\u00e9mu efektu pr\u00edjemne odli\u0161uje od mnoh\u00fdch in\u00fdch pr\u00edchut\u00ed.<\/p>\n<h4 data-start=\"2128\" data-end=\"2196\" data-immersive-translate-walked=\"fc78042f-4b5c-4330-8f67-d3365ce31b02\" data-immersive-translate-paragraph=\"1\">Vysk\u00fa\u0161ajte teraz: RandM Tornado 9000 objedna\u0165 na vapingnet.de<\/h4>\n<p data-start=\"2198\" data-end=\"2374\" data-immersive-translate-walked=\"fc78042f-4b5c-4330-8f67-d3365ce31b02\" data-immersive-translate-paragraph=\"1\">Nav\u0161t\u00edvte vapingnet.de a zabezpe\u010dte si RandM Tornado 9000 s r\u00fdchlym doru\u010den\u00edm z Deutschland. \u017diadne registr\u00e1cie, \u017eiadne komplik\u00e1cie \u2013 len \u010dist\u00fd z\u00e1\u017eitok z pary.<\/p>\n<p data-start=\"2381\" data-end=\"2445\" data-immersive-translate-walked=\"fc78042f-4b5c-4330-8f67-d3365ce31b02\">RandM Tornado 9000 \u2013 Ke\u010f vytrvalos\u0165 stret\u00e1va skuto\u010dn\u00fa svie\u017eos\u0165.<\/p>","protected":false},"excerpt":{"rendered":"<p>Vysoko kvalitn\u00e9 elektronick\u00e9 cigarety\ud83d\udd25, odoslan\u00e9 priamo zo skladu v Br\u00e9mach, doru\u010denie do 2-4 dn\u00ed!<\/p>","protected":false},"featured_media":4998,"template":"","meta":[],"etheme_brands":[],"product_brand":[96],"product_cat":[52,59,49,61],"product_tag":[],"class_list":{"0":"post-4997","1":"product","2":"type-product","3":"status-publish","4":"has-post-thumbnail","6":"product_brand-randm-vape","7":"product_cat-vape-9000-zuege","8":"product_cat-de","9":"product_cat-einweg-e-zigarette","10":"product_cat-f","12":"first","13":"instock","14":"shipping-taxable","15":"purchasable","16":"product-type-simple"},"yoast_head":"<!-- This site is optimized with the Yoast SEO plugin v26.5 - https:\/\/yoast.com\/wordpress\/plugins\/seo\/ -->\n<title>RandM Tornado 9000 \u2013 Fresh Mint Vape mit 9000 Z\u00fcgen &amp; Style<\/title>\n<meta name=\"description\" content=\"Entdecken Sie den RandM Tornado 9000 mit Fresh Mint Geschmack, 9000 Z\u00fcgen, 18ml Liquid und RGB-Design. Jetzt g\u00fcnstig &amp; schnell bei vapingnet.de bestellen.\" \/>\n<meta name=\"robots\" content=\"index, follow, max-snippet:-1, max-image-preview:large, max-video-preview:-1\" \/>\n<link rel=\"canonical\" href=\"https:\/\/vapingnet.de\/sk\/vape\/lush-ice-im-randm-tornado-9000-guenstig-im-grosshandel-erhaeltlich\/\" \/>\n<meta property=\"og:locale\" content=\"sk_SK\" \/>\n<meta property=\"og:type\" content=\"article\" \/>\n<meta property=\"og:title\" content=\"RandM Tornado 9000 \u2013 Fresh Mint Vape mit 9000 Z\u00fcgen &amp; Style\" \/>\n<meta property=\"og:description\" content=\"Entdecken Sie den RandM Tornado 9000 mit Fresh Mint Geschmack, 9000 Z\u00fcgen, 18ml Liquid und RGB-Design. Jetzt g\u00fcnstig &amp; schnell bei vapingnet.de bestellen.\" \/>\n<meta property=\"og:url\" content=\"https:\/\/vapingnet.de\/sk\/vape\/lush-ice-im-randm-tornado-9000-guenstig-im-grosshandel-erhaeltlich\/\" \/>\n<meta property=\"og:site_name\" content=\"Vapingnet.de\" \/>\n<meta property=\"article:publisher\" content=\"https:\/\/www.facebook.com\/vapingnetde\/\" \/>\n<meta property=\"article:modified_time\" content=\"2025-06-23T09:57:00+00:00\" \/>\n<meta property=\"og:image\" content=\"https:\/\/vapingnet.de\/wp-content\/uploads\/2025\/03\/randm-tornado-9000-lush-ice.webp\" \/>\n\t<meta property=\"og:image:width\" content=\"1000\" \/>\n\t<meta property=\"og:image:height\" content=\"1000\" \/>\n\t<meta property=\"og:image:type\" content=\"image\/webp\" \/>\n<meta name=\"twitter:card\" content=\"summary_large_image\" \/>\n<meta name=\"twitter:label1\" content=\"Est. reading time\" \/>\n\t<meta name=\"twitter:data1\" content=\"2 minutes\" \/>\n<script type=\"application\/ld+json\" class=\"yoast-schema-graph\">{\"@context\":\"https:\/\/schema.org\",\"@graph\":[{\"@type\":\"WebPage\",\"@id\":\"https:\/\/vapingnet.de\/vape\/lush-ice-im-randm-tornado-9000-guenstig-im-grosshandel-erhaeltlich\/\",\"url\":\"https:\/\/vapingnet.de\/vape\/lush-ice-im-randm-tornado-9000-guenstig-im-grosshandel-erhaeltlich\/\",\"name\":\"RandM Tornado 9000 \u2013 Fresh Mint Vape mit 9000 Z\u00fcgen & Style\",\"isPartOf\":{\"@id\":\"https:\/\/vapingnet.de\/#website\"},\"primaryImageOfPage\":{\"@id\":\"https:\/\/vapingnet.de\/vape\/lush-ice-im-randm-tornado-9000-guenstig-im-grosshandel-erhaeltlich\/#primaryimage\"},\"image\":{\"@id\":\"https:\/\/vapingnet.de\/vape\/lush-ice-im-randm-tornado-9000-guenstig-im-grosshandel-erhaeltlich\/#primaryimage\"},\"thumbnailUrl\":\"https:\/\/vapingnet.de\/wp-content\/uploads\/2025\/03\/randm-tornado-9000-lush-ice.webp\",\"datePublished\":\"2025-03-11T07:17:21+00:00\",\"dateModified\":\"2025-06-23T09:57:00+00:00\",\"description\":\"Entdecken Sie den RandM Tornado 9000 mit Fresh Mint Geschmack, 9000 Z\u00fcgen, 18ml Liquid und RGB-Design. Jetzt g\u00fcnstig & schnell bei vapingnet.de bestellen.\",\"breadcrumb\":{\"@id\":\"https:\/\/vapingnet.de\/vape\/lush-ice-im-randm-tornado-9000-guenstig-im-grosshandel-erhaeltlich\/#breadcrumb\"},\"inLanguage\":\"sk-SK\",\"potentialAction\":[{\"@type\":\"ReadAction\",\"target\":[\"https:\/\/vapingnet.de\/vape\/lush-ice-im-randm-tornado-9000-guenstig-im-grosshandel-erhaeltlich\/\"]}]},{\"@type\":\"ImageObject\",\"inLanguage\":\"sk-SK\",\"@id\":\"https:\/\/vapingnet.de\/vape\/lush-ice-im-randm-tornado-9000-guenstig-im-grosshandel-erhaeltlich\/#primaryimage\",\"url\":\"https:\/\/vapingnet.de\/wp-content\/uploads\/2025\/03\/randm-tornado-9000-lush-ice.webp\",\"contentUrl\":\"https:\/\/vapingnet.de\/wp-content\/uploads\/2025\/03\/randm-tornado-9000-lush-ice.webp\",\"width\":1000,\"height\":1000,\"caption\":\"randm-tornado-9000-lush-ice\"},{\"@type\":\"BreadcrumbList\",\"@id\":\"https:\/\/vapingnet.de\/vape\/lush-ice-im-randm-tornado-9000-guenstig-im-grosshandel-erhaeltlich\/#breadcrumb\",\"itemListElement\":[{\"@type\":\"ListItem\",\"position\":1,\"name\":\"Home\",\"item\":\"https:\/\/vapingnet.de\/\"},{\"@type\":\"ListItem\",\"position\":2,\"name\":\"Shop\",\"item\":\"https:\/\/vapingnet.de\/vape\/\"},{\"@type\":\"ListItem\",\"position\":3,\"name\":\"Lush Ice im RandM Tornado 9000 G\u00fcnstig im Gro\u00dfhandel erh\u00e4ltlich\"}]},{\"@type\":\"WebSite\",\"@id\":\"https:\/\/vapingnet.de\/#website\",\"url\":\"https:\/\/vapingnet.de\/\",\"name\":\"Vapingnet.de\",\"description\":\"\",\"publisher\":{\"@id\":\"https:\/\/vapingnet.de\/#organization\"},\"potentialAction\":[{\"@type\":\"SearchAction\",\"target\":{\"@type\":\"EntryPoint\",\"urlTemplate\":\"https:\/\/vapingnet.de\/?s={search_term_string}\"},\"query-input\":{\"@type\":\"PropertyValueSpecification\",\"valueRequired\":true,\"valueName\":\"search_term_string\"}}],\"inLanguage\":\"sk-SK\"},{\"@type\":\"Organization\",\"@id\":\"https:\/\/vapingnet.de\/#organization\",\"name\":\"Vapingnet.de\",\"url\":\"https:\/\/vapingnet.de\/\",\"logo\":{\"@type\":\"ImageObject\",\"inLanguage\":\"sk-SK\",\"@id\":\"https:\/\/vapingnet.de\/#\/schema\/logo\/image\/\",\"url\":\"https:\/\/vapingnet.de\/wp-content\/uploads\/2025\/03\/cropped-vapingnet.de_.jpg\",\"contentUrl\":\"https:\/\/vapingnet.de\/wp-content\/uploads\/2025\/03\/cropped-vapingnet.de_.jpg\",\"width\":512,\"height\":512,\"caption\":\"Vapingnet.de\"},\"image\":{\"@id\":\"https:\/\/vapingnet.de\/#\/schema\/logo\/image\/\"},\"sameAs\":[\"https:\/\/www.facebook.com\/vapingnetde\/\"]}]}<\/script>\n<!-- \/ Yoast SEO plugin. -->","yoast_head_json":{"title":"RandM Tornado 9000 \u2013 Fresh Mint Vape mit 9000 Z\u00fcgen & Style","description":"Entdecken Sie den RandM Tornado 9000 mit Fresh Mint Geschmack, 9000 Z\u00fcgen, 18ml Liquid und RGB-Design. Jetzt g\u00fcnstig & schnell bei vapingnet.de bestellen.","robots":{"index":"index","follow":"follow","max-snippet":"max-snippet:-1","max-image-preview":"max-image-preview:large","max-video-preview":"max-video-preview:-1"},"canonical":"https:\/\/vapingnet.de\/sk\/vape\/lush-ice-im-randm-tornado-9000-guenstig-im-grosshandel-erhaeltlich\/","og_locale":"sk_SK","og_type":"article","og_title":"RandM Tornado 9000 \u2013 Fresh Mint Vape mit 9000 Z\u00fcgen & Style","og_description":"Entdecken Sie den RandM Tornado 9000 mit Fresh Mint Geschmack, 9000 Z\u00fcgen, 18ml Liquid und RGB-Design. Jetzt g\u00fcnstig & schnell bei vapingnet.de bestellen.","og_url":"https:\/\/vapingnet.de\/sk\/vape\/lush-ice-im-randm-tornado-9000-guenstig-im-grosshandel-erhaeltlich\/","og_site_name":"Vapingnet.de","article_publisher":"https:\/\/www.facebook.com\/vapingnetde\/","article_modified_time":"2025-06-23T09:57:00+00:00","og_image":[{"width":1000,"height":1000,"url":"https:\/\/vapingnet.de\/wp-content\/uploads\/2025\/03\/randm-tornado-9000-lush-ice.webp","type":"image\/webp"}],"twitter_card":"summary_large_image","twitter_misc":{"Est. reading time":"2 minutes"},"schema":{"@context":"https:\/\/schema.org","@graph":[{"@type":"WebPage","@id":"https:\/\/vapingnet.de\/vape\/lush-ice-im-randm-tornado-9000-guenstig-im-grosshandel-erhaeltlich\/","url":"https:\/\/vapingnet.de\/vape\/lush-ice-im-randm-tornado-9000-guenstig-im-grosshandel-erhaeltlich\/","name":"RandM Tornado 9000 \u2013 Fresh Mint Vape mit 9000 Z\u00fcgen & Style","isPartOf":{"@id":"https:\/\/vapingnet.de\/#website"},"primaryImageOfPage":{"@id":"https:\/\/vapingnet.de\/vape\/lush-ice-im-randm-tornado-9000-guenstig-im-grosshandel-erhaeltlich\/#primaryimage"},"image":{"@id":"https:\/\/vapingnet.de\/vape\/lush-ice-im-randm-tornado-9000-guenstig-im-grosshandel-erhaeltlich\/#primaryimage"},"thumbnailUrl":"https:\/\/vapingnet.de\/wp-content\/uploads\/2025\/03\/randm-tornado-9000-lush-ice.webp","datePublished":"2025-03-11T07:17:21+00:00","dateModified":"2025-06-23T09:57:00+00:00","description":"Entdecken Sie den RandM Tornado 9000 mit Fresh Mint Geschmack, 9000 Z\u00fcgen, 18ml Liquid und RGB-Design. Jetzt g\u00fcnstig & schnell bei vapingnet.de bestellen.","breadcrumb":{"@id":"https:\/\/vapingnet.de\/vape\/lush-ice-im-randm-tornado-9000-guenstig-im-grosshandel-erhaeltlich\/#breadcrumb"},"inLanguage":"sk-SK","potentialAction":[{"@type":"ReadAction","target":["https:\/\/vapingnet.de\/vape\/lush-ice-im-randm-tornado-9000-guenstig-im-grosshandel-erhaeltlich\/"]}]},{"@type":"ImageObject","inLanguage":"sk-SK","@id":"https:\/\/vapingnet.de\/vape\/lush-ice-im-randm-tornado-9000-guenstig-im-grosshandel-erhaeltlich\/#primaryimage","url":"https:\/\/vapingnet.de\/wp-content\/uploads\/2025\/03\/randm-tornado-9000-lush-ice.webp","contentUrl":"https:\/\/vapingnet.de\/wp-content\/uploads\/2025\/03\/randm-tornado-9000-lush-ice.webp","width":1000,"height":1000,"caption":"randm-tornado-9000-lush-ice"},{"@type":"BreadcrumbList","@id":"https:\/\/vapingnet.de\/vape\/lush-ice-im-randm-tornado-9000-guenstig-im-grosshandel-erhaeltlich\/#breadcrumb","itemListElement":[{"@type":"ListItem","position":1,"name":"Home","item":"https:\/\/vapingnet.de\/"},{"@type":"ListItem","position":2,"name":"Shop","item":"https:\/\/vapingnet.de\/vape\/"},{"@type":"ListItem","position":3,"name":"Lush Ice im RandM Tornado 9000 G\u00fcnstig im Gro\u00dfhandel erh\u00e4ltlich"}]},{"@type":"WebSite","@id":"https:\/\/vapingnet.de\/#website","url":"https:\/\/vapingnet.de\/","name":"Vapingnet.de","description":"","publisher":{"@id":"https:\/\/vapingnet.de\/#organization"},"potentialAction":[{"@type":"SearchAction","target":{"@type":"EntryPoint","urlTemplate":"https:\/\/vapingnet.de\/?s={search_term_string}"},"query-input":{"@type":"PropertyValueSpecification","valueRequired":true,"valueName":"search_term_string"}}],"inLanguage":"sk-SK"},{"@type":"Organization","@id":"https:\/\/vapingnet.de\/#organization","name":"Vapingnet.de","url":"https:\/\/vapingnet.de\/","logo":{"@type":"ImageObject","inLanguage":"sk-SK","@id":"https:\/\/vapingnet.de\/#\/schema\/logo\/image\/","url":"https:\/\/vapingnet.de\/wp-content\/uploads\/2025\/03\/cropped-vapingnet.de_.jpg","contentUrl":"https:\/\/vapingnet.de\/wp-content\/uploads\/2025\/03\/cropped-vapingnet.de_.jpg","width":512,"height":512,"caption":"Vapingnet.de"},"image":{"@id":"https:\/\/vapingnet.de\/#\/schema\/logo\/image\/"},"sameAs":["https:\/\/www.facebook.com\/vapingnetde\/"]}]}},"tiered_pricing_type":"fixed","tiered_pricing_fixed_rules":{"10":"9.22","50":"8.30","110":"7.84","210":"7.38","510":"6.92","1100":"6.45"},"tiered_pricing_product_settings":{"layout":"default","base_unit_name":{"singular":null,"plural":null},"default_variation":null},"tiered_pricing_minimum_quantity":null,"tiered_pricing_roles_data":[],"tiered_pricing_percentage_rules":[],"_links":{"self":[{"href":"https:\/\/vapingnet.de\/sk\/wp-json\/wp\/v2\/product\/4997","targetHints":{"allow":["GET"]}}],"collection":[{"href":"https:\/\/vapingnet.de\/sk\/wp-json\/wp\/v2\/product"}],"about":[{"href":"https:\/\/vapingnet.de\/sk\/wp-json\/wp\/v2\/types\/product"}],"version-history":[{"count":4,"href":"https:\/\/vapingnet.de\/sk\/wp-json\/wp\/v2\/product\/4997\/revisions"}],"predecessor-version":[{"id":7226,"href":"https:\/\/vapingnet.de\/sk\/wp-json\/wp\/v2\/product\/4997\/revisions\/7226"}],"wp:featuredmedia":[{"embeddable":true,"href":"https:\/\/vapingnet.de\/sk\/wp-json\/wp\/v2\/media\/4998"}],"wp:attachment":[{"href":"https:\/\/vapingnet.de\/sk\/wp-json\/wp\/v2\/media?parent=4997"}],"wp:term":[{"taxonomy":"brand","embeddable":true,"href":"https:\/\/vapingnet.de\/sk\/wp-json\/wp\/v2\/etheme_brands?post=4997"},{"taxonomy":"product_brand","embeddable":true,"href":"https:\/\/vapingnet.de\/sk\/wp-json\/wp\/v2\/product_brand?post=4997"},{"taxonomy":"product_cat","embeddable":true,"href":"https:\/\/vapingnet.de\/sk\/wp-json\/wp\/v2\/product_cat?post=4997"},{"taxonomy":"product_tag","embeddable":true,"href":"https:\/\/vapingnet.de\/sk\/wp-json\/wp\/v2\/product_tag?post=4997"}],"curies":[{"name":"wp","href":"https:\/\/api.w.org\/{rel}","templated":true}]}}