{"id":5001,"date":"2025-03-11T07:25:03","date_gmt":"2025-03-11T07:25:03","guid":{"rendered":"https:\/\/vapingnet.de\/?post_type=product&#038;p=5001"},"modified":"2025-06-23T10:02:48","modified_gmt":"2025-06-23T10:02:48","slug":"randm-tornado-9000-hol-dir-strawberry-watermelon-zum-besten-grosshandelspreis","status":"publish","type":"product","link":"https:\/\/vapingnet.de\/sk\/vape\/randm-tornado-9000-hol-dir-strawberry-watermelon-zum-besten-grosshandelspreis\/","title":{"rendered":"RandM Tornado 9000 Z\u00edskajte Strawberry Watermelon za najlep\u0161iu ve\u013ekoobchodn\u00fa cenu"},"content":{"rendered":"<h2 data-start=\"139\" data-end=\"235\">RandM Tornado 9000 s jahodovo vodnou mel\u00f3nom \u2013 Ke\u010f sa jednorazov\u00e9 vapovanie st\u00e1va expl\u00f3ziou chuti<\/h2>\n<p data-start=\"237\" data-end=\"280\" data-immersive-translate-walked=\"dd6b1906-7691-46a6-9d51-1037fcb1b1f0\" data-immersive-translate-paragraph=\"1\">Pre\u010do v\u017edy vapova\u0165 rovnak\u00fa chu\u0165?<\/p>\n<p data-start=\"282\" data-end=\"627\" data-immersive-translate-walked=\"dd6b1906-7691-46a6-9d51-1037fcb1b1f0\" data-immersive-translate-paragraph=\"1\">Ak ste doteraz pou\u017e\u00edvali jednoduch\u00e9 jednorazov\u00e9 vaporiz\u00e9ry, je \u010das na vylep\u0161enie: RandM Tornado 9000 prin\u00e1\u0161a nielen 9000 potiahnut\u00ed, ale aj intenz\u00edvnu jahodovo vodn\u00fa mel\u00f3nov\u00fa ar\u00f3mu, ktor\u00e1 rob\u00ed rozdiel. Pri porovnan\u00ed s be\u017en\u00fdmi modelmi ukazuje toto zariadenie, \u010do modern\u00e9 vapovanie naozaj znamen\u00e1.<\/p>\n<h3 data-start=\"634\" data-end=\"683\" data-immersive-translate-paragraph=\"1\" data-immersive-translate-walked=\"dd6b1906-7691-46a6-9d51-1037fcb1b1f0\">\u010co rob\u00ed RandM Tornado 9000 tak v\u00fdnimo\u010dn\u00fdm?<\/h3>\n<p data-start=\"685\" data-end=\"753\" data-immersive-translate-walked=\"dd6b1906-7691-46a6-9d51-1037fcb1b1f0\" data-immersive-translate-paragraph=\"1\">1. Chu\u0165, ktor\u00e1 zost\u00e1va \u2013 Jahodovo vodn\u00e1 mel\u00f3n v p\u00f4vodnej podobe<\/p>\n<p data-start=\"755\" data-end=\"1022\" data-immersive-translate-walked=\"dd6b1906-7691-46a6-9d51-1037fcb1b1f0\" data-immersive-translate-paragraph=\"1\">Mnoh\u00e9 jednorazov\u00e9 vaporiz\u00e9ry str\u00e1caj\u00fa po nieko\u013ek\u00fdch sto potiahnutiach ar\u00f3mu. Pri RandM Tornado 9000 zost\u00e1va chu\u0165 kon\u0161tantn\u00e1. Kombin\u00e1cia sladkej jahody a chladivej vodnej mel\u00f3nu prin\u00e1\u0161a svie\u017eos\u0165 a ovocnos\u0165 v s\u00falade \u2013 ide\u00e1lne pre milovn\u00edkov leta a ovocia.<\/p>\n<p data-start=\"1029\" data-end=\"1100\" data-immersive-translate-walked=\"dd6b1906-7691-46a6-9d51-1037fcb1b1f0\" data-immersive-translate-paragraph=\"1\">2. Dlhodob\u00e9 vapovanie namiesto kr\u00e1tkodobej rie\u0161enia \u2013 9000 potiahnut\u00ed a 18 ml n\u00e1plne<\/p>\n<p data-start=\"1102\" data-end=\"1333\" data-immersive-translate-walked=\"dd6b1906-7691-46a6-9d51-1037fcb1b1f0\" data-immersive-translate-paragraph=\"1\">S objemom n\u00e1dr\u017ee 18 ml a v\u00fdkonnou bat\u00e9riou 850 mAh toto zariadenie poskytuje a\u017e 9000 potiahnut\u00ed \u2013 v\u00fdrazne viac ako v\u00e4\u010d\u0161ina jednorazov\u00fdch e-cigariet na trhu. Pre \u010dast\u00fdch pou\u017e\u00edvate\u013eov a v\u00edkendov\u00e9 v\u00fdlety je to jasn\u00e1 v\u00fdhoda.<\/p>\n<p data-start=\"1340\" data-end=\"1400\" data-immersive-translate-walked=\"dd6b1906-7691-46a6-9d51-1037fcb1b1f0\" data-immersive-translate-paragraph=\"1\">3. Technol\u00f3gia stret\u00e1va dizajn \u2013 Mesh-\u0161pir\u00e1lka a RGB \u0161t\u00fdl<\/p>\n<p data-start=\"1402\" data-end=\"1671\" data-immersive-translate-walked=\"dd6b1906-7691-46a6-9d51-1037fcb1b1f0\" data-immersive-translate-paragraph=\"1\">V\u010faka integrovan\u00e9mu 0,8 Ohm Mesh-\u0161pir\u00e1lke produkuje Tornado 9000 hust\u00fd, rovnomern\u00fd dym. Podporuje z\u00e1\u017eitok z vapovania farebne meniace sa RGB svetl\u00e1, ktor\u00e9 reaguj\u00fa na ka\u017ed\u00fd potiahnutie \u2013 vizu\u00e1lny doplnok pre t\u00fdch, ktor\u00ed si cen\u00ed individualitu.<\/p>\n<p data-start=\"1678\" data-end=\"1741\" data-immersive-translate-walked=\"dd6b1906-7691-46a6-9d51-1037fcb1b1f0\" data-immersive-translate-paragraph=\"1\">4. Jednoduch\u00e9 pou\u017eitie \u2013 okam\u017eite pripraven\u00e9 s nikot\u00ednom 2%<\/p>\n<p data-start=\"1743\" data-end=\"1985\" data-immersive-translate-walked=\"dd6b1906-7691-46a6-9d51-1037fcb1b1f0\" data-immersive-translate-paragraph=\"1\">\u017diadne tla\u010didl\u00e1, \u017eiadne dop\u013a\u0148anie, \u017eiadna zlo\u017eitos\u0165: Tornado 9000 je okam\u017eite pripraven\u00e9 na pou\u017eitie. S nikot\u00ednom 2% pon\u00faka pr\u00edjemn\u00fd jemn\u00fd pocit v hrdle \u2013 ide\u00e1lne pre za\u010diato\u010dn\u00edkov alebo pr\u00edle\u017eitostn\u00fdch pou\u017e\u00edvate\u013eov, ktor\u00ed chc\u00fa vychutn\u00e1va\u0165 bez n\u00e1mahy.<\/p>\n<h3 data-start=\"1992\" data-end=\"2054\" data-immersive-translate-walked=\"dd6b1906-7691-46a6-9d51-1037fcb1b1f0\" data-immersive-translate-paragraph=\"1\">Pr\u00edklady pou\u017eitia: Kto profitova\u0165 z RandM Tornado 9000?<\/h3>\n<ul data-start=\"2056\" data-end=\"2424\" data-immersive-translate-walked=\"dd6b1906-7691-46a6-9d51-1037fcb1b1f0\">\n<li data-start=\"2056\" data-end=\"2129\" data-immersive-translate-walked=\"dd6b1906-7691-46a6-9d51-1037fcb1b1f0\">\n<p data-start=\"2058\" data-end=\"2129\" data-immersive-translate-walked=\"dd6b1906-7691-46a6-9d51-1037fcb1b1f0\" data-immersive-translate-paragraph=\"1\">Na cest\u00e1ch: \u017diadny nab\u00edja\u010d? \u017diadny probl\u00e9m \u2013 bat\u00e9ria vydr\u017e\u00ed cel\u00e9 dni.<\/p>\n<\/li>\n<li data-start=\"2130\" data-end=\"2220\" data-immersive-translate-walked=\"dd6b1906-7691-46a6-9d51-1037fcb1b1f0\">\n<p data-start=\"2132\" data-end=\"2220\" data-immersive-translate-walked=\"dd6b1906-7691-46a6-9d51-1037fcb1b1f0\" data-immersive-translate-paragraph=\"1\">V letnej dovolenke: Ovocn\u00e1 chu\u0165 + dlh\u00e1 v\u00fddr\u017e = dokonal\u00fd spolo\u010dn\u00edk na cest\u00e1ch.<\/p>\n<\/li>\n<li data-start=\"2221\" data-end=\"2318\" data-immersive-translate-walked=\"dd6b1906-7691-46a6-9d51-1037fcb1b1f0\">\n<p data-start=\"2223\" data-end=\"2318\" data-immersive-translate-walked=\"dd6b1906-7691-46a6-9d51-1037fcb1b1f0\" data-immersive-translate-paragraph=\"1\">V be\u017enom dni: Jednoduch\u00e9 ovl\u00e1danie, r\u00fdchla pripravenos\u0165 \u2013 \u017eiadny stres v kancel\u00e1rii alebo v kaviarni.<\/p>\n<\/li>\n<li data-start=\"2319\" data-end=\"2424\" data-immersive-translate-walked=\"dd6b1906-7691-46a6-9d51-1037fcb1b1f0\">\n<p data-start=\"2321\" data-end=\"2424\" data-immersive-translate-walked=\"dd6b1906-7691-46a6-9d51-1037fcb1b1f0\" data-immersive-translate-paragraph=\"1\">Ako dar\u010dek: S chu\u0165ou, \u0161t\u00fdlom a v\u00fddr\u017eou tento model presved\u010d\u00ed aj n\u00e1ro\u010dn\u00fdch vapistov.<\/p>\n<\/li>\n<\/ul>\n<h4 data-start=\"2431\" data-end=\"2464\" data-immersive-translate-walked=\"dd6b1906-7691-46a6-9d51-1037fcb1b1f0\" data-immersive-translate-paragraph=\"1\">Stoj\u00ed za to prejs\u0165 na nov\u00fd model?<\/h4>\n<p data-start=\"2466\" data-end=\"2716\" data-immersive-translate-walked=\"dd6b1906-7691-46a6-9d51-1037fcb1b1f0\" data-immersive-translate-paragraph=\"1\">\u00c1no \u2013 \u00faplne.<br data-start=\"2483\" data-end=\"2486\" data-immersive-translate-walked=\"dd6b1906-7691-46a6-9d51-1037fcb1b1f0\" \/>RandM Tornado 9000 je d\u00f4sledn\u00fdm pokra\u010dovan\u00edm jednorazovej e-cigarety: odolnej\u0161\u00ed, chutnej\u0161\u00ed, pou\u017e\u00edvate\u013esky pr\u00edvetivej\u0161\u00ed. Obzvl\u00e1\u0161\u0165 jahodovo vodn\u00e1 mel\u00f3nov\u00e1 chu\u0165 ho v\u00fdrazne odli\u0161uje od \u0161tandardn\u00fdch produktov.<\/p>\n<h4 data-start=\"2723\" data-end=\"2775\" data-immersive-translate-walked=\"dd6b1906-7691-46a6-9d51-1037fcb1b1f0\" data-immersive-translate-paragraph=\"1\">Objednajte teraz a za\u017eite Strawberry Watermelon<\/h4>\n<p data-start=\"2777\" data-end=\"3014\" data-immersive-translate-walked=\"dd6b1906-7691-46a6-9d51-1037fcb1b1f0\" data-immersive-translate-paragraph=\"1\">Nav\u0161t\u00edvte vapingnet.de, aby ste si k\u00fapili RandM Tornado 9000 s pr\u00edchu\u0165ou Strawberry Watermelon. Vyu\u017eite r\u00fdchle doru\u010denie z Deutschland a u\u017e\u00edvajte si zariadenie, ktor\u00e9 nesklame.<\/p>\n<p data-start=\"3016\" data-end=\"3092\" data-immersive-translate-walked=\"dd6b1906-7691-46a6-9d51-1037fcb1b1f0\">RandM Tornado 9000 \u2013 Ke\u010f sa stret\u00e1vaj\u00fa sladkos\u0165, \u010derstvos\u0165 a v\u00fdkon.<\/p>","protected":false},"excerpt":{"rendered":"<p>Vysoko kvalitn\u00e9 elektronick\u00e9 cigarety\ud83d\udd25, odoslan\u00e9 priamo zo skladu v Br\u00e9mach, doru\u010denie do 2-4 dn\u00ed!<\/p>","protected":false},"featured_media":5002,"template":"","meta":[],"etheme_brands":[],"product_brand":[96],"product_cat":[52,59,49,61],"product_tag":[],"class_list":{"0":"post-5001","1":"product","2":"type-product","3":"status-publish","4":"has-post-thumbnail","6":"product_brand-randm-vape","7":"product_cat-vape-9000-zuege","8":"product_cat-de","9":"product_cat-einweg-e-zigarette","10":"product_cat-f","12":"first","13":"instock","14":"shipping-taxable","15":"purchasable","16":"product-type-simple"},"yoast_head":"<!-- This site is optimized with the Yoast SEO plugin v26.5 - https:\/\/yoast.com\/wordpress\/plugins\/seo\/ -->\n<title>Vape mit Mesh-Coil &amp; Erdbeer-Wassermelone \u2013 RandM 9000<\/title>\n<meta name=\"description\" content=\"Jetzt RandM Tornado 9000 entdecken: Einweg E-Zigarette mit 9000 Z\u00fcgen, Mesh-Coil &amp; fruchtigem Strawberry Watermelon Geschmack. Versand aus Deutschland.\" \/>\n<meta name=\"robots\" content=\"index, follow, max-snippet:-1, max-image-preview:large, max-video-preview:-1\" \/>\n<link rel=\"canonical\" href=\"https:\/\/vapingnet.de\/sk\/vape\/randm-tornado-9000-hol-dir-strawberry-watermelon-zum-besten-grosshandelspreis\/\" \/>\n<meta property=\"og:locale\" content=\"sk_SK\" \/>\n<meta property=\"og:type\" content=\"article\" \/>\n<meta property=\"og:title\" content=\"Vape mit Mesh-Coil &amp; Erdbeer-Wassermelone \u2013 RandM 9000\" \/>\n<meta property=\"og:description\" content=\"Jetzt RandM Tornado 9000 entdecken: Einweg E-Zigarette mit 9000 Z\u00fcgen, Mesh-Coil &amp; fruchtigem Strawberry Watermelon Geschmack. Versand aus Deutschland.\" \/>\n<meta property=\"og:url\" content=\"https:\/\/vapingnet.de\/sk\/vape\/randm-tornado-9000-hol-dir-strawberry-watermelon-zum-besten-grosshandelspreis\/\" \/>\n<meta property=\"og:site_name\" content=\"Vapingnet.de\" \/>\n<meta property=\"article:publisher\" content=\"https:\/\/www.facebook.com\/vapingnetde\/\" \/>\n<meta property=\"article:modified_time\" content=\"2025-06-23T10:02:48+00:00\" \/>\n<meta property=\"og:image\" content=\"https:\/\/vapingnet.de\/wp-content\/uploads\/2025\/03\/randm_tornado_9000_strawberrywatermelon.webp\" \/>\n\t<meta property=\"og:image:width\" content=\"1000\" \/>\n\t<meta property=\"og:image:height\" content=\"1000\" \/>\n\t<meta property=\"og:image:type\" content=\"image\/webp\" \/>\n<meta name=\"twitter:card\" content=\"summary_large_image\" \/>\n<meta name=\"twitter:label1\" content=\"Est. reading time\" \/>\n\t<meta name=\"twitter:data1\" content=\"3 minutes\" \/>\n<script type=\"application\/ld+json\" class=\"yoast-schema-graph\">{\"@context\":\"https:\/\/schema.org\",\"@graph\":[{\"@type\":\"WebPage\",\"@id\":\"https:\/\/vapingnet.de\/vape\/randm-tornado-9000-hol-dir-strawberry-watermelon-zum-besten-grosshandelspreis\/\",\"url\":\"https:\/\/vapingnet.de\/vape\/randm-tornado-9000-hol-dir-strawberry-watermelon-zum-besten-grosshandelspreis\/\",\"name\":\"Vape mit Mesh-Coil & Erdbeer-Wassermelone \u2013 RandM 9000\",\"isPartOf\":{\"@id\":\"https:\/\/vapingnet.de\/#website\"},\"primaryImageOfPage\":{\"@id\":\"https:\/\/vapingnet.de\/vape\/randm-tornado-9000-hol-dir-strawberry-watermelon-zum-besten-grosshandelspreis\/#primaryimage\"},\"image\":{\"@id\":\"https:\/\/vapingnet.de\/vape\/randm-tornado-9000-hol-dir-strawberry-watermelon-zum-besten-grosshandelspreis\/#primaryimage\"},\"thumbnailUrl\":\"https:\/\/vapingnet.de\/wp-content\/uploads\/2025\/03\/randm_tornado_9000_strawberrywatermelon.webp\",\"datePublished\":\"2025-03-11T07:25:03+00:00\",\"dateModified\":\"2025-06-23T10:02:48+00:00\",\"description\":\"Jetzt RandM Tornado 9000 entdecken: Einweg E-Zigarette mit 9000 Z\u00fcgen, Mesh-Coil & fruchtigem Strawberry Watermelon Geschmack. Versand aus Deutschland.\",\"breadcrumb\":{\"@id\":\"https:\/\/vapingnet.de\/vape\/randm-tornado-9000-hol-dir-strawberry-watermelon-zum-besten-grosshandelspreis\/#breadcrumb\"},\"inLanguage\":\"sk-SK\",\"potentialAction\":[{\"@type\":\"ReadAction\",\"target\":[\"https:\/\/vapingnet.de\/vape\/randm-tornado-9000-hol-dir-strawberry-watermelon-zum-besten-grosshandelspreis\/\"]}]},{\"@type\":\"ImageObject\",\"inLanguage\":\"sk-SK\",\"@id\":\"https:\/\/vapingnet.de\/vape\/randm-tornado-9000-hol-dir-strawberry-watermelon-zum-besten-grosshandelspreis\/#primaryimage\",\"url\":\"https:\/\/vapingnet.de\/wp-content\/uploads\/2025\/03\/randm_tornado_9000_strawberrywatermelon.webp\",\"contentUrl\":\"https:\/\/vapingnet.de\/wp-content\/uploads\/2025\/03\/randm_tornado_9000_strawberrywatermelon.webp\",\"width\":1000,\"height\":1000,\"caption\":\"randm_tornado_9000_strawberrywatermelon\"},{\"@type\":\"BreadcrumbList\",\"@id\":\"https:\/\/vapingnet.de\/vape\/randm-tornado-9000-hol-dir-strawberry-watermelon-zum-besten-grosshandelspreis\/#breadcrumb\",\"itemListElement\":[{\"@type\":\"ListItem\",\"position\":1,\"name\":\"Home\",\"item\":\"https:\/\/vapingnet.de\/\"},{\"@type\":\"ListItem\",\"position\":2,\"name\":\"Shop\",\"item\":\"https:\/\/vapingnet.de\/vape\/\"},{\"@type\":\"ListItem\",\"position\":3,\"name\":\"RandM Tornado 9000 Hol dir Strawberry Watermelon zum besten Gro\u00dfhandelspreis\"}]},{\"@type\":\"WebSite\",\"@id\":\"https:\/\/vapingnet.de\/#website\",\"url\":\"https:\/\/vapingnet.de\/\",\"name\":\"Vapingnet.de\",\"description\":\"\",\"publisher\":{\"@id\":\"https:\/\/vapingnet.de\/#organization\"},\"potentialAction\":[{\"@type\":\"SearchAction\",\"target\":{\"@type\":\"EntryPoint\",\"urlTemplate\":\"https:\/\/vapingnet.de\/?s={search_term_string}\"},\"query-input\":{\"@type\":\"PropertyValueSpecification\",\"valueRequired\":true,\"valueName\":\"search_term_string\"}}],\"inLanguage\":\"sk-SK\"},{\"@type\":\"Organization\",\"@id\":\"https:\/\/vapingnet.de\/#organization\",\"name\":\"Vapingnet.de\",\"url\":\"https:\/\/vapingnet.de\/\",\"logo\":{\"@type\":\"ImageObject\",\"inLanguage\":\"sk-SK\",\"@id\":\"https:\/\/vapingnet.de\/#\/schema\/logo\/image\/\",\"url\":\"https:\/\/vapingnet.de\/wp-content\/uploads\/2025\/03\/cropped-vapingnet.de_.jpg\",\"contentUrl\":\"https:\/\/vapingnet.de\/wp-content\/uploads\/2025\/03\/cropped-vapingnet.de_.jpg\",\"width\":512,\"height\":512,\"caption\":\"Vapingnet.de\"},\"image\":{\"@id\":\"https:\/\/vapingnet.de\/#\/schema\/logo\/image\/\"},\"sameAs\":[\"https:\/\/www.facebook.com\/vapingnetde\/\"]}]}<\/script>\n<!-- \/ Yoast SEO plugin. -->","yoast_head_json":{"title":"Vape mit Mesh-Coil & Erdbeer-Wassermelone \u2013 RandM 9000","description":"Jetzt RandM Tornado 9000 entdecken: Einweg E-Zigarette mit 9000 Z\u00fcgen, Mesh-Coil & fruchtigem Strawberry Watermelon Geschmack. Versand aus Deutschland.","robots":{"index":"index","follow":"follow","max-snippet":"max-snippet:-1","max-image-preview":"max-image-preview:large","max-video-preview":"max-video-preview:-1"},"canonical":"https:\/\/vapingnet.de\/sk\/vape\/randm-tornado-9000-hol-dir-strawberry-watermelon-zum-besten-grosshandelspreis\/","og_locale":"sk_SK","og_type":"article","og_title":"Vape mit Mesh-Coil & Erdbeer-Wassermelone \u2013 RandM 9000","og_description":"Jetzt RandM Tornado 9000 entdecken: Einweg E-Zigarette mit 9000 Z\u00fcgen, Mesh-Coil & fruchtigem Strawberry Watermelon Geschmack. Versand aus Deutschland.","og_url":"https:\/\/vapingnet.de\/sk\/vape\/randm-tornado-9000-hol-dir-strawberry-watermelon-zum-besten-grosshandelspreis\/","og_site_name":"Vapingnet.de","article_publisher":"https:\/\/www.facebook.com\/vapingnetde\/","article_modified_time":"2025-06-23T10:02:48+00:00","og_image":[{"width":1000,"height":1000,"url":"https:\/\/vapingnet.de\/wp-content\/uploads\/2025\/03\/randm_tornado_9000_strawberrywatermelon.webp","type":"image\/webp"}],"twitter_card":"summary_large_image","twitter_misc":{"Est. reading time":"3 minutes"},"schema":{"@context":"https:\/\/schema.org","@graph":[{"@type":"WebPage","@id":"https:\/\/vapingnet.de\/vape\/randm-tornado-9000-hol-dir-strawberry-watermelon-zum-besten-grosshandelspreis\/","url":"https:\/\/vapingnet.de\/vape\/randm-tornado-9000-hol-dir-strawberry-watermelon-zum-besten-grosshandelspreis\/","name":"Vape mit Mesh-Coil & Erdbeer-Wassermelone \u2013 RandM 9000","isPartOf":{"@id":"https:\/\/vapingnet.de\/#website"},"primaryImageOfPage":{"@id":"https:\/\/vapingnet.de\/vape\/randm-tornado-9000-hol-dir-strawberry-watermelon-zum-besten-grosshandelspreis\/#primaryimage"},"image":{"@id":"https:\/\/vapingnet.de\/vape\/randm-tornado-9000-hol-dir-strawberry-watermelon-zum-besten-grosshandelspreis\/#primaryimage"},"thumbnailUrl":"https:\/\/vapingnet.de\/wp-content\/uploads\/2025\/03\/randm_tornado_9000_strawberrywatermelon.webp","datePublished":"2025-03-11T07:25:03+00:00","dateModified":"2025-06-23T10:02:48+00:00","description":"Jetzt RandM Tornado 9000 entdecken: Einweg E-Zigarette mit 9000 Z\u00fcgen, Mesh-Coil & fruchtigem Strawberry Watermelon Geschmack. Versand aus Deutschland.","breadcrumb":{"@id":"https:\/\/vapingnet.de\/vape\/randm-tornado-9000-hol-dir-strawberry-watermelon-zum-besten-grosshandelspreis\/#breadcrumb"},"inLanguage":"sk-SK","potentialAction":[{"@type":"ReadAction","target":["https:\/\/vapingnet.de\/vape\/randm-tornado-9000-hol-dir-strawberry-watermelon-zum-besten-grosshandelspreis\/"]}]},{"@type":"ImageObject","inLanguage":"sk-SK","@id":"https:\/\/vapingnet.de\/vape\/randm-tornado-9000-hol-dir-strawberry-watermelon-zum-besten-grosshandelspreis\/#primaryimage","url":"https:\/\/vapingnet.de\/wp-content\/uploads\/2025\/03\/randm_tornado_9000_strawberrywatermelon.webp","contentUrl":"https:\/\/vapingnet.de\/wp-content\/uploads\/2025\/03\/randm_tornado_9000_strawberrywatermelon.webp","width":1000,"height":1000,"caption":"randm_tornado_9000_strawberrywatermelon"},{"@type":"BreadcrumbList","@id":"https:\/\/vapingnet.de\/vape\/randm-tornado-9000-hol-dir-strawberry-watermelon-zum-besten-grosshandelspreis\/#breadcrumb","itemListElement":[{"@type":"ListItem","position":1,"name":"Home","item":"https:\/\/vapingnet.de\/"},{"@type":"ListItem","position":2,"name":"Shop","item":"https:\/\/vapingnet.de\/vape\/"},{"@type":"ListItem","position":3,"name":"RandM Tornado 9000 Hol dir Strawberry Watermelon zum besten Gro\u00dfhandelspreis"}]},{"@type":"WebSite","@id":"https:\/\/vapingnet.de\/#website","url":"https:\/\/vapingnet.de\/","name":"Vapingnet.de","description":"","publisher":{"@id":"https:\/\/vapingnet.de\/#organization"},"potentialAction":[{"@type":"SearchAction","target":{"@type":"EntryPoint","urlTemplate":"https:\/\/vapingnet.de\/?s={search_term_string}"},"query-input":{"@type":"PropertyValueSpecification","valueRequired":true,"valueName":"search_term_string"}}],"inLanguage":"sk-SK"},{"@type":"Organization","@id":"https:\/\/vapingnet.de\/#organization","name":"Vapingnet.de","url":"https:\/\/vapingnet.de\/","logo":{"@type":"ImageObject","inLanguage":"sk-SK","@id":"https:\/\/vapingnet.de\/#\/schema\/logo\/image\/","url":"https:\/\/vapingnet.de\/wp-content\/uploads\/2025\/03\/cropped-vapingnet.de_.jpg","contentUrl":"https:\/\/vapingnet.de\/wp-content\/uploads\/2025\/03\/cropped-vapingnet.de_.jpg","width":512,"height":512,"caption":"Vapingnet.de"},"image":{"@id":"https:\/\/vapingnet.de\/#\/schema\/logo\/image\/"},"sameAs":["https:\/\/www.facebook.com\/vapingnetde\/"]}]}},"tiered_pricing_type":"fixed","tiered_pricing_fixed_rules":{"10":"9.22","50":"8.30","110":"7.84","210":"7.38","510":"6.92","1100":"6.45"},"tiered_pricing_product_settings":{"layout":"default","base_unit_name":{"singular":null,"plural":null},"default_variation":null},"tiered_pricing_minimum_quantity":null,"tiered_pricing_roles_data":[],"tiered_pricing_percentage_rules":[],"_links":{"self":[{"href":"https:\/\/vapingnet.de\/sk\/wp-json\/wp\/v2\/product\/5001","targetHints":{"allow":["GET"]}}],"collection":[{"href":"https:\/\/vapingnet.de\/sk\/wp-json\/wp\/v2\/product"}],"about":[{"href":"https:\/\/vapingnet.de\/sk\/wp-json\/wp\/v2\/types\/product"}],"version-history":[{"count":4,"href":"https:\/\/vapingnet.de\/sk\/wp-json\/wp\/v2\/product\/5001\/revisions"}],"predecessor-version":[{"id":7228,"href":"https:\/\/vapingnet.de\/sk\/wp-json\/wp\/v2\/product\/5001\/revisions\/7228"}],"wp:featuredmedia":[{"embeddable":true,"href":"https:\/\/vapingnet.de\/sk\/wp-json\/wp\/v2\/media\/5002"}],"wp:attachment":[{"href":"https:\/\/vapingnet.de\/sk\/wp-json\/wp\/v2\/media?parent=5001"}],"wp:term":[{"taxonomy":"brand","embeddable":true,"href":"https:\/\/vapingnet.de\/sk\/wp-json\/wp\/v2\/etheme_brands?post=5001"},{"taxonomy":"product_brand","embeddable":true,"href":"https:\/\/vapingnet.de\/sk\/wp-json\/wp\/v2\/product_brand?post=5001"},{"taxonomy":"product_cat","embeddable":true,"href":"https:\/\/vapingnet.de\/sk\/wp-json\/wp\/v2\/product_cat?post=5001"},{"taxonomy":"product_tag","embeddable":true,"href":"https:\/\/vapingnet.de\/sk\/wp-json\/wp\/v2\/product_tag?post=5001"}],"curies":[{"name":"wp","href":"https:\/\/api.w.org\/{rel}","templated":true}]}}