{"id":5005,"date":"2025-03-11T07:32:49","date_gmt":"2025-03-11T07:32:49","guid":{"rendered":"https:\/\/vapingnet.de\/?post_type=product&#038;p=5005"},"modified":"2025-06-23T10:12:47","modified_gmt":"2025-06-23T10:12:47","slug":"randm-tornado-9000-vimto-direkt-ab-werk-zu-top-preisen","status":"publish","type":"product","link":"https:\/\/vapingnet.de\/sk\/vape\/randm-tornado-9000-vimto-direkt-ab-werk-zu-top-preisen\/","title":{"rendered":"RandM Tornado 9000 VimTo priamo z v\u00fdrobn\u00e9ho z\u00e1vodu za top ceny"},"content":{"rendered":"<h2 data-start=\"75\" data-end=\"161\">RandM Tornado 9000 E-\u017euva\u010dka \u2013 V\u00fdkonn\u00fd jednorazov\u00fd vaporiz\u00e9r s inovat\u00edvnym dizajnom<\/h2>\n<p data-start=\"200\" data-end=\"545\" data-immersive-translate-walked=\"a55bea22-ed02-4d26-9682-3e039c178440\" data-immersive-translate-paragraph=\"1\">RandM Tornado 9000 je modern\u00fd <a href=\"https:\/\/vapingnet.de\/sk\/k\/einweg-e-zigarette\/\" target=\"_blank\" rel=\"noopener\"><strong>Jednorazov\u00e1 elektronick\u00e1 cigareta<\/strong><\/a>, ktor\u00fd s ve\u013ek\u00fdm 18 ml n\u00e1dr\u017ekou a v\u00fdkonn\u00fdm 850 mAh bat\u00e9riou (dob\u00edjate\u013enou cez Type-C) umo\u017e\u0148uje a\u017e 9 000 potiahnut\u00ed. Pr\u00edstroj presvied\u010da nielen dlhodobou prev\u00e1dzkou, ale aj jedine\u010dn\u00fdm dizajnom s dynamick\u00fdmi RGB sveteln\u00fdmi efektmi, ktor\u00e9 pri ka\u017edom potiahnut\u00ed menia farbu.<\/p>\n<h4 data-start=\"552\" data-end=\"589\" data-immersive-translate-walked=\"a55bea22-ed02-4d26-9682-3e039c178440\" data-immersive-translate-paragraph=\"1\">Najd\u00f4le\u017eitej\u0161ie funkcie podrobne<\/h4>\n<ul>\n<li data-start=\"591\" data-end=\"637\" data-immersive-translate-walked=\"a55bea22-ed02-4d26-9682-3e039c178440\" data-immersive-translate-paragraph=\"1\">V\u00fdkonn\u00e1 bat\u00e9ria a vysok\u00e1 kapacita<br \/>\nS bat\u00e9riou 850 mAh a objemom n\u00e1plne 18 ml v\u00e1m poskytne dlh\u00e9 vapingov\u00e9 z\u00e1\u017eitky. R\u00fdchle nab\u00edjanie cez Type-C, 5 a\u017e 15 min\u00fat nab\u00edjania je dostato\u010dn\u00fdch na to, aby bol pr\u00edstroj pripraven\u00fd na 1 a\u017e 2 t\u00fd\u017edne pou\u017e\u00edvania.<\/li>\n<li data-start=\"870\" data-end=\"916\" data-immersive-translate-walked=\"a55bea22-ed02-4d26-9682-3e039c178440\" data-immersive-translate-paragraph=\"1\">Inovat\u00edvny dizajn s RGB sveteln\u00fdmi efektmi<br \/>\nDizajn sa in\u0161piruje estetikou mimozem\u0161\u0165anov z anim\u00e1cie Mars Attack. Farebn\u00e9 RGB LED di\u00f3dy reaguj\u00fa na ka\u017ed\u00fd potiahnutie a robia vapovanie vizu\u00e1lnym z\u00e1\u017eitkom.<\/li>\n<li data-start=\"1098\" data-end=\"1128\" data-immersive-translate-walked=\"a55bea22-ed02-4d26-9682-3e039c178440\" data-immersive-translate-paragraph=\"1\">Chu\u0165ov\u00fd z\u00e1\u017eitok VimTo<br \/>\nKombin\u00e1cia sladk\u00fdch hrozienok, \u0161\u0165avnatej limetky a \u010derstv\u00e9ho m\u00e4tov\u00e9ho n\u00e1dychu zabezpe\u010duje nezamenite\u013en\u00fa ar\u00f3mu. Technol\u00f3gia mesh cievky 0,8 ohm zaru\u010duje hust\u00fd, aromatick\u00fd dym.<\/li>\n<li data-start=\"1331\" data-end=\"1355\" data-immersive-translate-walked=\"a55bea22-ed02-4d26-9682-3e039c178440\" data-immersive-translate-paragraph=\"1\">Jednoduch\u00e9 ovl\u00e1danie<br \/>\nAktiv\u00e1cia potiahnut\u00edm funguje bez tla\u010didiel. Nastavite\u013en\u00e1 pr\u00edvod vzduchu umo\u017e\u0148uje ka\u017ed\u00e9mu pou\u017e\u00edvate\u013eovi individu\u00e1lne prisp\u00f4sobi\u0165 mno\u017estvo dymu. Stredn\u00e1 koncentr\u00e1cia nikot\u00ednu 2% zabezpe\u010duje pr\u00edjemn\u00e9 a jemn\u00e9 uspokojenie.<\/li>\n<\/ul>\n<h3 data-start=\"1577\" data-end=\"1623\" data-immersive-translate-walked=\"a55bea22-ed02-4d26-9682-3e039c178440\" data-immersive-translate-paragraph=\"1\">Pre koho je ur\u010den\u00fd RandM Tornado 9000?<\/h3>\n<ul data-start=\"1625\" data-end=\"1881\" data-immersive-translate-walked=\"a55bea22-ed02-4d26-9682-3e039c178440\">\n<li data-start=\"1625\" data-end=\"1681\" data-immersive-translate-walked=\"a55bea22-ed02-4d26-9682-3e039c178440\">\n<p data-start=\"1627\" data-end=\"1681\" data-immersive-translate-walked=\"a55bea22-ed02-4d26-9682-3e039c178440\" data-immersive-translate-paragraph=\"1\">Za\u010diato\u010dn\u00edci v vapovan\u00ed, ktor\u00ed h\u013eadaj\u00fa jednoduch\u00fd p\u00f4\u017eitok<\/p>\n<\/li>\n<li data-start=\"1682\" data-end=\"1755\" data-immersive-translate-walked=\"a55bea22-ed02-4d26-9682-3e039c178440\">\n<p data-start=\"1684\" data-end=\"1755\" data-immersive-translate-walked=\"a55bea22-ed02-4d26-9682-3e039c178440\" data-immersive-translate-paragraph=\"1\">Pou\u017e\u00edvatelia, ktor\u00ed klad\u00fa d\u00f4raz na dlh\u00fa v\u00fddr\u017e bat\u00e9rie a ve\u013ek\u00fa kapacitu n\u00e1plne<\/p>\n<\/li>\n<li data-start=\"1756\" data-end=\"1819\" data-immersive-translate-walked=\"a55bea22-ed02-4d26-9682-3e039c178440\">\n<p data-start=\"1758\" data-end=\"1819\" data-immersive-translate-walked=\"a55bea22-ed02-4d26-9682-3e039c178440\" data-immersive-translate-paragraph=\"1\">Milovn\u00edci dizajnu, ktor\u00ed radi vynikn\u00fa \u0161t\u00fdlov\u00fdmi zariadeniami<\/p>\n<\/li>\n<li data-start=\"1820\" data-end=\"1881\" data-immersive-translate-walked=\"a55bea22-ed02-4d26-9682-3e039c178440\">\n<p data-start=\"1822\" data-end=\"1881\" data-immersive-translate-walked=\"a55bea22-ed02-4d26-9682-3e039c178440\" data-immersive-translate-paragraph=\"1\">\u013dudia, ktor\u00ed h\u013eadaj\u00fa zariadenie na cestovanie a na cesty<\/p>\n<\/li>\n<\/ul>\n<h4 data-start=\"1888\" data-end=\"1935\" data-immersive-translate-walked=\"a55bea22-ed02-4d26-9682-3e039c178440\" data-immersive-translate-paragraph=\"1\">Kde a ako objedna\u0165 RandM Tornado 9000?<\/h4>\n<p data-start=\"1937\" data-end=\"2180\" data-immersive-translate-walked=\"a55bea22-ed02-4d26-9682-3e039c178440\" data-immersive-translate-paragraph=\"1\">Ten <a href=\"https:\/\/vapingnet.de\/sk\/randm-tornado-9000\/\" target=\"_blank\" rel=\"noopener\"><strong>RandM Tornado 9000<\/strong><\/a> je exkluz\u00edvne dostupn\u00fd u vapingnet.de. Tam profitujete z r\u00fdchlej dod\u00e1vky z Deutschland a profesion\u00e1lneho z\u00e1kazn\u00edckeho servisu. Pr\u00edstroj je okam\u017eite pripraven\u00fd na pou\u017eitie \u2013 sta\u010d\u00ed objedna\u0165, nabi\u0165 a u\u017e\u00edva\u0165 si.<\/p>\n<h4 data-start=\"2187\" data-end=\"2274\" data-immersive-translate-walked=\"a55bea22-ed02-4d26-9682-3e039c178440\" data-immersive-translate-paragraph=\"1\">RandM Tornado 9000 \u2013 Kombin\u00e1cia v\u00fdkonu, chuti a \u0161t\u00fdlu<\/h4>\n<p data-start=\"2276\" data-end=\"2481\" data-immersive-translate-walked=\"a55bea22-ed02-4d26-9682-3e039c178440\" data-immersive-translate-paragraph=\"1\">S dlhotrvaj\u00facim akumul\u00e1torom, ve\u013ek\u00fdm tankom na liquid, p\u00f4sobiv\u00fdm dizajnom a intenz\u00edvnou chu\u0165ou VimTo je RandM Tornado 9000 ide\u00e1lnou vo\u013ebou pre v\u0161etk\u00fdch, ktor\u00ed chc\u00fa posun\u00fa\u0165 jednorazov\u00e9 vaporiz\u00e9ry na nov\u00fa \u00farove\u0148.<\/p>","protected":false},"excerpt":{"rendered":"<p>Vysoko kvalitn\u00e9 elektronick\u00e9 cigarety\ud83d\udd25, odoslan\u00e9 priamo zo skladu v Br\u00e9mach, doru\u010denie do 2-4 dn\u00ed!<\/p>","protected":false},"featured_media":5006,"template":"","meta":[],"etheme_brands":[],"product_brand":[96],"product_cat":[52,59,49,61],"product_tag":[],"class_list":{"0":"post-5005","1":"product","2":"type-product","3":"status-publish","4":"has-post-thumbnail","6":"product_brand-randm-vape","7":"product_cat-vape-9000-zuege","8":"product_cat-de","9":"product_cat-einweg-e-zigarette","10":"product_cat-f","12":"first","13":"instock","14":"shipping-taxable","15":"purchasable","16":"product-type-simple"},"yoast_head":"<!-- This site is optimized with the Yoast SEO plugin v26.5 - https:\/\/yoast.com\/wordpress\/plugins\/seo\/ -->\n<title>RandM Tornado 9000 \u2013 Einweg E-Zigarette mit gro\u00dfer Liquidkapazit\u00e4t<\/title>\n<meta name=\"description\" content=\"Entdecken Sie die RandM Tornado 9000 mit bis zu 9000 Z\u00fcgen, 18ml Liquid und starkem 850mAh Akku. Frischer Geschmack und modernes Design bei vapingnet.de.\" \/>\n<meta name=\"robots\" content=\"index, follow, max-snippet:-1, max-image-preview:large, max-video-preview:-1\" \/>\n<link rel=\"canonical\" href=\"https:\/\/vapingnet.de\/sk\/vape\/randm-tornado-9000-vimto-direkt-ab-werk-zu-top-preisen\/\" \/>\n<meta property=\"og:locale\" content=\"sk_SK\" \/>\n<meta property=\"og:type\" content=\"article\" \/>\n<meta property=\"og:title\" content=\"RandM Tornado 9000 \u2013 Einweg E-Zigarette mit gro\u00dfer Liquidkapazit\u00e4t\" \/>\n<meta property=\"og:description\" content=\"Entdecken Sie die RandM Tornado 9000 mit bis zu 9000 Z\u00fcgen, 18ml Liquid und starkem 850mAh Akku. Frischer Geschmack und modernes Design bei vapingnet.de.\" \/>\n<meta property=\"og:url\" content=\"https:\/\/vapingnet.de\/sk\/vape\/randm-tornado-9000-vimto-direkt-ab-werk-zu-top-preisen\/\" \/>\n<meta property=\"og:site_name\" content=\"Vapingnet.de\" \/>\n<meta property=\"article:publisher\" content=\"https:\/\/www.facebook.com\/vapingnetde\/\" \/>\n<meta property=\"article:modified_time\" content=\"2025-06-23T10:12:47+00:00\" \/>\n<meta property=\"og:image\" content=\"https:\/\/vapingnet.de\/wp-content\/uploads\/2025\/03\/randm_tornado_9000_vimto.webp\" \/>\n\t<meta property=\"og:image:width\" content=\"1000\" \/>\n\t<meta property=\"og:image:height\" content=\"955\" \/>\n\t<meta property=\"og:image:type\" content=\"image\/webp\" \/>\n<meta name=\"twitter:card\" content=\"summary_large_image\" \/>\n<meta name=\"twitter:label1\" content=\"Est. reading time\" \/>\n\t<meta name=\"twitter:data1\" content=\"2 minutes\" \/>\n<script type=\"application\/ld+json\" class=\"yoast-schema-graph\">{\"@context\":\"https:\/\/schema.org\",\"@graph\":[{\"@type\":\"WebPage\",\"@id\":\"https:\/\/vapingnet.de\/vape\/randm-tornado-9000-vimto-direkt-ab-werk-zu-top-preisen\/\",\"url\":\"https:\/\/vapingnet.de\/vape\/randm-tornado-9000-vimto-direkt-ab-werk-zu-top-preisen\/\",\"name\":\"RandM Tornado 9000 \u2013 Einweg E-Zigarette mit gro\u00dfer Liquidkapazit\u00e4t\",\"isPartOf\":{\"@id\":\"https:\/\/vapingnet.de\/#website\"},\"primaryImageOfPage\":{\"@id\":\"https:\/\/vapingnet.de\/vape\/randm-tornado-9000-vimto-direkt-ab-werk-zu-top-preisen\/#primaryimage\"},\"image\":{\"@id\":\"https:\/\/vapingnet.de\/vape\/randm-tornado-9000-vimto-direkt-ab-werk-zu-top-preisen\/#primaryimage\"},\"thumbnailUrl\":\"https:\/\/vapingnet.de\/wp-content\/uploads\/2025\/03\/randm_tornado_9000_vimto.webp\",\"datePublished\":\"2025-03-11T07:32:49+00:00\",\"dateModified\":\"2025-06-23T10:12:47+00:00\",\"description\":\"Entdecken Sie die RandM Tornado 9000 mit bis zu 9000 Z\u00fcgen, 18ml Liquid und starkem 850mAh Akku. Frischer Geschmack und modernes Design bei vapingnet.de.\",\"breadcrumb\":{\"@id\":\"https:\/\/vapingnet.de\/vape\/randm-tornado-9000-vimto-direkt-ab-werk-zu-top-preisen\/#breadcrumb\"},\"inLanguage\":\"sk-SK\",\"potentialAction\":[{\"@type\":\"ReadAction\",\"target\":[\"https:\/\/vapingnet.de\/vape\/randm-tornado-9000-vimto-direkt-ab-werk-zu-top-preisen\/\"]}]},{\"@type\":\"ImageObject\",\"inLanguage\":\"sk-SK\",\"@id\":\"https:\/\/vapingnet.de\/vape\/randm-tornado-9000-vimto-direkt-ab-werk-zu-top-preisen\/#primaryimage\",\"url\":\"https:\/\/vapingnet.de\/wp-content\/uploads\/2025\/03\/randm_tornado_9000_vimto.webp\",\"contentUrl\":\"https:\/\/vapingnet.de\/wp-content\/uploads\/2025\/03\/randm_tornado_9000_vimto.webp\",\"width\":1000,\"height\":955,\"caption\":\"randm_tornado_9000_vimto\"},{\"@type\":\"BreadcrumbList\",\"@id\":\"https:\/\/vapingnet.de\/vape\/randm-tornado-9000-vimto-direkt-ab-werk-zu-top-preisen\/#breadcrumb\",\"itemListElement\":[{\"@type\":\"ListItem\",\"position\":1,\"name\":\"Home\",\"item\":\"https:\/\/vapingnet.de\/\"},{\"@type\":\"ListItem\",\"position\":2,\"name\":\"Shop\",\"item\":\"https:\/\/vapingnet.de\/vape\/\"},{\"@type\":\"ListItem\",\"position\":3,\"name\":\"RandM Tornado 9000 VimTo direkt ab Werk zu Top-Preisen\"}]},{\"@type\":\"WebSite\",\"@id\":\"https:\/\/vapingnet.de\/#website\",\"url\":\"https:\/\/vapingnet.de\/\",\"name\":\"Vapingnet.de\",\"description\":\"\",\"publisher\":{\"@id\":\"https:\/\/vapingnet.de\/#organization\"},\"potentialAction\":[{\"@type\":\"SearchAction\",\"target\":{\"@type\":\"EntryPoint\",\"urlTemplate\":\"https:\/\/vapingnet.de\/?s={search_term_string}\"},\"query-input\":{\"@type\":\"PropertyValueSpecification\",\"valueRequired\":true,\"valueName\":\"search_term_string\"}}],\"inLanguage\":\"sk-SK\"},{\"@type\":\"Organization\",\"@id\":\"https:\/\/vapingnet.de\/#organization\",\"name\":\"Vapingnet.de\",\"url\":\"https:\/\/vapingnet.de\/\",\"logo\":{\"@type\":\"ImageObject\",\"inLanguage\":\"sk-SK\",\"@id\":\"https:\/\/vapingnet.de\/#\/schema\/logo\/image\/\",\"url\":\"https:\/\/vapingnet.de\/wp-content\/uploads\/2025\/03\/cropped-vapingnet.de_.jpg\",\"contentUrl\":\"https:\/\/vapingnet.de\/wp-content\/uploads\/2025\/03\/cropped-vapingnet.de_.jpg\",\"width\":512,\"height\":512,\"caption\":\"Vapingnet.de\"},\"image\":{\"@id\":\"https:\/\/vapingnet.de\/#\/schema\/logo\/image\/\"},\"sameAs\":[\"https:\/\/www.facebook.com\/vapingnetde\/\"]}]}<\/script>\n<!-- \/ Yoast SEO plugin. -->","yoast_head_json":{"title":"RandM Tornado 9000 \u2013 Einweg E-Zigarette mit gro\u00dfer Liquidkapazit\u00e4t","description":"Entdecken Sie die RandM Tornado 9000 mit bis zu 9000 Z\u00fcgen, 18ml Liquid und starkem 850mAh Akku. Frischer Geschmack und modernes Design bei vapingnet.de.","robots":{"index":"index","follow":"follow","max-snippet":"max-snippet:-1","max-image-preview":"max-image-preview:large","max-video-preview":"max-video-preview:-1"},"canonical":"https:\/\/vapingnet.de\/sk\/vape\/randm-tornado-9000-vimto-direkt-ab-werk-zu-top-preisen\/","og_locale":"sk_SK","og_type":"article","og_title":"RandM Tornado 9000 \u2013 Einweg E-Zigarette mit gro\u00dfer Liquidkapazit\u00e4t","og_description":"Entdecken Sie die RandM Tornado 9000 mit bis zu 9000 Z\u00fcgen, 18ml Liquid und starkem 850mAh Akku. Frischer Geschmack und modernes Design bei vapingnet.de.","og_url":"https:\/\/vapingnet.de\/sk\/vape\/randm-tornado-9000-vimto-direkt-ab-werk-zu-top-preisen\/","og_site_name":"Vapingnet.de","article_publisher":"https:\/\/www.facebook.com\/vapingnetde\/","article_modified_time":"2025-06-23T10:12:47+00:00","og_image":[{"width":1000,"height":955,"url":"https:\/\/vapingnet.de\/wp-content\/uploads\/2025\/03\/randm_tornado_9000_vimto.webp","type":"image\/webp"}],"twitter_card":"summary_large_image","twitter_misc":{"Est. reading time":"2 minutes"},"schema":{"@context":"https:\/\/schema.org","@graph":[{"@type":"WebPage","@id":"https:\/\/vapingnet.de\/vape\/randm-tornado-9000-vimto-direkt-ab-werk-zu-top-preisen\/","url":"https:\/\/vapingnet.de\/vape\/randm-tornado-9000-vimto-direkt-ab-werk-zu-top-preisen\/","name":"RandM Tornado 9000 \u2013 Einweg E-Zigarette mit gro\u00dfer Liquidkapazit\u00e4t","isPartOf":{"@id":"https:\/\/vapingnet.de\/#website"},"primaryImageOfPage":{"@id":"https:\/\/vapingnet.de\/vape\/randm-tornado-9000-vimto-direkt-ab-werk-zu-top-preisen\/#primaryimage"},"image":{"@id":"https:\/\/vapingnet.de\/vape\/randm-tornado-9000-vimto-direkt-ab-werk-zu-top-preisen\/#primaryimage"},"thumbnailUrl":"https:\/\/vapingnet.de\/wp-content\/uploads\/2025\/03\/randm_tornado_9000_vimto.webp","datePublished":"2025-03-11T07:32:49+00:00","dateModified":"2025-06-23T10:12:47+00:00","description":"Entdecken Sie die RandM Tornado 9000 mit bis zu 9000 Z\u00fcgen, 18ml Liquid und starkem 850mAh Akku. Frischer Geschmack und modernes Design bei vapingnet.de.","breadcrumb":{"@id":"https:\/\/vapingnet.de\/vape\/randm-tornado-9000-vimto-direkt-ab-werk-zu-top-preisen\/#breadcrumb"},"inLanguage":"sk-SK","potentialAction":[{"@type":"ReadAction","target":["https:\/\/vapingnet.de\/vape\/randm-tornado-9000-vimto-direkt-ab-werk-zu-top-preisen\/"]}]},{"@type":"ImageObject","inLanguage":"sk-SK","@id":"https:\/\/vapingnet.de\/vape\/randm-tornado-9000-vimto-direkt-ab-werk-zu-top-preisen\/#primaryimage","url":"https:\/\/vapingnet.de\/wp-content\/uploads\/2025\/03\/randm_tornado_9000_vimto.webp","contentUrl":"https:\/\/vapingnet.de\/wp-content\/uploads\/2025\/03\/randm_tornado_9000_vimto.webp","width":1000,"height":955,"caption":"randm_tornado_9000_vimto"},{"@type":"BreadcrumbList","@id":"https:\/\/vapingnet.de\/vape\/randm-tornado-9000-vimto-direkt-ab-werk-zu-top-preisen\/#breadcrumb","itemListElement":[{"@type":"ListItem","position":1,"name":"Home","item":"https:\/\/vapingnet.de\/"},{"@type":"ListItem","position":2,"name":"Shop","item":"https:\/\/vapingnet.de\/vape\/"},{"@type":"ListItem","position":3,"name":"RandM Tornado 9000 VimTo direkt ab Werk zu Top-Preisen"}]},{"@type":"WebSite","@id":"https:\/\/vapingnet.de\/#website","url":"https:\/\/vapingnet.de\/","name":"Vapingnet.de","description":"","publisher":{"@id":"https:\/\/vapingnet.de\/#organization"},"potentialAction":[{"@type":"SearchAction","target":{"@type":"EntryPoint","urlTemplate":"https:\/\/vapingnet.de\/?s={search_term_string}"},"query-input":{"@type":"PropertyValueSpecification","valueRequired":true,"valueName":"search_term_string"}}],"inLanguage":"sk-SK"},{"@type":"Organization","@id":"https:\/\/vapingnet.de\/#organization","name":"Vapingnet.de","url":"https:\/\/vapingnet.de\/","logo":{"@type":"ImageObject","inLanguage":"sk-SK","@id":"https:\/\/vapingnet.de\/#\/schema\/logo\/image\/","url":"https:\/\/vapingnet.de\/wp-content\/uploads\/2025\/03\/cropped-vapingnet.de_.jpg","contentUrl":"https:\/\/vapingnet.de\/wp-content\/uploads\/2025\/03\/cropped-vapingnet.de_.jpg","width":512,"height":512,"caption":"Vapingnet.de"},"image":{"@id":"https:\/\/vapingnet.de\/#\/schema\/logo\/image\/"},"sameAs":["https:\/\/www.facebook.com\/vapingnetde\/"]}]}},"tiered_pricing_type":"fixed","tiered_pricing_fixed_rules":{"10":"9.22","50":"8.30","110":"7.84","210":"7.38","510":"6.92","1100":"6.45"},"tiered_pricing_product_settings":{"layout":"default","base_unit_name":{"singular":null,"plural":null},"default_variation":null},"tiered_pricing_minimum_quantity":null,"tiered_pricing_roles_data":[],"tiered_pricing_percentage_rules":[],"_links":{"self":[{"href":"https:\/\/vapingnet.de\/sk\/wp-json\/wp\/v2\/product\/5005","targetHints":{"allow":["GET"]}}],"collection":[{"href":"https:\/\/vapingnet.de\/sk\/wp-json\/wp\/v2\/product"}],"about":[{"href":"https:\/\/vapingnet.de\/sk\/wp-json\/wp\/v2\/types\/product"}],"version-history":[{"count":3,"href":"https:\/\/vapingnet.de\/sk\/wp-json\/wp\/v2\/product\/5005\/revisions"}],"predecessor-version":[{"id":7230,"href":"https:\/\/vapingnet.de\/sk\/wp-json\/wp\/v2\/product\/5005\/revisions\/7230"}],"wp:featuredmedia":[{"embeddable":true,"href":"https:\/\/vapingnet.de\/sk\/wp-json\/wp\/v2\/media\/5006"}],"wp:attachment":[{"href":"https:\/\/vapingnet.de\/sk\/wp-json\/wp\/v2\/media?parent=5005"}],"wp:term":[{"taxonomy":"brand","embeddable":true,"href":"https:\/\/vapingnet.de\/sk\/wp-json\/wp\/v2\/etheme_brands?post=5005"},{"taxonomy":"product_brand","embeddable":true,"href":"https:\/\/vapingnet.de\/sk\/wp-json\/wp\/v2\/product_brand?post=5005"},{"taxonomy":"product_cat","embeddable":true,"href":"https:\/\/vapingnet.de\/sk\/wp-json\/wp\/v2\/product_cat?post=5005"},{"taxonomy":"product_tag","embeddable":true,"href":"https:\/\/vapingnet.de\/sk\/wp-json\/wp\/v2\/product_tag?post=5005"}],"curies":[{"name":"wp","href":"https:\/\/api.w.org\/{rel}","templated":true}]}}