{"id":5082,"date":"2025-03-12T02:46:37","date_gmt":"2025-03-12T02:46:37","guid":{"rendered":"https:\/\/vapingnet.de\/?post_type=product&#038;p=5082"},"modified":"2025-06-19T03:42:04","modified_gmt":"2025-06-19T03:42:04","slug":"strawberry-kiwi-im-bang-king-digital-15000-puffs-voller-genuss","status":"publish","type":"product","link":"https:\/\/vapingnet.de\/sk\/vape\/strawberry-kiwi-im-bang-king-digital-15000-puffs-voller-genuss\/","title":{"rendered":"Strawberry Kiwi v Bang King Digital 15000 Puffs pln\u00e9 p\u00f4\u017eitku"},"content":{"rendered":"<h2 data-start=\"0\" data-end=\"105\">Bang King Digital 15000 Puffs: Vychutnajte si nov\u00fd z\u00e1\u017eitok s e-cigaretami, len na vapingnet.de!<\/h2>\n<p data-start=\"107\" data-end=\"460\">Ahojte v\u0161etci! Dnes v\u00e1m predstav\u00edm najnov\u0161iu e-cigaretu \u2013 <a href=\"https:\/\/vapingnet.de\/sk\/bang-king-digital-15000-puffs\/\" target=\"_blank\" rel=\"noopener\"><strong data-start=\"182\" data-end=\"215\">Bang King Digit\u00e1lny 15000 Pufov<\/strong><\/a>. Pon\u00faka nielen neuverite\u013en\u00fd v\u00fdkon, ale aj nezrovnate\u013en\u00fd z\u00e1\u017eitok z vapovania. Ak ste fan\u00fa\u0161ikom e-cigaret alebo pr\u00e1ve za\u010d\u00ednate s vapovan\u00edm, tento produkt je ur\u010dite tou spr\u00e1vnou vo\u013ebou!<\/p>\n<ul>\n<li data-start=\"462\" data-end=\"521\"><strong data-start=\"466\" data-end=\"521\">Siln\u00fd z\u00e1\u017eitok z vapovania: 15000 Puffs bez kompromisov<br \/>\n<\/strong>Najv\u00e4\u010d\u0161\u00edm l\u00e1kadlom tejto e-cigarety je jej extr\u00e9mne dlh\u00e1 \u017eivotnos\u0165 15000 Puffs! Pre v\u0161etk\u00fdch, ktor\u00ed radi pou\u017e\u00edvaj\u00fa svoju e-cigaretu dlh\u0161ie, je to jednoducho perfektn\u00e9. Nemus\u00edte neust\u00e1le meni\u0165 zariadenie a m\u00f4\u017eete si vychutn\u00e1va\u0165 trval\u00fd z\u00e1\u017eitok z vapovania, ktor\u00fd vyhovuje va\u0161im denn\u00fdm potreb\u00e1m.<\/li>\n<li data-start=\"836\" data-end=\"887\"><strong data-start=\"840\" data-end=\"887\">Vysoko v\u00fdkonn\u00e1 bat\u00e9ria: 650mAh, dob\u00edjate\u013en\u00e1<br \/>\n<\/strong>Bang King Digital 15000 Puffs je vybaven\u00e1 dob\u00edjate\u013enou bat\u00e9riou s kapacitou 650mAh, ktor\u00e1 zabezpe\u010duje stabiln\u00e9 nap\u00e1janie pri ka\u017edom pou\u017eit\u00ed. V\u010faka USB-C pripojeniu m\u00f4\u017eete bat\u00e9riu r\u00fdchlo nabi\u0165, tak\u017ee budete op\u00e4\u0165 pripraven\u00ed na vapovanie v kr\u00e1tkom \u010dase a nezme\u0161k\u00e1te \u017eiadny z\u00e1\u017eitok.<\/li>\n<li data-start=\"1203\" data-end=\"1247\"><strong data-start=\"1207\" data-end=\"1247\">Dokonal\u00e1 chu\u0165: Jahoda Kiwi<br \/>\n<\/strong>\u010co by bola e-cigareta bez spr\u00e1vnej pr\u00edchute? Bang King Digital v\u00e1m pon\u00faka osvie\u017euj\u00facu chu\u0165 Jahoda Kiwi. Sladk\u00e1 jahoda a kysl\u00e1 kiwi sa sp\u00e1jaj\u00fa do n\u00e1dhernej chuti, ktor\u00e1 v\u00e1s zaka\u017ed\u00fdm o\u010dar\u00ed. Za\u017eite pocit osvie\u017euj\u00faceho letn\u00e9ho d\u0148a pri ka\u017edom n\u00e1dychu a vychutnajte si dokonal\u00fd z\u00e1\u017eitok z vapovania.<\/li>\n<li data-start=\"1657\" data-end=\"1713\"><strong data-start=\"1661\" data-end=\"1713\">\u0160t\u00fdlov\u00fd dizajn: RGB sveteln\u00e9 efekty a sie\u0165ov\u00e1 cievka<br \/>\n<\/strong>T\u00e1to e-cigareta v\u00e1s presved\u010d\u00ed nielen v\u00fdkonom, ale aj modern\u00fdm dizajnom a skvel\u00fdm pou\u017e\u00edvate\u013esk\u00fdm z\u00e1\u017eitkom. RGB sveteln\u00e9 efekty d\u00e1vaj\u00fa Bang King Digital modern\u00fd a v\u00fdrazn\u00fd vzh\u013ead, pri\u010dom z\u00e1rove\u0148 poskytuj\u00fa vizu\u00e1lny z\u00e1\u017eitok. Okrem toho sie\u0165ov\u00e1 cievka (0,8 Ohm) zabezpe\u010duje jemnej\u0161\u00ed dym a jemn\u00fa chu\u0165 \u2013 ide\u00e1lna vo\u013eba pre skuto\u010dn\u00fdch milovn\u00edkov vapovania.<\/li>\n<li data-start=\"2124\" data-end=\"2158\"><strong data-start=\"2128\" data-end=\"2158\">Ve\u013ek\u00e1 n\u00e1dr\u017e na e-liquid: 25ml<br \/>\n<\/strong>Bang King Digital prich\u00e1dza s ve\u013ekou n\u00e1dr\u017eou na e-liquid s objemom 25ml, ktor\u00e1 v\u00e1m poskytne dlhodob\u00fd z\u00e1\u017eitok z vapovania bez neust\u00e1leho dop\u013a\u0148ania. M\u00f4\u017eete ju pou\u017e\u00edva\u0165 pohodlne, bez ob\u00e1v z nedostatku e-liquidu. Tento probl\u00e9m je minulos\u0165ou a m\u00f4\u017eete si vychutn\u00e1va\u0165 vapovanie naplno.<\/li>\n<li data-start=\"2523\" data-end=\"2567\"><strong data-start=\"2527\" data-end=\"2567\">Obsah nikot\u00ednu: R\u00f4zne mo\u017enosti<br \/>\n<\/strong>Bang King Digital je dostupn\u00e1 v r\u00f4znych sil\u00e1ch nikot\u00ednu: 0%, 2%, 3%, 5%. \u010ci u\u017e preferujete beznikot\u00ednov\u00fa alebo stredne siln\u00fa nikot\u00ednov\u00fa verziu, t\u00e1to e-cigareta v\u00e1m pon\u00faka v\u0161etko, \u010do si \u017eel\u00e1te. Upozor\u0148ujeme, \u017ee sily nikot\u00ednu 0% a 3% s\u00fa dostupn\u00e9 len pri ve\u013ek\u00fdch objedn\u00e1vkach. Ak m\u00e1te z\u00e1ujem, kontaktujte n\u00e1s vopred.<\/li>\n<li data-start=\"2944\" data-end=\"2979\"><strong data-start=\"2948\" data-end=\"2979\">Kompaktn\u00e1 a \u013eahk\u00e1: Len 90g<br \/>\n<\/strong>S hmotnos\u0165ou iba 90g je Bang King Digital extr\u00e9mne \u013eahk\u00e1 a kompaktn\u00e1. M\u00f4\u017eete ju \u013eahko ulo\u017ei\u0165 do ta\u0161ky alebo batohu a nosi\u0165 so sebou. \u010ci u\u017e ste na cest\u00e1ch alebo na v\u00fdlete, t\u00e1to e-cigareta je v\u017edy po ruke a zabezpe\u010d\u00ed maxim\u00e1lny z\u00e1\u017eitok z vapovania kedyko\u013evek budete chcie\u0165.<\/li>\n<li data-start=\"3308\" data-end=\"3343\"><strong data-start=\"3312\" data-end=\"3343\">Bez cla: E\u0161te viac pohodlia<br \/>\n<\/strong>Pre slovensk\u00fdch z\u00e1kazn\u00edkov je pri Bang King Digital k dispoz\u00edcii tie\u017e <a href=\"https:\/\/vapingnet.de\/sk\/k\/f\/\" target=\"_blank\" rel=\"noopener\"><strong data-start=\"3410\" data-end=\"3430\">v\u00fdhoda bez cla<\/strong><\/a>, \u010do rob\u00ed n\u00e1kup e\u0161te pohodlnej\u0161\u00edm. R\u00fdchle doru\u010denie bez dodato\u010dn\u00fdch coln\u00fdch poplatkov zabezpe\u010duje, \u017ee si svoju e-cigaretku m\u00f4\u017ee\u0161 vychutna\u0165 r\u00fdchlo a bez probl\u00e9mov.<\/li>\n<\/ul>\n<h3>Z\u00edskaj teraz Bang King Digital 15000 Puffs!<\/h3>\n<p data-start=\"3664\" data-end=\"4066\">Nez\u00e1le\u017e\u00ed na tom, \u010di h\u013ead\u00e1\u0161 dlhodob\u00fd z\u00e1\u017eitok z vapovania, \u0161t\u00fdlov\u00e9 RGB sveteln\u00e9 efekty, lahodn\u00fa chu\u0165 Strawberry Kiwi, ve\u013ek\u00fa n\u00e1dr\u017e na e-liquid alebo v\u00fdkonn\u00fa bat\u00e9riu \u2013 Bang King Digital 15000 Puffs spln\u00ed v\u0161etky tvoje \u017eelania. Nav\u0161t\u00edvte na\u0161u webov\u00fa str\u00e1nku teraz: <a href=\"https:\/\/vapingnet.de\/sk\/\" target=\"_new\" rel=\"noopener\" data-start=\"3966\" data-end=\"4001\">vapingnet.de<\/a>, aby si sa dozvedel viac a u\u017eil si dokonal\u00fd z\u00e1\u017eitok z vapovania.<\/p>\n<p data-start=\"4068\" data-end=\"4195\" data-is-last-node=\"\" data-is-only-node=\"\">Na \u010do e\u0161te \u010dak\u00e1\u0161? Z\u00edskaj Bang King Digital a urob z nej svoje nov\u00e9 ob\u013e\u00faben\u00e9 zariadenie vo svete e-cigariet!<\/p>","protected":false},"excerpt":{"rendered":"<p>Bang King Digital 15000 Puffs: Genie\u00dfen Sie das neue Erlebnis mit E-Zigaretten, nur auf vapingnet.de! Hallo zusammen! Heute m\u00f6chte ich euch die neueste E-Zigarette vorstellen&#8230;<\/p>","protected":false},"featured_media":5083,"template":"","meta":[],"etheme_brands":[],"product_brand":[101],"product_cat":[53,49,61],"product_tag":[],"class_list":{"0":"post-5082","1":"product","2":"type-product","3":"status-publish","4":"has-post-thumbnail","6":"product_brand-bang-king-vape","7":"product_cat-vape-15000-zuege","8":"product_cat-einweg-e-zigarette","9":"product_cat-f","11":"first","12":"instock","13":"shipping-taxable","14":"purchasable","15":"product-type-simple"},"yoast_head":"<!-- This site is optimized with the Yoast SEO plugin v26.5 - https:\/\/yoast.com\/wordpress\/plugins\/seo\/ -->\n<title>Strawberry Kiwi im Bang King Digital 15000 Puffs voller Genuss | Vapingnet.de<\/title>\n<meta name=\"description\" content=\"Entdecke Strawberry Kiwi im Bang King Digital 15000 Puffs voller Genuss bei vapingnet.de, \u25ba Gro\u00dfe Auswahl an Geschmacksrichtungen &amp; super g\u00fcnstig!\" \/>\n<meta name=\"robots\" content=\"index, follow, max-snippet:-1, max-image-preview:large, max-video-preview:-1\" \/>\n<link rel=\"canonical\" href=\"https:\/\/vapingnet.de\/sk\/vape\/strawberry-kiwi-im-bang-king-digital-15000-puffs-voller-genuss\/\" \/>\n<meta property=\"og:locale\" content=\"sk_SK\" \/>\n<meta property=\"og:type\" content=\"article\" \/>\n<meta property=\"og:title\" content=\"Strawberry Kiwi im Bang King Digital 15000 Puffs voller Genuss | Vapingnet.de\" \/>\n<meta property=\"og:description\" content=\"Entdecke Strawberry Kiwi im Bang King Digital 15000 Puffs voller Genuss bei vapingnet.de, \u25ba Gro\u00dfe Auswahl an Geschmacksrichtungen &amp; super g\u00fcnstig!\" \/>\n<meta property=\"og:url\" content=\"https:\/\/vapingnet.de\/sk\/vape\/strawberry-kiwi-im-bang-king-digital-15000-puffs-voller-genuss\/\" \/>\n<meta property=\"og:site_name\" content=\"Vapingnet.de\" \/>\n<meta property=\"article:publisher\" content=\"https:\/\/www.facebook.com\/vapingnetde\/\" \/>\n<meta property=\"article:modified_time\" content=\"2025-06-19T03:42:04+00:00\" \/>\n<meta property=\"og:image\" content=\"https:\/\/vapingnet.de\/wp-content\/uploads\/2025\/03\/Strawberry-Kiwi.png\" \/>\n\t<meta property=\"og:image:width\" content=\"900\" \/>\n\t<meta property=\"og:image:height\" content=\"600\" \/>\n\t<meta property=\"og:image:type\" content=\"image\/png\" \/>\n<meta name=\"twitter:card\" content=\"summary_large_image\" \/>\n<meta name=\"twitter:label1\" content=\"Est. reading time\" \/>\n\t<meta name=\"twitter:data1\" content=\"4 minutes\" \/>\n<script type=\"application\/ld+json\" class=\"yoast-schema-graph\">{\"@context\":\"https:\/\/schema.org\",\"@graph\":[{\"@type\":\"WebPage\",\"@id\":\"https:\/\/vapingnet.de\/vape\/strawberry-kiwi-im-bang-king-digital-15000-puffs-voller-genuss\/\",\"url\":\"https:\/\/vapingnet.de\/vape\/strawberry-kiwi-im-bang-king-digital-15000-puffs-voller-genuss\/\",\"name\":\"Strawberry Kiwi im Bang King Digital 15000 Puffs voller Genuss | Vapingnet.de\",\"isPartOf\":{\"@id\":\"https:\/\/vapingnet.de\/#website\"},\"primaryImageOfPage\":{\"@id\":\"https:\/\/vapingnet.de\/vape\/strawberry-kiwi-im-bang-king-digital-15000-puffs-voller-genuss\/#primaryimage\"},\"image\":{\"@id\":\"https:\/\/vapingnet.de\/vape\/strawberry-kiwi-im-bang-king-digital-15000-puffs-voller-genuss\/#primaryimage\"},\"thumbnailUrl\":\"https:\/\/vapingnet.de\/wp-content\/uploads\/2025\/03\/Strawberry-Kiwi.png\",\"datePublished\":\"2025-03-12T02:46:37+00:00\",\"dateModified\":\"2025-06-19T03:42:04+00:00\",\"description\":\"Entdecke Strawberry Kiwi im Bang King Digital 15000 Puffs voller Genuss bei vapingnet.de, \u25ba Gro\u00dfe Auswahl an Geschmacksrichtungen & super g\u00fcnstig!\",\"breadcrumb\":{\"@id\":\"https:\/\/vapingnet.de\/vape\/strawberry-kiwi-im-bang-king-digital-15000-puffs-voller-genuss\/#breadcrumb\"},\"inLanguage\":\"sk-SK\",\"potentialAction\":[{\"@type\":\"ReadAction\",\"target\":[\"https:\/\/vapingnet.de\/vape\/strawberry-kiwi-im-bang-king-digital-15000-puffs-voller-genuss\/\"]}]},{\"@type\":\"ImageObject\",\"inLanguage\":\"sk-SK\",\"@id\":\"https:\/\/vapingnet.de\/vape\/strawberry-kiwi-im-bang-king-digital-15000-puffs-voller-genuss\/#primaryimage\",\"url\":\"https:\/\/vapingnet.de\/wp-content\/uploads\/2025\/03\/Strawberry-Kiwi.png\",\"contentUrl\":\"https:\/\/vapingnet.de\/wp-content\/uploads\/2025\/03\/Strawberry-Kiwi.png\",\"width\":900,\"height\":600,\"caption\":\"Strawberry Kiwi\"},{\"@type\":\"BreadcrumbList\",\"@id\":\"https:\/\/vapingnet.de\/vape\/strawberry-kiwi-im-bang-king-digital-15000-puffs-voller-genuss\/#breadcrumb\",\"itemListElement\":[{\"@type\":\"ListItem\",\"position\":1,\"name\":\"Home\",\"item\":\"https:\/\/vapingnet.de\/\"},{\"@type\":\"ListItem\",\"position\":2,\"name\":\"Shop\",\"item\":\"https:\/\/vapingnet.de\/vape\/\"},{\"@type\":\"ListItem\",\"position\":3,\"name\":\"Strawberry Kiwi im Bang King Digital 15000 Puffs voller Genuss\"}]},{\"@type\":\"WebSite\",\"@id\":\"https:\/\/vapingnet.de\/#website\",\"url\":\"https:\/\/vapingnet.de\/\",\"name\":\"Vapingnet.de\",\"description\":\"\",\"publisher\":{\"@id\":\"https:\/\/vapingnet.de\/#organization\"},\"potentialAction\":[{\"@type\":\"SearchAction\",\"target\":{\"@type\":\"EntryPoint\",\"urlTemplate\":\"https:\/\/vapingnet.de\/?s={search_term_string}\"},\"query-input\":{\"@type\":\"PropertyValueSpecification\",\"valueRequired\":true,\"valueName\":\"search_term_string\"}}],\"inLanguage\":\"sk-SK\"},{\"@type\":\"Organization\",\"@id\":\"https:\/\/vapingnet.de\/#organization\",\"name\":\"Vapingnet.de\",\"url\":\"https:\/\/vapingnet.de\/\",\"logo\":{\"@type\":\"ImageObject\",\"inLanguage\":\"sk-SK\",\"@id\":\"https:\/\/vapingnet.de\/#\/schema\/logo\/image\/\",\"url\":\"https:\/\/vapingnet.de\/wp-content\/uploads\/2025\/03\/cropped-vapingnet.de_.jpg\",\"contentUrl\":\"https:\/\/vapingnet.de\/wp-content\/uploads\/2025\/03\/cropped-vapingnet.de_.jpg\",\"width\":512,\"height\":512,\"caption\":\"Vapingnet.de\"},\"image\":{\"@id\":\"https:\/\/vapingnet.de\/#\/schema\/logo\/image\/\"},\"sameAs\":[\"https:\/\/www.facebook.com\/vapingnetde\/\"]}]}<\/script>\n<!-- \/ Yoast SEO plugin. -->","yoast_head_json":{"title":"Strawberry Kiwi im Bang King Digital 15000 Puffs voller Genuss | Vapingnet.de","description":"Entdecke Strawberry Kiwi im Bang King Digital 15000 Puffs voller Genuss bei vapingnet.de, \u25ba Gro\u00dfe Auswahl an Geschmacksrichtungen & super g\u00fcnstig!","robots":{"index":"index","follow":"follow","max-snippet":"max-snippet:-1","max-image-preview":"max-image-preview:large","max-video-preview":"max-video-preview:-1"},"canonical":"https:\/\/vapingnet.de\/sk\/vape\/strawberry-kiwi-im-bang-king-digital-15000-puffs-voller-genuss\/","og_locale":"sk_SK","og_type":"article","og_title":"Strawberry Kiwi im Bang King Digital 15000 Puffs voller Genuss | Vapingnet.de","og_description":"Entdecke Strawberry Kiwi im Bang King Digital 15000 Puffs voller Genuss bei vapingnet.de, \u25ba Gro\u00dfe Auswahl an Geschmacksrichtungen & super g\u00fcnstig!","og_url":"https:\/\/vapingnet.de\/sk\/vape\/strawberry-kiwi-im-bang-king-digital-15000-puffs-voller-genuss\/","og_site_name":"Vapingnet.de","article_publisher":"https:\/\/www.facebook.com\/vapingnetde\/","article_modified_time":"2025-06-19T03:42:04+00:00","og_image":[{"width":900,"height":600,"url":"https:\/\/vapingnet.de\/wp-content\/uploads\/2025\/03\/Strawberry-Kiwi.png","type":"image\/png"}],"twitter_card":"summary_large_image","twitter_misc":{"Est. reading time":"4 minutes"},"schema":{"@context":"https:\/\/schema.org","@graph":[{"@type":"WebPage","@id":"https:\/\/vapingnet.de\/vape\/strawberry-kiwi-im-bang-king-digital-15000-puffs-voller-genuss\/","url":"https:\/\/vapingnet.de\/vape\/strawberry-kiwi-im-bang-king-digital-15000-puffs-voller-genuss\/","name":"Strawberry Kiwi im Bang King Digital 15000 Puffs voller Genuss | Vapingnet.de","isPartOf":{"@id":"https:\/\/vapingnet.de\/#website"},"primaryImageOfPage":{"@id":"https:\/\/vapingnet.de\/vape\/strawberry-kiwi-im-bang-king-digital-15000-puffs-voller-genuss\/#primaryimage"},"image":{"@id":"https:\/\/vapingnet.de\/vape\/strawberry-kiwi-im-bang-king-digital-15000-puffs-voller-genuss\/#primaryimage"},"thumbnailUrl":"https:\/\/vapingnet.de\/wp-content\/uploads\/2025\/03\/Strawberry-Kiwi.png","datePublished":"2025-03-12T02:46:37+00:00","dateModified":"2025-06-19T03:42:04+00:00","description":"Entdecke Strawberry Kiwi im Bang King Digital 15000 Puffs voller Genuss bei vapingnet.de, \u25ba Gro\u00dfe Auswahl an Geschmacksrichtungen & super g\u00fcnstig!","breadcrumb":{"@id":"https:\/\/vapingnet.de\/vape\/strawberry-kiwi-im-bang-king-digital-15000-puffs-voller-genuss\/#breadcrumb"},"inLanguage":"sk-SK","potentialAction":[{"@type":"ReadAction","target":["https:\/\/vapingnet.de\/vape\/strawberry-kiwi-im-bang-king-digital-15000-puffs-voller-genuss\/"]}]},{"@type":"ImageObject","inLanguage":"sk-SK","@id":"https:\/\/vapingnet.de\/vape\/strawberry-kiwi-im-bang-king-digital-15000-puffs-voller-genuss\/#primaryimage","url":"https:\/\/vapingnet.de\/wp-content\/uploads\/2025\/03\/Strawberry-Kiwi.png","contentUrl":"https:\/\/vapingnet.de\/wp-content\/uploads\/2025\/03\/Strawberry-Kiwi.png","width":900,"height":600,"caption":"Strawberry Kiwi"},{"@type":"BreadcrumbList","@id":"https:\/\/vapingnet.de\/vape\/strawberry-kiwi-im-bang-king-digital-15000-puffs-voller-genuss\/#breadcrumb","itemListElement":[{"@type":"ListItem","position":1,"name":"Home","item":"https:\/\/vapingnet.de\/"},{"@type":"ListItem","position":2,"name":"Shop","item":"https:\/\/vapingnet.de\/vape\/"},{"@type":"ListItem","position":3,"name":"Strawberry Kiwi im Bang King Digital 15000 Puffs voller Genuss"}]},{"@type":"WebSite","@id":"https:\/\/vapingnet.de\/#website","url":"https:\/\/vapingnet.de\/","name":"Vapingnet.de","description":"","publisher":{"@id":"https:\/\/vapingnet.de\/#organization"},"potentialAction":[{"@type":"SearchAction","target":{"@type":"EntryPoint","urlTemplate":"https:\/\/vapingnet.de\/?s={search_term_string}"},"query-input":{"@type":"PropertyValueSpecification","valueRequired":true,"valueName":"search_term_string"}}],"inLanguage":"sk-SK"},{"@type":"Organization","@id":"https:\/\/vapingnet.de\/#organization","name":"Vapingnet.de","url":"https:\/\/vapingnet.de\/","logo":{"@type":"ImageObject","inLanguage":"sk-SK","@id":"https:\/\/vapingnet.de\/#\/schema\/logo\/image\/","url":"https:\/\/vapingnet.de\/wp-content\/uploads\/2025\/03\/cropped-vapingnet.de_.jpg","contentUrl":"https:\/\/vapingnet.de\/wp-content\/uploads\/2025\/03\/cropped-vapingnet.de_.jpg","width":512,"height":512,"caption":"Vapingnet.de"},"image":{"@id":"https:\/\/vapingnet.de\/#\/schema\/logo\/image\/"},"sameAs":["https:\/\/www.facebook.com\/vapingnetde\/"]}]}},"tiered_pricing_type":"fixed","tiered_pricing_fixed_rules":{"10":"6.83","60":"6.15","110":"5.46","200":"4.78"},"tiered_pricing_product_settings":{"layout":"default","base_unit_name":{"singular":null,"plural":null},"default_variation":null},"tiered_pricing_minimum_quantity":null,"tiered_pricing_roles_data":[],"tiered_pricing_percentage_rules":[],"_links":{"self":[{"href":"https:\/\/vapingnet.de\/sk\/wp-json\/wp\/v2\/product\/5082","targetHints":{"allow":["GET"]}}],"collection":[{"href":"https:\/\/vapingnet.de\/sk\/wp-json\/wp\/v2\/product"}],"about":[{"href":"https:\/\/vapingnet.de\/sk\/wp-json\/wp\/v2\/types\/product"}],"version-history":[{"count":3,"href":"https:\/\/vapingnet.de\/sk\/wp-json\/wp\/v2\/product\/5082\/revisions"}],"predecessor-version":[{"id":6315,"href":"https:\/\/vapingnet.de\/sk\/wp-json\/wp\/v2\/product\/5082\/revisions\/6315"}],"wp:featuredmedia":[{"embeddable":true,"href":"https:\/\/vapingnet.de\/sk\/wp-json\/wp\/v2\/media\/5083"}],"wp:attachment":[{"href":"https:\/\/vapingnet.de\/sk\/wp-json\/wp\/v2\/media?parent=5082"}],"wp:term":[{"taxonomy":"brand","embeddable":true,"href":"https:\/\/vapingnet.de\/sk\/wp-json\/wp\/v2\/etheme_brands?post=5082"},{"taxonomy":"product_brand","embeddable":true,"href":"https:\/\/vapingnet.de\/sk\/wp-json\/wp\/v2\/product_brand?post=5082"},{"taxonomy":"product_cat","embeddable":true,"href":"https:\/\/vapingnet.de\/sk\/wp-json\/wp\/v2\/product_cat?post=5082"},{"taxonomy":"product_tag","embeddable":true,"href":"https:\/\/vapingnet.de\/sk\/wp-json\/wp\/v2\/product_tag?post=5082"}],"curies":[{"name":"wp","href":"https:\/\/api.w.org\/{rel}","templated":true}]}}