{"id":5086,"date":"2025-03-12T03:10:22","date_gmt":"2025-03-12T03:10:22","guid":{"rendered":"https:\/\/vapingnet.de\/?post_type=product&#038;p=5086"},"modified":"2025-06-19T03:42:04","modified_gmt":"2025-06-19T03:42:04","slug":"exklusiv-bang-king-15-000-puffs-double-apfel-top-geschmack","status":"publish","type":"product","link":"https:\/\/vapingnet.de\/sk\/vape\/exklusiv-bang-king-15-000-puffs-double-apfel-top-geschmack\/","title":{"rendered":"Exkluz\u00edvne Bang King 15.000 Puffs Double Apfel, pln\u00e1 chu\u0165"},"content":{"rendered":"<h2 data-start=\"0\" data-end=\"83\">Bang King Digital 15000 Puffs \u2013 Dokonal\u00fd z\u00e1\u017eitok z vapovania, dlhotrvaj\u00faci p\u00f4\u017eitok<\/h2>\n<p data-start=\"85\" data-end=\"551\">Ak h\u013ead\u00e1\u0161 kvalitn\u00fa, trv\u00e1cnu a chu\u0165ovo intenz\u00edvnu jednorazov\u00fa e-cigaretu, Bang King Digital 15000 Puffs je pre teba ide\u00e1lna vo\u013eba! Ako jeden z popredn\u00fdch zna\u010dkov\u00fdch produktov na trhu s e-cigaretami pon\u00faka Bang King s touto <a href=\"https:\/\/vapingnet.de\/sk\/k\/vape-15000-zuege\/\" target=\"_blank\" rel=\"noopener\"><strong>15000 potiahnut\u00ed <\/strong><\/a>dlhou jednorazovou e-cigaretou neporovnate\u013en\u00fd v\u00fdkon a pou\u017e\u00edvate\u013esk\u00fd z\u00e1\u017eitok. Bez oh\u013eadu na to, \u010di si za\u010diato\u010dn\u00edk alebo sk\u00fasen\u00fd vaper, t\u00e1to e-cigareta spln\u00ed v\u0161etky tvoje \u017eelania!<\/p>\n<h3 data-start=\"558\" data-end=\"624\">Pre\u010do by si si mal vybra\u0165 Bang King Digital 15000 Puffs?<\/h3>\n<ul>\n<li data-start=\"626\" data-end=\"685\">\ud83d\udd25 Extr\u00e9mne dlh\u00e1 \u017eivotnos\u0165, dlhotrvaj\u00faci p\u00f4\u017eitok<br \/>\nS 15000 potiahnutiami pon\u00faka Bang King Digital 15000 Puffs neuverite\u013ene dlh\u00fa dobu pou\u017e\u00edvania, tak\u017ee si m\u00f4\u017ee\u0161 vapovanie vychutn\u00e1va\u0165 dlh\u00fd \u010das. Ka\u017ed\u00e9 potiahnutie je rovnomern\u00e9 a stabiln\u00e9, tak\u017ee si m\u00f4\u017ee\u0161 kedyko\u013evek vychutna\u0165 hladk\u00fd a uspokojuj\u00faci dym. T\u00e1to e-cigareta je ide\u00e1lna pre t\u00fdch, ktor\u00ed chc\u00fa dlh\u00fa dobu pou\u017e\u00edvania a chc\u00fa za\u017ei\u0165 vapovanie dlh\u0161\u00ed \u010das bez preru\u0161enia.<\/li>\n<li data-start=\"1160\" data-end=\"1233\">\ud83d\udca8 Rozmanit\u00e9 pr\u00edchute, ktor\u00e9 ulahodia tvojmu vkusu<br \/>\n\u010ci u\u017e h\u013ead\u00e1\u0161 ovocn\u00fd alebo osvie\u017euj\u00faci chu\u0165ov\u00fd z\u00e1\u017eitok, pr\u00edchu\u0165 Double Apple ti pon\u00faka dokonal\u00fa rovnov\u00e1hu medzi prirodzenou sladkos\u0165ou a svie\u017eos\u0165ou jab\u013ak. Ka\u017ed\u00e9 potiahnutie je ako keby si zahryzol do \u0161\u0165avnat\u00e9ho, \u010derstv\u00e9ho jablka \u2013 ide\u00e1lne pre milovn\u00edkov pr\u00edrodn\u00fdch a osvie\u017euj\u00facich ar\u00f3m.<\/li>\n<li data-start=\"1617\" data-end=\"1672\">\ud83c\udf08 RGB LED sveteln\u00e9 efekty pre modern\u00fd vzh\u013ead<br \/>\nNielen chu\u0165, ale aj dizajn je v\u00fdnimo\u010dn\u00fd! Bang <a href=\"https:\/\/vapingnet.de\/sk\/bang-king-digital-15000-puffs\/\" target=\"_blank\" rel=\"noopener\"><strong>King Digital 15000 Puffs <\/strong><\/a>sa dod\u00e1va s RGB LED sveteln\u00fdm efektom, ktor\u00fd pon\u00faka dynamick\u00e9 a farebn\u00e9 svetl\u00e1. Toto vizu\u00e1lne vylep\u0161enie zais\u0165uje, \u017ee m\u00e1\u0161 nielen skvel\u00fd z\u00e1\u017eitok z vapovania, ale si aj skuto\u010dn\u00fdm p\u00fata\u010dom pozornosti. LED svetl\u00e1 robia z tvojej e-cigarety m\u00f3dny doplnok \u2013 ide\u00e1lny na zd\u00f4raznenie tvojho osobn\u00e9ho \u0161t\u00fdlu.<\/li>\n<li data-start=\"2133\" data-end=\"2178\">\ud83d\udd0b Siln\u00e1 bat\u00e9ria, pohodln\u00e9 nab\u00edjanie<br \/>\nS 650mAh nab\u00edjate\u013enou bat\u00e9riou a Type-C pripojen\u00edm pon\u00faka Bang King Digital 15000 Puffs r\u00fdchly \u010das nab\u00edjania a dlh\u00e9 pou\u017e\u00edvanie. M\u00f4\u017ee\u0161 ju jednoducho nab\u00edja\u0165 a znova a znova pou\u017e\u00edva\u0165 bez toho, aby si sa musel ob\u00e1va\u0165 o v\u00fddr\u017e bat\u00e9rie. R\u00fdchle nab\u00edjanie zais\u0165uje, \u017ee si kedyko\u013evek pripraven\u00fd na pou\u017eitie.<\/li>\n<li data-start=\"2538\" data-end=\"2580\">\ud83c\udf0d Bez cla a r\u00fdchle doru\u010denie<br \/>\nNa vapingnet.de si objedn\u00e1\u0161 Bang King Digital 15000 Puffs s doru\u010den\u00edm bez cla, tak\u017ee sa nemus\u00ed\u0161 zaobera\u0165 dodato\u010dn\u00fdmi poplatkami. Na\u0161e r\u00fdchle doru\u010denie zais\u0165uje, \u017ee svoj produkt dostane\u0161 v \u010do najkrat\u0161om \u010dase bez toho, aby si musel dlho \u010daka\u0165 na svoju objedn\u00e1vku.<\/li>\n<li data-start=\"2925\" data-end=\"2984\">\ud83d\udca7 Rozmanit\u00e9 sily nikot\u00ednu \u2013 pre ka\u017ed\u00fd vkus<br \/>\n\u010ci u\u017e chce\u0161 vapova\u0165 bez nikot\u00ednu alebo preferuje\u0161 \u013eahk\u00fa a\u017e siln\u00fa silu nikot\u00ednu, pon\u00fakame ti mo\u017enos\u0165 vybra\u0165 si medzi 0%, 2%, 3%, 5% nikot\u00ednom. Upozor\u0148ujeme, \u017ee 0% a 3% nikot\u00edn s\u00fa dostupn\u00e9 len vo v\u00e4\u010d\u0161\u00edch mno\u017estv\u00e1ch \u2013 tak\u017ee si m\u00f4\u017ee\u0161 vychutna\u0165 presne ten nikot\u00ednov\u00fd z\u00e1\u017eitok, ktor\u00fd si \u017eel\u00e1\u0161.<\/li>\n<li data-start=\"3311\" data-end=\"3361\">\ud83d\udce6 \u013dahk\u00fd, kompaktn\u00fd a ide\u00e1lny na cesty<br \/>\nS hmotnos\u0165ou iba 90 g je Bang King Digital 15000 Puffs obzvl\u00e1\u0161\u0165 \u013eahk\u00e1 a prenosn\u00e1, tak\u017ee si ju m\u00f4\u017eete vzia\u0165 kamko\u013evek. Bez probl\u00e9mov zapadne do ka\u017edej ta\u0161ky a je v\u017edy pripraven\u00e1 na pou\u017eitie, nech ste kdeko\u013evek.<\/li>\n<\/ul>\n<h3 data-start=\"3601\" data-end=\"3694\">Z\u00edskajte teraz Bang King Digital 15000 Puffs a za\u017eite dokonal\u00fd z\u00e1\u017eitok z vapovania!<\/h3>\n<p data-start=\"3696\" data-end=\"4066\">Ak h\u013ead\u00e1te kvalitn\u00fa, v\u00fdkonn\u00fa a \u0161t\u00fdlov\u00fa jednorazov\u00fa e-cigaretu, potom je Bang King Digital 15000 Puffs presne to, \u010do potrebujete! Nav\u0161t\u00edvte <a href=\"https:\/\/vapingnet.de\/sk\/\" target=\"_new\" rel=\"noopener\" data-start=\"3889\" data-end=\"3926\">vapingnet.de<\/a> a objavte dokonal\u00fa e-cigaretu pre v\u00e1s \u2013 s r\u00fdchlym doru\u010den\u00edm, bezcolnou dod\u00e1vkou a \u0161irok\u00fdm v\u00fdberom nikot\u00ednov\u00fdch s\u00edl.<\/p>\n<p data-start=\"4068\" data-end=\"4148\" data-is-last-node=\"\" data-is-only-node=\"\">Objednajte teraz, u\u017e\u00edvajte si r\u00fdchle doru\u010denie a za\u010dnite svoj z\u00e1\u017eitok z vapovania!<\/p>","protected":false},"excerpt":{"rendered":"<p>Bang King Digital 15000 Puffs \u2013 Ultimatives Dampfen, langanhaltender Genuss Wenn du nach einer hochwertigen, langlebigen und geschmacksintensiven Einweg-E-Zigarette suchst, ist die Bang King Digital&#8230;<\/p>","protected":false},"featured_media":5087,"template":"","meta":[],"etheme_brands":[],"product_brand":[101],"product_cat":[53,49,61],"product_tag":[],"class_list":{"0":"post-5086","1":"product","2":"type-product","3":"status-publish","4":"has-post-thumbnail","6":"product_brand-bang-king-vape","7":"product_cat-vape-15000-zuege","8":"product_cat-einweg-e-zigarette","9":"product_cat-f","11":"first","12":"instock","13":"shipping-taxable","14":"purchasable","15":"product-type-simple"},"yoast_head":"<!-- This site is optimized with the Yoast SEO plugin v26.5 - https:\/\/yoast.com\/wordpress\/plugins\/seo\/ -->\n<title>Exklusiv Bang King 15.000 Puffs Double Apfel Top Geschmack | Vapingnet.de<\/title>\n<meta name=\"description\" content=\"Entdecke Exklusiv Bang King 15.000 Puffs Double Apfel Top Geschmack bei vapingnet.de, \u25ba Gro\u00dfe Auswahl an Geschmacksrichtungen &amp; super g\u00fcnstig!\" \/>\n<meta name=\"robots\" content=\"index, follow, max-snippet:-1, max-image-preview:large, max-video-preview:-1\" \/>\n<link rel=\"canonical\" href=\"https:\/\/vapingnet.de\/sk\/vape\/exklusiv-bang-king-15-000-puffs-double-apfel-top-geschmack\/\" \/>\n<meta property=\"og:locale\" content=\"sk_SK\" \/>\n<meta property=\"og:type\" content=\"article\" \/>\n<meta property=\"og:title\" content=\"Exklusiv Bang King 15.000 Puffs Double Apfel Top Geschmack | Vapingnet.de\" \/>\n<meta property=\"og:description\" content=\"Entdecke Exklusiv Bang King 15.000 Puffs Double Apfel Top Geschmack bei vapingnet.de, \u25ba Gro\u00dfe Auswahl an Geschmacksrichtungen &amp; super g\u00fcnstig!\" \/>\n<meta property=\"og:url\" content=\"https:\/\/vapingnet.de\/sk\/vape\/exklusiv-bang-king-15-000-puffs-double-apfel-top-geschmack\/\" \/>\n<meta property=\"og:site_name\" content=\"Vapingnet.de\" \/>\n<meta property=\"article:publisher\" content=\"https:\/\/www.facebook.com\/vapingnetde\/\" \/>\n<meta property=\"article:modified_time\" content=\"2025-06-19T03:42:04+00:00\" \/>\n<meta property=\"og:image\" content=\"https:\/\/vapingnet.de\/wp-content\/uploads\/2025\/03\/Double-Apple.png\" \/>\n\t<meta property=\"og:image:width\" content=\"900\" \/>\n\t<meta property=\"og:image:height\" content=\"600\" \/>\n\t<meta property=\"og:image:type\" content=\"image\/png\" \/>\n<meta name=\"twitter:card\" content=\"summary_large_image\" \/>\n<meta name=\"twitter:label1\" content=\"Est. reading time\" \/>\n\t<meta name=\"twitter:data1\" content=\"4 minutes\" \/>\n<script type=\"application\/ld+json\" class=\"yoast-schema-graph\">{\"@context\":\"https:\/\/schema.org\",\"@graph\":[{\"@type\":\"WebPage\",\"@id\":\"https:\/\/vapingnet.de\/vape\/exklusiv-bang-king-15-000-puffs-double-apfel-top-geschmack\/\",\"url\":\"https:\/\/vapingnet.de\/vape\/exklusiv-bang-king-15-000-puffs-double-apfel-top-geschmack\/\",\"name\":\"Exklusiv Bang King 15.000 Puffs Double Apfel Top Geschmack | Vapingnet.de\",\"isPartOf\":{\"@id\":\"https:\/\/vapingnet.de\/#website\"},\"primaryImageOfPage\":{\"@id\":\"https:\/\/vapingnet.de\/vape\/exklusiv-bang-king-15-000-puffs-double-apfel-top-geschmack\/#primaryimage\"},\"image\":{\"@id\":\"https:\/\/vapingnet.de\/vape\/exklusiv-bang-king-15-000-puffs-double-apfel-top-geschmack\/#primaryimage\"},\"thumbnailUrl\":\"https:\/\/vapingnet.de\/wp-content\/uploads\/2025\/03\/Double-Apple.png\",\"datePublished\":\"2025-03-12T03:10:22+00:00\",\"dateModified\":\"2025-06-19T03:42:04+00:00\",\"description\":\"Entdecke Exklusiv Bang King 15.000 Puffs Double Apfel Top Geschmack bei vapingnet.de, \u25ba Gro\u00dfe Auswahl an Geschmacksrichtungen & super g\u00fcnstig!\",\"breadcrumb\":{\"@id\":\"https:\/\/vapingnet.de\/vape\/exklusiv-bang-king-15-000-puffs-double-apfel-top-geschmack\/#breadcrumb\"},\"inLanguage\":\"sk-SK\",\"potentialAction\":[{\"@type\":\"ReadAction\",\"target\":[\"https:\/\/vapingnet.de\/vape\/exklusiv-bang-king-15-000-puffs-double-apfel-top-geschmack\/\"]}]},{\"@type\":\"ImageObject\",\"inLanguage\":\"sk-SK\",\"@id\":\"https:\/\/vapingnet.de\/vape\/exklusiv-bang-king-15-000-puffs-double-apfel-top-geschmack\/#primaryimage\",\"url\":\"https:\/\/vapingnet.de\/wp-content\/uploads\/2025\/03\/Double-Apple.png\",\"contentUrl\":\"https:\/\/vapingnet.de\/wp-content\/uploads\/2025\/03\/Double-Apple.png\",\"width\":900,\"height\":600,\"caption\":\"Double Apple\"},{\"@type\":\"BreadcrumbList\",\"@id\":\"https:\/\/vapingnet.de\/vape\/exklusiv-bang-king-15-000-puffs-double-apfel-top-geschmack\/#breadcrumb\",\"itemListElement\":[{\"@type\":\"ListItem\",\"position\":1,\"name\":\"Home\",\"item\":\"https:\/\/vapingnet.de\/\"},{\"@type\":\"ListItem\",\"position\":2,\"name\":\"Shop\",\"item\":\"https:\/\/vapingnet.de\/vape\/\"},{\"@type\":\"ListItem\",\"position\":3,\"name\":\"Exklusiv Bang King 15.000 Puffs Double Apfel Top Geschmack\"}]},{\"@type\":\"WebSite\",\"@id\":\"https:\/\/vapingnet.de\/#website\",\"url\":\"https:\/\/vapingnet.de\/\",\"name\":\"Vapingnet.de\",\"description\":\"\",\"publisher\":{\"@id\":\"https:\/\/vapingnet.de\/#organization\"},\"potentialAction\":[{\"@type\":\"SearchAction\",\"target\":{\"@type\":\"EntryPoint\",\"urlTemplate\":\"https:\/\/vapingnet.de\/?s={search_term_string}\"},\"query-input\":{\"@type\":\"PropertyValueSpecification\",\"valueRequired\":true,\"valueName\":\"search_term_string\"}}],\"inLanguage\":\"sk-SK\"},{\"@type\":\"Organization\",\"@id\":\"https:\/\/vapingnet.de\/#organization\",\"name\":\"Vapingnet.de\",\"url\":\"https:\/\/vapingnet.de\/\",\"logo\":{\"@type\":\"ImageObject\",\"inLanguage\":\"sk-SK\",\"@id\":\"https:\/\/vapingnet.de\/#\/schema\/logo\/image\/\",\"url\":\"https:\/\/vapingnet.de\/wp-content\/uploads\/2025\/03\/cropped-vapingnet.de_.jpg\",\"contentUrl\":\"https:\/\/vapingnet.de\/wp-content\/uploads\/2025\/03\/cropped-vapingnet.de_.jpg\",\"width\":512,\"height\":512,\"caption\":\"Vapingnet.de\"},\"image\":{\"@id\":\"https:\/\/vapingnet.de\/#\/schema\/logo\/image\/\"},\"sameAs\":[\"https:\/\/www.facebook.com\/vapingnetde\/\"]}]}<\/script>\n<!-- \/ Yoast SEO plugin. -->","yoast_head_json":{"title":"Exklusiv Bang King 15.000 Puffs Double Apfel Top Geschmack | Vapingnet.de","description":"Entdecke Exklusiv Bang King 15.000 Puffs Double Apfel Top Geschmack bei vapingnet.de, \u25ba Gro\u00dfe Auswahl an Geschmacksrichtungen & super g\u00fcnstig!","robots":{"index":"index","follow":"follow","max-snippet":"max-snippet:-1","max-image-preview":"max-image-preview:large","max-video-preview":"max-video-preview:-1"},"canonical":"https:\/\/vapingnet.de\/sk\/vape\/exklusiv-bang-king-15-000-puffs-double-apfel-top-geschmack\/","og_locale":"sk_SK","og_type":"article","og_title":"Exklusiv Bang King 15.000 Puffs Double Apfel Top Geschmack | Vapingnet.de","og_description":"Entdecke Exklusiv Bang King 15.000 Puffs Double Apfel Top Geschmack bei vapingnet.de, \u25ba Gro\u00dfe Auswahl an Geschmacksrichtungen & super g\u00fcnstig!","og_url":"https:\/\/vapingnet.de\/sk\/vape\/exklusiv-bang-king-15-000-puffs-double-apfel-top-geschmack\/","og_site_name":"Vapingnet.de","article_publisher":"https:\/\/www.facebook.com\/vapingnetde\/","article_modified_time":"2025-06-19T03:42:04+00:00","og_image":[{"width":900,"height":600,"url":"https:\/\/vapingnet.de\/wp-content\/uploads\/2025\/03\/Double-Apple.png","type":"image\/png"}],"twitter_card":"summary_large_image","twitter_misc":{"Est. reading time":"4 minutes"},"schema":{"@context":"https:\/\/schema.org","@graph":[{"@type":"WebPage","@id":"https:\/\/vapingnet.de\/vape\/exklusiv-bang-king-15-000-puffs-double-apfel-top-geschmack\/","url":"https:\/\/vapingnet.de\/vape\/exklusiv-bang-king-15-000-puffs-double-apfel-top-geschmack\/","name":"Exklusiv Bang King 15.000 Puffs Double Apfel Top Geschmack | Vapingnet.de","isPartOf":{"@id":"https:\/\/vapingnet.de\/#website"},"primaryImageOfPage":{"@id":"https:\/\/vapingnet.de\/vape\/exklusiv-bang-king-15-000-puffs-double-apfel-top-geschmack\/#primaryimage"},"image":{"@id":"https:\/\/vapingnet.de\/vape\/exklusiv-bang-king-15-000-puffs-double-apfel-top-geschmack\/#primaryimage"},"thumbnailUrl":"https:\/\/vapingnet.de\/wp-content\/uploads\/2025\/03\/Double-Apple.png","datePublished":"2025-03-12T03:10:22+00:00","dateModified":"2025-06-19T03:42:04+00:00","description":"Entdecke Exklusiv Bang King 15.000 Puffs Double Apfel Top Geschmack bei vapingnet.de, \u25ba Gro\u00dfe Auswahl an Geschmacksrichtungen & super g\u00fcnstig!","breadcrumb":{"@id":"https:\/\/vapingnet.de\/vape\/exklusiv-bang-king-15-000-puffs-double-apfel-top-geschmack\/#breadcrumb"},"inLanguage":"sk-SK","potentialAction":[{"@type":"ReadAction","target":["https:\/\/vapingnet.de\/vape\/exklusiv-bang-king-15-000-puffs-double-apfel-top-geschmack\/"]}]},{"@type":"ImageObject","inLanguage":"sk-SK","@id":"https:\/\/vapingnet.de\/vape\/exklusiv-bang-king-15-000-puffs-double-apfel-top-geschmack\/#primaryimage","url":"https:\/\/vapingnet.de\/wp-content\/uploads\/2025\/03\/Double-Apple.png","contentUrl":"https:\/\/vapingnet.de\/wp-content\/uploads\/2025\/03\/Double-Apple.png","width":900,"height":600,"caption":"Double Apple"},{"@type":"BreadcrumbList","@id":"https:\/\/vapingnet.de\/vape\/exklusiv-bang-king-15-000-puffs-double-apfel-top-geschmack\/#breadcrumb","itemListElement":[{"@type":"ListItem","position":1,"name":"Home","item":"https:\/\/vapingnet.de\/"},{"@type":"ListItem","position":2,"name":"Shop","item":"https:\/\/vapingnet.de\/vape\/"},{"@type":"ListItem","position":3,"name":"Exklusiv Bang King 15.000 Puffs Double Apfel Top Geschmack"}]},{"@type":"WebSite","@id":"https:\/\/vapingnet.de\/#website","url":"https:\/\/vapingnet.de\/","name":"Vapingnet.de","description":"","publisher":{"@id":"https:\/\/vapingnet.de\/#organization"},"potentialAction":[{"@type":"SearchAction","target":{"@type":"EntryPoint","urlTemplate":"https:\/\/vapingnet.de\/?s={search_term_string}"},"query-input":{"@type":"PropertyValueSpecification","valueRequired":true,"valueName":"search_term_string"}}],"inLanguage":"sk-SK"},{"@type":"Organization","@id":"https:\/\/vapingnet.de\/#organization","name":"Vapingnet.de","url":"https:\/\/vapingnet.de\/","logo":{"@type":"ImageObject","inLanguage":"sk-SK","@id":"https:\/\/vapingnet.de\/#\/schema\/logo\/image\/","url":"https:\/\/vapingnet.de\/wp-content\/uploads\/2025\/03\/cropped-vapingnet.de_.jpg","contentUrl":"https:\/\/vapingnet.de\/wp-content\/uploads\/2025\/03\/cropped-vapingnet.de_.jpg","width":512,"height":512,"caption":"Vapingnet.de"},"image":{"@id":"https:\/\/vapingnet.de\/#\/schema\/logo\/image\/"},"sameAs":["https:\/\/www.facebook.com\/vapingnetde\/"]}]}},"tiered_pricing_type":"fixed","tiered_pricing_fixed_rules":{"10":"6.83","60":"6.15","110":"5.46","200":"4.78"},"tiered_pricing_product_settings":{"layout":"default","base_unit_name":{"singular":null,"plural":null},"default_variation":null},"tiered_pricing_minimum_quantity":null,"tiered_pricing_roles_data":[],"tiered_pricing_percentage_rules":[],"_links":{"self":[{"href":"https:\/\/vapingnet.de\/sk\/wp-json\/wp\/v2\/product\/5086","targetHints":{"allow":["GET"]}}],"collection":[{"href":"https:\/\/vapingnet.de\/sk\/wp-json\/wp\/v2\/product"}],"about":[{"href":"https:\/\/vapingnet.de\/sk\/wp-json\/wp\/v2\/types\/product"}],"version-history":[{"count":2,"href":"https:\/\/vapingnet.de\/sk\/wp-json\/wp\/v2\/product\/5086\/revisions"}],"predecessor-version":[{"id":6316,"href":"https:\/\/vapingnet.de\/sk\/wp-json\/wp\/v2\/product\/5086\/revisions\/6316"}],"wp:featuredmedia":[{"embeddable":true,"href":"https:\/\/vapingnet.de\/sk\/wp-json\/wp\/v2\/media\/5087"}],"wp:attachment":[{"href":"https:\/\/vapingnet.de\/sk\/wp-json\/wp\/v2\/media?parent=5086"}],"wp:term":[{"taxonomy":"brand","embeddable":true,"href":"https:\/\/vapingnet.de\/sk\/wp-json\/wp\/v2\/etheme_brands?post=5086"},{"taxonomy":"product_brand","embeddable":true,"href":"https:\/\/vapingnet.de\/sk\/wp-json\/wp\/v2\/product_brand?post=5086"},{"taxonomy":"product_cat","embeddable":true,"href":"https:\/\/vapingnet.de\/sk\/wp-json\/wp\/v2\/product_cat?post=5086"},{"taxonomy":"product_tag","embeddable":true,"href":"https:\/\/vapingnet.de\/sk\/wp-json\/wp\/v2\/product_tag?post=5086"}],"curies":[{"name":"wp","href":"https:\/\/api.w.org\/{rel}","templated":true}]}}