{"id":5089,"date":"2025-12-12T03:19:08","date_gmt":"2025-12-12T03:19:08","guid":{"rendered":"https:\/\/vapingnet.de\/?post_type=product&#038;p=5089"},"modified":"2025-12-13T02:44:00","modified_gmt":"2025-12-13T02:44:00","slug":"bang-king-digital-15000-puffs-peach-mango-der-perfekte-begleiter-fuer-ihre-freizeit","status":"publish","type":"product","link":"https:\/\/vapingnet.de\/sk\/vape\/bang-king-digital-15000-puffs-peach-mango-der-perfekte-begleiter-fuer-ihre-freizeit\/","title":{"rendered":"Bang King Digital 15000 Puffs Peach Mango Perfektn\u00fd spolo\u010dn\u00edk na vo\u013en\u00fd \u010das"},"content":{"rendered":"<h2 data-start=\"0\" data-end=\"86\">Bang King Digital 15000 Puffs \u2013 Prekra\u010dujte hranice, prekonajte o\u010dak\u00e1vania<\/h2>\n<p data-start=\"88\" data-end=\"489\">H\u013ead\u00e1te trval\u00fa, \u0161t\u00fdlov\u00fa a inovat\u00edvnu e-cigaretu? <a href=\"https:\/\/vapingnet.de\/sk\/bang-king-digital-15000-puffs\/\" target=\"_blank\" rel=\"noopener\"><strong>Bang King Digit\u00e1lny 15000 Pufov<\/strong><\/a> je pre v\u00e1s ide\u00e1lnou vo\u013ebou. S \u017eivotnos\u0165ou 15 000 potiahnut\u00ed v\u00e1m t\u00e1to e-cigareta pon\u00faka nep\u0159eru\u0161en\u00fd a jedine\u010dn\u00fd z\u00e1\u017eitok z vapovania. \u010ci u\u017e preferujete intenz\u00edvnu chu\u0165 alebo efekt\u00edvny v\u00fdkon, tento vaporiz\u00e9r v\u00e1m poskytne dokonal\u00fa rovnov\u00e1hu.<\/p>\n<h4 data-start=\"496\" data-end=\"518\">Hlavn\u00e9 vlastnosti:<\/h4>\n<ul>\n<li data-start=\"520\" data-end=\"582\">15000 potiahnut\u00ed, dlhodob\u00e9 pote\u0161enie bez preru\u0161enia<br \/>\nBang King Digital 15000 Puffs v\u00e1m s jeho extr\u00e9mne ve\u013ekou kapacitou zaru\u010duje kontinu\u00e1lny z\u00e1\u017eitok z faj\u010denia cez viac ako 15 000 potiahnut\u00ed. M\u00f4\u017eete si vychutn\u00e1va\u0165 e-cigaretu bez neust\u00e1leho dop\u013a\u0148ania alebo v\u00fdmeny zariaden\u00ed, \u010do z nej rob\u00ed ide\u00e1lnu vo\u013ebu pre ka\u017edodenn\u00e9 pou\u017eitie. Pre v\u0161etk\u00fdch, ktor\u00ed h\u013eadaj\u00fa praktick\u00e9 a dlhodob\u00e9 rie\u0161enie, je to perfektn\u00e1 vo\u013eba.<\/li>\n<li data-start=\"980\" data-end=\"1031\">Peach Mango chu\u0165, letn\u00e1 svie\u017eos\u0165<br \/>\n\u010ci u\u017e ste v upon\u00e1h\u013eanom pracovnom dni alebo v uvo\u013enenej vo\u013enej chv\u00edli, chu\u0165 Peach Mango prin\u00e1\u0161a osvie\u017euj\u00faci p\u00f4\u017eitok. Perfektn\u00e1 kombin\u00e1cia broskyne a manga prin\u00e1\u0161a sladk\u00fa, tropick\u00fa ovocn\u00fa chu\u0165, ktor\u00e1 ka\u017edej inhal\u00e1cii dod\u00e1va svie\u017eu, prirodzen\u00fa sladkos\u0165 \u2013 ako pobyt v tropickom ovocnom sade.<\/li>\n<li data-start=\"1413\" data-end=\"1494\">RGB LED sveteln\u00e9 efekty, dokonal\u00e1 s\u00fahra dizajnu a z\u00e1\u017eitku<br \/>\nIde pri <a href=\"https:\/\/vapingnet.de\/fr\/Brands\/bang-king-vape\/\" target=\"_blank\" rel=\"noopener\"><strong>Bang King vape<\/strong><\/a> nielen o chu\u0165, ale aj o vizu\u00e1lny dojem. RGB LED sveteln\u00e9 efekty zabezpe\u010duj\u00fa, \u017ee e-cigareta pri ka\u017edom pou\u017eit\u00ed \u017eiari \u0161t\u00fdlov\u00fdm svetlom. Pri\u0165ahuje v\u0161etky poh\u013eady a st\u00e1va sa m\u00f3dnym vyhl\u00e1sen\u00edm. Ka\u017ed\u00e1 inhal\u00e1cia je sprev\u00e1dzan\u00e1 fascinuj\u00facim sveteln\u00fdm efektom \u2013 e-cigareta, ktor\u00e1 je viac ne\u017e len produkt.<\/li>\n<li data-start=\"1938\" data-end=\"2014\">Dob\u00edjate\u013en\u00e1 bat\u00e9ria, dlh\u0161ia \u017eivotnos\u0165 a \u0161etrnos\u0165 k \u017eivotn\u00e9mu prostrediu<br \/>\nV\u010faka zabudovanej 650mAh dob\u00edjate\u013enej bat\u00e9rii a praktick\u00e9mu Type-C konektoru pon\u00faka Bang King Digital 15000 Puffs r\u00fdchle nab\u00edjanie. Do kr\u00e1tkeho \u010dasu je e-cigareta op\u00e4\u0165 pripraven\u00e1 na pou\u017eitie. Nemus\u00edte sa ob\u00e1va\u0165 vybit\u00fdch bat\u00e9ri\u00ed \u2013 \u0161etrn\u00e1 k \u017eivotn\u00e9mu prostrediu a praktick\u00e1!<\/li>\n<li data-start=\"2354\" data-end=\"2414\">Ve\u013ek\u00e1 kapacita e-liquidu pre dlhodob\u00e9 pote\u0161enie<br \/>\nS 25 ml e-liquidu sa nemus\u00edte neust\u00e1le stara\u0165 o dop\u013a\u0148anie alebo v\u00fdmenu zariadenia. Ka\u017ed\u00e1 inhal\u00e1cia zost\u00e1va bohat\u00e1 a pln\u00e1 chuti. M\u00f4\u017eete si vybra\u0165 medzi 0%, 2%, 3% alebo 5% nikot\u00ednu, pod\u013ea preferenci\u00ed. Ve\u013ek\u00e1 kapacita e-liquidu zabezpe\u010duje, \u017ee si m\u00f4\u017eete vychutn\u00e1va\u0165 dlh\u0161\u00ed \u010das bez neust\u00e1leho dop\u013a\u0148ania.<\/li>\n<\/ul>\n<h3>Pre\u010do si vybra\u0165 Bang King Digital 15000 Puffs?<\/h3>\n<ul data-start=\"3208\" data-end=\"3623\">\n<li data-start=\"3208\" data-end=\"3272\">Dlh\u00e1 \u017eivotnos\u0165: 15 000 potiahnut\u00ed pre dlhodob\u00e9 pote\u0161enie.<\/li>\n<li data-start=\"3273\" data-end=\"3348\">V\u00fdnimo\u010dn\u00e1 chu\u0165: Peach Mango pre tropick\u00fd ovocn\u00fd z\u00e1\u017eitok.<\/li>\n<li data-start=\"3349\" data-end=\"3417\">\u0160t\u00fdlov\u00e9 RGB sveteln\u00e9 efekty: V\u00e1\u0161 vaporiz\u00e9r sa stane stredobodom pozornosti.<\/li>\n<li data-start=\"3418\" data-end=\"3490\">Ve\u013ek\u00e1 kapacita e-liquidu: 25 ml pre dlh\u00e9 pou\u017e\u00edvanie bez dop\u013a\u0148ania.<\/li>\n<li data-start=\"3491\" data-end=\"3570\">\u017diadne clo: \u017diadne skryt\u00e9 n\u00e1klady \u2013 cena je transparentn\u00e1.<\/li>\n<\/ul>\n<p data-start=\"3630\" data-end=\"3940\" data-is-last-node=\"\" data-is-only-node=\"\">Nav\u0161t\u00edv teraz <a href=\"https:\/\/vapingnet.de\/sk\/\" target=\"_new\" rel=\"noopener\" data-start=\"3646\" data-end=\"3683\">vapingnet.de<\/a> a objednaj si svoju Bang King Digital 15000 Puffs! Ponor sa do ultim\u00e1tneho z\u00e1\u017eitku s vapovan\u00edm a za\u017ei e-cigaretu, ktor\u00e1 je nielen v\u00fdkonn\u00e1, ale aj \u0161t\u00fdlov\u00e1. Z\u00edskaj svoju e-cigaretu a za\u010dni svoje jedine\u010dn\u00e9 vapovacie dobrodru\u017estvo teraz!<\/p>","protected":false},"excerpt":{"rendered":"<p>Bang King Digital 15000 Puffs \u2013 Grenzen \u00fcberschreiten, Erwartungen \u00fcbertreffen Bist du auf der Suche nach einer dauerhaften, stilvollen und innovativen E-Zigarette? Bang King Digital&#8230;<\/p>","protected":false},"featured_media":5090,"template":"","meta":[],"etheme_brands":[],"product_brand":[101],"product_cat":[53,49,61],"product_tag":[],"class_list":{"0":"post-5089","1":"product","2":"type-product","3":"status-publish","4":"has-post-thumbnail","6":"product_brand-bang-king-vape","7":"product_cat-vape-15000-zuege","8":"product_cat-einweg-e-zigarette","9":"product_cat-f","11":"first","12":"instock","13":"shipping-taxable","14":"purchasable","15":"product-type-simple"},"yoast_head":"<!-- This site is optimized with the Yoast SEO plugin v26.5 - https:\/\/yoast.com\/wordpress\/plugins\/seo\/ -->\n<title>Bang King Digital 15000 Puffs Peach Mango Der perfekte Begleiter f\u00fcr Ihre Freizeit | Vapingnet.de<\/title>\n<meta name=\"description\" content=\"Entdecke Bang King Digital 15000 Puffs Peach Mango Der perfekte Begleiter f\u00fcr Ihre Freizeit bei vapingnet.de, \u25ba Gro\u00dfe Auswahl an Geschmacksrichtungen &amp; super g\u00fcnstig!\" \/>\n<meta name=\"robots\" content=\"index, follow, max-snippet:-1, max-image-preview:large, max-video-preview:-1\" \/>\n<link rel=\"canonical\" href=\"https:\/\/vapingnet.de\/sk\/vape\/bang-king-digital-15000-puffs-peach-mango-der-perfekte-begleiter-fuer-ihre-freizeit\/\" \/>\n<meta property=\"og:locale\" content=\"sk_SK\" \/>\n<meta property=\"og:type\" content=\"article\" \/>\n<meta property=\"og:title\" content=\"Bang King Digital 15000 Puffs Peach Mango Der perfekte Begleiter f\u00fcr Ihre Freizeit | Vapingnet.de\" \/>\n<meta property=\"og:description\" content=\"Entdecke Bang King Digital 15000 Puffs Peach Mango Der perfekte Begleiter f\u00fcr Ihre Freizeit bei vapingnet.de, \u25ba Gro\u00dfe Auswahl an Geschmacksrichtungen &amp; super g\u00fcnstig!\" \/>\n<meta property=\"og:url\" content=\"https:\/\/vapingnet.de\/sk\/vape\/bang-king-digital-15000-puffs-peach-mango-der-perfekte-begleiter-fuer-ihre-freizeit\/\" \/>\n<meta property=\"og:site_name\" content=\"Vapingnet.de\" \/>\n<meta property=\"article:publisher\" content=\"https:\/\/www.facebook.com\/vapingnetde\/\" \/>\n<meta property=\"article:modified_time\" content=\"2025-12-13T02:44:00+00:00\" \/>\n<meta property=\"og:image\" content=\"https:\/\/vapingnet.de\/wp-content\/uploads\/2025\/03\/Peach-Mango.png\" \/>\n\t<meta property=\"og:image:width\" content=\"900\" \/>\n\t<meta property=\"og:image:height\" content=\"600\" \/>\n\t<meta property=\"og:image:type\" content=\"image\/png\" \/>\n<meta name=\"twitter:card\" content=\"summary_large_image\" \/>\n<meta name=\"twitter:label1\" content=\"Est. reading time\" \/>\n\t<meta name=\"twitter:data1\" content=\"3 minutes\" \/>\n<script type=\"application\/ld+json\" class=\"yoast-schema-graph\">{\"@context\":\"https:\/\/schema.org\",\"@graph\":[{\"@type\":\"WebPage\",\"@id\":\"https:\/\/vapingnet.de\/vape\/bang-king-digital-15000-puffs-peach-mango-der-perfekte-begleiter-fuer-ihre-freizeit\/\",\"url\":\"https:\/\/vapingnet.de\/vape\/bang-king-digital-15000-puffs-peach-mango-der-perfekte-begleiter-fuer-ihre-freizeit\/\",\"name\":\"Bang King Digital 15000 Puffs Peach Mango Der perfekte Begleiter f\u00fcr Ihre Freizeit | Vapingnet.de\",\"isPartOf\":{\"@id\":\"https:\/\/vapingnet.de\/#website\"},\"primaryImageOfPage\":{\"@id\":\"https:\/\/vapingnet.de\/vape\/bang-king-digital-15000-puffs-peach-mango-der-perfekte-begleiter-fuer-ihre-freizeit\/#primaryimage\"},\"image\":{\"@id\":\"https:\/\/vapingnet.de\/vape\/bang-king-digital-15000-puffs-peach-mango-der-perfekte-begleiter-fuer-ihre-freizeit\/#primaryimage\"},\"thumbnailUrl\":\"https:\/\/vapingnet.de\/wp-content\/uploads\/2025\/03\/Peach-Mango.png\",\"datePublished\":\"2025-12-12T03:19:08+00:00\",\"dateModified\":\"2025-12-13T02:44:00+00:00\",\"description\":\"Entdecke Bang King Digital 15000 Puffs Peach Mango Der perfekte Begleiter f\u00fcr Ihre Freizeit bei vapingnet.de, \u25ba Gro\u00dfe Auswahl an Geschmacksrichtungen & super g\u00fcnstig!\",\"breadcrumb\":{\"@id\":\"https:\/\/vapingnet.de\/vape\/bang-king-digital-15000-puffs-peach-mango-der-perfekte-begleiter-fuer-ihre-freizeit\/#breadcrumb\"},\"inLanguage\":\"sk-SK\",\"potentialAction\":[{\"@type\":\"ReadAction\",\"target\":[\"https:\/\/vapingnet.de\/vape\/bang-king-digital-15000-puffs-peach-mango-der-perfekte-begleiter-fuer-ihre-freizeit\/\"]}]},{\"@type\":\"ImageObject\",\"inLanguage\":\"sk-SK\",\"@id\":\"https:\/\/vapingnet.de\/vape\/bang-king-digital-15000-puffs-peach-mango-der-perfekte-begleiter-fuer-ihre-freizeit\/#primaryimage\",\"url\":\"https:\/\/vapingnet.de\/wp-content\/uploads\/2025\/03\/Peach-Mango.png\",\"contentUrl\":\"https:\/\/vapingnet.de\/wp-content\/uploads\/2025\/03\/Peach-Mango.png\",\"width\":900,\"height\":600,\"caption\":\"Peach Mango\"},{\"@type\":\"BreadcrumbList\",\"@id\":\"https:\/\/vapingnet.de\/vape\/bang-king-digital-15000-puffs-peach-mango-der-perfekte-begleiter-fuer-ihre-freizeit\/#breadcrumb\",\"itemListElement\":[{\"@type\":\"ListItem\",\"position\":1,\"name\":\"Home\",\"item\":\"https:\/\/vapingnet.de\/\"},{\"@type\":\"ListItem\",\"position\":2,\"name\":\"Shop\",\"item\":\"https:\/\/vapingnet.de\/vape\/\"},{\"@type\":\"ListItem\",\"position\":3,\"name\":\"Bang King Digital 15000 Puffs Peach Mango Der perfekte Begleiter f\u00fcr Ihre Freizeit\"}]},{\"@type\":\"WebSite\",\"@id\":\"https:\/\/vapingnet.de\/#website\",\"url\":\"https:\/\/vapingnet.de\/\",\"name\":\"Vapingnet.de\",\"description\":\"\",\"publisher\":{\"@id\":\"https:\/\/vapingnet.de\/#organization\"},\"potentialAction\":[{\"@type\":\"SearchAction\",\"target\":{\"@type\":\"EntryPoint\",\"urlTemplate\":\"https:\/\/vapingnet.de\/?s={search_term_string}\"},\"query-input\":{\"@type\":\"PropertyValueSpecification\",\"valueRequired\":true,\"valueName\":\"search_term_string\"}}],\"inLanguage\":\"sk-SK\"},{\"@type\":\"Organization\",\"@id\":\"https:\/\/vapingnet.de\/#organization\",\"name\":\"Vapingnet.de\",\"url\":\"https:\/\/vapingnet.de\/\",\"logo\":{\"@type\":\"ImageObject\",\"inLanguage\":\"sk-SK\",\"@id\":\"https:\/\/vapingnet.de\/#\/schema\/logo\/image\/\",\"url\":\"https:\/\/vapingnet.de\/wp-content\/uploads\/2025\/03\/cropped-vapingnet.de_.jpg\",\"contentUrl\":\"https:\/\/vapingnet.de\/wp-content\/uploads\/2025\/03\/cropped-vapingnet.de_.jpg\",\"width\":512,\"height\":512,\"caption\":\"Vapingnet.de\"},\"image\":{\"@id\":\"https:\/\/vapingnet.de\/#\/schema\/logo\/image\/\"},\"sameAs\":[\"https:\/\/www.facebook.com\/vapingnetde\/\"]}]}<\/script>\n<!-- \/ Yoast SEO plugin. -->","yoast_head_json":{"title":"Bang King Digital 15000 Puffs Peach Mango Der perfekte Begleiter f\u00fcr Ihre Freizeit | Vapingnet.de","description":"Entdecke Bang King Digital 15000 Puffs Peach Mango Der perfekte Begleiter f\u00fcr Ihre Freizeit bei vapingnet.de, \u25ba Gro\u00dfe Auswahl an Geschmacksrichtungen & super g\u00fcnstig!","robots":{"index":"index","follow":"follow","max-snippet":"max-snippet:-1","max-image-preview":"max-image-preview:large","max-video-preview":"max-video-preview:-1"},"canonical":"https:\/\/vapingnet.de\/sk\/vape\/bang-king-digital-15000-puffs-peach-mango-der-perfekte-begleiter-fuer-ihre-freizeit\/","og_locale":"sk_SK","og_type":"article","og_title":"Bang King Digital 15000 Puffs Peach Mango Der perfekte Begleiter f\u00fcr Ihre Freizeit | Vapingnet.de","og_description":"Entdecke Bang King Digital 15000 Puffs Peach Mango Der perfekte Begleiter f\u00fcr Ihre Freizeit bei vapingnet.de, \u25ba Gro\u00dfe Auswahl an Geschmacksrichtungen & super g\u00fcnstig!","og_url":"https:\/\/vapingnet.de\/sk\/vape\/bang-king-digital-15000-puffs-peach-mango-der-perfekte-begleiter-fuer-ihre-freizeit\/","og_site_name":"Vapingnet.de","article_publisher":"https:\/\/www.facebook.com\/vapingnetde\/","article_modified_time":"2025-12-13T02:44:00+00:00","og_image":[{"width":900,"height":600,"url":"https:\/\/vapingnet.de\/wp-content\/uploads\/2025\/03\/Peach-Mango.png","type":"image\/png"}],"twitter_card":"summary_large_image","twitter_misc":{"Est. reading time":"3 minutes"},"schema":{"@context":"https:\/\/schema.org","@graph":[{"@type":"WebPage","@id":"https:\/\/vapingnet.de\/vape\/bang-king-digital-15000-puffs-peach-mango-der-perfekte-begleiter-fuer-ihre-freizeit\/","url":"https:\/\/vapingnet.de\/vape\/bang-king-digital-15000-puffs-peach-mango-der-perfekte-begleiter-fuer-ihre-freizeit\/","name":"Bang King Digital 15000 Puffs Peach Mango Der perfekte Begleiter f\u00fcr Ihre Freizeit | Vapingnet.de","isPartOf":{"@id":"https:\/\/vapingnet.de\/#website"},"primaryImageOfPage":{"@id":"https:\/\/vapingnet.de\/vape\/bang-king-digital-15000-puffs-peach-mango-der-perfekte-begleiter-fuer-ihre-freizeit\/#primaryimage"},"image":{"@id":"https:\/\/vapingnet.de\/vape\/bang-king-digital-15000-puffs-peach-mango-der-perfekte-begleiter-fuer-ihre-freizeit\/#primaryimage"},"thumbnailUrl":"https:\/\/vapingnet.de\/wp-content\/uploads\/2025\/03\/Peach-Mango.png","datePublished":"2025-12-12T03:19:08+00:00","dateModified":"2025-12-13T02:44:00+00:00","description":"Entdecke Bang King Digital 15000 Puffs Peach Mango Der perfekte Begleiter f\u00fcr Ihre Freizeit bei vapingnet.de, \u25ba Gro\u00dfe Auswahl an Geschmacksrichtungen & super g\u00fcnstig!","breadcrumb":{"@id":"https:\/\/vapingnet.de\/vape\/bang-king-digital-15000-puffs-peach-mango-der-perfekte-begleiter-fuer-ihre-freizeit\/#breadcrumb"},"inLanguage":"sk-SK","potentialAction":[{"@type":"ReadAction","target":["https:\/\/vapingnet.de\/vape\/bang-king-digital-15000-puffs-peach-mango-der-perfekte-begleiter-fuer-ihre-freizeit\/"]}]},{"@type":"ImageObject","inLanguage":"sk-SK","@id":"https:\/\/vapingnet.de\/vape\/bang-king-digital-15000-puffs-peach-mango-der-perfekte-begleiter-fuer-ihre-freizeit\/#primaryimage","url":"https:\/\/vapingnet.de\/wp-content\/uploads\/2025\/03\/Peach-Mango.png","contentUrl":"https:\/\/vapingnet.de\/wp-content\/uploads\/2025\/03\/Peach-Mango.png","width":900,"height":600,"caption":"Peach Mango"},{"@type":"BreadcrumbList","@id":"https:\/\/vapingnet.de\/vape\/bang-king-digital-15000-puffs-peach-mango-der-perfekte-begleiter-fuer-ihre-freizeit\/#breadcrumb","itemListElement":[{"@type":"ListItem","position":1,"name":"Home","item":"https:\/\/vapingnet.de\/"},{"@type":"ListItem","position":2,"name":"Shop","item":"https:\/\/vapingnet.de\/vape\/"},{"@type":"ListItem","position":3,"name":"Bang King Digital 15000 Puffs Peach Mango Der perfekte Begleiter f\u00fcr Ihre Freizeit"}]},{"@type":"WebSite","@id":"https:\/\/vapingnet.de\/#website","url":"https:\/\/vapingnet.de\/","name":"Vapingnet.de","description":"","publisher":{"@id":"https:\/\/vapingnet.de\/#organization"},"potentialAction":[{"@type":"SearchAction","target":{"@type":"EntryPoint","urlTemplate":"https:\/\/vapingnet.de\/?s={search_term_string}"},"query-input":{"@type":"PropertyValueSpecification","valueRequired":true,"valueName":"search_term_string"}}],"inLanguage":"sk-SK"},{"@type":"Organization","@id":"https:\/\/vapingnet.de\/#organization","name":"Vapingnet.de","url":"https:\/\/vapingnet.de\/","logo":{"@type":"ImageObject","inLanguage":"sk-SK","@id":"https:\/\/vapingnet.de\/#\/schema\/logo\/image\/","url":"https:\/\/vapingnet.de\/wp-content\/uploads\/2025\/03\/cropped-vapingnet.de_.jpg","contentUrl":"https:\/\/vapingnet.de\/wp-content\/uploads\/2025\/03\/cropped-vapingnet.de_.jpg","width":512,"height":512,"caption":"Vapingnet.de"},"image":{"@id":"https:\/\/vapingnet.de\/#\/schema\/logo\/image\/"},"sameAs":["https:\/\/www.facebook.com\/vapingnetde\/"]}]}},"tiered_pricing_type":"fixed","tiered_pricing_fixed_rules":{"10":"6.83","60":"6.15","110":"5.46","200":"4.78"},"tiered_pricing_product_settings":{"layout":"default","base_unit_name":{"singular":null,"plural":null},"default_variation":null},"tiered_pricing_minimum_quantity":null,"tiered_pricing_roles_data":[],"tiered_pricing_percentage_rules":[],"_links":{"self":[{"href":"https:\/\/vapingnet.de\/sk\/wp-json\/wp\/v2\/product\/5089","targetHints":{"allow":["GET"]}}],"collection":[{"href":"https:\/\/vapingnet.de\/sk\/wp-json\/wp\/v2\/product"}],"about":[{"href":"https:\/\/vapingnet.de\/sk\/wp-json\/wp\/v2\/types\/product"}],"version-history":[{"count":4,"href":"https:\/\/vapingnet.de\/sk\/wp-json\/wp\/v2\/product\/5089\/revisions"}],"predecessor-version":[{"id":7313,"href":"https:\/\/vapingnet.de\/sk\/wp-json\/wp\/v2\/product\/5089\/revisions\/7313"}],"wp:featuredmedia":[{"embeddable":true,"href":"https:\/\/vapingnet.de\/sk\/wp-json\/wp\/v2\/media\/5090"}],"wp:attachment":[{"href":"https:\/\/vapingnet.de\/sk\/wp-json\/wp\/v2\/media?parent=5089"}],"wp:term":[{"taxonomy":"brand","embeddable":true,"href":"https:\/\/vapingnet.de\/sk\/wp-json\/wp\/v2\/etheme_brands?post=5089"},{"taxonomy":"product_brand","embeddable":true,"href":"https:\/\/vapingnet.de\/sk\/wp-json\/wp\/v2\/product_brand?post=5089"},{"taxonomy":"product_cat","embeddable":true,"href":"https:\/\/vapingnet.de\/sk\/wp-json\/wp\/v2\/product_cat?post=5089"},{"taxonomy":"product_tag","embeddable":true,"href":"https:\/\/vapingnet.de\/sk\/wp-json\/wp\/v2\/product_tag?post=5089"}],"curies":[{"name":"wp","href":"https:\/\/api.w.org\/{rel}","templated":true}]}}