{"id":5093,"date":"2025-12-12T03:26:35","date_gmt":"2025-12-12T03:26:35","guid":{"rendered":"https:\/\/vapingnet.de\/?post_type=product&#038;p=5093"},"modified":"2025-12-13T02:42:44","modified_gmt":"2025-12-13T02:42:44","slug":"pink-lemonade-bei-bang-king-digital-15000-puffs-ein-traum-fuer-ihren-geschmack-ohne-zollkosten","status":"publish","type":"product","link":"https:\/\/vapingnet.de\/sk\/vape\/pink-lemonade-bei-bang-king-digital-15000-puffs-ein-traum-fuer-ihren-geschmack-ohne-zollkosten\/","title":{"rendered":"Pink Lemonade pri Bang King Digital 15000 Puffs Sen pre v\u00e1\u0161 chu\u0165 bez coln\u00fdch poplatkov"},"content":{"rendered":"<h2 data-start=\"0\" data-end=\"98\">Bang King Digital 15000 Puffs: Vychutnajte si prvotriedne z\u00e1\u017eitky a neobmedzen\u00fa z\u00e1bavu<\/h2>\n<p data-start=\"100\" data-end=\"505\">H\u013ead\u00e1te elektronick\u00fa cigaretu, ktor\u00e1 sp\u00e1ja v\u00fdkon aj dizajn a pon\u00faka extr\u00e9mne dlh\u00fa dobu pou\u017e\u00edvania a nezabudnute\u013en\u00fd z\u00e1\u017eitok? Potom je Bang King Digital 15000 Puffs tou spr\u00e1vnou vo\u013ebou pre v\u00e1s. T\u00e1to jednorazov\u00e1 e-cigareta nie je len \u0161pi\u010dkov\u00fdm modelom, ale prin\u00e1\u0161a v\u00e1m aj chu\u0165, v\u00fdkon a \u0161t\u00fdl na nov\u00fa \u00farove\u0148.<\/p>\n<h4 data-start=\"512\" data-end=\"535\">Hlavn\u00e9 vlastnosti:<\/h4>\n<ol data-start=\"537\" data-end=\"2525\">\n<li data-start=\"537\" data-end=\"944\">\n<p data-start=\"540\" data-end=\"611\">Extr\u00e9mne dlh\u00e1 doba pou\u017e\u00edvania: 15 000 \u0165ahov pre nepretr\u017eit\u00fd p\u00f4\u017eitok<\/p>\n<ul data-start=\"615\" data-end=\"944\">\n<li data-start=\"615\" data-end=\"817\">T\u00e1to e-cigareta je vybaven\u00e1 25 ml tekutiny a dob\u00edjate\u013enou bat\u00e9riou s kapacitou 650 mAh a pon\u00faka a\u017e 15 000 \u0165ahov, \u010do bez probl\u00e9mov pokryje va\u0161e dlhodob\u00e9 po\u017eiadavky na vaping.<\/li>\n<li data-start=\"821\" data-end=\"944\">Nie je potrebn\u00e9 neust\u00e1le dop\u013a\u0148a\u0165 alebo nab\u00edja\u0165, Bang King Digital zabezpe\u010d\u00ed, \u017ee si m\u00f4\u017eete vychutn\u00e1va\u0165 ka\u017ed\u00fd de\u0148.<\/li>\n<\/ul>\n<\/li>\n<li data-start=\"946\" data-end=\"1268\">\n<p data-start=\"949\" data-end=\"997\">Prirodzen\u00e1 chu\u0165 ru\u017eovej limon\u00e1dy: osvie\u017euj\u00faca a sladk\u00e1<\/p>\n<ul data-start=\"1001\" data-end=\"1268\">\n<li data-start=\"1001\" data-end=\"1268\">Chu\u0165 ru\u017eovej limon\u00e1dy dokonale sp\u00e1ja svie\u017eu citrusov\u00fa note a sladk\u00fa ovocnos\u0165. Je to ako vychutn\u00e1va\u0165 si osvie\u017euj\u00faci poh\u00e1r limon\u00e1dy po\u010das hor\u00faceho letn\u00e9ho d\u0148a \u2013 osvie\u017euj\u00faci z\u00e1\u017eitok s dlhotrvaj\u00facou sladkos\u0165ou.<\/li>\n<\/ul>\n<\/li>\n<li data-start=\"1270\" data-end=\"1545\">\n<p data-start=\"1273\" data-end=\"1328\">Skvel\u00e9 RGB osvetlenie: ka\u017ed\u00fd \u0165ah je z\u00e1\u017eitkom<\/p>\n<ul data-start=\"1332\" data-end=\"1545\">\n<li data-start=\"1332\" data-end=\"1545\">Pri ka\u017edom \u0165ahu sa rozsvieti <a href=\"https:\/\/vapingnet.de\/fr\/Brands\/bang-king-vape\/\" target=\"_blank\" rel=\"noopener\"><strong>Bang King Vape<\/strong><\/a> s \u00fa\u017easn\u00fdm RGB osvetlen\u00edm, ktor\u00e9 obohacuje v\u00e1\u0161 vapingov\u00fd z\u00e1\u017eitok \u017eiv\u00fdmi farbami a z\u00e1rove\u0148 pod\u010diarkuje v\u00e1\u0161 osobn\u00fd \u0161t\u00fdl.<\/li>\n<\/ul>\n<\/li>\n<li data-start=\"1547\" data-end=\"1862\">\n<p data-start=\"1550\" data-end=\"1602\">R\u00f4zne \u00farovne nikot\u00ednu: pre ka\u017ed\u00e9 potreby<\/p>\n<ul data-start=\"1606\" data-end=\"1862\">\n<li data-start=\"1606\" data-end=\"1862\">Vyberte si zo \u0161tyroch \u00farovn\u00ed nikot\u00ednu: 0%, 2%, 3%, 5%. T\u00e1to rozmanitos\u0165 zabezpe\u010duje, \u017ee dostanete presne to, \u010do potrebujete. Nikot\u00edn 0% a 3% s\u00fa dostupn\u00e9 len pri ve\u013ek\u00fdch objedn\u00e1vkach, ide\u00e1lne pre \u013eud\u00ed, ktor\u00ed h\u013eadaj\u00fa \u0161pecifick\u00e9 mo\u017enosti.<\/li>\n<\/ul>\n<\/li>\n<li data-start=\"1864\" data-end=\"2172\">\n<p data-start=\"1867\" data-end=\"1921\">R\u00fdchle nab\u00edjanie: v\u017edy pripraven\u00e9 na \u010fal\u0161\u00ed \u0165ah<\/p>\n<ul data-start=\"1925\" data-end=\"2172\">\n<li data-start=\"1925\" data-end=\"2172\">S pripojen\u00edm Type-C a dob\u00edjate\u013enou bat\u00e9riou s kapacitou 650 mAh nie je r\u00fdchle nab\u00edjanie probl\u00e9m. Ke\u010f je bat\u00e9ria pln\u00e1, m\u00f4\u017eete okam\u017eite pokra\u010dova\u0165 v vapovan\u00ed \u2013 pre plynul\u00e9 pou\u017e\u00edvanie kedyko\u013evek a kdeko\u013evek.<\/li>\n<\/ul>\n<\/li>\n<li data-start=\"2174\" data-end=\"2525\">\n<p data-start=\"2177\" data-end=\"2222\">\u017diadne clo a r\u00fdchle doru\u010denie<\/p>\n<ul data-start=\"2226\" data-end=\"2525\">\n<li data-start=\"2226\" data-end=\"2525\">Pri k\u00fape Bang King Digital 15000 Puffs sa nemus\u00edte ob\u00e1va\u0165 dodato\u010dn\u00fdch coln\u00fdch poplatkov, preto\u017ee je dod\u00e1van\u00e1 bez cla.<\/li>\n<\/ul>\n<\/li>\n<\/ol>\n<h3 data-start=\"2532\" data-end=\"2596\">Pre koho je Bang King Digital 15000 Puffs vhodn\u00e1?<\/h3>\n<ul data-start=\"2598\" data-end=\"3282\">\n<li data-start=\"2598\" data-end=\"2793\">Ak chcete dlhodobo vapova\u0165 s jedn\u00fdm zariaden\u00edm, Bang King Digital pon\u00faka a\u017e <a href=\"https:\/\/vapingnet.de\/sk\/k\/vape-15000-zuege\/\" target=\"_blank\" rel=\"noopener\"><strong>15 000  \u0165ahov<\/strong><\/a>, tak\u017ee nemus\u00edte neust\u00e1le meni\u0165 zariadenie alebo dop\u013a\u0148a\u0165 tekutinu.<\/li>\n<li data-start=\"2794\" data-end=\"2971\">Ak preferujete osvie\u017euj\u00facu chu\u0165, chu\u0165 ru\u017eovej limon\u00e1dy v\u00e1m poskytne dokonal\u00fa rovnov\u00e1hu medzi svie\u017eos\u0165ou a sladkos\u0165ou, ktor\u00e1 pohlad\u00ed va\u0161e chu\u0165ov\u00e9 poh\u00e1riky.<\/li>\n<li data-start=\"2972\" data-end=\"3125\">Ak kladiete d\u00f4raz na dizajn, RGB osvetlenie obohat\u00ed va\u0161e z\u00e1\u017eitky z vapovania vizu\u00e1lne a zd\u00f4razn\u00ed v\u00e1\u0161 osobn\u00fd \u0161t\u00fdl.<\/li>\n<li data-start=\"3126\" data-end=\"3282\">Ak potrebujete r\u00f4zne \u00farovne nikot\u00ednu, m\u00e1me \u0161irok\u00fd v\u00fdber s modelmi 0%, 2%, 3% a 5%, aby sme splnili va\u0161e \u0161pecifick\u00e9 potreby.<\/li>\n<\/ul>\n<p>K\u00fapte teraz a za\u017eite jedine\u010dn\u00fd svet e-cigariet!<\/p>\n<p data-start=\"3364\" data-end=\"3758\" data-is-last-node=\"\" data-is-only-node=\"\">Nav\u0161t\u00edvte e\u0161te dnes <a href=\"https:\/\/vapingnet.de\/sk\/\" target=\"_new\" rel=\"noopener\" data-start=\"3388\" data-end=\"3425\">vapingnet.de<\/a> a objednajte si svoju Bang King Digital 15000 Puffs. R\u00fdchle doru\u010denie, bez cla a bez \u010dakania \u2013 vychutnajte si kvalitn\u00fa, v\u00fdkonn\u00fa a \u0161t\u00fdlov\u00fa e-cigaretu v kr\u00e1tkom \u010dase. Urobte ka\u017ed\u00fd \u0165ah jedine\u010dn\u00fdm okamihom a za\u017eite neobmedzen\u00e9 mo\u017enosti Bang King Digital!<\/p>","protected":false},"excerpt":{"rendered":"<p>Bang King Digital 15000 Puffs: Genie\u00dfen Sie erstklassige Erfahrungen und grenzenlosen Spa\u00df Sind Sie auf der Suche nach einer E-Zigarette, die sowohl Leistung als auch&#8230;<\/p>","protected":false},"featured_media":5094,"template":"","meta":[],"etheme_brands":[],"product_brand":[101],"product_cat":[53,49,61],"product_tag":[],"class_list":{"0":"post-5093","1":"product","2":"type-product","3":"status-publish","4":"has-post-thumbnail","6":"product_brand-bang-king-vape","7":"product_cat-vape-15000-zuege","8":"product_cat-einweg-e-zigarette","9":"product_cat-f","11":"first","12":"instock","13":"shipping-taxable","14":"purchasable","15":"product-type-simple"},"yoast_head":"<!-- This site is optimized with the Yoast SEO plugin v26.5 - https:\/\/yoast.com\/wordpress\/plugins\/seo\/ -->\n<title>Pink Lemonade bei Bang King Digital 15000 Puffs Ein Traum f\u00fcr Ihren Geschmack ohne Zollkosten | Vapingnet.de<\/title>\n<meta name=\"description\" content=\"Entdecke Pink Lemonade bei Bang King Digital 15000 Puffs Ein Traum f\u00fcr Ihren Geschmack ohne Zollkosten bei vapingnet.de, \u25ba Gro\u00dfe Auswahl an Geschmacksrichtungen &amp; super g\u00fcnstig!\" \/>\n<meta name=\"robots\" content=\"index, follow, max-snippet:-1, max-image-preview:large, max-video-preview:-1\" \/>\n<link rel=\"canonical\" href=\"https:\/\/vapingnet.de\/sk\/vape\/pink-lemonade-bei-bang-king-digital-15000-puffs-ein-traum-fuer-ihren-geschmack-ohne-zollkosten\/\" \/>\n<meta property=\"og:locale\" content=\"sk_SK\" \/>\n<meta property=\"og:type\" content=\"article\" \/>\n<meta property=\"og:title\" content=\"Pink Lemonade bei Bang King Digital 15000 Puffs Ein Traum f\u00fcr Ihren Geschmack ohne Zollkosten | Vapingnet.de\" \/>\n<meta property=\"og:description\" content=\"Entdecke Pink Lemonade bei Bang King Digital 15000 Puffs Ein Traum f\u00fcr Ihren Geschmack ohne Zollkosten bei vapingnet.de, \u25ba Gro\u00dfe Auswahl an Geschmacksrichtungen &amp; super g\u00fcnstig!\" \/>\n<meta property=\"og:url\" content=\"https:\/\/vapingnet.de\/sk\/vape\/pink-lemonade-bei-bang-king-digital-15000-puffs-ein-traum-fuer-ihren-geschmack-ohne-zollkosten\/\" \/>\n<meta property=\"og:site_name\" content=\"Vapingnet.de\" \/>\n<meta property=\"article:publisher\" content=\"https:\/\/www.facebook.com\/vapingnetde\/\" \/>\n<meta property=\"article:modified_time\" content=\"2025-12-13T02:42:44+00:00\" \/>\n<meta property=\"og:image\" content=\"https:\/\/vapingnet.de\/wp-content\/uploads\/2025\/03\/Pink-Lemonade.png\" \/>\n\t<meta property=\"og:image:width\" content=\"900\" \/>\n\t<meta property=\"og:image:height\" content=\"600\" \/>\n\t<meta property=\"og:image:type\" content=\"image\/png\" \/>\n<meta name=\"twitter:card\" content=\"summary_large_image\" \/>\n<meta name=\"twitter:label1\" content=\"Est. reading time\" \/>\n\t<meta name=\"twitter:data1\" content=\"3 minutes\" \/>\n<script type=\"application\/ld+json\" class=\"yoast-schema-graph\">{\"@context\":\"https:\/\/schema.org\",\"@graph\":[{\"@type\":\"WebPage\",\"@id\":\"https:\/\/vapingnet.de\/vape\/pink-lemonade-bei-bang-king-digital-15000-puffs-ein-traum-fuer-ihren-geschmack-ohne-zollkosten\/\",\"url\":\"https:\/\/vapingnet.de\/vape\/pink-lemonade-bei-bang-king-digital-15000-puffs-ein-traum-fuer-ihren-geschmack-ohne-zollkosten\/\",\"name\":\"Pink Lemonade bei Bang King Digital 15000 Puffs Ein Traum f\u00fcr Ihren Geschmack ohne Zollkosten | Vapingnet.de\",\"isPartOf\":{\"@id\":\"https:\/\/vapingnet.de\/#website\"},\"primaryImageOfPage\":{\"@id\":\"https:\/\/vapingnet.de\/vape\/pink-lemonade-bei-bang-king-digital-15000-puffs-ein-traum-fuer-ihren-geschmack-ohne-zollkosten\/#primaryimage\"},\"image\":{\"@id\":\"https:\/\/vapingnet.de\/vape\/pink-lemonade-bei-bang-king-digital-15000-puffs-ein-traum-fuer-ihren-geschmack-ohne-zollkosten\/#primaryimage\"},\"thumbnailUrl\":\"https:\/\/vapingnet.de\/wp-content\/uploads\/2025\/03\/Pink-Lemonade.png\",\"datePublished\":\"2025-12-12T03:26:35+00:00\",\"dateModified\":\"2025-12-13T02:42:44+00:00\",\"description\":\"Entdecke Pink Lemonade bei Bang King Digital 15000 Puffs Ein Traum f\u00fcr Ihren Geschmack ohne Zollkosten bei vapingnet.de, \u25ba Gro\u00dfe Auswahl an Geschmacksrichtungen & super g\u00fcnstig!\",\"breadcrumb\":{\"@id\":\"https:\/\/vapingnet.de\/vape\/pink-lemonade-bei-bang-king-digital-15000-puffs-ein-traum-fuer-ihren-geschmack-ohne-zollkosten\/#breadcrumb\"},\"inLanguage\":\"sk-SK\",\"potentialAction\":[{\"@type\":\"ReadAction\",\"target\":[\"https:\/\/vapingnet.de\/vape\/pink-lemonade-bei-bang-king-digital-15000-puffs-ein-traum-fuer-ihren-geschmack-ohne-zollkosten\/\"]}]},{\"@type\":\"ImageObject\",\"inLanguage\":\"sk-SK\",\"@id\":\"https:\/\/vapingnet.de\/vape\/pink-lemonade-bei-bang-king-digital-15000-puffs-ein-traum-fuer-ihren-geschmack-ohne-zollkosten\/#primaryimage\",\"url\":\"https:\/\/vapingnet.de\/wp-content\/uploads\/2025\/03\/Pink-Lemonade.png\",\"contentUrl\":\"https:\/\/vapingnet.de\/wp-content\/uploads\/2025\/03\/Pink-Lemonade.png\",\"width\":900,\"height\":600,\"caption\":\"Pink Lemonade\"},{\"@type\":\"BreadcrumbList\",\"@id\":\"https:\/\/vapingnet.de\/vape\/pink-lemonade-bei-bang-king-digital-15000-puffs-ein-traum-fuer-ihren-geschmack-ohne-zollkosten\/#breadcrumb\",\"itemListElement\":[{\"@type\":\"ListItem\",\"position\":1,\"name\":\"Home\",\"item\":\"https:\/\/vapingnet.de\/\"},{\"@type\":\"ListItem\",\"position\":2,\"name\":\"Shop\",\"item\":\"https:\/\/vapingnet.de\/vape\/\"},{\"@type\":\"ListItem\",\"position\":3,\"name\":\"Pink Lemonade bei Bang King Digital 15000 Puffs Ein Traum f\u00fcr Ihren Geschmack ohne Zollkosten\"}]},{\"@type\":\"WebSite\",\"@id\":\"https:\/\/vapingnet.de\/#website\",\"url\":\"https:\/\/vapingnet.de\/\",\"name\":\"Vapingnet.de\",\"description\":\"\",\"publisher\":{\"@id\":\"https:\/\/vapingnet.de\/#organization\"},\"potentialAction\":[{\"@type\":\"SearchAction\",\"target\":{\"@type\":\"EntryPoint\",\"urlTemplate\":\"https:\/\/vapingnet.de\/?s={search_term_string}\"},\"query-input\":{\"@type\":\"PropertyValueSpecification\",\"valueRequired\":true,\"valueName\":\"search_term_string\"}}],\"inLanguage\":\"sk-SK\"},{\"@type\":\"Organization\",\"@id\":\"https:\/\/vapingnet.de\/#organization\",\"name\":\"Vapingnet.de\",\"url\":\"https:\/\/vapingnet.de\/\",\"logo\":{\"@type\":\"ImageObject\",\"inLanguage\":\"sk-SK\",\"@id\":\"https:\/\/vapingnet.de\/#\/schema\/logo\/image\/\",\"url\":\"https:\/\/vapingnet.de\/wp-content\/uploads\/2025\/03\/cropped-vapingnet.de_.jpg\",\"contentUrl\":\"https:\/\/vapingnet.de\/wp-content\/uploads\/2025\/03\/cropped-vapingnet.de_.jpg\",\"width\":512,\"height\":512,\"caption\":\"Vapingnet.de\"},\"image\":{\"@id\":\"https:\/\/vapingnet.de\/#\/schema\/logo\/image\/\"},\"sameAs\":[\"https:\/\/www.facebook.com\/vapingnetde\/\"]}]}<\/script>\n<!-- \/ Yoast SEO plugin. -->","yoast_head_json":{"title":"Pink Lemonade bei Bang King Digital 15000 Puffs Ein Traum f\u00fcr Ihren Geschmack ohne Zollkosten | Vapingnet.de","description":"Entdecke Pink Lemonade bei Bang King Digital 15000 Puffs Ein Traum f\u00fcr Ihren Geschmack ohne Zollkosten bei vapingnet.de, \u25ba Gro\u00dfe Auswahl an Geschmacksrichtungen & super g\u00fcnstig!","robots":{"index":"index","follow":"follow","max-snippet":"max-snippet:-1","max-image-preview":"max-image-preview:large","max-video-preview":"max-video-preview:-1"},"canonical":"https:\/\/vapingnet.de\/sk\/vape\/pink-lemonade-bei-bang-king-digital-15000-puffs-ein-traum-fuer-ihren-geschmack-ohne-zollkosten\/","og_locale":"sk_SK","og_type":"article","og_title":"Pink Lemonade bei Bang King Digital 15000 Puffs Ein Traum f\u00fcr Ihren Geschmack ohne Zollkosten | Vapingnet.de","og_description":"Entdecke Pink Lemonade bei Bang King Digital 15000 Puffs Ein Traum f\u00fcr Ihren Geschmack ohne Zollkosten bei vapingnet.de, \u25ba Gro\u00dfe Auswahl an Geschmacksrichtungen & super g\u00fcnstig!","og_url":"https:\/\/vapingnet.de\/sk\/vape\/pink-lemonade-bei-bang-king-digital-15000-puffs-ein-traum-fuer-ihren-geschmack-ohne-zollkosten\/","og_site_name":"Vapingnet.de","article_publisher":"https:\/\/www.facebook.com\/vapingnetde\/","article_modified_time":"2025-12-13T02:42:44+00:00","og_image":[{"width":900,"height":600,"url":"https:\/\/vapingnet.de\/wp-content\/uploads\/2025\/03\/Pink-Lemonade.png","type":"image\/png"}],"twitter_card":"summary_large_image","twitter_misc":{"Est. reading time":"3 minutes"},"schema":{"@context":"https:\/\/schema.org","@graph":[{"@type":"WebPage","@id":"https:\/\/vapingnet.de\/vape\/pink-lemonade-bei-bang-king-digital-15000-puffs-ein-traum-fuer-ihren-geschmack-ohne-zollkosten\/","url":"https:\/\/vapingnet.de\/vape\/pink-lemonade-bei-bang-king-digital-15000-puffs-ein-traum-fuer-ihren-geschmack-ohne-zollkosten\/","name":"Pink Lemonade bei Bang King Digital 15000 Puffs Ein Traum f\u00fcr Ihren Geschmack ohne Zollkosten | Vapingnet.de","isPartOf":{"@id":"https:\/\/vapingnet.de\/#website"},"primaryImageOfPage":{"@id":"https:\/\/vapingnet.de\/vape\/pink-lemonade-bei-bang-king-digital-15000-puffs-ein-traum-fuer-ihren-geschmack-ohne-zollkosten\/#primaryimage"},"image":{"@id":"https:\/\/vapingnet.de\/vape\/pink-lemonade-bei-bang-king-digital-15000-puffs-ein-traum-fuer-ihren-geschmack-ohne-zollkosten\/#primaryimage"},"thumbnailUrl":"https:\/\/vapingnet.de\/wp-content\/uploads\/2025\/03\/Pink-Lemonade.png","datePublished":"2025-12-12T03:26:35+00:00","dateModified":"2025-12-13T02:42:44+00:00","description":"Entdecke Pink Lemonade bei Bang King Digital 15000 Puffs Ein Traum f\u00fcr Ihren Geschmack ohne Zollkosten bei vapingnet.de, \u25ba Gro\u00dfe Auswahl an Geschmacksrichtungen & super g\u00fcnstig!","breadcrumb":{"@id":"https:\/\/vapingnet.de\/vape\/pink-lemonade-bei-bang-king-digital-15000-puffs-ein-traum-fuer-ihren-geschmack-ohne-zollkosten\/#breadcrumb"},"inLanguage":"sk-SK","potentialAction":[{"@type":"ReadAction","target":["https:\/\/vapingnet.de\/vape\/pink-lemonade-bei-bang-king-digital-15000-puffs-ein-traum-fuer-ihren-geschmack-ohne-zollkosten\/"]}]},{"@type":"ImageObject","inLanguage":"sk-SK","@id":"https:\/\/vapingnet.de\/vape\/pink-lemonade-bei-bang-king-digital-15000-puffs-ein-traum-fuer-ihren-geschmack-ohne-zollkosten\/#primaryimage","url":"https:\/\/vapingnet.de\/wp-content\/uploads\/2025\/03\/Pink-Lemonade.png","contentUrl":"https:\/\/vapingnet.de\/wp-content\/uploads\/2025\/03\/Pink-Lemonade.png","width":900,"height":600,"caption":"Pink Lemonade"},{"@type":"BreadcrumbList","@id":"https:\/\/vapingnet.de\/vape\/pink-lemonade-bei-bang-king-digital-15000-puffs-ein-traum-fuer-ihren-geschmack-ohne-zollkosten\/#breadcrumb","itemListElement":[{"@type":"ListItem","position":1,"name":"Home","item":"https:\/\/vapingnet.de\/"},{"@type":"ListItem","position":2,"name":"Shop","item":"https:\/\/vapingnet.de\/vape\/"},{"@type":"ListItem","position":3,"name":"Pink Lemonade bei Bang King Digital 15000 Puffs Ein Traum f\u00fcr Ihren Geschmack ohne Zollkosten"}]},{"@type":"WebSite","@id":"https:\/\/vapingnet.de\/#website","url":"https:\/\/vapingnet.de\/","name":"Vapingnet.de","description":"","publisher":{"@id":"https:\/\/vapingnet.de\/#organization"},"potentialAction":[{"@type":"SearchAction","target":{"@type":"EntryPoint","urlTemplate":"https:\/\/vapingnet.de\/?s={search_term_string}"},"query-input":{"@type":"PropertyValueSpecification","valueRequired":true,"valueName":"search_term_string"}}],"inLanguage":"sk-SK"},{"@type":"Organization","@id":"https:\/\/vapingnet.de\/#organization","name":"Vapingnet.de","url":"https:\/\/vapingnet.de\/","logo":{"@type":"ImageObject","inLanguage":"sk-SK","@id":"https:\/\/vapingnet.de\/#\/schema\/logo\/image\/","url":"https:\/\/vapingnet.de\/wp-content\/uploads\/2025\/03\/cropped-vapingnet.de_.jpg","contentUrl":"https:\/\/vapingnet.de\/wp-content\/uploads\/2025\/03\/cropped-vapingnet.de_.jpg","width":512,"height":512,"caption":"Vapingnet.de"},"image":{"@id":"https:\/\/vapingnet.de\/#\/schema\/logo\/image\/"},"sameAs":["https:\/\/www.facebook.com\/vapingnetde\/"]}]}},"tiered_pricing_type":"fixed","tiered_pricing_fixed_rules":{"10":"6.83","60":"6.15","110":"5.46","200":"4.78"},"tiered_pricing_product_settings":{"layout":"default","base_unit_name":{"singular":null,"plural":null},"default_variation":null},"tiered_pricing_minimum_quantity":null,"tiered_pricing_roles_data":[],"tiered_pricing_percentage_rules":[],"_links":{"self":[{"href":"https:\/\/vapingnet.de\/sk\/wp-json\/wp\/v2\/product\/5093","targetHints":{"allow":["GET"]}}],"collection":[{"href":"https:\/\/vapingnet.de\/sk\/wp-json\/wp\/v2\/product"}],"about":[{"href":"https:\/\/vapingnet.de\/sk\/wp-json\/wp\/v2\/types\/product"}],"version-history":[{"count":3,"href":"https:\/\/vapingnet.de\/sk\/wp-json\/wp\/v2\/product\/5093\/revisions"}],"predecessor-version":[{"id":7309,"href":"https:\/\/vapingnet.de\/sk\/wp-json\/wp\/v2\/product\/5093\/revisions\/7309"}],"wp:featuredmedia":[{"embeddable":true,"href":"https:\/\/vapingnet.de\/sk\/wp-json\/wp\/v2\/media\/5094"}],"wp:attachment":[{"href":"https:\/\/vapingnet.de\/sk\/wp-json\/wp\/v2\/media?parent=5093"}],"wp:term":[{"taxonomy":"brand","embeddable":true,"href":"https:\/\/vapingnet.de\/sk\/wp-json\/wp\/v2\/etheme_brands?post=5093"},{"taxonomy":"product_brand","embeddable":true,"href":"https:\/\/vapingnet.de\/sk\/wp-json\/wp\/v2\/product_brand?post=5093"},{"taxonomy":"product_cat","embeddable":true,"href":"https:\/\/vapingnet.de\/sk\/wp-json\/wp\/v2\/product_cat?post=5093"},{"taxonomy":"product_tag","embeddable":true,"href":"https:\/\/vapingnet.de\/sk\/wp-json\/wp\/v2\/product_tag?post=5093"}],"curies":[{"name":"wp","href":"https:\/\/api.w.org\/{rel}","templated":true}]}}